{"id":43457,"date":"2025-07-21T15:28:02","date_gmt":"2025-07-21T13:28:02","guid":{"rendered":"https:\/\/jugendfilmtage.ch\/?page_id=43457"},"modified":"2025-08-07T11:24:11","modified_gmt":"2025-08-07T09:24:11","slug":"impressum","status":"publish","type":"page","link":"https:\/\/jugendfilmtage.ch\/it\/impressum\/","title":{"rendered":"Impressum"},"content":{"rendered":"\n<h1 class=\"wp-block-heading\">Impressum <\/h1>\n\n\n\n<h2 class=\"wp-block-heading\">Editori<\/h2>\n\n\n\n<p>Jo Bahdo e Valentina Romero (Co-direzione)<br>Weststrasse 182<br>8003 Z\u00fcrich<br><a href=\"mailto:leitung@jugendfilmtage.ch\">leitung@jugendfilmtage.ch<\/a><br>Tel.: 077 520 30 39<\/p>\n\n\n\n<p>Der Verein Schweizer Jugendfilmtage, mit Sitz in Z\u00fcrich, ist mit Verf\u00fcgung des Kantonalen Steueramtes Z\u00fcrich, gest\u00fctzt auf \u00a7 61 lit. f StG und Art. 56 lit. g DBG, wegen Verfolgung gemeinn\u00fctziger Zwecke von der Staatssteuer und den allgemeinen Gemeindesteuern sowie der direkten Bundessteuer befreit.<\/p>\n\n\n\n<p>\u00a9 Schweizer Jugendfilmtage 2025<\/p>\n\n\n\n<h3 class=\"wp-block-heading\">Fotogramma<\/h3>\n\n\n\n<p>MIAU MIAU<br>(Lina Wegmann, CH 2024)<\/p>\n\n\n\n<h3 class=\"wp-block-heading\">Grafica<\/h3>\n\n\n\n<p><a href=\"https:\/\/www.buerohaeberli.ch\/\" target=\"_blank\" rel=\"noopener\">B\u00fcro Haeberli<\/a>, Z\u00fcrich<\/p>\n\n\n\n<h3 class=\"wp-block-heading\">Website<\/h3>\n\n\n\n<p><a href=\"https:\/\/www.metoki.ch\">Metoki GmbH<\/a>, Z\u00fcrich<\/p>\n\n\n\n<h3 class=\"wp-block-heading\">Traduzione<\/h3>\n\n\n\n<p>Lia Lambert (Francese) e Serena Neuenschwander (Italiano)<\/p>\n\n\n\n<h3 class=\"wp-block-heading\">Tipografia<\/h3>\n\n\n\n<p>DAZ &#8211; Druckerei Albisrieden AG<\/p>\n\n\n\n<p><\/p>\n","protected":false},"excerpt":{"rendered":"<p>Impressum Editori Jo Bahdo e Valentina Romero (Co-direzione)Weststrasse 1828003 Z\u00fcrichleitung@jugendfilmtage.chTel.: 077 520 30 39 Der Verein Schweizer Jugendfilmtage, mit Sitz in Z\u00fcrich, ist mit Verf\u00fcgung des Kantonalen Steueramtes Z\u00fcrich, gest\u00fctzt auf \u00a7 61 lit. f StG und Art. 56 lit. g DBG, wegen Verfolgung gemeinn\u00fctziger Zwecke von der Staatssteuer und den allgemeinen Gemeindesteuern sowie der [&hellip;]<\/p>\n","protected":false},"author":14,"featured_media":0,"parent":0,"menu_order":16,"comment_status":"open","ping_status":"open","template":"","meta":{"_acf_changed":false,"footnotes":""},"class_list":["post-43457","page","type-page","status-publish","hentry"],"acf":[],"yoast_head":"<!-- This site is optimized with the Yoast SEO plugin v27.4 - https:\/\/yoast.com\/product\/yoast-seo-wordpress\/ -->\n<title>Impressum - Schweizer Jugendfilmtage<\/title>\n<meta name=\"description\" content=\"Impressum Editori Jo Bahdo e Valentina Romero (Co-direzione)Weststrasse 1828003 Z\u00fcrichleitung@jugendfilmtage.chTel.: 077 520 30 39 Der Verein Schweizer\" \/>\n<meta name=\"robots\" content=\"index, follow, max-snippet:-1, max-image-preview:large, max-video-preview:-1\" \/>\n<link rel=\"canonical\" href=\"https:\/\/jugendfilmtage.ch\/it\/impressum\/\" \/>\n<meta property=\"og:locale\" content=\"it_IT\" \/>\n<meta property=\"og:type\" content=\"article\" \/>\n<meta property=\"og:title\" content=\"Impressum - Schweizer Jugendfilmtage\" \/>\n<meta property=\"og:description\" content=\"Impressum Editori Jo Bahdo e Valentina Romero (Co-direzione)Weststrasse 1828003 Z\u00fcrichleitung@jugendfilmtage.chTel.: 077 520 30 39 Der Verein Schweizer\" \/>\n<meta property=\"og:url\" content=\"https:\/\/jugendfilmtage.ch\/it\/impressum\/\" \/>\n<meta property=\"og:site_name\" content=\"Schweizer Jugendfilmtage\" \/>\n<meta property=\"article:publisher\" content=\"https:\/\/www.facebook.com\/Jugendfilmtage\" \/>\n<meta property=\"article:modified_time\" content=\"2025-08-07T09:24:11+00:00\" \/>\n<meta name=\"twitter:card\" content=\"summary_large_image\" \/>\n<meta name=\"twitter:site\" content=\"@jugendfilmtage\" \/>\n<meta name=\"twitter:label1\" content=\"Tempo di lettura stimato\" \/>\n\t<meta name=\"twitter:data1\" content=\"1 minuto\" \/>\n<script type=\"application\/ld+json\" class=\"yoast-schema-graph\">{\"@context\":\"https:\\\/\\\/schema.org\",\"@graph\":[{\"@type\":\"WebPage\",\"@id\":\"https:\\\/\\\/jugendfilmtage.ch\\\/it\\\/impressum\\\/\",\"url\":\"https:\\\/\\\/jugendfilmtage.ch\\\/it\\\/impressum\\\/\",\"name\":\"Impressum - Schweizer Jugendfilmtage\",\"isPartOf\":{\"@id\":\"https:\\\/\\\/jugendfilmtage.ch\\\/it\\\/#website\"},\"datePublished\":\"2025-07-21T13:28:02+00:00\",\"dateModified\":\"2025-08-07T09:24:11+00:00\",\"description\":\"Impressum Editori Jo Bahdo e Valentina Romero (Co-direzione)Weststrasse 1828003 Z\u00fcrichleitung@jugendfilmtage.chTel.: 077 520 30 39 Der Verein Schweizer\",\"inLanguage\":\"it-IT\",\"potentialAction\":[{\"@type\":\"ReadAction\",\"target\":[\"https:\\\/\\\/jugendfilmtage.ch\\\/it\\\/impressum\\\/\"]}]},{\"@type\":\"WebSite\",\"@id\":\"https:\\\/\\\/jugendfilmtage.ch\\\/it\\\/#website\",\"url\":\"https:\\\/\\\/jugendfilmtage.ch\\\/it\\\/\",\"name\":\"Schweizer Jugendfilmtage\",\"description\":\"Festival Cin\u00e9 Jeunesse Suisse\",\"potentialAction\":[{\"@type\":\"SearchAction\",\"target\":{\"@type\":\"EntryPoint\",\"urlTemplate\":\"https:\\\/\\\/jugendfilmtage.ch\\\/it\\\/?s={search_term_string}\"},\"query-input\":{\"@type\":\"PropertyValueSpecification\",\"valueRequired\":true,\"valueName\":\"search_term_string\"}}],\"inLanguage\":\"it-IT\"}]}<\/script>\n<!-- \/ Yoast SEO plugin. -->","yoast_head_json":{"title":"Impressum - Schweizer Jugendfilmtage","description":"Impressum Editori Jo Bahdo e Valentina Romero (Co-direzione)Weststrasse 1828003 Z\u00fcrichleitung@jugendfilmtage.chTel.: 077 520 30 39 Der Verein Schweizer","robots":{"index":"index","follow":"follow","max-snippet":"max-snippet:-1","max-image-preview":"max-image-preview:large","max-video-preview":"max-video-preview:-1"},"canonical":"https:\/\/jugendfilmtage.ch\/it\/impressum\/","og_locale":"it_IT","og_type":"article","og_title":"Impressum - Schweizer Jugendfilmtage","og_description":"Impressum Editori Jo Bahdo e Valentina Romero (Co-direzione)Weststrasse 1828003 Z\u00fcrichleitung@jugendfilmtage.chTel.: 077 520 30 39 Der Verein Schweizer","og_url":"https:\/\/jugendfilmtage.ch\/it\/impressum\/","og_site_name":"Schweizer Jugendfilmtage","article_publisher":"https:\/\/www.facebook.com\/Jugendfilmtage","article_modified_time":"2025-08-07T09:24:11+00:00","twitter_card":"summary_large_image","twitter_site":"@jugendfilmtage","twitter_misc":{"Tempo di lettura stimato":"1 minuto"},"schema":{"@context":"https:\/\/schema.org","@graph":[{"@type":"WebPage","@id":"https:\/\/jugendfilmtage.ch\/it\/impressum\/","url":"https:\/\/jugendfilmtage.ch\/it\/impressum\/","name":"Impressum - Schweizer Jugendfilmtage","isPartOf":{"@id":"https:\/\/jugendfilmtage.ch\/it\/#website"},"datePublished":"2025-07-21T13:28:02+00:00","dateModified":"2025-08-07T09:24:11+00:00","description":"Impressum Editori Jo Bahdo e Valentina Romero (Co-direzione)Weststrasse 1828003 Z\u00fcrichleitung@jugendfilmtage.chTel.: 077 520 30 39 Der Verein Schweizer","inLanguage":"it-IT","potentialAction":[{"@type":"ReadAction","target":["https:\/\/jugendfilmtage.ch\/it\/impressum\/"]}]},{"@type":"WebSite","@id":"https:\/\/jugendfilmtage.ch\/it\/#website","url":"https:\/\/jugendfilmtage.ch\/it\/","name":"Schweizer Jugendfilmtage","description":"Festival Cin\u00e9 Jeunesse Suisse","potentialAction":[{"@type":"SearchAction","target":{"@type":"EntryPoint","urlTemplate":"https:\/\/jugendfilmtage.ch\/it\/?s={search_term_string}"},"query-input":{"@type":"PropertyValueSpecification","valueRequired":true,"valueName":"search_term_string"}}],"inLanguage":"it-IT"}]}},"_links":{"self":[{"href":"https:\/\/jugendfilmtage.ch\/it\/wp-json\/wp\/v2\/pages\/43457","targetHints":{"allow":["GET"]}}],"collection":[{"href":"https:\/\/jugendfilmtage.ch\/it\/wp-json\/wp\/v2\/pages"}],"about":[{"href":"https:\/\/jugendfilmtage.ch\/it\/wp-json\/wp\/v2\/types\/page"}],"author":[{"embeddable":true,"href":"https:\/\/jugendfilmtage.ch\/it\/wp-json\/wp\/v2\/users\/14"}],"replies":[{"embeddable":true,"href":"https:\/\/jugendfilmtage.ch\/it\/wp-json\/wp\/v2\/comments?post=43457"}],"version-history":[{"count":2,"href":"https:\/\/jugendfilmtage.ch\/it\/wp-json\/wp\/v2\/pages\/43457\/revisions"}],"predecessor-version":[{"id":47602,"href":"https:\/\/jugendfilmtage.ch\/it\/wp-json\/wp\/v2\/pages\/43457\/revisions\/47602"}],"wp:attachment":[{"href":"https:\/\/jugendfilmtage.ch\/it\/wp-json\/wp\/v2\/media?parent=43457"}],"curies":[{"name":"wp","href":"https:\/\/api.w.org\/{rel}","templated":true}]}}