{"id":43433,"date":"2025-07-21T15:03:40","date_gmt":"2025-07-21T13:03:40","guid":{"rendered":"https:\/\/jugendfilmtage.ch\/?page_id=43433"},"modified":"2025-08-07T11:01:07","modified_gmt":"2025-08-07T09:01:07","slug":"faq-film-coaching","status":"publish","type":"page","link":"https:\/\/jugendfilmtage.ch\/it\/film-coaching\/faq-film-coaching\/","title":{"rendered":"FAQ Film Coaching"},"content":{"rendered":"\n<figure class=\"wp-block-image size-full\"><img loading=\"lazy\" decoding=\"async\" width=\"800\" height=\"450\" src=\"https:\/\/jugendfilmtage.ch\/wp-content\/uploads\/2024\/06\/jft-gallery-C28A1079-800x533-1-edited.jpg\" alt=\"Sch\u00fclerinnen und Sch\u00fcler an einem Filmworkshop\" class=\"wp-image-25727\" srcset=\"https:\/\/jugendfilmtage.ch\/wp-content\/uploads\/2024\/06\/jft-gallery-C28A1079-800x533-1-edited.jpg 800w, https:\/\/jugendfilmtage.ch\/wp-content\/uploads\/2024\/06\/jft-gallery-C28A1079-800x533-1-edited-300x169.jpg 300w, https:\/\/jugendfilmtage.ch\/wp-content\/uploads\/2024\/06\/jft-gallery-C28A1079-800x533-1-edited-768x432.jpg 768w\" sizes=\"auto, (max-width: 800px) 100vw, 800px\" \/><\/figure>\n\n\n\n<h1 class=\"wp-block-heading\">FAQ Film Coaching<\/h1>\n\n\n\n<p>Qui trovate risposta alle domande pi\u00f9 frequenti riguardanti il <a href=\"https:\/\/jugendfilmtage.ch\/it\/film-coaching\/\">film coaching<\/a>.\u00a0<\/p>\n\n\n<style>.kb-table-of-content-nav.kb-table-of-content-id43433_aada1e-bc .kb-table-of-content-wrap{padding-top:var(--global-kb-spacing-sm, 1.5rem);padding-right:var(--global-kb-spacing-sm, 1.5rem);padding-bottom:var(--global-kb-spacing-sm, 1.5rem);padding-left:var(--global-kb-spacing-sm, 1.5rem);}.kb-table-of-content-nav.kb-table-of-content-id43433_aada1e-bc .kb-table-of-contents-title-wrap{padding-top:0px;padding-right:0px;padding-bottom:0px;padding-left:0px;}.kb-table-of-content-nav.kb-table-of-content-id43433_aada1e-bc .kb-table-of-contents-title{font-weight:regular;font-style:normal;}.kb-table-of-content-nav.kb-table-of-content-id43433_aada1e-bc .kb-table-of-content-wrap .kb-table-of-content-list{font-weight:regular;font-style:normal;margin-top:var(--global-kb-spacing-sm, 1.5rem);margin-right:0px;margin-bottom:0px;margin-left:0px;}<\/style>\n\n\n<h2 class=\"wp-block-heading\">Per responsabili di gruppi giovanili e docenti<\/h2>\n\n\n\n<h3 class=\"wp-block-heading\">Perch\u00e9 partecipare al Film Coaching?&nbsp;<\/h3>\n\n\n\n<p>La giovent\u00f9 \u00e8 interessata al mondo del cinema e ai temi che gli ruotano intorno. Grazie al Film Coaching potete offrire al vostro gruppo o alla vostra classe un accesso pedagogico e ben seguito allo strumento film. Inoltre, potete tematizzare un argomento a vostra scelta e aiutare il gruppo a sviluppare un\u2019opinione in merito.<\/p>\n\n\n\n<p>Il vostro film potrebbe poi essere selezionato per partecipare al concorso del Festival del Cinema Giovane Svizzero. In questo caso il gruppo o la classe di cui siete responsabili potr\u00e0 vedere il frutto del proprio lavoro proiettato sul grande schermo \u2013 un\u2019esperienza unica! Questo obbiettivo aiuta a coesione all\u2019interno del gruppo di giovani neo cineast\u0259.<\/p>\n\n\n\n<h3 class=\"wp-block-heading\">Le giornate di coaching bastano a produrre un film?\u00a0<\/h3>\n\n\n\n<p>No \u2013 il tempo messo a disposizione del Festival insieme a un coach non basta a produrre un cortometraggio dall\u2019inizio alla fine. Con la vostra classe o gruppo dovrete lavorare indipendentemente, prima, durante e dopo il coaching. Per questo lavoro dovete calcolare in totale almeno un\u2019intera settimana di lavoro. Fare un film non \u00e8 difficile, ma richiede tempo! La nostra esperienza \u00e8 che i giovani partecipanti sono spesso molto motivat\u0259 e lavorano al progetto volentieri anche nel loro tempo libero. Finora ogni gruppo che ha beneficiato del coaching \u00e8 riuscito a terminare il progetto con successo!<\/p>\n\n\n\n<h3 class=\"wp-block-heading\">Come mai il coaching \u00e8 gratuito?<\/h3>\n\n\n\n<p>Per noi \u00e8 di vitale importanza che la giovent\u00f9 venga a contatto con il cinema e la creazione di film. Per questo motivo ci impegniamo nel raccogliere fondi che permettano a questa iniziativa di essere finanziata e dunque accessibile. Riceviamo donazioni da diverse fondazioni, da persone private, cos\u00ec come dallo Stato.\u00a0<\/p>\n\n\n\n<p>Se desideraste o necessitaste di maggior sostegno finanziario, siete liberi di cercare ulteriori finanziamenti e potreste per esempio fare richiesta nel Comune in cui vi trovate.&nbsp;<\/p>\n\n\n\n<h3 class=\"wp-block-heading\">\u00c8 necessario che io discuta il tema cinema ulteriormente all\u2019interno del mio gruppo?&nbsp;<\/h3>\n\n\n\n<p>Per capire il mondo che ruota intorno al film serve un\u2019infarinatura teorica, oltre che l\u2019esperienza pratica. Potreste per esempio integrare delle lezioni sull\u2019analisi cinematografica, sullo sviluppo di una storia e su come un film arriva al pubblico. Film e video sono il medium principale dell\u2019epoca in cui viviamo. Imparare a guardare un film e interpretarlo \u00e8 tanto importante quanto imparare a leggere un libro.<\/p>\n\n\n\n<h2 class=\"wp-block-heading\">Per giovani<\/h2>\n\n\n\n<h3 class=\"wp-block-heading\">Siamo in due. Siamo gi\u00e0 un gruppo?&nbsp;<\/h3>\n\n\n\n<p>La nostra iniziativa \u00e8 aperta a gruppi di giovani di almeno tre persone. Pensate al fatto che per fare un film servono persone che si occupino della musica, dei costumi, del suono, della recitazione e cos\u00ec via. Una decina di persone \u00e8 un buon numero con cui lanciarsi in un progetto di questo genere!<\/p>\n\n\n\n<h3 class=\"wp-block-heading\">Ho gi\u00e0 fatto un film \u2013 posso comunque approfittare del Film Coaching?&nbsp;<\/h3>\n\n\n\n<p>Certamente! Attraverso il nostro coaching riceverai sostegno e consigli da professionist\u0259. Chi ti aiuter\u00e0 ha una grande eseprienza alle spalle e potr\u00e0 rispondere anche a domande e dubbi specifici.<\/p>\n\n\n\n<h3 class=\"wp-block-heading\">Possiamo usare musica di gruppi e musicist\u0259 famos\u0259?<\/h3>\n\n\n\n<p>Normalmente non potete fare uso di musica di gruppi o musicist\u0259 senza che quest\u0259 vi abbiano dato il permesso. Dovreste fare richiesta alla casa discografica a cui appartiene la musica che vi interessa e pagarne i diritti. Questo vale anche nel caso in cui voleste scaricare la musica da internet. Avete per\u00f2 diverse alternative a disposizione:\u00a0<\/p>\n\n\n\n<ul class=\"wp-block-list\">\n<li>Fare voi stessi la vostra musica\u00a0<\/li>\n\n\n\n<li>Chiedere a un gruppo oppure a musicist\u0259 locali<\/li>\n\n\n\n<li>Cercare in internet musica che \u00e8 prodotta con una Licenza Creative Commons \u2013 musica perci\u00f2 a disposizione di chiunque, gratuitamemnte (ad esempio potete cercare su Jamendo)<\/li>\n<\/ul>\n\n\n\n<h3 class=\"wp-block-heading\">Alla fine a chi appartiene il film?<\/h3>\n\n\n\n<p>Il Film appartiene a voi! Una volta avvenuta la prima mondiale, al Festival del Cinema Giovane Svizzero, potrete fare uso liberamente del vostro film. Il Festival del Cinema Giovane Svizzero si riserva i seguenti diritti.<\/p>\n\n\n\n<ul class=\"wp-block-list\">\n<li>Diritto a mostrare il film in prima mondiale. Vi preghiamo di non pubblicare il film su internet (ad esempio su Youtube) senza averne prima parlato con noi.\u00a0<\/li>\n\n\n\n<li>Diritto a pubblicare il vostro film sul canale Youtube del Festival del Cinema Giovane Svizzero<\/li>\n<\/ul>\n\n\n\n<p><\/p>\n","protected":false},"excerpt":{"rendered":"<p>FAQ Film Coaching Qui trovate risposta alle domande pi\u00f9 frequenti riguardanti il film coaching.\u00a0 Per responsabili di gruppi giovanili e docenti Perch\u00e9 partecipare al Film Coaching?&nbsp; La giovent\u00f9 \u00e8 interessata al mondo del cinema e ai temi che gli ruotano intorno. Grazie al Film Coaching potete offrire al vostro gruppo o alla vostra classe un [&hellip;]<\/p>\n","protected":false},"author":14,"featured_media":0,"parent":43291,"menu_order":0,"comment_status":"closed","ping_status":"closed","template":"","meta":{"_acf_changed":false,"footnotes":""},"class_list":["post-43433","page","type-page","status-publish","hentry"],"acf":[],"yoast_head":"<!-- This site is optimized with the Yoast SEO plugin v27.6 - https:\/\/yoast.com\/product\/yoast-seo-wordpress\/ -->\n<title>FAQ Film Coaching - Schweizer Jugendfilmtage<\/title>\n<meta name=\"description\" content=\"FAQ Film Coaching Qui trovate risposta alle domande pi\u00f9 frequenti riguardanti il film coaching.\u00a0 Per responsabili di gruppi giovanili e docenti Perch\u00e9\" \/>\n<meta name=\"robots\" content=\"index, follow, max-snippet:-1, max-image-preview:large, max-video-preview:-1\" \/>\n<link rel=\"canonical\" href=\"https:\/\/jugendfilmtage.ch\/it\/film-coaching\/faq-film-coaching\/\" \/>\n<meta property=\"og:locale\" content=\"it_IT\" \/>\n<meta property=\"og:type\" content=\"article\" \/>\n<meta property=\"og:title\" content=\"FAQ Film Coaching - Schweizer Jugendfilmtage\" \/>\n<meta property=\"og:description\" content=\"FAQ Film Coaching Qui trovate risposta alle domande pi\u00f9 frequenti riguardanti il film coaching.\u00a0 Per responsabili di gruppi giovanili e docenti Perch\u00e9\" \/>\n<meta property=\"og:url\" content=\"https:\/\/jugendfilmtage.ch\/it\/film-coaching\/faq-film-coaching\/\" \/>\n<meta property=\"og:site_name\" content=\"Schweizer Jugendfilmtage\" \/>\n<meta property=\"article:publisher\" content=\"https:\/\/www.facebook.com\/Jugendfilmtage\" \/>\n<meta property=\"article:modified_time\" content=\"2025-08-07T09:01:07+00:00\" \/>\n<meta property=\"og:image\" content=\"https:\/\/jugendfilmtage.ch\/wp-content\/uploads\/2024\/06\/jft-gallery-C28A1079-800x533-1-edited.jpg\" \/>\n\t<meta property=\"og:image:width\" content=\"800\" \/>\n\t<meta property=\"og:image:height\" content=\"450\" \/>\n\t<meta property=\"og:image:type\" content=\"image\/jpeg\" \/>\n<meta name=\"twitter:card\" content=\"summary_large_image\" \/>\n<meta name=\"twitter:site\" content=\"@jugendfilmtage\" \/>\n<meta name=\"twitter:label1\" content=\"Tempo di lettura stimato\" \/>\n\t<meta name=\"twitter:data1\" content=\"5 minuti\" \/>\n<script type=\"application\/ld+json\" class=\"yoast-schema-graph\">{\"@context\":\"https:\\\/\\\/schema.org\",\"@graph\":[{\"@type\":\"WebPage\",\"@id\":\"https:\\\/\\\/jugendfilmtage.ch\\\/it\\\/film-coaching\\\/faq-film-coaching\\\/\",\"url\":\"https:\\\/\\\/jugendfilmtage.ch\\\/it\\\/film-coaching\\\/faq-film-coaching\\\/\",\"name\":\"FAQ Film Coaching - Schweizer Jugendfilmtage\",\"isPartOf\":{\"@id\":\"https:\\\/\\\/jugendfilmtage.ch\\\/it\\\/#website\"},\"primaryImageOfPage\":{\"@id\":\"https:\\\/\\\/jugendfilmtage.ch\\\/it\\\/film-coaching\\\/faq-film-coaching\\\/#primaryimage\"},\"image\":{\"@id\":\"https:\\\/\\\/jugendfilmtage.ch\\\/it\\\/film-coaching\\\/faq-film-coaching\\\/#primaryimage\"},\"thumbnailUrl\":\"https:\\\/\\\/jugendfilmtage.ch\\\/wp-content\\\/uploads\\\/2024\\\/06\\\/jft-gallery-C28A1079-800x533-1-edited.jpg\",\"datePublished\":\"2025-07-21T13:03:40+00:00\",\"dateModified\":\"2025-08-07T09:01:07+00:00\",\"description\":\"FAQ Film Coaching Qui trovate risposta alle domande pi\u00f9 frequenti riguardanti il film coaching.\u00a0 Per responsabili di gruppi giovanili e docenti Perch\u00e9\",\"breadcrumb\":{\"@id\":\"https:\\\/\\\/jugendfilmtage.ch\\\/it\\\/film-coaching\\\/faq-film-coaching\\\/#breadcrumb\"},\"inLanguage\":\"it-IT\",\"potentialAction\":[{\"@type\":\"ReadAction\",\"target\":[\"https:\\\/\\\/jugendfilmtage.ch\\\/it\\\/film-coaching\\\/faq-film-coaching\\\/\"]}]},{\"@type\":\"ImageObject\",\"inLanguage\":\"it-IT\",\"@id\":\"https:\\\/\\\/jugendfilmtage.ch\\\/it\\\/film-coaching\\\/faq-film-coaching\\\/#primaryimage\",\"url\":\"https:\\\/\\\/jugendfilmtage.ch\\\/wp-content\\\/uploads\\\/2024\\\/06\\\/jft-gallery-C28A1079-800x533-1-edited.jpg\",\"contentUrl\":\"https:\\\/\\\/jugendfilmtage.ch\\\/wp-content\\\/uploads\\\/2024\\\/06\\\/jft-gallery-C28A1079-800x533-1-edited.jpg\"},{\"@type\":\"BreadcrumbList\",\"@id\":\"https:\\\/\\\/jugendfilmtage.ch\\\/it\\\/film-coaching\\\/faq-film-coaching\\\/#breadcrumb\",\"itemListElement\":[{\"@type\":\"ListItem\",\"position\":1,\"name\":\"Film Coaching\",\"item\":\"https:\\\/\\\/jugendfilmtage.ch\\\/it\\\/film-coaching\\\/\"},{\"@type\":\"ListItem\",\"position\":2,\"name\":\"FAQ Film Coaching\"}]},{\"@type\":\"WebSite\",\"@id\":\"https:\\\/\\\/jugendfilmtage.ch\\\/it\\\/#website\",\"url\":\"https:\\\/\\\/jugendfilmtage.ch\\\/it\\\/\",\"name\":\"Schweizer Jugendfilmtage\",\"description\":\"Festival Cin\u00e9 Jeunesse Suisse\",\"potentialAction\":[{\"@type\":\"SearchAction\",\"target\":{\"@type\":\"EntryPoint\",\"urlTemplate\":\"https:\\\/\\\/jugendfilmtage.ch\\\/it\\\/?s={search_term_string}\"},\"query-input\":{\"@type\":\"PropertyValueSpecification\",\"valueRequired\":true,\"valueName\":\"search_term_string\"}}],\"inLanguage\":\"it-IT\"}]}<\/script>\n<!-- \/ Yoast SEO plugin. -->","yoast_head_json":{"title":"FAQ Film Coaching - Schweizer Jugendfilmtage","description":"FAQ Film Coaching Qui trovate risposta alle domande pi\u00f9 frequenti riguardanti il film coaching.\u00a0 Per responsabili di gruppi giovanili e docenti Perch\u00e9","robots":{"index":"index","follow":"follow","max-snippet":"max-snippet:-1","max-image-preview":"max-image-preview:large","max-video-preview":"max-video-preview:-1"},"canonical":"https:\/\/jugendfilmtage.ch\/it\/film-coaching\/faq-film-coaching\/","og_locale":"it_IT","og_type":"article","og_title":"FAQ Film Coaching - Schweizer Jugendfilmtage","og_description":"FAQ Film Coaching Qui trovate risposta alle domande pi\u00f9 frequenti riguardanti il film coaching.\u00a0 Per responsabili di gruppi giovanili e docenti Perch\u00e9","og_url":"https:\/\/jugendfilmtage.ch\/it\/film-coaching\/faq-film-coaching\/","og_site_name":"Schweizer Jugendfilmtage","article_publisher":"https:\/\/www.facebook.com\/Jugendfilmtage","article_modified_time":"2025-08-07T09:01:07+00:00","og_image":[{"width":800,"height":450,"url":"https:\/\/jugendfilmtage.ch\/wp-content\/uploads\/2024\/06\/jft-gallery-C28A1079-800x533-1-edited.jpg","type":"image\/jpeg"}],"twitter_card":"summary_large_image","twitter_site":"@jugendfilmtage","twitter_misc":{"Tempo di lettura stimato":"5 minuti"},"schema":{"@context":"https:\/\/schema.org","@graph":[{"@type":"WebPage","@id":"https:\/\/jugendfilmtage.ch\/it\/film-coaching\/faq-film-coaching\/","url":"https:\/\/jugendfilmtage.ch\/it\/film-coaching\/faq-film-coaching\/","name":"FAQ Film Coaching - Schweizer Jugendfilmtage","isPartOf":{"@id":"https:\/\/jugendfilmtage.ch\/it\/#website"},"primaryImageOfPage":{"@id":"https:\/\/jugendfilmtage.ch\/it\/film-coaching\/faq-film-coaching\/#primaryimage"},"image":{"@id":"https:\/\/jugendfilmtage.ch\/it\/film-coaching\/faq-film-coaching\/#primaryimage"},"thumbnailUrl":"https:\/\/jugendfilmtage.ch\/wp-content\/uploads\/2024\/06\/jft-gallery-C28A1079-800x533-1-edited.jpg","datePublished":"2025-07-21T13:03:40+00:00","dateModified":"2025-08-07T09:01:07+00:00","description":"FAQ Film Coaching Qui trovate risposta alle domande pi\u00f9 frequenti riguardanti il film coaching.\u00a0 Per responsabili di gruppi giovanili e docenti Perch\u00e9","breadcrumb":{"@id":"https:\/\/jugendfilmtage.ch\/it\/film-coaching\/faq-film-coaching\/#breadcrumb"},"inLanguage":"it-IT","potentialAction":[{"@type":"ReadAction","target":["https:\/\/jugendfilmtage.ch\/it\/film-coaching\/faq-film-coaching\/"]}]},{"@type":"ImageObject","inLanguage":"it-IT","@id":"https:\/\/jugendfilmtage.ch\/it\/film-coaching\/faq-film-coaching\/#primaryimage","url":"https:\/\/jugendfilmtage.ch\/wp-content\/uploads\/2024\/06\/jft-gallery-C28A1079-800x533-1-edited.jpg","contentUrl":"https:\/\/jugendfilmtage.ch\/wp-content\/uploads\/2024\/06\/jft-gallery-C28A1079-800x533-1-edited.jpg"},{"@type":"BreadcrumbList","@id":"https:\/\/jugendfilmtage.ch\/it\/film-coaching\/faq-film-coaching\/#breadcrumb","itemListElement":[{"@type":"ListItem","position":1,"name":"Film Coaching","item":"https:\/\/jugendfilmtage.ch\/it\/film-coaching\/"},{"@type":"ListItem","position":2,"name":"FAQ Film Coaching"}]},{"@type":"WebSite","@id":"https:\/\/jugendfilmtage.ch\/it\/#website","url":"https:\/\/jugendfilmtage.ch\/it\/","name":"Schweizer Jugendfilmtage","description":"Festival Cin\u00e9 Jeunesse Suisse","potentialAction":[{"@type":"SearchAction","target":{"@type":"EntryPoint","urlTemplate":"https:\/\/jugendfilmtage.ch\/it\/?s={search_term_string}"},"query-input":{"@type":"PropertyValueSpecification","valueRequired":true,"valueName":"search_term_string"}}],"inLanguage":"it-IT"}]}},"_links":{"self":[{"href":"https:\/\/jugendfilmtage.ch\/it\/wp-json\/wp\/v2\/pages\/43433","targetHints":{"allow":["GET"]}}],"collection":[{"href":"https:\/\/jugendfilmtage.ch\/it\/wp-json\/wp\/v2\/pages"}],"about":[{"href":"https:\/\/jugendfilmtage.ch\/it\/wp-json\/wp\/v2\/types\/page"}],"author":[{"embeddable":true,"href":"https:\/\/jugendfilmtage.ch\/it\/wp-json\/wp\/v2\/users\/14"}],"replies":[{"embeddable":true,"href":"https:\/\/jugendfilmtage.ch\/it\/wp-json\/wp\/v2\/comments?post=43433"}],"version-history":[{"count":2,"href":"https:\/\/jugendfilmtage.ch\/it\/wp-json\/wp\/v2\/pages\/43433\/revisions"}],"predecessor-version":[{"id":47592,"href":"https:\/\/jugendfilmtage.ch\/it\/wp-json\/wp\/v2\/pages\/43433\/revisions\/47592"}],"up":[{"embeddable":true,"href":"https:\/\/jugendfilmtage.ch\/it\/wp-json\/wp\/v2\/pages\/43291"}],"wp:attachment":[{"href":"https:\/\/jugendfilmtage.ch\/it\/wp-json\/wp\/v2\/media?parent=43433"}],"curies":[{"name":"wp","href":"https:\/\/api.w.org\/{rel}","templated":true}]}}