{"id":43397,"date":"2025-07-24T07:37:33","date_gmt":"2025-07-24T05:37:33","guid":{"rendered":"https:\/\/jugendfilmtage.ch\/?page_id=43397"},"modified":"2026-02-18T10:01:19","modified_gmt":"2026-02-18T09:01:19","slug":"home","status":"publish","type":"page","link":"https:\/\/jugendfilmtage.ch\/it\/","title":{"rendered":"Home"},"content":{"rendered":"<p>50 edizioni dedicate ai giovani talenti del cinema: aiutaci a continuare con la tua donazione. <strong><a href=\"https:\/\/donate.raisenow.io\/tsmpz?analytics.channel=button\">Dona ora!<\/a><\/strong><\/p>\n\n<figure class=\"wp-block-image size-full\"><img decoding=\"async\" src=\"https:\/\/jugendfilmtage.ch\/wp-content\/uploads\/2025\/07\/jft-2026-datum-IT.svg\" class=\"wp-image-43549\"><\/figure>\n\nPrendi parte al pi\u00f9 grande film festival svizzero per giovani!\n\n<div class=\"wp-block-buttons is-layout-flex wp-block-buttons-is-layout-flex\"><div class=\"wp-block-button\"><a class=\"wp-block-button__link\">Prenota i tuoi biglietti<\/a><\/div><\/div>\n\n<figure class=\"wp-block-image size-full\"><img decoding=\"async\" src=\"https:\/\/jugendfilmtage.ch\/wp-content\/uploads\/2023\/12\/tiger.svg\" class=\"wp-image-45718\"><\/figure>\n\n<p>Il Festival del Cinema Giovane Svizzero \u00e8 il pi\u00f9 grande festival a livello nazionale nel quale vengono mostrati film di giovan\u0259 cineast\u0259. Il cuore del Festival \u00e8 il concorso per cortometraggi. Suddiviso in cinque categorie, il concorso da spazio a produzioni di gruppi scolastici, di gruppi giovanili, di giovan\u0259 cineast\u0259 indipendent\u0259 e a student\u0259 di cinema. Ogni anno pi\u00f9 di 3\u2019000 giovani partecipano e danno vita al Festival.\u00a0<\/p>\n\n<h2 class=\"wp-block-heading\">Far parte del Festival<\/h2>\n\n<p>Ecco come partecipare al Festival del Cinema Giovane Svizzero.<\/p>\n\n<h2 class=\"wp-block-heading\">Novit\u00e0<\/h2>\n\n<p>Qui troverete informazioni attuali sul festival e sulle nostre offerte durante tutto l&#8217;anno.<\/p>\n\n{post_date}\n\n<h3 class=\"wp-block-heading\">{post_title}<\/h3>\n\n<p>(post_content)<\/p>\n\n<figure class=\"wp-block-image size-large\"><img decoding=\"async\" src=\"https:\/\/jugendfilmtage.ch\/wp-content\/uploads\/2024\/11\/Key-Visual-e1732529493244.png\" class=\"wp-image-74343\"><\/figure>\n\n<h2 class=\"wp-block-heading\">Attivit\u00e0 oltre al Festival<\/h2>\n\n<p>Potete approfittare delle seguenti offerte durante tutto l&#8217;anno.<\/p>\n\n<figure class=\"wp-block-image size-full\"><a ><img decoding=\"async\" src=\"https:\/\/jugendfilmtage.ch\/wp-content\/uploads\/2024\/02\/hauptsponsoring-zuercher-kantonalbank-w800.png\" class=\"wp-image-46034\"><\/a><\/figure>\n\n<figure class=\"wp-block-video\"><video autoplay loop src=\"\"><\/video><\/figure>","protected":false},"excerpt":{"rendered":"<p>50 edizioni dedicate ai giovani talenti del cinema: aiutaci a continuare con la tua donazione. Dona ora! Prendi parte al pi\u00f9 grande film festival svizzero per giovani! Il Festival del Cinema Giovane Svizzero \u00e8 il pi\u00f9 grande festival a livello nazionale nel quale vengono mostrati film di giovan\u0259 cineast\u0259. Il cuore del Festival \u00e8 il [&hellip;]<\/p>\n","protected":false},"author":14,"featured_media":75047,"parent":0,"menu_order":0,"comment_status":"closed","ping_status":"closed","template":"","meta":{"_acf_changed":false,"footnotes":""},"class_list":["post-43397","page","type-page","status-publish","has-post-thumbnail","hentry"],"acf":[],"yoast_head":"<!-- This site is optimized with the Yoast SEO plugin v27.4 - https:\/\/yoast.com\/product\/yoast-seo-wordpress\/ -->\n<title>Home - Schweizer Jugendfilmtage<\/title>\n<meta name=\"description\" content=\"50 edizioni dedicate ai giovani talenti del cinema: aiutaci a continuare con la tua donazione. Dona ora! Prendi parte al pi\u00f9 grande film festival svizzero\" \/>\n<meta name=\"robots\" content=\"index, follow, max-snippet:-1, max-image-preview:large, max-video-preview:-1\" \/>\n<link rel=\"canonical\" href=\"https:\/\/jugendfilmtage.ch\/it\/\" \/>\n<meta property=\"og:locale\" content=\"it_IT\" \/>\n<meta property=\"og:type\" content=\"article\" \/>\n<meta property=\"og:title\" content=\"Home - Schweizer Jugendfilmtage\" \/>\n<meta property=\"og:description\" content=\"50 edizioni dedicate ai giovani talenti del cinema: aiutaci a continuare con la tua donazione. Dona ora! Prendi parte al pi\u00f9 grande film festival svizzero\" \/>\n<meta property=\"og:url\" content=\"https:\/\/jugendfilmtage.ch\/it\/\" \/>\n<meta property=\"og:site_name\" content=\"Schweizer Jugendfilmtage\" \/>\n<meta property=\"article:publisher\" content=\"https:\/\/www.facebook.com\/Jugendfilmtage\" \/>\n<meta property=\"article:modified_time\" content=\"2026-02-18T09:01:19+00:00\" \/>\n<meta property=\"og:image\" content=\"https:\/\/jugendfilmtage.ch\/wp-content\/uploads\/2024\/11\/Key-Visual-e1732529493244.png\" \/>\n\t<meta property=\"og:image:width\" content=\"426\" \/>\n\t<meta property=\"og:image:height\" content=\"406\" \/>\n\t<meta property=\"og:image:type\" content=\"image\/png\" \/>\n<meta name=\"twitter:card\" content=\"summary_large_image\" \/>\n<meta name=\"twitter:site\" content=\"@jugendfilmtage\" \/>\n<meta name=\"twitter:label1\" content=\"Tempo di lettura stimato\" \/>\n\t<meta name=\"twitter:data1\" content=\"1 minuto\" \/>\n<script type=\"application\/ld+json\" class=\"yoast-schema-graph\">{\"@context\":\"https:\\\/\\\/schema.org\",\"@graph\":[{\"@type\":\"WebPage\",\"@id\":\"https:\\\/\\\/jugendfilmtage.ch\\\/it\\\/\",\"url\":\"https:\\\/\\\/jugendfilmtage.ch\\\/it\\\/\",\"name\":\"Home - Schweizer Jugendfilmtage\",\"isPartOf\":{\"@id\":\"https:\\\/\\\/jugendfilmtage.ch\\\/it\\\/#website\"},\"primaryImageOfPage\":{\"@id\":\"https:\\\/\\\/jugendfilmtage.ch\\\/it\\\/#primaryimage\"},\"image\":{\"@id\":\"https:\\\/\\\/jugendfilmtage.ch\\\/it\\\/#primaryimage\"},\"thumbnailUrl\":\"https:\\\/\\\/jugendfilmtage.ch\\\/wp-content\\\/uploads\\\/2024\\\/11\\\/Key-Visual-e1732529493244.png\",\"datePublished\":\"2025-07-24T05:37:33+00:00\",\"dateModified\":\"2026-02-18T09:01:19+00:00\",\"description\":\"50 edizioni dedicate ai giovani talenti del cinema: aiutaci a continuare con la tua donazione. Dona ora! Prendi parte al pi\u00f9 grande film festival svizzero\",\"inLanguage\":\"it-IT\",\"potentialAction\":[{\"@type\":\"ReadAction\",\"target\":[\"https:\\\/\\\/jugendfilmtage.ch\\\/it\\\/\"]}]},{\"@type\":\"ImageObject\",\"inLanguage\":\"it-IT\",\"@id\":\"https:\\\/\\\/jugendfilmtage.ch\\\/it\\\/#primaryimage\",\"url\":\"https:\\\/\\\/jugendfilmtage.ch\\\/wp-content\\\/uploads\\\/2024\\\/11\\\/Key-Visual-e1732529493244.png\",\"contentUrl\":\"https:\\\/\\\/jugendfilmtage.ch\\\/wp-content\\\/uploads\\\/2024\\\/11\\\/Key-Visual-e1732529493244.png\",\"width\":426,\"height\":406},{\"@type\":\"WebSite\",\"@id\":\"https:\\\/\\\/jugendfilmtage.ch\\\/it\\\/#website\",\"url\":\"https:\\\/\\\/jugendfilmtage.ch\\\/it\\\/\",\"name\":\"Schweizer Jugendfilmtage\",\"description\":\"Festival Cin\u00e9 Jeunesse Suisse\",\"potentialAction\":[{\"@type\":\"SearchAction\",\"target\":{\"@type\":\"EntryPoint\",\"urlTemplate\":\"https:\\\/\\\/jugendfilmtage.ch\\\/it\\\/?s={search_term_string}\"},\"query-input\":{\"@type\":\"PropertyValueSpecification\",\"valueRequired\":true,\"valueName\":\"search_term_string\"}}],\"inLanguage\":\"it-IT\"}]}<\/script>\n<!-- \/ Yoast SEO plugin. -->","yoast_head_json":{"title":"Home - Schweizer Jugendfilmtage","description":"50 edizioni dedicate ai giovani talenti del cinema: aiutaci a continuare con la tua donazione. Dona ora! Prendi parte al pi\u00f9 grande film festival svizzero","robots":{"index":"index","follow":"follow","max-snippet":"max-snippet:-1","max-image-preview":"max-image-preview:large","max-video-preview":"max-video-preview:-1"},"canonical":"https:\/\/jugendfilmtage.ch\/it\/","og_locale":"it_IT","og_type":"article","og_title":"Home - Schweizer Jugendfilmtage","og_description":"50 edizioni dedicate ai giovani talenti del cinema: aiutaci a continuare con la tua donazione. Dona ora! Prendi parte al pi\u00f9 grande film festival svizzero","og_url":"https:\/\/jugendfilmtage.ch\/it\/","og_site_name":"Schweizer Jugendfilmtage","article_publisher":"https:\/\/www.facebook.com\/Jugendfilmtage","article_modified_time":"2026-02-18T09:01:19+00:00","og_image":[{"width":426,"height":406,"url":"https:\/\/jugendfilmtage.ch\/wp-content\/uploads\/2024\/11\/Key-Visual-e1732529493244.png","type":"image\/png"}],"twitter_card":"summary_large_image","twitter_site":"@jugendfilmtage","twitter_misc":{"Tempo di lettura stimato":"1 minuto"},"schema":{"@context":"https:\/\/schema.org","@graph":[{"@type":"WebPage","@id":"https:\/\/jugendfilmtage.ch\/it\/","url":"https:\/\/jugendfilmtage.ch\/it\/","name":"Home - Schweizer Jugendfilmtage","isPartOf":{"@id":"https:\/\/jugendfilmtage.ch\/it\/#website"},"primaryImageOfPage":{"@id":"https:\/\/jugendfilmtage.ch\/it\/#primaryimage"},"image":{"@id":"https:\/\/jugendfilmtage.ch\/it\/#primaryimage"},"thumbnailUrl":"https:\/\/jugendfilmtage.ch\/wp-content\/uploads\/2024\/11\/Key-Visual-e1732529493244.png","datePublished":"2025-07-24T05:37:33+00:00","dateModified":"2026-02-18T09:01:19+00:00","description":"50 edizioni dedicate ai giovani talenti del cinema: aiutaci a continuare con la tua donazione. Dona ora! Prendi parte al pi\u00f9 grande film festival svizzero","inLanguage":"it-IT","potentialAction":[{"@type":"ReadAction","target":["https:\/\/jugendfilmtage.ch\/it\/"]}]},{"@type":"ImageObject","inLanguage":"it-IT","@id":"https:\/\/jugendfilmtage.ch\/it\/#primaryimage","url":"https:\/\/jugendfilmtage.ch\/wp-content\/uploads\/2024\/11\/Key-Visual-e1732529493244.png","contentUrl":"https:\/\/jugendfilmtage.ch\/wp-content\/uploads\/2024\/11\/Key-Visual-e1732529493244.png","width":426,"height":406},{"@type":"WebSite","@id":"https:\/\/jugendfilmtage.ch\/it\/#website","url":"https:\/\/jugendfilmtage.ch\/it\/","name":"Schweizer Jugendfilmtage","description":"Festival Cin\u00e9 Jeunesse Suisse","potentialAction":[{"@type":"SearchAction","target":{"@type":"EntryPoint","urlTemplate":"https:\/\/jugendfilmtage.ch\/it\/?s={search_term_string}"},"query-input":{"@type":"PropertyValueSpecification","valueRequired":true,"valueName":"search_term_string"}}],"inLanguage":"it-IT"}]}},"_links":{"self":[{"href":"https:\/\/jugendfilmtage.ch\/it\/wp-json\/wp\/v2\/pages\/43397","targetHints":{"allow":["GET"]}}],"collection":[{"href":"https:\/\/jugendfilmtage.ch\/it\/wp-json\/wp\/v2\/pages"}],"about":[{"href":"https:\/\/jugendfilmtage.ch\/it\/wp-json\/wp\/v2\/types\/page"}],"author":[{"embeddable":true,"href":"https:\/\/jugendfilmtage.ch\/it\/wp-json\/wp\/v2\/users\/14"}],"replies":[{"embeddable":true,"href":"https:\/\/jugendfilmtage.ch\/it\/wp-json\/wp\/v2\/comments?post=43397"}],"version-history":[{"count":38,"href":"https:\/\/jugendfilmtage.ch\/it\/wp-json\/wp\/v2\/pages\/43397\/revisions"}],"predecessor-version":[{"id":74351,"href":"https:\/\/jugendfilmtage.ch\/it\/wp-json\/wp\/v2\/pages\/43397\/revisions\/74351"}],"wp:featuredmedia":[{"embeddable":true,"href":"https:\/\/jugendfilmtage.ch\/it\/wp-json\/wp\/v2\/media\/75047"}],"wp:attachment":[{"href":"https:\/\/jugendfilmtage.ch\/it\/wp-json\/wp\/v2\/media?parent=43397"}],"curies":[{"name":"wp","href":"https:\/\/api.w.org\/{rel}","templated":true}]}}