{"id":43321,"date":"2025-07-21T12:15:53","date_gmt":"2025-07-21T10:15:53","guid":{"rendered":"https:\/\/jugendfilmtage.ch\/?page_id=43321"},"modified":"2025-07-21T12:23:46","modified_gmt":"2025-07-21T10:23:46","slug":"chi-siamo","status":"publish","type":"page","link":"https:\/\/jugendfilmtage.ch\/it\/chi-siamo\/","title":{"rendered":"Chi siamo"},"content":{"rendered":"\n<figure class=\"wp-block-image size-full\"><img loading=\"lazy\" decoding=\"async\" width=\"2560\" height=\"1707\" src=\"https:\/\/jugendfilmtage.ch\/wp-content\/uploads\/2024\/01\/Teamfoto_Fun-scaled.jpg\" alt=\"\" class=\"wp-image-23296\" srcset=\"https:\/\/jugendfilmtage.ch\/wp-content\/uploads\/2024\/01\/Teamfoto_Fun-scaled.jpg 2560w, https:\/\/jugendfilmtage.ch\/wp-content\/uploads\/2024\/01\/Teamfoto_Fun-300x200.jpg 300w, https:\/\/jugendfilmtage.ch\/wp-content\/uploads\/2024\/01\/Teamfoto_Fun-880x587.jpg 880w, https:\/\/jugendfilmtage.ch\/wp-content\/uploads\/2024\/01\/Teamfoto_Fun-280x186.jpg 280w, https:\/\/jugendfilmtage.ch\/wp-content\/uploads\/2024\/01\/Teamfoto_Fun-768x512.jpg 768w, https:\/\/jugendfilmtage.ch\/wp-content\/uploads\/2024\/01\/Teamfoto_Fun-1536x1024.jpg 1536w, https:\/\/jugendfilmtage.ch\/wp-content\/uploads\/2024\/01\/Teamfoto_Fun-2048x1365.jpg 2048w\" sizes=\"auto, (max-width: 2560px) 100vw, 2560px\" \/><\/figure>\n\n\n\n<h1 class=\"wp-block-heading\">Chi siamo<\/h1>\n\n\n\n<p>Il Festival del Cinema Giovane Svizzero \u00e8 stato fondato nel 1976 ed \u00e8 oggi la piattaforma pi\u00f9 importante per cineast\u0259 svizzer\u0259 emergent\u0259.<\/p>\n\n\n\n<p>Il Festival del Cinema Giovane Svizzero \u00e8 organizzato come associazione senza scopo di lucro. La co-direzione \u00e8 sostenuta da una assistente e da un team di volontari.<\/p>\n\n\n\n<p>Maggiori informazioni in lingua italiana seguiranno a breve. <\/p>\n","protected":false},"excerpt":{"rendered":"<p>Chi siamo Il Festival del Cinema Giovane Svizzero \u00e8 stato fondato nel 1976 ed \u00e8 oggi la piattaforma pi\u00f9 importante per cineast\u0259 svizzer\u0259 emergent\u0259. Il Festival del Cinema Giovane Svizzero \u00e8 organizzato come associazione senza scopo di lucro. La co-direzione \u00e8 sostenuta da una assistente e da un team di volontari. Maggiori informazioni in lingua [&hellip;]<\/p>\n","protected":false},"author":14,"featured_media":0,"parent":0,"menu_order":12,"comment_status":"closed","ping_status":"closed","template":"","meta":{"_acf_changed":false,"footnotes":""},"class_list":["post-43321","page","type-page","status-publish","hentry"],"acf":[],"yoast_head":"<!-- This site is optimized with the Yoast SEO plugin v27.4 - https:\/\/yoast.com\/product\/yoast-seo-wordpress\/ -->\n<title>Chi siamo - Schweizer Jugendfilmtage<\/title>\n<meta name=\"description\" content=\"Chi siamo Il Festival del Cinema Giovane Svizzero \u00e8 stato fondato nel 1976 ed \u00e8 oggi la piattaforma pi\u00f9 importante per cineast\u0259 svizzer\u0259 emergent\u0259. Il\" \/>\n<meta name=\"robots\" content=\"index, follow, max-snippet:-1, max-image-preview:large, max-video-preview:-1\" \/>\n<link rel=\"canonical\" href=\"https:\/\/jugendfilmtage.ch\/it\/chi-siamo\/\" \/>\n<meta property=\"og:locale\" content=\"it_IT\" \/>\n<meta property=\"og:type\" content=\"article\" \/>\n<meta property=\"og:title\" content=\"Chi siamo - Schweizer Jugendfilmtage\" \/>\n<meta property=\"og:description\" content=\"Chi siamo Il Festival del Cinema Giovane Svizzero \u00e8 stato fondato nel 1976 ed \u00e8 oggi la piattaforma pi\u00f9 importante per cineast\u0259 svizzer\u0259 emergent\u0259. Il\" \/>\n<meta property=\"og:url\" content=\"https:\/\/jugendfilmtage.ch\/it\/chi-siamo\/\" \/>\n<meta property=\"og:site_name\" content=\"Schweizer Jugendfilmtage\" \/>\n<meta property=\"article:publisher\" content=\"https:\/\/www.facebook.com\/Jugendfilmtage\" \/>\n<meta property=\"article:modified_time\" content=\"2025-07-21T10:23:46+00:00\" \/>\n<meta property=\"og:image\" content=\"https:\/\/jugendfilmtage.ch\/wp-content\/uploads\/2024\/01\/Teamfoto_Fun-scaled.jpg\" \/>\n\t<meta property=\"og:image:width\" content=\"2560\" \/>\n\t<meta property=\"og:image:height\" content=\"1707\" \/>\n\t<meta property=\"og:image:type\" content=\"image\/jpeg\" \/>\n<meta name=\"twitter:card\" content=\"summary_large_image\" \/>\n<meta name=\"twitter:site\" content=\"@jugendfilmtage\" \/>\n<meta name=\"twitter:label1\" content=\"Tempo di lettura stimato\" \/>\n\t<meta name=\"twitter:data1\" content=\"1 minuto\" \/>\n<script type=\"application\/ld+json\" class=\"yoast-schema-graph\">{\"@context\":\"https:\\\/\\\/schema.org\",\"@graph\":[{\"@type\":\"WebPage\",\"@id\":\"https:\\\/\\\/jugendfilmtage.ch\\\/it\\\/chi-siamo\\\/\",\"url\":\"https:\\\/\\\/jugendfilmtage.ch\\\/it\\\/chi-siamo\\\/\",\"name\":\"Chi siamo - Schweizer Jugendfilmtage\",\"isPartOf\":{\"@id\":\"https:\\\/\\\/jugendfilmtage.ch\\\/it\\\/#website\"},\"primaryImageOfPage\":{\"@id\":\"https:\\\/\\\/jugendfilmtage.ch\\\/it\\\/chi-siamo\\\/#primaryimage\"},\"image\":{\"@id\":\"https:\\\/\\\/jugendfilmtage.ch\\\/it\\\/chi-siamo\\\/#primaryimage\"},\"thumbnailUrl\":\"https:\\\/\\\/jugendfilmtage.ch\\\/wp-content\\\/uploads\\\/2024\\\/01\\\/Teamfoto_Fun-scaled.jpg\",\"datePublished\":\"2025-07-21T10:15:53+00:00\",\"dateModified\":\"2025-07-21T10:23:46+00:00\",\"description\":\"Chi siamo Il Festival del Cinema Giovane Svizzero \u00e8 stato fondato nel 1976 ed \u00e8 oggi la piattaforma pi\u00f9 importante per cineast\u0259 svizzer\u0259 emergent\u0259. Il\",\"inLanguage\":\"it-IT\",\"potentialAction\":[{\"@type\":\"ReadAction\",\"target\":[\"https:\\\/\\\/jugendfilmtage.ch\\\/it\\\/chi-siamo\\\/\"]}]},{\"@type\":\"ImageObject\",\"inLanguage\":\"it-IT\",\"@id\":\"https:\\\/\\\/jugendfilmtage.ch\\\/it\\\/chi-siamo\\\/#primaryimage\",\"url\":\"https:\\\/\\\/jugendfilmtage.ch\\\/wp-content\\\/uploads\\\/2024\\\/01\\\/Teamfoto_Fun-scaled.jpg\",\"contentUrl\":\"https:\\\/\\\/jugendfilmtage.ch\\\/wp-content\\\/uploads\\\/2024\\\/01\\\/Teamfoto_Fun-scaled.jpg\"},{\"@type\":\"WebSite\",\"@id\":\"https:\\\/\\\/jugendfilmtage.ch\\\/it\\\/#website\",\"url\":\"https:\\\/\\\/jugendfilmtage.ch\\\/it\\\/\",\"name\":\"Schweizer Jugendfilmtage\",\"description\":\"Festival Cin\u00e9 Jeunesse Suisse\",\"potentialAction\":[{\"@type\":\"SearchAction\",\"target\":{\"@type\":\"EntryPoint\",\"urlTemplate\":\"https:\\\/\\\/jugendfilmtage.ch\\\/it\\\/?s={search_term_string}\"},\"query-input\":{\"@type\":\"PropertyValueSpecification\",\"valueRequired\":true,\"valueName\":\"search_term_string\"}}],\"inLanguage\":\"it-IT\"}]}<\/script>\n<!-- \/ Yoast SEO plugin. -->","yoast_head_json":{"title":"Chi siamo - Schweizer Jugendfilmtage","description":"Chi siamo Il Festival del Cinema Giovane Svizzero \u00e8 stato fondato nel 1976 ed \u00e8 oggi la piattaforma pi\u00f9 importante per cineast\u0259 svizzer\u0259 emergent\u0259. Il","robots":{"index":"index","follow":"follow","max-snippet":"max-snippet:-1","max-image-preview":"max-image-preview:large","max-video-preview":"max-video-preview:-1"},"canonical":"https:\/\/jugendfilmtage.ch\/it\/chi-siamo\/","og_locale":"it_IT","og_type":"article","og_title":"Chi siamo - Schweizer Jugendfilmtage","og_description":"Chi siamo Il Festival del Cinema Giovane Svizzero \u00e8 stato fondato nel 1976 ed \u00e8 oggi la piattaforma pi\u00f9 importante per cineast\u0259 svizzer\u0259 emergent\u0259. Il","og_url":"https:\/\/jugendfilmtage.ch\/it\/chi-siamo\/","og_site_name":"Schweizer Jugendfilmtage","article_publisher":"https:\/\/www.facebook.com\/Jugendfilmtage","article_modified_time":"2025-07-21T10:23:46+00:00","og_image":[{"width":2560,"height":1707,"url":"https:\/\/jugendfilmtage.ch\/wp-content\/uploads\/2024\/01\/Teamfoto_Fun-scaled.jpg","type":"image\/jpeg"}],"twitter_card":"summary_large_image","twitter_site":"@jugendfilmtage","twitter_misc":{"Tempo di lettura stimato":"1 minuto"},"schema":{"@context":"https:\/\/schema.org","@graph":[{"@type":"WebPage","@id":"https:\/\/jugendfilmtage.ch\/it\/chi-siamo\/","url":"https:\/\/jugendfilmtage.ch\/it\/chi-siamo\/","name":"Chi siamo - Schweizer Jugendfilmtage","isPartOf":{"@id":"https:\/\/jugendfilmtage.ch\/it\/#website"},"primaryImageOfPage":{"@id":"https:\/\/jugendfilmtage.ch\/it\/chi-siamo\/#primaryimage"},"image":{"@id":"https:\/\/jugendfilmtage.ch\/it\/chi-siamo\/#primaryimage"},"thumbnailUrl":"https:\/\/jugendfilmtage.ch\/wp-content\/uploads\/2024\/01\/Teamfoto_Fun-scaled.jpg","datePublished":"2025-07-21T10:15:53+00:00","dateModified":"2025-07-21T10:23:46+00:00","description":"Chi siamo Il Festival del Cinema Giovane Svizzero \u00e8 stato fondato nel 1976 ed \u00e8 oggi la piattaforma pi\u00f9 importante per cineast\u0259 svizzer\u0259 emergent\u0259. Il","inLanguage":"it-IT","potentialAction":[{"@type":"ReadAction","target":["https:\/\/jugendfilmtage.ch\/it\/chi-siamo\/"]}]},{"@type":"ImageObject","inLanguage":"it-IT","@id":"https:\/\/jugendfilmtage.ch\/it\/chi-siamo\/#primaryimage","url":"https:\/\/jugendfilmtage.ch\/wp-content\/uploads\/2024\/01\/Teamfoto_Fun-scaled.jpg","contentUrl":"https:\/\/jugendfilmtage.ch\/wp-content\/uploads\/2024\/01\/Teamfoto_Fun-scaled.jpg"},{"@type":"WebSite","@id":"https:\/\/jugendfilmtage.ch\/it\/#website","url":"https:\/\/jugendfilmtage.ch\/it\/","name":"Schweizer Jugendfilmtage","description":"Festival Cin\u00e9 Jeunesse Suisse","potentialAction":[{"@type":"SearchAction","target":{"@type":"EntryPoint","urlTemplate":"https:\/\/jugendfilmtage.ch\/it\/?s={search_term_string}"},"query-input":{"@type":"PropertyValueSpecification","valueRequired":true,"valueName":"search_term_string"}}],"inLanguage":"it-IT"}]}},"_links":{"self":[{"href":"https:\/\/jugendfilmtage.ch\/it\/wp-json\/wp\/v2\/pages\/43321","targetHints":{"allow":["GET"]}}],"collection":[{"href":"https:\/\/jugendfilmtage.ch\/it\/wp-json\/wp\/v2\/pages"}],"about":[{"href":"https:\/\/jugendfilmtage.ch\/it\/wp-json\/wp\/v2\/types\/page"}],"author":[{"embeddable":true,"href":"https:\/\/jugendfilmtage.ch\/it\/wp-json\/wp\/v2\/users\/14"}],"replies":[{"embeddable":true,"href":"https:\/\/jugendfilmtage.ch\/it\/wp-json\/wp\/v2\/comments?post=43321"}],"version-history":[{"count":3,"href":"https:\/\/jugendfilmtage.ch\/it\/wp-json\/wp\/v2\/pages\/43321\/revisions"}],"predecessor-version":[{"id":43327,"href":"https:\/\/jugendfilmtage.ch\/it\/wp-json\/wp\/v2\/pages\/43321\/revisions\/43327"}],"wp:attachment":[{"href":"https:\/\/jugendfilmtage.ch\/it\/wp-json\/wp\/v2\/media?parent=43321"}],"curies":[{"name":"wp","href":"https:\/\/api.w.org\/{rel}","templated":true}]}}