{"id":43316,"date":"2025-07-21T12:13:23","date_gmt":"2025-07-21T10:13:23","guid":{"rendered":"https:\/\/jugendfilmtage.ch\/?page_id=43316"},"modified":"2026-01-19T17:53:02","modified_gmt":"2026-01-19T16:53:02","slug":"per-le-scuole","status":"publish","type":"page","link":"https:\/\/jugendfilmtage.ch\/it\/durante-lanno\/per-le-scuole\/","title":{"rendered":"Per le scuole"},"content":{"rendered":"\n<figure class=\"wp-block-image size-large\"><img loading=\"lazy\" decoding=\"async\" width=\"1200\" height=\"675\" src=\"https:\/\/jugendfilmtage.ch\/wp-content\/uploads\/2024\/06\/KatA_RemoBuess_0002-edited.jpg\" alt=\"Schweizer Jugendfilmtage Schulangebote\" class=\"wp-image-25753\" srcset=\"https:\/\/jugendfilmtage.ch\/wp-content\/uploads\/2024\/06\/KatA_RemoBuess_0002-edited.jpg 1200w, https:\/\/jugendfilmtage.ch\/wp-content\/uploads\/2024\/06\/KatA_RemoBuess_0002-edited-300x169.jpg 300w, https:\/\/jugendfilmtage.ch\/wp-content\/uploads\/2024\/06\/KatA_RemoBuess_0002-edited-880x495.jpg 880w, https:\/\/jugendfilmtage.ch\/wp-content\/uploads\/2024\/06\/KatA_RemoBuess_0002-edited-768x432.jpg 768w\" sizes=\"auto, (max-width: 1200px) 100vw, 1200px\" \/><\/figure>\n\n\n\n<h1 class=\"wp-block-heading\">Per le scuole<\/h1>\n\n\n\n<p>L&#8217;obiettivo principale Festival del Cinema Giovane Svizzero \u00e8 quello di coinvolgere il maggior numero possibile di giovani, offrendo un accesso attivo e riflessivo al cinema. Per questo motivo, la maggior parte delle offerte del Festival del Cinema Giovane Svizzero sono gratuite o a basso costo e sono concepite in modo da essere il pi\u00f9 possibile accessibili e alla portata di tutti.<\/p>\n\n\n\n<p>Riteniamo particolarmente importante avvicinare i giovani al cinema attraverso la scuola, in un ambiente sicuro e costruttivo.<\/p>\n\n\n\n<p>Per questo motivo, da oltre vent&#8217;anni il Festival del Cinema Giovane Svizzero collabora con le scuole e offre accesso gratuito al festival e a un coaching cinematografico per le classi scolastiche.<\/p>\n\n\n\n<h2 class=\"wp-block-heading\">Film Coaching<\/h2>\n\n\n\n<p>Il Festival del Cinema Giovane Svizzero sostiene le classi scolastiche nella produzione di un cortometraggio su un tema a loro scelta. Le classi scolastiche ricevono 2,5 giorni di supporto tecnico e contenutistico da parte di esperti. Lo svolgimento del Film Coaching viene pianificato individualmente.<\/p>\n\n\n\n<p>I film realizzati vengono poi presentati al concorso per cortometraggi nella categoria di et\u00e0 corrispondente (et\u00e0 media dei giovani partecipanti) e hanno cos\u00ec la possibilit\u00e0 di essere proiettati davanti a un vasto pubblico durante l\u2019edizione successiva del Festival. I Film Coaching si svolgono ogni anno tra settembre e dicembre.<\/p>\n\n\n\n<div class=\"wp-block-buttons is-layout-flex wp-block-buttons-is-layout-flex\">\n<div class=\"wp-block-button is-style-outline is-style-outline--2\"><a class=\"wp-block-button__link wp-element-button\" href=\"https:\/\/jugendfilmtage.ch\/it\/film-coaching\/\">Scopri di pi\u00f9<\/a><\/div>\n<\/div>\n\n\n\n<h2 class=\"wp-block-heading\">Visitare il Festival<\/h2>\n\n\n\n<p>Desideri partecipare al Festival con la tua classe? Guardate insieme i film realizzati dai vostri coetanei e decidete quale film vincer\u00e0 il premio del pubblico!<\/p>\n\n\n\n<p>Le classi scolastiche possono assistere gratuitamente alle proiezioni delle categorie A, B e C del concorso. <\/p>\n\n\n\n<div class=\"wp-block-buttons is-layout-flex wp-block-buttons-is-layout-flex\">\n<div class=\"wp-block-button\"><a class=\"wp-block-button__link wp-element-button\" href=\"https:\/\/formulare.jugendfilmtage.ch\/tickets_school\">Prenotare i biglietti<\/a><\/div>\n<\/div>\n\n\n\n<p>Per qualsiasi domanda, non esitate a contattarci: reservation@jugendfilmtage.ch<\/p>\n\n\n\n<p><\/p>\n","protected":false},"excerpt":{"rendered":"<p>Per le scuole L&#8217;obiettivo principale Festival del Cinema Giovane Svizzero \u00e8 quello di coinvolgere il maggior numero possibile di giovani, offrendo un accesso attivo e riflessivo al cinema. Per questo motivo, la maggior parte delle offerte del Festival del Cinema Giovane Svizzero sono gratuite o a basso costo e sono concepite in modo da essere [&hellip;]<\/p>\n","protected":false},"author":14,"featured_media":0,"parent":43286,"menu_order":1,"comment_status":"closed","ping_status":"closed","template":"","meta":{"_acf_changed":false,"footnotes":""},"class_list":["post-43316","page","type-page","status-publish","hentry"],"acf":[],"yoast_head":"<!-- This site is optimized with the Yoast SEO plugin v27.4 - https:\/\/yoast.com\/product\/yoast-seo-wordpress\/ -->\n<title>Per le scuole - Schweizer Jugendfilmtage<\/title>\n<meta name=\"description\" content=\"Per le scuole L&#039;obiettivo principale Festival del Cinema Giovane Svizzero \u00e8 quello di coinvolgere il maggior numero possibile di giovani, offrendo un\" \/>\n<meta name=\"robots\" content=\"index, follow, max-snippet:-1, max-image-preview:large, max-video-preview:-1\" \/>\n<link rel=\"canonical\" href=\"https:\/\/jugendfilmtage.ch\/it\/durante-lanno\/per-le-scuole\/\" \/>\n<meta property=\"og:locale\" content=\"it_IT\" \/>\n<meta property=\"og:type\" content=\"article\" \/>\n<meta property=\"og:title\" content=\"Per le scuole - Schweizer Jugendfilmtage\" \/>\n<meta property=\"og:description\" content=\"Per le scuole L&#039;obiettivo principale Festival del Cinema Giovane Svizzero \u00e8 quello di coinvolgere il maggior numero possibile di giovani, offrendo un\" \/>\n<meta property=\"og:url\" content=\"https:\/\/jugendfilmtage.ch\/it\/durante-lanno\/per-le-scuole\/\" \/>\n<meta property=\"og:site_name\" content=\"Schweizer Jugendfilmtage\" \/>\n<meta property=\"article:publisher\" content=\"https:\/\/www.facebook.com\/Jugendfilmtage\" \/>\n<meta property=\"article:modified_time\" content=\"2026-01-19T16:53:02+00:00\" \/>\n<meta property=\"og:image\" content=\"https:\/\/jugendfilmtage.ch\/wp-content\/uploads\/2024\/06\/KatA_RemoBuess_0002-edited.jpg\" \/>\n\t<meta property=\"og:image:width\" content=\"1200\" \/>\n\t<meta property=\"og:image:height\" content=\"675\" \/>\n\t<meta property=\"og:image:type\" content=\"image\/jpeg\" \/>\n<meta name=\"twitter:card\" content=\"summary_large_image\" \/>\n<meta name=\"twitter:site\" content=\"@jugendfilmtage\" \/>\n<meta name=\"twitter:label1\" content=\"Tempo di lettura stimato\" \/>\n\t<meta name=\"twitter:data1\" content=\"2 minuti\" \/>\n<script type=\"application\/ld+json\" class=\"yoast-schema-graph\">{\"@context\":\"https:\\\/\\\/schema.org\",\"@graph\":[{\"@type\":\"WebPage\",\"@id\":\"https:\\\/\\\/jugendfilmtage.ch\\\/it\\\/durante-lanno\\\/per-le-scuole\\\/\",\"url\":\"https:\\\/\\\/jugendfilmtage.ch\\\/it\\\/durante-lanno\\\/per-le-scuole\\\/\",\"name\":\"Per le scuole - Schweizer Jugendfilmtage\",\"isPartOf\":{\"@id\":\"https:\\\/\\\/jugendfilmtage.ch\\\/it\\\/#website\"},\"primaryImageOfPage\":{\"@id\":\"https:\\\/\\\/jugendfilmtage.ch\\\/it\\\/durante-lanno\\\/per-le-scuole\\\/#primaryimage\"},\"image\":{\"@id\":\"https:\\\/\\\/jugendfilmtage.ch\\\/it\\\/durante-lanno\\\/per-le-scuole\\\/#primaryimage\"},\"thumbnailUrl\":\"https:\\\/\\\/jugendfilmtage.ch\\\/wp-content\\\/uploads\\\/2024\\\/06\\\/KatA_RemoBuess_0002-edited.jpg\",\"datePublished\":\"2025-07-21T10:13:23+00:00\",\"dateModified\":\"2026-01-19T16:53:02+00:00\",\"description\":\"Per le scuole L'obiettivo principale Festival del Cinema Giovane Svizzero \u00e8 quello di coinvolgere il maggior numero possibile di giovani, offrendo un\",\"breadcrumb\":{\"@id\":\"https:\\\/\\\/jugendfilmtage.ch\\\/it\\\/durante-lanno\\\/per-le-scuole\\\/#breadcrumb\"},\"inLanguage\":\"it-IT\",\"potentialAction\":[{\"@type\":\"ReadAction\",\"target\":[\"https:\\\/\\\/jugendfilmtage.ch\\\/it\\\/durante-lanno\\\/per-le-scuole\\\/\"]}]},{\"@type\":\"ImageObject\",\"inLanguage\":\"it-IT\",\"@id\":\"https:\\\/\\\/jugendfilmtage.ch\\\/it\\\/durante-lanno\\\/per-le-scuole\\\/#primaryimage\",\"url\":\"https:\\\/\\\/jugendfilmtage.ch\\\/wp-content\\\/uploads\\\/2024\\\/06\\\/KatA_RemoBuess_0002-edited.jpg\",\"contentUrl\":\"https:\\\/\\\/jugendfilmtage.ch\\\/wp-content\\\/uploads\\\/2024\\\/06\\\/KatA_RemoBuess_0002-edited.jpg\"},{\"@type\":\"BreadcrumbList\",\"@id\":\"https:\\\/\\\/jugendfilmtage.ch\\\/it\\\/durante-lanno\\\/per-le-scuole\\\/#breadcrumb\",\"itemListElement\":[{\"@type\":\"ListItem\",\"position\":1,\"name\":\"Durante l&#8217;anno\",\"item\":\"https:\\\/\\\/jugendfilmtage.ch\\\/it\\\/durante-lanno\\\/\"},{\"@type\":\"ListItem\",\"position\":2,\"name\":\"Per le scuole\"}]},{\"@type\":\"WebSite\",\"@id\":\"https:\\\/\\\/jugendfilmtage.ch\\\/it\\\/#website\",\"url\":\"https:\\\/\\\/jugendfilmtage.ch\\\/it\\\/\",\"name\":\"Schweizer Jugendfilmtage\",\"description\":\"Festival Cin\u00e9 Jeunesse Suisse\",\"potentialAction\":[{\"@type\":\"SearchAction\",\"target\":{\"@type\":\"EntryPoint\",\"urlTemplate\":\"https:\\\/\\\/jugendfilmtage.ch\\\/it\\\/?s={search_term_string}\"},\"query-input\":{\"@type\":\"PropertyValueSpecification\",\"valueRequired\":true,\"valueName\":\"search_term_string\"}}],\"inLanguage\":\"it-IT\"}]}<\/script>\n<!-- \/ Yoast SEO plugin. -->","yoast_head_json":{"title":"Per le scuole - Schweizer Jugendfilmtage","description":"Per le scuole L'obiettivo principale Festival del Cinema Giovane Svizzero \u00e8 quello di coinvolgere il maggior numero possibile di giovani, offrendo un","robots":{"index":"index","follow":"follow","max-snippet":"max-snippet:-1","max-image-preview":"max-image-preview:large","max-video-preview":"max-video-preview:-1"},"canonical":"https:\/\/jugendfilmtage.ch\/it\/durante-lanno\/per-le-scuole\/","og_locale":"it_IT","og_type":"article","og_title":"Per le scuole - Schweizer Jugendfilmtage","og_description":"Per le scuole L'obiettivo principale Festival del Cinema Giovane Svizzero \u00e8 quello di coinvolgere il maggior numero possibile di giovani, offrendo un","og_url":"https:\/\/jugendfilmtage.ch\/it\/durante-lanno\/per-le-scuole\/","og_site_name":"Schweizer Jugendfilmtage","article_publisher":"https:\/\/www.facebook.com\/Jugendfilmtage","article_modified_time":"2026-01-19T16:53:02+00:00","og_image":[{"width":1200,"height":675,"url":"https:\/\/jugendfilmtage.ch\/wp-content\/uploads\/2024\/06\/KatA_RemoBuess_0002-edited.jpg","type":"image\/jpeg"}],"twitter_card":"summary_large_image","twitter_site":"@jugendfilmtage","twitter_misc":{"Tempo di lettura stimato":"2 minuti"},"schema":{"@context":"https:\/\/schema.org","@graph":[{"@type":"WebPage","@id":"https:\/\/jugendfilmtage.ch\/it\/durante-lanno\/per-le-scuole\/","url":"https:\/\/jugendfilmtage.ch\/it\/durante-lanno\/per-le-scuole\/","name":"Per le scuole - Schweizer Jugendfilmtage","isPartOf":{"@id":"https:\/\/jugendfilmtage.ch\/it\/#website"},"primaryImageOfPage":{"@id":"https:\/\/jugendfilmtage.ch\/it\/durante-lanno\/per-le-scuole\/#primaryimage"},"image":{"@id":"https:\/\/jugendfilmtage.ch\/it\/durante-lanno\/per-le-scuole\/#primaryimage"},"thumbnailUrl":"https:\/\/jugendfilmtage.ch\/wp-content\/uploads\/2024\/06\/KatA_RemoBuess_0002-edited.jpg","datePublished":"2025-07-21T10:13:23+00:00","dateModified":"2026-01-19T16:53:02+00:00","description":"Per le scuole L'obiettivo principale Festival del Cinema Giovane Svizzero \u00e8 quello di coinvolgere il maggior numero possibile di giovani, offrendo un","breadcrumb":{"@id":"https:\/\/jugendfilmtage.ch\/it\/durante-lanno\/per-le-scuole\/#breadcrumb"},"inLanguage":"it-IT","potentialAction":[{"@type":"ReadAction","target":["https:\/\/jugendfilmtage.ch\/it\/durante-lanno\/per-le-scuole\/"]}]},{"@type":"ImageObject","inLanguage":"it-IT","@id":"https:\/\/jugendfilmtage.ch\/it\/durante-lanno\/per-le-scuole\/#primaryimage","url":"https:\/\/jugendfilmtage.ch\/wp-content\/uploads\/2024\/06\/KatA_RemoBuess_0002-edited.jpg","contentUrl":"https:\/\/jugendfilmtage.ch\/wp-content\/uploads\/2024\/06\/KatA_RemoBuess_0002-edited.jpg"},{"@type":"BreadcrumbList","@id":"https:\/\/jugendfilmtage.ch\/it\/durante-lanno\/per-le-scuole\/#breadcrumb","itemListElement":[{"@type":"ListItem","position":1,"name":"Durante l&#8217;anno","item":"https:\/\/jugendfilmtage.ch\/it\/durante-lanno\/"},{"@type":"ListItem","position":2,"name":"Per le scuole"}]},{"@type":"WebSite","@id":"https:\/\/jugendfilmtage.ch\/it\/#website","url":"https:\/\/jugendfilmtage.ch\/it\/","name":"Schweizer Jugendfilmtage","description":"Festival Cin\u00e9 Jeunesse Suisse","potentialAction":[{"@type":"SearchAction","target":{"@type":"EntryPoint","urlTemplate":"https:\/\/jugendfilmtage.ch\/it\/?s={search_term_string}"},"query-input":{"@type":"PropertyValueSpecification","valueRequired":true,"valueName":"search_term_string"}}],"inLanguage":"it-IT"}]}},"_links":{"self":[{"href":"https:\/\/jugendfilmtage.ch\/it\/wp-json\/wp\/v2\/pages\/43316","targetHints":{"allow":["GET"]}}],"collection":[{"href":"https:\/\/jugendfilmtage.ch\/it\/wp-json\/wp\/v2\/pages"}],"about":[{"href":"https:\/\/jugendfilmtage.ch\/it\/wp-json\/wp\/v2\/types\/page"}],"author":[{"embeddable":true,"href":"https:\/\/jugendfilmtage.ch\/it\/wp-json\/wp\/v2\/users\/14"}],"replies":[{"embeddable":true,"href":"https:\/\/jugendfilmtage.ch\/it\/wp-json\/wp\/v2\/comments?post=43316"}],"version-history":[{"count":4,"href":"https:\/\/jugendfilmtage.ch\/it\/wp-json\/wp\/v2\/pages\/43316\/revisions"}],"predecessor-version":[{"id":61621,"href":"https:\/\/jugendfilmtage.ch\/it\/wp-json\/wp\/v2\/pages\/43316\/revisions\/61621"}],"up":[{"embeddable":true,"href":"https:\/\/jugendfilmtage.ch\/it\/wp-json\/wp\/v2\/pages\/43286"}],"wp:attachment":[{"href":"https:\/\/jugendfilmtage.ch\/it\/wp-json\/wp\/v2\/media?parent=43316"}],"curies":[{"name":"wp","href":"https:\/\/api.w.org\/{rel}","templated":true}]}}