{"id":43291,"date":"2025-07-21T12:02:40","date_gmt":"2025-07-21T10:02:40","guid":{"rendered":"https:\/\/jugendfilmtage.ch\/?page_id=43291"},"modified":"2025-08-18T16:34:34","modified_gmt":"2025-08-18T14:34:34","slug":"film-coaching","status":"publish","type":"page","link":"https:\/\/jugendfilmtage.ch\/it\/film-coaching\/","title":{"rendered":"Film Coaching"},"content":{"rendered":"\n<figure class=\"wp-block-image size-full\"><img loading=\"lazy\" decoding=\"async\" width=\"800\" height=\"450\" src=\"https:\/\/jugendfilmtage.ch\/wp-content\/uploads\/2024\/06\/jft-gallery-C28A1079-800x533-1-edited.jpg\" alt=\"Sch\u00fclerinnen und Sch\u00fcler an einem Schweizer Jugendfilmtage Filmworkshop\" class=\"wp-image-25727\" srcset=\"https:\/\/jugendfilmtage.ch\/wp-content\/uploads\/2024\/06\/jft-gallery-C28A1079-800x533-1-edited.jpg 800w, https:\/\/jugendfilmtage.ch\/wp-content\/uploads\/2024\/06\/jft-gallery-C28A1079-800x533-1-edited-300x169.jpg 300w, https:\/\/jugendfilmtage.ch\/wp-content\/uploads\/2024\/06\/jft-gallery-C28A1079-800x533-1-edited-768x432.jpg 768w\" sizes=\"auto, (max-width: 800px) 100vw, 800px\" \/><\/figure>\n\n\n\n<h1 class=\"wp-block-heading\">Film Coaching<\/h1>\n\n\n\n<p><strong>Voi avete delle idee per fare un film, noi vi sosteniamo nella realizzazione.&nbsp;<\/strong><\/p>\n\n\n\n<p>Volete girare un cortometraggio, avete gi\u00e0 una prima idea e tanta motivazione?<\/p>\n\n\n\n<p>Grazie all\u2019offerta di film coaching Festival del Cinema Giovane Svizzero ricevete sostegno da parte di professionist\u0259, laddove vi trovate. Voi stessi continuate a sviluppare il vostro progetto, prendendo tutte le decisioni, mentre un coach professionista vi sostiene consigliandovi! Alla fine di tutto questo avrete un cortometraggio che potreb be avere la possibilit\u00e0 di essere proiettato al grande schermo a Zurigo.&nbsp;<\/p>\n\n\n\n<p>Questo progetto \u00e8 sostenuto dalla <a href=\"https:\/\/corymbo.ch\/de\/\">Fondazione Corymbo<\/a>.<\/p>\n\n\n\n<h2 class=\"wp-block-heading\">La nostra offerta<\/h2>\n\n\n\n<ul class=\"wp-block-list\">\n<li><strong>2.5 giorno di film coaching professionale&nbsp;<\/strong><br>Il coaching pu\u00f2 avvenire direttamente laddove vi trovate voi, oppure online, nella vostra lingua (tedesco, francese, italiano o inglese). Potete decidere voi stessi in quali ambiti ricevere sostegno.<\/li>\n\n\n\n<li><strong>Un dossier composto da consigli e ispirazioni&nbsp;<\/strong><br>Riceverete un dossier di consigli tecnici, assistenza e molto altro, disponibile in tedesco, francese e italiano.<\/li>\n\n\n\n<li><strong>Possibilit\u00e0 di partecipare al Festival del Cinema Giovane Svizzero<\/strong><br>Potrete iscrivere regolarmente il vostro cortometraggio finito al concorso del Festival del Cinema Giovane Svizzero e avrete cos\u00ec la possibilit\u00e0 di essere selezionati e mostrare il vostro film all\u2019edizione seguente del Festival.&nbsp;<\/li>\n<\/ul>\n\n\n\n<p>Quest\u2019offerta \u00e8 gratuita. Il numero di gruppi che possiamo sostenere \u00e8 per\u00f2 limitato.&nbsp;<\/p>\n\n\n\n<h2 class=\"wp-block-heading\">Chi pu\u00f2 partecipare?<\/h2>\n\n\n\n<p>Classi scolastiche oppure gruppi di giovani (minimo 3 persone, massimo 25), di et\u00e0 compresa tra i 9 e i 19 anni, con un\u2019idea di film e una grande motivazione.<\/p>\n\n\n\n<h2 class=\"wp-block-heading\">Tabella di marcia<\/h2>\n\n\n\n<ul class=\"wp-block-list\">\n<li>Tra settembre e met\u00e0 dicembre avete a disposizione 2.5 giornate di coaching.<\/li>\n\n\n\n<li>Le date e gli orari esatti vengono decisi insieme&nbsp;<\/li>\n\n\n\n<li>Tra i diversi momenti di coaching dovete continuare a lavorare indipendentemente al vostro film.&nbsp;<\/li>\n\n\n\n<li>Dovete calcolare almeno una settimana di lavoro, oltre alle giornate nel quali approfitterete del coaching.<\/li>\n\n\n\n<li>Il cortometraggio dev\u2019essere terminato entro il 21 dicembre ed essere iscritto al concorso del Festival del Cinema Giovane Svizzero.<\/li>\n<\/ul>\n\n\n\n<details class=\"wp-block-details is-layout-flow wp-block-details-is-layout-flow\"><summary>Procedimento&nbsp;<\/summary>\n<p><strong>Inizio giugno 2025: bando<\/strong>&nbsp;<\/p>\n\n\n\n<p>Apertura della finestra d\u2019iscrizione&nbsp;<\/p>\n\n\n\n<p><strong>17. agosto 2025: chiusura delle iscrizioni&nbsp;<\/strong><\/p>\n\n\n\n<p>I gruppi che non hanno ancora mai ricevuto il nostro coaching avranno precedenza. I gruppi selezionati riceveranno conferma entro fine agosto e verranno poi messi in contatto con la persona assegnatagli per il coaching.&nbsp;<\/p>\n\n\n\n<p><strong>Da inizio settembre a met\u00e0 dicembre: produzione<\/strong><\/p>\n\n\n\n<p>In questo lasso di tempo tutti i gruppi selezionati potranno favorire delle 2.5 giornate di coaching a disposizione. Gli appuntamenti si pianificano direttamente con la persona assegnata per il coaching.&nbsp;<\/p>\n\n\n\n<p><strong>Entro al 21 dicembre 2025: iscrizione del film&nbsp;<\/strong><\/p>\n\n\n\n<p>I gruppi iscrivono il proprio cortometraggio finito al concorso del Festival del Cinema Giovane Svizzero.<\/p>\n\n\n\n<p><strong>Entro met\u00e0 gennaio 2026:<\/strong> selezione dei film che parteciperanno al concorso<\/p>\n\n\n\n<p>Durante la selezione tutti i film iscritti vengono visionati e i gruppi vengono informati entro fino gennaio, riguardo la selezione o meno del loro film per il concorso del Festival.&nbsp;<\/p>\n\n\n\n<p><strong>11-15 marzo 2026: Festival del Cinema Giovane Svizzero.<\/strong><\/p>\n\n\n\n<p>I film selezionati partecipano al concorso del festival, vengono proietatti sul grande schermo e visionati da una giuria di professionist\u0259.&nbsp;<\/p>\n\n\n\n<p>Tutti i gruppi che partecipano all\u2019offerta di film coaching vengono invitati a partecipare al Festival e riservare gratuitamente i propri posti per la proiezione della categoria &#8211; indipendentemente dalla selezione o meno del proprio film.<\/p>\n<\/details>\n\n\n\n<h2 class=\"wp-block-heading\">Condizioni di partecipazione<\/h2>\n\n\n\n<p>Tutti i gruppi s\u2019impegnano, tramite la propria iscrizione, alle seguenti prestazioni:<\/p>\n\n\n\n<h4 class=\"wp-block-heading\">Idea e genere<\/h4>\n\n\n\n<p>Siete voi a decidere quale tema volete mettere in scena e attraverso quale genere cinematografico, sia documentaristico, sia in forma di clip musicale, animazione o commedia. Al momento dell\u2019iscrizione avete gi\u00e0 un\u2019idea di film o un tema per il film coaching e su questi continuerete lavorare con il vostro coach. \u00c8 molto importante che pianifichiate abbastanza tempo per sviluppare la vostra idea.<\/p>\n\n\n\n<details class=\"wp-block-details is-layout-flow wp-block-details-is-layout-flow\"><summary>Proposte di temi<\/summary>\n<p>Fino al 2019 i gruppi partecipanti a questa iniziativa si sono orientati a dei temi proposti dal Festival. Date un\u2019occhiata alla lista dei temi trattati e lasciatevi ispirare!<\/p>\n\n\n\n<ul class=\"wp-block-list\">\n<li>2019: money money money<\/li>\n\n\n\n<li>2018: power \u2013 cosa mi rende pi\u00f9 forte?<\/li>\n\n\n\n<li>2017: pressione e stress<\/li>\n\n\n\n<li>2016: margine di manovra<\/li>\n\n\n\n<li>2015: 2056 \u2013 sguardo al futuro&nbsp;<\/li>\n\n\n\n<li>2014: riflesso&nbsp;<\/li>\n\n\n\n<li>2013: circa una famiglia&nbsp;<\/li>\n\n\n\n<li>2012: 1\/4\/24 \u2013 un Paese, quattro regioni linguistiche, il tuo film&nbsp;<\/li>\n\n\n\n<li>2011: energia&nbsp;<\/li>\n\n\n\n<li>2010: volontariamente<\/li>\n\n\n\n<li>2009: ricercato<\/li>\n\n\n\n<li>2008: rispetto!&nbsp;<\/li>\n\n\n\n<li>2007: clima e ambiente<\/li>\n\n\n\n<li>2006: credenze e rispetto<\/li>\n\n\n\n<li>2005: patria<\/li>\n\n\n\n<li>2004: generazioni<\/li>\n\n\n\n<li>2003: frontiere del razzismo&nbsp;<\/li>\n<\/ul>\n<\/details>\n\n\n\n<h4 class=\"wp-block-heading\">Motivazione e supporto<\/h4>\n\n\n\n<p>La persona responsabile della classe o del gruppo deve essere presente durante tutte le giornate di coaching e assistente la persona responsabile del coaching. Nel caso di gruppi la cui et\u00e0 non supera i 16 anni, \u00e8 necessaria la presenza di una persona accompagnatrice maggjorenne.&nbsp;<\/p>\n\n\n\n<p>La motivazione del gruppo \u00e8 indispensabile, cos\u00ec come il lavoro del gruppo indipendentemente dalle giornate di coaching. \u00c8 anche importante che il gruppo arrivi preparato agli appuntamenti di coaching. Va calcolata almeno una settimana di lavoro, al di fuori dei momento concordati con la persona responsabile del coaching.&nbsp;<\/p>\n\n\n\n<h4 class=\"wp-block-heading\">Materiale&nbsp;<\/h4>\n\n\n\n<p>L\u2019organizzazione dell\u2019attrezzatura (videocamera, microfono, postazione di montaggio) necessaria \u00e8 responsabilt\u00e0 del gruppo o della classe. I costi legati all\u2019attrezzatura vengono coperti dal gruppo o dalla classe e non dal Festival. Nel caso non vi fosse accesso ad altro materiale, consigliamo di riprendere il film con telefonini o tablets. L\u2019assenza di materiale non deve essere motivo per rinunciare al coaching! Il Festival ha accesso a un numero limitato di videocamere, che pu\u00f2 dare in prestito in caso di necessit\u00e0. Per domande al riguardo potete volentieri <a href=\"filmworkshops@jugendfilmtage.ch\">contattarci.<\/a><\/p>\n\n\n\n<h4 class=\"wp-block-heading\">Documentazione:&nbsp;<\/h4>\n\n\n\n<p>I gruppi si occupano di raccogliere una documentazione fotografica delle giornate di coaching. Il materiale fotografico deve essere messo a disposizione del Festival, a scopo di documentazione dei progetti legati a questa iniziativa. Inoltre il gruppo deve consegnare una lista di tutte le persone partecipanti al progetto.&nbsp;<\/p>\n\n\n\n<h4 class=\"wp-block-heading\">Titoli di coda:&nbsp;<\/h4>\n\n\n\n<p>Alla fine del film va inserita un&#8217;immagine di chiusura nei titoli di coda gi\u00e0 preparata e messa a disposizione dal Festival (L&#8217;immagine contiene il logo del Festival e la seguente frase:\u201cQuesto film \u00e8 stato sostenuto dal Film Coaching del Festival del Cinema Giovane Svizzero\u201d)<\/p>\n\n\n\n<h4 class=\"wp-block-heading\">Iscrizione del film<\/h4>\n\n\n\n<p>Il cortometraggio terminato va iscritto al concorso del Festival entro il 21 dicembre 2025, all\u2019interno della <a href=\"https:\/\/jugendfilmtage.ch\/it\/iscrizione\/#eta\">categoria corretta<\/a>. In questo modo si ha la possibilit\u00e0 di partecipare all\u2019edizione seguente del Festival. Il film deve durare al minimo 1 minuto e al massimo 25 minuti, inclusi di titoli di coda.<\/p>\n\n\n\n<h2 class=\"wp-block-heading\">Domande?&nbsp;<\/h2>\n\n\n\n<p>Potete trovare risposte alle domande pi\u00f9 frequenti qui. <a href=\"filmworkshops@jugendfilmtage.ch\">Per qualsiasi altra domanda non esitate a contattarci.<\/a>&nbsp;<\/p>\n\n\n\n<div class=\"wp-block-buttons is-layout-flex wp-block-buttons-is-layout-flex\">\n<div class=\"wp-block-button\"><a class=\"wp-block-button__link wp-element-button\" href=\"https:\/\/jugendfilmtage.ch\/it\/film-coaching\/faq-film-coaching\/\">Trovare risposte<\/a><\/div>\n<\/div>\n\n\n\n<h2 class=\"wp-block-heading\">Iscrizione<\/h2>\n\n\n\n<p>Le iscrizioni al Film Coaching 2025 sono chiuse. <\/p>\n\n\n\n<p>Riapriremo le iscrizioni a partire da maggio 2026. Iscriviti alla nostra <a href=\"https:\/\/jugendfilmtage.ch\/it\/chi-siamo\/newsletter\/\">newsletter<\/a> per rimanere informat\u0259.<\/p>\n\n\n\n<p><\/p>\n","protected":false},"excerpt":{"rendered":"<p>Film Coaching Voi avete delle idee per fare un film, noi vi sosteniamo nella realizzazione.&nbsp; Volete girare un cortometraggio, avete gi\u00e0 una prima idea e tanta motivazione? Grazie all\u2019offerta di film coaching Festival del Cinema Giovane Svizzero ricevete sostegno da parte di professionist\u0259, laddove vi trovate. Voi stessi continuate a sviluppare il vostro progetto, prendendo [&hellip;]<\/p>\n","protected":false},"author":14,"featured_media":0,"parent":0,"menu_order":9,"comment_status":"closed","ping_status":"closed","template":"","meta":{"_acf_changed":false,"footnotes":""},"class_list":["post-43291","page","type-page","status-publish","hentry"],"acf":[],"yoast_head":"<!-- This site is optimized with the Yoast SEO plugin v27.4 - https:\/\/yoast.com\/product\/yoast-seo-wordpress\/ -->\n<title>Film Coaching - Schweizer Jugendfilmtage<\/title>\n<meta name=\"description\" content=\"Film Coaching Voi avete delle idee per fare un film, noi vi sosteniamo nella realizzazione.&nbsp; Volete girare un cortometraggio, avete gi\u00e0 una prima\" \/>\n<meta name=\"robots\" content=\"index, follow, max-snippet:-1, max-image-preview:large, max-video-preview:-1\" \/>\n<link rel=\"canonical\" href=\"https:\/\/jugendfilmtage.ch\/it\/film-coaching\/\" \/>\n<meta property=\"og:locale\" content=\"it_IT\" \/>\n<meta property=\"og:type\" content=\"article\" \/>\n<meta property=\"og:title\" content=\"Film Coaching - Schweizer Jugendfilmtage\" \/>\n<meta property=\"og:description\" content=\"Film Coaching Voi avete delle idee per fare un film, noi vi sosteniamo nella realizzazione.&nbsp; Volete girare un cortometraggio, avete gi\u00e0 una prima\" \/>\n<meta property=\"og:url\" content=\"https:\/\/jugendfilmtage.ch\/it\/film-coaching\/\" \/>\n<meta property=\"og:site_name\" content=\"Schweizer Jugendfilmtage\" \/>\n<meta property=\"article:publisher\" content=\"https:\/\/www.facebook.com\/Jugendfilmtage\" \/>\n<meta property=\"article:modified_time\" content=\"2025-08-18T14:34:34+00:00\" \/>\n<meta property=\"og:image\" content=\"https:\/\/jugendfilmtage.ch\/wp-content\/uploads\/2024\/06\/jft-gallery-C28A1079-800x533-1-edited.jpg\" \/>\n\t<meta property=\"og:image:width\" content=\"800\" \/>\n\t<meta property=\"og:image:height\" content=\"450\" \/>\n\t<meta property=\"og:image:type\" content=\"image\/jpeg\" \/>\n<meta name=\"twitter:card\" content=\"summary_large_image\" \/>\n<meta name=\"twitter:site\" content=\"@jugendfilmtage\" \/>\n<meta name=\"twitter:label1\" content=\"Tempo di lettura stimato\" \/>\n\t<meta name=\"twitter:data1\" content=\"7 minuti\" \/>\n<script type=\"application\/ld+json\" class=\"yoast-schema-graph\">{\"@context\":\"https:\\\/\\\/schema.org\",\"@graph\":[{\"@type\":\"WebPage\",\"@id\":\"https:\\\/\\\/jugendfilmtage.ch\\\/it\\\/film-coaching\\\/\",\"url\":\"https:\\\/\\\/jugendfilmtage.ch\\\/it\\\/film-coaching\\\/\",\"name\":\"Film Coaching - Schweizer Jugendfilmtage\",\"isPartOf\":{\"@id\":\"https:\\\/\\\/jugendfilmtage.ch\\\/it\\\/#website\"},\"primaryImageOfPage\":{\"@id\":\"https:\\\/\\\/jugendfilmtage.ch\\\/it\\\/film-coaching\\\/#primaryimage\"},\"image\":{\"@id\":\"https:\\\/\\\/jugendfilmtage.ch\\\/it\\\/film-coaching\\\/#primaryimage\"},\"thumbnailUrl\":\"https:\\\/\\\/jugendfilmtage.ch\\\/wp-content\\\/uploads\\\/2024\\\/06\\\/jft-gallery-C28A1079-800x533-1-edited.jpg\",\"datePublished\":\"2025-07-21T10:02:40+00:00\",\"dateModified\":\"2025-08-18T14:34:34+00:00\",\"description\":\"Film Coaching Voi avete delle idee per fare un film, noi vi sosteniamo nella realizzazione.&nbsp; Volete girare un cortometraggio, avete gi\u00e0 una prima\",\"inLanguage\":\"it-IT\",\"potentialAction\":[{\"@type\":\"ReadAction\",\"target\":[\"https:\\\/\\\/jugendfilmtage.ch\\\/it\\\/film-coaching\\\/\"]}]},{\"@type\":\"ImageObject\",\"inLanguage\":\"it-IT\",\"@id\":\"https:\\\/\\\/jugendfilmtage.ch\\\/it\\\/film-coaching\\\/#primaryimage\",\"url\":\"https:\\\/\\\/jugendfilmtage.ch\\\/wp-content\\\/uploads\\\/2024\\\/06\\\/jft-gallery-C28A1079-800x533-1-edited.jpg\",\"contentUrl\":\"https:\\\/\\\/jugendfilmtage.ch\\\/wp-content\\\/uploads\\\/2024\\\/06\\\/jft-gallery-C28A1079-800x533-1-edited.jpg\"},{\"@type\":\"WebSite\",\"@id\":\"https:\\\/\\\/jugendfilmtage.ch\\\/it\\\/#website\",\"url\":\"https:\\\/\\\/jugendfilmtage.ch\\\/it\\\/\",\"name\":\"Schweizer Jugendfilmtage\",\"description\":\"Festival Cin\u00e9 Jeunesse Suisse\",\"potentialAction\":[{\"@type\":\"SearchAction\",\"target\":{\"@type\":\"EntryPoint\",\"urlTemplate\":\"https:\\\/\\\/jugendfilmtage.ch\\\/it\\\/?s={search_term_string}\"},\"query-input\":{\"@type\":\"PropertyValueSpecification\",\"valueRequired\":true,\"valueName\":\"search_term_string\"}}],\"inLanguage\":\"it-IT\"}]}<\/script>\n<!-- \/ Yoast SEO plugin. -->","yoast_head_json":{"title":"Film Coaching - Schweizer Jugendfilmtage","description":"Film Coaching Voi avete delle idee per fare un film, noi vi sosteniamo nella realizzazione.&nbsp; Volete girare un cortometraggio, avete gi\u00e0 una prima","robots":{"index":"index","follow":"follow","max-snippet":"max-snippet:-1","max-image-preview":"max-image-preview:large","max-video-preview":"max-video-preview:-1"},"canonical":"https:\/\/jugendfilmtage.ch\/it\/film-coaching\/","og_locale":"it_IT","og_type":"article","og_title":"Film Coaching - Schweizer Jugendfilmtage","og_description":"Film Coaching Voi avete delle idee per fare un film, noi vi sosteniamo nella realizzazione.&nbsp; Volete girare un cortometraggio, avete gi\u00e0 una prima","og_url":"https:\/\/jugendfilmtage.ch\/it\/film-coaching\/","og_site_name":"Schweizer Jugendfilmtage","article_publisher":"https:\/\/www.facebook.com\/Jugendfilmtage","article_modified_time":"2025-08-18T14:34:34+00:00","og_image":[{"width":800,"height":450,"url":"https:\/\/jugendfilmtage.ch\/wp-content\/uploads\/2024\/06\/jft-gallery-C28A1079-800x533-1-edited.jpg","type":"image\/jpeg"}],"twitter_card":"summary_large_image","twitter_site":"@jugendfilmtage","twitter_misc":{"Tempo di lettura stimato":"7 minuti"},"schema":{"@context":"https:\/\/schema.org","@graph":[{"@type":"WebPage","@id":"https:\/\/jugendfilmtage.ch\/it\/film-coaching\/","url":"https:\/\/jugendfilmtage.ch\/it\/film-coaching\/","name":"Film Coaching - Schweizer Jugendfilmtage","isPartOf":{"@id":"https:\/\/jugendfilmtage.ch\/it\/#website"},"primaryImageOfPage":{"@id":"https:\/\/jugendfilmtage.ch\/it\/film-coaching\/#primaryimage"},"image":{"@id":"https:\/\/jugendfilmtage.ch\/it\/film-coaching\/#primaryimage"},"thumbnailUrl":"https:\/\/jugendfilmtage.ch\/wp-content\/uploads\/2024\/06\/jft-gallery-C28A1079-800x533-1-edited.jpg","datePublished":"2025-07-21T10:02:40+00:00","dateModified":"2025-08-18T14:34:34+00:00","description":"Film Coaching Voi avete delle idee per fare un film, noi vi sosteniamo nella realizzazione.&nbsp; Volete girare un cortometraggio, avete gi\u00e0 una prima","inLanguage":"it-IT","potentialAction":[{"@type":"ReadAction","target":["https:\/\/jugendfilmtage.ch\/it\/film-coaching\/"]}]},{"@type":"ImageObject","inLanguage":"it-IT","@id":"https:\/\/jugendfilmtage.ch\/it\/film-coaching\/#primaryimage","url":"https:\/\/jugendfilmtage.ch\/wp-content\/uploads\/2024\/06\/jft-gallery-C28A1079-800x533-1-edited.jpg","contentUrl":"https:\/\/jugendfilmtage.ch\/wp-content\/uploads\/2024\/06\/jft-gallery-C28A1079-800x533-1-edited.jpg"},{"@type":"WebSite","@id":"https:\/\/jugendfilmtage.ch\/it\/#website","url":"https:\/\/jugendfilmtage.ch\/it\/","name":"Schweizer Jugendfilmtage","description":"Festival Cin\u00e9 Jeunesse Suisse","potentialAction":[{"@type":"SearchAction","target":{"@type":"EntryPoint","urlTemplate":"https:\/\/jugendfilmtage.ch\/it\/?s={search_term_string}"},"query-input":{"@type":"PropertyValueSpecification","valueRequired":true,"valueName":"search_term_string"}}],"inLanguage":"it-IT"}]}},"_links":{"self":[{"href":"https:\/\/jugendfilmtage.ch\/it\/wp-json\/wp\/v2\/pages\/43291","targetHints":{"allow":["GET"]}}],"collection":[{"href":"https:\/\/jugendfilmtage.ch\/it\/wp-json\/wp\/v2\/pages"}],"about":[{"href":"https:\/\/jugendfilmtage.ch\/it\/wp-json\/wp\/v2\/types\/page"}],"author":[{"embeddable":true,"href":"https:\/\/jugendfilmtage.ch\/it\/wp-json\/wp\/v2\/users\/14"}],"replies":[{"embeddable":true,"href":"https:\/\/jugendfilmtage.ch\/it\/wp-json\/wp\/v2\/comments?post=43291"}],"version-history":[{"count":10,"href":"https:\/\/jugendfilmtage.ch\/it\/wp-json\/wp\/v2\/pages\/43291\/revisions"}],"predecessor-version":[{"id":47744,"href":"https:\/\/jugendfilmtage.ch\/it\/wp-json\/wp\/v2\/pages\/43291\/revisions\/47744"}],"wp:attachment":[{"href":"https:\/\/jugendfilmtage.ch\/it\/wp-json\/wp\/v2\/media?parent=43291"}],"curies":[{"name":"wp","href":"https:\/\/api.w.org\/{rel}","templated":true}]}}