{"id":43266,"date":"2025-07-21T11:46:28","date_gmt":"2025-07-21T09:46:28","guid":{"rendered":"https:\/\/jugendfilmtage.ch\/?page_id=43266"},"modified":"2026-03-02T12:16:35","modified_gmt":"2026-03-02T11:16:35","slug":"giornata-clap-clap","status":"publish","type":"page","link":"https:\/\/jugendfilmtage.ch\/it\/giornata-clap-clap\/","title":{"rendered":"Giornata \u00abClap! Clap!\u00bb"},"content":{"rendered":"\n<figure class=\"wp-block-image size-full\"><img loading=\"lazy\" decoding=\"async\" width=\"985\" height=\"480\" src=\"https:\/\/jugendfilmtage.ch\/wp-content\/uploads\/2024\/06\/Screenshot-2024-06-03-at-17.29.08.png\" alt=\"Schweizer Jugendfilmtage Klappe Auf!\" class=\"wp-image-25686\" srcset=\"https:\/\/jugendfilmtage.ch\/wp-content\/uploads\/2024\/06\/Screenshot-2024-06-03-at-17.29.08.png 985w, https:\/\/jugendfilmtage.ch\/wp-content\/uploads\/2024\/06\/Screenshot-2024-06-03-at-17.29.08-300x146.png 300w, https:\/\/jugendfilmtage.ch\/wp-content\/uploads\/2024\/06\/Screenshot-2024-06-03-at-17.29.08-880x429.png 880w, https:\/\/jugendfilmtage.ch\/wp-content\/uploads\/2024\/06\/Screenshot-2024-06-03-at-17.29.08-768x374.png 768w\" sizes=\"auto, (max-width: 985px) 100vw, 985px\" \/><\/figure>\n\n\n\n<h1 class=\"wp-block-heading\">Giornata \u00abClap! Clap!\u00bb<\/h1>\n\n\n\n<p><br>Sabato 14 marzo 2026 si svolger\u00e0 l&#8217; 11\u00b0 edizione di \u00abClap! Clap!\u00bb \u2013 la nostra iniziativa di networking per giovani interessati al mondo del cinema. Partecipa anche tu e metti in moto il tuo progetto cinematografico!<\/p>\n\n\n\n<p>In questa occasione il Festival del Cinema Giovane Svizzero ti offre l\u2019occasione di sviluppare la tua idea per un film, di presentarla a un pubblico e di instaurare un contatto diretto con divers\u0259  professionist\u0259 dell\u2019industria cinematografica.&nbsp;<\/p>\n\n\n\n<p>L\u2019intera giornata \u00e8 gratuita! Che tu sia principiante o gi\u00e0 ben avviat\u0259 &#8211; ce n\u2019\u00e8 per tutt\u0259!<\/p>\n\n\n\n<p><strong>Quando: sabato 14 marzo 2026, 10:00-17:00.<\/strong><\/p>\n\n\n\n<p><strong>Dove: Planet5 (Sihlquai 240, 8005 Zurigo)<\/strong><\/p>\n\n\n<style>.kb-table-of-content-nav.kb-table-of-content-id43266_760754-75 .kb-table-of-content-wrap{padding-top:var(--global-kb-spacing-sm, 1.5rem);padding-right:var(--global-kb-spacing-sm, 1.5rem);padding-bottom:var(--global-kb-spacing-sm, 1.5rem);padding-left:var(--global-kb-spacing-sm, 1.5rem);}.kb-table-of-content-nav.kb-table-of-content-id43266_760754-75 .kb-table-of-contents-title-wrap{padding-top:0px;padding-right:0px;padding-bottom:0px;padding-left:0px;}.kb-table-of-content-nav.kb-table-of-content-id43266_760754-75 .kb-table-of-contents-title{font-weight:regular;font-style:normal;}.kb-table-of-content-nav.kb-table-of-content-id43266_760754-75 .kb-table-of-content-wrap .kb-table-of-content-list{font-weight:regular;font-style:normal;margin-top:var(--global-kb-spacing-sm, 1.5rem);margin-right:0px;margin-bottom:0px;margin-left:0px;}<\/style>\n\n\n<h2 class=\"wp-block-heading\">\u00abClap! Clap!\u00bb Workshops (su prenotazione \/ al completo)<\/h2>\n\n\n\n<h3 class=\"wp-block-heading\"><strong>\u00abStarterkit\u00bb<\/strong><\/h3>\n\n\n\n<p>Orario: 10:00-13:00 (pranzo incluso)&nbsp;<\/p>\n\n\n\n<p>Hai un\u2019idea di storia, ma non sai ancora esattamente come trasformarla in un vero e proprio film? Durante il workshop Starterkit riceverai diversi consigli pratici riguardo lo sviluppo della narrazione e del racconto cinematografico. Il workshop \u00e8 offerto in tedesco, francese ed inglese. <\/p>\n\n\n\n<p>L\u2019iscrizione \u00e8 aperta a persone tra i 16 e i 27 anni di et\u00e0.&nbsp;<\/p>\n\n\n\n<p>Il laboratorio viene gestito da filmkids.ch&nbsp;<\/p>\n\n\n\n<p><\/p>\n\n\n\n<figure class=\"wp-block-image size-large\"><img loading=\"lazy\" decoding=\"async\" width=\"880\" height=\"660\" src=\"https:\/\/jugendfilmtage.ch\/wp-content\/uploads\/2024\/06\/240316_KlappeAuf_WalterGilgen-0459-Kopie-880x660.jpg\" alt=\"Schweizer Jugendfilmtage Klappe Auf!\" class=\"wp-image-25611\" srcset=\"https:\/\/jugendfilmtage.ch\/wp-content\/uploads\/2024\/06\/240316_KlappeAuf_WalterGilgen-0459-Kopie-880x660.jpg 880w, https:\/\/jugendfilmtage.ch\/wp-content\/uploads\/2024\/06\/240316_KlappeAuf_WalterGilgen-0459-Kopie-300x225.jpg 300w, https:\/\/jugendfilmtage.ch\/wp-content\/uploads\/2024\/06\/240316_KlappeAuf_WalterGilgen-0459-Kopie-768x576.jpg 768w, https:\/\/jugendfilmtage.ch\/wp-content\/uploads\/2024\/06\/240316_KlappeAuf_WalterGilgen-0459-Kopie-1536x1152.jpg 1536w, https:\/\/jugendfilmtage.ch\/wp-content\/uploads\/2024\/06\/240316_KlappeAuf_WalterGilgen-0459-Kopie.jpg 2000w\" sizes=\"auto, (max-width: 880px) 100vw, 880px\" \/><\/figure>\n\n\n\n<h3 class=\"wp-block-heading\"><strong>\u00abPitching\u00bb<\/strong><\/h3>\n\n\n\n<p>Orario: 10:00-13:00 (pranzo incluso)<\/p>\n\n\n\n<p>Hai un\u2019idea per un cortometraggio (massimo 15 minuti) e t\u2019interessa un sostegno per la realizzazione? Il laboratorio di presentazione serve ad allenarti e prepararti a presentare al meglio e in modo convincente la tua idea a un pubblico: come puoi spiegare la tua idea in modo convincente in pochi minuti? Come puoi creare interesse per il tuo progetto? Come puoi presentarti in modo sicuro e convincente davanti a un pubblico?<\/p>\n\n\n\n<p>Il workshop \u00e8 offerto in tedesco, francese ed inglese. <\/p>\n\n\n\n<p>Durante la Pitching Competition che si svolger\u00e0 nel pomeriggio potrai mettere in pratica quanto imparato al mattino e presentare la tua idea a una giuria di espert\u0259  e al pubblico!<\/p>\n\n\n\n<p>Responsabile del laboratorio: Adrian Kelterborn. <\/p>\n\n\n\n<p>L\u2019iscrizione \u00e8 aperta a persone tra i 18 e i 27 anni e il numero di partecipant\u0259 \u00e8 limitato a 12.&nbsp;<\/p>\n\n\n\n<p><\/p>\n\n\n\n<p><\/p>\n\n\n\n<h2 class=\"wp-block-heading\">\u00abClap! Clap!\u00bb &nbsp;Pitching Competition (aperto al pubblico)<\/h2>\n\n\n\n<p>Orario: 13:30-15:00<\/p>\n\n\n\n<p>Coloro che hanno partecipato al Workshop <strong>\u00abPitching\u00bb<\/strong> tenuto al mattino avranno tre minuti a testa per presentare al pubblico e a una giuria di esperti la propria idea per un cortometraggio. Sul posto riceveranno un feedback diretto della giuria e potranno eventualmente, rispondendo a delle domande, spiegare pi\u00f9 nel dettaglio alcuni aspetti del proprio progetto.<\/p>\n\n\n\n<p>\u00c8 possibile presentare la propria idea in tedesco, francese ed inglese. <\/p>\n\n\n\n<figure class=\"wp-block-image size-large\"><img loading=\"lazy\" decoding=\"async\" width=\"880\" height=\"660\" src=\"https:\/\/jugendfilmtage.ch\/wp-content\/uploads\/2024\/06\/240316_PitchingCompetition_WalterGilgen-0737-880x660.jpg\" alt=\"Schweizer Jugendfilmtage Klappe Auf!\" class=\"wp-image-25617\" srcset=\"https:\/\/jugendfilmtage.ch\/wp-content\/uploads\/2024\/06\/240316_PitchingCompetition_WalterGilgen-0737-880x660.jpg 880w, https:\/\/jugendfilmtage.ch\/wp-content\/uploads\/2024\/06\/240316_PitchingCompetition_WalterGilgen-0737-300x225.jpg 300w, https:\/\/jugendfilmtage.ch\/wp-content\/uploads\/2024\/06\/240316_PitchingCompetition_WalterGilgen-0737-768x576.jpg 768w, https:\/\/jugendfilmtage.ch\/wp-content\/uploads\/2024\/06\/240316_PitchingCompetition_WalterGilgen-0737-1536x1152.jpg 1536w, https:\/\/jugendfilmtage.ch\/wp-content\/uploads\/2024\/06\/240316_PitchingCompetition_WalterGilgen-0737.jpg 2000w\" sizes=\"auto, (max-width: 880px) 100vw, 880px\" \/><\/figure>\n\n\n\n<p><\/p>\n\n\n\n<h3 class=\"wp-block-heading\"><strong>Premi<\/strong><\/h3>\n\n\n\n<p>La persona vincitrice del concorso riceve:&nbsp;<\/p>\n\n\n\n<ul class=\"wp-block-list\">\n<li>1&#8217;000 CHF&nbsp;<\/li>\n\n\n\n<li>Coaching da parte di tre espert\u0259  per sviluppare il proprio progetto cinematografico \u2013 ad esempio nell\u2019ambito di scrittura, camera, direzione della recitazione, animazione, luci, montaggio e cos\u00ec via.&nbsp;<\/li>\n<\/ul>\n\n\n\n<p>Inoltre:&nbsp;<\/p>\n\n\n\n<ul class=\"wp-block-list\">\n<li>Il cortometraggio prodotto verr\u00e0 presentato l\u2019anno seguente in qualit\u00e0 di film d\u2019apertura del Festival del Cinema Giovane Svizzero.<\/li>\n\n\n\n<li>Il cortometraggio sar\u00e0 poi accessibile sulle piattaforme streaming PlaySuisse e Filmkids+<\/li>\n\n\n\n<li>Il Festival del Cinema Giovane Svizzero sosterr\u00e0 la promozione e ulteriore distribuzione del film.<\/li>\n<\/ul>\n\n\n\n<p><\/p>\n\n\n\n<div class=\"wp-block-buttons is-layout-flex wp-block-buttons-is-layout-flex\">\n<div class=\"wp-block-button is-style-outline is-style-outline--2\"><a class=\"wp-block-button__link wp-element-button\">Qui trovi i film realizzati fino ad ora<\/a><\/div>\n<\/div>\n\n\n\n<h2 class=\"wp-block-heading\">\u00abClap! Clap!\u00bb Networking (aperto al pubblico)<\/h2>\n\n\n\n<p>Orario: 15:00-17.15 (aperitivo incluso)<\/p>\n\n\n\n<p>Dopo il concorso d\u2019idee il pomeriggio continua in maniera pi\u00f9 informale con la possibilit\u00e0 di conoscere e dialogare con i nostri partner e con student\u0259 di diverse scuole di cinema.&nbsp;<\/p>\n\n\n\n<h3 class=\"wp-block-heading\">Meet the partners:&nbsp;<\/h3>\n\n\n\n<p>\u00abClap! Clap!\u00bb \u00e8 una collaborazione tra il Festival del Cinema Giovane Svizzero, G\u00e4ssli Film Festival, Zuger Filmtage, Upcoming Filmakers, castellinaria, filmkids.ch e #cin\u00e9. I nostri partner saranno presenti e disponibili per una chiacchierata!<\/p>\n\n\n\n<h3 class=\"wp-block-heading\">Meet Filmstaff:&nbsp;<\/h3>\n\n\n\n<p>Filmstaff \u00e8 un\u2019iniziativa dell\u2019associazione di categoria dell\u2019industria cinematografica svizzera, che si pone come obbiettivo la facilitazione all\u2019accesso ai mestieri dell\u2019industria.<\/p>\n\n\n\n<h3 class=\"wp-block-heading\">Meet the Film Schools:&nbsp;<\/h3>\n\n\n\n<p>Divers\u0259 student\u0259 di scuole di cinema svizzere (ZHdK, HSLU Animation, HSLU Video, HEAD, \u00e9cal) saranno presenti per presentare il curricolo offerto dalla propria scuola.<\/p>\n\n\n<style>.kadence-column43266_f361a6-e3 > .kt-inside-inner-col,.kadence-column43266_f361a6-e3 > .kt-inside-inner-col:before{border-top-left-radius:0px;border-top-right-radius:0px;border-bottom-right-radius:0px;border-bottom-left-radius:0px;}.kadence-column43266_f361a6-e3 > .kt-inside-inner-col{column-gap:var(--global-kb-gap-sm, 1rem);}.kadence-column43266_f361a6-e3 > .kt-inside-inner-col{flex-direction:column;}.kadence-column43266_f361a6-e3 > .kt-inside-inner-col > .aligncenter{width:100%;}.kadence-column43266_f361a6-e3 > .kt-inside-inner-col:before{opacity:0.3;}.kadence-column43266_f361a6-e3{position:relative;}@media all and (max-width: 1024px){.kadence-column43266_f361a6-e3 > .kt-inside-inner-col{flex-direction:column;justify-content:center;}}@media all and (max-width: 767px){.kadence-column43266_f361a6-e3 > .kt-inside-inner-col{flex-direction:column;justify-content:center;}}<\/style>\n<div class=\"wp-block-kadence-column kadence-column43266_f361a6-e3\"><div class=\"kt-inside-inner-col\"><\/div><\/div>\n\n\n\n<p><\/p>\n\n\n\n<p>\u00abClap! Clap!\u00bb \u00e8 una collaborazione tra il Festival del Cinema Giovane Svizzero, G\u00e4ssli Film Festival, Zuger Filmtage, Upcoming Filmakers, Castellinaria, filmkids.ch e #cine ed \u00e8 un\u2019iniziativa sostenuta dalla SRG SSR.<\/p>\n","protected":false},"excerpt":{"rendered":"<p>Giornata \u00abClap! Clap!\u00bb Sabato 14 marzo 2026 si svolger\u00e0 l&#8217; 11\u00b0 edizione di \u00abClap! Clap!\u00bb \u2013 la nostra iniziativa di networking per giovani interessati al mondo del cinema. Partecipa anche tu e metti in moto il tuo progetto cinematografico! In questa occasione il Festival del Cinema Giovane Svizzero ti offre l\u2019occasione di sviluppare la tua [&hellip;]<\/p>\n","protected":false},"author":14,"featured_media":0,"parent":0,"menu_order":5,"comment_status":"closed","ping_status":"closed","template":"","meta":{"_acf_changed":false,"footnotes":""},"class_list":["post-43266","page","type-page","status-publish","hentry"],"acf":[],"yoast_head":"<!-- This site is optimized with the Yoast SEO plugin v27.4 - https:\/\/yoast.com\/product\/yoast-seo-wordpress\/ -->\n<title>Giornata \u00abClap! Clap!\u00bb - Schweizer Jugendfilmtage<\/title>\n<meta name=\"description\" content=\"Giornata \u00abClap! Clap!\u00bb Sabato 14 marzo 2026 si svolger\u00e0 l&#039; 11\u00b0 edizione di \u00abClap! Clap!\u00bb \u2013 la nostra iniziativa di networking per giovani interessati al\" \/>\n<meta name=\"robots\" content=\"index, follow, max-snippet:-1, max-image-preview:large, max-video-preview:-1\" \/>\n<link rel=\"canonical\" href=\"https:\/\/jugendfilmtage.ch\/it\/giornata-clap-clap\/\" \/>\n<meta property=\"og:locale\" content=\"it_IT\" \/>\n<meta property=\"og:type\" content=\"article\" \/>\n<meta property=\"og:title\" content=\"Giornata \u00abClap! Clap!\u00bb - Schweizer Jugendfilmtage\" \/>\n<meta property=\"og:description\" content=\"Giornata \u00abClap! Clap!\u00bb Sabato 14 marzo 2026 si svolger\u00e0 l&#039; 11\u00b0 edizione di \u00abClap! Clap!\u00bb \u2013 la nostra iniziativa di networking per giovani interessati al\" \/>\n<meta property=\"og:url\" content=\"https:\/\/jugendfilmtage.ch\/it\/giornata-clap-clap\/\" \/>\n<meta property=\"og:site_name\" content=\"Schweizer Jugendfilmtage\" \/>\n<meta property=\"article:publisher\" content=\"https:\/\/www.facebook.com\/Jugendfilmtage\" \/>\n<meta property=\"article:modified_time\" content=\"2026-03-02T11:16:35+00:00\" \/>\n<meta property=\"og:image\" content=\"https:\/\/jugendfilmtage.ch\/wp-content\/uploads\/2024\/06\/Screenshot-2024-06-03-at-17.29.08.png\" \/>\n\t<meta property=\"og:image:width\" content=\"985\" \/>\n\t<meta property=\"og:image:height\" content=\"480\" \/>\n\t<meta property=\"og:image:type\" content=\"image\/png\" \/>\n<meta name=\"twitter:card\" content=\"summary_large_image\" \/>\n<meta name=\"twitter:site\" content=\"@jugendfilmtage\" \/>\n<meta name=\"twitter:label1\" content=\"Tempo di lettura stimato\" \/>\n\t<meta name=\"twitter:data1\" content=\"5 minuti\" \/>\n<script type=\"application\/ld+json\" class=\"yoast-schema-graph\">{\"@context\":\"https:\\\/\\\/schema.org\",\"@graph\":[{\"@type\":\"WebPage\",\"@id\":\"https:\\\/\\\/jugendfilmtage.ch\\\/it\\\/giornata-clap-clap\\\/\",\"url\":\"https:\\\/\\\/jugendfilmtage.ch\\\/it\\\/giornata-clap-clap\\\/\",\"name\":\"Giornata \u00abClap! Clap!\u00bb - Schweizer Jugendfilmtage\",\"isPartOf\":{\"@id\":\"https:\\\/\\\/jugendfilmtage.ch\\\/it\\\/#website\"},\"primaryImageOfPage\":{\"@id\":\"https:\\\/\\\/jugendfilmtage.ch\\\/it\\\/giornata-clap-clap\\\/#primaryimage\"},\"image\":{\"@id\":\"https:\\\/\\\/jugendfilmtage.ch\\\/it\\\/giornata-clap-clap\\\/#primaryimage\"},\"thumbnailUrl\":\"https:\\\/\\\/jugendfilmtage.ch\\\/wp-content\\\/uploads\\\/2024\\\/06\\\/Screenshot-2024-06-03-at-17.29.08.png\",\"datePublished\":\"2025-07-21T09:46:28+00:00\",\"dateModified\":\"2026-03-02T11:16:35+00:00\",\"description\":\"Giornata \u00abClap! Clap!\u00bb Sabato 14 marzo 2026 si svolger\u00e0 l' 11\u00b0 edizione di \u00abClap! Clap!\u00bb \u2013 la nostra iniziativa di networking per giovani interessati al\",\"inLanguage\":\"it-IT\",\"potentialAction\":[{\"@type\":\"ReadAction\",\"target\":[\"https:\\\/\\\/jugendfilmtage.ch\\\/it\\\/giornata-clap-clap\\\/\"]}]},{\"@type\":\"ImageObject\",\"inLanguage\":\"it-IT\",\"@id\":\"https:\\\/\\\/jugendfilmtage.ch\\\/it\\\/giornata-clap-clap\\\/#primaryimage\",\"url\":\"https:\\\/\\\/jugendfilmtage.ch\\\/wp-content\\\/uploads\\\/2024\\\/06\\\/Screenshot-2024-06-03-at-17.29.08.png\",\"contentUrl\":\"https:\\\/\\\/jugendfilmtage.ch\\\/wp-content\\\/uploads\\\/2024\\\/06\\\/Screenshot-2024-06-03-at-17.29.08.png\"},{\"@type\":\"WebSite\",\"@id\":\"https:\\\/\\\/jugendfilmtage.ch\\\/it\\\/#website\",\"url\":\"https:\\\/\\\/jugendfilmtage.ch\\\/it\\\/\",\"name\":\"Schweizer Jugendfilmtage\",\"description\":\"Festival Cin\u00e9 Jeunesse Suisse\",\"potentialAction\":[{\"@type\":\"SearchAction\",\"target\":{\"@type\":\"EntryPoint\",\"urlTemplate\":\"https:\\\/\\\/jugendfilmtage.ch\\\/it\\\/?s={search_term_string}\"},\"query-input\":{\"@type\":\"PropertyValueSpecification\",\"valueRequired\":true,\"valueName\":\"search_term_string\"}}],\"inLanguage\":\"it-IT\"}]}<\/script>\n<!-- \/ Yoast SEO plugin. -->","yoast_head_json":{"title":"Giornata \u00abClap! Clap!\u00bb - Schweizer Jugendfilmtage","description":"Giornata \u00abClap! Clap!\u00bb Sabato 14 marzo 2026 si svolger\u00e0 l' 11\u00b0 edizione di \u00abClap! Clap!\u00bb \u2013 la nostra iniziativa di networking per giovani interessati al","robots":{"index":"index","follow":"follow","max-snippet":"max-snippet:-1","max-image-preview":"max-image-preview:large","max-video-preview":"max-video-preview:-1"},"canonical":"https:\/\/jugendfilmtage.ch\/it\/giornata-clap-clap\/","og_locale":"it_IT","og_type":"article","og_title":"Giornata \u00abClap! Clap!\u00bb - Schweizer Jugendfilmtage","og_description":"Giornata \u00abClap! Clap!\u00bb Sabato 14 marzo 2026 si svolger\u00e0 l' 11\u00b0 edizione di \u00abClap! Clap!\u00bb \u2013 la nostra iniziativa di networking per giovani interessati al","og_url":"https:\/\/jugendfilmtage.ch\/it\/giornata-clap-clap\/","og_site_name":"Schweizer Jugendfilmtage","article_publisher":"https:\/\/www.facebook.com\/Jugendfilmtage","article_modified_time":"2026-03-02T11:16:35+00:00","og_image":[{"width":985,"height":480,"url":"https:\/\/jugendfilmtage.ch\/wp-content\/uploads\/2024\/06\/Screenshot-2024-06-03-at-17.29.08.png","type":"image\/png"}],"twitter_card":"summary_large_image","twitter_site":"@jugendfilmtage","twitter_misc":{"Tempo di lettura stimato":"5 minuti"},"schema":{"@context":"https:\/\/schema.org","@graph":[{"@type":"WebPage","@id":"https:\/\/jugendfilmtage.ch\/it\/giornata-clap-clap\/","url":"https:\/\/jugendfilmtage.ch\/it\/giornata-clap-clap\/","name":"Giornata \u00abClap! Clap!\u00bb - Schweizer Jugendfilmtage","isPartOf":{"@id":"https:\/\/jugendfilmtage.ch\/it\/#website"},"primaryImageOfPage":{"@id":"https:\/\/jugendfilmtage.ch\/it\/giornata-clap-clap\/#primaryimage"},"image":{"@id":"https:\/\/jugendfilmtage.ch\/it\/giornata-clap-clap\/#primaryimage"},"thumbnailUrl":"https:\/\/jugendfilmtage.ch\/wp-content\/uploads\/2024\/06\/Screenshot-2024-06-03-at-17.29.08.png","datePublished":"2025-07-21T09:46:28+00:00","dateModified":"2026-03-02T11:16:35+00:00","description":"Giornata \u00abClap! Clap!\u00bb Sabato 14 marzo 2026 si svolger\u00e0 l' 11\u00b0 edizione di \u00abClap! Clap!\u00bb \u2013 la nostra iniziativa di networking per giovani interessati al","inLanguage":"it-IT","potentialAction":[{"@type":"ReadAction","target":["https:\/\/jugendfilmtage.ch\/it\/giornata-clap-clap\/"]}]},{"@type":"ImageObject","inLanguage":"it-IT","@id":"https:\/\/jugendfilmtage.ch\/it\/giornata-clap-clap\/#primaryimage","url":"https:\/\/jugendfilmtage.ch\/wp-content\/uploads\/2024\/06\/Screenshot-2024-06-03-at-17.29.08.png","contentUrl":"https:\/\/jugendfilmtage.ch\/wp-content\/uploads\/2024\/06\/Screenshot-2024-06-03-at-17.29.08.png"},{"@type":"WebSite","@id":"https:\/\/jugendfilmtage.ch\/it\/#website","url":"https:\/\/jugendfilmtage.ch\/it\/","name":"Schweizer Jugendfilmtage","description":"Festival Cin\u00e9 Jeunesse Suisse","potentialAction":[{"@type":"SearchAction","target":{"@type":"EntryPoint","urlTemplate":"https:\/\/jugendfilmtage.ch\/it\/?s={search_term_string}"},"query-input":{"@type":"PropertyValueSpecification","valueRequired":true,"valueName":"search_term_string"}}],"inLanguage":"it-IT"}]}},"_links":{"self":[{"href":"https:\/\/jugendfilmtage.ch\/it\/wp-json\/wp\/v2\/pages\/43266","targetHints":{"allow":["GET"]}}],"collection":[{"href":"https:\/\/jugendfilmtage.ch\/it\/wp-json\/wp\/v2\/pages"}],"about":[{"href":"https:\/\/jugendfilmtage.ch\/it\/wp-json\/wp\/v2\/types\/page"}],"author":[{"embeddable":true,"href":"https:\/\/jugendfilmtage.ch\/it\/wp-json\/wp\/v2\/users\/14"}],"replies":[{"embeddable":true,"href":"https:\/\/jugendfilmtage.ch\/it\/wp-json\/wp\/v2\/comments?post=43266"}],"version-history":[{"count":11,"href":"https:\/\/jugendfilmtage.ch\/it\/wp-json\/wp\/v2\/pages\/43266\/revisions"}],"predecessor-version":[{"id":74644,"href":"https:\/\/jugendfilmtage.ch\/it\/wp-json\/wp\/v2\/pages\/43266\/revisions\/74644"}],"wp:attachment":[{"href":"https:\/\/jugendfilmtage.ch\/it\/wp-json\/wp\/v2\/media?parent=43266"}],"curies":[{"name":"wp","href":"https:\/\/api.w.org\/{rel}","templated":true}]}}