{"id":42970,"date":"2025-07-21T11:35:13","date_gmt":"2025-07-21T09:35:13","guid":{"rendered":"https:\/\/jugendfilmtage.ch\/?page_id=42970"},"modified":"2025-08-05T17:11:25","modified_gmt":"2025-08-05T15:11:25","slug":"attivita","status":"publish","type":"page","link":"https:\/\/jugendfilmtage.ch\/it\/il-festival\/attivita\/","title":{"rendered":"Attivit\u00e0"},"content":{"rendered":"\n<figure class=\"wp-block-image alignwide size-large\"><img loading=\"lazy\" decoding=\"async\" width=\"2560\" height=\"1440\" src=\"https:\/\/jugendfilmtage.ch\/wp-content\/uploads\/2024\/06\/0D8A8390-edited-2-scaled.jpg\" alt=\"Schweizer Jugendfilmtage Aktivit\u00e4ten Austausch \" class=\"wp-image-26091\" srcset=\"https:\/\/jugendfilmtage.ch\/wp-content\/uploads\/2024\/06\/0D8A8390-edited-2-scaled.jpg 2560w, https:\/\/jugendfilmtage.ch\/wp-content\/uploads\/2024\/06\/0D8A8390-edited-2-300x169.jpg 300w, https:\/\/jugendfilmtage.ch\/wp-content\/uploads\/2024\/06\/0D8A8390-edited-2-880x495.jpg 880w, https:\/\/jugendfilmtage.ch\/wp-content\/uploads\/2024\/06\/0D8A8390-edited-2-768x432.jpg 768w, https:\/\/jugendfilmtage.ch\/wp-content\/uploads\/2024\/06\/0D8A8390-edited-2-1536x864.jpg 1536w, https:\/\/jugendfilmtage.ch\/wp-content\/uploads\/2024\/06\/0D8A8390-edited-2-2048x1152.jpg 2048w\" sizes=\"auto, (max-width: 2560px) 100vw, 2560px\" \/><\/figure>\n\n\n\n<h1 class=\"wp-block-heading\">Attivit\u00e0 <\/h1>\n\n\n\n<p>Qui puoi trovare tutte le attivit\u00e0 offerte durante il Festival del Cinema Giovane Svizzero. Fino ai 30 anni, c\u2019\u00e8 qualcosa per ogni et\u00e0!&nbsp;<\/p>\n\n\n\n<p>Se non indicato altrimenti, le attivit\u00e0 sono gratuite.<\/p>\n\n\n\n<h2 class=\"wp-block-heading\">Giornata \u00abClap! Clap!\u00bb<\/h2>\n\n\n\n<p>Nel corso del Festival organizziamo una giornata \u00abClap! Clap!\u00bb: due laboratori, un concorso d\u2019idee e un interessante pomeriggio di networking. Ti offriamo la possibilit\u00e0 di sviluppare le tue idee cinematografiche e di presentarle, e di prendere contatto con professionist\u0259 dell\u2019industria del cinema cos\u00ec come di quella dei festival.<\/p>\n\n\n\n<p><\/p>\n\n\n\n<div class=\"wp-block-buttons is-layout-flex wp-block-buttons-is-layout-flex\">\n<div class=\"wp-block-button\"><a class=\"wp-block-button__link wp-element-button\" href=\"https:\/\/jugendfilmtage.ch\/it\/giornata-clap-clap\/\">scopri di pi\u00f9<\/a><\/div>\n<\/div>\n\n\n\n<h2 class=\"wp-block-heading\">Ateliers <\/h2>\n\n\n\n<p>Gli ateliers si svolgono durante il fine settimana del Festival. Ti danno la possibilit\u00e0 di approfondire alcuni ambiti del cinema, di scoprire la quotidianit\u00e0 di professionist\u0259 dell\u2019industria e di acquisire nuove conoscenze.&nbsp;<\/p>\n\n\n\n<p>Negli ultimi anni abbiamo proposto ateliers in ambito di direzione della recitazione, animazione, luci, critica cinematografica, serie web, musica da film, scrittura, camera, video musicali, recitazione, storyboard e molto altro.<\/p>\n\n\n\n<h2 class=\"wp-block-heading\">Talent Camp<\/h2>\n\n\n\n<p>Il talent Camp si svolge durante le giornate del Festival e mette in contatto giovani cinesat\u0259 svizzer\u0259 ed ester\u0259. Chi vi partecipa pu\u00f2 godere di diversi corsi, laboratori e dell\u2019intero programma del Festival. Le persone che partecipano al Talent Camp sono tutte ospiti della stessa guesthouse, in modo da spronare lo sviluppo di nuove amicizie e di una rete internazionale. Nel 2025 abbiamo festeggiato la 5a edizione del Talent Camp!<\/p>\n\n\n\n<p><\/p>\n\n\n\n<div class=\"wp-block-buttons is-layout-flex wp-block-buttons-is-layout-flex\">\n<div class=\"wp-block-button\"><a class=\"wp-block-button__link wp-element-button\" href=\"https:\/\/jugendfilmtage.ch\/talent-camp\/\">scopri di pi\u00f9<\/a><\/div>\n<\/div>\n","protected":false},"excerpt":{"rendered":"<p>Attivit\u00e0 Qui puoi trovare tutte le attivit\u00e0 offerte durante il Festival del Cinema Giovane Svizzero. Fino ai 30 anni, c\u2019\u00e8 qualcosa per ogni et\u00e0!&nbsp; Se non indicato altrimenti, le attivit\u00e0 sono gratuite. Giornata \u00abClap! Clap!\u00bb Nel corso del Festival organizziamo una giornata \u00abClap! Clap!\u00bb: due laboratori, un concorso d\u2019idee e un interessante pomeriggio di networking. [&hellip;]<\/p>\n","protected":false},"author":14,"featured_media":0,"parent":42911,"menu_order":3,"comment_status":"closed","ping_status":"closed","template":"","meta":{"_acf_changed":false,"footnotes":""},"class_list":["post-42970","page","type-page","status-publish","hentry"],"acf":[],"yoast_head":"<!-- This site is optimized with the Yoast SEO plugin v27.4 - https:\/\/yoast.com\/product\/yoast-seo-wordpress\/ -->\n<title>Attivit\u00e0 - Schweizer Jugendfilmtage<\/title>\n<meta name=\"description\" content=\"Attivit\u00e0 Qui puoi trovare tutte le attivit\u00e0 offerte durante il Festival del Cinema Giovane Svizzero. Fino ai 30 anni, c\u2019\u00e8 qualcosa per ogni et\u00e0!&nbsp; Se\" \/>\n<meta name=\"robots\" content=\"index, follow, max-snippet:-1, max-image-preview:large, max-video-preview:-1\" \/>\n<link rel=\"canonical\" href=\"https:\/\/jugendfilmtage.ch\/it\/il-festival\/attivita\/\" \/>\n<meta property=\"og:locale\" content=\"it_IT\" \/>\n<meta property=\"og:type\" content=\"article\" \/>\n<meta property=\"og:title\" content=\"Attivit\u00e0 - Schweizer Jugendfilmtage\" \/>\n<meta property=\"og:description\" content=\"Attivit\u00e0 Qui puoi trovare tutte le attivit\u00e0 offerte durante il Festival del Cinema Giovane Svizzero. Fino ai 30 anni, c\u2019\u00e8 qualcosa per ogni et\u00e0!&nbsp; Se\" \/>\n<meta property=\"og:url\" content=\"https:\/\/jugendfilmtage.ch\/it\/il-festival\/attivita\/\" \/>\n<meta property=\"og:site_name\" content=\"Schweizer Jugendfilmtage\" \/>\n<meta property=\"article:publisher\" content=\"https:\/\/www.facebook.com\/Jugendfilmtage\" \/>\n<meta property=\"article:modified_time\" content=\"2025-08-05T15:11:25+00:00\" \/>\n<meta property=\"og:image\" content=\"https:\/\/jugendfilmtage.ch\/wp-content\/uploads\/2024\/06\/0D8A8390-edited-2-scaled.jpg\" \/>\n\t<meta property=\"og:image:width\" content=\"2560\" \/>\n\t<meta property=\"og:image:height\" content=\"1440\" \/>\n\t<meta property=\"og:image:type\" content=\"image\/jpeg\" \/>\n<meta name=\"twitter:card\" content=\"summary_large_image\" \/>\n<meta name=\"twitter:site\" content=\"@jugendfilmtage\" \/>\n<meta name=\"twitter:label1\" content=\"Tempo di lettura stimato\" \/>\n\t<meta name=\"twitter:data1\" content=\"2 minuti\" \/>\n<script type=\"application\/ld+json\" class=\"yoast-schema-graph\">{\"@context\":\"https:\\\/\\\/schema.org\",\"@graph\":[{\"@type\":\"WebPage\",\"@id\":\"https:\\\/\\\/jugendfilmtage.ch\\\/it\\\/il-festival\\\/attivita\\\/\",\"url\":\"https:\\\/\\\/jugendfilmtage.ch\\\/it\\\/il-festival\\\/attivita\\\/\",\"name\":\"Attivit\u00e0 - Schweizer Jugendfilmtage\",\"isPartOf\":{\"@id\":\"https:\\\/\\\/jugendfilmtage.ch\\\/it\\\/#website\"},\"primaryImageOfPage\":{\"@id\":\"https:\\\/\\\/jugendfilmtage.ch\\\/it\\\/il-festival\\\/attivita\\\/#primaryimage\"},\"image\":{\"@id\":\"https:\\\/\\\/jugendfilmtage.ch\\\/it\\\/il-festival\\\/attivita\\\/#primaryimage\"},\"thumbnailUrl\":\"https:\\\/\\\/jugendfilmtage.ch\\\/wp-content\\\/uploads\\\/2024\\\/06\\\/0D8A8390-edited-2-scaled.jpg\",\"datePublished\":\"2025-07-21T09:35:13+00:00\",\"dateModified\":\"2025-08-05T15:11:25+00:00\",\"description\":\"Attivit\u00e0 Qui puoi trovare tutte le attivit\u00e0 offerte durante il Festival del Cinema Giovane Svizzero. Fino ai 30 anni, c\u2019\u00e8 qualcosa per ogni et\u00e0!&nbsp; Se\",\"breadcrumb\":{\"@id\":\"https:\\\/\\\/jugendfilmtage.ch\\\/it\\\/il-festival\\\/attivita\\\/#breadcrumb\"},\"inLanguage\":\"it-IT\",\"potentialAction\":[{\"@type\":\"ReadAction\",\"target\":[\"https:\\\/\\\/jugendfilmtage.ch\\\/it\\\/il-festival\\\/attivita\\\/\"]}]},{\"@type\":\"ImageObject\",\"inLanguage\":\"it-IT\",\"@id\":\"https:\\\/\\\/jugendfilmtage.ch\\\/it\\\/il-festival\\\/attivita\\\/#primaryimage\",\"url\":\"https:\\\/\\\/jugendfilmtage.ch\\\/wp-content\\\/uploads\\\/2024\\\/06\\\/0D8A8390-edited-2-scaled.jpg\",\"contentUrl\":\"https:\\\/\\\/jugendfilmtage.ch\\\/wp-content\\\/uploads\\\/2024\\\/06\\\/0D8A8390-edited-2-scaled.jpg\"},{\"@type\":\"BreadcrumbList\",\"@id\":\"https:\\\/\\\/jugendfilmtage.ch\\\/it\\\/il-festival\\\/attivita\\\/#breadcrumb\",\"itemListElement\":[{\"@type\":\"ListItem\",\"position\":1,\"name\":\"Il Festival\",\"item\":\"https:\\\/\\\/jugendfilmtage.ch\\\/it\\\/il-festival\\\/\"},{\"@type\":\"ListItem\",\"position\":2,\"name\":\"Attivit\u00e0\"}]},{\"@type\":\"WebSite\",\"@id\":\"https:\\\/\\\/jugendfilmtage.ch\\\/it\\\/#website\",\"url\":\"https:\\\/\\\/jugendfilmtage.ch\\\/it\\\/\",\"name\":\"Schweizer Jugendfilmtage\",\"description\":\"Festival Cin\u00e9 Jeunesse Suisse\",\"potentialAction\":[{\"@type\":\"SearchAction\",\"target\":{\"@type\":\"EntryPoint\",\"urlTemplate\":\"https:\\\/\\\/jugendfilmtage.ch\\\/it\\\/?s={search_term_string}\"},\"query-input\":{\"@type\":\"PropertyValueSpecification\",\"valueRequired\":true,\"valueName\":\"search_term_string\"}}],\"inLanguage\":\"it-IT\"}]}<\/script>\n<!-- \/ Yoast SEO plugin. -->","yoast_head_json":{"title":"Attivit\u00e0 - Schweizer Jugendfilmtage","description":"Attivit\u00e0 Qui puoi trovare tutte le attivit\u00e0 offerte durante il Festival del Cinema Giovane Svizzero. Fino ai 30 anni, c\u2019\u00e8 qualcosa per ogni et\u00e0!&nbsp; Se","robots":{"index":"index","follow":"follow","max-snippet":"max-snippet:-1","max-image-preview":"max-image-preview:large","max-video-preview":"max-video-preview:-1"},"canonical":"https:\/\/jugendfilmtage.ch\/it\/il-festival\/attivita\/","og_locale":"it_IT","og_type":"article","og_title":"Attivit\u00e0 - Schweizer Jugendfilmtage","og_description":"Attivit\u00e0 Qui puoi trovare tutte le attivit\u00e0 offerte durante il Festival del Cinema Giovane Svizzero. Fino ai 30 anni, c\u2019\u00e8 qualcosa per ogni et\u00e0!&nbsp; Se","og_url":"https:\/\/jugendfilmtage.ch\/it\/il-festival\/attivita\/","og_site_name":"Schweizer Jugendfilmtage","article_publisher":"https:\/\/www.facebook.com\/Jugendfilmtage","article_modified_time":"2025-08-05T15:11:25+00:00","og_image":[{"width":2560,"height":1440,"url":"https:\/\/jugendfilmtage.ch\/wp-content\/uploads\/2024\/06\/0D8A8390-edited-2-scaled.jpg","type":"image\/jpeg"}],"twitter_card":"summary_large_image","twitter_site":"@jugendfilmtage","twitter_misc":{"Tempo di lettura stimato":"2 minuti"},"schema":{"@context":"https:\/\/schema.org","@graph":[{"@type":"WebPage","@id":"https:\/\/jugendfilmtage.ch\/it\/il-festival\/attivita\/","url":"https:\/\/jugendfilmtage.ch\/it\/il-festival\/attivita\/","name":"Attivit\u00e0 - Schweizer Jugendfilmtage","isPartOf":{"@id":"https:\/\/jugendfilmtage.ch\/it\/#website"},"primaryImageOfPage":{"@id":"https:\/\/jugendfilmtage.ch\/it\/il-festival\/attivita\/#primaryimage"},"image":{"@id":"https:\/\/jugendfilmtage.ch\/it\/il-festival\/attivita\/#primaryimage"},"thumbnailUrl":"https:\/\/jugendfilmtage.ch\/wp-content\/uploads\/2024\/06\/0D8A8390-edited-2-scaled.jpg","datePublished":"2025-07-21T09:35:13+00:00","dateModified":"2025-08-05T15:11:25+00:00","description":"Attivit\u00e0 Qui puoi trovare tutte le attivit\u00e0 offerte durante il Festival del Cinema Giovane Svizzero. Fino ai 30 anni, c\u2019\u00e8 qualcosa per ogni et\u00e0!&nbsp; Se","breadcrumb":{"@id":"https:\/\/jugendfilmtage.ch\/it\/il-festival\/attivita\/#breadcrumb"},"inLanguage":"it-IT","potentialAction":[{"@type":"ReadAction","target":["https:\/\/jugendfilmtage.ch\/it\/il-festival\/attivita\/"]}]},{"@type":"ImageObject","inLanguage":"it-IT","@id":"https:\/\/jugendfilmtage.ch\/it\/il-festival\/attivita\/#primaryimage","url":"https:\/\/jugendfilmtage.ch\/wp-content\/uploads\/2024\/06\/0D8A8390-edited-2-scaled.jpg","contentUrl":"https:\/\/jugendfilmtage.ch\/wp-content\/uploads\/2024\/06\/0D8A8390-edited-2-scaled.jpg"},{"@type":"BreadcrumbList","@id":"https:\/\/jugendfilmtage.ch\/it\/il-festival\/attivita\/#breadcrumb","itemListElement":[{"@type":"ListItem","position":1,"name":"Il Festival","item":"https:\/\/jugendfilmtage.ch\/it\/il-festival\/"},{"@type":"ListItem","position":2,"name":"Attivit\u00e0"}]},{"@type":"WebSite","@id":"https:\/\/jugendfilmtage.ch\/it\/#website","url":"https:\/\/jugendfilmtage.ch\/it\/","name":"Schweizer Jugendfilmtage","description":"Festival Cin\u00e9 Jeunesse Suisse","potentialAction":[{"@type":"SearchAction","target":{"@type":"EntryPoint","urlTemplate":"https:\/\/jugendfilmtage.ch\/it\/?s={search_term_string}"},"query-input":{"@type":"PropertyValueSpecification","valueRequired":true,"valueName":"search_term_string"}}],"inLanguage":"it-IT"}]}},"_links":{"self":[{"href":"https:\/\/jugendfilmtage.ch\/it\/wp-json\/wp\/v2\/pages\/42970","targetHints":{"allow":["GET"]}}],"collection":[{"href":"https:\/\/jugendfilmtage.ch\/it\/wp-json\/wp\/v2\/pages"}],"about":[{"href":"https:\/\/jugendfilmtage.ch\/it\/wp-json\/wp\/v2\/types\/page"}],"author":[{"embeddable":true,"href":"https:\/\/jugendfilmtage.ch\/it\/wp-json\/wp\/v2\/users\/14"}],"replies":[{"embeddable":true,"href":"https:\/\/jugendfilmtage.ch\/it\/wp-json\/wp\/v2\/comments?post=42970"}],"version-history":[{"count":4,"href":"https:\/\/jugendfilmtage.ch\/it\/wp-json\/wp\/v2\/pages\/42970\/revisions"}],"predecessor-version":[{"id":47577,"href":"https:\/\/jugendfilmtage.ch\/it\/wp-json\/wp\/v2\/pages\/42970\/revisions\/47577"}],"up":[{"embeddable":true,"href":"https:\/\/jugendfilmtage.ch\/it\/wp-json\/wp\/v2\/pages\/42911"}],"wp:attachment":[{"href":"https:\/\/jugendfilmtage.ch\/it\/wp-json\/wp\/v2\/media?parent=42970"}],"curies":[{"name":"wp","href":"https:\/\/api.w.org\/{rel}","templated":true}]}}