{"id":9463,"date":"2019-08-26T21:15:49","date_gmt":"2019-08-26T21:15:49","guid":{"rendered":"https:\/\/2024.jugendfilmtage.ch\/fr\/?page_id=9463"},"modified":"2024-11-20T17:44:48","modified_gmt":"2024-11-20T16:44:48","slug":"festival-2020","status":"publish","type":"page","link":"https:\/\/jugendfilmtage.ch\/fr\/archives\/festival-2020\/","title":{"rendered":"Festival 2020"},"content":{"rendered":"\n<h1 class=\"wp-block-heading\">Festival 2020<\/h1>\n\n\n\n<h3 class=\"wp-block-heading\">C&rsquo;est ce qui a marqu\u00e9 le 44\u1d49 Festival Cin\u00e9 Jeunesse Suisse :<\/h3>\n\n\n\n<p>Le 44\u1d49 Festival Cin\u00e9 Jeunesse Suisse s&rsquo;est d\u00e9roul\u00e9 du 26 au 29 mars 2020 sur divers canaux en ligne.<\/p>\n\n\n\n<p><\/p>\n\n\n\n<div class=\"wp-block-buttons is-layout-flex wp-block-buttons-is-layout-flex\">\n<div class=\"wp-block-button is-style-outline is-style-outline--2\"><a class=\"wp-block-button__link wp-element-button\">Canaux de streaming<\/a><\/div>\n<\/div>\n\n\n\n<ul class=\"wp-block-list\">\n<li><a href=\"https:\/\/jugendfilmtage.ch\/wp-content\/uploads\/2024\/11\/JFT_2020_A2_Plakat.pdf\">Le poster <\/a>(.pdf)<\/li>\n\n\n\n<li><a href=\"https:\/\/jugendfilmtage.ch\/wp-content\/uploads\/2024\/11\/JFT_2020_Programmheft.pdf\">Le programme complet<\/a> (.pdf)<\/li>\n\n\n\n<li><a href=\"https:\/\/jugendfilmtage.ch\/archiv\/festival-2020\/gewinnerinnen-44-schweizer-jugendfilmtage-2020\/\">Les gagnant\u00b7es du 44\u1d49 Festival Cin\u00e9 Jeunesse Suisse<\/a><\/li>\n\n\n\n<li><a href=\"https:\/\/jugendfilmtage.ch\/archiv\/festival-2020\/jury-2020\/\">Le Jury <\/a><\/li>\n\n\n\n<li><a href=\"https:\/\/youtu.be\/6IsfKAfVvHI\">La bande-annonce<\/a> (sur YouTube)<\/li>\n\n\n\n<li>Vous trouverez <a href=\"https:\/\/jugendfilmtage.ch\/wp-content\/uploads\/2020\/04\/21_Medienspiegel_low.pdf\">ici une s\u00e9lection<\/a> des articles r\u00e9dactionnels (.pdf)<\/li>\n<\/ul>\n\n\n\n<figure class=\"wp-block-image size-large\"><img loading=\"lazy\" decoding=\"async\" width=\"744\" height=\"1000\" src=\"https:\/\/jugendfilmtage.ch\/wp-content\/uploads\/2020\/03\/Bildschirmfoto-2020-03-12-um-11.44.03-744x1000.png\" alt=\"Die 44. Schweizer Jugendfilmtage\" class=\"wp-image-11648\" srcset=\"https:\/\/jugendfilmtage.ch\/wp-content\/uploads\/2020\/03\/Bildschirmfoto-2020-03-12-um-11.44.03-744x1000.png 744w, https:\/\/jugendfilmtage.ch\/wp-content\/uploads\/2020\/03\/Bildschirmfoto-2020-03-12-um-11.44.03-223x300.png 223w, https:\/\/jugendfilmtage.ch\/wp-content\/uploads\/2020\/03\/Bildschirmfoto-2020-03-12-um-11.44.03-768x1033.png 768w, https:\/\/jugendfilmtage.ch\/wp-content\/uploads\/2020\/03\/Bildschirmfoto-2020-03-12-um-11.44.03-1142x1536.png 1142w, https:\/\/jugendfilmtage.ch\/wp-content\/uploads\/2020\/03\/Bildschirmfoto-2020-03-12-um-11.44.03.png 1444w\" sizes=\"auto, (max-width: 744px) 100vw, 744px\" \/><\/figure>\n","protected":false},"excerpt":{"rendered":"<p>Festival 2020 C&rsquo;est ce qui a marqu\u00e9 le 44\u1d49 Festival Cin\u00e9 Jeunesse Suisse : Le 44\u1d49 Festival Cin\u00e9 Jeunesse Suisse s&rsquo;est d\u00e9roul\u00e9 du 26 au 29 mars 2020 sur divers canaux en ligne.<\/p>\n","protected":false},"author":14,"featured_media":0,"parent":440,"menu_order":5,"comment_status":"closed","ping_status":"closed","template":"","meta":{"_acf_changed":false,"footnotes":""},"class_list":["post-9463","page","type-page","status-publish","hentry"],"acf":[],"yoast_head":"<!-- This site is optimized with the Yoast SEO plugin v27.4 - https:\/\/yoast.com\/product\/yoast-seo-wordpress\/ -->\n<title>Festival 2020 - FR Schweizer Jugendfilmtage<\/title>\n<meta name=\"description\" content=\"le 44\u1d49 Festival Cin\u00e9 Jeunesse Suisse 2020\" \/>\n<meta name=\"robots\" content=\"index, follow, max-snippet:-1, max-image-preview:large, max-video-preview:-1\" \/>\n<link rel=\"canonical\" href=\"https:\/\/jugendfilmtage.ch\/fr\/archives\/festival-2020\/\" \/>\n<meta property=\"og:locale\" content=\"fr_FR\" \/>\n<meta property=\"og:type\" content=\"article\" \/>\n<meta property=\"og:title\" content=\"Festival 2020 - FR Schweizer Jugendfilmtage\" \/>\n<meta property=\"og:description\" content=\"le 44\u1d49 Festival Cin\u00e9 Jeunesse Suisse 2020\" \/>\n<meta property=\"og:url\" content=\"https:\/\/jugendfilmtage.ch\/fr\/archives\/festival-2020\/\" \/>\n<meta property=\"og:site_name\" content=\"FR Schweizer Jugendfilmtage\" \/>\n<meta property=\"article:publisher\" content=\"https:\/\/www.facebook.com\/Jugendfilmtage\" \/>\n<meta property=\"article:modified_time\" content=\"2024-11-20T16:44:48+00:00\" \/>\n<meta property=\"og:image\" content=\"https:\/\/jugendfilmtage.ch\/wp-content\/uploads\/2020\/03\/Bildschirmfoto-2020-03-12-um-11.44.03-744x1000.png\" \/>\n\t<meta property=\"og:image:width\" content=\"744\" \/>\n\t<meta property=\"og:image:height\" content=\"1000\" \/>\n\t<meta property=\"og:image:type\" content=\"image\/png\" \/>\n<meta name=\"twitter:card\" content=\"summary_large_image\" \/>\n<meta name=\"twitter:site\" content=\"@jugendfilmtage\" \/>\n<meta name=\"twitter:label1\" content=\"Dur\u00e9e de lecture estim\u00e9e\" \/>\n\t<meta name=\"twitter:data1\" content=\"1 minute\" \/>\n<script type=\"application\/ld+json\" class=\"yoast-schema-graph\">{\"@context\":\"https:\\\/\\\/schema.org\",\"@graph\":[{\"@type\":\"WebPage\",\"@id\":\"https:\\\/\\\/jugendfilmtage.ch\\\/fr\\\/archives\\\/festival-2020\\\/\",\"url\":\"https:\\\/\\\/jugendfilmtage.ch\\\/fr\\\/archives\\\/festival-2020\\\/\",\"name\":\"Festival 2020 - FR Schweizer Jugendfilmtage\",\"isPartOf\":{\"@id\":\"https:\\\/\\\/jugendfilmtage.ch\\\/fr\\\/#website\"},\"primaryImageOfPage\":{\"@id\":\"https:\\\/\\\/jugendfilmtage.ch\\\/fr\\\/archives\\\/festival-2020\\\/#primaryimage\"},\"image\":{\"@id\":\"https:\\\/\\\/jugendfilmtage.ch\\\/fr\\\/archives\\\/festival-2020\\\/#primaryimage\"},\"thumbnailUrl\":\"https:\\\/\\\/jugendfilmtage.ch\\\/wp-content\\\/uploads\\\/2020\\\/03\\\/Bildschirmfoto-2020-03-12-um-11.44.03-744x1000.png\",\"datePublished\":\"2019-08-26T21:15:49+00:00\",\"dateModified\":\"2024-11-20T16:44:48+00:00\",\"description\":\"le 44\u1d49 Festival Cin\u00e9 Jeunesse Suisse 2020\",\"breadcrumb\":{\"@id\":\"https:\\\/\\\/jugendfilmtage.ch\\\/fr\\\/archives\\\/festival-2020\\\/#breadcrumb\"},\"inLanguage\":\"fr-FR\",\"potentialAction\":[{\"@type\":\"ReadAction\",\"target\":[\"https:\\\/\\\/jugendfilmtage.ch\\\/fr\\\/archives\\\/festival-2020\\\/\"]}]},{\"@type\":\"ImageObject\",\"inLanguage\":\"fr-FR\",\"@id\":\"https:\\\/\\\/jugendfilmtage.ch\\\/fr\\\/archives\\\/festival-2020\\\/#primaryimage\",\"url\":\"https:\\\/\\\/jugendfilmtage.ch\\\/wp-content\\\/uploads\\\/2020\\\/03\\\/Bildschirmfoto-2020-03-12-um-11.44.03-744x1000.png\",\"contentUrl\":\"https:\\\/\\\/jugendfilmtage.ch\\\/wp-content\\\/uploads\\\/2020\\\/03\\\/Bildschirmfoto-2020-03-12-um-11.44.03-744x1000.png\"},{\"@type\":\"BreadcrumbList\",\"@id\":\"https:\\\/\\\/jugendfilmtage.ch\\\/fr\\\/archives\\\/festival-2020\\\/#breadcrumb\",\"itemListElement\":[{\"@type\":\"ListItem\",\"position\":1,\"name\":\"Archive\",\"item\":\"https:\\\/\\\/jugendfilmtage.ch\\\/fr\\\/archives\\\/\"},{\"@type\":\"ListItem\",\"position\":2,\"name\":\"Festival 2020\"}]},{\"@type\":\"WebSite\",\"@id\":\"https:\\\/\\\/jugendfilmtage.ch\\\/fr\\\/#website\",\"url\":\"https:\\\/\\\/jugendfilmtage.ch\\\/fr\\\/\",\"name\":\"FR Schweizer Jugendfilmtage\",\"description\":\"FR Festival Cin\u00e9 Jeunesse Suisse\",\"potentialAction\":[{\"@type\":\"SearchAction\",\"target\":{\"@type\":\"EntryPoint\",\"urlTemplate\":\"https:\\\/\\\/jugendfilmtage.ch\\\/fr\\\/?s={search_term_string}\"},\"query-input\":{\"@type\":\"PropertyValueSpecification\",\"valueRequired\":true,\"valueName\":\"search_term_string\"}}],\"inLanguage\":\"fr-FR\"}]}<\/script>\n<!-- \/ Yoast SEO plugin. -->","yoast_head_json":{"title":"Festival 2020 - FR Schweizer Jugendfilmtage","description":"le 44\u1d49 Festival Cin\u00e9 Jeunesse Suisse 2020","robots":{"index":"index","follow":"follow","max-snippet":"max-snippet:-1","max-image-preview":"max-image-preview:large","max-video-preview":"max-video-preview:-1"},"canonical":"https:\/\/jugendfilmtage.ch\/fr\/archives\/festival-2020\/","og_locale":"fr_FR","og_type":"article","og_title":"Festival 2020 - FR Schweizer Jugendfilmtage","og_description":"le 44\u1d49 Festival Cin\u00e9 Jeunesse Suisse 2020","og_url":"https:\/\/jugendfilmtage.ch\/fr\/archives\/festival-2020\/","og_site_name":"FR Schweizer Jugendfilmtage","article_publisher":"https:\/\/www.facebook.com\/Jugendfilmtage","article_modified_time":"2024-11-20T16:44:48+00:00","og_image":[{"width":744,"height":1000,"url":"https:\/\/jugendfilmtage.ch\/wp-content\/uploads\/2020\/03\/Bildschirmfoto-2020-03-12-um-11.44.03-744x1000.png","type":"image\/png"}],"twitter_card":"summary_large_image","twitter_site":"@jugendfilmtage","twitter_misc":{"Dur\u00e9e de lecture estim\u00e9e":"1 minute"},"schema":{"@context":"https:\/\/schema.org","@graph":[{"@type":"WebPage","@id":"https:\/\/jugendfilmtage.ch\/fr\/archives\/festival-2020\/","url":"https:\/\/jugendfilmtage.ch\/fr\/archives\/festival-2020\/","name":"Festival 2020 - FR Schweizer Jugendfilmtage","isPartOf":{"@id":"https:\/\/jugendfilmtage.ch\/fr\/#website"},"primaryImageOfPage":{"@id":"https:\/\/jugendfilmtage.ch\/fr\/archives\/festival-2020\/#primaryimage"},"image":{"@id":"https:\/\/jugendfilmtage.ch\/fr\/archives\/festival-2020\/#primaryimage"},"thumbnailUrl":"https:\/\/jugendfilmtage.ch\/wp-content\/uploads\/2020\/03\/Bildschirmfoto-2020-03-12-um-11.44.03-744x1000.png","datePublished":"2019-08-26T21:15:49+00:00","dateModified":"2024-11-20T16:44:48+00:00","description":"le 44\u1d49 Festival Cin\u00e9 Jeunesse Suisse 2020","breadcrumb":{"@id":"https:\/\/jugendfilmtage.ch\/fr\/archives\/festival-2020\/#breadcrumb"},"inLanguage":"fr-FR","potentialAction":[{"@type":"ReadAction","target":["https:\/\/jugendfilmtage.ch\/fr\/archives\/festival-2020\/"]}]},{"@type":"ImageObject","inLanguage":"fr-FR","@id":"https:\/\/jugendfilmtage.ch\/fr\/archives\/festival-2020\/#primaryimage","url":"https:\/\/jugendfilmtage.ch\/wp-content\/uploads\/2020\/03\/Bildschirmfoto-2020-03-12-um-11.44.03-744x1000.png","contentUrl":"https:\/\/jugendfilmtage.ch\/wp-content\/uploads\/2020\/03\/Bildschirmfoto-2020-03-12-um-11.44.03-744x1000.png"},{"@type":"BreadcrumbList","@id":"https:\/\/jugendfilmtage.ch\/fr\/archives\/festival-2020\/#breadcrumb","itemListElement":[{"@type":"ListItem","position":1,"name":"Archive","item":"https:\/\/jugendfilmtage.ch\/fr\/archives\/"},{"@type":"ListItem","position":2,"name":"Festival 2020"}]},{"@type":"WebSite","@id":"https:\/\/jugendfilmtage.ch\/fr\/#website","url":"https:\/\/jugendfilmtage.ch\/fr\/","name":"FR Schweizer Jugendfilmtage","description":"FR Festival Cin\u00e9 Jeunesse Suisse","potentialAction":[{"@type":"SearchAction","target":{"@type":"EntryPoint","urlTemplate":"https:\/\/jugendfilmtage.ch\/fr\/?s={search_term_string}"},"query-input":{"@type":"PropertyValueSpecification","valueRequired":true,"valueName":"search_term_string"}}],"inLanguage":"fr-FR"}]}},"_links":{"self":[{"href":"https:\/\/jugendfilmtage.ch\/fr\/wp-json\/wp\/v2\/pages\/9463","targetHints":{"allow":["GET"]}}],"collection":[{"href":"https:\/\/jugendfilmtage.ch\/fr\/wp-json\/wp\/v2\/pages"}],"about":[{"href":"https:\/\/jugendfilmtage.ch\/fr\/wp-json\/wp\/v2\/types\/page"}],"author":[{"embeddable":true,"href":"https:\/\/jugendfilmtage.ch\/fr\/wp-json\/wp\/v2\/users\/14"}],"replies":[{"embeddable":true,"href":"https:\/\/jugendfilmtage.ch\/fr\/wp-json\/wp\/v2\/comments?post=9463"}],"version-history":[{"count":15,"href":"https:\/\/jugendfilmtage.ch\/fr\/wp-json\/wp\/v2\/pages\/9463\/revisions"}],"predecessor-version":[{"id":28014,"href":"https:\/\/jugendfilmtage.ch\/fr\/wp-json\/wp\/v2\/pages\/9463\/revisions\/28014"}],"up":[{"embeddable":true,"href":"https:\/\/jugendfilmtage.ch\/fr\/wp-json\/wp\/v2\/pages\/440"}],"wp:attachment":[{"href":"https:\/\/jugendfilmtage.ch\/fr\/wp-json\/wp\/v2\/media?parent=9463"}],"curies":[{"name":"wp","href":"https:\/\/api.w.org\/{rel}","templated":true}]}}