{"id":9209,"date":"2019-03-17T22:09:24","date_gmt":"2019-03-17T22:09:24","guid":{"rendered":"https:\/\/2024.jugendfilmtage.ch\/fr\/programme-2019\/gewinerinnen-2019\/"},"modified":"2024-11-15T16:30:01","modified_gmt":"2024-11-15T15:30:01","slug":"gewinnerinnen-43-schweizer-jugendfilmtage","status":"publish","type":"page","link":"https:\/\/jugendfilmtage.ch\/fr\/archives\/festival-2019\/gewinnerinnen-43-schweizer-jugendfilmtage\/","title":{"rendered":"Gewinner*innen 43. Schweizer Jugendfilmtage"},"content":{"rendered":"\n<figure class=\"wp-block-image size-full\"><img loading=\"lazy\" decoding=\"async\" width=\"5142\" height=\"2893\" src=\"https:\/\/jugendfilmtage.ch\/wp-content\/uploads\/2019\/03\/DSCF5811.jpg\" alt=\"Gewinner*innen der 43. Schweizer Jugendfilmtage\" class=\"wp-image-9207\" srcset=\"https:\/\/jugendfilmtage.ch\/wp-content\/uploads\/2019\/03\/DSCF5811.jpg 5142w, https:\/\/jugendfilmtage.ch\/wp-content\/uploads\/2019\/03\/DSCF5811-300x169.jpg 300w, https:\/\/jugendfilmtage.ch\/wp-content\/uploads\/2019\/03\/DSCF5811-768x432.jpg 768w, https:\/\/jugendfilmtage.ch\/wp-content\/uploads\/2019\/03\/DSCF5811-880x495.jpg 880w\" sizes=\"auto, (max-width: 5142px) 100vw, 5142px\" \/><\/figure>\n\n\n\n<h1 class=\"wp-block-heading\">Gewinner*innen 43. Schweizer Jugendfilmtage<\/h1>\n\n\n\n<figure class=\"wp-block-image size-full\"><img decoding=\"async\" src=\"https:\/\/jugendfilmtage.ch\/wp-content\/uploads\/2024\/03\/icon-der-springende-panther.svg\" alt=\"Icon: Der springende Panther\" class=\"wp-image-25288\"\/><\/figure>\n\n\n\n<details class=\"wp-block-details is-layout-flow wp-block-details-is-layout-flow\"><summary>Kategorie A, bis 16 Jahre<\/summary>\n<p><strong>1. \u00dcber die Linie<\/strong><\/p>\n\n\n\n<p>Regie: Nora Luz (Basel Landschaft)<\/p>\n\n\n\n<p><em>Es ist nicht selbstverst\u00e4ndlich, dass sich eine junge Frau mit den Gef\u00fchlen eines Jugendlichen auseinandersetzt, der von seinen Mitsch\u00fclern ausgegrenzt wird, weil er schwul ist. Mutig und vorurteilsfrei inszeniert Nora Luz wichtige Themen wie Homosexualit\u00e4t, Mobbing und Zusammenhalt auf aussagestarke Art und Weise. Sie vermittelt damit die relevante Botschaft, dass Akzeptanz und gegenseitige Unterst\u00fctzung zu den wichtigsten menschlichen Qualit\u00e4ten z\u00e4hlen. Die Regisseurin experimentiert mit verschiedenen Kameraeinstellungen und scheut es nicht, unangenehme Stille auf der Leinwand darzustellen. Ihr gutes Gesp\u00fcr f\u00fcr Dramaturgie hat die Jury besonders \u00fcberzeugt.<\/em><\/p>\n\n\n\n<p><strong>2. A portal cat&rsquo;s guide to the galaxy<\/strong><\/p>\n\n\n\n<p>Regie: Annika Lutzke (Z\u00fcrich)<\/p>\n\n\n\n<p><em>Die Geschichte einer Katze, die sich auf eine Entdeckungsreise durch die Galaxie begibt, \u00fcberzeugt durch ihre charmante Erz\u00e4hlweise. Die Story hat die Jury und das Publikum immer wieder zum Schmunzeln gebracht.&nbsp;Besonders beeindruckt hat uns die gekonnt angewendete Animationstechnik und das souver\u00e4n gestaltete Sound-Design. Ein erfrischendes Abenteuer im Katzenuniversum.<\/em><\/p>\n\n\n\n<p><strong>3. Die Sache mit der Idee<\/strong><\/p>\n\n\n\n<p>Regie: Lisa Gehrig &amp; Sinam Zeiter (Z\u00fcrich)<\/p>\n\n\n\n<p><em>Wer kennt es nicht, dass einem die entscheidende Idee nie dann einf\u00e4llt, wenn man sie braucht? Dieser Film \u00fcberzeugt mit konsequenter Umsetzung einer einfachen Geschichte. Die Suche nach der passenden Idee wurde mit am\u00fcsanten Beispielen auf lockere Art und Weise visualisiert. Das Regie-Duo spielt dabei mit verschiedenen Stilmitteln und Genre-Clich\u00e9s und vereint diese souver\u00e4n in der Montage.<\/em><\/p>\n<\/details>\n\n\n\n<details class=\"wp-block-details is-layout-flow wp-block-details-is-layout-flow\"><summary>Kategorie B, bis 19 Jahre <\/summary>\n<p><strong>1. Elle<\/strong><\/p>\n\n\n\n<p>Regie: Lou Conforti, Nuri dos Santos, Ana\u00efs Gavillet, L\u00e9na Latham, L\u00e9a Martins, Amy Pesci, Norma Scarpetta, Camille Tejeda Sanchez (Wallis)<\/p>\n\n\n\n<p><em>Der&nbsp;erste Platz&nbsp;geht an einen Film, wor\u00fcber wir uns alle einig waren und der alle Jurymitglieder \u00fcberzeugt hat.&nbsp;Die Protagonistinnen zeigen in diesem Film einen wundersch\u00f6nen Zusammenhalt gegen\u00fcber einer seri\u00f6sen Problematik.&nbsp;Frauen-Bel\u00e4stigung wird direkt und ehrlich behandelt.&nbsp;In diesem Film haben sich die jungen Schauspielerinnen mit ihrem mutigen und offenen Pl\u00e4doyer den ersten Platz verdient.<\/em><\/p>\n\n\n\n<p><strong>2.\u2026..simmer mal ehrlich<\/strong><\/p>\n\n\n\n<p>Regie: Klasse AtelierGestaltenMedien, BWSZO (Z\u00fcrich)<\/p>\n\n\n\n<p><em>Der&nbsp;zweite Platz&nbsp;geht an einen sehr mutigen Film, der mit Hilfe von sch\u00f6nen Metaphern die Thematik behandelt. Dieser konzeptuelle Dokumentarfilm zeigt nicht nur interessante Bilder, sondern auch eine sehr gelungene Narration und Perspektive. Die Ehrlichkeit der Aussagen haben die Jury sehr ger\u00fchrt.<\/em><\/p>\n\n\n\n<p><strong>3. Die St\u00e4rke in Person (Z\u00fcrich)<\/strong><\/p>\n\n\n\n<p>Regie: Sheila Streckmann, Nina Kako, Haidl Alali, Severin Gruhlke, Othniel Matuta (Z\u00fcrich)<\/p>\n\n\n\n<p><em>Der&nbsp;dritte Platz&nbsp;geht an einen Film, der die Thematik mit bereits hoher Qualit\u00e4t und Professionalit\u00e4t angeht. Der Film war lustig, gut geschrieben und dazu noch gut gespielt. Nicht nur diese Punkte haben die Jury beeindruckt.&nbsp;Die solidarische Aussage, dass keiner perfekt ist, und dass wir alle die anderen brauchen, fanden wir im Rahmen dieses Wettbewerbes hoch r\u00fchrend f\u00fcr das junge Alter der Protagonisten.<\/em><\/p>\n<\/details>\n\n\n\n<details class=\"wp-block-details is-layout-flow wp-block-details-is-layout-flow\"><summary>Kategorie C, bis 19 Jahre (in Begleitung von Erwachsener)<\/summary>\n<p><strong>1. KILLHIM<\/strong><\/p>\n\n\n\n<p>Regie: Damien Hauser (Z\u00fcrich)<\/p>\n\n\n\n<p><em>Die unheimliche Stimmung und clever platzierte Twists machen&nbsp;diesen Film zu einem nervenkitzelnden Abenteuer, das die Zuschauer*innen bis&nbsp;zum Schluss an&nbsp;die Kinosessel fesselt. Bereits die ersten Einstellungen werfen&nbsp;Fragen zu Klischees und Vorurteilen auf, die sich nicht nur auf der Leinwand,&nbsp;sondern auch in den&nbsp;K\u00f6pfen der Zuschauer*innen durch den Film ziehen. \u00abKILLHIM\u00bb \u00fcberzeugt&nbsp;durch ein durchdachtes, stilsicheres visuelles Konzept und ein toll gew\u00e4hltes Schauspiel-Ensemble. Witzig, clever&nbsp;und&nbsp;verst\u00f6rend.&nbsp;Eine spannende Horror-Satire, die auf verschiedenen Ebenen Grenzen \u00fcberschreitet und sich&nbsp;nicht vor dem Spiel mit Klischees scheut. Solche Filmemacher*innen brauchen wir!<\/em><\/p>\n\n\n\n<p><strong>2. Kaempferinnen<\/strong><\/p>\n\n\n\n<p>Regie: Julian Quentin (Z\u00fcrich)<\/p>\n\n\n\n<p><em>In seinem Film er\u00f6ffnet uns der Filmemacher die Welt einer&nbsp;jungen Frau, die sich unverstanden und ungeh\u00f6rt f\u00fchlt. Mit&nbsp;k\u00fcnstlerisch-experimentellen Elementen&nbsp;und Stilmitteln schafft er es, die&nbsp;Gef\u00fchlswelt seiner Protagonistin auf die Leinwand zu bringen. In der&nbsp;schwierigen Mutter-Tochter Beziehung inszeniert der&nbsp;Filmemacher nicht nur einen&nbsp;Generationenkonflikt, sondern schafft auch eine Gesellschaftskritik. Die Jury ist beeindruckt von der starken Vision des&nbsp;Filmemachers und der originellen Umsetzung.<\/em><\/p>\n\n\n\n<p><strong>3. Der Draht zum Tal<\/strong><\/p>\n\n\n\n<p>Regie: Balz Auf der Maur (Zug)<\/p>\n\n\n\n<p><em>Mit einer aussergew\u00f6hnlichen Hartn\u00e4ckigkeit und Geduld hat&nbsp;sich der Regisseur den Anwohner*innen eines Bergdorfs gewidmet. Diese&nbsp;Ann\u00e4herung setzt er zu&nbsp;einem stimmungsvollen Portr\u00e4t zusammen und er\u00f6ffnet uns&nbsp;in dieser Auseinandersetzung ein gesellschaftlich relevantes Thema. Ein&nbsp;aussergew\u00f6hnliches Gesp\u00fcr&nbsp;f\u00fcr die Kameraarbeit im Dokumentarfilm hat uns dabei&nbsp;besonders \u00fcberzeugt.<\/em><\/p>\n<\/details>\n\n\n\n<details class=\"wp-block-details is-layout-flow wp-block-details-is-layout-flow\"><summary>Kategorie D, zwischen 20 und 25 Jahre <\/summary>\n<p><strong>1. Forget Me Not<\/strong><\/p>\n\n\n\n<p>Regie: Florine &amp; Kim N\u00fcesch (St. Gallen)<\/p>\n\n\n\n<p><strong>2. RE:CYCLE<\/strong><\/p>\n\n\n\n<p>Regie: Nino Vincenzo Valpiani (Z\u00fcrich)<\/p>\n\n\n\n<p><strong>3. Open Minded<\/strong><\/p>\n\n\n\n<p>Regie: David Nguyen (Fribourg)<\/p>\n<\/details>\n\n\n\n<details class=\"wp-block-details is-layout-flow wp-block-details-is-layout-flow\"><summary>Kategorie E, Filmstudierende bis 30 Jahre<\/summary>\n<p><strong>1. BONOBO<\/strong><\/p>\n\n\n\n<p>Regie: Zoel Aeschbacher (ECAL, Berlin)<\/p>\n\n\n\n<p><em>Because of the visual style, the rhythm, the progression, but also for its excellent performances, relevant theme and sharp writing. This film paints a portrait of our society, of our fears, of how sometimes we can feel boxed in and of how maddening it is to feel powerless against the system. Its claustrophobic nature well represented by the shooting format, and the elevator connecting or better said \u201cun\u201d- connecting all the floors.<\/em><\/p>\n\n\n\n<p><strong>2. Bashkimi United<\/strong><\/p>\n\n\n\n<p>Regie: Lasse Linder (HSLU, Luzern)<\/p>\n\n\n\n<p><em>Because we wanted to acknowledge creativity and originality. A well crafted mix from documentary to fiction to dreamlike fantasies. A very personal piece. A short film that had the ability to merge all these styles but also two very different worlds colliding. A piece that left us wanting to know more of the future work of it\u2019s director who\u2019s definitely going to be one to watch in the coming years.<\/em><\/p>\n\n\n\n<p><strong>3. Kleingolf<\/strong><\/p>\n\n\n\n<p>Regie: Marvin Meckes (ZHdK, Z\u00fcrich)<\/p>\n\n\n\n<p><em>A quirky but tender, extremely detailed and well constructed piece that at first glance seemed at the limit of documentary and surrealistic piece, but once immersed stood out by the consistency of its approach.<br>A vivid portrait, but also a fierce critic of our society, all in all diffusing touches of tenderness and outrageous humour.<\/em><\/p>\n<\/details>\n\n\n\n<details class=\"wp-block-details is-layout-flow wp-block-details-is-layout-flow\"><summary>Special Mention<\/summary>\n<p><strong>Things of Power<\/strong> von Benni Bauckhage, Chayenne Tischhauser, Elbin Kuljici, Fabio Gabathuler, Gabriel Berger, Gabrielle Gourinchas, Nathan Aumann, Patrick Weidmann \/ Gruppe: Begabtenf\u00f6rderung Wartau (St. Gallen)<\/p>\n\n\n\n<p><em>Die&nbsp;<strong>Special Mention&nbsp;<\/strong>geht an einem sehr erfrischendem Film, der die Thematik: \u201ePower was st\u00e4rkt mich\u201c mit grosser Originalit\u00e4t, Kreativit\u00e4t und Authentizit\u00e4t behandelt. Die Special Mention geht an \u201eThings of Power\u201c.&nbsp;<\/em><\/p>\n<\/details>\n\n\n\n<figure class=\"wp-block-image size-full\"><img decoding=\"async\" src=\"https:\/\/jugendfilmtage.ch\/wp-content\/uploads\/2024\/03\/icon-zkb-publikumspreis.svg\" alt=\"Icon: Pokal\" class=\"wp-image-25294\"\/><\/figure>\n\n\n\n<details class=\"wp-block-details is-layout-flow wp-block-details-is-layout-flow\"><summary>ZKB Publikumspreis<\/summary>\n<p><strong>Kategorie A: <\/strong>Die Rigatonis von Axel Handick \/ Gruppe: Sekundarschule Buchholz Thun (Bern)<\/p>\n\n\n\n<p><strong>Kategorie B:<\/strong> Elle von Lou Conforti, Nuri dos Santos, Ana\u00efs Gavillet, L\u00e9na Latham, L\u00e9a Martins, Amy Pesci, Norma Scarpetta, Camille Tejeda Sanchez (Wallis)<\/p>\n\n\n\n<p><strong>Kategorie C:<\/strong> LUTALICA von Noa R\u00f6thlisberger (Thurgau)<\/p>\n\n\n\n<p><strong>Kategorie D: <\/strong>Open Minded von David Nguyen (Fribourg)<\/p>\n\n\n\n<p><strong>Kategorie E: <\/strong>Bashkimi United von Lasse Linder (HSLU, Luzern)<\/p>\n<\/details>\n\n\n\n<figure class=\"wp-block-image size-full\"><a href=\"https:\/\/jugendfilmtage.ch\/wp-content\/uploads\/2024\/03\/icons-klappe-auf.svg\"><img decoding=\"async\" src=\"https:\/\/jugendfilmtage.ch\/wp-content\/uploads\/2024\/03\/icons-klappe-auf.svg\" alt=\"Icon: Filmklappe\" class=\"wp-image-25292\"\/><\/a><\/figure>\n\n\n\n<details class=\"wp-block-details is-layout-flow wp-block-details-is-layout-flow\"><summary>\u00abKlappe Auf!\u00bb&nbsp;Pitching Competition <\/summary>\n<p><strong>Samantha Zaugg<\/strong><\/p>\n\n\n\n<p><em>Kann Tradition zeitgem\u00e4ss sein? Muss sie es vielleicht sogar?<br>Das Projekt rund um den \u00abBechtelistag Frauenfeld\u00bb von Samantha Zaugg geht diesem Gedanken nach und gewinnt den diesj\u00e4hrigen Pitching Wettbewerb \u2013 herzlichen Gl\u00fcckswunsch!<br>Am dritten Montag im Januar feiert Frauenfeld den Bechtoltstag, einen Fasnacht \u00e4hnlichen Brauch, der bis ins Mittelalter zur\u00fcck geht. Die geschlossene M\u00e4nnerrunde, die Konstablergesellschaft, feiert sich ausgiebig mit Speis und Trank. Die Frauen \u2013 also 50% der Bev\u00f6lkerung \u2013 sind davon ausgeschlossen.<br>Ihr Beitrag zum Fest besteht darin, dass sie sich zu sp\u00e4ter Stund in h\u00fcbscher Verkleidung dazugesellen d\u00fcrfen \u2013 zur Unterhaltung der Anwesenden.<br>Samantha ist mit dem Treiben bestens bekannt. Um einer pers\u00f6nlichen Haltung mehr Raum zu geben, wie auch im Sinne besserer inhaltlicher Tiefe, empfehlen wir ihr das Vorhaben als Dokumentarfilm und nicht als Reportage umzusetzen. Zu Gunsten der Bilder und des Geschehens sollte sie auf zu viele \u00abTalking Heads\u00bb verzichten.<br>Die Filmemacherin hat die Jury am Pitching mit ihrer Zielstrebigkeit und Dringlichkeit f\u00fcr dieses Thema \u00fcberzeugt. Wir freuen uns darauf, wie sie der Frage, ob sich diese anachronistische Tradition in Zeiten von #metoo und #timesup noch legitimieren l\u00e4sst, nachgeht.<\/em><\/p>\n\n\n\n<p><\/p>\n<\/details>\n","protected":false},"excerpt":{"rendered":"<p>Gewinner*innen 43. Schweizer Jugendfilmtage<\/p>\n","protected":false},"author":14,"featured_media":0,"parent":8183,"menu_order":0,"comment_status":"closed","ping_status":"closed","template":"","meta":{"_acf_changed":false,"footnotes":""},"class_list":["post-9209","page","type-page","status-publish","hentry"],"acf":[],"yoast_head":"<!-- This site is optimized with the Yoast SEO plugin v27.4 - https:\/\/yoast.com\/product\/yoast-seo-wordpress\/ -->\n<title>Gewinner*innen 43. Schweizer Jugendfilmtage - FR Schweizer Jugendfilmtage<\/title>\n<meta name=\"description\" content=\"Gewinner*innen 43. Schweizer Jugendfilmtage Kategorie A, bis 16 Jahre 1. \u00dcber die Linie Regie: Nora Luz (Basel Landschaft) Es ist nicht\" \/>\n<meta name=\"robots\" content=\"index, follow, max-snippet:-1, max-image-preview:large, max-video-preview:-1\" \/>\n<link rel=\"canonical\" href=\"https:\/\/jugendfilmtage.ch\/fr\/archives\/festival-2019\/gewinnerinnen-43-schweizer-jugendfilmtage\/\" \/>\n<meta property=\"og:locale\" content=\"fr_FR\" \/>\n<meta property=\"og:type\" content=\"article\" \/>\n<meta property=\"og:title\" content=\"Gewinner*innen 43. Schweizer Jugendfilmtage - FR Schweizer Jugendfilmtage\" \/>\n<meta property=\"og:description\" content=\"Gewinner*innen 43. Schweizer Jugendfilmtage Kategorie A, bis 16 Jahre 1. \u00dcber die Linie Regie: Nora Luz (Basel Landschaft) Es ist nicht\" \/>\n<meta property=\"og:url\" content=\"https:\/\/jugendfilmtage.ch\/fr\/archives\/festival-2019\/gewinnerinnen-43-schweizer-jugendfilmtage\/\" \/>\n<meta property=\"og:site_name\" content=\"FR Schweizer Jugendfilmtage\" \/>\n<meta property=\"article:publisher\" content=\"https:\/\/www.facebook.com\/Jugendfilmtage\" \/>\n<meta property=\"article:modified_time\" content=\"2024-11-15T15:30:01+00:00\" \/>\n<meta property=\"og:image\" content=\"https:\/\/jugendfilmtage.ch\/wp-content\/uploads\/2019\/03\/DSCF5811-880x495.jpg\" \/>\n\t<meta property=\"og:image:width\" content=\"880\" \/>\n\t<meta property=\"og:image:height\" content=\"495\" \/>\n\t<meta property=\"og:image:type\" content=\"image\/jpeg\" \/>\n<meta name=\"twitter:card\" content=\"summary_large_image\" \/>\n<meta name=\"twitter:site\" content=\"@jugendfilmtage\" \/>\n<meta name=\"twitter:label1\" content=\"Dur\u00e9e de lecture estim\u00e9e\" \/>\n\t<meta name=\"twitter:data1\" content=\"8 minutes\" \/>\n<script type=\"application\/ld+json\" class=\"yoast-schema-graph\">{\"@context\":\"https:\\\/\\\/schema.org\",\"@graph\":[{\"@type\":\"WebPage\",\"@id\":\"https:\\\/\\\/jugendfilmtage.ch\\\/fr\\\/archives\\\/festival-2019\\\/gewinnerinnen-43-schweizer-jugendfilmtage\\\/\",\"url\":\"https:\\\/\\\/jugendfilmtage.ch\\\/fr\\\/archives\\\/festival-2019\\\/gewinnerinnen-43-schweizer-jugendfilmtage\\\/\",\"name\":\"Gewinner*innen 43. Schweizer Jugendfilmtage - FR Schweizer Jugendfilmtage\",\"isPartOf\":{\"@id\":\"https:\\\/\\\/jugendfilmtage.ch\\\/fr\\\/#website\"},\"primaryImageOfPage\":{\"@id\":\"https:\\\/\\\/jugendfilmtage.ch\\\/fr\\\/archives\\\/festival-2019\\\/gewinnerinnen-43-schweizer-jugendfilmtage\\\/#primaryimage\"},\"image\":{\"@id\":\"https:\\\/\\\/jugendfilmtage.ch\\\/fr\\\/archives\\\/festival-2019\\\/gewinnerinnen-43-schweizer-jugendfilmtage\\\/#primaryimage\"},\"thumbnailUrl\":\"https:\\\/\\\/jugendfilmtage.ch\\\/wp-content\\\/uploads\\\/2019\\\/03\\\/DSCF5811.jpg\",\"datePublished\":\"2019-03-17T22:09:24+00:00\",\"dateModified\":\"2024-11-15T15:30:01+00:00\",\"description\":\"Gewinner*innen 43. Schweizer Jugendfilmtage Kategorie A, bis 16 Jahre 1. \u00dcber die Linie Regie: Nora Luz (Basel Landschaft) Es ist nicht\",\"breadcrumb\":{\"@id\":\"https:\\\/\\\/jugendfilmtage.ch\\\/fr\\\/archives\\\/festival-2019\\\/gewinnerinnen-43-schweizer-jugendfilmtage\\\/#breadcrumb\"},\"inLanguage\":\"fr-FR\",\"potentialAction\":[{\"@type\":\"ReadAction\",\"target\":[\"https:\\\/\\\/jugendfilmtage.ch\\\/fr\\\/archives\\\/festival-2019\\\/gewinnerinnen-43-schweizer-jugendfilmtage\\\/\"]}]},{\"@type\":\"ImageObject\",\"inLanguage\":\"fr-FR\",\"@id\":\"https:\\\/\\\/jugendfilmtage.ch\\\/fr\\\/archives\\\/festival-2019\\\/gewinnerinnen-43-schweizer-jugendfilmtage\\\/#primaryimage\",\"url\":\"https:\\\/\\\/jugendfilmtage.ch\\\/wp-content\\\/uploads\\\/2019\\\/03\\\/DSCF5811.jpg\",\"contentUrl\":\"https:\\\/\\\/jugendfilmtage.ch\\\/wp-content\\\/uploads\\\/2019\\\/03\\\/DSCF5811.jpg\"},{\"@type\":\"BreadcrumbList\",\"@id\":\"https:\\\/\\\/jugendfilmtage.ch\\\/fr\\\/archives\\\/festival-2019\\\/gewinnerinnen-43-schweizer-jugendfilmtage\\\/#breadcrumb\",\"itemListElement\":[{\"@type\":\"ListItem\",\"position\":1,\"name\":\"Archive\",\"item\":\"https:\\\/\\\/jugendfilmtage.ch\\\/fr\\\/archives\\\/\"},{\"@type\":\"ListItem\",\"position\":2,\"name\":\"Festival 2019\",\"item\":\"https:\\\/\\\/jugendfilmtage.ch\\\/fr\\\/archives\\\/festival-2019\\\/\"},{\"@type\":\"ListItem\",\"position\":3,\"name\":\"Gewinner*innen 43. Schweizer Jugendfilmtage\"}]},{\"@type\":\"WebSite\",\"@id\":\"https:\\\/\\\/jugendfilmtage.ch\\\/fr\\\/#website\",\"url\":\"https:\\\/\\\/jugendfilmtage.ch\\\/fr\\\/\",\"name\":\"FR Schweizer Jugendfilmtage\",\"description\":\"FR Festival Cin\u00e9 Jeunesse Suisse\",\"potentialAction\":[{\"@type\":\"SearchAction\",\"target\":{\"@type\":\"EntryPoint\",\"urlTemplate\":\"https:\\\/\\\/jugendfilmtage.ch\\\/fr\\\/?s={search_term_string}\"},\"query-input\":{\"@type\":\"PropertyValueSpecification\",\"valueRequired\":true,\"valueName\":\"search_term_string\"}}],\"inLanguage\":\"fr-FR\"}]}<\/script>\n<!-- \/ Yoast SEO plugin. -->","yoast_head_json":{"title":"Gewinner*innen 43. Schweizer Jugendfilmtage - FR Schweizer Jugendfilmtage","description":"Gewinner*innen 43. Schweizer Jugendfilmtage Kategorie A, bis 16 Jahre 1. \u00dcber die Linie Regie: Nora Luz (Basel Landschaft) Es ist nicht","robots":{"index":"index","follow":"follow","max-snippet":"max-snippet:-1","max-image-preview":"max-image-preview:large","max-video-preview":"max-video-preview:-1"},"canonical":"https:\/\/jugendfilmtage.ch\/fr\/archives\/festival-2019\/gewinnerinnen-43-schweizer-jugendfilmtage\/","og_locale":"fr_FR","og_type":"article","og_title":"Gewinner*innen 43. Schweizer Jugendfilmtage - FR Schweizer Jugendfilmtage","og_description":"Gewinner*innen 43. Schweizer Jugendfilmtage Kategorie A, bis 16 Jahre 1. \u00dcber die Linie Regie: Nora Luz (Basel Landschaft) Es ist nicht","og_url":"https:\/\/jugendfilmtage.ch\/fr\/archives\/festival-2019\/gewinnerinnen-43-schweizer-jugendfilmtage\/","og_site_name":"FR Schweizer Jugendfilmtage","article_publisher":"https:\/\/www.facebook.com\/Jugendfilmtage","article_modified_time":"2024-11-15T15:30:01+00:00","og_image":[{"width":880,"height":495,"url":"https:\/\/jugendfilmtage.ch\/wp-content\/uploads\/2019\/03\/DSCF5811-880x495.jpg","type":"image\/jpeg"}],"twitter_card":"summary_large_image","twitter_site":"@jugendfilmtage","twitter_misc":{"Dur\u00e9e de lecture estim\u00e9e":"8 minutes"},"schema":{"@context":"https:\/\/schema.org","@graph":[{"@type":"WebPage","@id":"https:\/\/jugendfilmtage.ch\/fr\/archives\/festival-2019\/gewinnerinnen-43-schweizer-jugendfilmtage\/","url":"https:\/\/jugendfilmtage.ch\/fr\/archives\/festival-2019\/gewinnerinnen-43-schweizer-jugendfilmtage\/","name":"Gewinner*innen 43. Schweizer Jugendfilmtage - FR Schweizer Jugendfilmtage","isPartOf":{"@id":"https:\/\/jugendfilmtage.ch\/fr\/#website"},"primaryImageOfPage":{"@id":"https:\/\/jugendfilmtage.ch\/fr\/archives\/festival-2019\/gewinnerinnen-43-schweizer-jugendfilmtage\/#primaryimage"},"image":{"@id":"https:\/\/jugendfilmtage.ch\/fr\/archives\/festival-2019\/gewinnerinnen-43-schweizer-jugendfilmtage\/#primaryimage"},"thumbnailUrl":"https:\/\/jugendfilmtage.ch\/wp-content\/uploads\/2019\/03\/DSCF5811.jpg","datePublished":"2019-03-17T22:09:24+00:00","dateModified":"2024-11-15T15:30:01+00:00","description":"Gewinner*innen 43. Schweizer Jugendfilmtage Kategorie A, bis 16 Jahre 1. \u00dcber die Linie Regie: Nora Luz (Basel Landschaft) Es ist nicht","breadcrumb":{"@id":"https:\/\/jugendfilmtage.ch\/fr\/archives\/festival-2019\/gewinnerinnen-43-schweizer-jugendfilmtage\/#breadcrumb"},"inLanguage":"fr-FR","potentialAction":[{"@type":"ReadAction","target":["https:\/\/jugendfilmtage.ch\/fr\/archives\/festival-2019\/gewinnerinnen-43-schweizer-jugendfilmtage\/"]}]},{"@type":"ImageObject","inLanguage":"fr-FR","@id":"https:\/\/jugendfilmtage.ch\/fr\/archives\/festival-2019\/gewinnerinnen-43-schweizer-jugendfilmtage\/#primaryimage","url":"https:\/\/jugendfilmtage.ch\/wp-content\/uploads\/2019\/03\/DSCF5811.jpg","contentUrl":"https:\/\/jugendfilmtage.ch\/wp-content\/uploads\/2019\/03\/DSCF5811.jpg"},{"@type":"BreadcrumbList","@id":"https:\/\/jugendfilmtage.ch\/fr\/archives\/festival-2019\/gewinnerinnen-43-schweizer-jugendfilmtage\/#breadcrumb","itemListElement":[{"@type":"ListItem","position":1,"name":"Archive","item":"https:\/\/jugendfilmtage.ch\/fr\/archives\/"},{"@type":"ListItem","position":2,"name":"Festival 2019","item":"https:\/\/jugendfilmtage.ch\/fr\/archives\/festival-2019\/"},{"@type":"ListItem","position":3,"name":"Gewinner*innen 43. Schweizer Jugendfilmtage"}]},{"@type":"WebSite","@id":"https:\/\/jugendfilmtage.ch\/fr\/#website","url":"https:\/\/jugendfilmtage.ch\/fr\/","name":"FR Schweizer Jugendfilmtage","description":"FR Festival Cin\u00e9 Jeunesse Suisse","potentialAction":[{"@type":"SearchAction","target":{"@type":"EntryPoint","urlTemplate":"https:\/\/jugendfilmtage.ch\/fr\/?s={search_term_string}"},"query-input":{"@type":"PropertyValueSpecification","valueRequired":true,"valueName":"search_term_string"}}],"inLanguage":"fr-FR"}]}},"_links":{"self":[{"href":"https:\/\/jugendfilmtage.ch\/fr\/wp-json\/wp\/v2\/pages\/9209","targetHints":{"allow":["GET"]}}],"collection":[{"href":"https:\/\/jugendfilmtage.ch\/fr\/wp-json\/wp\/v2\/pages"}],"about":[{"href":"https:\/\/jugendfilmtage.ch\/fr\/wp-json\/wp\/v2\/types\/page"}],"author":[{"embeddable":true,"href":"https:\/\/jugendfilmtage.ch\/fr\/wp-json\/wp\/v2\/users\/14"}],"replies":[{"embeddable":true,"href":"https:\/\/jugendfilmtage.ch\/fr\/wp-json\/wp\/v2\/comments?post=9209"}],"version-history":[{"count":11,"href":"https:\/\/jugendfilmtage.ch\/fr\/wp-json\/wp\/v2\/pages\/9209\/revisions"}],"predecessor-version":[{"id":27903,"href":"https:\/\/jugendfilmtage.ch\/fr\/wp-json\/wp\/v2\/pages\/9209\/revisions\/27903"}],"up":[{"embeddable":true,"href":"https:\/\/jugendfilmtage.ch\/fr\/wp-json\/wp\/v2\/pages\/8183"}],"wp:attachment":[{"href":"https:\/\/jugendfilmtage.ch\/fr\/wp-json\/wp\/v2\/media?parent=9209"}],"curies":[{"name":"wp","href":"https:\/\/api.w.org\/{rel}","templated":true}]}}