{"id":8988,"date":"2019-02-23T12:57:29","date_gmt":"2019-02-23T12:57:29","guid":{"rendered":"https:\/\/2024.jugendfilmtage.ch\/fr\/?page_id=8988"},"modified":"2024-02-06T10:40:18","modified_gmt":"2024-02-06T09:40:18","slug":"jury-2019","status":"publish","type":"page","link":"https:\/\/jugendfilmtage.ch\/fr\/archives\/festival-2019\/jury-2019\/","title":{"rendered":"Jury 2019"},"content":{"rendered":"<h1>Jury 2019<\/h1>\n<p><a href=\"https:\/\/jugendfilmtage.ch\/wp-content\/uploads\/2019\/02\/Jury_FS.png\"><img loading=\"lazy\" decoding=\"async\" class=\"alignnone wp-image-9046 size-large\" src=\"https:\/\/jugendfilmtage.ch\/wp-content\/uploads\/2019\/02\/Jury_FS-880x638.png\" width=\"880\" height=\"638\" srcset=\"https:\/\/jugendfilmtage.ch\/wp-content\/uploads\/2019\/02\/Jury_FS-880x638.png 880w, https:\/\/jugendfilmtage.ch\/wp-content\/uploads\/2019\/02\/Jury_FS-300x217.png 300w, https:\/\/jugendfilmtage.ch\/wp-content\/uploads\/2019\/02\/Jury_FS-768x556.png 768w, https:\/\/jugendfilmtage.ch\/wp-content\/uploads\/2019\/02\/Jury_FS.png 1452w\" sizes=\"auto, (max-width: 880px) 100vw, 880px\" \/><\/a><br \/>\n<strong>Franziska Sonder<br \/>\n<\/strong>Suite \u00e0 des \u00e9tudes de cin\u00e9ma, Franziska Sonder a poursuivi sa formation dans le domaine de la production, entre autres \u00e0 l\u2019Atelier Ludwigsburg-Paris. Apr\u00e8s avoir travaill\u00e9 quelques ann\u00e9es chez Dschoint Ventschr Filmprduktion AG sur des films tels que \u00abFacing Mecca\u00bb, elle a fond\u00e9 l\u2019entreprise de production Ensemble Film. En 2019, elle a particip\u00e9 au Rotterdam Lab dans le cadre du Festival international du Film de Rotterdam.<\/p>\n<p><a href=\"https:\/\/jugendfilmtage.ch\/wp-content\/uploads\/2019\/02\/Jury_KE.png\"><img loading=\"lazy\" decoding=\"async\" class=\"alignnone wp-image-9047 size-full\" src=\"https:\/\/jugendfilmtage.ch\/wp-content\/uploads\/2019\/02\/Jury_KE.png\" width=\"728\" height=\"528\" srcset=\"https:\/\/jugendfilmtage.ch\/wp-content\/uploads\/2019\/02\/Jury_KE.png 728w, https:\/\/jugendfilmtage.ch\/wp-content\/uploads\/2019\/02\/Jury_KE-300x218.png 300w\" sizes=\"auto, (max-width: 728px) 100vw, 728px\" \/><\/a><br \/>\n<strong>Kaja Eggenschwiler<br \/>\n<\/strong>Directrice des relations publiques chez le distributeur de films Filmcoopi Z\u00fcrich et membre du comit\u00e9 directeur de Z\u00fcrich f\u00fcr den Film. Elle travaille avec des films prim\u00e9s au niveau international tels que \u00abCapharnaum\u00bb de Nadine Labaki ou \u00abCold War\u00bb de Pawel Pawlikowski. Tout aussi importantes \u00e0 ses yeux: ses collaborations avec des cin\u00e9easte.s telles que Bettina Oberli (\u00abLe vent tourne\u00bb) et des acteurs.trices tels comme Carla Juri (\u00abBlade Runner 2049\u00bb) ou Joel Basman (\u00abWolkenbruch\u00bb).<\/p>\n<p><a href=\"https:\/\/jugendfilmtage.ch\/wp-content\/uploads\/2019\/02\/Jury_KG.png\"><img loading=\"lazy\" decoding=\"async\" class=\"alignnone wp-image-9048 size-full\" src=\"https:\/\/jugendfilmtage.ch\/wp-content\/uploads\/2019\/02\/Jury_KG.png\" width=\"727\" height=\"528\" srcset=\"https:\/\/jugendfilmtage.ch\/wp-content\/uploads\/2019\/02\/Jury_KG.png 727w, https:\/\/jugendfilmtage.ch\/wp-content\/uploads\/2019\/02\/Jury_KG-300x218.png 300w\" sizes=\"auto, (max-width: 727px) 100vw, 727px\" \/><\/a><br \/>\n<strong>Kantarama Gahigiri<\/strong><br \/>\nR\u00e9alisatrice suisse-ruandaise. En 2004, elle remporta le prestigieux Fullbright Award et mit le cap sur New York, o\u00f9 elle obtint son Master in Cinema. Elle y travailla entre autres sur des films et productions TV telles que \u00abMen in Black 3\u00bb et \u00abSuits\u00bb. Intitul\u00e9 \u00abTapis rouge\u00bb, son premier long-m\u00e9trage a obtenu plusieurs r\u00e9compenses. En 2018, elle participa \u00e0 Realness \u2013 An African Screenwriter\u2019s Residency et travailla \u00e0 l\u2019\u00e9criture de son deuxi\u00e8me long-m\u00e9trage (actuellement en d\u00e9veloppement).<\/p>\n<p><a href=\"https:\/\/jugendfilmtage.ch\/wp-content\/uploads\/2019\/02\/Jury_MW.png\"><img loading=\"lazy\" decoding=\"async\" class=\"alignnone wp-image-9049 size-full\" src=\"https:\/\/jugendfilmtage.ch\/wp-content\/uploads\/2019\/02\/Jury_MW.png\" width=\"727\" height=\"526\" srcset=\"https:\/\/jugendfilmtage.ch\/wp-content\/uploads\/2019\/02\/Jury_MW.png 727w, https:\/\/jugendfilmtage.ch\/wp-content\/uploads\/2019\/02\/Jury_MW-300x217.png 300w\" sizes=\"auto, (max-width: 727px) 100vw, 727px\" \/><\/a><br \/>\n<strong>Melanie Winiger<\/strong><br \/>\nActrice de cin\u00e9ma suisse, pr\u00e9sentatrice et ambassadrice de diff\u00e9rentes marques.\u00a0Elle est connue pour ses apparitions dans des films tels que \u00abAchtung, Fertig, Charlie!\u00bb ou \u00abLommbock\u00bb et en tant que productrice de \u00ab#Female Pleasure\u00bb.<\/p>\n<p><a href=\"https:\/\/jugendfilmtage.ch\/wp-content\/uploads\/2019\/02\/Jury_SP.png\"><img loading=\"lazy\" decoding=\"async\" class=\"alignnone wp-image-9050 size-full\" src=\"https:\/\/jugendfilmtage.ch\/wp-content\/uploads\/2019\/02\/Jury_SP.png\" width=\"728\" height=\"527\" srcset=\"https:\/\/jugendfilmtage.ch\/wp-content\/uploads\/2019\/02\/Jury_SP.png 728w, https:\/\/jugendfilmtage.ch\/wp-content\/uploads\/2019\/02\/Jury_SP-300x217.png 300w\" sizes=\"auto, (max-width: 728px) 100vw, 728px\" \/><\/a><br \/>\n<strong><strong>Samuel Patthey<br \/>\n<\/strong><\/strong>Laur\u00e9at du 1er prix de la cat\u00e9gorie E 2018 avec \u00abTravelogue Tel Aviv\u00bb. Bachelor en animation \u00e0 la HSLU Animation. Aujourd\u2019hui, il travaille en qualit\u00e9 de r\u00e9alisateur de films d\u2019animation, illustrateur et graphiste ind\u00e9pendant \u00e0 Fribourg. Son prochain lm documentaire anim\u00e9 est attendu pour n 2019.<\/p>\n<h2>Moderation<\/h2>\n<p><a href=\"https:\/\/jugendfilmtage.ch\/wp-content\/uploads\/2019\/02\/Bildschirmfoto-2019-02-23-um-13.49.25.png\"><img loading=\"lazy\" decoding=\"async\" class=\"alignnone wp-image-9051 size-full\" src=\"https:\/\/jugendfilmtage.ch\/wp-content\/uploads\/2019\/02\/Bildschirmfoto-2019-02-23-um-13.49.25.png\" width=\"704\" height=\"516\" srcset=\"https:\/\/jugendfilmtage.ch\/wp-content\/uploads\/2019\/02\/Bildschirmfoto-2019-02-23-um-13.49.25.png 704w, https:\/\/jugendfilmtage.ch\/wp-content\/uploads\/2019\/02\/Bildschirmfoto-2019-02-23-um-13.49.25-300x220.png 300w\" sizes=\"auto, (max-width: 704px) 100vw, 704px\" \/><\/a><br \/>\n<strong>Pablo V\u00f6gtli<\/strong><br \/>\nModerator Radio SRF Virus, Rapper<\/p>\n<p>&nbsp;<\/p>\n","protected":false},"excerpt":{"rendered":"<p>Jury 2019 Franziska Sonder Suite \u00e0 des \u00e9tudes de cin\u00e9ma, Franziska Sonder a poursuivi sa formation dans le domaine de la production, entre autres \u00e0 l\u2019Atelier Ludwigsburg-Paris. Apr\u00e8s avoir travaill\u00e9 quelques ann\u00e9es chez Dschoint Ventschr Filmprduktion AG sur des films tels que \u00abFacing Mecca\u00bb, elle a fond\u00e9 l\u2019entreprise de production Ensemble Film. En 2019, elle [&hellip;]<\/p>\n","protected":false},"author":11,"featured_media":0,"parent":8183,"menu_order":4,"comment_status":"closed","ping_status":"closed","template":"","meta":{"_acf_changed":false,"footnotes":""},"class_list":["post-8988","page","type-page","status-publish","hentry"],"acf":[],"yoast_head":"<!-- This site is optimized with the Yoast SEO plugin v27.4 - https:\/\/yoast.com\/product\/yoast-seo-wordpress\/ -->\n<title>Jury 2019 - FR Schweizer Jugendfilmtage<\/title>\n<meta name=\"description\" content=\"Jury 2019 Franziska Sonder Suite \u00e0 des \u00e9tudes de cin\u00e9ma, Franziska Sonder a poursuivi sa formation dans le domaine de la production, entre autres \u00e0\" \/>\n<meta name=\"robots\" content=\"index, follow, max-snippet:-1, max-image-preview:large, max-video-preview:-1\" \/>\n<link rel=\"canonical\" href=\"https:\/\/jugendfilmtage.ch\/fr\/archives\/festival-2019\/jury-2019\/\" \/>\n<meta property=\"og:locale\" content=\"fr_FR\" \/>\n<meta property=\"og:type\" content=\"article\" \/>\n<meta property=\"og:title\" content=\"Jury 2019 - FR Schweizer Jugendfilmtage\" \/>\n<meta property=\"og:description\" content=\"Jury 2019 Franziska Sonder Suite \u00e0 des \u00e9tudes de cin\u00e9ma, Franziska Sonder a poursuivi sa formation dans le domaine de la production, entre autres \u00e0\" \/>\n<meta property=\"og:url\" content=\"https:\/\/jugendfilmtage.ch\/fr\/archives\/festival-2019\/jury-2019\/\" \/>\n<meta property=\"og:site_name\" content=\"FR Schweizer Jugendfilmtage\" \/>\n<meta property=\"article:publisher\" content=\"https:\/\/www.facebook.com\/Jugendfilmtage\" \/>\n<meta property=\"article:modified_time\" content=\"2024-02-06T09:40:18+00:00\" \/>\n<meta property=\"og:image\" content=\"https:\/\/jugendfilmtage.ch\/wp-content\/uploads\/2019\/02\/Jury_FS-880x638.png\" \/>\n<meta name=\"twitter:card\" content=\"summary_large_image\" \/>\n<meta name=\"twitter:site\" content=\"@jugendfilmtage\" \/>\n<meta name=\"twitter:label1\" content=\"Dur\u00e9e de lecture estim\u00e9e\" \/>\n\t<meta name=\"twitter:data1\" content=\"3 minutes\" \/>\n<script type=\"application\/ld+json\" class=\"yoast-schema-graph\">{\"@context\":\"https:\\\/\\\/schema.org\",\"@graph\":[{\"@type\":\"WebPage\",\"@id\":\"https:\\\/\\\/jugendfilmtage.ch\\\/fr\\\/archives\\\/festival-2019\\\/jury-2019\\\/\",\"url\":\"https:\\\/\\\/jugendfilmtage.ch\\\/fr\\\/archives\\\/festival-2019\\\/jury-2019\\\/\",\"name\":\"Jury 2019 - FR Schweizer Jugendfilmtage\",\"isPartOf\":{\"@id\":\"https:\\\/\\\/jugendfilmtage.ch\\\/fr\\\/#website\"},\"primaryImageOfPage\":{\"@id\":\"https:\\\/\\\/jugendfilmtage.ch\\\/fr\\\/archives\\\/festival-2019\\\/jury-2019\\\/#primaryimage\"},\"image\":{\"@id\":\"https:\\\/\\\/jugendfilmtage.ch\\\/fr\\\/archives\\\/festival-2019\\\/jury-2019\\\/#primaryimage\"},\"thumbnailUrl\":\"https:\\\/\\\/jugendfilmtage.ch\\\/wp-content\\\/uploads\\\/2019\\\/02\\\/Jury_FS-880x638.png\",\"datePublished\":\"2019-02-23T12:57:29+00:00\",\"dateModified\":\"2024-02-06T09:40:18+00:00\",\"description\":\"Jury 2019 Franziska Sonder Suite \u00e0 des \u00e9tudes de cin\u00e9ma, Franziska Sonder a poursuivi sa formation dans le domaine de la production, entre autres \u00e0\",\"breadcrumb\":{\"@id\":\"https:\\\/\\\/jugendfilmtage.ch\\\/fr\\\/archives\\\/festival-2019\\\/jury-2019\\\/#breadcrumb\"},\"inLanguage\":\"fr-FR\",\"potentialAction\":[{\"@type\":\"ReadAction\",\"target\":[\"https:\\\/\\\/jugendfilmtage.ch\\\/fr\\\/archives\\\/festival-2019\\\/jury-2019\\\/\"]}]},{\"@type\":\"ImageObject\",\"inLanguage\":\"fr-FR\",\"@id\":\"https:\\\/\\\/jugendfilmtage.ch\\\/fr\\\/archives\\\/festival-2019\\\/jury-2019\\\/#primaryimage\",\"url\":\"https:\\\/\\\/jugendfilmtage.ch\\\/wp-content\\\/uploads\\\/2019\\\/02\\\/Jury_FS-880x638.png\",\"contentUrl\":\"https:\\\/\\\/jugendfilmtage.ch\\\/wp-content\\\/uploads\\\/2019\\\/02\\\/Jury_FS-880x638.png\"},{\"@type\":\"BreadcrumbList\",\"@id\":\"https:\\\/\\\/jugendfilmtage.ch\\\/fr\\\/archives\\\/festival-2019\\\/jury-2019\\\/#breadcrumb\",\"itemListElement\":[{\"@type\":\"ListItem\",\"position\":1,\"name\":\"Archive\",\"item\":\"https:\\\/\\\/jugendfilmtage.ch\\\/fr\\\/archives\\\/\"},{\"@type\":\"ListItem\",\"position\":2,\"name\":\"Festival 2019\",\"item\":\"https:\\\/\\\/jugendfilmtage.ch\\\/fr\\\/archives\\\/festival-2019\\\/\"},{\"@type\":\"ListItem\",\"position\":3,\"name\":\"Jury 2019\"}]},{\"@type\":\"WebSite\",\"@id\":\"https:\\\/\\\/jugendfilmtage.ch\\\/fr\\\/#website\",\"url\":\"https:\\\/\\\/jugendfilmtage.ch\\\/fr\\\/\",\"name\":\"FR Schweizer Jugendfilmtage\",\"description\":\"FR Festival Cin\u00e9 Jeunesse Suisse\",\"potentialAction\":[{\"@type\":\"SearchAction\",\"target\":{\"@type\":\"EntryPoint\",\"urlTemplate\":\"https:\\\/\\\/jugendfilmtage.ch\\\/fr\\\/?s={search_term_string}\"},\"query-input\":{\"@type\":\"PropertyValueSpecification\",\"valueRequired\":true,\"valueName\":\"search_term_string\"}}],\"inLanguage\":\"fr-FR\"}]}<\/script>\n<!-- \/ Yoast SEO plugin. -->","yoast_head_json":{"title":"Jury 2019 - FR Schweizer Jugendfilmtage","description":"Jury 2019 Franziska Sonder Suite \u00e0 des \u00e9tudes de cin\u00e9ma, Franziska Sonder a poursuivi sa formation dans le domaine de la production, entre autres \u00e0","robots":{"index":"index","follow":"follow","max-snippet":"max-snippet:-1","max-image-preview":"max-image-preview:large","max-video-preview":"max-video-preview:-1"},"canonical":"https:\/\/jugendfilmtage.ch\/fr\/archives\/festival-2019\/jury-2019\/","og_locale":"fr_FR","og_type":"article","og_title":"Jury 2019 - FR Schweizer Jugendfilmtage","og_description":"Jury 2019 Franziska Sonder Suite \u00e0 des \u00e9tudes de cin\u00e9ma, Franziska Sonder a poursuivi sa formation dans le domaine de la production, entre autres \u00e0","og_url":"https:\/\/jugendfilmtage.ch\/fr\/archives\/festival-2019\/jury-2019\/","og_site_name":"FR Schweizer Jugendfilmtage","article_publisher":"https:\/\/www.facebook.com\/Jugendfilmtage","article_modified_time":"2024-02-06T09:40:18+00:00","og_image":[{"url":"https:\/\/jugendfilmtage.ch\/wp-content\/uploads\/2019\/02\/Jury_FS-880x638.png","type":"","width":"","height":""}],"twitter_card":"summary_large_image","twitter_site":"@jugendfilmtage","twitter_misc":{"Dur\u00e9e de lecture estim\u00e9e":"3 minutes"},"schema":{"@context":"https:\/\/schema.org","@graph":[{"@type":"WebPage","@id":"https:\/\/jugendfilmtage.ch\/fr\/archives\/festival-2019\/jury-2019\/","url":"https:\/\/jugendfilmtage.ch\/fr\/archives\/festival-2019\/jury-2019\/","name":"Jury 2019 - FR Schweizer Jugendfilmtage","isPartOf":{"@id":"https:\/\/jugendfilmtage.ch\/fr\/#website"},"primaryImageOfPage":{"@id":"https:\/\/jugendfilmtage.ch\/fr\/archives\/festival-2019\/jury-2019\/#primaryimage"},"image":{"@id":"https:\/\/jugendfilmtage.ch\/fr\/archives\/festival-2019\/jury-2019\/#primaryimage"},"thumbnailUrl":"https:\/\/jugendfilmtage.ch\/wp-content\/uploads\/2019\/02\/Jury_FS-880x638.png","datePublished":"2019-02-23T12:57:29+00:00","dateModified":"2024-02-06T09:40:18+00:00","description":"Jury 2019 Franziska Sonder Suite \u00e0 des \u00e9tudes de cin\u00e9ma, Franziska Sonder a poursuivi sa formation dans le domaine de la production, entre autres \u00e0","breadcrumb":{"@id":"https:\/\/jugendfilmtage.ch\/fr\/archives\/festival-2019\/jury-2019\/#breadcrumb"},"inLanguage":"fr-FR","potentialAction":[{"@type":"ReadAction","target":["https:\/\/jugendfilmtage.ch\/fr\/archives\/festival-2019\/jury-2019\/"]}]},{"@type":"ImageObject","inLanguage":"fr-FR","@id":"https:\/\/jugendfilmtage.ch\/fr\/archives\/festival-2019\/jury-2019\/#primaryimage","url":"https:\/\/jugendfilmtage.ch\/wp-content\/uploads\/2019\/02\/Jury_FS-880x638.png","contentUrl":"https:\/\/jugendfilmtage.ch\/wp-content\/uploads\/2019\/02\/Jury_FS-880x638.png"},{"@type":"BreadcrumbList","@id":"https:\/\/jugendfilmtage.ch\/fr\/archives\/festival-2019\/jury-2019\/#breadcrumb","itemListElement":[{"@type":"ListItem","position":1,"name":"Archive","item":"https:\/\/jugendfilmtage.ch\/fr\/archives\/"},{"@type":"ListItem","position":2,"name":"Festival 2019","item":"https:\/\/jugendfilmtage.ch\/fr\/archives\/festival-2019\/"},{"@type":"ListItem","position":3,"name":"Jury 2019"}]},{"@type":"WebSite","@id":"https:\/\/jugendfilmtage.ch\/fr\/#website","url":"https:\/\/jugendfilmtage.ch\/fr\/","name":"FR Schweizer Jugendfilmtage","description":"FR Festival Cin\u00e9 Jeunesse Suisse","potentialAction":[{"@type":"SearchAction","target":{"@type":"EntryPoint","urlTemplate":"https:\/\/jugendfilmtage.ch\/fr\/?s={search_term_string}"},"query-input":{"@type":"PropertyValueSpecification","valueRequired":true,"valueName":"search_term_string"}}],"inLanguage":"fr-FR"}]}},"_links":{"self":[{"href":"https:\/\/jugendfilmtage.ch\/fr\/wp-json\/wp\/v2\/pages\/8988","targetHints":{"allow":["GET"]}}],"collection":[{"href":"https:\/\/jugendfilmtage.ch\/fr\/wp-json\/wp\/v2\/pages"}],"about":[{"href":"https:\/\/jugendfilmtage.ch\/fr\/wp-json\/wp\/v2\/types\/page"}],"author":[{"embeddable":true,"href":"https:\/\/jugendfilmtage.ch\/fr\/wp-json\/wp\/v2\/users\/11"}],"replies":[{"embeddable":true,"href":"https:\/\/jugendfilmtage.ch\/fr\/wp-json\/wp\/v2\/comments?post=8988"}],"version-history":[{"count":5,"href":"https:\/\/jugendfilmtage.ch\/fr\/wp-json\/wp\/v2\/pages\/8988\/revisions"}],"predecessor-version":[{"id":23841,"href":"https:\/\/jugendfilmtage.ch\/fr\/wp-json\/wp\/v2\/pages\/8988\/revisions\/23841"}],"up":[{"embeddable":true,"href":"https:\/\/jugendfilmtage.ch\/fr\/wp-json\/wp\/v2\/pages\/8183"}],"wp:attachment":[{"href":"https:\/\/jugendfilmtage.ch\/fr\/wp-json\/wp\/v2\/media?parent=8988"}],"curies":[{"name":"wp","href":"https:\/\/api.w.org\/{rel}","templated":true}]}}