{"id":8870,"date":"2019-02-11T10:24:43","date_gmt":"2019-02-11T10:24:43","guid":{"rendered":"https:\/\/2024.jugendfilmtage.ch\/fr\/?page_id=8870"},"modified":"2024-01-26T22:45:30","modified_gmt":"2024-01-26T21:45:30","slug":"borderpass-masterclass-blerta-zeqiri","status":"publish","type":"page","link":"https:\/\/jugendfilmtage.ch\/fr\/archives\/festival-2019\/borderpass-masterclass-blerta-zeqiri\/","title":{"rendered":"BorderPass Masterclass 2019: Blerta Zeqiri"},"content":{"rendered":"\n<h1 class=\"wp-block-heading\">BorderPass Masterclass 2019: Blerta Zeqiri<\/h1>\n\n\n\n<p>Dans le cadre du projet <a href=\"https:\/\/jugendfilmtage.ch\/fr\/borderpass\/borderpass-2018\/\">BorderPass<\/a>, une r\u00e9alisatrice originaire du pays h\u00f4te (en l\u2019occurrence le Kosovo) est invit\u00e9e \u00e0 pr\u00e9senter une masterclass.<\/p>\n\n\n\n<p>Blerta Zeqiri (*1979) est une r\u00e9alisatrice kosovare renomm\u00e9e. Ses films ont \u00e9t\u00e9 projet\u00e9s lors de festivals internationaux, tels que le Sundance Film Festival. \u00abThe Marriage\u00bb, sa derni\u00e8re \u0153uvre en date, se fait actuellement remarquer dans les circuits festivaliers, avec en outre une nomination pour l\u2019Oscar du meilleur film \u00e9tranger en tant que contribution kosovare.<\/p>\n\n\n\n<p>Pr\u00e8s de 50% des courts-m\u00e9trages et des longs-m\u00e9trages du Kosovo sont l\u2019\u0153uvre de r\u00e9alisatrices, de productrices ou de sc\u00e9naristes femmes. Malgr\u00e9 cela, ces derni\u00e8res continuent \u00e0 se heurter \u00e0 de nombreuses difficult\u00e9s dans le milieu du cin\u00e9ma kosovare. Lors de sa masterclass, Blerta Zeqiri parlera de son r\u00f4le et de ses exp\u00e9riences en tant que femme et r\u00e9alisatrice au sein d\u2019une soci\u00e9t\u00e9 patriarcale conservatrice. \u00c0 l\u2019aide de diff\u00e9rents exemples de films issus de son \u0153uvre, elle d\u00e9montre comment elle s\u2019est forg\u00e9 une voix ainsi que des m\u00e9thodes cin\u00e9matographiques personnelles malgr\u00e9 son exclusion de l\u2019industrie du cin\u00e9ma commercial.<\/p>\n\n\n\n<figure class=\"wp-block-image size-full\"><a href=\"https:\/\/jugendfilmtage.ch\/wp-content\/uploads\/2019\/02\/Blerta-Zeqiri-06.jpg\"><img loading=\"lazy\" decoding=\"async\" width=\"5760\" height=\"3240\" src=\"https:\/\/jugendfilmtage.ch\/wp-content\/uploads\/2019\/02\/Blerta-Zeqiri-06.jpg\" alt=\"Blerta Zeqiri 06\" class=\"wp-image-8826\" srcset=\"https:\/\/jugendfilmtage.ch\/wp-content\/uploads\/2019\/02\/Blerta-Zeqiri-06.jpg 5760w, https:\/\/jugendfilmtage.ch\/wp-content\/uploads\/2019\/02\/Blerta-Zeqiri-06-300x169.jpg 300w, https:\/\/jugendfilmtage.ch\/wp-content\/uploads\/2019\/02\/Blerta-Zeqiri-06-768x432.jpg 768w, https:\/\/jugendfilmtage.ch\/wp-content\/uploads\/2019\/02\/Blerta-Zeqiri-06-880x495.jpg 880w\" sizes=\"auto, (max-width: 5760px) 100vw, 5760px\" \/><\/a><\/figure>\n\n\n\n<p>La masterclass est pr\u00e9sent\u00e9e par Vivienne Kuster, auteure et r\u00e9viseuse chez <u><a href=\"http:\/\/xn--tsri-1ra.ch\/\">Ts\u00fcri.ch<\/a><\/u> et travaille actuellement pour la r\u00e9daction en ligne de SRF\/Kultur.<\/p>\n\n\n\n<p><strong>Dimanche, 17.&nbsp;Mars 2019, 14.30h, Kino Xenix (<a href=\"https:\/\/jugendfilmtage.ch\/fr\/festival\/billets\/\">Tickets<\/a>)<\/strong><\/p>\n\n\n\n<p><a href=\"https:\/\/jugendfilmtage.ch\/fr\/programme-2019\/dokumentarfilme-aus-dem-borderpass-workshop\/\">Films documentaires de l&rsquo;atelier BorderPass<\/a><br><a href=\"https:\/\/jugendfilmtage.ch\/fr\/programme-2019\/tableau-de-programme\/\">Tableau de programme<\/a><\/p>\n","protected":false},"excerpt":{"rendered":"<p>BorderPass Masterclass 2019: Blerta Zeqiri Dans le cadre du projet BorderPass, une r\u00e9alisatrice originaire du pays h\u00f4te (en l\u2019occurrence le Kosovo) est invit\u00e9e \u00e0 pr\u00e9senter une masterclass. Blerta Zeqiri (*1979) est une r\u00e9alisatrice kosovare renomm\u00e9e. Ses films ont \u00e9t\u00e9 projet\u00e9s lors de festivals internationaux, tels que le Sundance Film Festival. \u00abThe Marriage\u00bb, sa derni\u00e8re \u0153uvre [&hellip;]<\/p>\n","protected":false},"author":10,"featured_media":0,"parent":8183,"menu_order":3,"comment_status":"closed","ping_status":"closed","template":"","meta":{"_acf_changed":false,"footnotes":""},"class_list":["post-8870","page","type-page","status-publish","hentry"],"acf":[],"yoast_head":"<!-- This site is optimized with the Yoast SEO plugin v27.4 - https:\/\/yoast.com\/product\/yoast-seo-wordpress\/ -->\n<title>BorderPass Masterclass 2019: Blerta Zeqiri - FR Schweizer Jugendfilmtage<\/title>\n<meta name=\"description\" content=\"BorderPass Masterclass 2019: Blerta Zeqiri Dans le cadre du projet BorderPass, une r\u00e9alisatrice originaire du pays h\u00f4te (en l\u2019occurrence le Kosovo) est\" \/>\n<meta name=\"robots\" content=\"index, follow, max-snippet:-1, max-image-preview:large, max-video-preview:-1\" \/>\n<link rel=\"canonical\" href=\"https:\/\/jugendfilmtage.ch\/fr\/archives\/festival-2019\/borderpass-masterclass-blerta-zeqiri\/\" \/>\n<meta property=\"og:locale\" content=\"fr_FR\" \/>\n<meta property=\"og:type\" content=\"article\" \/>\n<meta property=\"og:title\" content=\"BorderPass Masterclass 2019: Blerta Zeqiri - FR Schweizer Jugendfilmtage\" \/>\n<meta property=\"og:description\" content=\"BorderPass Masterclass 2019: Blerta Zeqiri Dans le cadre du projet BorderPass, une r\u00e9alisatrice originaire du pays h\u00f4te (en l\u2019occurrence le Kosovo) est\" \/>\n<meta property=\"og:url\" content=\"https:\/\/jugendfilmtage.ch\/fr\/archives\/festival-2019\/borderpass-masterclass-blerta-zeqiri\/\" \/>\n<meta property=\"og:site_name\" content=\"FR Schweizer Jugendfilmtage\" \/>\n<meta property=\"article:publisher\" content=\"https:\/\/www.facebook.com\/Jugendfilmtage\" \/>\n<meta property=\"article:modified_time\" content=\"2024-01-26T21:45:30+00:00\" \/>\n<meta property=\"og:image\" content=\"https:\/\/jugendfilmtage.ch\/wp-content\/uploads\/2019\/02\/Blerta-Zeqiri-06.jpg\" \/>\n<meta name=\"twitter:card\" content=\"summary_large_image\" \/>\n<meta name=\"twitter:site\" content=\"@jugendfilmtage\" \/>\n<meta name=\"twitter:label1\" content=\"Dur\u00e9e de lecture estim\u00e9e\" \/>\n\t<meta name=\"twitter:data1\" content=\"2 minutes\" \/>\n<script type=\"application\/ld+json\" class=\"yoast-schema-graph\">{\"@context\":\"https:\\\/\\\/schema.org\",\"@graph\":[{\"@type\":\"WebPage\",\"@id\":\"https:\\\/\\\/jugendfilmtage.ch\\\/fr\\\/archives\\\/festival-2019\\\/borderpass-masterclass-blerta-zeqiri\\\/\",\"url\":\"https:\\\/\\\/jugendfilmtage.ch\\\/fr\\\/archives\\\/festival-2019\\\/borderpass-masterclass-blerta-zeqiri\\\/\",\"name\":\"BorderPass Masterclass 2019: Blerta Zeqiri - FR Schweizer Jugendfilmtage\",\"isPartOf\":{\"@id\":\"https:\\\/\\\/jugendfilmtage.ch\\\/fr\\\/#website\"},\"primaryImageOfPage\":{\"@id\":\"https:\\\/\\\/jugendfilmtage.ch\\\/fr\\\/archives\\\/festival-2019\\\/borderpass-masterclass-blerta-zeqiri\\\/#primaryimage\"},\"image\":{\"@id\":\"https:\\\/\\\/jugendfilmtage.ch\\\/fr\\\/archives\\\/festival-2019\\\/borderpass-masterclass-blerta-zeqiri\\\/#primaryimage\"},\"thumbnailUrl\":\"https:\\\/\\\/jugendfilmtage.ch\\\/wp-content\\\/uploads\\\/2019\\\/02\\\/Blerta-Zeqiri-06.jpg\",\"datePublished\":\"2019-02-11T10:24:43+00:00\",\"dateModified\":\"2024-01-26T21:45:30+00:00\",\"description\":\"BorderPass Masterclass 2019: Blerta Zeqiri Dans le cadre du projet BorderPass, une r\u00e9alisatrice originaire du pays h\u00f4te (en l\u2019occurrence le Kosovo) est\",\"breadcrumb\":{\"@id\":\"https:\\\/\\\/jugendfilmtage.ch\\\/fr\\\/archives\\\/festival-2019\\\/borderpass-masterclass-blerta-zeqiri\\\/#breadcrumb\"},\"inLanguage\":\"fr-FR\",\"potentialAction\":[{\"@type\":\"ReadAction\",\"target\":[\"https:\\\/\\\/jugendfilmtage.ch\\\/fr\\\/archives\\\/festival-2019\\\/borderpass-masterclass-blerta-zeqiri\\\/\"]}]},{\"@type\":\"ImageObject\",\"inLanguage\":\"fr-FR\",\"@id\":\"https:\\\/\\\/jugendfilmtage.ch\\\/fr\\\/archives\\\/festival-2019\\\/borderpass-masterclass-blerta-zeqiri\\\/#primaryimage\",\"url\":\"https:\\\/\\\/jugendfilmtage.ch\\\/wp-content\\\/uploads\\\/2019\\\/02\\\/Blerta-Zeqiri-06.jpg\",\"contentUrl\":\"https:\\\/\\\/jugendfilmtage.ch\\\/wp-content\\\/uploads\\\/2019\\\/02\\\/Blerta-Zeqiri-06.jpg\"},{\"@type\":\"BreadcrumbList\",\"@id\":\"https:\\\/\\\/jugendfilmtage.ch\\\/fr\\\/archives\\\/festival-2019\\\/borderpass-masterclass-blerta-zeqiri\\\/#breadcrumb\",\"itemListElement\":[{\"@type\":\"ListItem\",\"position\":1,\"name\":\"Archive\",\"item\":\"https:\\\/\\\/jugendfilmtage.ch\\\/fr\\\/archives\\\/\"},{\"@type\":\"ListItem\",\"position\":2,\"name\":\"Festival 2019\",\"item\":\"https:\\\/\\\/jugendfilmtage.ch\\\/fr\\\/archives\\\/festival-2019\\\/\"},{\"@type\":\"ListItem\",\"position\":3,\"name\":\"BorderPass Masterclass 2019: Blerta Zeqiri\"}]},{\"@type\":\"WebSite\",\"@id\":\"https:\\\/\\\/jugendfilmtage.ch\\\/fr\\\/#website\",\"url\":\"https:\\\/\\\/jugendfilmtage.ch\\\/fr\\\/\",\"name\":\"FR Schweizer Jugendfilmtage\",\"description\":\"FR Festival Cin\u00e9 Jeunesse Suisse\",\"potentialAction\":[{\"@type\":\"SearchAction\",\"target\":{\"@type\":\"EntryPoint\",\"urlTemplate\":\"https:\\\/\\\/jugendfilmtage.ch\\\/fr\\\/?s={search_term_string}\"},\"query-input\":{\"@type\":\"PropertyValueSpecification\",\"valueRequired\":true,\"valueName\":\"search_term_string\"}}],\"inLanguage\":\"fr-FR\"}]}<\/script>\n<!-- \/ Yoast SEO plugin. -->","yoast_head_json":{"title":"BorderPass Masterclass 2019: Blerta Zeqiri - FR Schweizer Jugendfilmtage","description":"BorderPass Masterclass 2019: Blerta Zeqiri Dans le cadre du projet BorderPass, une r\u00e9alisatrice originaire du pays h\u00f4te (en l\u2019occurrence le Kosovo) est","robots":{"index":"index","follow":"follow","max-snippet":"max-snippet:-1","max-image-preview":"max-image-preview:large","max-video-preview":"max-video-preview:-1"},"canonical":"https:\/\/jugendfilmtage.ch\/fr\/archives\/festival-2019\/borderpass-masterclass-blerta-zeqiri\/","og_locale":"fr_FR","og_type":"article","og_title":"BorderPass Masterclass 2019: Blerta Zeqiri - FR Schweizer Jugendfilmtage","og_description":"BorderPass Masterclass 2019: Blerta Zeqiri Dans le cadre du projet BorderPass, une r\u00e9alisatrice originaire du pays h\u00f4te (en l\u2019occurrence le Kosovo) est","og_url":"https:\/\/jugendfilmtage.ch\/fr\/archives\/festival-2019\/borderpass-masterclass-blerta-zeqiri\/","og_site_name":"FR Schweizer Jugendfilmtage","article_publisher":"https:\/\/www.facebook.com\/Jugendfilmtage","article_modified_time":"2024-01-26T21:45:30+00:00","og_image":[{"url":"https:\/\/jugendfilmtage.ch\/wp-content\/uploads\/2019\/02\/Blerta-Zeqiri-06.jpg","type":"","width":"","height":""}],"twitter_card":"summary_large_image","twitter_site":"@jugendfilmtage","twitter_misc":{"Dur\u00e9e de lecture estim\u00e9e":"2 minutes"},"schema":{"@context":"https:\/\/schema.org","@graph":[{"@type":"WebPage","@id":"https:\/\/jugendfilmtage.ch\/fr\/archives\/festival-2019\/borderpass-masterclass-blerta-zeqiri\/","url":"https:\/\/jugendfilmtage.ch\/fr\/archives\/festival-2019\/borderpass-masterclass-blerta-zeqiri\/","name":"BorderPass Masterclass 2019: Blerta Zeqiri - FR Schweizer Jugendfilmtage","isPartOf":{"@id":"https:\/\/jugendfilmtage.ch\/fr\/#website"},"primaryImageOfPage":{"@id":"https:\/\/jugendfilmtage.ch\/fr\/archives\/festival-2019\/borderpass-masterclass-blerta-zeqiri\/#primaryimage"},"image":{"@id":"https:\/\/jugendfilmtage.ch\/fr\/archives\/festival-2019\/borderpass-masterclass-blerta-zeqiri\/#primaryimage"},"thumbnailUrl":"https:\/\/jugendfilmtage.ch\/wp-content\/uploads\/2019\/02\/Blerta-Zeqiri-06.jpg","datePublished":"2019-02-11T10:24:43+00:00","dateModified":"2024-01-26T21:45:30+00:00","description":"BorderPass Masterclass 2019: Blerta Zeqiri Dans le cadre du projet BorderPass, une r\u00e9alisatrice originaire du pays h\u00f4te (en l\u2019occurrence le Kosovo) est","breadcrumb":{"@id":"https:\/\/jugendfilmtage.ch\/fr\/archives\/festival-2019\/borderpass-masterclass-blerta-zeqiri\/#breadcrumb"},"inLanguage":"fr-FR","potentialAction":[{"@type":"ReadAction","target":["https:\/\/jugendfilmtage.ch\/fr\/archives\/festival-2019\/borderpass-masterclass-blerta-zeqiri\/"]}]},{"@type":"ImageObject","inLanguage":"fr-FR","@id":"https:\/\/jugendfilmtage.ch\/fr\/archives\/festival-2019\/borderpass-masterclass-blerta-zeqiri\/#primaryimage","url":"https:\/\/jugendfilmtage.ch\/wp-content\/uploads\/2019\/02\/Blerta-Zeqiri-06.jpg","contentUrl":"https:\/\/jugendfilmtage.ch\/wp-content\/uploads\/2019\/02\/Blerta-Zeqiri-06.jpg"},{"@type":"BreadcrumbList","@id":"https:\/\/jugendfilmtage.ch\/fr\/archives\/festival-2019\/borderpass-masterclass-blerta-zeqiri\/#breadcrumb","itemListElement":[{"@type":"ListItem","position":1,"name":"Archive","item":"https:\/\/jugendfilmtage.ch\/fr\/archives\/"},{"@type":"ListItem","position":2,"name":"Festival 2019","item":"https:\/\/jugendfilmtage.ch\/fr\/archives\/festival-2019\/"},{"@type":"ListItem","position":3,"name":"BorderPass Masterclass 2019: Blerta Zeqiri"}]},{"@type":"WebSite","@id":"https:\/\/jugendfilmtage.ch\/fr\/#website","url":"https:\/\/jugendfilmtage.ch\/fr\/","name":"FR Schweizer Jugendfilmtage","description":"FR Festival Cin\u00e9 Jeunesse Suisse","potentialAction":[{"@type":"SearchAction","target":{"@type":"EntryPoint","urlTemplate":"https:\/\/jugendfilmtage.ch\/fr\/?s={search_term_string}"},"query-input":{"@type":"PropertyValueSpecification","valueRequired":true,"valueName":"search_term_string"}}],"inLanguage":"fr-FR"}]}},"_links":{"self":[{"href":"https:\/\/jugendfilmtage.ch\/fr\/wp-json\/wp\/v2\/pages\/8870","targetHints":{"allow":["GET"]}}],"collection":[{"href":"https:\/\/jugendfilmtage.ch\/fr\/wp-json\/wp\/v2\/pages"}],"about":[{"href":"https:\/\/jugendfilmtage.ch\/fr\/wp-json\/wp\/v2\/types\/page"}],"author":[{"embeddable":true,"href":"https:\/\/jugendfilmtage.ch\/fr\/wp-json\/wp\/v2\/users\/10"}],"replies":[{"embeddable":true,"href":"https:\/\/jugendfilmtage.ch\/fr\/wp-json\/wp\/v2\/comments?post=8870"}],"version-history":[{"count":5,"href":"https:\/\/jugendfilmtage.ch\/fr\/wp-json\/wp\/v2\/pages\/8870\/revisions"}],"predecessor-version":[{"id":22398,"href":"https:\/\/jugendfilmtage.ch\/fr\/wp-json\/wp\/v2\/pages\/8870\/revisions\/22398"}],"up":[{"embeddable":true,"href":"https:\/\/jugendfilmtage.ch\/fr\/wp-json\/wp\/v2\/pages\/8183"}],"wp:attachment":[{"href":"https:\/\/jugendfilmtage.ch\/fr\/wp-json\/wp\/v2\/media?parent=8870"}],"curies":[{"name":"wp","href":"https:\/\/api.w.org\/{rel}","templated":true}]}}