{"id":8858,"date":"2019-02-11T10:05:21","date_gmt":"2019-02-11T10:05:21","guid":{"rendered":"https:\/\/2024.jugendfilmtage.ch\/fr\/?page_id=8858"},"modified":"2024-02-06T10:36:27","modified_gmt":"2024-02-06T09:36:27","slug":"dokumentarfilme-aus-dem-borderpass-workshop","status":"publish","type":"page","link":"https:\/\/jugendfilmtage.ch\/fr\/archives\/festival-2019\/dokumentarfilme-aus-dem-borderpass-workshop\/","title":{"rendered":"Films documentaires de l\u2019atelier BorderPass 2019"},"content":{"rendered":"<h1>Films documentaires de l\u2019atelier BorderPass 2019<\/h1>\n<p>En 2018, le Festival Cin\u00e9 Jeunesse a lanc\u00e9 pour la premi\u00e8re fois le projet BorderPass en collaboration avec les festivals de cin\u00e9ma Dokufest \u00e0 Prizren (Kosovo) et Pravo Ljudski \u00e0 Sarajevo (Bosnie-Herz\u00e9govine). En ao\u00fbt, douze jeunes \u00e2g\u00e9s de 15-19 ans en provenance de Suisse, du Kosovo et de Bosnie-Herz\u00e9govine ont particip\u00e9 \u00e0 un atelier de films documentaires durant le Dokufest. Au cours de cette semaine de travail intense, ils ont r\u00e9alis\u00e9 quatre courts-m\u00e9trages inspir\u00e9s par le th\u00e8me \u00abReflection\u00bb. L\u2019atelier \u00e9tait fond\u00e9 sur le savoir-faire cin\u00e9matographique ainsi que sur l\u2019\u00e9change culturel.<\/p>\n<p>Au cours des deux ann\u00e9es \u00e0 venir, de nouveaux pays accueilleront \u00e9galement des ateliers de film documentaire gratuits pour les jeunes passionn\u00e9s*es de cin\u00e9ma \u00e2g\u00e9s*es de 15-19 ans. En \u00e9t\u00e9 2019, ce sera ainsi le tour de la Bosnie-Herz\u00e9govine. Informations et inscriptions: <a href=\"https:\/\/jugendfilmtage.ch\/fr\/borderpass\/borderpass-2018\/\">www.borderpass.ch<\/a>.<\/p>\n<p>La projection des courts-m\u00e9trages sera suivie d\u2019une table ronde avec les jeunes participants \u00e0 l\u2019atelier. La discussion se d\u00e9roulera en anglais sous la houlette de Vivienne Kuster. Auteure et r\u00e9viseuse chez\u00a0\u00a0<u><a href=\"http:\/\/xn--tsri-1ra.ch\/\">Ts\u00fcri.ch<\/a>\u00a0<\/u>Vivienne Kuster travaille actuellement pour la r\u00e9daction en ligne de SRF\/Kultur.<\/p>\n<p><strong>Samedi, 16.\u00a0Mars 2019, 18.00h, Kino Xenix (<a href=\"https:\/\/jugendfilmtage.ch\/fr\/festival\/billets\/\">Tickets<\/a>)<\/strong><\/p>\n<p><a href=\"https:\/\/jugendfilmtage.ch\/fr\/programme-2019\/borderpass-masterclass-blerta-zeqiri\/\">BorderPass Masterclass Blerta Zeqiri<\/a><br \/>\n<a href=\"https:\/\/jugendfilmtage.ch\/fr\/programme-2019\/tableau-de-programme\/\">Tableau de programme<\/a><\/p>\n","protected":false},"excerpt":{"rendered":"<p>Films documentaires de l\u2019atelier BorderPass 2019 En 2018, le Festival Cin\u00e9 Jeunesse a lanc\u00e9 pour la premi\u00e8re fois le projet BorderPass en collaboration avec les festivals de cin\u00e9ma Dokufest \u00e0 Prizren (Kosovo) et Pravo Ljudski \u00e0 Sarajevo (Bosnie-Herz\u00e9govine). En ao\u00fbt, douze jeunes \u00e2g\u00e9s de 15-19 ans en provenance de Suisse, du Kosovo et de Bosnie-Herz\u00e9govine [&hellip;]<\/p>\n","protected":false},"author":10,"featured_media":0,"parent":8183,"menu_order":2,"comment_status":"closed","ping_status":"closed","template":"","meta":{"_acf_changed":false,"footnotes":""},"class_list":["post-8858","page","type-page","status-publish","hentry"],"acf":[],"yoast_head":"<!-- This site is optimized with the Yoast SEO plugin v27.4 - https:\/\/yoast.com\/product\/yoast-seo-wordpress\/ -->\n<title>Films documentaires de l\u2019atelier BorderPass 2019 - FR Schweizer Jugendfilmtage<\/title>\n<meta name=\"description\" content=\"Films documentaires de l\u2019atelier BorderPass 2019 En 2018, le Festival Cin\u00e9 Jeunesse a lanc\u00e9 pour la premi\u00e8re fois le projet BorderPass en collaboration\" \/>\n<meta name=\"robots\" content=\"index, follow, max-snippet:-1, max-image-preview:large, max-video-preview:-1\" \/>\n<link rel=\"canonical\" href=\"https:\/\/jugendfilmtage.ch\/fr\/archives\/festival-2019\/dokumentarfilme-aus-dem-borderpass-workshop\/\" \/>\n<meta property=\"og:locale\" content=\"fr_FR\" \/>\n<meta property=\"og:type\" content=\"article\" \/>\n<meta property=\"og:title\" content=\"Films documentaires de l\u2019atelier BorderPass 2019 - FR Schweizer Jugendfilmtage\" \/>\n<meta property=\"og:description\" content=\"Films documentaires de l\u2019atelier BorderPass 2019 En 2018, le Festival Cin\u00e9 Jeunesse a lanc\u00e9 pour la premi\u00e8re fois le projet BorderPass en collaboration\" \/>\n<meta property=\"og:url\" content=\"https:\/\/jugendfilmtage.ch\/fr\/archives\/festival-2019\/dokumentarfilme-aus-dem-borderpass-workshop\/\" \/>\n<meta property=\"og:site_name\" content=\"FR Schweizer Jugendfilmtage\" \/>\n<meta property=\"article:publisher\" content=\"https:\/\/www.facebook.com\/Jugendfilmtage\" \/>\n<meta property=\"article:modified_time\" content=\"2024-02-06T09:36:27+00:00\" \/>\n<meta name=\"twitter:card\" content=\"summary_large_image\" \/>\n<meta name=\"twitter:site\" content=\"@jugendfilmtage\" \/>\n<meta name=\"twitter:label1\" content=\"Dur\u00e9e de lecture estim\u00e9e\" \/>\n\t<meta name=\"twitter:data1\" content=\"2 minutes\" \/>\n<script type=\"application\/ld+json\" class=\"yoast-schema-graph\">{\"@context\":\"https:\\\/\\\/schema.org\",\"@graph\":[{\"@type\":\"WebPage\",\"@id\":\"https:\\\/\\\/jugendfilmtage.ch\\\/fr\\\/archives\\\/festival-2019\\\/dokumentarfilme-aus-dem-borderpass-workshop\\\/\",\"url\":\"https:\\\/\\\/jugendfilmtage.ch\\\/fr\\\/archives\\\/festival-2019\\\/dokumentarfilme-aus-dem-borderpass-workshop\\\/\",\"name\":\"Films documentaires de l\u2019atelier BorderPass 2019 - FR Schweizer Jugendfilmtage\",\"isPartOf\":{\"@id\":\"https:\\\/\\\/jugendfilmtage.ch\\\/fr\\\/#website\"},\"datePublished\":\"2019-02-11T10:05:21+00:00\",\"dateModified\":\"2024-02-06T09:36:27+00:00\",\"description\":\"Films documentaires de l\u2019atelier BorderPass 2019 En 2018, le Festival Cin\u00e9 Jeunesse a lanc\u00e9 pour la premi\u00e8re fois le projet BorderPass en collaboration\",\"breadcrumb\":{\"@id\":\"https:\\\/\\\/jugendfilmtage.ch\\\/fr\\\/archives\\\/festival-2019\\\/dokumentarfilme-aus-dem-borderpass-workshop\\\/#breadcrumb\"},\"inLanguage\":\"fr-FR\",\"potentialAction\":[{\"@type\":\"ReadAction\",\"target\":[\"https:\\\/\\\/jugendfilmtage.ch\\\/fr\\\/archives\\\/festival-2019\\\/dokumentarfilme-aus-dem-borderpass-workshop\\\/\"]}]},{\"@type\":\"BreadcrumbList\",\"@id\":\"https:\\\/\\\/jugendfilmtage.ch\\\/fr\\\/archives\\\/festival-2019\\\/dokumentarfilme-aus-dem-borderpass-workshop\\\/#breadcrumb\",\"itemListElement\":[{\"@type\":\"ListItem\",\"position\":1,\"name\":\"Archive\",\"item\":\"https:\\\/\\\/jugendfilmtage.ch\\\/fr\\\/archives\\\/\"},{\"@type\":\"ListItem\",\"position\":2,\"name\":\"Festival 2019\",\"item\":\"https:\\\/\\\/jugendfilmtage.ch\\\/fr\\\/archives\\\/festival-2019\\\/\"},{\"@type\":\"ListItem\",\"position\":3,\"name\":\"Films documentaires de l\u2019atelier BorderPass 2019\"}]},{\"@type\":\"WebSite\",\"@id\":\"https:\\\/\\\/jugendfilmtage.ch\\\/fr\\\/#website\",\"url\":\"https:\\\/\\\/jugendfilmtage.ch\\\/fr\\\/\",\"name\":\"FR Schweizer Jugendfilmtage\",\"description\":\"FR Festival Cin\u00e9 Jeunesse Suisse\",\"potentialAction\":[{\"@type\":\"SearchAction\",\"target\":{\"@type\":\"EntryPoint\",\"urlTemplate\":\"https:\\\/\\\/jugendfilmtage.ch\\\/fr\\\/?s={search_term_string}\"},\"query-input\":{\"@type\":\"PropertyValueSpecification\",\"valueRequired\":true,\"valueName\":\"search_term_string\"}}],\"inLanguage\":\"fr-FR\"}]}<\/script>\n<!-- \/ Yoast SEO plugin. -->","yoast_head_json":{"title":"Films documentaires de l\u2019atelier BorderPass 2019 - FR Schweizer Jugendfilmtage","description":"Films documentaires de l\u2019atelier BorderPass 2019 En 2018, le Festival Cin\u00e9 Jeunesse a lanc\u00e9 pour la premi\u00e8re fois le projet BorderPass en collaboration","robots":{"index":"index","follow":"follow","max-snippet":"max-snippet:-1","max-image-preview":"max-image-preview:large","max-video-preview":"max-video-preview:-1"},"canonical":"https:\/\/jugendfilmtage.ch\/fr\/archives\/festival-2019\/dokumentarfilme-aus-dem-borderpass-workshop\/","og_locale":"fr_FR","og_type":"article","og_title":"Films documentaires de l\u2019atelier BorderPass 2019 - FR Schweizer Jugendfilmtage","og_description":"Films documentaires de l\u2019atelier BorderPass 2019 En 2018, le Festival Cin\u00e9 Jeunesse a lanc\u00e9 pour la premi\u00e8re fois le projet BorderPass en collaboration","og_url":"https:\/\/jugendfilmtage.ch\/fr\/archives\/festival-2019\/dokumentarfilme-aus-dem-borderpass-workshop\/","og_site_name":"FR Schweizer Jugendfilmtage","article_publisher":"https:\/\/www.facebook.com\/Jugendfilmtage","article_modified_time":"2024-02-06T09:36:27+00:00","twitter_card":"summary_large_image","twitter_site":"@jugendfilmtage","twitter_misc":{"Dur\u00e9e de lecture estim\u00e9e":"2 minutes"},"schema":{"@context":"https:\/\/schema.org","@graph":[{"@type":"WebPage","@id":"https:\/\/jugendfilmtage.ch\/fr\/archives\/festival-2019\/dokumentarfilme-aus-dem-borderpass-workshop\/","url":"https:\/\/jugendfilmtage.ch\/fr\/archives\/festival-2019\/dokumentarfilme-aus-dem-borderpass-workshop\/","name":"Films documentaires de l\u2019atelier BorderPass 2019 - FR Schweizer Jugendfilmtage","isPartOf":{"@id":"https:\/\/jugendfilmtage.ch\/fr\/#website"},"datePublished":"2019-02-11T10:05:21+00:00","dateModified":"2024-02-06T09:36:27+00:00","description":"Films documentaires de l\u2019atelier BorderPass 2019 En 2018, le Festival Cin\u00e9 Jeunesse a lanc\u00e9 pour la premi\u00e8re fois le projet BorderPass en collaboration","breadcrumb":{"@id":"https:\/\/jugendfilmtage.ch\/fr\/archives\/festival-2019\/dokumentarfilme-aus-dem-borderpass-workshop\/#breadcrumb"},"inLanguage":"fr-FR","potentialAction":[{"@type":"ReadAction","target":["https:\/\/jugendfilmtage.ch\/fr\/archives\/festival-2019\/dokumentarfilme-aus-dem-borderpass-workshop\/"]}]},{"@type":"BreadcrumbList","@id":"https:\/\/jugendfilmtage.ch\/fr\/archives\/festival-2019\/dokumentarfilme-aus-dem-borderpass-workshop\/#breadcrumb","itemListElement":[{"@type":"ListItem","position":1,"name":"Archive","item":"https:\/\/jugendfilmtage.ch\/fr\/archives\/"},{"@type":"ListItem","position":2,"name":"Festival 2019","item":"https:\/\/jugendfilmtage.ch\/fr\/archives\/festival-2019\/"},{"@type":"ListItem","position":3,"name":"Films documentaires de l\u2019atelier BorderPass 2019"}]},{"@type":"WebSite","@id":"https:\/\/jugendfilmtage.ch\/fr\/#website","url":"https:\/\/jugendfilmtage.ch\/fr\/","name":"FR Schweizer Jugendfilmtage","description":"FR Festival Cin\u00e9 Jeunesse Suisse","potentialAction":[{"@type":"SearchAction","target":{"@type":"EntryPoint","urlTemplate":"https:\/\/jugendfilmtage.ch\/fr\/?s={search_term_string}"},"query-input":{"@type":"PropertyValueSpecification","valueRequired":true,"valueName":"search_term_string"}}],"inLanguage":"fr-FR"}]}},"_links":{"self":[{"href":"https:\/\/jugendfilmtage.ch\/fr\/wp-json\/wp\/v2\/pages\/8858","targetHints":{"allow":["GET"]}}],"collection":[{"href":"https:\/\/jugendfilmtage.ch\/fr\/wp-json\/wp\/v2\/pages"}],"about":[{"href":"https:\/\/jugendfilmtage.ch\/fr\/wp-json\/wp\/v2\/types\/page"}],"author":[{"embeddable":true,"href":"https:\/\/jugendfilmtage.ch\/fr\/wp-json\/wp\/v2\/users\/10"}],"replies":[{"embeddable":true,"href":"https:\/\/jugendfilmtage.ch\/fr\/wp-json\/wp\/v2\/comments?post=8858"}],"version-history":[{"count":4,"href":"https:\/\/jugendfilmtage.ch\/fr\/wp-json\/wp\/v2\/pages\/8858\/revisions"}],"predecessor-version":[{"id":23838,"href":"https:\/\/jugendfilmtage.ch\/fr\/wp-json\/wp\/v2\/pages\/8858\/revisions\/23838"}],"up":[{"embeddable":true,"href":"https:\/\/jugendfilmtage.ch\/fr\/wp-json\/wp\/v2\/pages\/8183"}],"wp:attachment":[{"href":"https:\/\/jugendfilmtage.ch\/fr\/wp-json\/wp\/v2\/media?parent=8858"}],"curies":[{"name":"wp","href":"https:\/\/api.w.org\/{rel}","templated":true}]}}