{"id":8429,"date":"2019-02-02T15:56:07","date_gmt":"2019-02-02T15:56:07","guid":{"rendered":"https:\/\/2024.jugendfilmtage.ch\/fr\/?page_id=8429"},"modified":"2024-02-06T10:31:51","modified_gmt":"2024-02-06T09:31:51","slug":"digitalkarma","status":"publish","type":"page","link":"https:\/\/jugendfilmtage.ch\/fr\/archives\/festival-2019\/digitalkarma\/","title":{"rendered":"Digitalkarma"},"content":{"rendered":"<h1>Digitalkarma<\/h1>\n<p><a href=\"https:\/\/jugendfilmtage.ch\/wp-content\/uploads\/2019\/02\/Digitalkarma_1.jpg\"><img loading=\"lazy\" decoding=\"async\" class=\"alignnone size-large wp-image-8434\" src=\"https:\/\/jugendfilmtage.ch\/wp-content\/uploads\/2019\/02\/Digitalkarma_1-880x495.jpg\" alt=\"Digitalkarma_1\" width=\"880\" height=\"495\" srcset=\"https:\/\/jugendfilmtage.ch\/wp-content\/uploads\/2019\/02\/Digitalkarma_1-880x495.jpg 880w, https:\/\/jugendfilmtage.ch\/wp-content\/uploads\/2019\/02\/Digitalkarma_1-300x169.jpg 300w, https:\/\/jugendfilmtage.ch\/wp-content\/uploads\/2019\/02\/Digitalkarma_1-768x432.jpg 768w, https:\/\/jugendfilmtage.ch\/wp-content\/uploads\/2019\/02\/Digitalkarma_1.jpg 1600w\" sizes=\"auto, (max-width: 880px) 100vw, 880px\" \/><\/a><\/p>\n<p>R\u00e9alisation: Mark Olexa, Francesca Scalisi<br \/>\nDocumentaire \/ 2019 \/ Ov,df \/ 75\u2019 \/ Suisse<br \/>\nUne plong\u00e9e dans la vie de Rupa, une jeune femme qui tente envers et contre tout d\u2019\u00e9chapper \u00e0 un destin in\u00e9luctable. Un village retir\u00e9 dans les collines brumeuses du Nord du Bangladesh constitue le d\u00e9cor de sa lutte. Arm\u00e9e d&rsquo;un v\u00e9lo, d&rsquo;une cam\u00e9ra et de son savoir, elle d\u00e9fie les traditions et ouvre une voie vers l&rsquo;\u00e9mancipation. Mais lorsqu\u2019un coup du sort frappe sa famille, Rupa voit sa libert\u00e9 menac\u00e9e. Parviendra-t- elle \u00e0 maintenir ce fragile \u00e9quilibre entre les attentes de ses proches et ses aspirations personnelles?<\/p>\n<p>Premiere mondiale:\u00a054es Journ\u00e9es de Soleure, nomin\u00e9 au Prix de Soleure, Janvier 2019<\/p>\n<p>Entretien avec le duo de r\u00e9alisateurs Mark Olexa et Francesca Scalisi apr\u00e8s le film.<\/p>\n<p><iframe loading=\"lazy\" title=\"Trailer Digitalkarma\" src=\"https:\/\/player.vimeo.com\/video\/278640853?dnt=1&amp;app_id=122963\" width=\"500\" height=\"281\" frameborder=\"0\" allow=\"autoplay; fullscreen; picture-in-picture; clipboard-write\"><\/iframe><\/p>\n<p><a href=\"http:\/\/www.digitalkarma-film.ch\">www.digitalkarma-film.ch<\/a><\/p>\n<p><strong>Samedi, 16. Mars 2019, 16.00h, Kino Xenix\u00a0<\/strong><a href=\"https:\/\/jugendfilmtage.ch\/fr\/festival\/billets\/\">(Tickets)<\/a><\/p>\n","protected":false},"excerpt":{"rendered":"<p>Digitalkarma R\u00e9alisation: Mark Olexa, Francesca Scalisi Documentaire \/ 2019 \/ Ov,df \/ 75\u2019 \/ Suisse Une plong\u00e9e dans la vie de Rupa, une jeune femme qui tente envers et contre tout d\u2019\u00e9chapper \u00e0 un destin in\u00e9luctable. Un village retir\u00e9 dans les collines brumeuses du Nord du Bangladesh constitue le d\u00e9cor de sa lutte. Arm\u00e9e d&rsquo;un [&hellip;]<\/p>\n","protected":false},"author":11,"featured_media":0,"parent":8183,"menu_order":3,"comment_status":"closed","ping_status":"closed","template":"","meta":{"_acf_changed":false,"footnotes":""},"class_list":["post-8429","page","type-page","status-publish","hentry"],"acf":[],"yoast_head":"<!-- This site is optimized with the Yoast SEO plugin v27.4 - https:\/\/yoast.com\/product\/yoast-seo-wordpress\/ -->\n<title>Digitalkarma - FR Schweizer Jugendfilmtage<\/title>\n<meta name=\"description\" content=\"Digitalkarma R\u00e9alisation: Mark Olexa, Francesca Scalisi Documentaire \/ 2019 \/ Ov,df \/ 75\u2019 \/ Suisse Une plong\u00e9e dans la vie de Rupa, une jeune femme qui\" \/>\n<meta name=\"robots\" content=\"index, follow, max-snippet:-1, max-image-preview:large, max-video-preview:-1\" \/>\n<link rel=\"canonical\" href=\"https:\/\/jugendfilmtage.ch\/fr\/archives\/festival-2019\/digitalkarma\/\" \/>\n<meta property=\"og:locale\" content=\"fr_FR\" \/>\n<meta property=\"og:type\" content=\"article\" \/>\n<meta property=\"og:title\" content=\"Digitalkarma - FR Schweizer Jugendfilmtage\" \/>\n<meta property=\"og:description\" content=\"Digitalkarma R\u00e9alisation: Mark Olexa, Francesca Scalisi Documentaire \/ 2019 \/ Ov,df \/ 75\u2019 \/ Suisse Une plong\u00e9e dans la vie de Rupa, une jeune femme qui\" \/>\n<meta property=\"og:url\" content=\"https:\/\/jugendfilmtage.ch\/fr\/archives\/festival-2019\/digitalkarma\/\" \/>\n<meta property=\"og:site_name\" content=\"FR Schweizer Jugendfilmtage\" \/>\n<meta property=\"article:publisher\" content=\"https:\/\/www.facebook.com\/Jugendfilmtage\" \/>\n<meta property=\"article:modified_time\" content=\"2024-02-06T09:31:51+00:00\" \/>\n<meta property=\"og:image\" content=\"https:\/\/jugendfilmtage.ch\/wp-content\/uploads\/2019\/02\/Digitalkarma_1-880x495.jpg\" \/>\n<meta name=\"twitter:card\" content=\"summary_large_image\" \/>\n<meta name=\"twitter:site\" content=\"@jugendfilmtage\" \/>\n<meta name=\"twitter:label1\" content=\"Dur\u00e9e de lecture estim\u00e9e\" \/>\n\t<meta name=\"twitter:data1\" content=\"1 minute\" \/>\n<script type=\"application\/ld+json\" class=\"yoast-schema-graph\">{\"@context\":\"https:\\\/\\\/schema.org\",\"@graph\":[{\"@type\":\"WebPage\",\"@id\":\"https:\\\/\\\/jugendfilmtage.ch\\\/fr\\\/archives\\\/festival-2019\\\/digitalkarma\\\/\",\"url\":\"https:\\\/\\\/jugendfilmtage.ch\\\/fr\\\/archives\\\/festival-2019\\\/digitalkarma\\\/\",\"name\":\"Digitalkarma - FR Schweizer Jugendfilmtage\",\"isPartOf\":{\"@id\":\"https:\\\/\\\/jugendfilmtage.ch\\\/fr\\\/#website\"},\"primaryImageOfPage\":{\"@id\":\"https:\\\/\\\/jugendfilmtage.ch\\\/fr\\\/archives\\\/festival-2019\\\/digitalkarma\\\/#primaryimage\"},\"image\":{\"@id\":\"https:\\\/\\\/jugendfilmtage.ch\\\/fr\\\/archives\\\/festival-2019\\\/digitalkarma\\\/#primaryimage\"},\"thumbnailUrl\":\"https:\\\/\\\/jugendfilmtage.ch\\\/wp-content\\\/uploads\\\/2019\\\/02\\\/Digitalkarma_1-880x495.jpg\",\"datePublished\":\"2019-02-02T15:56:07+00:00\",\"dateModified\":\"2024-02-06T09:31:51+00:00\",\"description\":\"Digitalkarma R\u00e9alisation: Mark Olexa, Francesca Scalisi Documentaire \\\/ 2019 \\\/ Ov,df \\\/ 75\u2019 \\\/ Suisse Une plong\u00e9e dans la vie de Rupa, une jeune femme qui\",\"breadcrumb\":{\"@id\":\"https:\\\/\\\/jugendfilmtage.ch\\\/fr\\\/archives\\\/festival-2019\\\/digitalkarma\\\/#breadcrumb\"},\"inLanguage\":\"fr-FR\",\"potentialAction\":[{\"@type\":\"ReadAction\",\"target\":[\"https:\\\/\\\/jugendfilmtage.ch\\\/fr\\\/archives\\\/festival-2019\\\/digitalkarma\\\/\"]}]},{\"@type\":\"ImageObject\",\"inLanguage\":\"fr-FR\",\"@id\":\"https:\\\/\\\/jugendfilmtage.ch\\\/fr\\\/archives\\\/festival-2019\\\/digitalkarma\\\/#primaryimage\",\"url\":\"https:\\\/\\\/jugendfilmtage.ch\\\/wp-content\\\/uploads\\\/2019\\\/02\\\/Digitalkarma_1-880x495.jpg\",\"contentUrl\":\"https:\\\/\\\/jugendfilmtage.ch\\\/wp-content\\\/uploads\\\/2019\\\/02\\\/Digitalkarma_1-880x495.jpg\"},{\"@type\":\"BreadcrumbList\",\"@id\":\"https:\\\/\\\/jugendfilmtage.ch\\\/fr\\\/archives\\\/festival-2019\\\/digitalkarma\\\/#breadcrumb\",\"itemListElement\":[{\"@type\":\"ListItem\",\"position\":1,\"name\":\"Archive\",\"item\":\"https:\\\/\\\/jugendfilmtage.ch\\\/fr\\\/archives\\\/\"},{\"@type\":\"ListItem\",\"position\":2,\"name\":\"Festival 2019\",\"item\":\"https:\\\/\\\/jugendfilmtage.ch\\\/fr\\\/archives\\\/festival-2019\\\/\"},{\"@type\":\"ListItem\",\"position\":3,\"name\":\"Digitalkarma\"}]},{\"@type\":\"WebSite\",\"@id\":\"https:\\\/\\\/jugendfilmtage.ch\\\/fr\\\/#website\",\"url\":\"https:\\\/\\\/jugendfilmtage.ch\\\/fr\\\/\",\"name\":\"FR Schweizer Jugendfilmtage\",\"description\":\"FR Festival Cin\u00e9 Jeunesse Suisse\",\"potentialAction\":[{\"@type\":\"SearchAction\",\"target\":{\"@type\":\"EntryPoint\",\"urlTemplate\":\"https:\\\/\\\/jugendfilmtage.ch\\\/fr\\\/?s={search_term_string}\"},\"query-input\":{\"@type\":\"PropertyValueSpecification\",\"valueRequired\":true,\"valueName\":\"search_term_string\"}}],\"inLanguage\":\"fr-FR\"}]}<\/script>\n<!-- \/ Yoast SEO plugin. -->","yoast_head_json":{"title":"Digitalkarma - FR Schweizer Jugendfilmtage","description":"Digitalkarma R\u00e9alisation: Mark Olexa, Francesca Scalisi Documentaire \/ 2019 \/ Ov,df \/ 75\u2019 \/ Suisse Une plong\u00e9e dans la vie de Rupa, une jeune femme qui","robots":{"index":"index","follow":"follow","max-snippet":"max-snippet:-1","max-image-preview":"max-image-preview:large","max-video-preview":"max-video-preview:-1"},"canonical":"https:\/\/jugendfilmtage.ch\/fr\/archives\/festival-2019\/digitalkarma\/","og_locale":"fr_FR","og_type":"article","og_title":"Digitalkarma - FR Schweizer Jugendfilmtage","og_description":"Digitalkarma R\u00e9alisation: Mark Olexa, Francesca Scalisi Documentaire \/ 2019 \/ Ov,df \/ 75\u2019 \/ Suisse Une plong\u00e9e dans la vie de Rupa, une jeune femme qui","og_url":"https:\/\/jugendfilmtage.ch\/fr\/archives\/festival-2019\/digitalkarma\/","og_site_name":"FR Schweizer Jugendfilmtage","article_publisher":"https:\/\/www.facebook.com\/Jugendfilmtage","article_modified_time":"2024-02-06T09:31:51+00:00","og_image":[{"url":"https:\/\/jugendfilmtage.ch\/wp-content\/uploads\/2019\/02\/Digitalkarma_1-880x495.jpg","type":"","width":"","height":""}],"twitter_card":"summary_large_image","twitter_site":"@jugendfilmtage","twitter_misc":{"Dur\u00e9e de lecture estim\u00e9e":"1 minute"},"schema":{"@context":"https:\/\/schema.org","@graph":[{"@type":"WebPage","@id":"https:\/\/jugendfilmtage.ch\/fr\/archives\/festival-2019\/digitalkarma\/","url":"https:\/\/jugendfilmtage.ch\/fr\/archives\/festival-2019\/digitalkarma\/","name":"Digitalkarma - FR Schweizer Jugendfilmtage","isPartOf":{"@id":"https:\/\/jugendfilmtage.ch\/fr\/#website"},"primaryImageOfPage":{"@id":"https:\/\/jugendfilmtage.ch\/fr\/archives\/festival-2019\/digitalkarma\/#primaryimage"},"image":{"@id":"https:\/\/jugendfilmtage.ch\/fr\/archives\/festival-2019\/digitalkarma\/#primaryimage"},"thumbnailUrl":"https:\/\/jugendfilmtage.ch\/wp-content\/uploads\/2019\/02\/Digitalkarma_1-880x495.jpg","datePublished":"2019-02-02T15:56:07+00:00","dateModified":"2024-02-06T09:31:51+00:00","description":"Digitalkarma R\u00e9alisation: Mark Olexa, Francesca Scalisi Documentaire \/ 2019 \/ Ov,df \/ 75\u2019 \/ Suisse Une plong\u00e9e dans la vie de Rupa, une jeune femme qui","breadcrumb":{"@id":"https:\/\/jugendfilmtage.ch\/fr\/archives\/festival-2019\/digitalkarma\/#breadcrumb"},"inLanguage":"fr-FR","potentialAction":[{"@type":"ReadAction","target":["https:\/\/jugendfilmtage.ch\/fr\/archives\/festival-2019\/digitalkarma\/"]}]},{"@type":"ImageObject","inLanguage":"fr-FR","@id":"https:\/\/jugendfilmtage.ch\/fr\/archives\/festival-2019\/digitalkarma\/#primaryimage","url":"https:\/\/jugendfilmtage.ch\/wp-content\/uploads\/2019\/02\/Digitalkarma_1-880x495.jpg","contentUrl":"https:\/\/jugendfilmtage.ch\/wp-content\/uploads\/2019\/02\/Digitalkarma_1-880x495.jpg"},{"@type":"BreadcrumbList","@id":"https:\/\/jugendfilmtage.ch\/fr\/archives\/festival-2019\/digitalkarma\/#breadcrumb","itemListElement":[{"@type":"ListItem","position":1,"name":"Archive","item":"https:\/\/jugendfilmtage.ch\/fr\/archives\/"},{"@type":"ListItem","position":2,"name":"Festival 2019","item":"https:\/\/jugendfilmtage.ch\/fr\/archives\/festival-2019\/"},{"@type":"ListItem","position":3,"name":"Digitalkarma"}]},{"@type":"WebSite","@id":"https:\/\/jugendfilmtage.ch\/fr\/#website","url":"https:\/\/jugendfilmtage.ch\/fr\/","name":"FR Schweizer Jugendfilmtage","description":"FR Festival Cin\u00e9 Jeunesse Suisse","potentialAction":[{"@type":"SearchAction","target":{"@type":"EntryPoint","urlTemplate":"https:\/\/jugendfilmtage.ch\/fr\/?s={search_term_string}"},"query-input":{"@type":"PropertyValueSpecification","valueRequired":true,"valueName":"search_term_string"}}],"inLanguage":"fr-FR"}]}},"_links":{"self":[{"href":"https:\/\/jugendfilmtage.ch\/fr\/wp-json\/wp\/v2\/pages\/8429","targetHints":{"allow":["GET"]}}],"collection":[{"href":"https:\/\/jugendfilmtage.ch\/fr\/wp-json\/wp\/v2\/pages"}],"about":[{"href":"https:\/\/jugendfilmtage.ch\/fr\/wp-json\/wp\/v2\/types\/page"}],"author":[{"embeddable":true,"href":"https:\/\/jugendfilmtage.ch\/fr\/wp-json\/wp\/v2\/users\/11"}],"replies":[{"embeddable":true,"href":"https:\/\/jugendfilmtage.ch\/fr\/wp-json\/wp\/v2\/comments?post=8429"}],"version-history":[{"count":8,"href":"https:\/\/jugendfilmtage.ch\/fr\/wp-json\/wp\/v2\/pages\/8429\/revisions"}],"predecessor-version":[{"id":23827,"href":"https:\/\/jugendfilmtage.ch\/fr\/wp-json\/wp\/v2\/pages\/8429\/revisions\/23827"}],"up":[{"embeddable":true,"href":"https:\/\/jugendfilmtage.ch\/fr\/wp-json\/wp\/v2\/pages\/8183"}],"wp:attachment":[{"href":"https:\/\/jugendfilmtage.ch\/fr\/wp-json\/wp\/v2\/media?parent=8429"}],"curies":[{"name":"wp","href":"https:\/\/api.w.org\/{rel}","templated":true}]}}