{"id":7953,"date":"2018-04-14T15:50:02","date_gmt":"2018-04-14T15:50:02","guid":{"rendered":"https:\/\/2024.jugendfilmtage.ch\/fr\/?page_id=7953"},"modified":"2024-02-06T16:16:18","modified_gmt":"2024-02-06T15:16:18","slug":"linscription","status":"publish","type":"page","link":"https:\/\/jugendfilmtage.ch\/fr\/archives\/borderpass\/linscription\/","title":{"rendered":"L\u2019inscription"},"content":{"rendered":"<h1>L\u2019inscription<\/h1>\n<h3><strong>Conditions de participation<\/strong><\/h3>\n<ul>\n<li>Tu as entre 15 et 19 ans<\/li>\n<li>Tu es f\u00e9ru du cin\u00e9ma<\/li>\n<li>Tu peux parler en anglais et comprendre ton interlocuteur<\/li>\n<\/ul>\n<h3><strong>L\u2019inscription<\/strong><\/h3>\n<p>La fen\u00eatre d&rsquo;enregistrement se termine le 31.7.2020.<br \/>\n***** <a href=\"http:\/\/formulaires.cinejeunesse.ch?form=borderpass_pre\"><strong>Inscrivez-vous maintenant<\/strong> <\/a>*****<\/p>\n<h3><strong>Disposition<\/strong><\/h3>\n<p>Les participants s&rsquo;engagent avec l\u2019inscription aux services suivants:<\/p>\n<ul>\n<li>Un entretien avec la direction du projet \u00e0 Zurich ou en ligne (Ao\u00fbt)<\/li>\n<li>La participation \u00e0 l&rsquo;atelier pr\u00e9paratoire en ligne (13.9.2020)<\/li>\n<li>La participation \u00e0 l&rsquo;atelier de film en ligne (2.-11.10.2020)<\/li>\n<li>Participation sur le podium lors du 45e Festival Cin\u00e9 Jeunesse Suisse (17.-21.3.2021)<\/li>\n<li>La d\u00e9claration de consentement des parents sera envoy\u00e9 avant le d\u00e9but de l\u2019atelier<\/li>\n<\/ul>\n<h3><strong>Atelier de film en ligne<\/strong><\/h3>\n<p>2.10.20 : Lancement du projet<br \/>\n3\/4\/10\/20 : Journ\u00e9es d&rsquo;atelier<br \/>\n5-9.10.20 : Travail individuel sur le film avec des s\u00e9ances de saisie l&rsquo;apr\u00e8s-midi \/ le soir<br \/>\n10.10.20 : Atelier d&rsquo;une journ\u00e9e<br \/>\n11.10.20 : Finir le film et projection des films ensemble \u00e0 Zurich<\/p>\n<h3><strong>Acceptation des co\u00fbts par le Festival Cin\u00e9 Jeunesse Suisse<\/strong><\/h3>\n<ul>\n<li>Frais de voyage \u00e0 Zurich pour la projection le 11.10. et pendant le festival en mars<\/li>\n<li>D\u00e9jeuner pendant le festival en mars<\/li>\n<li>Nuit\u00e9e pendant le festival en mars, si n\u00e9cessaire<\/li>\n<\/ul>\n<p>&nbsp;<\/p>\n","protected":false},"excerpt":{"rendered":"<p>L\u2019inscription Conditions de participation Tu as entre 15 et 19 ans Tu es f\u00e9ru du cin\u00e9ma Tu peux parler en anglais et comprendre ton interlocuteur L\u2019inscription La fen\u00eatre d&rsquo;enregistrement se termine le 31.7.2020. ***** Inscrivez-vous maintenant ***** Disposition Les participants s&rsquo;engagent avec l\u2019inscription aux services suivants: Un entretien avec la direction du projet \u00e0 Zurich [&hellip;]<\/p>\n","protected":false},"author":11,"featured_media":0,"parent":7946,"menu_order":0,"comment_status":"closed","ping_status":"closed","template":"","meta":{"_acf_changed":false,"footnotes":""},"class_list":["post-7953","page","type-page","status-publish","hentry"],"acf":[],"yoast_head":"<!-- This site is optimized with the Yoast SEO plugin v27.4 - https:\/\/yoast.com\/product\/yoast-seo-wordpress\/ -->\n<title>L\u2019inscription - FR Schweizer Jugendfilmtage<\/title>\n<meta name=\"description\" content=\"L\u2019inscription Conditions de participation Tu as entre 15 et 19 ans Tu es f\u00e9ru du cin\u00e9ma Tu peux parler en anglais et comprendre ton interlocuteur\" \/>\n<meta name=\"robots\" content=\"index, follow, max-snippet:-1, max-image-preview:large, max-video-preview:-1\" \/>\n<link rel=\"canonical\" href=\"https:\/\/jugendfilmtage.ch\/fr\/archives\/borderpass\/linscription\/\" \/>\n<meta property=\"og:locale\" content=\"fr_FR\" \/>\n<meta property=\"og:type\" content=\"article\" \/>\n<meta property=\"og:title\" content=\"L\u2019inscription - FR Schweizer Jugendfilmtage\" \/>\n<meta property=\"og:description\" content=\"L\u2019inscription Conditions de participation Tu as entre 15 et 19 ans Tu es f\u00e9ru du cin\u00e9ma Tu peux parler en anglais et comprendre ton interlocuteur\" \/>\n<meta property=\"og:url\" content=\"https:\/\/jugendfilmtage.ch\/fr\/archives\/borderpass\/linscription\/\" \/>\n<meta property=\"og:site_name\" content=\"FR Schweizer Jugendfilmtage\" \/>\n<meta property=\"article:publisher\" content=\"https:\/\/www.facebook.com\/Jugendfilmtage\" \/>\n<meta property=\"article:modified_time\" content=\"2024-02-06T15:16:18+00:00\" \/>\n<meta name=\"twitter:card\" content=\"summary_large_image\" \/>\n<meta name=\"twitter:site\" content=\"@jugendfilmtage\" \/>\n<meta name=\"twitter:label1\" content=\"Dur\u00e9e de lecture estim\u00e9e\" \/>\n\t<meta name=\"twitter:data1\" content=\"2 minutes\" \/>\n<script type=\"application\/ld+json\" class=\"yoast-schema-graph\">{\"@context\":\"https:\\\/\\\/schema.org\",\"@graph\":[{\"@type\":\"WebPage\",\"@id\":\"https:\\\/\\\/jugendfilmtage.ch\\\/fr\\\/archives\\\/borderpass\\\/linscription\\\/\",\"url\":\"https:\\\/\\\/jugendfilmtage.ch\\\/fr\\\/archives\\\/borderpass\\\/linscription\\\/\",\"name\":\"L\u2019inscription - FR Schweizer Jugendfilmtage\",\"isPartOf\":{\"@id\":\"https:\\\/\\\/jugendfilmtage.ch\\\/fr\\\/#website\"},\"datePublished\":\"2018-04-14T15:50:02+00:00\",\"dateModified\":\"2024-02-06T15:16:18+00:00\",\"description\":\"L\u2019inscription Conditions de participation Tu as entre 15 et 19 ans Tu es f\u00e9ru du cin\u00e9ma Tu peux parler en anglais et comprendre ton interlocuteur\",\"breadcrumb\":{\"@id\":\"https:\\\/\\\/jugendfilmtage.ch\\\/fr\\\/archives\\\/borderpass\\\/linscription\\\/#breadcrumb\"},\"inLanguage\":\"fr-FR\",\"potentialAction\":[{\"@type\":\"ReadAction\",\"target\":[\"https:\\\/\\\/jugendfilmtage.ch\\\/fr\\\/archives\\\/borderpass\\\/linscription\\\/\"]}]},{\"@type\":\"BreadcrumbList\",\"@id\":\"https:\\\/\\\/jugendfilmtage.ch\\\/fr\\\/archives\\\/borderpass\\\/linscription\\\/#breadcrumb\",\"itemListElement\":[{\"@type\":\"ListItem\",\"position\":1,\"name\":\"Archive\",\"item\":\"https:\\\/\\\/jugendfilmtage.ch\\\/fr\\\/archives\\\/\"},{\"@type\":\"ListItem\",\"position\":2,\"name\":\"BorderPass\",\"item\":\"https:\\\/\\\/jugendfilmtage.ch\\\/fr\\\/archives\\\/borderpass\\\/\"},{\"@type\":\"ListItem\",\"position\":3,\"name\":\"L\u2019inscription\"}]},{\"@type\":\"WebSite\",\"@id\":\"https:\\\/\\\/jugendfilmtage.ch\\\/fr\\\/#website\",\"url\":\"https:\\\/\\\/jugendfilmtage.ch\\\/fr\\\/\",\"name\":\"FR Schweizer Jugendfilmtage\",\"description\":\"FR Festival Cin\u00e9 Jeunesse Suisse\",\"potentialAction\":[{\"@type\":\"SearchAction\",\"target\":{\"@type\":\"EntryPoint\",\"urlTemplate\":\"https:\\\/\\\/jugendfilmtage.ch\\\/fr\\\/?s={search_term_string}\"},\"query-input\":{\"@type\":\"PropertyValueSpecification\",\"valueRequired\":true,\"valueName\":\"search_term_string\"}}],\"inLanguage\":\"fr-FR\"}]}<\/script>\n<!-- \/ Yoast SEO plugin. -->","yoast_head_json":{"title":"L\u2019inscription - FR Schweizer Jugendfilmtage","description":"L\u2019inscription Conditions de participation Tu as entre 15 et 19 ans Tu es f\u00e9ru du cin\u00e9ma Tu peux parler en anglais et comprendre ton interlocuteur","robots":{"index":"index","follow":"follow","max-snippet":"max-snippet:-1","max-image-preview":"max-image-preview:large","max-video-preview":"max-video-preview:-1"},"canonical":"https:\/\/jugendfilmtage.ch\/fr\/archives\/borderpass\/linscription\/","og_locale":"fr_FR","og_type":"article","og_title":"L\u2019inscription - FR Schweizer Jugendfilmtage","og_description":"L\u2019inscription Conditions de participation Tu as entre 15 et 19 ans Tu es f\u00e9ru du cin\u00e9ma Tu peux parler en anglais et comprendre ton interlocuteur","og_url":"https:\/\/jugendfilmtage.ch\/fr\/archives\/borderpass\/linscription\/","og_site_name":"FR Schweizer Jugendfilmtage","article_publisher":"https:\/\/www.facebook.com\/Jugendfilmtage","article_modified_time":"2024-02-06T15:16:18+00:00","twitter_card":"summary_large_image","twitter_site":"@jugendfilmtage","twitter_misc":{"Dur\u00e9e de lecture estim\u00e9e":"2 minutes"},"schema":{"@context":"https:\/\/schema.org","@graph":[{"@type":"WebPage","@id":"https:\/\/jugendfilmtage.ch\/fr\/archives\/borderpass\/linscription\/","url":"https:\/\/jugendfilmtage.ch\/fr\/archives\/borderpass\/linscription\/","name":"L\u2019inscription - FR Schweizer Jugendfilmtage","isPartOf":{"@id":"https:\/\/jugendfilmtage.ch\/fr\/#website"},"datePublished":"2018-04-14T15:50:02+00:00","dateModified":"2024-02-06T15:16:18+00:00","description":"L\u2019inscription Conditions de participation Tu as entre 15 et 19 ans Tu es f\u00e9ru du cin\u00e9ma Tu peux parler en anglais et comprendre ton interlocuteur","breadcrumb":{"@id":"https:\/\/jugendfilmtage.ch\/fr\/archives\/borderpass\/linscription\/#breadcrumb"},"inLanguage":"fr-FR","potentialAction":[{"@type":"ReadAction","target":["https:\/\/jugendfilmtage.ch\/fr\/archives\/borderpass\/linscription\/"]}]},{"@type":"BreadcrumbList","@id":"https:\/\/jugendfilmtage.ch\/fr\/archives\/borderpass\/linscription\/#breadcrumb","itemListElement":[{"@type":"ListItem","position":1,"name":"Archive","item":"https:\/\/jugendfilmtage.ch\/fr\/archives\/"},{"@type":"ListItem","position":2,"name":"BorderPass","item":"https:\/\/jugendfilmtage.ch\/fr\/archives\/borderpass\/"},{"@type":"ListItem","position":3,"name":"L\u2019inscription"}]},{"@type":"WebSite","@id":"https:\/\/jugendfilmtage.ch\/fr\/#website","url":"https:\/\/jugendfilmtage.ch\/fr\/","name":"FR Schweizer Jugendfilmtage","description":"FR Festival Cin\u00e9 Jeunesse Suisse","potentialAction":[{"@type":"SearchAction","target":{"@type":"EntryPoint","urlTemplate":"https:\/\/jugendfilmtage.ch\/fr\/?s={search_term_string}"},"query-input":{"@type":"PropertyValueSpecification","valueRequired":true,"valueName":"search_term_string"}}],"inLanguage":"fr-FR"}]}},"_links":{"self":[{"href":"https:\/\/jugendfilmtage.ch\/fr\/wp-json\/wp\/v2\/pages\/7953","targetHints":{"allow":["GET"]}}],"collection":[{"href":"https:\/\/jugendfilmtage.ch\/fr\/wp-json\/wp\/v2\/pages"}],"about":[{"href":"https:\/\/jugendfilmtage.ch\/fr\/wp-json\/wp\/v2\/types\/page"}],"author":[{"embeddable":true,"href":"https:\/\/jugendfilmtage.ch\/fr\/wp-json\/wp\/v2\/users\/11"}],"replies":[{"embeddable":true,"href":"https:\/\/jugendfilmtage.ch\/fr\/wp-json\/wp\/v2\/comments?post=7953"}],"version-history":[{"count":20,"href":"https:\/\/jugendfilmtage.ch\/fr\/wp-json\/wp\/v2\/pages\/7953\/revisions"}],"predecessor-version":[{"id":23978,"href":"https:\/\/jugendfilmtage.ch\/fr\/wp-json\/wp\/v2\/pages\/7953\/revisions\/23978"}],"up":[{"embeddable":true,"href":"https:\/\/jugendfilmtage.ch\/fr\/wp-json\/wp\/v2\/pages\/7946"}],"wp:attachment":[{"href":"https:\/\/jugendfilmtage.ch\/fr\/wp-json\/wp\/v2\/media?parent=7953"}],"curies":[{"name":"wp","href":"https:\/\/api.w.org\/{rel}","templated":true}]}}