{"id":7946,"date":"2018-04-14T15:43:18","date_gmt":"2018-04-14T15:43:18","guid":{"rendered":"https:\/\/2024.jugendfilmtage.ch\/fr\/?page_id=7946"},"modified":"2024-02-06T16:15:45","modified_gmt":"2024-02-06T15:15:45","slug":"borderpass","status":"publish","type":"page","link":"https:\/\/jugendfilmtage.ch\/fr\/archives\/borderpass\/","title":{"rendered":"BorderPass"},"content":{"rendered":"<h1>BorderPass<\/h1>\n<p>BorderPass \u2013 Des ateliers de film gratuits pour les jeunes avec et sans arri\u00e8re-plan migratoire. C\u2019est une collaboration du Festival Cin\u00e9 Jeunesse Suisse et des festivals du film documentaire dans les Balkans: <a href=\"http:\/\/dokufest.com\">Dokufest<\/a> \u00e0 Prizren au Kosovo, <a href=\"https:\/\/kreffilmskifestival.weebly.com\/eng-kref.html\">KREF Filmski Festival<\/a> en Serbie, <a href=\"http:\/\/pravoljudski.org\/2017\/\">Pravo Ljudski<\/a> Festival du Film de Sarajevo en Bosnie-Herz\u00e9govine.<\/p>\n<p>Pour les trois prochaines ann\u00e9es 2018\/2019, 2019\/2020 et 2020\/2021 une coop\u00e9ration avec les festivals nom\u00e9s est pr\u00e9vu dans les Balkans pour ex\u00e9cuter le projet \u00ab Border Pass \u00bb. La collaboration de plusieurs ann\u00e9es est concu pour garantir un partenariat durable, ax\u00e9e sur les ressources durable qui laisse un impact restant sur les jeunes gens concern\u00e9s et le grand public. La premi\u00e8re ann\u00e9e, le projet commence en coop\u00e9ration avec le Dokufest Prizren au Kosovo. 2019 au Bosnie-Herz\u00e9govina et en 2020 au Serbie.<\/p>\n<p>Le but de \u00abBorderPass\u00bb est que les jeunes (15-19 ans) des pays respectifs (Suisse, Kosovo, Serbie, Bosnie-Herz\u00e9govine) font des documentaires sur le th\u00e8me annuel du festival h\u00f4tes ensemble. Le point central est mis sur la recherche de l&rsquo;identit\u00e9 de ces jeunes. Via le film (documentaire), ils devraient avoir une discussion sur leur environnement, sur l&rsquo;\u00e9tranger et sur les st\u00e9r\u00e9otypes classiques. Ils sont accompagn\u00e9s d&rsquo;experts (de contenu et techniques) de Suisse et du pays h\u00f4te respectif. Pour la Suisse, le projet s&rsquo;adresse sp\u00e9cifiquement aux jeunes issus de l&rsquo;immigration.<\/p>\n<p><a href=\"https:\/\/jugendfilmtage.ch\/fr\/films-do%C2%ADcu%C2%ADmen%C2%ADtaires-borderpass\/\"><strong>Film documentaires BorderPass 2018<\/strong><\/a><\/p>\n<p><a href=\"https:\/\/jugendfilmtage.ch\/fr\/borderpass\/films-documentaires-borderpass-2019\/\"><strong>Film documentaires BorderPass incl. Artist Talk 2019<\/strong><\/a><\/p>\n<p><a href=\"https:\/\/jugendfilmtage.ch\/fr\/films-documentaire-borderpass-2020\/\"><strong>Film documentaires BorderPass 2020<\/strong><\/a><\/p>\n<h2>Sou\u00adtien<\/h2>\n<div id='gallery-1' class='gallery galleryid-7946 gallery-columns-2 gallery-size-full'><figure class='gallery-item'>\n\t\t\t<div class='gallery-icon landscape'>\n\t\t\t\t<a href='https:\/\/jugendfilmtage.ch\/fr\/archives\/borderpass\/web\/'><img loading=\"lazy\" decoding=\"async\" width=\"1275\" height=\"717\" src=\"https:\/\/jugendfilmtage.ch\/wp-content\/uploads\/2018\/03\/Web.jpg\" class=\"attachment-full size-full\" alt=\"\" srcset=\"https:\/\/jugendfilmtage.ch\/wp-content\/uploads\/2018\/03\/Web.jpg 1275w, https:\/\/jugendfilmtage.ch\/wp-content\/uploads\/2018\/03\/Web-300x169.jpg 300w, https:\/\/jugendfilmtage.ch\/wp-content\/uploads\/2018\/03\/Web-768x432.jpg 768w, https:\/\/jugendfilmtage.ch\/wp-content\/uploads\/2018\/03\/Web-880x495.jpg 880w\" sizes=\"auto, (max-width: 1275px) 100vw, 1275px\" \/><\/a>\n\t\t\t<\/div><\/figure>\n\t\t<\/div>\n\n<h2>Un projet de<\/h2>\n\n","protected":false},"excerpt":{"rendered":"<p>BorderPass BorderPass \u2013 Des ateliers de film gratuits pour les jeunes avec et sans arri\u00e8re-plan migratoire. C\u2019est une collaboration du Festival Cin\u00e9 Jeunesse Suisse et des festivals du film documentaire dans les Balkans: Dokufest \u00e0 Prizren au Kosovo, KREF Filmski Festival en Serbie, Pravo Ljudski Festival du Film de Sarajevo en Bosnie-Herz\u00e9govine. Pour les trois [&hellip;]<\/p>\n","protected":false},"author":11,"featured_media":0,"parent":440,"menu_order":12,"comment_status":"closed","ping_status":"closed","template":"","meta":{"_acf_changed":false,"footnotes":""},"class_list":["post-7946","page","type-page","status-publish","hentry"],"acf":[],"yoast_head":"<!-- This site is optimized with the Yoast SEO plugin v27.4 - https:\/\/yoast.com\/product\/yoast-seo-wordpress\/ -->\n<title>BorderPass - FR Schweizer Jugendfilmtage<\/title>\n<meta name=\"description\" content=\"BorderPass BorderPass \u2013 Des ateliers de film gratuits pour les jeunes avec et sans arri\u00e8re-plan migratoire. C\u2019est une collaboration du Festival Cin\u00e9\" \/>\n<meta name=\"robots\" content=\"index, follow, max-snippet:-1, max-image-preview:large, max-video-preview:-1\" \/>\n<link rel=\"canonical\" href=\"https:\/\/jugendfilmtage.ch\/fr\/archives\/borderpass\/\" \/>\n<meta property=\"og:locale\" content=\"fr_FR\" \/>\n<meta property=\"og:type\" content=\"article\" \/>\n<meta property=\"og:title\" content=\"BorderPass - FR Schweizer Jugendfilmtage\" \/>\n<meta property=\"og:description\" content=\"BorderPass BorderPass \u2013 Des ateliers de film gratuits pour les jeunes avec et sans arri\u00e8re-plan migratoire. C\u2019est une collaboration du Festival Cin\u00e9\" \/>\n<meta property=\"og:url\" content=\"https:\/\/jugendfilmtage.ch\/fr\/archives\/borderpass\/\" \/>\n<meta property=\"og:site_name\" content=\"FR Schweizer Jugendfilmtage\" \/>\n<meta property=\"article:publisher\" content=\"https:\/\/www.facebook.com\/Jugendfilmtage\" \/>\n<meta property=\"article:modified_time\" content=\"2024-02-06T15:15:45+00:00\" \/>\n<meta property=\"og:image\" content=\"https:\/\/jugendfilmtage.ch\/wp-content\/uploads\/2018\/04\/stiftung_mercator.jpg\" \/>\n<meta name=\"twitter:card\" content=\"summary_large_image\" \/>\n<meta name=\"twitter:site\" content=\"@jugendfilmtage\" \/>\n<meta name=\"twitter:label1\" content=\"Dur\u00e9e de lecture estim\u00e9e\" \/>\n\t<meta name=\"twitter:data1\" content=\"2 minutes\" \/>\n<script type=\"application\/ld+json\" class=\"yoast-schema-graph\">{\"@context\":\"https:\\\/\\\/schema.org\",\"@graph\":[{\"@type\":\"WebPage\",\"@id\":\"https:\\\/\\\/jugendfilmtage.ch\\\/fr\\\/archives\\\/borderpass\\\/\",\"url\":\"https:\\\/\\\/jugendfilmtage.ch\\\/fr\\\/archives\\\/borderpass\\\/\",\"name\":\"BorderPass - FR Schweizer Jugendfilmtage\",\"isPartOf\":{\"@id\":\"https:\\\/\\\/jugendfilmtage.ch\\\/fr\\\/#website\"},\"datePublished\":\"2018-04-14T15:43:18+00:00\",\"dateModified\":\"2024-02-06T15:15:45+00:00\",\"description\":\"BorderPass BorderPass \u2013 Des ateliers de film gratuits pour les jeunes avec et sans arri\u00e8re-plan migratoire. C\u2019est une collaboration du Festival Cin\u00e9\",\"breadcrumb\":{\"@id\":\"https:\\\/\\\/jugendfilmtage.ch\\\/fr\\\/archives\\\/borderpass\\\/#breadcrumb\"},\"inLanguage\":\"fr-FR\",\"potentialAction\":[{\"@type\":\"ReadAction\",\"target\":[\"https:\\\/\\\/jugendfilmtage.ch\\\/fr\\\/archives\\\/borderpass\\\/\"]}]},{\"@type\":\"BreadcrumbList\",\"@id\":\"https:\\\/\\\/jugendfilmtage.ch\\\/fr\\\/archives\\\/borderpass\\\/#breadcrumb\",\"itemListElement\":[{\"@type\":\"ListItem\",\"position\":1,\"name\":\"Archive\",\"item\":\"https:\\\/\\\/jugendfilmtage.ch\\\/fr\\\/archives\\\/\"},{\"@type\":\"ListItem\",\"position\":2,\"name\":\"BorderPass\"}]},{\"@type\":\"WebSite\",\"@id\":\"https:\\\/\\\/jugendfilmtage.ch\\\/fr\\\/#website\",\"url\":\"https:\\\/\\\/jugendfilmtage.ch\\\/fr\\\/\",\"name\":\"FR Schweizer Jugendfilmtage\",\"description\":\"FR Festival Cin\u00e9 Jeunesse Suisse\",\"potentialAction\":[{\"@type\":\"SearchAction\",\"target\":{\"@type\":\"EntryPoint\",\"urlTemplate\":\"https:\\\/\\\/jugendfilmtage.ch\\\/fr\\\/?s={search_term_string}\"},\"query-input\":{\"@type\":\"PropertyValueSpecification\",\"valueRequired\":true,\"valueName\":\"search_term_string\"}}],\"inLanguage\":\"fr-FR\"}]}<\/script>\n<!-- \/ Yoast SEO plugin. -->","yoast_head_json":{"title":"BorderPass - FR Schweizer Jugendfilmtage","description":"BorderPass BorderPass \u2013 Des ateliers de film gratuits pour les jeunes avec et sans arri\u00e8re-plan migratoire. C\u2019est une collaboration du Festival Cin\u00e9","robots":{"index":"index","follow":"follow","max-snippet":"max-snippet:-1","max-image-preview":"max-image-preview:large","max-video-preview":"max-video-preview:-1"},"canonical":"https:\/\/jugendfilmtage.ch\/fr\/archives\/borderpass\/","og_locale":"fr_FR","og_type":"article","og_title":"BorderPass - FR Schweizer Jugendfilmtage","og_description":"BorderPass BorderPass \u2013 Des ateliers de film gratuits pour les jeunes avec et sans arri\u00e8re-plan migratoire. C\u2019est une collaboration du Festival Cin\u00e9","og_url":"https:\/\/jugendfilmtage.ch\/fr\/archives\/borderpass\/","og_site_name":"FR Schweizer Jugendfilmtage","article_publisher":"https:\/\/www.facebook.com\/Jugendfilmtage","article_modified_time":"2024-02-06T15:15:45+00:00","og_image":[{"url":"https:\/\/jugendfilmtage.ch\/wp-content\/uploads\/2018\/04\/stiftung_mercator.jpg","type":"","width":"","height":""}],"twitter_card":"summary_large_image","twitter_site":"@jugendfilmtage","twitter_misc":{"Dur\u00e9e de lecture estim\u00e9e":"2 minutes"},"schema":{"@context":"https:\/\/schema.org","@graph":[{"@type":"WebPage","@id":"https:\/\/jugendfilmtage.ch\/fr\/archives\/borderpass\/","url":"https:\/\/jugendfilmtage.ch\/fr\/archives\/borderpass\/","name":"BorderPass - FR Schweizer Jugendfilmtage","isPartOf":{"@id":"https:\/\/jugendfilmtage.ch\/fr\/#website"},"datePublished":"2018-04-14T15:43:18+00:00","dateModified":"2024-02-06T15:15:45+00:00","description":"BorderPass BorderPass \u2013 Des ateliers de film gratuits pour les jeunes avec et sans arri\u00e8re-plan migratoire. C\u2019est une collaboration du Festival Cin\u00e9","breadcrumb":{"@id":"https:\/\/jugendfilmtage.ch\/fr\/archives\/borderpass\/#breadcrumb"},"inLanguage":"fr-FR","potentialAction":[{"@type":"ReadAction","target":["https:\/\/jugendfilmtage.ch\/fr\/archives\/borderpass\/"]}]},{"@type":"BreadcrumbList","@id":"https:\/\/jugendfilmtage.ch\/fr\/archives\/borderpass\/#breadcrumb","itemListElement":[{"@type":"ListItem","position":1,"name":"Archive","item":"https:\/\/jugendfilmtage.ch\/fr\/archives\/"},{"@type":"ListItem","position":2,"name":"BorderPass"}]},{"@type":"WebSite","@id":"https:\/\/jugendfilmtage.ch\/fr\/#website","url":"https:\/\/jugendfilmtage.ch\/fr\/","name":"FR Schweizer Jugendfilmtage","description":"FR Festival Cin\u00e9 Jeunesse Suisse","potentialAction":[{"@type":"SearchAction","target":{"@type":"EntryPoint","urlTemplate":"https:\/\/jugendfilmtage.ch\/fr\/?s={search_term_string}"},"query-input":{"@type":"PropertyValueSpecification","valueRequired":true,"valueName":"search_term_string"}}],"inLanguage":"fr-FR"}]}},"_links":{"self":[{"href":"https:\/\/jugendfilmtage.ch\/fr\/wp-json\/wp\/v2\/pages\/7946","targetHints":{"allow":["GET"]}}],"collection":[{"href":"https:\/\/jugendfilmtage.ch\/fr\/wp-json\/wp\/v2\/pages"}],"about":[{"href":"https:\/\/jugendfilmtage.ch\/fr\/wp-json\/wp\/v2\/types\/page"}],"author":[{"embeddable":true,"href":"https:\/\/jugendfilmtage.ch\/fr\/wp-json\/wp\/v2\/users\/11"}],"replies":[{"embeddable":true,"href":"https:\/\/jugendfilmtage.ch\/fr\/wp-json\/wp\/v2\/comments?post=7946"}],"version-history":[{"count":16,"href":"https:\/\/jugendfilmtage.ch\/fr\/wp-json\/wp\/v2\/pages\/7946\/revisions"}],"predecessor-version":[{"id":23977,"href":"https:\/\/jugendfilmtage.ch\/fr\/wp-json\/wp\/v2\/pages\/7946\/revisions\/23977"}],"up":[{"embeddable":true,"href":"https:\/\/jugendfilmtage.ch\/fr\/wp-json\/wp\/v2\/pages\/440"}],"wp:attachment":[{"href":"https:\/\/jugendfilmtage.ch\/fr\/wp-json\/wp\/v2\/media?parent=7946"}],"curies":[{"name":"wp","href":"https:\/\/api.w.org\/{rel}","templated":true}]}}