{"id":7702,"date":"2018-03-13T17:44:08","date_gmt":"2018-03-13T17:44:08","guid":{"rendered":"https:\/\/2024.jugendfilmtage.ch\/fr\/programme-2018\/jury\/"},"modified":"2024-01-30T22:20:23","modified_gmt":"2024-01-30T21:20:23","slug":"jury-2018","status":"publish","type":"page","link":"https:\/\/jugendfilmtage.ch\/fr\/archives\/festival-2018\/jury-2018\/","title":{"rendered":"Jury 2018"},"content":{"rendered":"\n<h1 class=\"wp-block-heading\">Jury 2018<\/h1>\n\n\n\n<figure class=\"wp-block-image\"><a href=\"https:\/\/jugendfilmtage.ch\/wp-content\/uploads\/2018\/03\/Bildschirmfoto-2018-03-13-um-18.33.14.png\"><img loading=\"lazy\" decoding=\"async\" width=\"300\" height=\"218\" src=\"https:\/\/jugendfilmtage.ch\/wp-content\/uploads\/2018\/03\/Bildschirmfoto-2018-03-13-um-18.33.14-300x218.png\" alt=\"\" class=\"wp-image-7693\" srcset=\"https:\/\/jugendfilmtage.ch\/wp-content\/uploads\/2018\/03\/Bildschirmfoto-2018-03-13-um-18.33.14-300x218.png 300w, https:\/\/jugendfilmtage.ch\/wp-content\/uploads\/2018\/03\/Bildschirmfoto-2018-03-13-um-18.33.14.png 724w\" sizes=\"auto, (max-width: 300px) 100vw, 300px\" \/><\/a><\/figure>\n\n\n\n<p><strong>Reta Guetg<br><\/strong>Head of Industry &amp; Programmer am Zurich Film Festival und Vorstandsmitglied bei Bern f\u00fcr den Film.<\/p>\n\n\n\n<figure class=\"wp-block-image\"><a href=\"https:\/\/jugendfilmtage.ch\/wp-content\/uploads\/2018\/03\/Bildschirmfoto-2018-03-13-um-18.33.25.png\"><img loading=\"lazy\" decoding=\"async\" width=\"300\" height=\"217\" src=\"https:\/\/jugendfilmtage.ch\/wp-content\/uploads\/2018\/03\/Bildschirmfoto-2018-03-13-um-18.33.25-300x217.png\" alt=\"\" class=\"wp-image-7694\" srcset=\"https:\/\/jugendfilmtage.ch\/wp-content\/uploads\/2018\/03\/Bildschirmfoto-2018-03-13-um-18.33.25-300x217.png 300w, https:\/\/jugendfilmtage.ch\/wp-content\/uploads\/2018\/03\/Bildschirmfoto-2018-03-13-um-18.33.25.png 728w\" sizes=\"auto, (max-width: 300px) 100vw, 300px\" \/><\/a><\/figure>\n\n\n\n<p><strong>Talkhon Hamzavi<br><\/strong>Iranisch-schweizerische Regisseurin, 2015 mit \u00abParvaneh\u00bb f\u00fcr den Oscar in der Kategorie Best Live Action Short nominiert.<\/p>\n\n\n\n<figure class=\"wp-block-image\"><img loading=\"lazy\" decoding=\"async\" width=\"300\" height=\"218\" src=\"https:\/\/jugendfilmtage.ch\/wp-content\/uploads\/2018\/03\/29432467_10156056933309526_5995410542456369126_n-300x218.jpg\" alt=\"\" class=\"wp-image-7774\" srcset=\"https:\/\/jugendfilmtage.ch\/wp-content\/uploads\/2018\/03\/29432467_10156056933309526_5995410542456369126_n-300x218.jpg 300w, https:\/\/jugendfilmtage.ch\/wp-content\/uploads\/2018\/03\/29432467_10156056933309526_5995410542456369126_n.jpg 724w\" sizes=\"auto, (max-width: 300px) 100vw, 300px\" \/><\/figure>\n\n\n\n<p><strong>Matthias Hungerb\u00fchler<\/strong><br>Matthias Hungerb\u00fchler ist Film- und Theaterschauspieler. Er ist in Z\u00fcrich aufgewachsen, hat an der Universit\u00e4t der K\u00fcnste Berlin sein Schauspielstudium absolviert und ist bekannt unter anderem aus Kinofilmen wie \u00abDer Kreis\u00bb oder \u00abUsgr\u00e4chnet G\u00e4hwilers\u00bb. (Foto: Agata Serge)<\/p>\n\n\n\n<figure class=\"wp-block-image\"><a href=\"https:\/\/jugendfilmtage.ch\/wp-content\/uploads\/2018\/03\/Bildschirmfoto-2018-03-13-um-18.33.55.png\"><img loading=\"lazy\" decoding=\"async\" width=\"300\" height=\"218\" src=\"https:\/\/jugendfilmtage.ch\/wp-content\/uploads\/2018\/03\/Bildschirmfoto-2018-03-13-um-18.33.55-300x218.png\" alt=\"\" class=\"wp-image-7696\" srcset=\"https:\/\/jugendfilmtage.ch\/wp-content\/uploads\/2018\/03\/Bildschirmfoto-2018-03-13-um-18.33.55-300x218.png 300w, https:\/\/jugendfilmtage.ch\/wp-content\/uploads\/2018\/03\/Bildschirmfoto-2018-03-13-um-18.33.55.png 726w\" sizes=\"auto, (max-width: 300px) 100vw, 300px\" \/><\/a><\/figure>\n\n\n\n<p><strong>Dennis Stauffer<\/strong><br>Gewinner des Schweizer Filmpreises 2017 mit \u00abDigital Immigrants\u00bb (zusammen mit Norbert Kottmann) als Bester Abschlussfilm sowie Gewinner 2. Preis der Kategorie E 2017. Absolvent ZHdK.<\/p>\n\n\n\n<figure class=\"wp-block-image\"><a href=\"https:\/\/jugendfilmtage.ch\/wp-content\/uploads\/2018\/03\/Bildschirmfoto-2018-03-13-um-18.34.02.png\"><img loading=\"lazy\" decoding=\"async\" width=\"300\" height=\"218\" src=\"https:\/\/jugendfilmtage.ch\/wp-content\/uploads\/2018\/03\/Bildschirmfoto-2018-03-13-um-18.34.02-300x218.png\" alt=\"\" class=\"wp-image-7697\" srcset=\"https:\/\/jugendfilmtage.ch\/wp-content\/uploads\/2018\/03\/Bildschirmfoto-2018-03-13-um-18.34.02-300x218.png 300w, https:\/\/jugendfilmtage.ch\/wp-content\/uploads\/2018\/03\/Bildschirmfoto-2018-03-13-um-18.34.02.png 724w\" sizes=\"auto, (max-width: 300px) 100vw, 300px\" \/><\/a><\/figure>\n\n\n\n<p><strong>Laura Kaehr<br><\/strong>Tessiner Autorin, Regisseurin und Choreografin f\u00fcr Fiction, Werbe- und Fashionfilme (Silberner EDI Award 2015). Vorstandsmitglied bei SWAN (Swiss Women&rsquo;s Audiovisual Network). Gr\u00fcnderin und Inhaberin von Cat People Films.<\/p>\n\n\n\n<h3 class=\"wp-block-heading\">Moderation<\/h3>\n\n\n\n<figure class=\"wp-block-image\"><a href=\"https:\/\/jugendfilmtage.ch\/wp-content\/uploads\/2018\/03\/Bildschirmfoto-2018-03-13-um-18.43.24-1.png\"><img loading=\"lazy\" decoding=\"async\" width=\"300\" height=\"219\" src=\"https:\/\/jugendfilmtage.ch\/wp-content\/uploads\/2018\/03\/Bildschirmfoto-2018-03-13-um-18.43.24-1-300x219.png\" alt=\"\" class=\"wp-image-7699\" srcset=\"https:\/\/jugendfilmtage.ch\/wp-content\/uploads\/2018\/03\/Bildschirmfoto-2018-03-13-um-18.43.24-1-300x219.png 300w, https:\/\/jugendfilmtage.ch\/wp-content\/uploads\/2018\/03\/Bildschirmfoto-2018-03-13-um-18.43.24-1.png 560w\" sizes=\"auto, (max-width: 300px) 100vw, 300px\" \/><\/a><\/figure>\n\n\n\n<p><strong>Pablo V\u00f6gtli<\/strong><br>Moderator Radio SRF Virus, Rapper<\/p>\n","protected":false},"excerpt":{"rendered":"<p>Jury 2018 Reta GuetgHead of Industry &amp; Programmer am Zurich Film Festival und Vorstandsmitglied bei Bern f\u00fcr den Film. Talkhon HamzaviIranisch-schweizerische Regisseurin, 2015 mit \u00abParvaneh\u00bb f\u00fcr den Oscar in der Kategorie Best Live Action Short nominiert. Matthias Hungerb\u00fchlerMatthias Hungerb\u00fchler ist Film- und Theaterschauspieler. Er ist in Z\u00fcrich aufgewachsen, hat an der Universit\u00e4t der K\u00fcnste Berlin [&hellip;]<\/p>\n","protected":false},"author":11,"featured_media":0,"parent":7089,"menu_order":1,"comment_status":"closed","ping_status":"closed","template":"","meta":{"_acf_changed":false,"footnotes":""},"class_list":["post-7702","page","type-page","status-publish","hentry"],"acf":[],"yoast_head":"<!-- This site is optimized with the Yoast SEO plugin v27.6 - https:\/\/yoast.com\/product\/yoast-seo-wordpress\/ -->\n<title>Jury 2018 - FR Schweizer Jugendfilmtage<\/title>\n<meta name=\"description\" content=\"Jury 2018 Reta GuetgHead of Industry &amp; Programmer am Zurich Film Festival und Vorstandsmitglied bei Bern f\u00fcr den Film. Talkhon\" \/>\n<meta name=\"robots\" content=\"index, follow, max-snippet:-1, max-image-preview:large, max-video-preview:-1\" \/>\n<link rel=\"canonical\" href=\"https:\/\/jugendfilmtage.ch\/fr\/archives\/festival-2018\/jury-2018\/\" \/>\n<meta property=\"og:locale\" content=\"fr_FR\" \/>\n<meta property=\"og:type\" content=\"article\" \/>\n<meta property=\"og:title\" content=\"Jury 2018 - FR Schweizer Jugendfilmtage\" \/>\n<meta property=\"og:description\" content=\"Jury 2018 Reta GuetgHead of Industry &amp; Programmer am Zurich Film Festival und Vorstandsmitglied bei Bern f\u00fcr den Film. Talkhon\" \/>\n<meta property=\"og:url\" content=\"https:\/\/jugendfilmtage.ch\/fr\/archives\/festival-2018\/jury-2018\/\" \/>\n<meta property=\"og:site_name\" content=\"FR Schweizer Jugendfilmtage\" \/>\n<meta property=\"article:publisher\" content=\"https:\/\/www.facebook.com\/Jugendfilmtage\" \/>\n<meta property=\"article:modified_time\" content=\"2024-01-30T21:20:23+00:00\" \/>\n<meta property=\"og:image\" content=\"https:\/\/jugendfilmtage.ch\/wp-content\/uploads\/2018\/03\/Bildschirmfoto-2018-03-13-um-18.33.14-300x218.png\" \/>\n<meta name=\"twitter:card\" content=\"summary_large_image\" \/>\n<meta name=\"twitter:site\" content=\"@jugendfilmtage\" \/>\n<meta name=\"twitter:label1\" content=\"Dur\u00e9e de lecture estim\u00e9e\" \/>\n\t<meta name=\"twitter:data1\" content=\"1 minute\" \/>\n<script type=\"application\/ld+json\" class=\"yoast-schema-graph\">{\"@context\":\"https:\\\/\\\/schema.org\",\"@graph\":[{\"@type\":\"WebPage\",\"@id\":\"https:\\\/\\\/jugendfilmtage.ch\\\/fr\\\/archives\\\/festival-2018\\\/jury-2018\\\/\",\"url\":\"https:\\\/\\\/jugendfilmtage.ch\\\/fr\\\/archives\\\/festival-2018\\\/jury-2018\\\/\",\"name\":\"Jury 2018 - FR Schweizer Jugendfilmtage\",\"isPartOf\":{\"@id\":\"https:\\\/\\\/jugendfilmtage.ch\\\/fr\\\/#website\"},\"primaryImageOfPage\":{\"@id\":\"https:\\\/\\\/jugendfilmtage.ch\\\/fr\\\/archives\\\/festival-2018\\\/jury-2018\\\/#primaryimage\"},\"image\":{\"@id\":\"https:\\\/\\\/jugendfilmtage.ch\\\/fr\\\/archives\\\/festival-2018\\\/jury-2018\\\/#primaryimage\"},\"thumbnailUrl\":\"https:\\\/\\\/jugendfilmtage.ch\\\/wp-content\\\/uploads\\\/2018\\\/03\\\/Bildschirmfoto-2018-03-13-um-18.33.14-300x218.png\",\"datePublished\":\"2018-03-13T17:44:08+00:00\",\"dateModified\":\"2024-01-30T21:20:23+00:00\",\"description\":\"Jury 2018 Reta GuetgHead of Industry &amp; Programmer am Zurich Film Festival und Vorstandsmitglied bei Bern f\u00fcr den Film. Talkhon\",\"breadcrumb\":{\"@id\":\"https:\\\/\\\/jugendfilmtage.ch\\\/fr\\\/archives\\\/festival-2018\\\/jury-2018\\\/#breadcrumb\"},\"inLanguage\":\"fr-FR\",\"potentialAction\":[{\"@type\":\"ReadAction\",\"target\":[\"https:\\\/\\\/jugendfilmtage.ch\\\/fr\\\/archives\\\/festival-2018\\\/jury-2018\\\/\"]}]},{\"@type\":\"ImageObject\",\"inLanguage\":\"fr-FR\",\"@id\":\"https:\\\/\\\/jugendfilmtage.ch\\\/fr\\\/archives\\\/festival-2018\\\/jury-2018\\\/#primaryimage\",\"url\":\"https:\\\/\\\/jugendfilmtage.ch\\\/wp-content\\\/uploads\\\/2018\\\/03\\\/Bildschirmfoto-2018-03-13-um-18.33.14-300x218.png\",\"contentUrl\":\"https:\\\/\\\/jugendfilmtage.ch\\\/wp-content\\\/uploads\\\/2018\\\/03\\\/Bildschirmfoto-2018-03-13-um-18.33.14-300x218.png\"},{\"@type\":\"BreadcrumbList\",\"@id\":\"https:\\\/\\\/jugendfilmtage.ch\\\/fr\\\/archives\\\/festival-2018\\\/jury-2018\\\/#breadcrumb\",\"itemListElement\":[{\"@type\":\"ListItem\",\"position\":1,\"name\":\"Archive\",\"item\":\"https:\\\/\\\/jugendfilmtage.ch\\\/fr\\\/archives\\\/\"},{\"@type\":\"ListItem\",\"position\":2,\"name\":\"Festival 2018\",\"item\":\"https:\\\/\\\/jugendfilmtage.ch\\\/fr\\\/archives\\\/festival-2018\\\/\"},{\"@type\":\"ListItem\",\"position\":3,\"name\":\"Jury 2018\"}]},{\"@type\":\"WebSite\",\"@id\":\"https:\\\/\\\/jugendfilmtage.ch\\\/fr\\\/#website\",\"url\":\"https:\\\/\\\/jugendfilmtage.ch\\\/fr\\\/\",\"name\":\"FR Schweizer Jugendfilmtage\",\"description\":\"FR Festival Cin\u00e9 Jeunesse Suisse\",\"potentialAction\":[{\"@type\":\"SearchAction\",\"target\":{\"@type\":\"EntryPoint\",\"urlTemplate\":\"https:\\\/\\\/jugendfilmtage.ch\\\/fr\\\/?s={search_term_string}\"},\"query-input\":{\"@type\":\"PropertyValueSpecification\",\"valueRequired\":true,\"valueName\":\"search_term_string\"}}],\"inLanguage\":\"fr-FR\"}]}<\/script>\n<!-- \/ Yoast SEO plugin. -->","yoast_head_json":{"title":"Jury 2018 - FR Schweizer Jugendfilmtage","description":"Jury 2018 Reta GuetgHead of Industry &amp; Programmer am Zurich Film Festival und Vorstandsmitglied bei Bern f\u00fcr den Film. Talkhon","robots":{"index":"index","follow":"follow","max-snippet":"max-snippet:-1","max-image-preview":"max-image-preview:large","max-video-preview":"max-video-preview:-1"},"canonical":"https:\/\/jugendfilmtage.ch\/fr\/archives\/festival-2018\/jury-2018\/","og_locale":"fr_FR","og_type":"article","og_title":"Jury 2018 - FR Schweizer Jugendfilmtage","og_description":"Jury 2018 Reta GuetgHead of Industry &amp; Programmer am Zurich Film Festival und Vorstandsmitglied bei Bern f\u00fcr den Film. Talkhon","og_url":"https:\/\/jugendfilmtage.ch\/fr\/archives\/festival-2018\/jury-2018\/","og_site_name":"FR Schweizer Jugendfilmtage","article_publisher":"https:\/\/www.facebook.com\/Jugendfilmtage","article_modified_time":"2024-01-30T21:20:23+00:00","og_image":[{"url":"https:\/\/jugendfilmtage.ch\/wp-content\/uploads\/2018\/03\/Bildschirmfoto-2018-03-13-um-18.33.14-300x218.png","type":"","width":"","height":""}],"twitter_card":"summary_large_image","twitter_site":"@jugendfilmtage","twitter_misc":{"Dur\u00e9e de lecture estim\u00e9e":"1 minute"},"schema":{"@context":"https:\/\/schema.org","@graph":[{"@type":"WebPage","@id":"https:\/\/jugendfilmtage.ch\/fr\/archives\/festival-2018\/jury-2018\/","url":"https:\/\/jugendfilmtage.ch\/fr\/archives\/festival-2018\/jury-2018\/","name":"Jury 2018 - FR Schweizer Jugendfilmtage","isPartOf":{"@id":"https:\/\/jugendfilmtage.ch\/fr\/#website"},"primaryImageOfPage":{"@id":"https:\/\/jugendfilmtage.ch\/fr\/archives\/festival-2018\/jury-2018\/#primaryimage"},"image":{"@id":"https:\/\/jugendfilmtage.ch\/fr\/archives\/festival-2018\/jury-2018\/#primaryimage"},"thumbnailUrl":"https:\/\/jugendfilmtage.ch\/wp-content\/uploads\/2018\/03\/Bildschirmfoto-2018-03-13-um-18.33.14-300x218.png","datePublished":"2018-03-13T17:44:08+00:00","dateModified":"2024-01-30T21:20:23+00:00","description":"Jury 2018 Reta GuetgHead of Industry &amp; Programmer am Zurich Film Festival und Vorstandsmitglied bei Bern f\u00fcr den Film. Talkhon","breadcrumb":{"@id":"https:\/\/jugendfilmtage.ch\/fr\/archives\/festival-2018\/jury-2018\/#breadcrumb"},"inLanguage":"fr-FR","potentialAction":[{"@type":"ReadAction","target":["https:\/\/jugendfilmtage.ch\/fr\/archives\/festival-2018\/jury-2018\/"]}]},{"@type":"ImageObject","inLanguage":"fr-FR","@id":"https:\/\/jugendfilmtage.ch\/fr\/archives\/festival-2018\/jury-2018\/#primaryimage","url":"https:\/\/jugendfilmtage.ch\/wp-content\/uploads\/2018\/03\/Bildschirmfoto-2018-03-13-um-18.33.14-300x218.png","contentUrl":"https:\/\/jugendfilmtage.ch\/wp-content\/uploads\/2018\/03\/Bildschirmfoto-2018-03-13-um-18.33.14-300x218.png"},{"@type":"BreadcrumbList","@id":"https:\/\/jugendfilmtage.ch\/fr\/archives\/festival-2018\/jury-2018\/#breadcrumb","itemListElement":[{"@type":"ListItem","position":1,"name":"Archive","item":"https:\/\/jugendfilmtage.ch\/fr\/archives\/"},{"@type":"ListItem","position":2,"name":"Festival 2018","item":"https:\/\/jugendfilmtage.ch\/fr\/archives\/festival-2018\/"},{"@type":"ListItem","position":3,"name":"Jury 2018"}]},{"@type":"WebSite","@id":"https:\/\/jugendfilmtage.ch\/fr\/#website","url":"https:\/\/jugendfilmtage.ch\/fr\/","name":"FR Schweizer Jugendfilmtage","description":"FR Festival Cin\u00e9 Jeunesse Suisse","potentialAction":[{"@type":"SearchAction","target":{"@type":"EntryPoint","urlTemplate":"https:\/\/jugendfilmtage.ch\/fr\/?s={search_term_string}"},"query-input":{"@type":"PropertyValueSpecification","valueRequired":true,"valueName":"search_term_string"}}],"inLanguage":"fr-FR"}]}},"_links":{"self":[{"href":"https:\/\/jugendfilmtage.ch\/fr\/wp-json\/wp\/v2\/pages\/7702","targetHints":{"allow":["GET"]}}],"collection":[{"href":"https:\/\/jugendfilmtage.ch\/fr\/wp-json\/wp\/v2\/pages"}],"about":[{"href":"https:\/\/jugendfilmtage.ch\/fr\/wp-json\/wp\/v2\/types\/page"}],"author":[{"embeddable":true,"href":"https:\/\/jugendfilmtage.ch\/fr\/wp-json\/wp\/v2\/users\/11"}],"replies":[{"embeddable":true,"href":"https:\/\/jugendfilmtage.ch\/fr\/wp-json\/wp\/v2\/comments?post=7702"}],"version-history":[{"count":8,"href":"https:\/\/jugendfilmtage.ch\/fr\/wp-json\/wp\/v2\/pages\/7702\/revisions"}],"predecessor-version":[{"id":23089,"href":"https:\/\/jugendfilmtage.ch\/fr\/wp-json\/wp\/v2\/pages\/7702\/revisions\/23089"}],"up":[{"embeddable":true,"href":"https:\/\/jugendfilmtage.ch\/fr\/wp-json\/wp\/v2\/pages\/7089"}],"wp:attachment":[{"href":"https:\/\/jugendfilmtage.ch\/fr\/wp-json\/wp\/v2\/media?parent=7702"}],"curies":[{"name":"wp","href":"https:\/\/api.w.org\/{rel}","templated":true}]}}