{"id":74703,"date":"2026-03-15T19:36:14","date_gmt":"2026-03-15T18:36:14","guid":{"rendered":"https:\/\/jugendfilmtage.ch\/?page_id=74703"},"modified":"2026-03-15T19:36:42","modified_gmt":"2026-03-15T18:36:42","slug":"les-gagnantes-du-50e-festival-cine-jeunesse-suisse","status":"publish","type":"page","link":"https:\/\/jugendfilmtage.ch\/fr\/les-gagnantes-du-50e-festival-cine-jeunesse-suisse\/","title":{"rendered":"Les gagnant\u00b7e\u00b7s du 50e Festival Cin\u00e9 Jeunesse Suisse"},"content":{"rendered":"\n<h1 class=\"wp-block-heading\">Les gagnant\u00b7e\u00b7s du 50e Festival Cin\u00e9 Jeunesse Suisse<\/h1>\n\n\n\n<figure class=\"wp-block-image size-full\"><img decoding=\"async\" src=\"https:\/\/jugendfilmtage.ch\/wp-content\/uploads\/2024\/03\/icon-der-springende-panther.svg\" alt=\"Icon: Der springende Panther\" class=\"wp-image-25289\"\/><\/figure>\n\n\n\n<details class=\"wp-block-details is-layout-flow wp-block-details-is-layout-flow\"><summary>Cat\u00e9gorie A, jusqu\u2019\u00e0 12 ans<\/summary>\n<p><strong>1. <strong>MELODIE DER ANGST<\/strong><\/strong><\/p>\n\n\n\n<p>R\u00e9gie: Alexandra G\u00fcnthard &amp; Aline Rubenov (Z\u00fcrich)<\/p>\n\n\n\n<p><em>Angst hat einen schlechten Ruf, dabei steckt in ihr so viel Gef\u00fchl, so viel Energie. Mit feinem Gesp\u00fcr zeigen die Filmemacherinnen und Filmemacher, wie Musik ein zarter erster Schritt zur \u00dcberwindung von Angst sein kann. Eine einf\u00fchlsame Arbeit, die die Jury \u00fcberzeugt hat.<\/em><\/p>\n\n\n\n<p><strong>2. <strong>Das grosse Rennen von Nonaco<\/strong><\/strong><\/p>\n\n\n\n<p>R\u00e9gie: Max Abegg &amp; Beda Abegg (St. Gallen) <\/p>\n\n\n\n<p><em>Im grossen Rennen ist alles erlaubt, und das merkt man. Die Filmemacherinnen und Filmemacher haben ein eigenes Universum erschaffen, voller Witz, Fantasie und unvorhergesehener Wendungen. Die Leidenschaft und der Spass sind in jeder Szene sp\u00fcrbar und haben die Jury begeistert.<\/em><\/p>\n\n\n\n<p><strong>3. Hallo Tod<\/strong><\/p>\n\n\n\n<p>R\u00e9gie: Klasse 6b K\u00fcngenmatt (Z\u00fcrich)<\/p>\n\n\n\n<p><em>Was ist der Tod? Und was kommt danach? Die Filmemacherinnen und Filmemacher stellen sich mutig diesen grossen Fragen. Mit pers\u00f6nlichen Statements, verschiedenen Ausdrucksformen und dem Versuch, sich das Jenseits vorzustellen, ist ein Essayfilm entstanden, der die Jury beeindruckt hat.<\/em><\/p>\n<\/details>\n\n\n\n<details class=\"wp-block-details is-layout-flow wp-block-details-is-layout-flow\"><summary>Cat\u00e9gorie B, jusqu\u2019\u00e0 16 ans<\/summary>\n<p><strong>1. <strong>Kick it, Girls!<\/strong><\/strong><\/p>\n\n\n\n<p>Regie: Livia F\u00fcchsel, Kim H\u00e4berling, Ana\u00e9 Kalt, Paula Schihin, Ievdokiia Voichenko, Lea Pfaller (Z\u00fcrich)<\/p>\n\n\n\n<p><em>Es geht um Ehrgeiz, Ausdauer, Strategien &#8211; und manchmal ein bisschen Drama. Vor allem aber um junge Frauen, die wissen, was sie wollen: spielen, besser \u2013 und endlich ernst genommen werden. So k\u00e4mpfen sie sich Schritt f\u00fcr Schritt vielleicht bis in die Weltspitze. Mit so viel Humor, Energie und Spielfreude erz\u00e4hlt, dass sich die Jury einig war.<\/em><\/p>\n\n\n\n<p><strong>2. <strong>Traumpost<\/strong><\/strong><\/p>\n\n\n\n<p>Regie: Heilp\u00e4dagogische Schule Affoltern a.A. (Z\u00fcrich) <\/p>\n\n\n\n<p><em>Ber\u00fchrend, verspielt, voller Sehnsucht und W\u00fcnsche. Ein gelungener formaler Mix nimmt die Zuschauer:innen in eine Welt mit, in der jeder sein kann, wer er zu sein tr\u00e4umt. Aus einem allt\u00e4glichen Anfang entfaltet sich eine originelle, vielschichtige Reise, auf der die Jury unbedingt dabei sein wollte.<\/em><\/p>\n\n\n\n<p><strong>3. <strong>L&rsquo;intervalle<\/strong><\/strong><\/p>\n\n\n\n<p>Regie: Regie: Fran\u00e7oise Pache, Cl\u00e9ment Werly, Adilet Adzhilkulov, Aki Saito, Alpha Diallo, Anae Some, Arthur Teleki, Artur Sultanov, Aseman Amiri, Chlo\u00e9 Emma Fraternali, Elea Some, Fillan Broquin, Giulio Kirschmann, Hana Noble, Jizelle Manzano, Lucie Pierson, Miles Hetherington &amp; Tamara Di Pasquale (Genf) <\/p>\n\n\n\n<p><em>Nous les connaissons tous, ces moments du quotidien qu\u2019on voudrait fuir \u00e0 tout prix. D\u2019autant plus agr\u00e9able que, soudain \u2013 par un petit miracle \u2013 une \u00e9chappatoire devient possible. Super dr\u00f4le, original et bien r\u00e9alis\u00e9 \u2013 un film plein de plaisir, auquel le jury a tout simplement voulu assister<\/em><\/p>\n<\/details>\n\n\n\n<details class=\"wp-block-details is-layout-flow wp-block-details-is-layout-flow\"><summary>Cat\u00e9gorie C, jusqu\u2019\u00e0 19 ans <\/summary>\n<p><strong>1<\/strong>. <strong><strong>consumed<\/strong><\/strong><\/p>\n\n\n\n<p>R\u00e9gie: Luc Vock (Z\u00fcrich) <\/p>\n\n\n\n<p><em>Mit grosser formaler Erfindungskraft und durch eine energische und vielschichtige Bild- und Tonsprache, vermittelt Consumed das Gef\u00fchl, von der Logik der permanenten Neuerung \u00fcberw\u00e4ltigt und erdr\u00fcckt zu werden. Daraus entsteht ein kraftvolles und verst\u00f6rendes Kinoerlebnis.<\/em><\/p>\n\n\n\n<p><strong>2. <strong>2050<\/strong><\/strong><\/p>\n\n\n\n<p>R\u00e9gie: Karen Kl\u00f6tzli (Z\u00fcrich)<\/p>\n\n\n\n<p><em>Mit Sensibilit\u00e4t und sicherem Umgang mit der Filmsprache entwirft die Regisseurin das Bild eines Z\u00fcrich im Jahr 2050, gepr\u00e4gt von den Folgen des Klimawandels. Durch einen intimen und allt\u00e4glichen Blick l\u00e4sst der Film eine zugleich beunruhigende und plausible Zukunft entstehen und regt dazu an, \u00fcber das Verh\u00e4ltnis zwischen Umwelt und Alltag nachzudenken.<\/em><\/p>\n\n\n\n<p><strong>3. <strong>Astolfo nel fiume<\/strong><\/strong><\/p>\n\n\n\n<p>R\u00e9gie: Lisa Delb\u00f2, Selina Stampanoni, Rebecca Bernasconi, Ilaria Bosco, Neva Del Curto, Edy Sardei, Eva Consoli (Tessin)<\/p>\n\n\n\n<p><em>Con poesia e la giusta dose di follia, le registe riescono a creare un mondo sospeso all\u2019interno di un luogo altrimenti ordinario. La giuria ha ritenuto che questo film rappresenti un primo passo in una direzione capace di offrire, in futuro, risultati di grande interesse.<\/em><\/p>\n<\/details>\n\n\n\n<details class=\"wp-block-details is-layout-flow wp-block-details-is-layout-flow\"><summary>Cat\u00e9gorie D, jusqu\u2019\u00e0 25 ans<\/summary>\n<p><strong>1. Stones and their Whispers of old Stories<\/strong><\/p>\n\n\n\n<p>R\u00e9gie: David Dragan &amp; Noah Kohlbrenner (Z\u00fcrich)<\/p>\n\n\n\n<p><em><em>Es ist selten, einen Film zu sehen, der eine so einzigartige Handschrift hat.\u00a0Mit seiner unkonventionellen Form hat er die Jury sofort gepackt und uns in beinahe vergessene Geschichten eintauchen lassen.<\/em><\/em><\/p>\n\n\n\n<p><strong>2. <strong>Haha Haha Ha!<\/strong><\/strong><\/p>\n\n\n\n<p>R\u00e9gie: Mahdi Hosseingholi &amp; Mojtaba Zarghampour (Basel Stadt)<\/p>\n\n\n\n<p><em><em>Dieser Film schafft es, grosse Themen auf das Wesentliche zu reduzieren. Mit absurdem Humor und zugleich sp\u00fcrbarer Brutalit\u00e4t zeigt er die Mechanismen eines autorit\u00e4ren Systems und die Menschen, die darin gefangen sind.<\/em><\/em><\/p>\n\n\n\n<p><strong>3. <strong>L\u00e0 o\u00f9 se tondent les b\u00eates<\/strong><\/strong><\/p>\n\n\n\n<p>Regie: Alexandre Schild (Genf) <\/p>\n\n\n\n<p><em><em>Ce film nous a profond\u00e9ment impressionn\u00e9s, de la puissance de son langage visuel \u00e0 la pr\u00e9cision de sa mise en sc\u00e8ne. Il est particuli\u00e8rement fascinant de voir comment il parvient \u00e0 faire na\u00eetre une tension intense \u00e0 partir d\u2019une situation tr\u00e8s simple.<\/em><\/em><\/p>\n<\/details>\n\n\n\n<details class=\"wp-block-details is-layout-flow wp-block-details-is-layout-flow\"><summary>Cat\u00e9gorie E, \u00e9tudiant\u00b7e\u00b7s en cin\u00e9ma<\/summary>\n<p><strong>1. Qui part \u00e0 la chasse<\/strong><\/p>\n\n\n\n<p>Regie: Lea Favre (\u00e9cal)<\/p>\n\n\n\n<p><em>Il faut du courage pour parler d\u2019un sujet comme celui-ci, et encore plus d\u2019esprit pour le faire de cette mani\u00e8re. Avec beaucoup de finesse et un vrai sens du d\u00e9tail, la r\u00e9alisatrice signe un film intelligent, joueur et remarquablement ma\u00eetris\u00e9. Le jury a \u00e9t\u00e9 unanime, et tr\u00e8s fier de pouvoir d\u00e9cerner ce premier prix ce soir.<\/em><\/p>\n\n\n\n<p><strong>2. Disco D(e)ad<\/strong><\/p>\n\n\n\n<p>Regie: Lilly Di Rosa (CISA)<\/p>\n\n\n\n<p><em>Un film che trabocca di energia, audacia e umorismoUna vera e propria lettera d\u2019amore gettata in mare\u2026 ma che ha raggiunto la sua destinazione. Un film che osa, che pulsa e che gi\u00e0 rivela una visione molto promettente da parte della regista.<\/em><\/p>\n\n\n\n<p><strong>3. 1:10<\/strong><\/p>\n\n\n\n<p>Regie: Sinan Taner (ZhDK) <\/p>\n\n\n\n<p><em>Mit viel Feingef\u00fchl und Eleganz f\u00e4ngt dieser Kurzfilm einen einfachen Moment ein und macht daraus etwas zutiefst Menschliches. Ein Film, der ein Bild der Schweiz in ihrer ganzen Pracht zeichnet, mit einem bereits sehr ausgepr\u00e4gten Blick. Witzig, intelligent und pr\u00e4zise, dieser Preis ist auch eine Art, Danke zu sagen: Danke, dass ihr uns aus unseren gewohnten Bahnen herausholt und uns etwas Neues bietet.<\/em><\/p>\n<\/details>\n\n\n\n<figure class=\"wp-block-image size-full\"><img decoding=\"async\" src=\"https:\/\/jugendfilmtage.ch\/wp-content\/uploads\/2024\/03\/icon-zkb-publikumspreis.svg\" alt=\"Icon: Pokal\" class=\"wp-image-25295\"\/><\/figure>\n\n\n\n<details class=\"wp-block-details is-layout-flow wp-block-details-is-layout-flow\"><summary>Prix du Public ZKB:<\/summary>\n<p><strong>Cat\u00e9gorie A:<\/strong> <strong>MELODIE DER ANGST<\/strong>, Alexandra G\u00fcnthard &amp; Aline Rubenov (Z\u00fcrich)<\/p>\n\n\n\n<p><strong>Cat\u00e9gorie B:<\/strong> <strong>Traumpost<\/strong>, Heilp\u00e4dagogische Schule Affoltern a.A. (Z\u00fcrich)<\/p>\n\n\n\n<p><strong>Cat\u00e9gorie C:<\/strong> <strong>2050<\/strong>, Karen Kl\u00f6tzli (Z\u00fcrich)<\/p>\n\n\n\n<p><strong>Cat\u00e9gorie D:<\/strong> <strong>Haha Haha Ha!<\/strong>, Mahdi Hosseingholi &amp; Mojtaba Zarghampour (Basel Stadt)<\/p>\n\n\n\n<p><strong><strong>Cat\u00e9gorie<\/strong> E:<\/strong> <strong>Qui part \u00e0 la chasse<\/strong>, Lea Favre (Wallis, \u00e9cal)<\/p>\n<\/details>\n\n\n\n<figure class=\"wp-block-image size-full\"><img decoding=\"async\" src=\"https:\/\/jugendfilmtage.ch\/wp-content\/uploads\/2024\/03\/icons-klappe-auf.svg\" alt=\"Icon: Filmklappe\" class=\"wp-image-25293\"\/><\/figure>\n\n\n\n<details class=\"wp-block-details is-layout-flow wp-block-details-is-layout-flow\"><summary>\u00ab Clap ! Clap ! \u00bb Pitching Competition<\/summary>\n<h3 class=\"wp-block-heading\">Fynn Gr\u00f6ber (Basel-Stadt)<\/h3>\n\n\n\n<p><em><em>Die Dreirosenbr\u00fccke in Basel. Zweimal j\u00e4hrlich treffen sich dort Bewohner:innen aus Gross- und Kleinbasel, um im spielerischen Ritual eine symbolische Nachbarschafts-Fehde in Form einer Wasserpistolen- bzw. Schnellballschlacht auszutragen. In Zeiten von Social Media, in denen Kriegsbilder, Gewaltausschreitungen und ausufernde Demonstrationen eine Omnipr\u00e4senz erlangt haben, verspricht dieses Dokumentarfilmprojekt eine spannende Ausgangslange. Die Br\u00fccke als Progonistin und Sinnbild vieler Metaphern bietet mit diesem skurrilen Stadtbasler Ritual eine grosse Spannweite unterschiedlicher Assoziationen, die der Regisseur mit seinem beobachtenden Blick einzufangen und zu diskutieren versucht. Die Jury ist vom Potenzial dieser filmischen Geschichte \u00fcberzeugt und sieht die Herausforderung, die es f\u00fcr eine profundierte Auseinandersetzung mit dem Stoff anzugehen gilt. Aus diesem Grund ermutigt sie Fynn Gr\u00f6ber f\u00fcr sein Vorhaben und unterst\u00fctzt ihn mit dem Pitching Award und Mentoring-Formaten seiner Wahl, um dieses auch technisch anspruchsvoll einzufangende Projekt erfolgreich umsetzen zu k\u00f6nnen.<\/em><\/em><\/p>\n<\/details>\n\n\n\n<figure class=\"wp-block-image size-full\"><img decoding=\"async\" src=\"https:\/\/jugendfilmtage.ch\/wp-content\/uploads\/2024\/03\/icon-das-goldene-bergli.svg\" alt=\"Icon: Berg\" class=\"wp-image-25287\"\/><\/figure>\n\n\n\n<details class=\"wp-block-details is-layout-flow wp-block-details-is-layout-flow\"><summary>Goldenes Bergli<\/summary>\n<h2 class=\"wp-block-heading\">Mund auf!<\/h2>\n\n\n\n<p>Regie: Linus Spiegel (Z\u00fcrich)<\/p>\n\n\n\n<p><em>Sieben animierte Filme, von der Primarschule bis zum Maturabschluss, und aus allen vier Sprachregionen der Schweiz durfte die Jury vom goldenen Bergli dieses Jahr sehen und war erfreut \u00fcber die grosse Bandbreite an Techniken: Es wurde animiert mit Lego, Stoff, Papier, modellierten Figuren und sogar digitale 3D Umgebungen wurden kreiert.<br>Was die sieben Filme gemeinsam haben, ist eine grosse Freude am Animieren und am Erz\u00e4hlen, die in den Bildern und in den Stimmen der jungen Filmemacher*innen f\u00fchlbar ist &#8211; jeder Film hat seine Geschichte mit einem eigenen Charme erz\u00e4hlt.<br>Doch schlussendlich hat EIN Film die Jury \u00fcberzeugt mit einer pr\u00e4gnanten Handlung und beeindruckendem Handwerk. Besonders sch\u00e4tzt die Jury an diesem Film, wie sehr eine Pers\u00f6nlichkeit und ein eigenst\u00e4ndiger, kreativer Wille sp\u00fcrbar ist.<br>Das goldene Bergli geht an\u2026 \u00ab\u00a0MUND AUF\u00a0\u00bb von Linus Spiegel! Gratulation!<\/em><\/p>\n<\/details>\n\n\n\n<figure class=\"wp-block-image size-full\"><img decoding=\"async\" src=\"https:\/\/jugendfilmtage.ch\/wp-content\/uploads\/2024\/03\/icon-prix-roestigraben.svg\" alt=\"Icon: Schweiz mit R\u00f6stigraben\" class=\"wp-image-25291\"\/><\/figure>\n\n\n\n<details class=\"wp-block-details is-layout-flow wp-block-details-is-layout-flow\"><summary>Prix R\u00f6stigraben<\/summary>\n<h3 class=\"wp-block-heading\">Due volte Su<\/h3>\n\n\n\n<p>Regie: Agnese L\u00e0posi <\/p>\n\n\n\n<p><em>Wir haben uns f\u00fcr diesen Film entschieden wegen seiner koh\u00e4rente und einf\u00fchlsamen Inszenierung, f\u00fcr seine F\u00e4higkeit ein Gef\u00fchl von Verg\u00e4nglichkeit einzufangen e per la capacit\u00e0 di spaziare tra lingue e luoghi e di rappresentare un&rsquo;atmosfera originale e di mistero. <\/em><\/p>\n<\/details>\n\n\n\n<p><\/p>\n","protected":false},"excerpt":{"rendered":"<p>Les gagnant\u00b7e\u00b7s du 50e Festival Cin\u00e9 Jeunesse Suisse<\/p>\n","protected":false},"author":14,"featured_media":0,"parent":0,"menu_order":0,"comment_status":"closed","ping_status":"closed","template":"","meta":{"_acf_changed":false,"footnotes":""},"class_list":["post-74703","page","type-page","status-publish","hentry"],"acf":[],"yoast_head":"<!-- This site is optimized with the Yoast SEO plugin v27.4 - https:\/\/yoast.com\/product\/yoast-seo-wordpress\/ -->\n<title>Les gagnant\u00b7e\u00b7s du 50e Festival Cin\u00e9 Jeunesse Suisse - FR Schweizer Jugendfilmtage<\/title>\n<meta name=\"description\" content=\"Les gagnant\u00b7e\u00b7s du 50e Festival Cin\u00e9 Jeunesse Suisse Cat\u00e9gorie A, jusqu\u2019\u00e0 12 ans 1. MELODIE DER ANGST R\u00e9gie: Alexandra G\u00fcnthard &amp; Aline Rubenov\" \/>\n<meta name=\"robots\" content=\"index, follow, max-snippet:-1, max-image-preview:large, max-video-preview:-1\" \/>\n<link rel=\"canonical\" href=\"https:\/\/jugendfilmtage.ch\/fr\/les-gagnantes-du-50e-festival-cine-jeunesse-suisse\/\" \/>\n<meta property=\"og:locale\" content=\"fr_FR\" \/>\n<meta property=\"og:type\" content=\"article\" \/>\n<meta property=\"og:title\" content=\"Les gagnant\u00b7e\u00b7s du 50e Festival Cin\u00e9 Jeunesse Suisse - FR Schweizer Jugendfilmtage\" \/>\n<meta property=\"og:description\" content=\"Les gagnant\u00b7e\u00b7s du 50e Festival Cin\u00e9 Jeunesse Suisse Cat\u00e9gorie A, jusqu\u2019\u00e0 12 ans 1. MELODIE DER ANGST R\u00e9gie: Alexandra G\u00fcnthard &amp; Aline Rubenov\" \/>\n<meta property=\"og:url\" content=\"https:\/\/jugendfilmtage.ch\/fr\/les-gagnantes-du-50e-festival-cine-jeunesse-suisse\/\" \/>\n<meta property=\"og:site_name\" content=\"FR Schweizer Jugendfilmtage\" \/>\n<meta property=\"article:publisher\" content=\"https:\/\/www.facebook.com\/Jugendfilmtage\" \/>\n<meta property=\"article:modified_time\" content=\"2026-03-15T18:36:42+00:00\" \/>\n<meta name=\"twitter:card\" content=\"summary_large_image\" \/>\n<meta name=\"twitter:site\" content=\"@jugendfilmtage\" \/>\n<meta name=\"twitter:label1\" content=\"Dur\u00e9e de lecture estim\u00e9e\" \/>\n\t<meta name=\"twitter:data1\" content=\"9 minutes\" \/>\n<script type=\"application\/ld+json\" class=\"yoast-schema-graph\">{\"@context\":\"https:\\\/\\\/schema.org\",\"@graph\":[{\"@type\":\"WebPage\",\"@id\":\"https:\\\/\\\/jugendfilmtage.ch\\\/fr\\\/les-gagnantes-du-50e-festival-cine-jeunesse-suisse\\\/\",\"url\":\"https:\\\/\\\/jugendfilmtage.ch\\\/fr\\\/les-gagnantes-du-50e-festival-cine-jeunesse-suisse\\\/\",\"name\":\"Les gagnant\u00b7e\u00b7s du 50e Festival Cin\u00e9 Jeunesse Suisse - FR Schweizer Jugendfilmtage\",\"isPartOf\":{\"@id\":\"https:\\\/\\\/jugendfilmtage.ch\\\/fr\\\/#website\"},\"primaryImageOfPage\":{\"@id\":\"https:\\\/\\\/jugendfilmtage.ch\\\/fr\\\/les-gagnantes-du-50e-festival-cine-jeunesse-suisse\\\/#primaryimage\"},\"image\":{\"@id\":\"https:\\\/\\\/jugendfilmtage.ch\\\/fr\\\/les-gagnantes-du-50e-festival-cine-jeunesse-suisse\\\/#primaryimage\"},\"thumbnailUrl\":\"https:\\\/\\\/jugendfilmtage.ch\\\/wp-content\\\/uploads\\\/2024\\\/03\\\/icon-der-springende-panther.svg\",\"datePublished\":\"2026-03-15T18:36:14+00:00\",\"dateModified\":\"2026-03-15T18:36:42+00:00\",\"description\":\"Les gagnant\u00b7e\u00b7s du 50e Festival Cin\u00e9 Jeunesse Suisse Cat\u00e9gorie A, jusqu\u2019\u00e0 12 ans 1. MELODIE DER ANGST R\u00e9gie: Alexandra G\u00fcnthard &amp; Aline Rubenov\",\"inLanguage\":\"fr-FR\",\"potentialAction\":[{\"@type\":\"ReadAction\",\"target\":[\"https:\\\/\\\/jugendfilmtage.ch\\\/fr\\\/les-gagnantes-du-50e-festival-cine-jeunesse-suisse\\\/\"]}]},{\"@type\":\"ImageObject\",\"inLanguage\":\"fr-FR\",\"@id\":\"https:\\\/\\\/jugendfilmtage.ch\\\/fr\\\/les-gagnantes-du-50e-festival-cine-jeunesse-suisse\\\/#primaryimage\",\"url\":\"https:\\\/\\\/jugendfilmtage.ch\\\/wp-content\\\/uploads\\\/2024\\\/03\\\/icon-der-springende-panther.svg\",\"contentUrl\":\"https:\\\/\\\/jugendfilmtage.ch\\\/wp-content\\\/uploads\\\/2024\\\/03\\\/icon-der-springende-panther.svg\"},{\"@type\":\"WebSite\",\"@id\":\"https:\\\/\\\/jugendfilmtage.ch\\\/fr\\\/#website\",\"url\":\"https:\\\/\\\/jugendfilmtage.ch\\\/fr\\\/\",\"name\":\"FR Schweizer Jugendfilmtage\",\"description\":\"FR Festival Cin\u00e9 Jeunesse Suisse\",\"potentialAction\":[{\"@type\":\"SearchAction\",\"target\":{\"@type\":\"EntryPoint\",\"urlTemplate\":\"https:\\\/\\\/jugendfilmtage.ch\\\/fr\\\/?s={search_term_string}\"},\"query-input\":{\"@type\":\"PropertyValueSpecification\",\"valueRequired\":true,\"valueName\":\"search_term_string\"}}],\"inLanguage\":\"fr-FR\"}]}<\/script>\n<!-- \/ Yoast SEO plugin. -->","yoast_head_json":{"title":"Les gagnant\u00b7e\u00b7s du 50e Festival Cin\u00e9 Jeunesse Suisse - FR Schweizer Jugendfilmtage","description":"Les gagnant\u00b7e\u00b7s du 50e Festival Cin\u00e9 Jeunesse Suisse Cat\u00e9gorie A, jusqu\u2019\u00e0 12 ans 1. MELODIE DER ANGST R\u00e9gie: Alexandra G\u00fcnthard &amp; Aline Rubenov","robots":{"index":"index","follow":"follow","max-snippet":"max-snippet:-1","max-image-preview":"max-image-preview:large","max-video-preview":"max-video-preview:-1"},"canonical":"https:\/\/jugendfilmtage.ch\/fr\/les-gagnantes-du-50e-festival-cine-jeunesse-suisse\/","og_locale":"fr_FR","og_type":"article","og_title":"Les gagnant\u00b7e\u00b7s du 50e Festival Cin\u00e9 Jeunesse Suisse - FR Schweizer Jugendfilmtage","og_description":"Les gagnant\u00b7e\u00b7s du 50e Festival Cin\u00e9 Jeunesse Suisse Cat\u00e9gorie A, jusqu\u2019\u00e0 12 ans 1. MELODIE DER ANGST R\u00e9gie: Alexandra G\u00fcnthard &amp; Aline Rubenov","og_url":"https:\/\/jugendfilmtage.ch\/fr\/les-gagnantes-du-50e-festival-cine-jeunesse-suisse\/","og_site_name":"FR Schweizer Jugendfilmtage","article_publisher":"https:\/\/www.facebook.com\/Jugendfilmtage","article_modified_time":"2026-03-15T18:36:42+00:00","twitter_card":"summary_large_image","twitter_site":"@jugendfilmtage","twitter_misc":{"Dur\u00e9e de lecture estim\u00e9e":"9 minutes"},"schema":{"@context":"https:\/\/schema.org","@graph":[{"@type":"WebPage","@id":"https:\/\/jugendfilmtage.ch\/fr\/les-gagnantes-du-50e-festival-cine-jeunesse-suisse\/","url":"https:\/\/jugendfilmtage.ch\/fr\/les-gagnantes-du-50e-festival-cine-jeunesse-suisse\/","name":"Les gagnant\u00b7e\u00b7s du 50e Festival Cin\u00e9 Jeunesse Suisse - FR Schweizer Jugendfilmtage","isPartOf":{"@id":"https:\/\/jugendfilmtage.ch\/fr\/#website"},"primaryImageOfPage":{"@id":"https:\/\/jugendfilmtage.ch\/fr\/les-gagnantes-du-50e-festival-cine-jeunesse-suisse\/#primaryimage"},"image":{"@id":"https:\/\/jugendfilmtage.ch\/fr\/les-gagnantes-du-50e-festival-cine-jeunesse-suisse\/#primaryimage"},"thumbnailUrl":"https:\/\/jugendfilmtage.ch\/wp-content\/uploads\/2024\/03\/icon-der-springende-panther.svg","datePublished":"2026-03-15T18:36:14+00:00","dateModified":"2026-03-15T18:36:42+00:00","description":"Les gagnant\u00b7e\u00b7s du 50e Festival Cin\u00e9 Jeunesse Suisse Cat\u00e9gorie A, jusqu\u2019\u00e0 12 ans 1. MELODIE DER ANGST R\u00e9gie: Alexandra G\u00fcnthard &amp; Aline Rubenov","inLanguage":"fr-FR","potentialAction":[{"@type":"ReadAction","target":["https:\/\/jugendfilmtage.ch\/fr\/les-gagnantes-du-50e-festival-cine-jeunesse-suisse\/"]}]},{"@type":"ImageObject","inLanguage":"fr-FR","@id":"https:\/\/jugendfilmtage.ch\/fr\/les-gagnantes-du-50e-festival-cine-jeunesse-suisse\/#primaryimage","url":"https:\/\/jugendfilmtage.ch\/wp-content\/uploads\/2024\/03\/icon-der-springende-panther.svg","contentUrl":"https:\/\/jugendfilmtage.ch\/wp-content\/uploads\/2024\/03\/icon-der-springende-panther.svg"},{"@type":"WebSite","@id":"https:\/\/jugendfilmtage.ch\/fr\/#website","url":"https:\/\/jugendfilmtage.ch\/fr\/","name":"FR Schweizer Jugendfilmtage","description":"FR Festival Cin\u00e9 Jeunesse Suisse","potentialAction":[{"@type":"SearchAction","target":{"@type":"EntryPoint","urlTemplate":"https:\/\/jugendfilmtage.ch\/fr\/?s={search_term_string}"},"query-input":{"@type":"PropertyValueSpecification","valueRequired":true,"valueName":"search_term_string"}}],"inLanguage":"fr-FR"}]}},"_links":{"self":[{"href":"https:\/\/jugendfilmtage.ch\/fr\/wp-json\/wp\/v2\/pages\/74703","targetHints":{"allow":["GET"]}}],"collection":[{"href":"https:\/\/jugendfilmtage.ch\/fr\/wp-json\/wp\/v2\/pages"}],"about":[{"href":"https:\/\/jugendfilmtage.ch\/fr\/wp-json\/wp\/v2\/types\/page"}],"author":[{"embeddable":true,"href":"https:\/\/jugendfilmtage.ch\/fr\/wp-json\/wp\/v2\/users\/14"}],"replies":[{"embeddable":true,"href":"https:\/\/jugendfilmtage.ch\/fr\/wp-json\/wp\/v2\/comments?post=74703"}],"version-history":[{"count":6,"href":"https:\/\/jugendfilmtage.ch\/fr\/wp-json\/wp\/v2\/pages\/74703\/revisions"}],"predecessor-version":[{"id":75050,"href":"https:\/\/jugendfilmtage.ch\/fr\/wp-json\/wp\/v2\/pages\/74703\/revisions\/75050"}],"wp:attachment":[{"href":"https:\/\/jugendfilmtage.ch\/fr\/wp-json\/wp\/v2\/media?parent=74703"}],"curies":[{"name":"wp","href":"https:\/\/api.w.org\/{rel}","templated":true}]}}