{"id":72317,"date":"2026-02-12T17:33:11","date_gmt":"2026-02-12T16:33:11","guid":{"rendered":"https:\/\/jugendfilmtage.ch\/?page_id=72317"},"modified":"2026-02-12T17:44:17","modified_gmt":"2026-02-12T16:44:17","slug":"films-in-progress","status":"publish","type":"page","link":"https:\/\/jugendfilmtage.ch\/fr\/films-in-progress\/","title":{"rendered":"Films in Progress"},"content":{"rendered":"\n<figure class=\"wp-block-image size-full\"><img decoding=\"async\" src=\"https:\/\/jugendfilmtage.ch\/wp-content\/uploads\/2026\/02\/3_New-visual-copy-edited.png\" alt=\"\" class=\"wp-image-72316\"\/><\/figure>\n\n\n\n<p><\/p>\n\n\n\n<h1 class=\"wp-block-heading\">Films in Progress<\/h1>\n\n\n\n<h2 class=\"wp-block-heading\"><strong>Montre-nous ton projet de film !\u00a0<\/strong><\/h2>\n\n\n\n<p><strong>Dimanche 15 mars 2026, 14h00\u201317h00<\/strong><br>blue Cinema Abaton 4 (public et gratuit) <\/p>\n\n\n\n<p>Tu travailles actuellement sur un projet de film et tu aimerais recevoir un feedback honn\u00eate et constructif de professionnel\u00b7le\u00b7s ? Alors&nbsp;<em>Films in Progress<\/em>&nbsp;est fait pour toi.<\/p>\n\n\n\n<p>Dans le cadre de la 50e \u00e9dition des Journ\u00e9es suisses du cin\u00e9ma pour la jeunesse, nous t\u2019invitons \u00e0 pr\u00e9senter ton projet actuel \u2013 m\u00eame s\u2019il est encore en cours de d\u00e9veloppement. Lors d\u2019une pr\u00e9sentation de 10 minutes, tu partages ton film et re\u00e7ois ensuite un feedback personnalis\u00e9 de professionnel\u00b7le\u00b7s du secteur. Le public est \u00e9galement invit\u00e9 \u00e0 participer, poser des questions et \u00e9changer \u2014 cr\u00e9ant ainsi un espace ouvert pour de nouvelles perspectives et id\u00e9es.<\/p>\n\n\n\n<p>C\u2019est l\u2019occasion de montrer ton travail, de d\u00e9couvrir d\u2019autres projets, de rencontrer de jeunes cin\u00e9astes et de t\u2019inspirer de l\u2019\u00e9nergie et de la passion des autres personnes. <\/p>\n\n\n\n<p>\u00a0Envoie ta candidature via le formulaire jusqu\u2019au\u00a0<strong>27 f\u00e9vrier<\/strong>\u00a0!<\/p>\n\n\n\n<p><\/p>\n\n\n\n<div class=\"wp-block-buttons is-layout-flex wp-block-buttons-is-layout-flex\">\n<div class=\"wp-block-button\"><a class=\"wp-block-button__link wp-element-button\" href=\"https:\/\/docs.google.com\/forms\/d\/e\/1FAIpQLSe40Rt5pYVtuZEWUnBTwU6A-GE3wmuuqYXOY9hX4aT8MAn01Q\/viewform?usp=dialog\">\u00a0<strong>Inscris ton projet<\/strong><\/a><\/div>\n<\/div>\n\n\n\n<p><\/p>\n","protected":false},"excerpt":{"rendered":"<p>Films in Progress Montre-nous ton projet de film !\u00a0 Dimanche 15 mars 2026, 14h00\u201317h00blue Cinema Abaton 4 (public et gratuit) Tu travailles actuellement sur un projet de film et tu aimerais recevoir un feedback honn\u00eate et constructif de professionnel\u00b7le\u00b7s ? Alors&nbsp;Films in Progress&nbsp;est fait pour toi. Dans le cadre de la 50e \u00e9dition des Journ\u00e9es [&hellip;]<\/p>\n","protected":false},"author":14,"featured_media":0,"parent":0,"menu_order":0,"comment_status":"closed","ping_status":"closed","template":"","meta":{"_acf_changed":false,"footnotes":""},"class_list":["post-72317","page","type-page","status-publish","hentry"],"acf":[],"yoast_head":"<!-- This site is optimized with the Yoast SEO plugin v27.4 - https:\/\/yoast.com\/product\/yoast-seo-wordpress\/ -->\n<title>Films in Progress - FR Schweizer Jugendfilmtage<\/title>\n<meta name=\"description\" content=\"Films in Progress Montre-nous ton projet de film !\u00a0 Dimanche 15 mars 2026, 14h00\u201317h00blue Cinema Abaton 4 (public et gratuit) Tu travailles actuellement\" \/>\n<meta name=\"robots\" content=\"index, follow, max-snippet:-1, max-image-preview:large, max-video-preview:-1\" \/>\n<link rel=\"canonical\" href=\"https:\/\/jugendfilmtage.ch\/fr\/films-in-progress\/\" \/>\n<meta property=\"og:locale\" content=\"fr_FR\" \/>\n<meta property=\"og:type\" content=\"article\" \/>\n<meta property=\"og:title\" content=\"Films in Progress - FR Schweizer Jugendfilmtage\" \/>\n<meta property=\"og:description\" content=\"Films in Progress Montre-nous ton projet de film !\u00a0 Dimanche 15 mars 2026, 14h00\u201317h00blue Cinema Abaton 4 (public et gratuit) Tu travailles actuellement\" \/>\n<meta property=\"og:url\" content=\"https:\/\/jugendfilmtage.ch\/fr\/films-in-progress\/\" \/>\n<meta property=\"og:site_name\" content=\"FR Schweizer Jugendfilmtage\" \/>\n<meta property=\"article:publisher\" content=\"https:\/\/www.facebook.com\/Jugendfilmtage\" \/>\n<meta property=\"article:modified_time\" content=\"2026-02-12T16:44:17+00:00\" \/>\n<meta name=\"twitter:card\" content=\"summary_large_image\" \/>\n<meta name=\"twitter:site\" content=\"@jugendfilmtage\" \/>\n<meta name=\"twitter:label1\" content=\"Dur\u00e9e de lecture estim\u00e9e\" \/>\n\t<meta name=\"twitter:data1\" content=\"2 minutes\" \/>\n<script type=\"application\/ld+json\" class=\"yoast-schema-graph\">{\"@context\":\"https:\\\/\\\/schema.org\",\"@graph\":[{\"@type\":\"WebPage\",\"@id\":\"https:\\\/\\\/jugendfilmtage.ch\\\/fr\\\/films-in-progress\\\/\",\"url\":\"https:\\\/\\\/jugendfilmtage.ch\\\/fr\\\/films-in-progress\\\/\",\"name\":\"Films in Progress - FR Schweizer Jugendfilmtage\",\"isPartOf\":{\"@id\":\"https:\\\/\\\/jugendfilmtage.ch\\\/fr\\\/#website\"},\"primaryImageOfPage\":{\"@id\":\"https:\\\/\\\/jugendfilmtage.ch\\\/fr\\\/films-in-progress\\\/#primaryimage\"},\"image\":{\"@id\":\"https:\\\/\\\/jugendfilmtage.ch\\\/fr\\\/films-in-progress\\\/#primaryimage\"},\"thumbnailUrl\":\"https:\\\/\\\/jugendfilmtage.ch\\\/wp-content\\\/uploads\\\/2026\\\/02\\\/3_New-visual-copy-edited.png\",\"datePublished\":\"2026-02-12T16:33:11+00:00\",\"dateModified\":\"2026-02-12T16:44:17+00:00\",\"description\":\"Films in Progress Montre-nous ton projet de film !\u00a0 Dimanche 15 mars 2026, 14h00\u201317h00blue Cinema Abaton 4 (public et gratuit) Tu travailles actuellement\",\"inLanguage\":\"fr-FR\",\"potentialAction\":[{\"@type\":\"ReadAction\",\"target\":[\"https:\\\/\\\/jugendfilmtage.ch\\\/fr\\\/films-in-progress\\\/\"]}]},{\"@type\":\"ImageObject\",\"inLanguage\":\"fr-FR\",\"@id\":\"https:\\\/\\\/jugendfilmtage.ch\\\/fr\\\/films-in-progress\\\/#primaryimage\",\"url\":\"https:\\\/\\\/jugendfilmtage.ch\\\/wp-content\\\/uploads\\\/2026\\\/02\\\/3_New-visual-copy-edited.png\",\"contentUrl\":\"https:\\\/\\\/jugendfilmtage.ch\\\/wp-content\\\/uploads\\\/2026\\\/02\\\/3_New-visual-copy-edited.png\"},{\"@type\":\"WebSite\",\"@id\":\"https:\\\/\\\/jugendfilmtage.ch\\\/fr\\\/#website\",\"url\":\"https:\\\/\\\/jugendfilmtage.ch\\\/fr\\\/\",\"name\":\"FR Schweizer Jugendfilmtage\",\"description\":\"FR Festival Cin\u00e9 Jeunesse Suisse\",\"potentialAction\":[{\"@type\":\"SearchAction\",\"target\":{\"@type\":\"EntryPoint\",\"urlTemplate\":\"https:\\\/\\\/jugendfilmtage.ch\\\/fr\\\/?s={search_term_string}\"},\"query-input\":{\"@type\":\"PropertyValueSpecification\",\"valueRequired\":true,\"valueName\":\"search_term_string\"}}],\"inLanguage\":\"fr-FR\"}]}<\/script>\n<!-- \/ Yoast SEO plugin. -->","yoast_head_json":{"title":"Films in Progress - FR Schweizer Jugendfilmtage","description":"Films in Progress Montre-nous ton projet de film !\u00a0 Dimanche 15 mars 2026, 14h00\u201317h00blue Cinema Abaton 4 (public et gratuit) Tu travailles actuellement","robots":{"index":"index","follow":"follow","max-snippet":"max-snippet:-1","max-image-preview":"max-image-preview:large","max-video-preview":"max-video-preview:-1"},"canonical":"https:\/\/jugendfilmtage.ch\/fr\/films-in-progress\/","og_locale":"fr_FR","og_type":"article","og_title":"Films in Progress - FR Schweizer Jugendfilmtage","og_description":"Films in Progress Montre-nous ton projet de film !\u00a0 Dimanche 15 mars 2026, 14h00\u201317h00blue Cinema Abaton 4 (public et gratuit) Tu travailles actuellement","og_url":"https:\/\/jugendfilmtage.ch\/fr\/films-in-progress\/","og_site_name":"FR Schweizer Jugendfilmtage","article_publisher":"https:\/\/www.facebook.com\/Jugendfilmtage","article_modified_time":"2026-02-12T16:44:17+00:00","twitter_card":"summary_large_image","twitter_site":"@jugendfilmtage","twitter_misc":{"Dur\u00e9e de lecture estim\u00e9e":"2 minutes"},"schema":{"@context":"https:\/\/schema.org","@graph":[{"@type":"WebPage","@id":"https:\/\/jugendfilmtage.ch\/fr\/films-in-progress\/","url":"https:\/\/jugendfilmtage.ch\/fr\/films-in-progress\/","name":"Films in Progress - FR Schweizer Jugendfilmtage","isPartOf":{"@id":"https:\/\/jugendfilmtage.ch\/fr\/#website"},"primaryImageOfPage":{"@id":"https:\/\/jugendfilmtage.ch\/fr\/films-in-progress\/#primaryimage"},"image":{"@id":"https:\/\/jugendfilmtage.ch\/fr\/films-in-progress\/#primaryimage"},"thumbnailUrl":"https:\/\/jugendfilmtage.ch\/wp-content\/uploads\/2026\/02\/3_New-visual-copy-edited.png","datePublished":"2026-02-12T16:33:11+00:00","dateModified":"2026-02-12T16:44:17+00:00","description":"Films in Progress Montre-nous ton projet de film !\u00a0 Dimanche 15 mars 2026, 14h00\u201317h00blue Cinema Abaton 4 (public et gratuit) Tu travailles actuellement","inLanguage":"fr-FR","potentialAction":[{"@type":"ReadAction","target":["https:\/\/jugendfilmtage.ch\/fr\/films-in-progress\/"]}]},{"@type":"ImageObject","inLanguage":"fr-FR","@id":"https:\/\/jugendfilmtage.ch\/fr\/films-in-progress\/#primaryimage","url":"https:\/\/jugendfilmtage.ch\/wp-content\/uploads\/2026\/02\/3_New-visual-copy-edited.png","contentUrl":"https:\/\/jugendfilmtage.ch\/wp-content\/uploads\/2026\/02\/3_New-visual-copy-edited.png"},{"@type":"WebSite","@id":"https:\/\/jugendfilmtage.ch\/fr\/#website","url":"https:\/\/jugendfilmtage.ch\/fr\/","name":"FR Schweizer Jugendfilmtage","description":"FR Festival Cin\u00e9 Jeunesse Suisse","potentialAction":[{"@type":"SearchAction","target":{"@type":"EntryPoint","urlTemplate":"https:\/\/jugendfilmtage.ch\/fr\/?s={search_term_string}"},"query-input":{"@type":"PropertyValueSpecification","valueRequired":true,"valueName":"search_term_string"}}],"inLanguage":"fr-FR"}]}},"_links":{"self":[{"href":"https:\/\/jugendfilmtage.ch\/fr\/wp-json\/wp\/v2\/pages\/72317","targetHints":{"allow":["GET"]}}],"collection":[{"href":"https:\/\/jugendfilmtage.ch\/fr\/wp-json\/wp\/v2\/pages"}],"about":[{"href":"https:\/\/jugendfilmtage.ch\/fr\/wp-json\/wp\/v2\/types\/page"}],"author":[{"embeddable":true,"href":"https:\/\/jugendfilmtage.ch\/fr\/wp-json\/wp\/v2\/users\/14"}],"replies":[{"embeddable":true,"href":"https:\/\/jugendfilmtage.ch\/fr\/wp-json\/wp\/v2\/comments?post=72317"}],"version-history":[{"count":2,"href":"https:\/\/jugendfilmtage.ch\/fr\/wp-json\/wp\/v2\/pages\/72317\/revisions"}],"predecessor-version":[{"id":72324,"href":"https:\/\/jugendfilmtage.ch\/fr\/wp-json\/wp\/v2\/pages\/72317\/revisions\/72324"}],"wp:attachment":[{"href":"https:\/\/jugendfilmtage.ch\/fr\/wp-json\/wp\/v2\/media?parent=72317"}],"curies":[{"name":"wp","href":"https:\/\/api.w.org\/{rel}","templated":true}]}}