{"id":64131,"date":"2026-02-04T17:05:18","date_gmt":"2026-02-04T16:05:18","guid":{"rendered":"https:\/\/jugendfilmtage.ch\/?page_id=64131"},"modified":"2026-02-04T17:05:50","modified_gmt":"2026-02-04T16:05:50","slug":"jury-moderation-2026","status":"publish","type":"page","link":"https:\/\/jugendfilmtage.ch\/fr\/jury-moderation-2026\/","title":{"rendered":"Jury &amp; Mod\u00e9ration 2026"},"content":{"rendered":"\n<h2 class=\"wp-block-heading\">Jury de la comp\u00e9tition<\/h2>\n\n\n\n<p><\/p>\n\n\n\n<figure class=\"wp-block-image size-full is-resized\"><img loading=\"lazy\" decoding=\"async\" width=\"2048\" height=\"1366\" src=\"https:\/\/jugendfilmtage.ch\/wp-content\/uploads\/2026\/02\/Damien-Hauser.jpg\" alt=\"Damien Hauser\" class=\"wp-image-64114\" style=\"width:478px;height:auto\" srcset=\"https:\/\/jugendfilmtage.ch\/wp-content\/uploads\/2026\/02\/Damien-Hauser.jpg 2048w, https:\/\/jugendfilmtage.ch\/wp-content\/uploads\/2026\/02\/Damien-Hauser-300x200.jpg 300w, https:\/\/jugendfilmtage.ch\/wp-content\/uploads\/2026\/02\/Damien-Hauser-880x587.jpg 880w, https:\/\/jugendfilmtage.ch\/wp-content\/uploads\/2026\/02\/Damien-Hauser-280x186.jpg 280w, https:\/\/jugendfilmtage.ch\/wp-content\/uploads\/2026\/02\/Damien-Hauser-768x512.jpg 768w, https:\/\/jugendfilmtage.ch\/wp-content\/uploads\/2026\/02\/Damien-Hauser-1536x1025.jpg 1536w\" sizes=\"auto, (max-width: 2048px) 100vw, 2048px\" \/><\/figure>\n\n\n\n<p><\/p>\n\n\n\n<p><strong>Damien Hauser<\/strong>\u00a0(*2001, Zurich) est un auteur et r\u00e9alisateur helv\u00e9to-kenyan. Il a tourn\u00e9 quatre longs m\u00e9trages qui ont \u00e9t\u00e9 pr\u00e9sent\u00e9s dans des festivals internationaux de renom, notamment au TIFF. Son parcours festivalier a d\u00e9marr\u00e9 en 2016 avec la participation au Festival Cin\u00e9 Jeunesse Suisse.<\/p>\n\n\n\n<p><\/p>\n\n\n\n<figure class=\"wp-block-image size-full is-resized\"><img loading=\"lazy\" decoding=\"async\" width=\"1508\" height=\"993\" src=\"https:\/\/jugendfilmtage.ch\/wp-content\/uploads\/2026\/02\/Tabarak.png\" alt=\"Tabarak Allah Abbas \" class=\"wp-image-64116\" style=\"aspect-ratio:1.5186440677966102;width:489px;height:auto\" srcset=\"https:\/\/jugendfilmtage.ch\/wp-content\/uploads\/2026\/02\/Tabarak.png 1508w, https:\/\/jugendfilmtage.ch\/wp-content\/uploads\/2026\/02\/Tabarak-300x198.png 300w, https:\/\/jugendfilmtage.ch\/wp-content\/uploads\/2026\/02\/Tabarak-880x579.png 880w, https:\/\/jugendfilmtage.ch\/wp-content\/uploads\/2026\/02\/Tabarak-768x506.png 768w\" sizes=\"auto, (max-width: 1508px) 100vw, 1508px\" \/><\/figure>\n\n\n\n<p><\/p>\n\n\n\n<p><strong>Tabarak Allah Abbas <\/strong>(*1998, Valais) est une r\u00e9alisatrice genevoise d\u2019origine irakienne. Sa passion pour la peinture l\u2019a conduite au septi\u00e8me art avec un bachelor en cin\u00e9ma au HEAD. Ses films ont entre autres \u00e9t\u00e9 pr\u00e9sent\u00e9s au Festival international du court-m\u00e9trage de Winterthur ainsi qu\u2019au GIFF (Geneva International Film Festival). En 2021, elle a d\u00e9couvert le Festival Cin\u00e9 Jeunesse Suisse qu\u2019elle soutient \u00e0 ce jour en tant que plateforme incontournable pour les cin\u00e9astes en herbe.<\/p>\n\n\n\n<p><\/p>\n\n\n\n<figure class=\"wp-block-image size-large is-resized\"><img loading=\"lazy\" decoding=\"async\" width=\"1024\" height=\"768\" src=\"https:\/\/jugendfilmtage.ch\/wp-content\/uploads\/2026\/02\/Riccardo-Bernasconi-edited.jpg\" alt=\"Riccardo Bernasconi\" class=\"wp-image-64118\" style=\"width:500px;height:auto\" srcset=\"https:\/\/jugendfilmtage.ch\/wp-content\/uploads\/2026\/02\/Riccardo-Bernasconi-edited.jpg 1024w, https:\/\/jugendfilmtage.ch\/wp-content\/uploads\/2026\/02\/Riccardo-Bernasconi-edited-300x225.jpg 300w, https:\/\/jugendfilmtage.ch\/wp-content\/uploads\/2026\/02\/Riccardo-Bernasconi-edited-880x660.jpg 880w, https:\/\/jugendfilmtage.ch\/wp-content\/uploads\/2026\/02\/Riccardo-Bernasconi-edited-768x576.jpg 768w\" sizes=\"auto, (max-width: 1024px) 100vw, 1024px\" \/><\/figure>\n\n\n\n<p><\/p>\n\n\n\n<p><strong>Riccardo Bernasconi <\/strong>(*1984, Mendrisio) a particip\u00e9 au 28e Festival Cin\u00e9 Jeunesse Suisse \u00e0 l\u2019\u00e2ge de 19 ans. La projection publique de son film l\u2019a encourag\u00e9 \u00e0 prendre sa passion du cin\u00e9ma au s\u00e9rieux. Dix ans plus tard, un de ses premiers courts-m\u00e9trages a \u00e9t\u00e9 s\u00e9lectionn\u00e9 par le Festival de films de Venise. Aujourd\u2019hui, il travaille en tant que sc\u00e9nariste et r\u00e9alisateur.<\/p>\n\n\n\n<p><\/p>\n\n\n\n<figure class=\"wp-block-image size-large is-resized\"><img loading=\"lazy\" decoding=\"async\" width=\"880\" height=\"494\" src=\"https:\/\/jugendfilmtage.ch\/wp-content\/uploads\/2026\/02\/Isabelle_favez_color-880x494.png\" alt=\"Isabelle Favez\" class=\"wp-image-64119\" style=\"aspect-ratio:1.781556837736613;width:500px;height:auto\" srcset=\"https:\/\/jugendfilmtage.ch\/wp-content\/uploads\/2026\/02\/Isabelle_favez_color-880x494.png 880w, https:\/\/jugendfilmtage.ch\/wp-content\/uploads\/2026\/02\/Isabelle_favez_color-300x168.png 300w, https:\/\/jugendfilmtage.ch\/wp-content\/uploads\/2026\/02\/Isabelle_favez_color-768x431.png 768w, https:\/\/jugendfilmtage.ch\/wp-content\/uploads\/2026\/02\/Isabelle_favez_color-1536x862.png 1536w, https:\/\/jugendfilmtage.ch\/wp-content\/uploads\/2026\/02\/Isabelle_favez_color-2048x1150.png 2048w\" sizes=\"auto, (max-width: 880px) 100vw, 880px\" \/><\/figure>\n\n\n\n<p><\/p>\n\n\n\n<p><strong>Isabelle Favez<\/strong> (*1974, Berne) a \u00e9tudi\u00e9 le cin\u00e9ma \u00e0 la Haute \u00e9cole des arts de Zurich ZHdK et travaille en tant qu\u2019animatrice ind\u00e9pendante. Ses courts-m\u00e9trages ont c\u00e9l\u00e9br\u00e9 leurs premi\u00e8res \u00e0 Berlin et Annecy, entre autres. Lors du Festival Cin\u00e9 Jeunesse Suisse dans les ann\u00e9es 1990, elle a assist\u00e9 pour la premi\u00e8re fois aux projections publiques de ses films tout en d\u00e9couvrant les \u0153uvres d\u2019autres jeunes. Cette exp\u00e9rience cin\u00e9matographique collective a marqu\u00e9 sa carri\u00e8re de r\u00e9alisatrice de mani\u00e8re durable.<\/p>\n\n\n\n<p><\/p>\n\n\n\n<figure class=\"wp-block-image size-large is-resized\"><img loading=\"lazy\" decoding=\"async\" width=\"880\" height=\"495\" src=\"https:\/\/jugendfilmtage.ch\/wp-content\/uploads\/2026\/02\/Stefan-Jung-880x495.jpg\" alt=\"Stefan Jung\u00a0\" class=\"wp-image-64120\" style=\"width:552px;height:auto\" srcset=\"https:\/\/jugendfilmtage.ch\/wp-content\/uploads\/2026\/02\/Stefan-Jung-880x495.jpg 880w, https:\/\/jugendfilmtage.ch\/wp-content\/uploads\/2026\/02\/Stefan-Jung-300x169.jpg 300w, https:\/\/jugendfilmtage.ch\/wp-content\/uploads\/2026\/02\/Stefan-Jung-768x432.jpg 768w, https:\/\/jugendfilmtage.ch\/wp-content\/uploads\/2026\/02\/Stefan-Jung-1536x864.jpg 1536w, https:\/\/jugendfilmtage.ch\/wp-content\/uploads\/2026\/02\/Stefan-Jung.jpg 2000w\" sizes=\"auto, (max-width: 880px) 100vw, 880px\" \/><\/figure>\n\n\n\n<p><\/p>\n\n\n\n<p><strong>Stefan Jung\u00a0<\/strong>(*1959, Zurich)travaille dans le cin\u00e9ma depuis les ann\u00e9es 1980, tout d\u2019abord en tant qu\u2019assistant cam\u00e9raman, puis cam\u00e9raman et r\u00e9alisateur. En 2003, il a fond\u00e9 la soci\u00e9t\u00e9 de production de films documentaires real Film GmbH. Ses projets comportent des films tels que <strong>\u00ab\u00a0Wild Boy\u00a0\u00bb<\/strong>, <strong>\u00ab\u00a0KATOEY \u2013 the Women we are\u00a0\u00bb et<\/strong> <strong>\u00ab\u00a0LYDIA \u2013 R\u00e9cits de l\u2019asile\u00a0\u00bb<\/strong>. En 1980, son film Super 8 intitul\u00e9 \u00ab\u00a0Metamorphose\u00a0\u00bb lui a valu le titre de laur\u00e9at lors de la 4<sup>\u00e8me <\/sup>\u00e9dition du Festival Cin\u00e9 Jeunesse Suisse.<\/p>\n\n\n\n<p><\/p>\n\n\n\n<h2 class=\"wp-block-heading\">Jury \u00ab Clap ! Clap ! \u00bb Pitching Competition<\/h2>\n\n\n\n<p><strong>Andreas B\u00fchlmann,<\/strong><em> <\/em>directeur adjoint Swiss Films<\/p>\n\n\n\n<p><strong>Matthias Sahli, <\/strong>r\u00e9alisateur<\/p>\n\n\n\n<p><strong>Stella H\u00e4ndler, <\/strong>productrice de films et cofondatrice de freih\u00e4ndler Filmproduktion GmbH<\/p>\n\n\n\n<p><\/p>\n\n\n\n<h2 class=\"wp-block-heading\">Jury Goldenes Bergli<\/h2>\n\n\n\n<p>\u00c9tudiant\u00b7e\u00b7s de la section Animation, HSLU Design Film Art.<\/p>\n\n\n\n<p><\/p>\n\n\n\n<h2 class=\"wp-block-heading\">Jury Prix R\u00f6stigraben<\/h2>\n\n\n\n<p>\u00c9tudiant\u00b7e\u00b7s des hautes \u00e9coles de cin\u00e9ma suisses qui pr\u00e9sentent un film dans la section \u00ab\u00a0Passeport Suisse\u00a0\u00bb au FIFF.<\/p>\n\n\n\n<p><\/p>\n\n\n\n<h2 class=\"wp-block-heading\">Mod\u00e9ration<\/h2>\n\n\n\n<p><\/p>\n\n\n\n<figure class=\"wp-block-image size-large is-resized\"><img loading=\"lazy\" decoding=\"async\" width=\"2560\" height=\"1921\" src=\"https:\/\/jugendfilmtage.ch\/wp-content\/uploads\/2026\/02\/Portraits_Anne_2025-03-11_small-3-edited-scaled.jpg\" alt=\"Ann Mayer\" class=\"wp-image-64122\" style=\"aspect-ratio:1.3326635919448377;width:571px;height:auto\" srcset=\"https:\/\/jugendfilmtage.ch\/wp-content\/uploads\/2026\/02\/Portraits_Anne_2025-03-11_small-3-edited-scaled.jpg 2560w, https:\/\/jugendfilmtage.ch\/wp-content\/uploads\/2026\/02\/Portraits_Anne_2025-03-11_small-3-edited-300x225.jpg 300w, https:\/\/jugendfilmtage.ch\/wp-content\/uploads\/2026\/02\/Portraits_Anne_2025-03-11_small-3-edited-880x660.jpg 880w, https:\/\/jugendfilmtage.ch\/wp-content\/uploads\/2026\/02\/Portraits_Anne_2025-03-11_small-3-edited-768x576.jpg 768w, https:\/\/jugendfilmtage.ch\/wp-content\/uploads\/2026\/02\/Portraits_Anne_2025-03-11_small-3-edited-1536x1152.jpg 1536w, https:\/\/jugendfilmtage.ch\/wp-content\/uploads\/2026\/02\/Portraits_Anne_2025-03-11_small-3-edited-2048x1537.jpg 2048w\" sizes=\"auto, (max-width: 2560px) 100vw, 2560px\" \/><figcaption class=\"wp-element-caption\">(Foto: Julien Mayer)<\/figcaption><\/figure>\n\n\n\n<p><strong>Ann Mayer<\/strong> (*1993, B\u00e2le) est actrice dans des production cin\u00e9matographiques et th\u00e9\u00e2trales suisses\u00a0; en outre, elle \u00e9crit des textes pour la sc\u00e8ne ou sur le cin\u00e9ma, par exemple pour Radio SRF Kultur. <em>\u00ab\u00a0Assurer l\u2019animation du Festival Cin\u00e9 Jeunesse Suisse depuis cinq ans est immense privil\u00e8ge. Rares sont les endroits o\u00f9 on re\u00e7oit une si grande dose de passion et d\u2019inspiration de jeunes artistes en seulement cinq jours \u2013 et ce, tout en s\u2019amusant.\u00a0\u00bb<\/em><\/p>\n\n\n\n<p><\/p>\n\n\n\n<p><strong>Serena Neuenschwander\u00a0<\/strong>: entretiens cin\u00e9matographiques en italien, Focus Canada et Focus Newcomers Worldwide<\/p>\n\n\n\n<p><strong>Anik Leonhardt:<\/strong> \u00ab\u00a0Clap ! Clap !\u00a0\u00bb Pitching Competition<\/p>\n\n\n\n<p><\/p>\n","protected":false},"excerpt":{"rendered":"<p>Jury de la comp\u00e9tition Damien Hauser\u00a0(*2001, Zurich) est un auteur et r\u00e9alisateur helv\u00e9to-kenyan. Il a tourn\u00e9 quatre longs m\u00e9trages qui ont \u00e9t\u00e9 pr\u00e9sent\u00e9s dans des festivals internationaux de renom, notamment au TIFF. Son parcours festivalier a d\u00e9marr\u00e9 en 2016 avec la participation au Festival Cin\u00e9 Jeunesse Suisse. Tabarak Allah Abbas (*1998, Valais) est une r\u00e9alisatrice [&hellip;]<\/p>\n","protected":false},"author":14,"featured_media":0,"parent":0,"menu_order":0,"comment_status":"closed","ping_status":"closed","template":"","meta":{"_acf_changed":false,"footnotes":""},"class_list":["post-64131","page","type-page","status-publish","hentry"],"acf":[],"yoast_head":"<!-- This site is optimized with the Yoast SEO plugin v27.6 - https:\/\/yoast.com\/product\/yoast-seo-wordpress\/ -->\n<title>Jury &amp; Mod\u00e9ration 2026 - FR Schweizer Jugendfilmtage<\/title>\n<meta name=\"description\" content=\"Jury de la comp\u00e9tition Damien Hauser\u00a0(*2001, Zurich) est un auteur et r\u00e9alisateur helv\u00e9to-kenyan. Il a tourn\u00e9 quatre longs m\u00e9trages qui ont \u00e9t\u00e9 pr\u00e9sent\u00e9s\" \/>\n<meta name=\"robots\" content=\"index, follow, max-snippet:-1, max-image-preview:large, max-video-preview:-1\" \/>\n<link rel=\"canonical\" href=\"https:\/\/jugendfilmtage.ch\/fr\/jury-moderation-2026\/\" \/>\n<meta property=\"og:locale\" content=\"fr_FR\" \/>\n<meta property=\"og:type\" content=\"article\" \/>\n<meta property=\"og:title\" content=\"Jury &amp; Mod\u00e9ration 2026 - FR Schweizer Jugendfilmtage\" \/>\n<meta property=\"og:description\" content=\"Jury de la comp\u00e9tition Damien Hauser\u00a0(*2001, Zurich) est un auteur et r\u00e9alisateur helv\u00e9to-kenyan. Il a tourn\u00e9 quatre longs m\u00e9trages qui ont \u00e9t\u00e9 pr\u00e9sent\u00e9s\" \/>\n<meta property=\"og:url\" content=\"https:\/\/jugendfilmtage.ch\/fr\/jury-moderation-2026\/\" \/>\n<meta property=\"og:site_name\" content=\"FR Schweizer Jugendfilmtage\" \/>\n<meta property=\"article:publisher\" content=\"https:\/\/www.facebook.com\/Jugendfilmtage\" \/>\n<meta property=\"article:modified_time\" content=\"2026-02-04T16:05:50+00:00\" \/>\n<meta property=\"og:image\" content=\"https:\/\/jugendfilmtage.ch\/wp-content\/uploads\/2026\/02\/Damien-Hauser.jpg\" \/>\n\t<meta property=\"og:image:width\" content=\"2048\" \/>\n\t<meta property=\"og:image:height\" content=\"1366\" \/>\n\t<meta property=\"og:image:type\" content=\"image\/jpeg\" \/>\n<meta name=\"twitter:card\" content=\"summary_large_image\" \/>\n<meta name=\"twitter:site\" content=\"@jugendfilmtage\" \/>\n<meta name=\"twitter:label1\" content=\"Dur\u00e9e de lecture estim\u00e9e\" \/>\n\t<meta name=\"twitter:data1\" content=\"4 minutes\" \/>\n<script type=\"application\/ld+json\" class=\"yoast-schema-graph\">{\"@context\":\"https:\\\/\\\/schema.org\",\"@graph\":[{\"@type\":\"WebPage\",\"@id\":\"https:\\\/\\\/jugendfilmtage.ch\\\/fr\\\/jury-moderation-2026\\\/\",\"url\":\"https:\\\/\\\/jugendfilmtage.ch\\\/fr\\\/jury-moderation-2026\\\/\",\"name\":\"Jury &amp; Mod\u00e9ration 2026 - FR Schweizer Jugendfilmtage\",\"isPartOf\":{\"@id\":\"https:\\\/\\\/jugendfilmtage.ch\\\/fr\\\/#website\"},\"primaryImageOfPage\":{\"@id\":\"https:\\\/\\\/jugendfilmtage.ch\\\/fr\\\/jury-moderation-2026\\\/#primaryimage\"},\"image\":{\"@id\":\"https:\\\/\\\/jugendfilmtage.ch\\\/fr\\\/jury-moderation-2026\\\/#primaryimage\"},\"thumbnailUrl\":\"https:\\\/\\\/jugendfilmtage.ch\\\/wp-content\\\/uploads\\\/2026\\\/02\\\/Damien-Hauser.jpg\",\"datePublished\":\"2026-02-04T16:05:18+00:00\",\"dateModified\":\"2026-02-04T16:05:50+00:00\",\"description\":\"Jury de la comp\u00e9tition Damien Hauser\u00a0(*2001, Zurich) est un auteur et r\u00e9alisateur helv\u00e9to-kenyan. Il a tourn\u00e9 quatre longs m\u00e9trages qui ont \u00e9t\u00e9 pr\u00e9sent\u00e9s\",\"inLanguage\":\"fr-FR\",\"potentialAction\":[{\"@type\":\"ReadAction\",\"target\":[\"https:\\\/\\\/jugendfilmtage.ch\\\/fr\\\/jury-moderation-2026\\\/\"]}]},{\"@type\":\"ImageObject\",\"inLanguage\":\"fr-FR\",\"@id\":\"https:\\\/\\\/jugendfilmtage.ch\\\/fr\\\/jury-moderation-2026\\\/#primaryimage\",\"url\":\"https:\\\/\\\/jugendfilmtage.ch\\\/wp-content\\\/uploads\\\/2026\\\/02\\\/Damien-Hauser.jpg\",\"contentUrl\":\"https:\\\/\\\/jugendfilmtage.ch\\\/wp-content\\\/uploads\\\/2026\\\/02\\\/Damien-Hauser.jpg\"},{\"@type\":\"WebSite\",\"@id\":\"https:\\\/\\\/jugendfilmtage.ch\\\/fr\\\/#website\",\"url\":\"https:\\\/\\\/jugendfilmtage.ch\\\/fr\\\/\",\"name\":\"FR Schweizer Jugendfilmtage\",\"description\":\"FR Festival Cin\u00e9 Jeunesse Suisse\",\"potentialAction\":[{\"@type\":\"SearchAction\",\"target\":{\"@type\":\"EntryPoint\",\"urlTemplate\":\"https:\\\/\\\/jugendfilmtage.ch\\\/fr\\\/?s={search_term_string}\"},\"query-input\":{\"@type\":\"PropertyValueSpecification\",\"valueRequired\":true,\"valueName\":\"search_term_string\"}}],\"inLanguage\":\"fr-FR\"}]}<\/script>\n<!-- \/ Yoast SEO plugin. -->","yoast_head_json":{"title":"Jury &amp; Mod\u00e9ration 2026 - FR Schweizer Jugendfilmtage","description":"Jury de la comp\u00e9tition Damien Hauser\u00a0(*2001, Zurich) est un auteur et r\u00e9alisateur helv\u00e9to-kenyan. Il a tourn\u00e9 quatre longs m\u00e9trages qui ont \u00e9t\u00e9 pr\u00e9sent\u00e9s","robots":{"index":"index","follow":"follow","max-snippet":"max-snippet:-1","max-image-preview":"max-image-preview:large","max-video-preview":"max-video-preview:-1"},"canonical":"https:\/\/jugendfilmtage.ch\/fr\/jury-moderation-2026\/","og_locale":"fr_FR","og_type":"article","og_title":"Jury &amp; Mod\u00e9ration 2026 - FR Schweizer Jugendfilmtage","og_description":"Jury de la comp\u00e9tition Damien Hauser\u00a0(*2001, Zurich) est un auteur et r\u00e9alisateur helv\u00e9to-kenyan. Il a tourn\u00e9 quatre longs m\u00e9trages qui ont \u00e9t\u00e9 pr\u00e9sent\u00e9s","og_url":"https:\/\/jugendfilmtage.ch\/fr\/jury-moderation-2026\/","og_site_name":"FR Schweizer Jugendfilmtage","article_publisher":"https:\/\/www.facebook.com\/Jugendfilmtage","article_modified_time":"2026-02-04T16:05:50+00:00","og_image":[{"width":2048,"height":1366,"url":"https:\/\/jugendfilmtage.ch\/wp-content\/uploads\/2026\/02\/Damien-Hauser.jpg","type":"image\/jpeg"}],"twitter_card":"summary_large_image","twitter_site":"@jugendfilmtage","twitter_misc":{"Dur\u00e9e de lecture estim\u00e9e":"4 minutes"},"schema":{"@context":"https:\/\/schema.org","@graph":[{"@type":"WebPage","@id":"https:\/\/jugendfilmtage.ch\/fr\/jury-moderation-2026\/","url":"https:\/\/jugendfilmtage.ch\/fr\/jury-moderation-2026\/","name":"Jury &amp; Mod\u00e9ration 2026 - FR Schweizer Jugendfilmtage","isPartOf":{"@id":"https:\/\/jugendfilmtage.ch\/fr\/#website"},"primaryImageOfPage":{"@id":"https:\/\/jugendfilmtage.ch\/fr\/jury-moderation-2026\/#primaryimage"},"image":{"@id":"https:\/\/jugendfilmtage.ch\/fr\/jury-moderation-2026\/#primaryimage"},"thumbnailUrl":"https:\/\/jugendfilmtage.ch\/wp-content\/uploads\/2026\/02\/Damien-Hauser.jpg","datePublished":"2026-02-04T16:05:18+00:00","dateModified":"2026-02-04T16:05:50+00:00","description":"Jury de la comp\u00e9tition Damien Hauser\u00a0(*2001, Zurich) est un auteur et r\u00e9alisateur helv\u00e9to-kenyan. Il a tourn\u00e9 quatre longs m\u00e9trages qui ont \u00e9t\u00e9 pr\u00e9sent\u00e9s","inLanguage":"fr-FR","potentialAction":[{"@type":"ReadAction","target":["https:\/\/jugendfilmtage.ch\/fr\/jury-moderation-2026\/"]}]},{"@type":"ImageObject","inLanguage":"fr-FR","@id":"https:\/\/jugendfilmtage.ch\/fr\/jury-moderation-2026\/#primaryimage","url":"https:\/\/jugendfilmtage.ch\/wp-content\/uploads\/2026\/02\/Damien-Hauser.jpg","contentUrl":"https:\/\/jugendfilmtage.ch\/wp-content\/uploads\/2026\/02\/Damien-Hauser.jpg"},{"@type":"WebSite","@id":"https:\/\/jugendfilmtage.ch\/fr\/#website","url":"https:\/\/jugendfilmtage.ch\/fr\/","name":"FR Schweizer Jugendfilmtage","description":"FR Festival Cin\u00e9 Jeunesse Suisse","potentialAction":[{"@type":"SearchAction","target":{"@type":"EntryPoint","urlTemplate":"https:\/\/jugendfilmtage.ch\/fr\/?s={search_term_string}"},"query-input":{"@type":"PropertyValueSpecification","valueRequired":true,"valueName":"search_term_string"}}],"inLanguage":"fr-FR"}]}},"_links":{"self":[{"href":"https:\/\/jugendfilmtage.ch\/fr\/wp-json\/wp\/v2\/pages\/64131","targetHints":{"allow":["GET"]}}],"collection":[{"href":"https:\/\/jugendfilmtage.ch\/fr\/wp-json\/wp\/v2\/pages"}],"about":[{"href":"https:\/\/jugendfilmtage.ch\/fr\/wp-json\/wp\/v2\/types\/page"}],"author":[{"embeddable":true,"href":"https:\/\/jugendfilmtage.ch\/fr\/wp-json\/wp\/v2\/users\/14"}],"replies":[{"embeddable":true,"href":"https:\/\/jugendfilmtage.ch\/fr\/wp-json\/wp\/v2\/comments?post=64131"}],"version-history":[{"count":1,"href":"https:\/\/jugendfilmtage.ch\/fr\/wp-json\/wp\/v2\/pages\/64131\/revisions"}],"predecessor-version":[{"id":64136,"href":"https:\/\/jugendfilmtage.ch\/fr\/wp-json\/wp\/v2\/pages\/64131\/revisions\/64136"}],"wp:attachment":[{"href":"https:\/\/jugendfilmtage.ch\/fr\/wp-json\/wp\/v2\/media?parent=64131"}],"curies":[{"name":"wp","href":"https:\/\/api.w.org\/{rel}","templated":true}]}}