{"id":5870,"date":"2016-12-19T12:59:15","date_gmt":"2016-12-19T12:59:15","guid":{"rendered":"http:\/\/17.jugendfilmtage.ch\/fr\/?page_id=5870"},"modified":"2024-10-15T17:42:06","modified_gmt":"2024-10-15T15:42:06","slug":"reseau","status":"publish","type":"page","link":"https:\/\/jugendfilmtage.ch\/fr\/a-propos-de-nous\/reseau\/","title":{"rendered":"R\u00e9seau"},"content":{"rendered":"\n<figure class=\"wp-block-image size-full\"><img loading=\"lazy\" decoding=\"async\" width=\"2560\" height=\"1707\" src=\"https:\/\/jugendfilmtage.ch\/wp-content\/uploads\/2024\/06\/IMG_1552-scaled.jpg\" alt=\"Festival Cin\u00e9 Jeunesse Suisse\" class=\"wp-image-26316\" srcset=\"https:\/\/jugendfilmtage.ch\/wp-content\/uploads\/2024\/06\/IMG_1552-scaled.jpg 2560w, https:\/\/jugendfilmtage.ch\/wp-content\/uploads\/2024\/06\/IMG_1552-300x200.jpg 300w, https:\/\/jugendfilmtage.ch\/wp-content\/uploads\/2024\/06\/IMG_1552-880x587.jpg 880w, https:\/\/jugendfilmtage.ch\/wp-content\/uploads\/2024\/06\/IMG_1552-280x186.jpg 280w, https:\/\/jugendfilmtage.ch\/wp-content\/uploads\/2024\/06\/IMG_1552-768x512.jpg 768w, https:\/\/jugendfilmtage.ch\/wp-content\/uploads\/2024\/06\/IMG_1552-1536x1024.jpg 1536w, https:\/\/jugendfilmtage.ch\/wp-content\/uploads\/2024\/06\/IMG_1552-2048x1365.jpg 2048w\" sizes=\"auto, (max-width: 2560px) 100vw, 2560px\" \/><\/figure>\n\n\n\n<h1 class=\"wp-block-heading\">R\u00e9seau<\/h1>\n\n\n\n<p>Le Festival Cin\u00e9 Jeunesse b\u00e9n\u00e9ficie d\u2019un large r\u00e9seau \u2013 dans les domaines de la culture, de la formation et du soutien cin\u00e9matographiques.<\/p>\n\n\n\n<h3 class=\"wp-block-heading\">Cineducation<\/h3>\n\n\n\n<p>L\u2019association cindeducation.ch r\u00e9unit des institutions actives dans le domaine de l\u2019\u00e9ducation de l\u2019image et de la m\u00e9diation cin\u00e9matographique, soutenant une approche cr\u00e9ative et analytique du film en tant que m\u00e9dia aupr\u00e8s des enfants, des adolescents et des adultes. Le Festival Cin\u00e9 Jeunesse est un membre fondateur de Cineducation.<\/p>\n\n\n\n<p><a href=\"https:\/\/www.cineducation.ch\/\" target=\"_blank\" rel=\"noreferrer noopener\">www.cineducation.ch<\/a><\/p>\n\n\n\n<h3 class=\"wp-block-heading\">Cin\u00e9libre<\/h3>\n\n\n\n<p>Le Festival Cin\u00e9 Jeunesse est membre de Cinelibre, Association suisse des cin\u00e9-clubs et des cin\u00e9mas \u00e0 but non lucratif.<\/p>\n\n\n\n<p><a href=\"https:\/\/www.cinelibre.ch\/\" target=\"_blank\" rel=\"noreferrer noopener\">www.cinelibre.ch<\/a><\/p>\n\n\n\n<h3 class=\"wp-block-heading\">Conf\u00e9rence des festivals<\/h3>\n\n\n\n<p>Le Festival Cin\u00e9 Jeunesse fait partie de la Conf\u00e9rence des festivals, l\u2019association des plus importants festivals de cin\u00e9ma de Suisse. L\u2019association est n\u00e9e de la conviction commune que les festivals de cin\u00e9ma contribuent de mani\u00e8re d\u00e9cisive \u00e0 la culture cin\u00e9matographique suisse. La Conf\u00e9rence des festivals se propose de d\u00e9fendre les int\u00e9r\u00eats communs de ses membres au sein de la population. Elle a aussi pour but de renforcer la collaboration entre les festivals au niveau op\u00e9rationnel, technique et politique.<\/p>\n\n\n\n<h3 class=\"wp-block-heading\">Youth Cinema Network<\/h3>\n\n\n\n<p>Le Festival Cin\u00e9 Jeunesse Suisse fait partie du Youth Cinema Network, un r\u00e9seau international de festivals de films pour jeunes, d&rsquo;organisations et de p\u00e9dagogues du cin\u00e9ma et des m\u00e9dias*. La valeur commune la plus importante est l&rsquo;exigence de s&rsquo;engager pour les jeunes et leur place dans le monde du cin\u00e9ma. L&rsquo;organisation, tout comme notre festival, se concentre \u00e9galement sur la culture et l&rsquo;\u00e9ducation. Gr\u00e2ce \u00e0 cette collaboration, le Festival Cin\u00e9 Jeunesse Suisse peut offrir aux enfants et aux jeunes la possibilit\u00e9 de se mettre en r\u00e9seau au niveau international. YCN f\u00eate actuellement son dixi\u00e8me anniversaire avec une publication :<a href=\"https:\/\/www.youthcinemanetwork.org\/news\/happy-birthday-ycn-10-years-in-one-book\"> ici pour le livre<\/a>.<\/p>\n\n\n\n<p>La Youth Cinema Network Conference a \u00e9galement eu lieu dans le cadre du 47e Festival Cin\u00e9 Jeunesse Suisse : Tu trouveras ici de plus amples informations et le rapport final.<\/p>\n\n\n\n<p><a href=\"http:\/\/youthcinemanetwork.org\">www.youthcinemanetwork.org<\/a><\/p>\n\n\n\n<p><\/p>\n\n\n\n<h3 class=\"wp-block-heading\">Festivals partenaires<\/h3>\n\n\n\n<p>Voici nos partenaires dans le domaine des festivals de films de jeunes:<\/p>\n\n\n\n<p><a href=\"http:\/\/www.castellinaria.ch\/\" target=\"_blank\" rel=\"noopener\">Castellinaria<\/a><\/p>\n\n\n\n<p><a href=\"http:\/\/www.festivalcinemajeunepublic.ch\/\" target=\"_blank\" rel=\"noopener\">Festival Cin\u00e9ma Jeune Public<\/a><\/p>\n\n\n\n<p><a href=\"https:\/\/www.baselfilmfestival.ch\" target=\"_blank\" rel=\"noopener\">G\u00e4ssli Film Festival<\/a><\/p>\n\n\n\n<p><a href=\"https:\/\/www.movieday.ch\/\" target=\"_blank\" rel=\"noopener\">Movie Day<\/a><\/p>\n\n\n\n<p><a href=\"http:\/\/www.upcoming-filmmakers.ch\/\" target=\"_blank\" rel=\"noopener\">Upcoming Film Makers<\/a><\/p>\n\n\n\n<p><a href=\"http:\/\/www.zoomz.ch\/\" target=\"_blank\" rel=\"noopener\">Zoomz<\/a><\/p>\n\n\n\n<p><a href=\"http:\/\/www.zugerfilmtage.ch\/\" target=\"_blank\" rel=\"noopener\">Zuger Filmtage<\/a><\/p>\n","protected":false},"excerpt":{"rendered":"<p>R\u00e9seau Le Festival Cin\u00e9 Jeunesse b\u00e9n\u00e9ficie d\u2019un large r\u00e9seau \u2013 dans les domaines de la culture, de la formation et du soutien cin\u00e9matographiques. Cineducation L\u2019association cindeducation.ch r\u00e9unit des institutions actives dans le domaine de l\u2019\u00e9ducation de l\u2019image et de la m\u00e9diation cin\u00e9matographique, soutenant une approche cr\u00e9ative et analytique du film en tant que m\u00e9dia aupr\u00e8s [&hellip;]<\/p>\n","protected":false},"author":10,"featured_media":0,"parent":5863,"menu_order":1,"comment_status":"closed","ping_status":"closed","template":"","meta":{"_acf_changed":false,"footnotes":""},"class_list":["post-5870","page","type-page","status-publish","hentry"],"acf":[],"yoast_head":"<!-- This site is optimized with the Yoast SEO plugin v27.4 - https:\/\/yoast.com\/product\/yoast-seo-wordpress\/ -->\n<title>R\u00e9seau - FR Schweizer Jugendfilmtage<\/title>\n<meta name=\"description\" content=\"Le Festival Cin\u00e9 Jeunesse b\u00e9n\u00e9ficie d\u2019un large r\u00e9seau \u2013 dans les domaines de la culture, de la formation et du soutien cin\u00e9matographiques.\" \/>\n<meta name=\"robots\" content=\"index, follow, max-snippet:-1, max-image-preview:large, max-video-preview:-1\" \/>\n<link rel=\"canonical\" href=\"https:\/\/jugendfilmtage.ch\/fr\/a-propos-de-nous\/reseau\/\" \/>\n<meta property=\"og:locale\" content=\"fr_FR\" \/>\n<meta property=\"og:type\" content=\"article\" \/>\n<meta property=\"og:title\" content=\"R\u00e9seau - FR Schweizer Jugendfilmtage\" \/>\n<meta property=\"og:description\" content=\"Le Festival Cin\u00e9 Jeunesse b\u00e9n\u00e9ficie d\u2019un large r\u00e9seau \u2013 dans les domaines de la culture, de la formation et du soutien cin\u00e9matographiques.\" \/>\n<meta property=\"og:url\" content=\"https:\/\/jugendfilmtage.ch\/fr\/a-propos-de-nous\/reseau\/\" \/>\n<meta property=\"og:site_name\" content=\"FR Schweizer Jugendfilmtage\" \/>\n<meta property=\"article:publisher\" content=\"https:\/\/www.facebook.com\/Jugendfilmtage\" \/>\n<meta property=\"article:modified_time\" content=\"2024-10-15T15:42:06+00:00\" \/>\n<meta property=\"og:image\" content=\"https:\/\/jugendfilmtage.ch\/wp-content\/uploads\/2024\/06\/IMG_1552-scaled.jpg\" \/>\n\t<meta property=\"og:image:width\" content=\"2560\" \/>\n\t<meta property=\"og:image:height\" content=\"1707\" \/>\n\t<meta property=\"og:image:type\" content=\"image\/jpeg\" \/>\n<meta name=\"twitter:card\" content=\"summary_large_image\" \/>\n<meta name=\"twitter:site\" content=\"@jugendfilmtage\" \/>\n<meta name=\"twitter:label1\" content=\"Dur\u00e9e de lecture estim\u00e9e\" \/>\n\t<meta name=\"twitter:data1\" content=\"3 minutes\" \/>\n<script type=\"application\/ld+json\" class=\"yoast-schema-graph\">{\"@context\":\"https:\\\/\\\/schema.org\",\"@graph\":[{\"@type\":\"WebPage\",\"@id\":\"https:\\\/\\\/jugendfilmtage.ch\\\/fr\\\/a-propos-de-nous\\\/reseau\\\/\",\"url\":\"https:\\\/\\\/jugendfilmtage.ch\\\/fr\\\/a-propos-de-nous\\\/reseau\\\/\",\"name\":\"R\u00e9seau - FR Schweizer Jugendfilmtage\",\"isPartOf\":{\"@id\":\"https:\\\/\\\/jugendfilmtage.ch\\\/fr\\\/#website\"},\"primaryImageOfPage\":{\"@id\":\"https:\\\/\\\/jugendfilmtage.ch\\\/fr\\\/a-propos-de-nous\\\/reseau\\\/#primaryimage\"},\"image\":{\"@id\":\"https:\\\/\\\/jugendfilmtage.ch\\\/fr\\\/a-propos-de-nous\\\/reseau\\\/#primaryimage\"},\"thumbnailUrl\":\"https:\\\/\\\/jugendfilmtage.ch\\\/wp-content\\\/uploads\\\/2024\\\/06\\\/IMG_1552-scaled.jpg\",\"datePublished\":\"2016-12-19T12:59:15+00:00\",\"dateModified\":\"2024-10-15T15:42:06+00:00\",\"description\":\"Le Festival Cin\u00e9 Jeunesse b\u00e9n\u00e9ficie d\u2019un large r\u00e9seau \u2013 dans les domaines de la culture, de la formation et du soutien cin\u00e9matographiques.\",\"breadcrumb\":{\"@id\":\"https:\\\/\\\/jugendfilmtage.ch\\\/fr\\\/a-propos-de-nous\\\/reseau\\\/#breadcrumb\"},\"inLanguage\":\"fr-FR\",\"potentialAction\":[{\"@type\":\"ReadAction\",\"target\":[\"https:\\\/\\\/jugendfilmtage.ch\\\/fr\\\/a-propos-de-nous\\\/reseau\\\/\"]}]},{\"@type\":\"ImageObject\",\"inLanguage\":\"fr-FR\",\"@id\":\"https:\\\/\\\/jugendfilmtage.ch\\\/fr\\\/a-propos-de-nous\\\/reseau\\\/#primaryimage\",\"url\":\"https:\\\/\\\/jugendfilmtage.ch\\\/wp-content\\\/uploads\\\/2024\\\/06\\\/IMG_1552-scaled.jpg\",\"contentUrl\":\"https:\\\/\\\/jugendfilmtage.ch\\\/wp-content\\\/uploads\\\/2024\\\/06\\\/IMG_1552-scaled.jpg\"},{\"@type\":\"BreadcrumbList\",\"@id\":\"https:\\\/\\\/jugendfilmtage.ch\\\/fr\\\/a-propos-de-nous\\\/reseau\\\/#breadcrumb\",\"itemListElement\":[{\"@type\":\"ListItem\",\"position\":1,\"name\":\"\u00c0 propos\",\"item\":\"https:\\\/\\\/jugendfilmtage.ch\\\/fr\\\/a-propos-de-nous\\\/\"},{\"@type\":\"ListItem\",\"position\":2,\"name\":\"R\u00e9seau\"}]},{\"@type\":\"WebSite\",\"@id\":\"https:\\\/\\\/jugendfilmtage.ch\\\/fr\\\/#website\",\"url\":\"https:\\\/\\\/jugendfilmtage.ch\\\/fr\\\/\",\"name\":\"FR Schweizer Jugendfilmtage\",\"description\":\"FR Festival Cin\u00e9 Jeunesse Suisse\",\"potentialAction\":[{\"@type\":\"SearchAction\",\"target\":{\"@type\":\"EntryPoint\",\"urlTemplate\":\"https:\\\/\\\/jugendfilmtage.ch\\\/fr\\\/?s={search_term_string}\"},\"query-input\":{\"@type\":\"PropertyValueSpecification\",\"valueRequired\":true,\"valueName\":\"search_term_string\"}}],\"inLanguage\":\"fr-FR\"}]}<\/script>\n<!-- \/ Yoast SEO plugin. -->","yoast_head_json":{"title":"R\u00e9seau - FR Schweizer Jugendfilmtage","description":"Le Festival Cin\u00e9 Jeunesse b\u00e9n\u00e9ficie d\u2019un large r\u00e9seau \u2013 dans les domaines de la culture, de la formation et du soutien cin\u00e9matographiques.","robots":{"index":"index","follow":"follow","max-snippet":"max-snippet:-1","max-image-preview":"max-image-preview:large","max-video-preview":"max-video-preview:-1"},"canonical":"https:\/\/jugendfilmtage.ch\/fr\/a-propos-de-nous\/reseau\/","og_locale":"fr_FR","og_type":"article","og_title":"R\u00e9seau - FR Schweizer Jugendfilmtage","og_description":"Le Festival Cin\u00e9 Jeunesse b\u00e9n\u00e9ficie d\u2019un large r\u00e9seau \u2013 dans les domaines de la culture, de la formation et du soutien cin\u00e9matographiques.","og_url":"https:\/\/jugendfilmtage.ch\/fr\/a-propos-de-nous\/reseau\/","og_site_name":"FR Schweizer Jugendfilmtage","article_publisher":"https:\/\/www.facebook.com\/Jugendfilmtage","article_modified_time":"2024-10-15T15:42:06+00:00","og_image":[{"width":2560,"height":1707,"url":"https:\/\/jugendfilmtage.ch\/wp-content\/uploads\/2024\/06\/IMG_1552-scaled.jpg","type":"image\/jpeg"}],"twitter_card":"summary_large_image","twitter_site":"@jugendfilmtage","twitter_misc":{"Dur\u00e9e de lecture estim\u00e9e":"3 minutes"},"schema":{"@context":"https:\/\/schema.org","@graph":[{"@type":"WebPage","@id":"https:\/\/jugendfilmtage.ch\/fr\/a-propos-de-nous\/reseau\/","url":"https:\/\/jugendfilmtage.ch\/fr\/a-propos-de-nous\/reseau\/","name":"R\u00e9seau - FR Schweizer Jugendfilmtage","isPartOf":{"@id":"https:\/\/jugendfilmtage.ch\/fr\/#website"},"primaryImageOfPage":{"@id":"https:\/\/jugendfilmtage.ch\/fr\/a-propos-de-nous\/reseau\/#primaryimage"},"image":{"@id":"https:\/\/jugendfilmtage.ch\/fr\/a-propos-de-nous\/reseau\/#primaryimage"},"thumbnailUrl":"https:\/\/jugendfilmtage.ch\/wp-content\/uploads\/2024\/06\/IMG_1552-scaled.jpg","datePublished":"2016-12-19T12:59:15+00:00","dateModified":"2024-10-15T15:42:06+00:00","description":"Le Festival Cin\u00e9 Jeunesse b\u00e9n\u00e9ficie d\u2019un large r\u00e9seau \u2013 dans les domaines de la culture, de la formation et du soutien cin\u00e9matographiques.","breadcrumb":{"@id":"https:\/\/jugendfilmtage.ch\/fr\/a-propos-de-nous\/reseau\/#breadcrumb"},"inLanguage":"fr-FR","potentialAction":[{"@type":"ReadAction","target":["https:\/\/jugendfilmtage.ch\/fr\/a-propos-de-nous\/reseau\/"]}]},{"@type":"ImageObject","inLanguage":"fr-FR","@id":"https:\/\/jugendfilmtage.ch\/fr\/a-propos-de-nous\/reseau\/#primaryimage","url":"https:\/\/jugendfilmtage.ch\/wp-content\/uploads\/2024\/06\/IMG_1552-scaled.jpg","contentUrl":"https:\/\/jugendfilmtage.ch\/wp-content\/uploads\/2024\/06\/IMG_1552-scaled.jpg"},{"@type":"BreadcrumbList","@id":"https:\/\/jugendfilmtage.ch\/fr\/a-propos-de-nous\/reseau\/#breadcrumb","itemListElement":[{"@type":"ListItem","position":1,"name":"\u00c0 propos","item":"https:\/\/jugendfilmtage.ch\/fr\/a-propos-de-nous\/"},{"@type":"ListItem","position":2,"name":"R\u00e9seau"}]},{"@type":"WebSite","@id":"https:\/\/jugendfilmtage.ch\/fr\/#website","url":"https:\/\/jugendfilmtage.ch\/fr\/","name":"FR Schweizer Jugendfilmtage","description":"FR Festival Cin\u00e9 Jeunesse Suisse","potentialAction":[{"@type":"SearchAction","target":{"@type":"EntryPoint","urlTemplate":"https:\/\/jugendfilmtage.ch\/fr\/?s={search_term_string}"},"query-input":{"@type":"PropertyValueSpecification","valueRequired":true,"valueName":"search_term_string"}}],"inLanguage":"fr-FR"}]}},"_links":{"self":[{"href":"https:\/\/jugendfilmtage.ch\/fr\/wp-json\/wp\/v2\/pages\/5870","targetHints":{"allow":["GET"]}}],"collection":[{"href":"https:\/\/jugendfilmtage.ch\/fr\/wp-json\/wp\/v2\/pages"}],"about":[{"href":"https:\/\/jugendfilmtage.ch\/fr\/wp-json\/wp\/v2\/types\/page"}],"author":[{"embeddable":true,"href":"https:\/\/jugendfilmtage.ch\/fr\/wp-json\/wp\/v2\/users\/10"}],"replies":[{"embeddable":true,"href":"https:\/\/jugendfilmtage.ch\/fr\/wp-json\/wp\/v2\/comments?post=5870"}],"version-history":[{"count":12,"href":"https:\/\/jugendfilmtage.ch\/fr\/wp-json\/wp\/v2\/pages\/5870\/revisions"}],"predecessor-version":[{"id":27519,"href":"https:\/\/jugendfilmtage.ch\/fr\/wp-json\/wp\/v2\/pages\/5870\/revisions\/27519"}],"up":[{"embeddable":true,"href":"https:\/\/jugendfilmtage.ch\/fr\/wp-json\/wp\/v2\/pages\/5863"}],"wp:attachment":[{"href":"https:\/\/jugendfilmtage.ch\/fr\/wp-json\/wp\/v2\/media?parent=5870"}],"curies":[{"name":"wp","href":"https:\/\/api.w.org\/{rel}","templated":true}]}}