{"id":5868,"date":"2016-12-19T12:56:23","date_gmt":"2016-12-19T12:56:23","guid":{"rendered":"http:\/\/17.jugendfilmtage.ch\/fr\/?page_id=5868"},"modified":"2024-01-26T21:16:36","modified_gmt":"2024-01-26T20:16:36","slug":"comite-de-patronage","status":"publish","type":"page","link":"https:\/\/jugendfilmtage.ch\/fr\/a-propos-de-nous\/comite-de-patronage\/","title":{"rendered":"Comit\u00e9 de patronage"},"content":{"rendered":"\n<h1 class=\"wp-block-heading\">Comit\u00e9 de patronage<\/h1>\n\n\n\n<ul class=\"wp-block-list\">\n<li><strong>Corine Mauch<\/strong><br>pr\u00e9sidente de la ville de Zurich<\/li>\n\n\n\n<li><strong>Jacqueline Fehr<\/strong><br>conseill\u00e8re d\u2019\u00c9tat canton de Zurich et vice-pr\u00e9sidente PS<\/li>\n\n\n\n<li><strong>Manuele Bertoli<\/strong><br>conseiller d\u2019\u00c9tat, directeur de l\u2019instruction publique canton du Tessin<\/li>\n\n\n\n<li><strong>Jean Perret<\/strong><br>directeur D\u00e9partement film \/ cin\u00e9ma du r\u00e9el, HEAD Genf<\/li>\n\n\n\n<li><strong>Sven Wa\u0308lti<\/strong><br>directeur du D\u00e9partement film SSR et de l\u2019accord-cadre \u00abPacte de l\u2019audiovisuel\u00bb<\/li>\n\n\n\n<li><strong>Prof. Margrit Tr\u00f6hler<\/strong><br>professeur \u00e0 l\u2019Institut de filmographie, Universit\u00e9 de Zurich<\/li>\n\n\n\n<li><strong>Christoph Schaub<\/strong><br>r\u00e9alisateur, laur\u00e9at du 2<sup>e<\/sup> Festival Cin\u00e9 Jeunesse 1977<\/li>\n\n\n\n<li><strong>Ursula Meier<\/strong><br>r\u00e9alisatrice<\/li>\n\n\n\n<li><strong>Beat Schlatter<\/strong><br>chansonnier et acteur<\/li>\n<\/ul>\n","protected":false},"excerpt":{"rendered":"<p>Comit\u00e9 de patronage<\/p>\n","protected":false},"author":2,"featured_media":0,"parent":5863,"menu_order":4,"comment_status":"closed","ping_status":"closed","template":"","meta":{"_acf_changed":false,"footnotes":""},"class_list":["post-5868","page","type-page","status-publish","hentry"],"acf":[],"yoast_head":"<!-- This site is optimized with the Yoast SEO plugin v27.4 - https:\/\/yoast.com\/product\/yoast-seo-wordpress\/ -->\n<title>Comit\u00e9 de patronage - FR Schweizer Jugendfilmtage<\/title>\n<meta name=\"description\" content=\"Comit\u00e9 de patronage Corine Mauchpr\u00e9sidente de la ville de Zurich Jacqueline Fehrconseill\u00e8re d\u2019\u00c9tat canton de Zurich et vice-pr\u00e9sidente PS Manuele\" \/>\n<meta name=\"robots\" content=\"index, follow, max-snippet:-1, max-image-preview:large, max-video-preview:-1\" \/>\n<link rel=\"canonical\" href=\"https:\/\/jugendfilmtage.ch\/fr\/a-propos-de-nous\/comite-de-patronage\/\" \/>\n<meta property=\"og:locale\" content=\"fr_FR\" \/>\n<meta property=\"og:type\" content=\"article\" \/>\n<meta property=\"og:title\" content=\"Comit\u00e9 de patronage - FR Schweizer Jugendfilmtage\" \/>\n<meta property=\"og:description\" content=\"Comit\u00e9 de patronage Corine Mauchpr\u00e9sidente de la ville de Zurich Jacqueline Fehrconseill\u00e8re d\u2019\u00c9tat canton de Zurich et vice-pr\u00e9sidente PS Manuele\" \/>\n<meta property=\"og:url\" content=\"https:\/\/jugendfilmtage.ch\/fr\/a-propos-de-nous\/comite-de-patronage\/\" \/>\n<meta property=\"og:site_name\" content=\"FR Schweizer Jugendfilmtage\" \/>\n<meta property=\"article:publisher\" content=\"https:\/\/www.facebook.com\/Jugendfilmtage\" \/>\n<meta property=\"article:modified_time\" content=\"2024-01-26T20:16:36+00:00\" \/>\n<meta name=\"twitter:card\" content=\"summary_large_image\" \/>\n<meta name=\"twitter:site\" content=\"@jugendfilmtage\" \/>\n<meta name=\"twitter:label1\" content=\"Dur\u00e9e de lecture estim\u00e9e\" \/>\n\t<meta name=\"twitter:data1\" content=\"1 minute\" \/>\n<script type=\"application\/ld+json\" class=\"yoast-schema-graph\">{\"@context\":\"https:\\\/\\\/schema.org\",\"@graph\":[{\"@type\":\"WebPage\",\"@id\":\"https:\\\/\\\/jugendfilmtage.ch\\\/fr\\\/a-propos-de-nous\\\/comite-de-patronage\\\/\",\"url\":\"https:\\\/\\\/jugendfilmtage.ch\\\/fr\\\/a-propos-de-nous\\\/comite-de-patronage\\\/\",\"name\":\"Comit\u00e9 de patronage - FR Schweizer Jugendfilmtage\",\"isPartOf\":{\"@id\":\"https:\\\/\\\/jugendfilmtage.ch\\\/fr\\\/#website\"},\"datePublished\":\"2016-12-19T12:56:23+00:00\",\"dateModified\":\"2024-01-26T20:16:36+00:00\",\"description\":\"Comit\u00e9 de patronage Corine Mauchpr\u00e9sidente de la ville de Zurich Jacqueline Fehrconseill\u00e8re d\u2019\u00c9tat canton de Zurich et vice-pr\u00e9sidente PS Manuele\",\"breadcrumb\":{\"@id\":\"https:\\\/\\\/jugendfilmtage.ch\\\/fr\\\/a-propos-de-nous\\\/comite-de-patronage\\\/#breadcrumb\"},\"inLanguage\":\"fr-FR\",\"potentialAction\":[{\"@type\":\"ReadAction\",\"target\":[\"https:\\\/\\\/jugendfilmtage.ch\\\/fr\\\/a-propos-de-nous\\\/comite-de-patronage\\\/\"]}]},{\"@type\":\"BreadcrumbList\",\"@id\":\"https:\\\/\\\/jugendfilmtage.ch\\\/fr\\\/a-propos-de-nous\\\/comite-de-patronage\\\/#breadcrumb\",\"itemListElement\":[{\"@type\":\"ListItem\",\"position\":1,\"name\":\"\u00c0 propos\",\"item\":\"https:\\\/\\\/jugendfilmtage.ch\\\/fr\\\/a-propos-de-nous\\\/\"},{\"@type\":\"ListItem\",\"position\":2,\"name\":\"Comit\u00e9 de patronage\"}]},{\"@type\":\"WebSite\",\"@id\":\"https:\\\/\\\/jugendfilmtage.ch\\\/fr\\\/#website\",\"url\":\"https:\\\/\\\/jugendfilmtage.ch\\\/fr\\\/\",\"name\":\"FR Schweizer Jugendfilmtage\",\"description\":\"FR Festival Cin\u00e9 Jeunesse Suisse\",\"potentialAction\":[{\"@type\":\"SearchAction\",\"target\":{\"@type\":\"EntryPoint\",\"urlTemplate\":\"https:\\\/\\\/jugendfilmtage.ch\\\/fr\\\/?s={search_term_string}\"},\"query-input\":{\"@type\":\"PropertyValueSpecification\",\"valueRequired\":true,\"valueName\":\"search_term_string\"}}],\"inLanguage\":\"fr-FR\"}]}<\/script>\n<!-- \/ Yoast SEO plugin. -->","yoast_head_json":{"title":"Comit\u00e9 de patronage - FR Schweizer Jugendfilmtage","description":"Comit\u00e9 de patronage Corine Mauchpr\u00e9sidente de la ville de Zurich Jacqueline Fehrconseill\u00e8re d\u2019\u00c9tat canton de Zurich et vice-pr\u00e9sidente PS Manuele","robots":{"index":"index","follow":"follow","max-snippet":"max-snippet:-1","max-image-preview":"max-image-preview:large","max-video-preview":"max-video-preview:-1"},"canonical":"https:\/\/jugendfilmtage.ch\/fr\/a-propos-de-nous\/comite-de-patronage\/","og_locale":"fr_FR","og_type":"article","og_title":"Comit\u00e9 de patronage - FR Schweizer Jugendfilmtage","og_description":"Comit\u00e9 de patronage Corine Mauchpr\u00e9sidente de la ville de Zurich Jacqueline Fehrconseill\u00e8re d\u2019\u00c9tat canton de Zurich et vice-pr\u00e9sidente PS Manuele","og_url":"https:\/\/jugendfilmtage.ch\/fr\/a-propos-de-nous\/comite-de-patronage\/","og_site_name":"FR Schweizer Jugendfilmtage","article_publisher":"https:\/\/www.facebook.com\/Jugendfilmtage","article_modified_time":"2024-01-26T20:16:36+00:00","twitter_card":"summary_large_image","twitter_site":"@jugendfilmtage","twitter_misc":{"Dur\u00e9e de lecture estim\u00e9e":"1 minute"},"schema":{"@context":"https:\/\/schema.org","@graph":[{"@type":"WebPage","@id":"https:\/\/jugendfilmtage.ch\/fr\/a-propos-de-nous\/comite-de-patronage\/","url":"https:\/\/jugendfilmtage.ch\/fr\/a-propos-de-nous\/comite-de-patronage\/","name":"Comit\u00e9 de patronage - FR Schweizer Jugendfilmtage","isPartOf":{"@id":"https:\/\/jugendfilmtage.ch\/fr\/#website"},"datePublished":"2016-12-19T12:56:23+00:00","dateModified":"2024-01-26T20:16:36+00:00","description":"Comit\u00e9 de patronage Corine Mauchpr\u00e9sidente de la ville de Zurich Jacqueline Fehrconseill\u00e8re d\u2019\u00c9tat canton de Zurich et vice-pr\u00e9sidente PS Manuele","breadcrumb":{"@id":"https:\/\/jugendfilmtage.ch\/fr\/a-propos-de-nous\/comite-de-patronage\/#breadcrumb"},"inLanguage":"fr-FR","potentialAction":[{"@type":"ReadAction","target":["https:\/\/jugendfilmtage.ch\/fr\/a-propos-de-nous\/comite-de-patronage\/"]}]},{"@type":"BreadcrumbList","@id":"https:\/\/jugendfilmtage.ch\/fr\/a-propos-de-nous\/comite-de-patronage\/#breadcrumb","itemListElement":[{"@type":"ListItem","position":1,"name":"\u00c0 propos","item":"https:\/\/jugendfilmtage.ch\/fr\/a-propos-de-nous\/"},{"@type":"ListItem","position":2,"name":"Comit\u00e9 de patronage"}]},{"@type":"WebSite","@id":"https:\/\/jugendfilmtage.ch\/fr\/#website","url":"https:\/\/jugendfilmtage.ch\/fr\/","name":"FR Schweizer Jugendfilmtage","description":"FR Festival Cin\u00e9 Jeunesse Suisse","potentialAction":[{"@type":"SearchAction","target":{"@type":"EntryPoint","urlTemplate":"https:\/\/jugendfilmtage.ch\/fr\/?s={search_term_string}"},"query-input":{"@type":"PropertyValueSpecification","valueRequired":true,"valueName":"search_term_string"}}],"inLanguage":"fr-FR"}]}},"_links":{"self":[{"href":"https:\/\/jugendfilmtage.ch\/fr\/wp-json\/wp\/v2\/pages\/5868","targetHints":{"allow":["GET"]}}],"collection":[{"href":"https:\/\/jugendfilmtage.ch\/fr\/wp-json\/wp\/v2\/pages"}],"about":[{"href":"https:\/\/jugendfilmtage.ch\/fr\/wp-json\/wp\/v2\/types\/page"}],"author":[{"embeddable":true,"href":"https:\/\/jugendfilmtage.ch\/fr\/wp-json\/wp\/v2\/users\/2"}],"replies":[{"embeddable":true,"href":"https:\/\/jugendfilmtage.ch\/fr\/wp-json\/wp\/v2\/comments?post=5868"}],"version-history":[{"count":4,"href":"https:\/\/jugendfilmtage.ch\/fr\/wp-json\/wp\/v2\/pages\/5868\/revisions"}],"predecessor-version":[{"id":22328,"href":"https:\/\/jugendfilmtage.ch\/fr\/wp-json\/wp\/v2\/pages\/5868\/revisions\/22328"}],"up":[{"embeddable":true,"href":"https:\/\/jugendfilmtage.ch\/fr\/wp-json\/wp\/v2\/pages\/5863"}],"wp:attachment":[{"href":"https:\/\/jugendfilmtage.ch\/fr\/wp-json\/wp\/v2\/media?parent=5868"}],"curies":[{"name":"wp","href":"https:\/\/api.w.org\/{rel}","templated":true}]}}