{"id":5866,"date":"2016-12-19T12:55:05","date_gmt":"2016-12-19T12:55:05","guid":{"rendered":"http:\/\/17.jugendfilmtage.ch\/fr\/?page_id=5866"},"modified":"2026-03-26T15:58:19","modified_gmt":"2026-03-26T14:58:19","slug":"team","status":"publish","type":"page","link":"https:\/\/jugendfilmtage.ch\/fr\/a-propos-de-nous\/team\/","title":{"rendered":"L&rsquo;association"},"content":{"rendered":"\n<figure data-wp-context=\"{&quot;imageId&quot;:&quot;69e249f96525a&quot;}\" data-wp-interactive=\"core\/image\" data-wp-key=\"69e249f96525a\" class=\"wp-block-image size-full wp-lightbox-container\"><img loading=\"lazy\" decoding=\"async\" width=\"2560\" height=\"1707\" data-wp-class--hide=\"state.isContentHidden\" data-wp-class--show=\"state.isContentVisible\" data-wp-init=\"callbacks.setButtonStyles\" data-wp-on--click=\"actions.showLightbox\" data-wp-on--load=\"callbacks.setButtonStyles\" data-wp-on-window--resize=\"callbacks.setButtonStyles\" src=\"https:\/\/jugendfilmtage.ch\/wp-content\/uploads\/2024\/06\/230326_Preisverleihung_Fabienne_Berner_C28A1977-scaled.jpg\" alt=\"Festival Cin\u00e9 Jeunesse Suisse Team\" class=\"wp-image-26294\" srcset=\"https:\/\/jugendfilmtage.ch\/wp-content\/uploads\/2024\/06\/230326_Preisverleihung_Fabienne_Berner_C28A1977-scaled.jpg 2560w, https:\/\/jugendfilmtage.ch\/wp-content\/uploads\/2024\/06\/230326_Preisverleihung_Fabienne_Berner_C28A1977-300x200.jpg 300w, https:\/\/jugendfilmtage.ch\/wp-content\/uploads\/2024\/06\/230326_Preisverleihung_Fabienne_Berner_C28A1977-880x587.jpg 880w, https:\/\/jugendfilmtage.ch\/wp-content\/uploads\/2024\/06\/230326_Preisverleihung_Fabienne_Berner_C28A1977-280x186.jpg 280w, https:\/\/jugendfilmtage.ch\/wp-content\/uploads\/2024\/06\/230326_Preisverleihung_Fabienne_Berner_C28A1977-768x512.jpg 768w, https:\/\/jugendfilmtage.ch\/wp-content\/uploads\/2024\/06\/230326_Preisverleihung_Fabienne_Berner_C28A1977-1536x1024.jpg 1536w, https:\/\/jugendfilmtage.ch\/wp-content\/uploads\/2024\/06\/230326_Preisverleihung_Fabienne_Berner_C28A1977-2048x1365.jpg 2048w\" sizes=\"auto, (max-width: 2560px) 100vw, 2560px\" \/><button\n\t\t\tclass=\"lightbox-trigger\"\n\t\t\ttype=\"button\"\n\t\t\taria-haspopup=\"dialog\"\n\t\t\taria-label=\"Agrandir\"\n\t\t\tdata-wp-init=\"callbacks.initTriggerButton\"\n\t\t\tdata-wp-on--click=\"actions.showLightbox\"\n\t\t\tdata-wp-style--right=\"state.imageButtonRight\"\n\t\t\tdata-wp-style--top=\"state.imageButtonTop\"\n\t\t>\n\t\t\t<svg xmlns=\"http:\/\/www.w3.org\/2000\/svg\" width=\"12\" height=\"12\" fill=\"none\" viewBox=\"0 0 12 12\">\n\t\t\t\t<path fill=\"#fff\" d=\"M2 0a2 2 0 0 0-2 2v2h1.5V2a.5.5 0 0 1 .5-.5h2V0H2Zm2 10.5H2a.5.5 0 0 1-.5-.5V8H0v2a2 2 0 0 0 2 2h2v-1.5ZM8 12v-1.5h2a.5.5 0 0 0 .5-.5V8H12v2a2 2 0 0 1-2 2H8Zm2-12a2 2 0 0 1 2 2v2h-1.5V2a.5.5 0 0 0-.5-.5H8V0h2Z\" \/>\n\t\t\t<\/svg>\n\t\t<\/button><\/figure>\n\n\n\n<h1 class=\"wp-block-heading\">Membres de l&rsquo;association<\/h1>\n\n\n\n<div class=\"wp-block-columns is-layout-flex wp-container-core-columns-is-layout-9d6595d7 wp-block-columns-is-layout-flex\">\n<div class=\"wp-block-column is-layout-flow wp-block-column-is-layout-flow\">\n<h3 class=\"wp-block-heading\">Direction du festival<\/h3>\n\n\n\n<p><a href=\"mailto:jo.bahdo@jugendfilmtage.ch\">Jo Bahdo<\/a> &amp; <a href=\"mailto:liza.raheem@jugendfilmtage.ch\" type=\"mailto\" id=\"mailto:liza.raheem@jugendfilmtage.ch\">Liza T. Raheem<\/a><\/p>\n\n\n\n<h3 class=\"wp-block-heading\">L\u2019\u00e9quipe<\/h3>\n\n\n\n<p>Anja Grob<br>Anna Neher<br>Arthur Prader<br>Cyril Fischer<br>David Taddeo<br>Emilie Hammes<br>Fabian M\u00fcller<br>Fabienne Berner<br>Henriette Egestorff<br>Jasmin Robmann<br>Jennifer Alissa Wittmann<br>Jo\u00eblle Kost<br>Leslie Ann Weiss<br>Lucca Kohn<br>Melinda M\u00fcller<br>Michel Baumgartner<br>Miriel H\u00f6vel<br>Sebastian B\u00fcttner<br>Serena Neuenschwander<br>Simone Winkler<br>Sophia Zolotukhin<br>Vlada Kaplun<br>Vanessa Loretan<\/p>\n\n\n\n<p><\/p>\n\n\n\n<h3 class=\"wp-block-heading\">Conseil de direction<\/h3>\n\n\n\n<p>Patrizia Kettenbach (pr\u00e9sidente)<br>Caro B\u00fcchel (vice-pr\u00e9sidente)<br>Delphine Jeanneret<br>Marco Brazerol<br>Myriam Neuhaus<br>Sui Thin Ip<\/p>\n\n\n\n<h3 class=\"wp-block-heading\">Comit\u00e9 de patronage<\/h3>\n\n\n\n<p>Corine Mauch<br>Jacqueline Fehr<br>Sven W\u00e4lti<br>Prof. Dr. Margrit Tr\u00f6hler<br>Christoph Schaub<br>Ursula Meier<br>Beat Schlatter<\/p>\n<\/div>\n\n\n\n<div class=\"wp-block-column is-vertically-aligned-stretch is-layout-flow wp-block-column-is-layout-flow\">\n<h4 class=\"wp-block-heading\">Jury de pr\u00e9s\u00e9lection<\/h4>\n\n\n\n<p>Anja Grob, Anna Neher, Arthur Prader, Fabienne Berner, Jasmin Robmann, Jo Bahdo, Liza T. Raheem, Melinda M\u00fcller, Milena H\u00fcgli, Miriel H\u00f6vel, Noemi Daugaard, Samuel Waltz, Simone Winkler, Sophia Zolotukhin, Stella Pozzi, Valentina Romero<\/p>\n\n\n\n<h4 class=\"wp-block-heading\">T\u00e9chnique<\/h4>\n\n\n\n<p>Michel Baumgartner<\/p>\n\n\n\n<h4 class=\"wp-block-heading\">Stand d&rsquo;information &amp; Billets<\/h4>\n\n\n\n<p>Sophia Zolotukhin<\/p>\n\n\n\n<h4 class=\"wp-block-heading\">D\u00e9coration &amp; Exposition<\/h4>\n\n\n\n<p>Mara Manzolini<\/p>\n\n\n\n<h4 class=\"wp-block-heading\">M\u00e9dias<\/h4>\n\n\n\n<p>Melinda M\u00fcller <\/p>\n\n\n\n<h4 class=\"wp-block-heading\">Social Medias &amp; Coordination des photographes<\/h4>\n\n\n\n<p>Maria Fratta<\/p>\n\n\n\n<h4 class=\"wp-block-heading\">Photographes<\/h4>\n\n\n\n<p>Mara Manzolini, Basil Huwyler &amp; Maria Fratta<\/p>\n\n\n\n<h4 class=\"wp-block-heading\">Vid\u00e9o du festival <\/h4>\n\n\n\n<p>Mara Manzolini <\/p>\n<\/div>\n<\/div>\n\n\n<style>.kb-gallery-id-5866_6df760-07.kb-gallery-ul.kb-gallery-type-fluidcarousel .kt-blocks-carousel figure .kb-gal-image-radius, .kb-gallery-id-5866_6df760-07.kb-gallery-ul.kb-gallery-type-fluidcarousel .kt-blocks-carousel figure .kb-gal-image-radius img{height:354px;}.kb-gallery-id-5866_6df760-07 .kadence-blocks-gallery-item .kb-gal-image-radius, .kb-gallery-id-5866_6df760-07 .kb-slide-item .kb-gal-image-radius img{border-radius:0px 0px 0px 0px;;}.kb-gallery-caption-style-bottom.kb-gallery-id-5866_6df760-07 .kadence-blocks-gallery-item .kadence-blocks-gallery-item-inner .kadence-blocks-gallery-item__caption, .kb-gallery-caption-style-bottom-hover.kb-gallery-id-5866_6df760-07 .kadence-blocks-gallery-item .kadence-blocks-gallery-item-inner .kadence-blocks-gallery-item__caption{background:linear-gradient(0deg, rgba(0, 0, 0, 0.8) 0, rgba(0, 0, 0, 0) 100%);}.kb-gallery-wrap-id-5866_6df760-07.wp-block-kadence-advancedgallery{overflow:visible;}.kb-gallery-wrap-id-5866_6df760-07.wp-block-kadence-advancedgallery .kt-blocks-carousel{overflow:visible;max-width:100%;}<\/style><div class=\"kb-gallery-wrap-id-5866_6df760-07 alignnone wp-block-kadence-advancedgallery\"><div class=\"kb-gallery-ul kb-gallery-non-static kb-gallery-type-fluidcarousel kb-gallery-id-5866_6df760-07 kb-gallery-caption-style-bottom kb-gallery-filter-none\" data-image-filter=\"none\" data-lightbox-caption=\"true\"><div class=\"kt-blocks-carousel splide kt-carousel-container-dotstyle-dark kt-carousel-arrowstyle-whiteondark kt-carousel-dotstyle-dark kb-slider-group-arrow kb-slider-arrow-position-center\" data-slider-anim-speed=\"400\" data-slider-scroll=\"1\" data-slider-arrows=\"true\" data-slider-dots=\"true\" data-slider-hover-pause=\"false\" data-slider-auto=\"\" data-slider-speed=\"7000\" data-slider-type=\"fluidcarousel\" data-slider-center-mode=\"true\" data-slider-gap=\"10px\" data-slider-gap-tablet=\"10px\" data-slider-gap-mobile=\"10px\" data-show-pause-button=\"false\"><div class=\"splide__track\"><ul class=\"kt-blocks-carousel-init kb-blocks-fluid-carousel splide__list\"><li class=\"kb-slide-item kb-gallery-carousel-item splide__slide\"><div class=\"kadence-blocks-gallery-item\"><div class=\"kadence-blocks-gallery-item-inner\"><figure class=\"kb-gallery-figure kadence-blocks-gallery-item-has-caption\"><div class=\"kb-gal-image-radius\"><div class=\"kb-gallery-image-contain\" ><img loading=\"lazy\" decoding=\"async\" src=\"https:\/\/jugendfilmtage.ch\/wp-content\/uploads\/2025\/04\/Jugendfilmtage_Eroeffnung_FinjaBasan-094.jpg\" width=\"2048\" height=\"1366\" alt=\"\" data-full-image=\"https:\/\/jugendfilmtage.ch\/wp-content\/uploads\/2025\/04\/Jugendfilmtage_Eroeffnung_FinjaBasan-094.jpg\" data-light-image=\"https:\/\/jugendfilmtage.ch\/wp-content\/uploads\/2025\/04\/Jugendfilmtage_Eroeffnung_FinjaBasan-094.jpg\" data-id=\"38345\" class=\"wp-image-38345 skip-lazy\"\/><\/div><div class=\"kadence-blocks-gallery-item__caption\">Ein Teil des Teams und des Vorstands, Festival 2025<\/div><\/div><\/figure><\/div><\/div><\/li><li class=\"kb-slide-item kb-gallery-carousel-item splide__slide\"><div class=\"kadence-blocks-gallery-item\"><div class=\"kadence-blocks-gallery-item-inner\"><figure class=\"kb-gallery-figure kadence-blocks-gallery-item-has-caption\"><div class=\"kb-gal-image-radius\"><div class=\"kb-gallery-image-contain\" ><img loading=\"lazy\" decoding=\"async\" src=\"https:\/\/jugendfilmtage.ch\/wp-content\/uploads\/2025\/04\/31F30E26-5399-4C68-8565-7372BF4B4A49.jpeg\" width=\"1800\" height=\"1200\" alt=\"\" data-full-image=\"https:\/\/jugendfilmtage.ch\/wp-content\/uploads\/2025\/04\/31F30E26-5399-4C68-8565-7372BF4B4A49.jpeg\" data-light-image=\"https:\/\/jugendfilmtage.ch\/wp-content\/uploads\/2025\/04\/31F30E26-5399-4C68-8565-7372BF4B4A49.jpeg\" data-id=\"38355\" class=\"wp-image-38355 skip-lazy\"\/><\/div><div class=\"kadence-blocks-gallery-item__caption\">Ein Teil des Teams, Festival 2025<\/div><\/div><\/figure><\/div><\/div><\/li><li class=\"kb-slide-item kb-gallery-carousel-item splide__slide\"><div class=\"kadence-blocks-gallery-item\"><div class=\"kadence-blocks-gallery-item-inner\"><figure class=\"kb-gallery-figure kadence-blocks-gallery-item-has-caption\"><div class=\"kb-gal-image-radius\"><div class=\"kb-gallery-image-contain\" ><img loading=\"lazy\" decoding=\"async\" src=\"https:\/\/jugendfilmtage.ch\/wp-content\/uploads\/2025\/04\/Jugendfilmtage_Eroeffnung_FinjaBasan-172.jpg\" width=\"2048\" height=\"1365\" alt=\"\" data-full-image=\"https:\/\/jugendfilmtage.ch\/wp-content\/uploads\/2025\/04\/Jugendfilmtage_Eroeffnung_FinjaBasan-172.jpg\" data-light-image=\"https:\/\/jugendfilmtage.ch\/wp-content\/uploads\/2025\/04\/Jugendfilmtage_Eroeffnung_FinjaBasan-172.jpg\" data-id=\"38347\" class=\"wp-image-38347 skip-lazy\"\/><\/div><div class=\"kadence-blocks-gallery-item__caption\">Pr\u00e4sidentin, Patrizia Kettenbach<\/div><\/div><\/figure><\/div><\/div><\/li><li class=\"kb-slide-item kb-gallery-carousel-item splide__slide\"><div class=\"kadence-blocks-gallery-item\"><div class=\"kadence-blocks-gallery-item-inner\"><figure class=\"kb-gallery-figure kadence-blocks-gallery-item-has-caption\"><div class=\"kb-gal-image-radius\"><div class=\"kb-gallery-image-contain\" ><img loading=\"lazy\" decoding=\"async\" src=\"https:\/\/jugendfilmtage.ch\/wp-content\/uploads\/2025\/04\/Portraits_RemoBuess_0313_Jugendfilmtage3710-scaled.jpg\" width=\"2560\" height=\"1920\" alt=\"\" data-full-image=\"https:\/\/jugendfilmtage.ch\/wp-content\/uploads\/2025\/04\/Portraits_RemoBuess_0313_Jugendfilmtage3710-scaled.jpg\" data-light-image=\"https:\/\/jugendfilmtage.ch\/wp-content\/uploads\/2025\/04\/Portraits_RemoBuess_0313_Jugendfilmtage3710-scaled.jpg\" data-id=\"38353\" class=\"wp-image-38353 skip-lazy\" srcset=\"https:\/\/jugendfilmtage.ch\/wp-content\/uploads\/2025\/04\/Portraits_RemoBuess_0313_Jugendfilmtage3710-scaled.jpg 2560w, https:\/\/jugendfilmtage.ch\/wp-content\/uploads\/2025\/04\/Portraits_RemoBuess_0313_Jugendfilmtage3710-300x225.jpg 300w, https:\/\/jugendfilmtage.ch\/wp-content\/uploads\/2025\/04\/Portraits_RemoBuess_0313_Jugendfilmtage3710-880x660.jpg 880w, https:\/\/jugendfilmtage.ch\/wp-content\/uploads\/2025\/04\/Portraits_RemoBuess_0313_Jugendfilmtage3710-768x576.jpg 768w, https:\/\/jugendfilmtage.ch\/wp-content\/uploads\/2025\/04\/Portraits_RemoBuess_0313_Jugendfilmtage3710-1536x1152.jpg 1536w, https:\/\/jugendfilmtage.ch\/wp-content\/uploads\/2025\/04\/Portraits_RemoBuess_0313_Jugendfilmtage3710-2048x1536.jpg 2048w\" sizes=\"auto, (max-width: 2560px) 100vw, 2560px\" \/><\/div><div class=\"kadence-blocks-gallery-item__caption\">Der Vorstand, Festival 2024<\/div><\/div><\/figure><\/div><\/div><\/li><li class=\"kb-slide-item kb-gallery-carousel-item splide__slide\"><div class=\"kadence-blocks-gallery-item\"><div class=\"kadence-blocks-gallery-item-inner\"><figure class=\"kb-gallery-figure kadence-blocks-gallery-item-has-caption\"><div class=\"kb-gal-image-radius\"><div class=\"kb-gallery-image-contain\" ><img loading=\"lazy\" decoding=\"async\" src=\"https:\/\/jugendfilmtage.ch\/wp-content\/uploads\/2025\/04\/250313_Kat.A_Omid-Taslimi__MG_4113-VERBESSERT-NR-scaled.jpg\" width=\"2560\" height=\"1707\" alt=\"\" data-full-image=\"https:\/\/jugendfilmtage.ch\/wp-content\/uploads\/2025\/04\/250313_Kat.A_Omid-Taslimi__MG_4113-VERBESSERT-NR-scaled.jpg\" data-light-image=\"https:\/\/jugendfilmtage.ch\/wp-content\/uploads\/2025\/04\/250313_Kat.A_Omid-Taslimi__MG_4113-VERBESSERT-NR-scaled.jpg\" data-id=\"38359\" class=\"wp-image-38359 skip-lazy\" srcset=\"https:\/\/jugendfilmtage.ch\/wp-content\/uploads\/2025\/04\/250313_Kat.A_Omid-Taslimi__MG_4113-VERBESSERT-NR-scaled.jpg 2560w, https:\/\/jugendfilmtage.ch\/wp-content\/uploads\/2025\/04\/250313_Kat.A_Omid-Taslimi__MG_4113-VERBESSERT-NR-300x200.jpg 300w, https:\/\/jugendfilmtage.ch\/wp-content\/uploads\/2025\/04\/250313_Kat.A_Omid-Taslimi__MG_4113-VERBESSERT-NR-880x587.jpg 880w, https:\/\/jugendfilmtage.ch\/wp-content\/uploads\/2025\/04\/250313_Kat.A_Omid-Taslimi__MG_4113-VERBESSERT-NR-280x186.jpg 280w, https:\/\/jugendfilmtage.ch\/wp-content\/uploads\/2025\/04\/250313_Kat.A_Omid-Taslimi__MG_4113-VERBESSERT-NR-768x512.jpg 768w, https:\/\/jugendfilmtage.ch\/wp-content\/uploads\/2025\/04\/250313_Kat.A_Omid-Taslimi__MG_4113-VERBESSERT-NR-1536x1024.jpg 1536w, https:\/\/jugendfilmtage.ch\/wp-content\/uploads\/2025\/04\/250313_Kat.A_Omid-Taslimi__MG_4113-VERBESSERT-NR-2048x1365.jpg 2048w\" sizes=\"auto, (max-width: 2560px) 100vw, 2560px\" \/><\/div><div class=\"kadence-blocks-gallery-item__caption\">Co-Leitung &amp; Moderatorin Rena Thelly<\/div><\/div><\/figure><\/div><\/div><\/li><li class=\"kb-slide-item kb-gallery-carousel-item splide__slide\"><div class=\"kadence-blocks-gallery-item\"><div class=\"kadence-blocks-gallery-item-inner\"><figure class=\"kb-gallery-figure kadence-blocks-gallery-item-has-caption\"><div class=\"kb-gal-image-radius\"><div class=\"kb-gallery-image-contain\" ><img loading=\"lazy\" decoding=\"async\" src=\"https:\/\/jugendfilmtage.ch\/wp-content\/uploads\/2025\/04\/250316_Preisverleihung_Omid-Taslimi__MG_4689-VERBESSERT-NR-scaled.jpg\" width=\"2560\" height=\"1707\" alt=\"\" data-full-image=\"https:\/\/jugendfilmtage.ch\/wp-content\/uploads\/2025\/04\/250316_Preisverleihung_Omid-Taslimi__MG_4689-VERBESSERT-NR-scaled.jpg\" data-light-image=\"https:\/\/jugendfilmtage.ch\/wp-content\/uploads\/2025\/04\/250316_Preisverleihung_Omid-Taslimi__MG_4689-VERBESSERT-NR-scaled.jpg\" data-id=\"38351\" class=\"wp-image-38351 skip-lazy\" srcset=\"https:\/\/jugendfilmtage.ch\/wp-content\/uploads\/2025\/04\/250316_Preisverleihung_Omid-Taslimi__MG_4689-VERBESSERT-NR-scaled.jpg 2560w, https:\/\/jugendfilmtage.ch\/wp-content\/uploads\/2025\/04\/250316_Preisverleihung_Omid-Taslimi__MG_4689-VERBESSERT-NR-300x200.jpg 300w, https:\/\/jugendfilmtage.ch\/wp-content\/uploads\/2025\/04\/250316_Preisverleihung_Omid-Taslimi__MG_4689-VERBESSERT-NR-880x587.jpg 880w, https:\/\/jugendfilmtage.ch\/wp-content\/uploads\/2025\/04\/250316_Preisverleihung_Omid-Taslimi__MG_4689-VERBESSERT-NR-280x186.jpg 280w, https:\/\/jugendfilmtage.ch\/wp-content\/uploads\/2025\/04\/250316_Preisverleihung_Omid-Taslimi__MG_4689-VERBESSERT-NR-768x512.jpg 768w, https:\/\/jugendfilmtage.ch\/wp-content\/uploads\/2025\/04\/250316_Preisverleihung_Omid-Taslimi__MG_4689-VERBESSERT-NR-1536x1024.jpg 1536w, https:\/\/jugendfilmtage.ch\/wp-content\/uploads\/2025\/04\/250316_Preisverleihung_Omid-Taslimi__MG_4689-VERBESSERT-NR-2048x1365.jpg 2048w\" sizes=\"auto, (max-width: 2560px) 100vw, 2560px\" \/><\/div><div class=\"kadence-blocks-gallery-item__caption\">Ein Teil des Teams &amp; die Co-Leitung, Festival 2025<\/div><\/div><\/figure><\/div><\/div><\/li><\/ul><\/div><\/div><\/div><\/div>","protected":false},"excerpt":{"rendered":"<p>Membres de l&rsquo;association Direction du festival Jo Bahdo &amp; Liza T. Raheem L\u2019\u00e9quipe Anja GrobAnna NeherArthur PraderCyril FischerDavid TaddeoEmilie HammesFabian M\u00fcllerFabienne BernerHenriette EgestorffJasmin RobmannJennifer Alissa WittmannJo\u00eblle KostLeslie Ann WeissLucca KohnMelinda M\u00fcllerMichel BaumgartnerMiriel H\u00f6velSebastian B\u00fcttnerSerena NeuenschwanderSimone WinklerSophia ZolotukhinVlada KaplunVanessa Loretan Conseil de direction Patrizia Kettenbach (pr\u00e9sidente)Caro B\u00fcchel (vice-pr\u00e9sidente)Delphine JeanneretMarco BrazerolMyriam NeuhausSui Thin Ip Comit\u00e9 de patronage [&hellip;]<\/p>\n","protected":false},"author":10,"featured_media":0,"parent":5863,"menu_order":0,"comment_status":"closed","ping_status":"closed","template":"","meta":{"_acf_changed":false,"footnotes":""},"class_list":["post-5866","page","type-page","status-publish","hentry"],"acf":[],"yoast_head":"<!-- This site is optimized with the Yoast SEO plugin v27.4 - https:\/\/yoast.com\/product\/yoast-seo-wordpress\/ -->\n<title>L&#039;association - FR Schweizer Jugendfilmtage<\/title>\n<meta name=\"description\" content=\"Membres de l&#039;association Direction du festival Jo Bahdo &amp; Liza T. Raheem L\u2019\u00e9quipe Anja GrobAnna NeherArthur PraderCyril FischerDavid TaddeoEmilie\" \/>\n<meta name=\"robots\" content=\"index, follow, max-snippet:-1, max-image-preview:large, max-video-preview:-1\" \/>\n<link rel=\"canonical\" href=\"https:\/\/jugendfilmtage.ch\/fr\/a-propos-de-nous\/team\/\" \/>\n<meta property=\"og:locale\" content=\"fr_FR\" \/>\n<meta property=\"og:type\" content=\"article\" \/>\n<meta property=\"og:title\" content=\"L&#039;association - FR Schweizer Jugendfilmtage\" \/>\n<meta property=\"og:description\" content=\"Membres de l&#039;association Direction du festival Jo Bahdo &amp; Liza T. Raheem L\u2019\u00e9quipe Anja GrobAnna NeherArthur PraderCyril FischerDavid TaddeoEmilie\" \/>\n<meta property=\"og:url\" content=\"https:\/\/jugendfilmtage.ch\/fr\/a-propos-de-nous\/team\/\" \/>\n<meta property=\"og:site_name\" content=\"FR Schweizer Jugendfilmtage\" \/>\n<meta property=\"article:publisher\" content=\"https:\/\/www.facebook.com\/Jugendfilmtage\" \/>\n<meta property=\"article:modified_time\" content=\"2026-03-26T14:58:19+00:00\" \/>\n<meta property=\"og:image\" content=\"https:\/\/jugendfilmtage.ch\/wp-content\/uploads\/2024\/06\/230326_Preisverleihung_Fabienne_Berner_C28A1977-scaled.jpg\" \/>\n\t<meta property=\"og:image:width\" content=\"2560\" \/>\n\t<meta property=\"og:image:height\" content=\"1707\" \/>\n\t<meta property=\"og:image:type\" content=\"image\/jpeg\" \/>\n<meta name=\"twitter:card\" content=\"summary_large_image\" \/>\n<meta name=\"twitter:site\" content=\"@jugendfilmtage\" \/>\n<meta name=\"twitter:label1\" content=\"Dur\u00e9e de lecture estim\u00e9e\" \/>\n\t<meta name=\"twitter:data1\" content=\"3 minutes\" \/>\n<script type=\"application\/ld+json\" class=\"yoast-schema-graph\">{\"@context\":\"https:\\\/\\\/schema.org\",\"@graph\":[{\"@type\":\"WebPage\",\"@id\":\"https:\\\/\\\/jugendfilmtage.ch\\\/fr\\\/a-propos-de-nous\\\/team\\\/\",\"url\":\"https:\\\/\\\/jugendfilmtage.ch\\\/fr\\\/a-propos-de-nous\\\/team\\\/\",\"name\":\"L'association - FR Schweizer Jugendfilmtage\",\"isPartOf\":{\"@id\":\"https:\\\/\\\/jugendfilmtage.ch\\\/fr\\\/#website\"},\"primaryImageOfPage\":{\"@id\":\"https:\\\/\\\/jugendfilmtage.ch\\\/fr\\\/a-propos-de-nous\\\/team\\\/#primaryimage\"},\"image\":{\"@id\":\"https:\\\/\\\/jugendfilmtage.ch\\\/fr\\\/a-propos-de-nous\\\/team\\\/#primaryimage\"},\"thumbnailUrl\":\"https:\\\/\\\/jugendfilmtage.ch\\\/wp-content\\\/uploads\\\/2024\\\/06\\\/230326_Preisverleihung_Fabienne_Berner_C28A1977-scaled.jpg\",\"datePublished\":\"2016-12-19T12:55:05+00:00\",\"dateModified\":\"2026-03-26T14:58:19+00:00\",\"description\":\"Membres de l'association Direction du festival Jo Bahdo &amp; Liza T. Raheem L\u2019\u00e9quipe Anja GrobAnna NeherArthur PraderCyril FischerDavid TaddeoEmilie\",\"breadcrumb\":{\"@id\":\"https:\\\/\\\/jugendfilmtage.ch\\\/fr\\\/a-propos-de-nous\\\/team\\\/#breadcrumb\"},\"inLanguage\":\"fr-FR\",\"potentialAction\":[{\"@type\":\"ReadAction\",\"target\":[\"https:\\\/\\\/jugendfilmtage.ch\\\/fr\\\/a-propos-de-nous\\\/team\\\/\"]}]},{\"@type\":\"ImageObject\",\"inLanguage\":\"fr-FR\",\"@id\":\"https:\\\/\\\/jugendfilmtage.ch\\\/fr\\\/a-propos-de-nous\\\/team\\\/#primaryimage\",\"url\":\"https:\\\/\\\/jugendfilmtage.ch\\\/wp-content\\\/uploads\\\/2024\\\/06\\\/230326_Preisverleihung_Fabienne_Berner_C28A1977-scaled.jpg\",\"contentUrl\":\"https:\\\/\\\/jugendfilmtage.ch\\\/wp-content\\\/uploads\\\/2024\\\/06\\\/230326_Preisverleihung_Fabienne_Berner_C28A1977-scaled.jpg\"},{\"@type\":\"BreadcrumbList\",\"@id\":\"https:\\\/\\\/jugendfilmtage.ch\\\/fr\\\/a-propos-de-nous\\\/team\\\/#breadcrumb\",\"itemListElement\":[{\"@type\":\"ListItem\",\"position\":1,\"name\":\"\u00c0 propos\",\"item\":\"https:\\\/\\\/jugendfilmtage.ch\\\/fr\\\/a-propos-de-nous\\\/\"},{\"@type\":\"ListItem\",\"position\":2,\"name\":\"L&#8217;association\"}]},{\"@type\":\"WebSite\",\"@id\":\"https:\\\/\\\/jugendfilmtage.ch\\\/fr\\\/#website\",\"url\":\"https:\\\/\\\/jugendfilmtage.ch\\\/fr\\\/\",\"name\":\"FR Schweizer Jugendfilmtage\",\"description\":\"FR Festival Cin\u00e9 Jeunesse Suisse\",\"potentialAction\":[{\"@type\":\"SearchAction\",\"target\":{\"@type\":\"EntryPoint\",\"urlTemplate\":\"https:\\\/\\\/jugendfilmtage.ch\\\/fr\\\/?s={search_term_string}\"},\"query-input\":{\"@type\":\"PropertyValueSpecification\",\"valueRequired\":true,\"valueName\":\"search_term_string\"}}],\"inLanguage\":\"fr-FR\"}]}<\/script>\n<!-- \/ Yoast SEO plugin. -->","yoast_head_json":{"title":"L'association - FR Schweizer Jugendfilmtage","description":"Membres de l'association Direction du festival Jo Bahdo &amp; Liza T. Raheem L\u2019\u00e9quipe Anja GrobAnna NeherArthur PraderCyril FischerDavid TaddeoEmilie","robots":{"index":"index","follow":"follow","max-snippet":"max-snippet:-1","max-image-preview":"max-image-preview:large","max-video-preview":"max-video-preview:-1"},"canonical":"https:\/\/jugendfilmtage.ch\/fr\/a-propos-de-nous\/team\/","og_locale":"fr_FR","og_type":"article","og_title":"L'association - FR Schweizer Jugendfilmtage","og_description":"Membres de l'association Direction du festival Jo Bahdo &amp; Liza T. Raheem L\u2019\u00e9quipe Anja GrobAnna NeherArthur PraderCyril FischerDavid TaddeoEmilie","og_url":"https:\/\/jugendfilmtage.ch\/fr\/a-propos-de-nous\/team\/","og_site_name":"FR Schweizer Jugendfilmtage","article_publisher":"https:\/\/www.facebook.com\/Jugendfilmtage","article_modified_time":"2026-03-26T14:58:19+00:00","og_image":[{"width":2560,"height":1707,"url":"https:\/\/jugendfilmtage.ch\/wp-content\/uploads\/2024\/06\/230326_Preisverleihung_Fabienne_Berner_C28A1977-scaled.jpg","type":"image\/jpeg"}],"twitter_card":"summary_large_image","twitter_site":"@jugendfilmtage","twitter_misc":{"Dur\u00e9e de lecture estim\u00e9e":"3 minutes"},"schema":{"@context":"https:\/\/schema.org","@graph":[{"@type":"WebPage","@id":"https:\/\/jugendfilmtage.ch\/fr\/a-propos-de-nous\/team\/","url":"https:\/\/jugendfilmtage.ch\/fr\/a-propos-de-nous\/team\/","name":"L'association - FR Schweizer Jugendfilmtage","isPartOf":{"@id":"https:\/\/jugendfilmtage.ch\/fr\/#website"},"primaryImageOfPage":{"@id":"https:\/\/jugendfilmtage.ch\/fr\/a-propos-de-nous\/team\/#primaryimage"},"image":{"@id":"https:\/\/jugendfilmtage.ch\/fr\/a-propos-de-nous\/team\/#primaryimage"},"thumbnailUrl":"https:\/\/jugendfilmtage.ch\/wp-content\/uploads\/2024\/06\/230326_Preisverleihung_Fabienne_Berner_C28A1977-scaled.jpg","datePublished":"2016-12-19T12:55:05+00:00","dateModified":"2026-03-26T14:58:19+00:00","description":"Membres de l'association Direction du festival Jo Bahdo &amp; Liza T. Raheem L\u2019\u00e9quipe Anja GrobAnna NeherArthur PraderCyril FischerDavid TaddeoEmilie","breadcrumb":{"@id":"https:\/\/jugendfilmtage.ch\/fr\/a-propos-de-nous\/team\/#breadcrumb"},"inLanguage":"fr-FR","potentialAction":[{"@type":"ReadAction","target":["https:\/\/jugendfilmtage.ch\/fr\/a-propos-de-nous\/team\/"]}]},{"@type":"ImageObject","inLanguage":"fr-FR","@id":"https:\/\/jugendfilmtage.ch\/fr\/a-propos-de-nous\/team\/#primaryimage","url":"https:\/\/jugendfilmtage.ch\/wp-content\/uploads\/2024\/06\/230326_Preisverleihung_Fabienne_Berner_C28A1977-scaled.jpg","contentUrl":"https:\/\/jugendfilmtage.ch\/wp-content\/uploads\/2024\/06\/230326_Preisverleihung_Fabienne_Berner_C28A1977-scaled.jpg"},{"@type":"BreadcrumbList","@id":"https:\/\/jugendfilmtage.ch\/fr\/a-propos-de-nous\/team\/#breadcrumb","itemListElement":[{"@type":"ListItem","position":1,"name":"\u00c0 propos","item":"https:\/\/jugendfilmtage.ch\/fr\/a-propos-de-nous\/"},{"@type":"ListItem","position":2,"name":"L&#8217;association"}]},{"@type":"WebSite","@id":"https:\/\/jugendfilmtage.ch\/fr\/#website","url":"https:\/\/jugendfilmtage.ch\/fr\/","name":"FR Schweizer Jugendfilmtage","description":"FR Festival Cin\u00e9 Jeunesse Suisse","potentialAction":[{"@type":"SearchAction","target":{"@type":"EntryPoint","urlTemplate":"https:\/\/jugendfilmtage.ch\/fr\/?s={search_term_string}"},"query-input":{"@type":"PropertyValueSpecification","valueRequired":true,"valueName":"search_term_string"}}],"inLanguage":"fr-FR"}]}},"_links":{"self":[{"href":"https:\/\/jugendfilmtage.ch\/fr\/wp-json\/wp\/v2\/pages\/5866","targetHints":{"allow":["GET"]}}],"collection":[{"href":"https:\/\/jugendfilmtage.ch\/fr\/wp-json\/wp\/v2\/pages"}],"about":[{"href":"https:\/\/jugendfilmtage.ch\/fr\/wp-json\/wp\/v2\/types\/page"}],"author":[{"embeddable":true,"href":"https:\/\/jugendfilmtage.ch\/fr\/wp-json\/wp\/v2\/users\/10"}],"replies":[{"embeddable":true,"href":"https:\/\/jugendfilmtage.ch\/fr\/wp-json\/wp\/v2\/comments?post=5866"}],"version-history":[{"count":95,"href":"https:\/\/jugendfilmtage.ch\/fr\/wp-json\/wp\/v2\/pages\/5866\/revisions"}],"predecessor-version":[{"id":75074,"href":"https:\/\/jugendfilmtage.ch\/fr\/wp-json\/wp\/v2\/pages\/5866\/revisions\/75074"}],"up":[{"embeddable":true,"href":"https:\/\/jugendfilmtage.ch\/fr\/wp-json\/wp\/v2\/pages\/5863"}],"wp:attachment":[{"href":"https:\/\/jugendfilmtage.ch\/fr\/wp-json\/wp\/v2\/media?parent=5866"}],"curies":[{"name":"wp","href":"https:\/\/api.w.org\/{rel}","templated":true}]}}