{"id":5863,"date":"2016-12-19T12:50:54","date_gmt":"2016-12-19T12:50:54","guid":{"rendered":"http:\/\/17.jugendfilmtage.ch\/fr\/?page_id=5863"},"modified":"2024-10-15T17:00:10","modified_gmt":"2024-10-15T15:00:10","slug":"a-propos-de-nous","status":"publish","type":"page","link":"https:\/\/jugendfilmtage.ch\/fr\/a-propos-de-nous\/","title":{"rendered":"\u00c0 propos"},"content":{"rendered":"\n<figure class=\"wp-block-image size-full\"><img loading=\"lazy\" decoding=\"async\" width=\"2560\" height=\"1707\" src=\"https:\/\/jugendfilmtage.ch\/wp-content\/uploads\/2024\/01\/Teamfoto_Fun-scaled.jpg\" alt=\"Team Festival Cin\u00e9 Jeunesse Suisse\" class=\"wp-image-23297\" srcset=\"https:\/\/jugendfilmtage.ch\/wp-content\/uploads\/2024\/01\/Teamfoto_Fun-scaled.jpg 2560w, https:\/\/jugendfilmtage.ch\/wp-content\/uploads\/2024\/01\/Teamfoto_Fun-300x200.jpg 300w, https:\/\/jugendfilmtage.ch\/wp-content\/uploads\/2024\/01\/Teamfoto_Fun-880x587.jpg 880w, https:\/\/jugendfilmtage.ch\/wp-content\/uploads\/2024\/01\/Teamfoto_Fun-280x186.jpg 280w, https:\/\/jugendfilmtage.ch\/wp-content\/uploads\/2024\/01\/Teamfoto_Fun-768x512.jpg 768w, https:\/\/jugendfilmtage.ch\/wp-content\/uploads\/2024\/01\/Teamfoto_Fun-1536x1024.jpg 1536w, https:\/\/jugendfilmtage.ch\/wp-content\/uploads\/2024\/01\/Teamfoto_Fun-2048x1365.jpg 2048w\" sizes=\"auto, (max-width: 2560px) 100vw, 2560px\" \/><\/figure>\n\n\n\n<h1 class=\"wp-block-heading\">\u00c0 propos<\/h1>\n\n\n\n<p>Le Festival Cin\u00e9 Jeunesse Suisse est organis\u00e9 en tant qu\u2019association d\u2019utilit\u00e9 publique. L\u2019organisation du festival incombe \u00e0 la direction soutenue par le stagiaire ainsi que l\u2019\u00e9quipe de travailleurs b\u00e9n\u00e9voles de l\u2019\u00e9quipe. Chaque ann\u00e9e, divers b\u00e9n\u00e9voles viennent contribuer au festival.<\/p>\n\n\n\n<div class=\"wp-block-group jf-group-teasers\"><div class=\"wp-block-group__inner-container is-layout-constrained wp-block-group-is-layout-constrained\">\n<div class=\"wp-block-group jf-group-teaser\"><div class=\"wp-block-group__inner-container is-layout-constrained wp-block-group-is-layout-constrained\">\n<h3 class=\"wp-block-heading\">Team<\/h3>\n\n\n\n<p>Qui travaille dans les coulisses du festival.<\/p>\n\n\n\n<div class=\"wp-block-buttons is-layout-flex wp-block-buttons-is-layout-flex\">\n<div class=\"wp-block-button\"><a class=\"wp-block-button__link wp-element-button\" href=\"https:\/\/jugendfilmtage.ch\/fr\/a-propos-de-nous\/team\/\">En savoir plus<\/a><\/div>\n<\/div>\n<\/div><\/div>\n\n\n\n<div class=\"wp-block-group jf-group-teaser\"><div class=\"wp-block-group__inner-container is-layout-constrained wp-block-group-is-layout-constrained\">\n<h3 class=\"wp-block-heading\">Comit\u00e9 de patronage<\/h3>\n\n\n\n<p>Quelques autres personnes qui soutiennent le festival.<\/p>\n\n\n\n<div class=\"wp-block-buttons is-layout-flex wp-block-buttons-is-layout-flex\">\n<div class=\"wp-block-button\"><a class=\"wp-block-button__link wp-element-button\" href=\"https:\/\/jugendfilmtage.ch\/fr\/a-propos-de-nous\/comite-de-patronage\/\">En savoir plus<\/a><\/div>\n<\/div>\n<\/div><\/div>\n\n\n\n<div class=\"wp-block-group jf-group-teaser\"><div class=\"wp-block-group__inner-container is-layout-constrained wp-block-group-is-layout-constrained\">\n<h3 class=\"wp-block-heading\">R\u00e9seau<\/h3>\n\n\n\n<p>Notre r\u00e9seau est tr\u00e8s d\u00e9velopp\u00e9 &#8211; dans le domaine de la culture cin\u00e9matographique, de la formation cin\u00e9matographique, de la promotion du cin\u00e9ma.<\/p>\n\n\n\n<div class=\"wp-block-buttons is-layout-flex wp-block-buttons-is-layout-flex\">\n<div class=\"wp-block-button\"><a class=\"wp-block-button__link wp-element-button\" href=\"https:\/\/jugendfilmtage.ch\/fr\/a-propos-de-nous\/reseau\/\">En savoir plus<\/a><\/div>\n<\/div>\n<\/div><\/div>\n\n\n\n<div class=\"wp-block-group jf-group-teaser\"><div class=\"wp-block-group__inner-container is-layout-constrained wp-block-group-is-layout-constrained\">\n<h3 class=\"wp-block-heading\">Postes vacants<\/h3>\n\n\n\n<p>Il n&rsquo;y a pas de postes vacants en ce moment, mais revenez en \u00e9t\u00e9 !<\/p>\n\n\n\n<div class=\"wp-block-buttons is-layout-flex wp-block-buttons-is-layout-flex\">\n<div class=\"wp-block-button\"><a class=\"wp-block-button__link wp-element-button\" href=\"https:\/\/jugendfilmtage.ch\/fr\/a-propos-de-nous\/postes-vacants\/\">En savoir plus<\/a><\/div>\n<\/div>\n<\/div><\/div>\n\n\n\n<div class=\"wp-block-group jf-group-teaser\"><div class=\"wp-block-group__inner-container is-layout-constrained wp-block-group-is-layout-constrained\">\n<h3 class=\"wp-block-heading\">Soutenez-nous!<\/h3>\n\n\n\n<p>Toutes les contributions aident !<\/p>\n\n\n\n<div class=\"wp-block-buttons is-layout-flex wp-block-buttons-is-layout-flex\">\n<div class=\"wp-block-button\"><a class=\"wp-block-button__link wp-element-button\" href=\"https:\/\/jugendfilmtage.ch\/fr\/a-propos-de-nous\/soutenez-nous\/\">En savoir plus<\/a><\/div>\n<\/div>\n<\/div><\/div>\n\n\n\n<div class=\"wp-block-group jf-group-teaser\"><div class=\"wp-block-group__inner-container is-layout-constrained wp-block-group-is-layout-constrained\">\n<h3 class=\"wp-block-heading\">Contact<\/h3>\n\n\n\n<p>Nous sommes disponibles toute l&rsquo;ann\u00e9e.<\/p>\n\n\n\n<div class=\"wp-block-buttons is-layout-flex wp-block-buttons-is-layout-flex\">\n<div class=\"wp-block-button\"><a class=\"wp-block-button__link wp-element-button\" href=\"https:\/\/jugendfilmtage.ch\/fr\/a-propos-de-nous\/contact\/\">En savoir plus<\/a><\/div>\n<\/div>\n<\/div><\/div>\n<\/div><\/div>\n","protected":false},"excerpt":{"rendered":"<p>\u00c0 propos Le Festival Cin\u00e9 Jeunesse Suisse est organis\u00e9 en tant qu\u2019association d\u2019utilit\u00e9 publique. L\u2019organisation du festival incombe \u00e0 la direction soutenue par le stagiaire ainsi que l\u2019\u00e9quipe de travailleurs b\u00e9n\u00e9voles de l\u2019\u00e9quipe. Chaque ann\u00e9e, divers b\u00e9n\u00e9voles viennent contribuer au festival. Team Qui travaille dans les coulisses du festival. Comit\u00e9 de patronage Quelques autres personnes [&hellip;]<\/p>\n","protected":false},"author":2,"featured_media":0,"parent":0,"menu_order":12,"comment_status":"closed","ping_status":"closed","template":"","meta":{"_acf_changed":false,"footnotes":""},"class_list":["post-5863","page","type-page","status-publish","hentry"],"acf":[],"yoast_head":"<!-- This site is optimized with the Yoast SEO plugin v27.4 - https:\/\/yoast.com\/product\/yoast-seo-wordpress\/ -->\n<title>\u00c0 propos - FR Schweizer Jugendfilmtage<\/title>\n<meta name=\"description\" content=\"Le Festival Cin\u00e9 Jeunesse Suisse est organis\u00e9 en tant qu\u2019association d\u2019utilit\u00e9 publique.\" \/>\n<meta name=\"robots\" content=\"index, follow, max-snippet:-1, max-image-preview:large, max-video-preview:-1\" \/>\n<link rel=\"canonical\" href=\"https:\/\/jugendfilmtage.ch\/fr\/a-propos-de-nous\/\" \/>\n<meta property=\"og:locale\" content=\"fr_FR\" \/>\n<meta property=\"og:type\" content=\"article\" \/>\n<meta property=\"og:title\" content=\"\u00c0 propos - FR Schweizer Jugendfilmtage\" \/>\n<meta property=\"og:description\" content=\"Le Festival Cin\u00e9 Jeunesse Suisse est organis\u00e9 en tant qu\u2019association d\u2019utilit\u00e9 publique.\" \/>\n<meta property=\"og:url\" content=\"https:\/\/jugendfilmtage.ch\/fr\/a-propos-de-nous\/\" \/>\n<meta property=\"og:site_name\" content=\"FR Schweizer Jugendfilmtage\" \/>\n<meta property=\"article:publisher\" content=\"https:\/\/www.facebook.com\/Jugendfilmtage\" \/>\n<meta property=\"article:modified_time\" content=\"2024-10-15T15:00:10+00:00\" \/>\n<meta property=\"og:image\" content=\"https:\/\/jugendfilmtage.ch\/wp-content\/uploads\/2024\/01\/Teamfoto_Fun-scaled.jpg\" \/>\n\t<meta property=\"og:image:width\" content=\"2560\" \/>\n\t<meta property=\"og:image:height\" content=\"1707\" \/>\n\t<meta property=\"og:image:type\" content=\"image\/jpeg\" \/>\n<meta name=\"twitter:card\" content=\"summary_large_image\" \/>\n<meta name=\"twitter:site\" content=\"@jugendfilmtage\" \/>\n<meta name=\"twitter:label1\" content=\"Dur\u00e9e de lecture estim\u00e9e\" \/>\n\t<meta name=\"twitter:data1\" content=\"1 minute\" \/>\n<script type=\"application\/ld+json\" class=\"yoast-schema-graph\">{\"@context\":\"https:\\\/\\\/schema.org\",\"@graph\":[{\"@type\":\"WebPage\",\"@id\":\"https:\\\/\\\/jugendfilmtage.ch\\\/fr\\\/a-propos-de-nous\\\/\",\"url\":\"https:\\\/\\\/jugendfilmtage.ch\\\/fr\\\/a-propos-de-nous\\\/\",\"name\":\"\u00c0 propos - FR Schweizer Jugendfilmtage\",\"isPartOf\":{\"@id\":\"https:\\\/\\\/jugendfilmtage.ch\\\/fr\\\/#website\"},\"primaryImageOfPage\":{\"@id\":\"https:\\\/\\\/jugendfilmtage.ch\\\/fr\\\/a-propos-de-nous\\\/#primaryimage\"},\"image\":{\"@id\":\"https:\\\/\\\/jugendfilmtage.ch\\\/fr\\\/a-propos-de-nous\\\/#primaryimage\"},\"thumbnailUrl\":\"https:\\\/\\\/jugendfilmtage.ch\\\/wp-content\\\/uploads\\\/2024\\\/01\\\/Teamfoto_Fun-scaled.jpg\",\"datePublished\":\"2016-12-19T12:50:54+00:00\",\"dateModified\":\"2024-10-15T15:00:10+00:00\",\"description\":\"Le Festival Cin\u00e9 Jeunesse Suisse est organis\u00e9 en tant qu\u2019association d\u2019utilit\u00e9 publique.\",\"inLanguage\":\"fr-FR\",\"potentialAction\":[{\"@type\":\"ReadAction\",\"target\":[\"https:\\\/\\\/jugendfilmtage.ch\\\/fr\\\/a-propos-de-nous\\\/\"]}]},{\"@type\":\"ImageObject\",\"inLanguage\":\"fr-FR\",\"@id\":\"https:\\\/\\\/jugendfilmtage.ch\\\/fr\\\/a-propos-de-nous\\\/#primaryimage\",\"url\":\"https:\\\/\\\/jugendfilmtage.ch\\\/wp-content\\\/uploads\\\/2024\\\/01\\\/Teamfoto_Fun-scaled.jpg\",\"contentUrl\":\"https:\\\/\\\/jugendfilmtage.ch\\\/wp-content\\\/uploads\\\/2024\\\/01\\\/Teamfoto_Fun-scaled.jpg\"},{\"@type\":\"WebSite\",\"@id\":\"https:\\\/\\\/jugendfilmtage.ch\\\/fr\\\/#website\",\"url\":\"https:\\\/\\\/jugendfilmtage.ch\\\/fr\\\/\",\"name\":\"FR Schweizer Jugendfilmtage\",\"description\":\"FR Festival Cin\u00e9 Jeunesse Suisse\",\"potentialAction\":[{\"@type\":\"SearchAction\",\"target\":{\"@type\":\"EntryPoint\",\"urlTemplate\":\"https:\\\/\\\/jugendfilmtage.ch\\\/fr\\\/?s={search_term_string}\"},\"query-input\":{\"@type\":\"PropertyValueSpecification\",\"valueRequired\":true,\"valueName\":\"search_term_string\"}}],\"inLanguage\":\"fr-FR\"}]}<\/script>\n<!-- \/ Yoast SEO plugin. -->","yoast_head_json":{"title":"\u00c0 propos - FR Schweizer Jugendfilmtage","description":"Le Festival Cin\u00e9 Jeunesse Suisse est organis\u00e9 en tant qu\u2019association d\u2019utilit\u00e9 publique.","robots":{"index":"index","follow":"follow","max-snippet":"max-snippet:-1","max-image-preview":"max-image-preview:large","max-video-preview":"max-video-preview:-1"},"canonical":"https:\/\/jugendfilmtage.ch\/fr\/a-propos-de-nous\/","og_locale":"fr_FR","og_type":"article","og_title":"\u00c0 propos - FR Schweizer Jugendfilmtage","og_description":"Le Festival Cin\u00e9 Jeunesse Suisse est organis\u00e9 en tant qu\u2019association d\u2019utilit\u00e9 publique.","og_url":"https:\/\/jugendfilmtage.ch\/fr\/a-propos-de-nous\/","og_site_name":"FR Schweizer Jugendfilmtage","article_publisher":"https:\/\/www.facebook.com\/Jugendfilmtage","article_modified_time":"2024-10-15T15:00:10+00:00","og_image":[{"width":2560,"height":1707,"url":"https:\/\/jugendfilmtage.ch\/wp-content\/uploads\/2024\/01\/Teamfoto_Fun-scaled.jpg","type":"image\/jpeg"}],"twitter_card":"summary_large_image","twitter_site":"@jugendfilmtage","twitter_misc":{"Dur\u00e9e de lecture estim\u00e9e":"1 minute"},"schema":{"@context":"https:\/\/schema.org","@graph":[{"@type":"WebPage","@id":"https:\/\/jugendfilmtage.ch\/fr\/a-propos-de-nous\/","url":"https:\/\/jugendfilmtage.ch\/fr\/a-propos-de-nous\/","name":"\u00c0 propos - FR Schweizer Jugendfilmtage","isPartOf":{"@id":"https:\/\/jugendfilmtage.ch\/fr\/#website"},"primaryImageOfPage":{"@id":"https:\/\/jugendfilmtage.ch\/fr\/a-propos-de-nous\/#primaryimage"},"image":{"@id":"https:\/\/jugendfilmtage.ch\/fr\/a-propos-de-nous\/#primaryimage"},"thumbnailUrl":"https:\/\/jugendfilmtage.ch\/wp-content\/uploads\/2024\/01\/Teamfoto_Fun-scaled.jpg","datePublished":"2016-12-19T12:50:54+00:00","dateModified":"2024-10-15T15:00:10+00:00","description":"Le Festival Cin\u00e9 Jeunesse Suisse est organis\u00e9 en tant qu\u2019association d\u2019utilit\u00e9 publique.","inLanguage":"fr-FR","potentialAction":[{"@type":"ReadAction","target":["https:\/\/jugendfilmtage.ch\/fr\/a-propos-de-nous\/"]}]},{"@type":"ImageObject","inLanguage":"fr-FR","@id":"https:\/\/jugendfilmtage.ch\/fr\/a-propos-de-nous\/#primaryimage","url":"https:\/\/jugendfilmtage.ch\/wp-content\/uploads\/2024\/01\/Teamfoto_Fun-scaled.jpg","contentUrl":"https:\/\/jugendfilmtage.ch\/wp-content\/uploads\/2024\/01\/Teamfoto_Fun-scaled.jpg"},{"@type":"WebSite","@id":"https:\/\/jugendfilmtage.ch\/fr\/#website","url":"https:\/\/jugendfilmtage.ch\/fr\/","name":"FR Schweizer Jugendfilmtage","description":"FR Festival Cin\u00e9 Jeunesse Suisse","potentialAction":[{"@type":"SearchAction","target":{"@type":"EntryPoint","urlTemplate":"https:\/\/jugendfilmtage.ch\/fr\/?s={search_term_string}"},"query-input":{"@type":"PropertyValueSpecification","valueRequired":true,"valueName":"search_term_string"}}],"inLanguage":"fr-FR"}]}},"_links":{"self":[{"href":"https:\/\/jugendfilmtage.ch\/fr\/wp-json\/wp\/v2\/pages\/5863","targetHints":{"allow":["GET"]}}],"collection":[{"href":"https:\/\/jugendfilmtage.ch\/fr\/wp-json\/wp\/v2\/pages"}],"about":[{"href":"https:\/\/jugendfilmtage.ch\/fr\/wp-json\/wp\/v2\/types\/page"}],"author":[{"embeddable":true,"href":"https:\/\/jugendfilmtage.ch\/fr\/wp-json\/wp\/v2\/users\/2"}],"replies":[{"embeddable":true,"href":"https:\/\/jugendfilmtage.ch\/fr\/wp-json\/wp\/v2\/comments?post=5863"}],"version-history":[{"count":13,"href":"https:\/\/jugendfilmtage.ch\/fr\/wp-json\/wp\/v2\/pages\/5863\/revisions"}],"predecessor-version":[{"id":27509,"href":"https:\/\/jugendfilmtage.ch\/fr\/wp-json\/wp\/v2\/pages\/5863\/revisions\/27509"}],"wp:attachment":[{"href":"https:\/\/jugendfilmtage.ch\/fr\/wp-json\/wp\/v2\/media?parent=5863"}],"curies":[{"name":"wp","href":"https:\/\/api.w.org\/{rel}","templated":true}]}}