{"id":5854,"date":"2016-12-19T12:46:36","date_gmt":"2016-12-19T12:46:36","guid":{"rendered":"http:\/\/17.jugendfilmtage.ch\/fr\/?page_id=5854"},"modified":"2024-01-27T10:18:40","modified_gmt":"2024-01-27T09:18:40","slug":"inscription","status":"publish","type":"page","link":"https:\/\/jugendfilmtage.ch\/fr\/filmcoaching\/inscription\/","title":{"rendered":"Inscription"},"content":{"rendered":"\n<h1 class=\"wp-block-heading\">Ateliers de cin\u00e9ma: Inscription<\/h1>\n\n\n\n<h2 class=\"wp-block-heading\">Conditions de participation<\/h2>\n\n\n\n<p>Les ateliers sont destin\u00e9s aux classe d&rsquo;\u00e9cole \/ groupes de jeunes (au moins trois personnes) \u00e2g\u00e9s de&nbsp;9 \u00e0 19 ans maximum.<\/p>\n\n\n\n<h2 class=\"wp-block-heading\">Inscription<\/h2>\n\n\n\n<p>La p\u00e9riode d\u2019inscription pour les ateliers de cin\u00e9ma gratuits 2023 est termin\u00e9e.<span class=\"Apple-converted-space\"><br><\/span>L\u2019ann\u00e9e prochaine, nous accepterons \u00e0 nouveau les inscriptions \u00e0 partir de juin 2024.<span class=\"Apple-converted-space\"><br><\/span>Inscrivez-vous \u00e0 notre <a href=\"https:\/\/jugendfilmtage.ch\/fr\/nous\/newsletter\/\">newsletter<\/a> pour \u00eatre inform\u00e9.<\/p>\n\n\n\n<h2 class=\"wp-block-heading\">Conditions<\/h2>\n\n\n\n<p>Avec l\u2019inscription, les groupes s\u2019engagent \u00e0 fournir les prestations suivantes:<\/p>\n\n\n\n<ul class=\"wp-block-list\">\n<li>Chaque classe d&rsquo;\u00e9cole \/ groupe organise l\u2019\u00e9quipement cin\u00e9matographique (cam\u00e9ra, microphone, banc de montage, etc.) et en assume les \u00e9ventuels frais. Vous trouverez des conseils concernant le mat\u00e9riel requis&nbsp;<a href=\"https:\/\/jugendfilmtage.ch\/wp-content\/uploads\/2021\/04\/Update-Unterlagen_Podium_Dossier_Joel_korr.pdf\">ici <\/a>(allemand).<\/li>\n\n\n\n<li>Avant l&rsquo;atelier, les classe d&rsquo;\u00e9coles \/ groupes doivent d\u00e9velopper <strong>eux-m\u00eames une ou deux id\u00e9es de film<\/strong> et les partager avec le\u00b7la responsable de l&rsquo;atelier \u00e0 l&rsquo;avance. Pour soutenir le d\u00e9veloppement de l&rsquo;id\u00e9e du film, les classe d&rsquo;\u00e9coles \/ groupes recevront un dossier du Festival du film suisse pour la jeunesse. <strong>Il est important de pr\u00e9voir suffisamment de temps pour le d\u00e9veloppement de l&rsquo;id\u00e9e du film.<\/strong><\/li>\n\n\n\n<li><strong>Les ateliers exigent de l\u2019engagement de la part des participant\u00b7e\u00b7s. La classe d&rsquo;\u00e9cole \/ le groupe pr\u00e9voit ainsi suffisamment de temps pour la pr\u00e9paration et l\u2019approfondissement des ateliers.<\/strong> Le\u00b7la directeur\u00b7trice du groupe est pr\u00e9sent\u00b7e pour toute la dur\u00e9e de l\u2019atelier et soutient l\u2019animateur\u00b7trice de l\u2019atelier.<\/li>\n\n\n\n<li>Documentation photographique de l\u2019atelier et remise d\u2019une liste de participant\u00b7e\u00b7s.<\/li>\n\n\n\n<li>Montage d\u2019un g\u00e9n\u00e9rique pr\u00e9d\u00e9fini (\u00abCe film a \u00e9t\u00e9 r\u00e9alis\u00e9 dans le cadre des ateliers du Festival Cin\u00e9 Jeunesse\u00bb) avec le soutien de l\u2019animateur\u00b7trice de l\u2019atelier.<\/li>\n\n\n\n<li>Le film achev\u00e9 est \u00e0 remettre au Festival Cin\u00e9 Jeunesse Suisse dans les cat\u00e9gories d&rsquo;\u00e2ge appropri\u00e9es.<\/li>\n<\/ul>\n","protected":false},"excerpt":{"rendered":"<p>Ateliers de cin\u00e9ma: Inscription Conditions de participation Les ateliers sont destin\u00e9s aux classe d&rsquo;\u00e9cole \/ groupes de jeunes (au moins trois personnes) \u00e2g\u00e9s de&nbsp;9 \u00e0 19 ans maximum. Inscription La p\u00e9riode d\u2019inscription pour les ateliers de cin\u00e9ma gratuits 2023 est termin\u00e9e.L\u2019ann\u00e9e prochaine, nous accepterons \u00e0 nouveau les inscriptions \u00e0 partir de juin 2024.Inscrivez-vous \u00e0 notre [&hellip;]<\/p>\n","protected":false},"author":10,"featured_media":0,"parent":5846,"menu_order":3,"comment_status":"closed","ping_status":"closed","template":"","meta":{"_acf_changed":false,"footnotes":""},"class_list":["post-5854","page","type-page","status-publish","hentry"],"acf":[],"yoast_head":"<!-- This site is optimized with the Yoast SEO plugin v27.4 - https:\/\/yoast.com\/product\/yoast-seo-wordpress\/ -->\n<title>Inscription - FR Schweizer Jugendfilmtage<\/title>\n<meta name=\"description\" content=\"Ateliers de cin\u00e9ma: Inscription Conditions de participation Les ateliers sont destin\u00e9s aux classe d&#039;\u00e9cole \/ groupes de jeunes (au moins trois personnes)\" \/>\n<meta name=\"robots\" content=\"index, follow, max-snippet:-1, max-image-preview:large, max-video-preview:-1\" \/>\n<link rel=\"canonical\" href=\"https:\/\/jugendfilmtage.ch\/fr\/filmcoaching\/inscription\/\" \/>\n<meta property=\"og:locale\" content=\"fr_FR\" \/>\n<meta property=\"og:type\" content=\"article\" \/>\n<meta property=\"og:title\" content=\"Inscription - FR Schweizer Jugendfilmtage\" \/>\n<meta property=\"og:description\" content=\"Ateliers de cin\u00e9ma: Inscription Conditions de participation Les ateliers sont destin\u00e9s aux classe d&#039;\u00e9cole \/ groupes de jeunes (au moins trois personnes)\" \/>\n<meta property=\"og:url\" content=\"https:\/\/jugendfilmtage.ch\/fr\/filmcoaching\/inscription\/\" \/>\n<meta property=\"og:site_name\" content=\"FR Schweizer Jugendfilmtage\" \/>\n<meta property=\"article:publisher\" content=\"https:\/\/www.facebook.com\/Jugendfilmtage\" \/>\n<meta property=\"article:modified_time\" content=\"2024-01-27T09:18:40+00:00\" \/>\n<meta name=\"twitter:card\" content=\"summary_large_image\" \/>\n<meta name=\"twitter:site\" content=\"@jugendfilmtage\" \/>\n<meta name=\"twitter:label1\" content=\"Dur\u00e9e de lecture estim\u00e9e\" \/>\n\t<meta name=\"twitter:data1\" content=\"2 minutes\" \/>\n<script type=\"application\/ld+json\" class=\"yoast-schema-graph\">{\"@context\":\"https:\\\/\\\/schema.org\",\"@graph\":[{\"@type\":\"WebPage\",\"@id\":\"https:\\\/\\\/jugendfilmtage.ch\\\/fr\\\/filmcoaching\\\/inscription\\\/\",\"url\":\"https:\\\/\\\/jugendfilmtage.ch\\\/fr\\\/filmcoaching\\\/inscription\\\/\",\"name\":\"Inscription - FR Schweizer Jugendfilmtage\",\"isPartOf\":{\"@id\":\"https:\\\/\\\/jugendfilmtage.ch\\\/fr\\\/#website\"},\"datePublished\":\"2016-12-19T12:46:36+00:00\",\"dateModified\":\"2024-01-27T09:18:40+00:00\",\"description\":\"Ateliers de cin\u00e9ma: Inscription Conditions de participation Les ateliers sont destin\u00e9s aux classe d'\u00e9cole \\\/ groupes de jeunes (au moins trois personnes)\",\"breadcrumb\":{\"@id\":\"https:\\\/\\\/jugendfilmtage.ch\\\/fr\\\/filmcoaching\\\/inscription\\\/#breadcrumb\"},\"inLanguage\":\"fr-FR\",\"potentialAction\":[{\"@type\":\"ReadAction\",\"target\":[\"https:\\\/\\\/jugendfilmtage.ch\\\/fr\\\/filmcoaching\\\/inscription\\\/\"]}]},{\"@type\":\"BreadcrumbList\",\"@id\":\"https:\\\/\\\/jugendfilmtage.ch\\\/fr\\\/filmcoaching\\\/inscription\\\/#breadcrumb\",\"itemListElement\":[{\"@type\":\"ListItem\",\"position\":1,\"name\":\"Film Coaching\",\"item\":\"https:\\\/\\\/jugendfilmtage.ch\\\/fr\\\/filmcoaching\\\/\"},{\"@type\":\"ListItem\",\"position\":2,\"name\":\"Inscription\"}]},{\"@type\":\"WebSite\",\"@id\":\"https:\\\/\\\/jugendfilmtage.ch\\\/fr\\\/#website\",\"url\":\"https:\\\/\\\/jugendfilmtage.ch\\\/fr\\\/\",\"name\":\"FR Schweizer Jugendfilmtage\",\"description\":\"FR Festival Cin\u00e9 Jeunesse Suisse\",\"potentialAction\":[{\"@type\":\"SearchAction\",\"target\":{\"@type\":\"EntryPoint\",\"urlTemplate\":\"https:\\\/\\\/jugendfilmtage.ch\\\/fr\\\/?s={search_term_string}\"},\"query-input\":{\"@type\":\"PropertyValueSpecification\",\"valueRequired\":true,\"valueName\":\"search_term_string\"}}],\"inLanguage\":\"fr-FR\"}]}<\/script>\n<!-- \/ Yoast SEO plugin. -->","yoast_head_json":{"title":"Inscription - FR Schweizer Jugendfilmtage","description":"Ateliers de cin\u00e9ma: Inscription Conditions de participation Les ateliers sont destin\u00e9s aux classe d'\u00e9cole \/ groupes de jeunes (au moins trois personnes)","robots":{"index":"index","follow":"follow","max-snippet":"max-snippet:-1","max-image-preview":"max-image-preview:large","max-video-preview":"max-video-preview:-1"},"canonical":"https:\/\/jugendfilmtage.ch\/fr\/filmcoaching\/inscription\/","og_locale":"fr_FR","og_type":"article","og_title":"Inscription - FR Schweizer Jugendfilmtage","og_description":"Ateliers de cin\u00e9ma: Inscription Conditions de participation Les ateliers sont destin\u00e9s aux classe d'\u00e9cole \/ groupes de jeunes (au moins trois personnes)","og_url":"https:\/\/jugendfilmtage.ch\/fr\/filmcoaching\/inscription\/","og_site_name":"FR Schweizer Jugendfilmtage","article_publisher":"https:\/\/www.facebook.com\/Jugendfilmtage","article_modified_time":"2024-01-27T09:18:40+00:00","twitter_card":"summary_large_image","twitter_site":"@jugendfilmtage","twitter_misc":{"Dur\u00e9e de lecture estim\u00e9e":"2 minutes"},"schema":{"@context":"https:\/\/schema.org","@graph":[{"@type":"WebPage","@id":"https:\/\/jugendfilmtage.ch\/fr\/filmcoaching\/inscription\/","url":"https:\/\/jugendfilmtage.ch\/fr\/filmcoaching\/inscription\/","name":"Inscription - FR Schweizer Jugendfilmtage","isPartOf":{"@id":"https:\/\/jugendfilmtage.ch\/fr\/#website"},"datePublished":"2016-12-19T12:46:36+00:00","dateModified":"2024-01-27T09:18:40+00:00","description":"Ateliers de cin\u00e9ma: Inscription Conditions de participation Les ateliers sont destin\u00e9s aux classe d'\u00e9cole \/ groupes de jeunes (au moins trois personnes)","breadcrumb":{"@id":"https:\/\/jugendfilmtage.ch\/fr\/filmcoaching\/inscription\/#breadcrumb"},"inLanguage":"fr-FR","potentialAction":[{"@type":"ReadAction","target":["https:\/\/jugendfilmtage.ch\/fr\/filmcoaching\/inscription\/"]}]},{"@type":"BreadcrumbList","@id":"https:\/\/jugendfilmtage.ch\/fr\/filmcoaching\/inscription\/#breadcrumb","itemListElement":[{"@type":"ListItem","position":1,"name":"Film Coaching","item":"https:\/\/jugendfilmtage.ch\/fr\/filmcoaching\/"},{"@type":"ListItem","position":2,"name":"Inscription"}]},{"@type":"WebSite","@id":"https:\/\/jugendfilmtage.ch\/fr\/#website","url":"https:\/\/jugendfilmtage.ch\/fr\/","name":"FR Schweizer Jugendfilmtage","description":"FR Festival Cin\u00e9 Jeunesse Suisse","potentialAction":[{"@type":"SearchAction","target":{"@type":"EntryPoint","urlTemplate":"https:\/\/jugendfilmtage.ch\/fr\/?s={search_term_string}"},"query-input":{"@type":"PropertyValueSpecification","valueRequired":true,"valueName":"search_term_string"}}],"inLanguage":"fr-FR"}]}},"_links":{"self":[{"href":"https:\/\/jugendfilmtage.ch\/fr\/wp-json\/wp\/v2\/pages\/5854","targetHints":{"allow":["GET"]}}],"collection":[{"href":"https:\/\/jugendfilmtage.ch\/fr\/wp-json\/wp\/v2\/pages"}],"about":[{"href":"https:\/\/jugendfilmtage.ch\/fr\/wp-json\/wp\/v2\/types\/page"}],"author":[{"embeddable":true,"href":"https:\/\/jugendfilmtage.ch\/fr\/wp-json\/wp\/v2\/users\/10"}],"replies":[{"embeddable":true,"href":"https:\/\/jugendfilmtage.ch\/fr\/wp-json\/wp\/v2\/comments?post=5854"}],"version-history":[{"count":36,"href":"https:\/\/jugendfilmtage.ch\/fr\/wp-json\/wp\/v2\/pages\/5854\/revisions"}],"predecessor-version":[{"id":22496,"href":"https:\/\/jugendfilmtage.ch\/fr\/wp-json\/wp\/v2\/pages\/5854\/revisions\/22496"}],"up":[{"embeddable":true,"href":"https:\/\/jugendfilmtage.ch\/fr\/wp-json\/wp\/v2\/pages\/5846"}],"wp:attachment":[{"href":"https:\/\/jugendfilmtage.ch\/fr\/wp-json\/wp\/v2\/media?parent=5854"}],"curies":[{"name":"wp","href":"https:\/\/api.w.org\/{rel}","templated":true}]}}