{"id":5852,"date":"2024-10-15T15:41:07","date_gmt":"2024-10-15T13:41:07","guid":{"rendered":"http:\/\/17.jugendfilmtage.ch\/fr\/?page_id=5852"},"modified":"2025-06-11T12:32:30","modified_gmt":"2025-06-11T10:32:30","slug":"faq-filmcoaching","status":"publish","type":"page","link":"https:\/\/jugendfilmtage.ch\/fr\/filmcoaching\/faq-filmcoaching\/","title":{"rendered":"FAQ Film Coaching"},"content":{"rendered":"\n<figure data-wp-context=\"{&quot;imageId&quot;:&quot;69e25006a814c&quot;}\" data-wp-interactive=\"core\/image\" data-wp-key=\"69e25006a814c\" class=\"wp-block-image size-full wp-lightbox-container\"><img loading=\"lazy\" decoding=\"async\" width=\"800\" height=\"533\" data-wp-class--hide=\"state.isContentHidden\" data-wp-class--show=\"state.isContentVisible\" data-wp-init=\"callbacks.setButtonStyles\" data-wp-on--click=\"actions.showLightbox\" data-wp-on--load=\"callbacks.setButtonStyles\" data-wp-on-window--resize=\"callbacks.setButtonStyles\" src=\"https:\/\/jugendfilmtage.ch\/wp-content\/uploads\/2024\/02\/jft-gallery-C28A1079-800x533-1.jpg\" alt=\"Festival Cin\u00e9 Jeunesse\" class=\"wp-image-23470\" srcset=\"https:\/\/jugendfilmtage.ch\/wp-content\/uploads\/2024\/02\/jft-gallery-C28A1079-800x533-1.jpg 800w, https:\/\/jugendfilmtage.ch\/wp-content\/uploads\/2024\/02\/jft-gallery-C28A1079-800x533-1-300x200.jpg 300w, https:\/\/jugendfilmtage.ch\/wp-content\/uploads\/2024\/02\/jft-gallery-C28A1079-800x533-1-280x186.jpg 280w, https:\/\/jugendfilmtage.ch\/wp-content\/uploads\/2024\/02\/jft-gallery-C28A1079-800x533-1-768x512.jpg 768w\" sizes=\"auto, (max-width: 800px) 100vw, 800px\" \/><button\n\t\t\tclass=\"lightbox-trigger\"\n\t\t\ttype=\"button\"\n\t\t\taria-haspopup=\"dialog\"\n\t\t\taria-label=\"Agrandir\"\n\t\t\tdata-wp-init=\"callbacks.initTriggerButton\"\n\t\t\tdata-wp-on--click=\"actions.showLightbox\"\n\t\t\tdata-wp-style--right=\"state.imageButtonRight\"\n\t\t\tdata-wp-style--top=\"state.imageButtonTop\"\n\t\t>\n\t\t\t<svg xmlns=\"http:\/\/www.w3.org\/2000\/svg\" width=\"12\" height=\"12\" fill=\"none\" viewBox=\"0 0 12 12\">\n\t\t\t\t<path fill=\"#fff\" d=\"M2 0a2 2 0 0 0-2 2v2h1.5V2a.5.5 0 0 1 .5-.5h2V0H2Zm2 10.5H2a.5.5 0 0 1-.5-.5V8H0v2a2 2 0 0 0 2 2h2v-1.5ZM8 12v-1.5h2a.5.5 0 0 0 .5-.5V8H12v2a2 2 0 0 1-2 2H8Zm2-12a2 2 0 0 1 2 2v2h-1.5V2a.5.5 0 0 0-.5-.5H8V0h2Z\" \/>\n\t\t\t<\/svg>\n\t\t<\/button><\/figure>\n\n\n\n<h1 class=\"wp-block-heading\">FAQ Film Coaching<\/h1>\n\n\n\n<p>Les questions les plus fr\u00e9quentes concernant le Film Coaching du Festival Cin\u00e9 Jeunesse Suisse sont r\u00e9pondues ici.<\/p>\n\n\n<style>.kb-table-of-content-nav.kb-table-of-content-id5852_f61ce7-38 .kb-table-of-content-wrap{padding-top:var(--global-kb-spacing-sm, 1.5rem);padding-right:var(--global-kb-spacing-sm, 1.5rem);padding-bottom:var(--global-kb-spacing-sm, 1.5rem);padding-left:var(--global-kb-spacing-sm, 1.5rem);}.kb-table-of-content-nav.kb-table-of-content-id5852_f61ce7-38 .kb-table-of-contents-title-wrap{padding-top:0px;padding-right:0px;padding-bottom:0px;padding-left:0px;}.kb-table-of-content-nav.kb-table-of-content-id5852_f61ce7-38 .kb-table-of-contents-title{font-weight:regular;font-style:normal;}.kb-table-of-content-nav.kb-table-of-content-id5852_f61ce7-38 .kb-table-of-content-wrap .kb-table-of-content-list{font-weight:regular;font-style:normal;margin-top:var(--global-kb-spacing-sm, 1.5rem);margin-right:0px;margin-bottom:0px;margin-left:0px;}<\/style>\n\n\n<h2 class=\"wp-block-heading\">Pour les animateur\u00b7trice\u00b7s de groupes et enseignants<\/h2>\n\n\n\n<h3 class=\"wp-block-heading\">Pourquoi participer avec votre classe ou groupe de jeunes \u00e0 un Film Coaching ?<\/h3>\n\n\n\n<p>Les jeunes s\u2019int\u00e9ressent aux films et aux th\u00e9matiques cin\u00e9matographiques. Gr\u00e2ce au Film Coaching du Festival Cin\u00e9 Jeunesse Suisse, ils sont initi\u00e9s de mani\u00e8re m\u00e9di\u00e9ducative au m\u00e9dia film. De plus, ils travaillent sur un sujet choisi par eux-m\u00eames et doivent trouver leur propre point de vue \u00e0 ce sujet.<br>Si le film est s\u00e9lectionn\u00e9 et projet\u00e9 au Festival Cin\u00e9 Jeunesse Suisse, cela peut renforcer la confiance en soi des jeunes, favoriser la coh\u00e9sion de groupe et leur permettre de ressentir leur propre efficacit\u00e9.<\/p>\n\n\n\n<h3 class=\"wp-block-heading\">L\u2019encadrement propos\u00e9 pendant le Film Coaching suffit-il pour r\u00e9aliser un film ?<\/h3>\n\n\n\n<p>Le temps pendant le Film Coaching ne suffit pas \u00e0 terminer compl\u00e8tement le film. Vous devez pr\u00e9voir avec votre classe ou groupe au moins une semaine de temps suppl\u00e9mentaire avant, entre et apr\u00e8s les journ\u00e9es de coaching. (Faire des films n\u2019est pas difficile, mais cela demande du temps.) Nous avons souvent constat\u00e9 que les jeunes participant\u00b7e\u00b7s aiment continuer \u00e0 travailler sur leur projet durant leur temps libre \u2014 ainsi, presque chaque groupe a jusqu\u2019\u00e0 pr\u00e9sent r\u00e9ussi \u00e0 r\u00e9aliser son propre film.<\/p>\n\n\n\n<h3 class=\"wp-block-heading\">Pourquoi le Film Coaching est-il gratuit ?<\/h3>\n\n\n\n<p>\u00c0 nos yeux, il est essentiel que les jeunes soient activement familiaris\u00e9s avec la r\u00e9alisation de films. C\u2019est pourquoi nous nous engageons \u00e0 chercher des financements pour proposer le Film Coaching gratuitement. Nous sommes soutenus par des fondations, des particuliers et les pouvoirs publics.<br>Si vous avez besoin de plus d\u2019encadrement ou de soutien et que vous envisagez un financement compl\u00e9mentaire, vous pouvez par exemple vous adresser \u00e0 votre commune. Il arrive souvent qu\u2019une petite caisse y soit disponible.<\/p>\n\n\n\n<h3 class=\"wp-block-heading\">Devrais-je approfondir le th\u00e8me du cin\u00e9ma avec ma classe ou mon groupe de jeunes ?<\/h3>\n\n\n\n<p>Pour bien comprendre les films, l\u2019exp\u00e9rience pratique ne suffit pas : des le\u00e7ons th\u00e9oriques sont tout aussi importantes. N\u2019h\u00e9sitez donc pas \u00e0 int\u00e9grer des s\u00e9ances d\u2019analyse de films, de r\u00e9ception cin\u00e9matographique ou d\u2019histoire du cin\u00e9ma dans votre programme. Le film et les images en mouvement sont les m\u00e9dias dominants de notre \u00e9poque. Apprendre \u00e0\u00a0<em>lire<\/em>\u00a0les films est aussi essentiel qu\u2019apprendre \u00e0 lire des livres. <\/p>\n\n\n\n<h2 class=\"wp-block-heading\">Pour les jeunes<\/h2>\n\n\n\n<h3 class=\"wp-block-heading\">Nous sommes \u00e0 deux. Est-ce que \u00e7a suffit pour former un groupe ?<\/h3>\n\n\n\n<p>Pas tout \u00e0 fait. Nous soutenons les groupes de jeunes \u00e0 partir de trois personnes. Mieux encore: les groupes de 10 jeunes. La r\u00e9alisation de films est en grande partie un travail d\u2019\u00e9quipe, et vous avez certainement encore des amis qui peuvent participer \u00e0 votre projet (musique, costumes, \u00e9clairage, interpr\u00e9tation des personnages\u2026).<\/p>\n\n\n\n<h3 class=\"wp-block-heading\">J\u2019ai d\u00e9j\u00e0 r\u00e9alis\u00e9 des films \u2013 dans quelle mesure pourrais-je profiter de votre offre?<\/h3>\n\n\n\n<p>Oui, tout \u00e0 fait. Le Film Coaching vous permet de b\u00e9n\u00e9ficier de conseils et d\u2019un accompagnement personnalis\u00e9 par des professionnel\u00b7le\u00b7s du cin\u00e9ma. Nos coachs ont beaucoup d\u2019exp\u00e9rience et peuvent aussi vous aider \u00e0 r\u00e9soudre des questions ou des probl\u00e8mes sp\u00e9cifiques. <\/p>\n\n\n\n<h3 class=\"wp-block-heading\">Pouvons-nous utiliser la musique de groupes et de musicien\u00b7ne\u00b7s connu\u00b7e\u00b7s ?<\/h3>\n\n\n\n<p>En principe, vous ne pouvez pas utiliser la musique d\u2019un\u00b7e artiste ou d\u2019un groupe sans son autorisation. Il faut contacter le label concern\u00e9 et payer les droits d\u2019utilisation. Cela vaut aussi si vous avez t\u00e9l\u00e9charg\u00e9 les morceaux sur Internet.<\/p>\n\n\n\n<p>Mais de nombreuses alternatives existent :<\/p>\n\n\n\n<ul class=\"wp-block-list\">\n<li>composer votre propre musique<\/li>\n\n\n\n<li>demander \u00e0 un groupe ou \u00e0 un\u00b7e musicien\u00b7ne de collaborer<\/li>\n\n\n\n<li>chercher de la musique libre de droits (par exemple sous licence Creative Commons, sur des plateformes comme Jamendo)<\/li>\n<\/ul>\n\n\n\n<h3 class=\"wp-block-heading\">\u00c0 qui appartient le film une fois termin\u00e9 ?<\/h3>\n\n\n\n<p>Le film vous appartient. Apr\u00e8s sa projection au Festival Cin\u00e9 Jeunesse Suisse, vous \u00eates libres d\u2019en disposer comme vous le souhaitez.<\/p>\n\n\n\n<p>Le Festival Cin\u00e9 Jeunesse Suisse se r\u00e9serve toutefois les droits suivants :<\/p>\n\n\n\n<ul class=\"wp-block-list\">\n<li>Le droit de la premi\u00e8re diffusion publique. Merci de ne pas publier le film en ligne (par ex. sur YouTube) sans notre accord pr\u00e9alable. Les avant-premi\u00e8res priv\u00e9es sont en revanche autoris\u00e9es.<\/li>\n\n\n\n<li>Le droit de publier les films sur la cha\u00eene YouTube du Festival.<\/li>\n<\/ul>\n","protected":false},"excerpt":{"rendered":"<p>FAQ Film Coaching Les questions les plus fr\u00e9quentes concernant le Film Coaching du Festival Cin\u00e9 Jeunesse Suisse sont r\u00e9pondues ici. Pour les animateur\u00b7trice\u00b7s de groupes et enseignants Pourquoi participer avec votre classe ou groupe de jeunes \u00e0 un Film Coaching ? Les jeunes s\u2019int\u00e9ressent aux films et aux th\u00e9matiques cin\u00e9matographiques. Gr\u00e2ce au Film Coaching du [&hellip;]<\/p>\n","protected":false},"author":14,"featured_media":0,"parent":5846,"menu_order":0,"comment_status":"closed","ping_status":"closed","template":"","meta":{"_acf_changed":false,"footnotes":""},"class_list":["post-5852","page","type-page","status-publish","hentry"],"acf":[],"yoast_head":"<!-- This site is optimized with the Yoast SEO plugin v27.4 - https:\/\/yoast.com\/product\/yoast-seo-wordpress\/ -->\n<title>FAQ Film Coaching - FR Schweizer Jugendfilmtage<\/title>\n<meta name=\"description\" content=\"Ici les r\u00e9ponses aux questions les plus fr\u00e9quemment pos\u00e9es sur l&#039;ateliers de cin\u00e9ma gratuit du Festival Cin\u00e9 Jeunesse Suisse.\" \/>\n<meta name=\"robots\" content=\"index, follow, max-snippet:-1, max-image-preview:large, max-video-preview:-1\" \/>\n<link rel=\"canonical\" href=\"https:\/\/jugendfilmtage.ch\/fr\/filmcoaching\/faq-filmcoaching\/\" \/>\n<meta property=\"og:locale\" content=\"fr_FR\" \/>\n<meta property=\"og:type\" content=\"article\" \/>\n<meta property=\"og:title\" content=\"FAQ Film Coaching - FR Schweizer Jugendfilmtage\" \/>\n<meta property=\"og:description\" content=\"Ici les r\u00e9ponses aux questions les plus fr\u00e9quemment pos\u00e9es sur l&#039;ateliers de cin\u00e9ma gratuit du Festival Cin\u00e9 Jeunesse Suisse.\" \/>\n<meta property=\"og:url\" content=\"https:\/\/jugendfilmtage.ch\/fr\/filmcoaching\/faq-filmcoaching\/\" \/>\n<meta property=\"og:site_name\" content=\"FR Schweizer Jugendfilmtage\" \/>\n<meta property=\"article:publisher\" content=\"https:\/\/www.facebook.com\/Jugendfilmtage\" \/>\n<meta property=\"article:modified_time\" content=\"2025-06-11T10:32:30+00:00\" \/>\n<meta property=\"og:image\" content=\"https:\/\/jugendfilmtage.ch\/wp-content\/uploads\/2024\/02\/jft-gallery-C28A1079-800x533-1.jpg\" \/>\n\t<meta property=\"og:image:width\" content=\"800\" \/>\n\t<meta property=\"og:image:height\" content=\"533\" \/>\n\t<meta property=\"og:image:type\" content=\"image\/jpeg\" \/>\n<meta name=\"twitter:card\" content=\"summary_large_image\" \/>\n<meta name=\"twitter:site\" content=\"@jugendfilmtage\" \/>\n<meta name=\"twitter:label1\" content=\"Dur\u00e9e de lecture estim\u00e9e\" \/>\n\t<meta name=\"twitter:data1\" content=\"4 minutes\" \/>\n<script type=\"application\/ld+json\" class=\"yoast-schema-graph\">{\"@context\":\"https:\\\/\\\/schema.org\",\"@graph\":[{\"@type\":\"WebPage\",\"@id\":\"https:\\\/\\\/jugendfilmtage.ch\\\/fr\\\/filmcoaching\\\/faq-filmcoaching\\\/\",\"url\":\"https:\\\/\\\/jugendfilmtage.ch\\\/fr\\\/filmcoaching\\\/faq-filmcoaching\\\/\",\"name\":\"FAQ Film Coaching - FR Schweizer Jugendfilmtage\",\"isPartOf\":{\"@id\":\"https:\\\/\\\/jugendfilmtage.ch\\\/fr\\\/#website\"},\"primaryImageOfPage\":{\"@id\":\"https:\\\/\\\/jugendfilmtage.ch\\\/fr\\\/filmcoaching\\\/faq-filmcoaching\\\/#primaryimage\"},\"image\":{\"@id\":\"https:\\\/\\\/jugendfilmtage.ch\\\/fr\\\/filmcoaching\\\/faq-filmcoaching\\\/#primaryimage\"},\"thumbnailUrl\":\"https:\\\/\\\/jugendfilmtage.ch\\\/wp-content\\\/uploads\\\/2024\\\/02\\\/jft-gallery-C28A1079-800x533-1.jpg\",\"datePublished\":\"2024-10-15T13:41:07+00:00\",\"dateModified\":\"2025-06-11T10:32:30+00:00\",\"description\":\"Ici les r\u00e9ponses aux questions les plus fr\u00e9quemment pos\u00e9es sur l'ateliers de cin\u00e9ma gratuit du Festival Cin\u00e9 Jeunesse Suisse.\",\"breadcrumb\":{\"@id\":\"https:\\\/\\\/jugendfilmtage.ch\\\/fr\\\/filmcoaching\\\/faq-filmcoaching\\\/#breadcrumb\"},\"inLanguage\":\"fr-FR\",\"potentialAction\":[{\"@type\":\"ReadAction\",\"target\":[\"https:\\\/\\\/jugendfilmtage.ch\\\/fr\\\/filmcoaching\\\/faq-filmcoaching\\\/\"]}]},{\"@type\":\"ImageObject\",\"inLanguage\":\"fr-FR\",\"@id\":\"https:\\\/\\\/jugendfilmtage.ch\\\/fr\\\/filmcoaching\\\/faq-filmcoaching\\\/#primaryimage\",\"url\":\"https:\\\/\\\/jugendfilmtage.ch\\\/wp-content\\\/uploads\\\/2024\\\/02\\\/jft-gallery-C28A1079-800x533-1.jpg\",\"contentUrl\":\"https:\\\/\\\/jugendfilmtage.ch\\\/wp-content\\\/uploads\\\/2024\\\/02\\\/jft-gallery-C28A1079-800x533-1.jpg\"},{\"@type\":\"BreadcrumbList\",\"@id\":\"https:\\\/\\\/jugendfilmtage.ch\\\/fr\\\/filmcoaching\\\/faq-filmcoaching\\\/#breadcrumb\",\"itemListElement\":[{\"@type\":\"ListItem\",\"position\":1,\"name\":\"Film Coaching\",\"item\":\"https:\\\/\\\/jugendfilmtage.ch\\\/fr\\\/filmcoaching\\\/\"},{\"@type\":\"ListItem\",\"position\":2,\"name\":\"FAQ Film Coaching\"}]},{\"@type\":\"WebSite\",\"@id\":\"https:\\\/\\\/jugendfilmtage.ch\\\/fr\\\/#website\",\"url\":\"https:\\\/\\\/jugendfilmtage.ch\\\/fr\\\/\",\"name\":\"FR Schweizer Jugendfilmtage\",\"description\":\"FR Festival Cin\u00e9 Jeunesse Suisse\",\"potentialAction\":[{\"@type\":\"SearchAction\",\"target\":{\"@type\":\"EntryPoint\",\"urlTemplate\":\"https:\\\/\\\/jugendfilmtage.ch\\\/fr\\\/?s={search_term_string}\"},\"query-input\":{\"@type\":\"PropertyValueSpecification\",\"valueRequired\":true,\"valueName\":\"search_term_string\"}}],\"inLanguage\":\"fr-FR\"}]}<\/script>\n<!-- \/ Yoast SEO plugin. -->","yoast_head_json":{"title":"FAQ Film Coaching - FR Schweizer Jugendfilmtage","description":"Ici les r\u00e9ponses aux questions les plus fr\u00e9quemment pos\u00e9es sur l'ateliers de cin\u00e9ma gratuit du Festival Cin\u00e9 Jeunesse Suisse.","robots":{"index":"index","follow":"follow","max-snippet":"max-snippet:-1","max-image-preview":"max-image-preview:large","max-video-preview":"max-video-preview:-1"},"canonical":"https:\/\/jugendfilmtage.ch\/fr\/filmcoaching\/faq-filmcoaching\/","og_locale":"fr_FR","og_type":"article","og_title":"FAQ Film Coaching - FR Schweizer Jugendfilmtage","og_description":"Ici les r\u00e9ponses aux questions les plus fr\u00e9quemment pos\u00e9es sur l'ateliers de cin\u00e9ma gratuit du Festival Cin\u00e9 Jeunesse Suisse.","og_url":"https:\/\/jugendfilmtage.ch\/fr\/filmcoaching\/faq-filmcoaching\/","og_site_name":"FR Schweizer Jugendfilmtage","article_publisher":"https:\/\/www.facebook.com\/Jugendfilmtage","article_modified_time":"2025-06-11T10:32:30+00:00","og_image":[{"width":800,"height":533,"url":"https:\/\/jugendfilmtage.ch\/wp-content\/uploads\/2024\/02\/jft-gallery-C28A1079-800x533-1.jpg","type":"image\/jpeg"}],"twitter_card":"summary_large_image","twitter_site":"@jugendfilmtage","twitter_misc":{"Dur\u00e9e de lecture estim\u00e9e":"4 minutes"},"schema":{"@context":"https:\/\/schema.org","@graph":[{"@type":"WebPage","@id":"https:\/\/jugendfilmtage.ch\/fr\/filmcoaching\/faq-filmcoaching\/","url":"https:\/\/jugendfilmtage.ch\/fr\/filmcoaching\/faq-filmcoaching\/","name":"FAQ Film Coaching - FR Schweizer Jugendfilmtage","isPartOf":{"@id":"https:\/\/jugendfilmtage.ch\/fr\/#website"},"primaryImageOfPage":{"@id":"https:\/\/jugendfilmtage.ch\/fr\/filmcoaching\/faq-filmcoaching\/#primaryimage"},"image":{"@id":"https:\/\/jugendfilmtage.ch\/fr\/filmcoaching\/faq-filmcoaching\/#primaryimage"},"thumbnailUrl":"https:\/\/jugendfilmtage.ch\/wp-content\/uploads\/2024\/02\/jft-gallery-C28A1079-800x533-1.jpg","datePublished":"2024-10-15T13:41:07+00:00","dateModified":"2025-06-11T10:32:30+00:00","description":"Ici les r\u00e9ponses aux questions les plus fr\u00e9quemment pos\u00e9es sur l'ateliers de cin\u00e9ma gratuit du Festival Cin\u00e9 Jeunesse Suisse.","breadcrumb":{"@id":"https:\/\/jugendfilmtage.ch\/fr\/filmcoaching\/faq-filmcoaching\/#breadcrumb"},"inLanguage":"fr-FR","potentialAction":[{"@type":"ReadAction","target":["https:\/\/jugendfilmtage.ch\/fr\/filmcoaching\/faq-filmcoaching\/"]}]},{"@type":"ImageObject","inLanguage":"fr-FR","@id":"https:\/\/jugendfilmtage.ch\/fr\/filmcoaching\/faq-filmcoaching\/#primaryimage","url":"https:\/\/jugendfilmtage.ch\/wp-content\/uploads\/2024\/02\/jft-gallery-C28A1079-800x533-1.jpg","contentUrl":"https:\/\/jugendfilmtage.ch\/wp-content\/uploads\/2024\/02\/jft-gallery-C28A1079-800x533-1.jpg"},{"@type":"BreadcrumbList","@id":"https:\/\/jugendfilmtage.ch\/fr\/filmcoaching\/faq-filmcoaching\/#breadcrumb","itemListElement":[{"@type":"ListItem","position":1,"name":"Film Coaching","item":"https:\/\/jugendfilmtage.ch\/fr\/filmcoaching\/"},{"@type":"ListItem","position":2,"name":"FAQ Film Coaching"}]},{"@type":"WebSite","@id":"https:\/\/jugendfilmtage.ch\/fr\/#website","url":"https:\/\/jugendfilmtage.ch\/fr\/","name":"FR Schweizer Jugendfilmtage","description":"FR Festival Cin\u00e9 Jeunesse Suisse","potentialAction":[{"@type":"SearchAction","target":{"@type":"EntryPoint","urlTemplate":"https:\/\/jugendfilmtage.ch\/fr\/?s={search_term_string}"},"query-input":{"@type":"PropertyValueSpecification","valueRequired":true,"valueName":"search_term_string"}}],"inLanguage":"fr-FR"}]}},"_links":{"self":[{"href":"https:\/\/jugendfilmtage.ch\/fr\/wp-json\/wp\/v2\/pages\/5852","targetHints":{"allow":["GET"]}}],"collection":[{"href":"https:\/\/jugendfilmtage.ch\/fr\/wp-json\/wp\/v2\/pages"}],"about":[{"href":"https:\/\/jugendfilmtage.ch\/fr\/wp-json\/wp\/v2\/types\/page"}],"author":[{"embeddable":true,"href":"https:\/\/jugendfilmtage.ch\/fr\/wp-json\/wp\/v2\/users\/14"}],"replies":[{"embeddable":true,"href":"https:\/\/jugendfilmtage.ch\/fr\/wp-json\/wp\/v2\/comments?post=5852"}],"version-history":[{"count":21,"href":"https:\/\/jugendfilmtage.ch\/fr\/wp-json\/wp\/v2\/pages\/5852\/revisions"}],"predecessor-version":[{"id":42821,"href":"https:\/\/jugendfilmtage.ch\/fr\/wp-json\/wp\/v2\/pages\/5852\/revisions\/42821"}],"up":[{"embeddable":true,"href":"https:\/\/jugendfilmtage.ch\/fr\/wp-json\/wp\/v2\/pages\/5846"}],"wp:attachment":[{"href":"https:\/\/jugendfilmtage.ch\/fr\/wp-json\/wp\/v2\/media?parent=5852"}],"curies":[{"name":"wp","href":"https:\/\/api.w.org\/{rel}","templated":true}]}}