{"id":5850,"date":"2016-12-19T12:43:50","date_gmt":"2016-12-19T12:43:50","guid":{"rendered":"http:\/\/17.jugendfilmtage.ch\/fr\/?page_id=5850"},"modified":"2024-01-27T10:12:51","modified_gmt":"2024-01-27T09:12:51","slug":"deroulement","status":"publish","type":"page","link":"https:\/\/jugendfilmtage.ch\/fr\/filmcoaching\/deroulement\/","title":{"rendered":"D\u00e9roulement"},"content":{"rendered":"\n<h1 class=\"wp-block-heading\">Ateliers de cin\u00e9ma: D\u00e9roulement<\/h1>\n\n\n\n<h3 class=\"wp-block-heading\">Juin \u2013 appel d\u2019offres <\/h3>\n\n\n\n<p>Coup d\u2019envoi des <a href=\"https:\/\/jugendfilmtage.ch\/fr\/ateliers-de-cinema\/inscription\/\">inscriptions<\/a><\/p>\n\n\n\n<h3 class=\"wp-block-heading\">Septembre \u2013 dernier d\u00e9lai d\u2019inscription<\/h3>\n\n\n\n<p>Les inscriptions sont examin\u00e9es apr\u00e8s r\u00e9ception. La priorit\u00e9 est accord\u00e9e aux groupes n\u2019ayant encore jamais profit\u00e9 de l\u2019offre de l\u2019atelier de cin\u00e9ma. Le nombre de places disponibles est limit\u00e9.<\/p>\n\n\n\n<h3 class=\"wp-block-heading\">De octobre \u00e0 d\u00e9cembre<\/h3>\n\n\n\n<p>Au cours de cette p\u00e9riode, tous les groupes b\u00e9n\u00e9ficient de 2.5 journ\u00e9es d\u2019encadrement consacr\u00e9es au contenu de leur film. L\u2019atelier se d\u00e9roule sur place ou en ligne. Si les dates sont relativement flexibles, elles doivent toutefois \u00eatre d\u00e9termin\u00e9es avec la personne responsable de l\u2019atelier.<\/p>\n\n\n\n<h3 class=\"wp-block-heading\">Jusqu\u2019\u00e0 d\u00e9but janvier<\/h3>\n\n\n\n<p>Les groupes participant aux ateliers envoient leur film achev\u00e9 au Festival Cin\u00e9 Jeunesse Suisse. Comme pour tous les films, l\u2019inscription se d\u00e9roule par le biais du site Web.<\/p>\n\n\n\n<h3 class=\"wp-block-heading\">Janvier \u2013 Jury pr\u00e9liminaire<\/h3>\n\n\n\n<p>Le jury pr\u00e9liminaire visionne les films obtenus ainsi que les films r\u00e9alis\u00e9s en dehors des ateliers.<\/p>\n\n\n\n<h3 class=\"wp-block-heading\">Printemps \u2013 Festival Cin\u00e9 Jeunesse Suisse<\/h3>\n\n\n\n<p>Lors du Festival Cin\u00e9 Jeunesse, les films sont projet\u00e9s sur grand \u00e9cran et soumis au regard du jury professionnel. Le festival se termine avec une grande c\u00e9r\u00e9monie de remise des prix. Chaque cat\u00e9gorie est dot\u00e9e de prix d\u2019une valeur de CHF 3\u2019000.-.<\/p>\n","protected":false},"excerpt":{"rendered":"<p>Ateliers de cin\u00e9ma: D\u00e9roulement Juin \u2013 appel d\u2019offres Coup d\u2019envoi des inscriptions Septembre \u2013 dernier d\u00e9lai d\u2019inscription Les inscriptions sont examin\u00e9es apr\u00e8s r\u00e9ception. La priorit\u00e9 est accord\u00e9e aux groupes n\u2019ayant encore jamais profit\u00e9 de l\u2019offre de l\u2019atelier de cin\u00e9ma. Le nombre de places disponibles est limit\u00e9. De octobre \u00e0 d\u00e9cembre Au cours de cette p\u00e9riode, [&hellip;]<\/p>\n","protected":false},"author":10,"featured_media":0,"parent":5846,"menu_order":2,"comment_status":"closed","ping_status":"closed","template":"","meta":{"_acf_changed":false,"footnotes":""},"class_list":["post-5850","page","type-page","status-publish","hentry"],"acf":[],"yoast_head":"<!-- This site is optimized with the Yoast SEO plugin v27.4 - https:\/\/yoast.com\/product\/yoast-seo-wordpress\/ -->\n<title>D\u00e9roulement - FR Schweizer Jugendfilmtage<\/title>\n<meta name=\"description\" content=\"Ateliers de cin\u00e9ma: D\u00e9roulement Juin \u2013 appel d\u2019offres Coup d\u2019envoi des inscriptions Septembre \u2013 dernier d\u00e9lai d\u2019inscription Les inscriptions sont\" \/>\n<meta name=\"robots\" content=\"index, follow, max-snippet:-1, max-image-preview:large, max-video-preview:-1\" \/>\n<link rel=\"canonical\" href=\"https:\/\/jugendfilmtage.ch\/fr\/filmcoaching\/deroulement\/\" \/>\n<meta property=\"og:locale\" content=\"fr_FR\" \/>\n<meta property=\"og:type\" content=\"article\" \/>\n<meta property=\"og:title\" content=\"D\u00e9roulement - FR Schweizer Jugendfilmtage\" \/>\n<meta property=\"og:description\" content=\"Ateliers de cin\u00e9ma: D\u00e9roulement Juin \u2013 appel d\u2019offres Coup d\u2019envoi des inscriptions Septembre \u2013 dernier d\u00e9lai d\u2019inscription Les inscriptions sont\" \/>\n<meta property=\"og:url\" content=\"https:\/\/jugendfilmtage.ch\/fr\/filmcoaching\/deroulement\/\" \/>\n<meta property=\"og:site_name\" content=\"FR Schweizer Jugendfilmtage\" \/>\n<meta property=\"article:publisher\" content=\"https:\/\/www.facebook.com\/Jugendfilmtage\" \/>\n<meta property=\"article:modified_time\" content=\"2024-01-27T09:12:51+00:00\" \/>\n<meta name=\"twitter:card\" content=\"summary_large_image\" \/>\n<meta name=\"twitter:site\" content=\"@jugendfilmtage\" \/>\n<meta name=\"twitter:label1\" content=\"Dur\u00e9e de lecture estim\u00e9e\" \/>\n\t<meta name=\"twitter:data1\" content=\"2 minutes\" \/>\n<script type=\"application\/ld+json\" class=\"yoast-schema-graph\">{\"@context\":\"https:\\\/\\\/schema.org\",\"@graph\":[{\"@type\":\"WebPage\",\"@id\":\"https:\\\/\\\/jugendfilmtage.ch\\\/fr\\\/filmcoaching\\\/deroulement\\\/\",\"url\":\"https:\\\/\\\/jugendfilmtage.ch\\\/fr\\\/filmcoaching\\\/deroulement\\\/\",\"name\":\"D\u00e9roulement - FR Schweizer Jugendfilmtage\",\"isPartOf\":{\"@id\":\"https:\\\/\\\/jugendfilmtage.ch\\\/fr\\\/#website\"},\"datePublished\":\"2016-12-19T12:43:50+00:00\",\"dateModified\":\"2024-01-27T09:12:51+00:00\",\"description\":\"Ateliers de cin\u00e9ma: D\u00e9roulement Juin \u2013 appel d\u2019offres Coup d\u2019envoi des inscriptions Septembre \u2013 dernier d\u00e9lai d\u2019inscription Les inscriptions sont\",\"breadcrumb\":{\"@id\":\"https:\\\/\\\/jugendfilmtage.ch\\\/fr\\\/filmcoaching\\\/deroulement\\\/#breadcrumb\"},\"inLanguage\":\"fr-FR\",\"potentialAction\":[{\"@type\":\"ReadAction\",\"target\":[\"https:\\\/\\\/jugendfilmtage.ch\\\/fr\\\/filmcoaching\\\/deroulement\\\/\"]}]},{\"@type\":\"BreadcrumbList\",\"@id\":\"https:\\\/\\\/jugendfilmtage.ch\\\/fr\\\/filmcoaching\\\/deroulement\\\/#breadcrumb\",\"itemListElement\":[{\"@type\":\"ListItem\",\"position\":1,\"name\":\"Film Coaching\",\"item\":\"https:\\\/\\\/jugendfilmtage.ch\\\/fr\\\/filmcoaching\\\/\"},{\"@type\":\"ListItem\",\"position\":2,\"name\":\"D\u00e9roulement\"}]},{\"@type\":\"WebSite\",\"@id\":\"https:\\\/\\\/jugendfilmtage.ch\\\/fr\\\/#website\",\"url\":\"https:\\\/\\\/jugendfilmtage.ch\\\/fr\\\/\",\"name\":\"FR Schweizer Jugendfilmtage\",\"description\":\"FR Festival Cin\u00e9 Jeunesse Suisse\",\"potentialAction\":[{\"@type\":\"SearchAction\",\"target\":{\"@type\":\"EntryPoint\",\"urlTemplate\":\"https:\\\/\\\/jugendfilmtage.ch\\\/fr\\\/?s={search_term_string}\"},\"query-input\":{\"@type\":\"PropertyValueSpecification\",\"valueRequired\":true,\"valueName\":\"search_term_string\"}}],\"inLanguage\":\"fr-FR\"}]}<\/script>\n<!-- \/ Yoast SEO plugin. -->","yoast_head_json":{"title":"D\u00e9roulement - FR Schweizer Jugendfilmtage","description":"Ateliers de cin\u00e9ma: D\u00e9roulement Juin \u2013 appel d\u2019offres Coup d\u2019envoi des inscriptions Septembre \u2013 dernier d\u00e9lai d\u2019inscription Les inscriptions sont","robots":{"index":"index","follow":"follow","max-snippet":"max-snippet:-1","max-image-preview":"max-image-preview:large","max-video-preview":"max-video-preview:-1"},"canonical":"https:\/\/jugendfilmtage.ch\/fr\/filmcoaching\/deroulement\/","og_locale":"fr_FR","og_type":"article","og_title":"D\u00e9roulement - FR Schweizer Jugendfilmtage","og_description":"Ateliers de cin\u00e9ma: D\u00e9roulement Juin \u2013 appel d\u2019offres Coup d\u2019envoi des inscriptions Septembre \u2013 dernier d\u00e9lai d\u2019inscription Les inscriptions sont","og_url":"https:\/\/jugendfilmtage.ch\/fr\/filmcoaching\/deroulement\/","og_site_name":"FR Schweizer Jugendfilmtage","article_publisher":"https:\/\/www.facebook.com\/Jugendfilmtage","article_modified_time":"2024-01-27T09:12:51+00:00","twitter_card":"summary_large_image","twitter_site":"@jugendfilmtage","twitter_misc":{"Dur\u00e9e de lecture estim\u00e9e":"2 minutes"},"schema":{"@context":"https:\/\/schema.org","@graph":[{"@type":"WebPage","@id":"https:\/\/jugendfilmtage.ch\/fr\/filmcoaching\/deroulement\/","url":"https:\/\/jugendfilmtage.ch\/fr\/filmcoaching\/deroulement\/","name":"D\u00e9roulement - FR Schweizer Jugendfilmtage","isPartOf":{"@id":"https:\/\/jugendfilmtage.ch\/fr\/#website"},"datePublished":"2016-12-19T12:43:50+00:00","dateModified":"2024-01-27T09:12:51+00:00","description":"Ateliers de cin\u00e9ma: D\u00e9roulement Juin \u2013 appel d\u2019offres Coup d\u2019envoi des inscriptions Septembre \u2013 dernier d\u00e9lai d\u2019inscription Les inscriptions sont","breadcrumb":{"@id":"https:\/\/jugendfilmtage.ch\/fr\/filmcoaching\/deroulement\/#breadcrumb"},"inLanguage":"fr-FR","potentialAction":[{"@type":"ReadAction","target":["https:\/\/jugendfilmtage.ch\/fr\/filmcoaching\/deroulement\/"]}]},{"@type":"BreadcrumbList","@id":"https:\/\/jugendfilmtage.ch\/fr\/filmcoaching\/deroulement\/#breadcrumb","itemListElement":[{"@type":"ListItem","position":1,"name":"Film Coaching","item":"https:\/\/jugendfilmtage.ch\/fr\/filmcoaching\/"},{"@type":"ListItem","position":2,"name":"D\u00e9roulement"}]},{"@type":"WebSite","@id":"https:\/\/jugendfilmtage.ch\/fr\/#website","url":"https:\/\/jugendfilmtage.ch\/fr\/","name":"FR Schweizer Jugendfilmtage","description":"FR Festival Cin\u00e9 Jeunesse Suisse","potentialAction":[{"@type":"SearchAction","target":{"@type":"EntryPoint","urlTemplate":"https:\/\/jugendfilmtage.ch\/fr\/?s={search_term_string}"},"query-input":{"@type":"PropertyValueSpecification","valueRequired":true,"valueName":"search_term_string"}}],"inLanguage":"fr-FR"}]}},"_links":{"self":[{"href":"https:\/\/jugendfilmtage.ch\/fr\/wp-json\/wp\/v2\/pages\/5850","targetHints":{"allow":["GET"]}}],"collection":[{"href":"https:\/\/jugendfilmtage.ch\/fr\/wp-json\/wp\/v2\/pages"}],"about":[{"href":"https:\/\/jugendfilmtage.ch\/fr\/wp-json\/wp\/v2\/types\/page"}],"author":[{"embeddable":true,"href":"https:\/\/jugendfilmtage.ch\/fr\/wp-json\/wp\/v2\/users\/10"}],"replies":[{"embeddable":true,"href":"https:\/\/jugendfilmtage.ch\/fr\/wp-json\/wp\/v2\/comments?post=5850"}],"version-history":[{"count":9,"href":"https:\/\/jugendfilmtage.ch\/fr\/wp-json\/wp\/v2\/pages\/5850\/revisions"}],"predecessor-version":[{"id":22492,"href":"https:\/\/jugendfilmtage.ch\/fr\/wp-json\/wp\/v2\/pages\/5850\/revisions\/22492"}],"up":[{"embeddable":true,"href":"https:\/\/jugendfilmtage.ch\/fr\/wp-json\/wp\/v2\/pages\/5846"}],"wp:attachment":[{"href":"https:\/\/jugendfilmtage.ch\/fr\/wp-json\/wp\/v2\/media?parent=5850"}],"curies":[{"name":"wp","href":"https:\/\/api.w.org\/{rel}","templated":true}]}}