{"id":5846,"date":"2024-10-15T15:36:33","date_gmt":"2024-10-15T13:36:33","guid":{"rendered":"http:\/\/17.jugendfilmtage.ch\/fr\/?page_id=5846"},"modified":"2025-08-18T09:32:23","modified_gmt":"2025-08-18T07:32:23","slug":"filmcoaching","status":"publish","type":"page","link":"https:\/\/jugendfilmtage.ch\/fr\/filmcoaching\/","title":{"rendered":"Film Coaching"},"content":{"rendered":"\n<figure class=\"wp-block-image size-full\"><img loading=\"lazy\" decoding=\"async\" width=\"800\" height=\"450\" src=\"https:\/\/jugendfilmtage.ch\/wp-content\/uploads\/2024\/06\/jft-gallery-C28A1079-800x533-1-edited.jpg\" alt=\"Festival Cin\u00e9 Jeunesse Suisse les ateliers de cin\u00e9ma gratuits\" class=\"wp-image-25728\" srcset=\"https:\/\/jugendfilmtage.ch\/wp-content\/uploads\/2024\/06\/jft-gallery-C28A1079-800x533-1-edited.jpg 800w, https:\/\/jugendfilmtage.ch\/wp-content\/uploads\/2024\/06\/jft-gallery-C28A1079-800x533-1-edited-300x169.jpg 300w, https:\/\/jugendfilmtage.ch\/wp-content\/uploads\/2024\/06\/jft-gallery-C28A1079-800x533-1-edited-768x432.jpg 768w\" sizes=\"auto, (max-width: 800px) 100vw, 800px\" \/><\/figure>\n\n\n\n<h1 class=\"wp-block-heading\">Film Coaching<\/h1>\n\n\n\n<p><strong>Vous avez une id\u00e9e de film, nous vous aidons \u00e0 la r\u00e9aliser.<br><\/strong>Vous souhaitez r\u00e9aliser un court m\u00e9trage, avez d\u00e9j\u00e0 une premi\u00e8re id\u00e9e et beaucoup de motivation ?<br>Lors du Film Coaching des Festival Cin\u00e9 Jeunesse Suisse, un\u00b7e professionnel\u00b7le du cin\u00e9ma vous accompagne directement sur place. Vous cr\u00e9ez votre projet de film de mani\u00e8re autonome et prenez toutes les d\u00e9cisions importantes, tandis que le\u00b7la professionnel\u00b7le vous soutient avec des conseils et astuces. Au final, vous r\u00e9aliserez votre propre court m\u00e9trage, avec la chance qu\u2019il soit projet\u00e9 sur grand \u00e9cran \u00e0 Zurich.<\/p>\n\n\n\n<p>Le projet est soutenu par la <a href=\"https:\/\/corymbo.ch\/fr\/\">Fondation Corymbo<\/a>.<\/p>\n\n\n<style>.kb-table-of-content-nav.kb-table-of-content-id5846_feac44-d6 .kb-table-of-content-wrap{padding-top:var(--global-kb-spacing-sm, 1.5rem);padding-right:var(--global-kb-spacing-sm, 1.5rem);padding-bottom:var(--global-kb-spacing-sm, 1.5rem);padding-left:var(--global-kb-spacing-sm, 1.5rem);}.kb-table-of-content-nav.kb-table-of-content-id5846_feac44-d6 .kb-table-of-contents-title-wrap{padding-top:0px;padding-right:0px;padding-bottom:0px;padding-left:0px;}.kb-table-of-content-nav.kb-table-of-content-id5846_feac44-d6 .kb-table-of-contents-title{font-weight:regular;font-style:normal;}.kb-table-of-content-nav.kb-table-of-content-id5846_feac44-d6 .kb-table-of-content-wrap .kb-table-of-content-list{font-weight:regular;font-style:normal;margin-top:var(--global-kb-spacing-sm, 1.5rem);margin-right:0px;margin-bottom:0px;margin-left:0px;}<\/style>\n\n\n<h2 class=\"wp-block-heading\">Ce que nous proposons<\/h2>\n\n\n\n<ul class=\"wp-block-list\">\n<li><strong>2,5 jours de Film Coaching professionnel<\/strong><br>Le Film Coaching a lieu soit sur place chez vous, soit en ligne, et dans votre langue (allemand, fran\u00e7ais, italien, anglais). Vous choisissez vous-m\u00eames dans quels domaines vous souhaitez \u00eatre accompagn\u00e9\u00b7e\u00b7s.<\/li>\n\n\n\n<li><strong>Un dossier avec des conseils et des id\u00e9es<\/strong><br>Vous recevez un dossier contenant des bases techniques, des conseils et bien plus encore, disponible en allemand, fran\u00e7ais et italien.<\/li>\n\n\n\n<li><strong>La chance de participer au festival<\/strong><br>VVous soumettez votre court-m\u00e9trage termin\u00e9 au concours du Festival Cin\u00e9 Jeunesse Suisse et avez ainsi la chance qu\u2019il soit s\u00e9lectionn\u00e9\u00b7e et projet\u00e9 lors de la prochaine \u00e9dition du festival \u00e0 Zurich.<\/li>\n<\/ul>\n\n\n\n<p>L\u2019offre est gratuite et s\u2019adresse aux classes scolaires et aux groupes de jeunes. Le nombre de groupes accompagn\u00e9s est cependant limit\u00e9.<\/p>\n\n\n\n<h2 class=\"wp-block-heading\">Qui peut participer ?<\/h2>\n\n\n\n<ul class=\"wp-block-list\">\n<li>Vous \u00eates une classe scolaire ou un groupe de jeunes (au minimum trois, au maximum 25 jeunes personnes).<\/li>\n\n\n\n<li>Vous avez entre 9 et 19 ans.<\/li>\n\n\n\n<li>Vous avez d\u00e9j\u00e0 une id\u00e9e ou un th\u00e8me pour votre film et vous \u00eates tr\u00e8s motiv\u00e9\u00b7e\u00b7s.<\/li>\n<\/ul>\n\n\n\n<h2 class=\"wp-block-heading\">Calendrier<\/h2>\n\n\n\n<ul class=\"wp-block-list\">\n<li>Vous disposez de 2,5 jours de coaching entre septembre et mi-d\u00e9cembre 2025.<\/li>\n\n\n\n<li>Les dates et heures exactes sont convenues individuellement.<\/li>\n\n\n\n<li>Entre les jours de coaching, vous travaillez de mani\u00e8re autonome sur le film.<\/li>\n\n\n\n<li>Il faut pr\u00e9voir au moins une semaine suppl\u00e9mentaire pour ce travail.<\/li>\n\n\n\n<li>Le court-m\u00e9trage doit \u00eatre finalis\u00e9 et soumis au concours du Festival Cin\u00e9 Jeunesse Suisse d\u2019ici au 21 d\u00e9cembre 2025.<\/li>\n<\/ul>\n\n\n\n<p><\/p>\n\n\n\n<details class=\"wp-block-details is-layout-flow wp-block-details-is-layout-flow\"><summary>Proc\u00e9dure et d\u00e9roulement<\/summary>\n<p><strong>D\u00e9but juin 2025 : Appel d&rsquo;offre<\/strong><\/p>\n\n\n\n<p>Ouverture de la fen\u00eatre d&rsquo;inscription.<\/p>\n\n\n\n<p><strong>17 ao\u00fbt 2025 : cl\u00f4ture des inscriptions<\/strong><\/p>\n\n\n\n<p>La priorit\u00e9 est donn\u00e9e aux groupes qui n&rsquo;ont encore jamais b\u00e9n\u00e9fici\u00e9 du Film Coaching. Les groupes seront inform\u00e9s avant la fin du mois d&rsquo;ao\u00fbt s&rsquo;ils b\u00e9n\u00e9ficient d&rsquo;un Film Coaching et seront ensuite mis en contact avec leur coach de film.<\/p>\n\n\n\n<p><strong>D\u00e9but septembre \u00e0 mi-d\u00e9cembre 2025 : production de films<\/strong><\/p>\n\n\n\n<p>Pendant cette p\u00e9riode, tous les groupes b\u00e9n\u00e9ficient de 2,5 jours de coaching. Les dates sont assez flexibles, mais doivent \u00eatre convenues avec le\u00b7la coach de cin\u00e9ma qui vous est attribu\u00e9\u00b7e.&nbsp;<\/p>\n\n\n\n<p><strong>Jusqu&rsquo;au 21 d\u00e9cembre 2025 : soumission des films<\/strong><\/p>\n\n\n\n<p>Les groupes soumettent leurs courts-m\u00e9trages termin\u00e9s pour le concours du Festival Cin\u00e9 Jeunesse Suisse.<\/p>\n\n\n\n<p><strong><strong>Jusqu&rsquo;au mi-janvier 2026: pr\u00e9-jury (s\u00e9lection du concours)<\/strong><\/strong><\/p>\n\n\n\n<p>Notre pr\u00e9-jury visionne tous les films soumis et informe les groupes jusqu&rsquo;\u00e0 fin janvier si leur film a \u00e9t\u00e9 retenu pour le programme du Festival Cin\u00e9 Jeunesse Suisse. <\/p>\n\n\n\n<p><strong>11-15 mars 2026 : Festival Cin\u00e9 Jeunesse Suisse<\/strong><\/p>\n\n\n\n<p>Les films s\u00e9lectionn\u00e9s sont projet\u00e9s sur grand \u00e9cran dans le cadre de la comp\u00e9tition du Festival Cin\u00e9 Jeunesse Suisse et \u00e9valu\u00e9s par le jury professionnel de la comp\u00e9tition. Tous les groupes &#8211; que leur film soit pr\u00e9sent\u00e9 ou non au festival &#8211; sont invit\u00e9s et peuvent assister gratuitement \u00e0 la cat\u00e9gorie de comp\u00e9tition.<\/p>\n<\/details>\n\n\n\n<h2 class=\"wp-block-heading\">Conditions de participation<\/h2>\n\n\n\n<p>Avec l\u2019inscription, les groupes s\u2019engagent \u00e0 fournir les prestations suivantes:<\/p>\n\n\n\n<h4 class=\"wp-block-heading\">Th\u00e8me et genre<\/h4>\n\n\n\n<p>Vous d\u00e9cidez quel th\u00e8me est important pour vous et comment vous souhaitez mettre en \u0153uvre ce sujet. Qu&rsquo;il s&rsquo;agisse d&rsquo;un documentaire, d&rsquo;un clip musical, d&rsquo;un film d&rsquo;animation ou d&rsquo;un fiction &#8211;&nbsp; votre imagination est presque sans limite. Vous vous inscrivez d\u00e9j\u00e0 avec une id\u00e9e ou un th\u00e8me pour le Film Coaching et le d\u00e9veloppez avec votre coach. Il est important que vous pr\u00e9voyiez suffisamment de temps pour le d\u00e9veloppement de votre id\u00e9e de film.<\/p>\n\n\n\n<details class=\"wp-block-details is-layout-flow wp-block-details-is-layout-flow\"><summary>Propositions de th\u00e8mes<\/summary>\n<p>Jusqu&rsquo;en 2019, les groupes s&rsquo;orientaient vers des th\u00e8mes pr\u00e9d\u00e9finis. N&rsquo;h\u00e9sitez pas \u00e0 vous en inspirer :<\/p>\n\n\n\n<p>2019 : <a href=\"https:\/\/jugendfilmtage.ch\/wp-content\/uploads\/2019\/09\/Themen-Dossier_F_final.pdf\">MONEY MONEY MONEY<\/a><br>2018 : <a href=\"https:\/\/jugendfilmtage.ch\/wp-content\/uploads\/2016\/12\/Dossier-thematique_FINAL_FR.pdf\">PUISSANCE \u2013 qu\u2019est-ce qui me donne de la force?<\/a><br>2017 : <a href=\"https:\/\/jugendfilmtage.ch\/wp-content\/uploads\/2016\/12\/Dossier-thematique_Pression-et-Stress_FR.pdf\">Pression &amp; Stress<\/a><br>2016 : <a href=\"https:\/\/jugendfilmtage.ch\/wp-content\/uploads\/2020\/06\/41_Dossier_thematique_Spielraum_LowRes.pdf\">Spielraum<\/a><br>2015 : 2056 \u2013 Un regard vers l\u2019avenir<br>2014 : Image miroir<br>2013 : Presque une famille<br>2012 : 1|4|24 \u2013 Ein Land, Vier Sprachregionen, Dein Film<br>2011 : Energie<br>2010 : freiwillig<br>2009 : WANTED<br>2008 : Respekt!<br>2007 : Klima und Umwelt<br>2006 : Glaube und Vertrauen<br>2005 : Heimat<br>2004 : Generations<br>2003 : Grenzen des Rassismus?<\/p>\n<\/details>\n\n\n\n<h4 class=\"wp-block-heading\">Encadrement et motivation<\/h4>\n\n\n\n<p>L\u2019enseignant\u00b7e ou la personne responsable du groupe est pr\u00e9sent\u00b7e pendant toute la dur\u00e9e du Film Coaching et soutient le\u00b7la coach de film. Pour les groupes d\u2019enfants et de jeunes de moins de 16 ans, un\u00b7e accompagnateur\u00b7rice majeur\u00b7e doit obligatoirement \u00eatre pr\u00e9sent\u00b7e.<\/p>\n\n\n\n<p>Il est important que vous soyez motiv\u00e9\u00b7e\u00b7s \u00e0 travailler de mani\u00e8re autonome sur votre projet de film et que vous vous pr\u00e9pariez activement \u00e0 ce Film Coaching. Entre les jours de coaching, vous continuez \u00e0 travailler de fa\u00e7on autonome sur votre film, en pr\u00e9voyant au moins une semaine de temps suppl\u00e9mentaire pour avancer.<\/p>\n\n\n\n<h4 class=\"wp-block-heading\">\u00c9quipement de tournage<\/h4>\n\n\n\n<p>Chaque groupe organise l\u2019\u00e9quipement cin\u00e9matographique (cam\u00e9ra, microphone, poste montage, etc.) et en assume les \u00e9ventuels frais. S\u2019il n\u2019y a pas de mat\u00e9riel disponible, nous recommandons de filmer avec des smartphones ou des tablettes. L\u2019absence de mat\u00e9riel ne doit pas \u00eatre un obstacle pour participer au Film Coaching. Nous disposons d\u2019un nombre limit\u00e9 de cam\u00e9ras que nous pouvons pr\u00eater en cas de besoin. Pour toute question, n\u2019h\u00e9sitez pas \u00e0 nous <a href=\"mailto:filmworkshops@jugendfilmtage.ch\"><\/a><a href=\"mailto:filmcoaching@jugendfilmtage.ch\">contacter<\/a>.<\/p>\n\n\n\n<h4 class=\"wp-block-heading\">Documentation<\/h4>\n\n\n\n<p>Les groupes documentent les jours de coaching en les photographiant. Les photos sont mises \u00e0 disposition du Festival Cin\u00e9 Jeunesse Suisse pour la documentation du projet. Une liste de tou\u00b7te\u00b7s les participant\u00b7e\u00b7s doit \u00e9galement \u00eatre remise. <\/p>\n\n\n\n<h4 class=\"wp-block-heading\">G\u00e9n\u00e9rique de fin<\/h4>\n\n\n\n<p>Un g\u00e9n\u00e9rique pr\u00e9d\u00e9fini, fourni par le Festival Cin\u00e9 Jeunesse Suisse, est ins\u00e9r\u00e9 \u00e0 la fin du film  (\u00abCe film a \u00e9t\u00e9 soutenu par le Film Coaching du Festival Cin\u00e9 Jeunesse Suisse\u00bb).<\/p>\n\n\n\n<h4 class=\"wp-block-heading\">Soumission de films<\/h4>\n\n\n\n<p>Le court-m\u00e9trage termin\u00e9 est soumis en ligne jusqu&rsquo;au 21 d\u00e9cembre 2025 dans <a href=\"https:\/\/jugendfilmtage.ch\/fr\/le-festival\/competition-et-prix\/\">la cat\u00e9gorie d\u2019\u00e2ge appropri\u00e9e<\/a> et a ainsi la chance d&rsquo;\u00eatre projet\u00e9 lors du Festival Cin\u00e9 Jeunesse Suisse. Le film doit durer entre 1 et 25 minutes, g\u00e9n\u00e9rique compris. <\/p>\n\n\n\n<div class=\"wp-block-buttons is-layout-flex wp-block-buttons-is-layout-flex\">\n<div class=\"wp-block-button is-style-outline is-style-outline--2\"><a class=\"wp-block-button__link wp-element-button\" href=\"https:\/\/jugendfilmtage.ch\/fr\/inscrit-ton-film\/\">En savoir plus<\/a><\/div>\n<\/div>\n\n\n\n<h2 class=\"wp-block-heading\">Vous avez des questions ?<\/h2>\n\n\n\n<p>Les questions les plus fr\u00e9quemment pos\u00e9es trouvent <a href=\"https:\/\/jugendfilmtage.ch\/fr\/filmcoaching\/faq-filmcoaching\/\" target=\"_blank\" rel=\"noreferrer noopener\">ici<\/a> une r\u00e9ponse. <br>Si vous avez d&rsquo;autres questions, <a href=\"mailto:filmworkshops@jugendfilmtage.ch\">n&rsquo;h\u00e9sitez pas \u00e0 nous contacter.<\/a><\/p>\n\n\n\n<div class=\"wp-block-buttons is-layout-flex wp-block-buttons-is-layout-flex\">\n<div class=\"wp-block-button is-style-outline is-style-outline--3\"><a class=\"wp-block-button__link wp-element-button\" href=\"https:\/\/jugendfilmtage.ch\/fr\/filmcoaching\/faq-filmcoaching\/\">Trouver des r\u00e9ponses<\/a><\/div>\n<\/div>\n\n\n\n<h2 class=\"wp-block-heading\">Inscription<\/h2>\n\n\n\n<p>\u00a0La p\u00e9riode d\u2019inscription pour le Film Coaching 2025 est termin\u00e9e.&nbsp;<\/p>\n\n\n\n<p>L\u2019ann\u00e9e prochaine, nous accepterons \u00e0 nouveau les inscriptions \u00e0 partir de mai 2026.&nbsp; Inscrivez-vous \u00e0 notre <a href=\"https:\/\/jugendfilmtage.ch\/fr\/nous\/newsletter\/\">newsletter<\/a> pour \u00eatre inform\u00e9.<\/p>\n\n\n\n<p><\/p>\n\n\n\n<p><\/p>\n","protected":false},"excerpt":{"rendered":"<p>Film Coaching Vous avez une id\u00e9e de film, nous vous aidons \u00e0 la r\u00e9aliser.Vous souhaitez r\u00e9aliser un court m\u00e9trage, avez d\u00e9j\u00e0 une premi\u00e8re id\u00e9e et beaucoup de motivation ?Lors du Film Coaching des Festival Cin\u00e9 Jeunesse Suisse, un\u00b7e professionnel\u00b7le du cin\u00e9ma vous accompagne directement sur place. Vous cr\u00e9ez votre projet de film de mani\u00e8re autonome [&hellip;]<\/p>\n","protected":false},"author":14,"featured_media":0,"parent":0,"menu_order":9,"comment_status":"closed","ping_status":"closed","template":"","meta":{"_acf_changed":false,"footnotes":""},"class_list":["post-5846","page","type-page","status-publish","hentry"],"acf":[],"yoast_head":"<!-- This site is optimized with the Yoast SEO plugin v27.4 - https:\/\/yoast.com\/product\/yoast-seo-wordpress\/ -->\n<title>Film Coaching - FR Schweizer Jugendfilmtage<\/title>\n<meta name=\"description\" content=\"Avec les ateliers de cin\u00e9ma gratuits, le Festival encourage les classes scolaires et les groupes de jeunes \u00e0 r\u00e9aliser un court-m\u00e9trage.\" \/>\n<meta name=\"robots\" content=\"index, follow, max-snippet:-1, max-image-preview:large, max-video-preview:-1\" \/>\n<link rel=\"canonical\" href=\"https:\/\/jugendfilmtage.ch\/fr\/filmcoaching\/\" \/>\n<meta property=\"og:locale\" content=\"fr_FR\" \/>\n<meta property=\"og:type\" content=\"article\" \/>\n<meta property=\"og:title\" content=\"Film Coaching - FR Schweizer Jugendfilmtage\" \/>\n<meta property=\"og:description\" content=\"Avec les ateliers de cin\u00e9ma gratuits, le Festival encourage les classes scolaires et les groupes de jeunes \u00e0 r\u00e9aliser un court-m\u00e9trage.\" \/>\n<meta property=\"og:url\" content=\"https:\/\/jugendfilmtage.ch\/fr\/filmcoaching\/\" \/>\n<meta property=\"og:site_name\" content=\"FR Schweizer Jugendfilmtage\" \/>\n<meta property=\"article:publisher\" content=\"https:\/\/www.facebook.com\/Jugendfilmtage\" \/>\n<meta property=\"article:modified_time\" content=\"2025-08-18T07:32:23+00:00\" \/>\n<meta property=\"og:image\" content=\"https:\/\/jugendfilmtage.ch\/wp-content\/uploads\/2024\/06\/jft-gallery-C28A1079-800x533-1-edited.jpg\" \/>\n\t<meta property=\"og:image:width\" content=\"800\" \/>\n\t<meta property=\"og:image:height\" content=\"450\" \/>\n\t<meta property=\"og:image:type\" content=\"image\/jpeg\" \/>\n<meta name=\"twitter:card\" content=\"summary_large_image\" \/>\n<meta name=\"twitter:site\" content=\"@jugendfilmtage\" \/>\n<meta name=\"twitter:label1\" content=\"Dur\u00e9e de lecture estim\u00e9e\" \/>\n\t<meta name=\"twitter:data1\" content=\"7 minutes\" \/>\n<script type=\"application\/ld+json\" class=\"yoast-schema-graph\">{\"@context\":\"https:\\\/\\\/schema.org\",\"@graph\":[{\"@type\":\"WebPage\",\"@id\":\"https:\\\/\\\/jugendfilmtage.ch\\\/fr\\\/filmcoaching\\\/\",\"url\":\"https:\\\/\\\/jugendfilmtage.ch\\\/fr\\\/filmcoaching\\\/\",\"name\":\"Film Coaching - FR Schweizer Jugendfilmtage\",\"isPartOf\":{\"@id\":\"https:\\\/\\\/jugendfilmtage.ch\\\/fr\\\/#website\"},\"primaryImageOfPage\":{\"@id\":\"https:\\\/\\\/jugendfilmtage.ch\\\/fr\\\/filmcoaching\\\/#primaryimage\"},\"image\":{\"@id\":\"https:\\\/\\\/jugendfilmtage.ch\\\/fr\\\/filmcoaching\\\/#primaryimage\"},\"thumbnailUrl\":\"https:\\\/\\\/jugendfilmtage.ch\\\/wp-content\\\/uploads\\\/2024\\\/06\\\/jft-gallery-C28A1079-800x533-1-edited.jpg\",\"datePublished\":\"2024-10-15T13:36:33+00:00\",\"dateModified\":\"2025-08-18T07:32:23+00:00\",\"description\":\"Avec les ateliers de cin\u00e9ma gratuits, le Festival encourage les classes scolaires et les groupes de jeunes \u00e0 r\u00e9aliser un court-m\u00e9trage.\",\"inLanguage\":\"fr-FR\",\"potentialAction\":[{\"@type\":\"ReadAction\",\"target\":[\"https:\\\/\\\/jugendfilmtage.ch\\\/fr\\\/filmcoaching\\\/\"]}]},{\"@type\":\"ImageObject\",\"inLanguage\":\"fr-FR\",\"@id\":\"https:\\\/\\\/jugendfilmtage.ch\\\/fr\\\/filmcoaching\\\/#primaryimage\",\"url\":\"https:\\\/\\\/jugendfilmtage.ch\\\/wp-content\\\/uploads\\\/2024\\\/06\\\/jft-gallery-C28A1079-800x533-1-edited.jpg\",\"contentUrl\":\"https:\\\/\\\/jugendfilmtage.ch\\\/wp-content\\\/uploads\\\/2024\\\/06\\\/jft-gallery-C28A1079-800x533-1-edited.jpg\"},{\"@type\":\"WebSite\",\"@id\":\"https:\\\/\\\/jugendfilmtage.ch\\\/fr\\\/#website\",\"url\":\"https:\\\/\\\/jugendfilmtage.ch\\\/fr\\\/\",\"name\":\"FR Schweizer Jugendfilmtage\",\"description\":\"FR Festival Cin\u00e9 Jeunesse Suisse\",\"potentialAction\":[{\"@type\":\"SearchAction\",\"target\":{\"@type\":\"EntryPoint\",\"urlTemplate\":\"https:\\\/\\\/jugendfilmtage.ch\\\/fr\\\/?s={search_term_string}\"},\"query-input\":{\"@type\":\"PropertyValueSpecification\",\"valueRequired\":true,\"valueName\":\"search_term_string\"}}],\"inLanguage\":\"fr-FR\"}]}<\/script>\n<!-- \/ Yoast SEO plugin. -->","yoast_head_json":{"title":"Film Coaching - FR Schweizer Jugendfilmtage","description":"Avec les ateliers de cin\u00e9ma gratuits, le Festival encourage les classes scolaires et les groupes de jeunes \u00e0 r\u00e9aliser un court-m\u00e9trage.","robots":{"index":"index","follow":"follow","max-snippet":"max-snippet:-1","max-image-preview":"max-image-preview:large","max-video-preview":"max-video-preview:-1"},"canonical":"https:\/\/jugendfilmtage.ch\/fr\/filmcoaching\/","og_locale":"fr_FR","og_type":"article","og_title":"Film Coaching - FR Schweizer Jugendfilmtage","og_description":"Avec les ateliers de cin\u00e9ma gratuits, le Festival encourage les classes scolaires et les groupes de jeunes \u00e0 r\u00e9aliser un court-m\u00e9trage.","og_url":"https:\/\/jugendfilmtage.ch\/fr\/filmcoaching\/","og_site_name":"FR Schweizer Jugendfilmtage","article_publisher":"https:\/\/www.facebook.com\/Jugendfilmtage","article_modified_time":"2025-08-18T07:32:23+00:00","og_image":[{"width":800,"height":450,"url":"https:\/\/jugendfilmtage.ch\/wp-content\/uploads\/2024\/06\/jft-gallery-C28A1079-800x533-1-edited.jpg","type":"image\/jpeg"}],"twitter_card":"summary_large_image","twitter_site":"@jugendfilmtage","twitter_misc":{"Dur\u00e9e de lecture estim\u00e9e":"7 minutes"},"schema":{"@context":"https:\/\/schema.org","@graph":[{"@type":"WebPage","@id":"https:\/\/jugendfilmtage.ch\/fr\/filmcoaching\/","url":"https:\/\/jugendfilmtage.ch\/fr\/filmcoaching\/","name":"Film Coaching - FR Schweizer Jugendfilmtage","isPartOf":{"@id":"https:\/\/jugendfilmtage.ch\/fr\/#website"},"primaryImageOfPage":{"@id":"https:\/\/jugendfilmtage.ch\/fr\/filmcoaching\/#primaryimage"},"image":{"@id":"https:\/\/jugendfilmtage.ch\/fr\/filmcoaching\/#primaryimage"},"thumbnailUrl":"https:\/\/jugendfilmtage.ch\/wp-content\/uploads\/2024\/06\/jft-gallery-C28A1079-800x533-1-edited.jpg","datePublished":"2024-10-15T13:36:33+00:00","dateModified":"2025-08-18T07:32:23+00:00","description":"Avec les ateliers de cin\u00e9ma gratuits, le Festival encourage les classes scolaires et les groupes de jeunes \u00e0 r\u00e9aliser un court-m\u00e9trage.","inLanguage":"fr-FR","potentialAction":[{"@type":"ReadAction","target":["https:\/\/jugendfilmtage.ch\/fr\/filmcoaching\/"]}]},{"@type":"ImageObject","inLanguage":"fr-FR","@id":"https:\/\/jugendfilmtage.ch\/fr\/filmcoaching\/#primaryimage","url":"https:\/\/jugendfilmtage.ch\/wp-content\/uploads\/2024\/06\/jft-gallery-C28A1079-800x533-1-edited.jpg","contentUrl":"https:\/\/jugendfilmtage.ch\/wp-content\/uploads\/2024\/06\/jft-gallery-C28A1079-800x533-1-edited.jpg"},{"@type":"WebSite","@id":"https:\/\/jugendfilmtage.ch\/fr\/#website","url":"https:\/\/jugendfilmtage.ch\/fr\/","name":"FR Schweizer Jugendfilmtage","description":"FR Festival Cin\u00e9 Jeunesse Suisse","potentialAction":[{"@type":"SearchAction","target":{"@type":"EntryPoint","urlTemplate":"https:\/\/jugendfilmtage.ch\/fr\/?s={search_term_string}"},"query-input":{"@type":"PropertyValueSpecification","valueRequired":true,"valueName":"search_term_string"}}],"inLanguage":"fr-FR"}]}},"_links":{"self":[{"href":"https:\/\/jugendfilmtage.ch\/fr\/wp-json\/wp\/v2\/pages\/5846","targetHints":{"allow":["GET"]}}],"collection":[{"href":"https:\/\/jugendfilmtage.ch\/fr\/wp-json\/wp\/v2\/pages"}],"about":[{"href":"https:\/\/jugendfilmtage.ch\/fr\/wp-json\/wp\/v2\/types\/page"}],"author":[{"embeddable":true,"href":"https:\/\/jugendfilmtage.ch\/fr\/wp-json\/wp\/v2\/users\/14"}],"replies":[{"embeddable":true,"href":"https:\/\/jugendfilmtage.ch\/fr\/wp-json\/wp\/v2\/comments?post=5846"}],"version-history":[{"count":93,"href":"https:\/\/jugendfilmtage.ch\/fr\/wp-json\/wp\/v2\/pages\/5846\/revisions"}],"predecessor-version":[{"id":47722,"href":"https:\/\/jugendfilmtage.ch\/fr\/wp-json\/wp\/v2\/pages\/5846\/revisions\/47722"}],"wp:attachment":[{"href":"https:\/\/jugendfilmtage.ch\/fr\/wp-json\/wp\/v2\/media?parent=5846"}],"curies":[{"name":"wp","href":"https:\/\/api.w.org\/{rel}","templated":true}]}}