{"id":5809,"date":"2024-10-15T14:19:02","date_gmt":"2024-10-15T12:19:02","guid":{"rendered":"http:\/\/17.jugendfilmtage.ch\/fr\/?page_id=5809"},"modified":"2026-03-03T16:00:16","modified_gmt":"2026-03-03T15:00:16","slug":"informations","status":"publish","type":"page","link":"https:\/\/jugendfilmtage.ch\/fr\/le-festival\/informations\/","title":{"rendered":"Informations"},"content":{"rendered":"\n<figure class=\"wp-block-image size-large is-style-default\"><img loading=\"lazy\" decoding=\"async\" width=\"2560\" height=\"1439\" src=\"https:\/\/jugendfilmtage.ch\/wp-content\/uploads\/2024\/06\/0D8A7785-1-edited-5-scaled.jpg\" alt=\"Festival Cin\u00e9 Jeunesse Suisse Informations\" class=\"wp-image-26351\" srcset=\"https:\/\/jugendfilmtage.ch\/wp-content\/uploads\/2024\/06\/0D8A7785-1-edited-5-scaled.jpg 2560w, https:\/\/jugendfilmtage.ch\/wp-content\/uploads\/2024\/06\/0D8A7785-1-edited-5-300x169.jpg 300w, https:\/\/jugendfilmtage.ch\/wp-content\/uploads\/2024\/06\/0D8A7785-1-edited-5-880x495.jpg 880w, https:\/\/jugendfilmtage.ch\/wp-content\/uploads\/2024\/06\/0D8A7785-1-edited-5-768x432.jpg 768w, https:\/\/jugendfilmtage.ch\/wp-content\/uploads\/2024\/06\/0D8A7785-1-edited-5-1536x864.jpg 1536w, https:\/\/jugendfilmtage.ch\/wp-content\/uploads\/2024\/06\/0D8A7785-1-edited-5-2048x1151.jpg 2048w\" sizes=\"auto, (max-width: 2560px) 100vw, 2560px\" \/><\/figure>\n\n\n\n<h1 class=\"wp-block-heading\">Informations<\/h1>\n\n\n\n<p>Vous trouverez ici toutes les informations importantes sur le festival \u00e0 l&rsquo;occasion de votre visite du Festival Cin\u00e9 Jeunesse Suisse.<\/p>\n\n\n\n<h3 class=\"wp-block-heading\">Stand d&rsquo;information<\/h3>\n\n\n\n<p>Notre stand d\u2019information se trouve dans le foyer du blue Cinema Abaton et ouvre 30 minutes avant chaque projection du festival. Vous pouvez y obtenir notre abonnement du festival, des billets pour toutes les manifestations, notre programme ainsi que toutes les informations concernant le festival.<\/p>\n\n\n\n<p>Billets individuels et l\u2019abonnement du festival&nbsp;peuvent \u00eatre achet\u00e9s ici ou pendant le festival sur place au stand d\u2019information situ\u00e9 dans le blue Cinema Abaton.&nbsp;<\/p>\n\n\n\n<p><\/p>\n\n\n\n<div class=\"wp-block-buttons is-layout-flex wp-block-buttons-is-layout-flex\">\n<div class=\"wp-block-button\"><a class=\"wp-block-button__link wp-element-button\">Billets<\/a><\/div>\n<\/div>\n\n\n\n<p><\/p>\n\n\n\n<details class=\"wp-block-details is-layout-flow wp-block-details-is-layout-flow\"><summary>\u00c2ge recommand\u00e9s<\/summary>\n<p><strong>Cat\u00e9gorie A<\/strong><br>Enfants d\u00e8s 8 ans, accompagn\u00e9s d\u2019un\u00b7e adulte<\/p>\n\n\n\n<p><strong>Cat\u00e9gorie B<\/strong><br>Enfants d\u00e8s 12 ans, accompagn\u00e9s d\u2019un\u00b7e adulte<\/p>\n\n\n\n<p><strong>Cat\u00e9gorie C, programme Focus, Talent Camp Screening et film d\u2019ouverture<\/strong><br>Jeunes d\u00e8s 14 ans<\/p>\n\n\n\n<p><strong>Cat\u00e9gorie D et E<\/strong><br>Jeunes d\u00e8s 16 ans<\/p>\n\n\n\n<p>Le programme pour enfants Cinemini est recommand\u00e9 d\u00e8s 3 ans.<\/p>\n\n\n\n<p>Les limites d\u2019\u00e2ge ne sont pas contraignantes, mais constituent une recommandation des organisateurs. Si vous avez des questions concernant le programme, n\u2019h\u00e9sitez pas \u00e0 contacter la direction du festival :&nbsp;<a href=\"mailto:info@jugendfilmtage.ch\" target=\"_blank\" rel=\"noreferrer noopener\">info@jugendfilmtage.ch<\/a>&nbsp;\/ +41 77 520 30 39.<\/p>\n<\/details>\n\n\n\n<details class=\"wp-block-details is-layout-flow wp-block-details-is-layout-flow\"><summary>Lieux<\/summary>\n<h3 class=\"wp-block-heading\">Info \/ Caisse<\/h3>\n\n\n\n<p><strong>blue Cinema Abaton<\/strong>&nbsp;(entr\u00e9e cin\u00e9ma)<br>Heinrichstrasse 269<br>8004 Z\u00fcrich<\/p>\n\n\n\n<p>Heures d\u2019ouverture:&nbsp;30 minutes avant le d\u00e9but de la s\u00e9ance.<\/p>\n\n\n\n<h3 class=\"wp-block-heading\">Proj\u00e9ctions de films<\/h3>\n\n\n\n<p><strong>blue Cinema Abaton<br><\/strong>Cin\u00e9ma B et cin\u00e9ma 4<br>Heinrichstrasse 269<br>8004 Z\u00fcrich<\/p>\n\n\n\n<p>Heures d\u2019ouverture:&nbsp;30 minutes avant le d\u00e9but de la s\u00e9ance.<\/p>\n\n\n\n<h3 class=\"wp-block-heading\">Autres lieux<\/h3>\n\n\n\n<p><strong>Planet5<\/strong><br>Sihlquai 240<br>8005 Z\u00fcrich<\/p>\n\n\n\n<p><strong>Flex Zollhaus<\/strong><br>Zollstrasse 121<br>8005 Z\u00fcrich<\/p>\n\n\n\n<p><strong>Das Gleis<\/strong><br>Zollstrasse 121<br>8005 Z\u00fcrich<br>(Zollhaus, Haus A, 1er \u00e9tage)<\/p>\n\n\n\n<figure class=\"wp-block-image size-large\"><img decoding=\"async\" src=\"https:\/\/jugendfilmtage.ch\/wp-content\/uploads\/2025\/11\/Spielstellen_JFT-880x585.png\" alt=\"\" class=\"wp-image-48603\"\/><\/figure>\n<\/details>\n\n\n\n<details class=\"wp-block-details is-layout-flow wp-block-details-is-layout-flow\"><summary>Accessibilit\u00e9 <\/summary>\n<p>Planet5, Flex Zollhaus et le blue Cinema Abaton sont accessibles aux personnes en fauteuil roulant. Le blue Cinema Abaton dispose d\u2019un nombre limit\u00e9 de places pour fauteuils roulants.&nbsp;<\/p>\n\n\n\n<p>Plus d\u2019infos sur l\u2019accessibilit\u00e9 des diff\u00e9rents lieux :<\/p>\n\n\n\n<ul class=\"wp-block-list\">\n<li><a href=\"https:\/\/bluecinema.ch\/fr\/rollstuhl-fr\/\" target=\"_blank\" rel=\"noreferrer noopener\">blue Cinema Abaton<\/a><\/li>\n\n\n\n<li><a href=\"https:\/\/www.flex-zollhaus.ch\/en\/flex-zollhaus\/\">Flex Zollhaus<\/a><\/li>\n<\/ul>\n<\/details>\n\n\n\n<details class=\"wp-block-details is-layout-flow wp-block-details-is-layout-flow\"><summary>Concept \u00abAwareness\u00bb<\/summary>\n<p>Racisme, sexisme, homophobie, transphobie ainsi que tout autre type de comportement discriminateur et violent ne sont pas tol\u00e9r\u00e9s au Festival Cin\u00e9 Jeunesse Suisse. Si vous n\u00e9cessitez du soutien, ou si vous avez v\u00e9cu ou observ\u00e9 une situation d\u00e9sagr\u00e9able, vous avez la possibilit\u00e9 de rapporter l\u2019incident au stand d\u2019information ou aupr\u00e8s du personnel Festival Cin\u00e9 Jeunesse Suisse. Nos collaborateurs\u00b7trices sont inform\u00e9s et vous viendront en aide.<\/p>\n<\/details>\n","protected":false},"excerpt":{"rendered":"<p>Informations Vous trouverez ici toutes les informations importantes sur le festival \u00e0 l&rsquo;occasion de votre visite du Festival Cin\u00e9 Jeunesse Suisse. Stand d&rsquo;information Notre stand d\u2019information se trouve dans le foyer du blue Cinema Abaton et ouvre 30 minutes avant chaque projection du festival. Vous pouvez y obtenir notre abonnement du festival, des billets pour [&hellip;]<\/p>\n","protected":false},"author":14,"featured_media":0,"parent":5801,"menu_order":4,"comment_status":"closed","ping_status":"closed","template":"","meta":{"_acf_changed":false,"footnotes":""},"class_list":["post-5809","page","type-page","status-publish","hentry"],"acf":[],"yoast_head":"<!-- This site is optimized with the Yoast SEO plugin v27.4 - https:\/\/yoast.com\/product\/yoast-seo-wordpress\/ -->\n<title>Informations - FR Schweizer Jugendfilmtage<\/title>\n<meta name=\"description\" content=\"Vous trouverez ici toutes les informations importantes sur le festival \u00e0 l&#039;occasion de votre visite du Festival Cin\u00e9 Jeunesse Suisse.\" \/>\n<meta name=\"robots\" content=\"index, follow, max-snippet:-1, max-image-preview:large, max-video-preview:-1\" \/>\n<link rel=\"canonical\" href=\"https:\/\/jugendfilmtage.ch\/fr\/le-festival\/informations\/\" \/>\n<meta property=\"og:locale\" content=\"fr_FR\" \/>\n<meta property=\"og:type\" content=\"article\" \/>\n<meta property=\"og:title\" content=\"Informations - FR Schweizer Jugendfilmtage\" \/>\n<meta property=\"og:description\" content=\"Vous trouverez ici toutes les informations importantes sur le festival \u00e0 l&#039;occasion de votre visite du Festival Cin\u00e9 Jeunesse Suisse.\" \/>\n<meta property=\"og:url\" content=\"https:\/\/jugendfilmtage.ch\/fr\/le-festival\/informations\/\" \/>\n<meta property=\"og:site_name\" content=\"FR Schweizer Jugendfilmtage\" \/>\n<meta property=\"article:publisher\" content=\"https:\/\/www.facebook.com\/Jugendfilmtage\" \/>\n<meta property=\"article:modified_time\" content=\"2026-03-03T15:00:16+00:00\" \/>\n<meta property=\"og:image\" content=\"https:\/\/jugendfilmtage.ch\/wp-content\/uploads\/2024\/06\/0D8A7785-1-edited-5-scaled.jpg\" \/>\n\t<meta property=\"og:image:width\" content=\"2560\" \/>\n\t<meta property=\"og:image:height\" content=\"1439\" \/>\n\t<meta property=\"og:image:type\" content=\"image\/jpeg\" \/>\n<meta name=\"twitter:card\" content=\"summary_large_image\" \/>\n<meta name=\"twitter:site\" content=\"@jugendfilmtage\" \/>\n<meta name=\"twitter:label1\" content=\"Dur\u00e9e de lecture estim\u00e9e\" \/>\n\t<meta name=\"twitter:data1\" content=\"3 minutes\" \/>\n<script type=\"application\/ld+json\" class=\"yoast-schema-graph\">{\"@context\":\"https:\\\/\\\/schema.org\",\"@graph\":[{\"@type\":\"WebPage\",\"@id\":\"https:\\\/\\\/jugendfilmtage.ch\\\/fr\\\/le-festival\\\/informations\\\/\",\"url\":\"https:\\\/\\\/jugendfilmtage.ch\\\/fr\\\/le-festival\\\/informations\\\/\",\"name\":\"Informations - FR Schweizer Jugendfilmtage\",\"isPartOf\":{\"@id\":\"https:\\\/\\\/jugendfilmtage.ch\\\/fr\\\/#website\"},\"primaryImageOfPage\":{\"@id\":\"https:\\\/\\\/jugendfilmtage.ch\\\/fr\\\/le-festival\\\/informations\\\/#primaryimage\"},\"image\":{\"@id\":\"https:\\\/\\\/jugendfilmtage.ch\\\/fr\\\/le-festival\\\/informations\\\/#primaryimage\"},\"thumbnailUrl\":\"https:\\\/\\\/jugendfilmtage.ch\\\/wp-content\\\/uploads\\\/2024\\\/06\\\/0D8A7785-1-edited-5-scaled.jpg\",\"datePublished\":\"2024-10-15T12:19:02+00:00\",\"dateModified\":\"2026-03-03T15:00:16+00:00\",\"description\":\"Vous trouverez ici toutes les informations importantes sur le festival \u00e0 l'occasion de votre visite du Festival Cin\u00e9 Jeunesse Suisse.\",\"breadcrumb\":{\"@id\":\"https:\\\/\\\/jugendfilmtage.ch\\\/fr\\\/le-festival\\\/informations\\\/#breadcrumb\"},\"inLanguage\":\"fr-FR\",\"potentialAction\":[{\"@type\":\"ReadAction\",\"target\":[\"https:\\\/\\\/jugendfilmtage.ch\\\/fr\\\/le-festival\\\/informations\\\/\"]}]},{\"@type\":\"ImageObject\",\"inLanguage\":\"fr-FR\",\"@id\":\"https:\\\/\\\/jugendfilmtage.ch\\\/fr\\\/le-festival\\\/informations\\\/#primaryimage\",\"url\":\"https:\\\/\\\/jugendfilmtage.ch\\\/wp-content\\\/uploads\\\/2024\\\/06\\\/0D8A7785-1-edited-5-scaled.jpg\",\"contentUrl\":\"https:\\\/\\\/jugendfilmtage.ch\\\/wp-content\\\/uploads\\\/2024\\\/06\\\/0D8A7785-1-edited-5-scaled.jpg\"},{\"@type\":\"BreadcrumbList\",\"@id\":\"https:\\\/\\\/jugendfilmtage.ch\\\/fr\\\/le-festival\\\/informations\\\/#breadcrumb\",\"itemListElement\":[{\"@type\":\"ListItem\",\"position\":1,\"name\":\"Le Festival\",\"item\":\"https:\\\/\\\/jugendfilmtage.ch\\\/fr\\\/le-festival\\\/\"},{\"@type\":\"ListItem\",\"position\":2,\"name\":\"Informations\"}]},{\"@type\":\"WebSite\",\"@id\":\"https:\\\/\\\/jugendfilmtage.ch\\\/fr\\\/#website\",\"url\":\"https:\\\/\\\/jugendfilmtage.ch\\\/fr\\\/\",\"name\":\"FR Schweizer Jugendfilmtage\",\"description\":\"FR Festival Cin\u00e9 Jeunesse Suisse\",\"potentialAction\":[{\"@type\":\"SearchAction\",\"target\":{\"@type\":\"EntryPoint\",\"urlTemplate\":\"https:\\\/\\\/jugendfilmtage.ch\\\/fr\\\/?s={search_term_string}\"},\"query-input\":{\"@type\":\"PropertyValueSpecification\",\"valueRequired\":true,\"valueName\":\"search_term_string\"}}],\"inLanguage\":\"fr-FR\"}]}<\/script>\n<!-- \/ Yoast SEO plugin. -->","yoast_head_json":{"title":"Informations - FR Schweizer Jugendfilmtage","description":"Vous trouverez ici toutes les informations importantes sur le festival \u00e0 l'occasion de votre visite du Festival Cin\u00e9 Jeunesse Suisse.","robots":{"index":"index","follow":"follow","max-snippet":"max-snippet:-1","max-image-preview":"max-image-preview:large","max-video-preview":"max-video-preview:-1"},"canonical":"https:\/\/jugendfilmtage.ch\/fr\/le-festival\/informations\/","og_locale":"fr_FR","og_type":"article","og_title":"Informations - FR Schweizer Jugendfilmtage","og_description":"Vous trouverez ici toutes les informations importantes sur le festival \u00e0 l'occasion de votre visite du Festival Cin\u00e9 Jeunesse Suisse.","og_url":"https:\/\/jugendfilmtage.ch\/fr\/le-festival\/informations\/","og_site_name":"FR Schweizer Jugendfilmtage","article_publisher":"https:\/\/www.facebook.com\/Jugendfilmtage","article_modified_time":"2026-03-03T15:00:16+00:00","og_image":[{"width":2560,"height":1439,"url":"https:\/\/jugendfilmtage.ch\/wp-content\/uploads\/2024\/06\/0D8A7785-1-edited-5-scaled.jpg","type":"image\/jpeg"}],"twitter_card":"summary_large_image","twitter_site":"@jugendfilmtage","twitter_misc":{"Dur\u00e9e de lecture estim\u00e9e":"3 minutes"},"schema":{"@context":"https:\/\/schema.org","@graph":[{"@type":"WebPage","@id":"https:\/\/jugendfilmtage.ch\/fr\/le-festival\/informations\/","url":"https:\/\/jugendfilmtage.ch\/fr\/le-festival\/informations\/","name":"Informations - FR Schweizer Jugendfilmtage","isPartOf":{"@id":"https:\/\/jugendfilmtage.ch\/fr\/#website"},"primaryImageOfPage":{"@id":"https:\/\/jugendfilmtage.ch\/fr\/le-festival\/informations\/#primaryimage"},"image":{"@id":"https:\/\/jugendfilmtage.ch\/fr\/le-festival\/informations\/#primaryimage"},"thumbnailUrl":"https:\/\/jugendfilmtage.ch\/wp-content\/uploads\/2024\/06\/0D8A7785-1-edited-5-scaled.jpg","datePublished":"2024-10-15T12:19:02+00:00","dateModified":"2026-03-03T15:00:16+00:00","description":"Vous trouverez ici toutes les informations importantes sur le festival \u00e0 l'occasion de votre visite du Festival Cin\u00e9 Jeunesse Suisse.","breadcrumb":{"@id":"https:\/\/jugendfilmtage.ch\/fr\/le-festival\/informations\/#breadcrumb"},"inLanguage":"fr-FR","potentialAction":[{"@type":"ReadAction","target":["https:\/\/jugendfilmtage.ch\/fr\/le-festival\/informations\/"]}]},{"@type":"ImageObject","inLanguage":"fr-FR","@id":"https:\/\/jugendfilmtage.ch\/fr\/le-festival\/informations\/#primaryimage","url":"https:\/\/jugendfilmtage.ch\/wp-content\/uploads\/2024\/06\/0D8A7785-1-edited-5-scaled.jpg","contentUrl":"https:\/\/jugendfilmtage.ch\/wp-content\/uploads\/2024\/06\/0D8A7785-1-edited-5-scaled.jpg"},{"@type":"BreadcrumbList","@id":"https:\/\/jugendfilmtage.ch\/fr\/le-festival\/informations\/#breadcrumb","itemListElement":[{"@type":"ListItem","position":1,"name":"Le Festival","item":"https:\/\/jugendfilmtage.ch\/fr\/le-festival\/"},{"@type":"ListItem","position":2,"name":"Informations"}]},{"@type":"WebSite","@id":"https:\/\/jugendfilmtage.ch\/fr\/#website","url":"https:\/\/jugendfilmtage.ch\/fr\/","name":"FR Schweizer Jugendfilmtage","description":"FR Festival Cin\u00e9 Jeunesse Suisse","potentialAction":[{"@type":"SearchAction","target":{"@type":"EntryPoint","urlTemplate":"https:\/\/jugendfilmtage.ch\/fr\/?s={search_term_string}"},"query-input":{"@type":"PropertyValueSpecification","valueRequired":true,"valueName":"search_term_string"}}],"inLanguage":"fr-FR"}]}},"_links":{"self":[{"href":"https:\/\/jugendfilmtage.ch\/fr\/wp-json\/wp\/v2\/pages\/5809","targetHints":{"allow":["GET"]}}],"collection":[{"href":"https:\/\/jugendfilmtage.ch\/fr\/wp-json\/wp\/v2\/pages"}],"about":[{"href":"https:\/\/jugendfilmtage.ch\/fr\/wp-json\/wp\/v2\/types\/page"}],"author":[{"embeddable":true,"href":"https:\/\/jugendfilmtage.ch\/fr\/wp-json\/wp\/v2\/users\/14"}],"replies":[{"embeddable":true,"href":"https:\/\/jugendfilmtage.ch\/fr\/wp-json\/wp\/v2\/comments?post=5809"}],"version-history":[{"count":48,"href":"https:\/\/jugendfilmtage.ch\/fr\/wp-json\/wp\/v2\/pages\/5809\/revisions"}],"predecessor-version":[{"id":74692,"href":"https:\/\/jugendfilmtage.ch\/fr\/wp-json\/wp\/v2\/pages\/5809\/revisions\/74692"}],"up":[{"embeddable":true,"href":"https:\/\/jugendfilmtage.ch\/fr\/wp-json\/wp\/v2\/pages\/5801"}],"wp:attachment":[{"href":"https:\/\/jugendfilmtage.ch\/fr\/wp-json\/wp\/v2\/media?parent=5809"}],"curies":[{"name":"wp","href":"https:\/\/api.w.org\/{rel}","templated":true}]}}