{"id":5807,"date":"2024-10-15T14:05:54","date_gmt":"2024-10-15T12:05:54","guid":{"rendered":"http:\/\/17.jugendfilmtage.ch\/fr\/?page_id=5807"},"modified":"2024-10-15T14:05:55","modified_gmt":"2024-10-15T12:05:55","slug":"activites","status":"publish","type":"page","link":"https:\/\/jugendfilmtage.ch\/fr\/le-festival\/activites\/","title":{"rendered":"Activit\u00e9s"},"content":{"rendered":"\n<figure class=\"wp-block-image size-full\"><img loading=\"lazy\" decoding=\"async\" width=\"2560\" height=\"1440\" src=\"https:\/\/jugendfilmtage.ch\/wp-content\/uploads\/2024\/06\/0D8A8390-edited-2-scaled.jpg\" alt=\"Festival Cin\u00e9 Jeunesse Suisse Activit\u00e9s \" class=\"wp-image-26092\" srcset=\"https:\/\/jugendfilmtage.ch\/wp-content\/uploads\/2024\/06\/0D8A8390-edited-2-scaled.jpg 2560w, https:\/\/jugendfilmtage.ch\/wp-content\/uploads\/2024\/06\/0D8A8390-edited-2-300x169.jpg 300w, https:\/\/jugendfilmtage.ch\/wp-content\/uploads\/2024\/06\/0D8A8390-edited-2-880x495.jpg 880w, https:\/\/jugendfilmtage.ch\/wp-content\/uploads\/2024\/06\/0D8A8390-edited-2-768x432.jpg 768w, https:\/\/jugendfilmtage.ch\/wp-content\/uploads\/2024\/06\/0D8A8390-edited-2-1536x864.jpg 1536w, https:\/\/jugendfilmtage.ch\/wp-content\/uploads\/2024\/06\/0D8A8390-edited-2-2048x1152.jpg 2048w\" sizes=\"auto, (max-width: 2560px) 100vw, 2560px\" \/><\/figure>\n\n\n\n<h1 class=\"wp-block-heading\">Activit\u00e9s<\/h1>\n\n\n\n<p>Ici, vous trouverez toutes les activit\u00e9s propos\u00e9es pendant le festival. Il y en a pour tous les \u00e2ges jusqu&rsquo;\u00e0 30 ans. Ces activit\u00e9s sont gratuites, sauf mention contraire.<\/p>\n\n\n\n<h2 class=\"wp-block-heading\">\u00abClap! Clap!\u00bb <\/h2>\n\n\n\n<p>Pendant les jours du festival, nous organisons un <strong><a href=\"https:\/\/jugendfilmtage.ch\/fr\/sur-lannee\/clap-clap\/\">\u00abClap! Clap!\u00bb<\/a> Day <\/strong>: <strong>deux workshops<\/strong>, <strong>une comp\u00e9tition de pitching<\/strong> et un <strong>apr\u00e8s-midi de r\u00e9seautage<\/strong>. Nous offrons la possibilit\u00e9 de d\u00e9velopper et de pr\u00e9senter des id\u00e9es de films et d\u2019entrer en contact avec des professionnel\u00b7le\u00b7s du cin\u00e9ma et des festivals.<\/p>\n\n\n\n<div class=\"wp-block-buttons is-layout-flex wp-block-buttons-is-layout-flex\">\n<div class=\"wp-block-button is-style-outline is-style-outline--2\"><a class=\"wp-block-button__link wp-element-button\" href=\"https:\/\/jugendfilmtage.ch\/fr\/sur-lannee\/clap-clap\/\">Plus sur \u00abClap! Clap!\u00bb<\/a><\/div>\n<\/div>\n\n\n\n<h2 class=\"wp-block-heading\">Talent Camp<\/h2>\n\n\n\n<p><a href=\"https:\/\/jugendfilmtage.ch\/fr\/le-festival\/programme-cadre\/talent-camp\/\">Talent Camp<\/a> was first launched in 2021 to celebrate the 45th anniversary of the Swiss Youth Film festival (Schweizer Jugendfilmtage) and has since become a yearly event. It offers twenty young filmmakers and cinephiles from Switzerland and Europe the unique opportunity to experience our festival while also learning from established film professionals by participating in four workshops.<\/p>\n\n\n\n<div class=\"wp-block-buttons is-layout-flex wp-block-buttons-is-layout-flex\">\n<div class=\"wp-block-button is-style-outline is-style-outline--3\"><a class=\"wp-block-button__link wp-element-button\" href=\"https:\/\/jugendfilmtage.ch\/festival\/rahmenprogramm\/talent-camp\/\">Plus sur Talent Camp<\/a><\/div>\n<\/div>\n\n\n\n<h2 class=\"wp-block-heading\">At\u00e9liers<\/h2>\n\n\n\n<p>Les ateliers ont lieu pendant le week-end du festival. Ils servent \u00e0 obtenir un aper\u00e7u approfondi d&rsquo;un domaine particulier de la branche cin\u00e9matographique, \u00e0 d\u00e9couvrir le travail quotidien des professionnel\u00b7le\u00b7s et \u00e0 apprendre de nouvelles comp\u00e9tences. <\/p>\n\n\n\n<p>Chaque ann\u00e9e, 2 \u00e0 3 ateliers sont organis\u00e9s. <\/p>\n\n\n\n<p>Les ann\u00e9es pr\u00e9c\u00e9dentes, les cours propos\u00e9s \u00e9taient les suivants : Eclairage, critique de film, webs\u00e9rie, musique de film, sc\u00e9nario, cam\u00e9ra-op\u00e9rateur\u00b7trice, clip musical, jeu d&rsquo;acteur, storyboard, etc. <\/p>\n\n\n\n<p><\/p>\n\n\n\n<p><\/p>\n","protected":false},"excerpt":{"rendered":"<p>Activit\u00e9s Ici, vous trouverez toutes les activit\u00e9s propos\u00e9es pendant le festival. Il y en a pour tous les \u00e2ges jusqu&rsquo;\u00e0 30 ans. Ces activit\u00e9s sont gratuites, sauf mention contraire. \u00abClap! Clap!\u00bb Pendant les jours du festival, nous organisons un \u00abClap! Clap!\u00bb Day : deux workshops, une comp\u00e9tition de pitching et un apr\u00e8s-midi de r\u00e9seautage. Nous [&hellip;]<\/p>\n","protected":false},"author":14,"featured_media":0,"parent":5801,"menu_order":3,"comment_status":"closed","ping_status":"closed","template":"","meta":{"_acf_changed":false,"footnotes":""},"class_list":["post-5807","page","type-page","status-publish","hentry"],"acf":[],"yoast_head":"<!-- This site is optimized with the Yoast SEO plugin v27.4 - https:\/\/yoast.com\/product\/yoast-seo-wordpress\/ -->\n<title>Activit\u00e9s - FR Schweizer Jugendfilmtage<\/title>\n<meta name=\"description\" content=\"Toutes les activit\u00e9s propos\u00e9es pendant le Festival Cin\u00e9 Jeunesse Suisse. Il y en a pour tous les \u00e2ges jusqu&#039;\u00e0 30 ans.\" \/>\n<meta name=\"robots\" content=\"index, follow, max-snippet:-1, max-image-preview:large, max-video-preview:-1\" \/>\n<link rel=\"canonical\" href=\"https:\/\/jugendfilmtage.ch\/fr\/le-festival\/activites\/\" \/>\n<meta property=\"og:locale\" content=\"fr_FR\" \/>\n<meta property=\"og:type\" content=\"article\" \/>\n<meta property=\"og:title\" content=\"Activit\u00e9s - FR Schweizer Jugendfilmtage\" \/>\n<meta property=\"og:description\" content=\"Toutes les activit\u00e9s propos\u00e9es pendant le Festival Cin\u00e9 Jeunesse Suisse. Il y en a pour tous les \u00e2ges jusqu&#039;\u00e0 30 ans.\" \/>\n<meta property=\"og:url\" content=\"https:\/\/jugendfilmtage.ch\/fr\/le-festival\/activites\/\" \/>\n<meta property=\"og:site_name\" content=\"FR Schweizer Jugendfilmtage\" \/>\n<meta property=\"article:publisher\" content=\"https:\/\/www.facebook.com\/Jugendfilmtage\" \/>\n<meta property=\"article:modified_time\" content=\"2024-10-15T12:05:55+00:00\" \/>\n<meta property=\"og:image\" content=\"https:\/\/jugendfilmtage.ch\/wp-content\/uploads\/2024\/06\/0D8A8390-edited-2-scaled.jpg\" \/>\n\t<meta property=\"og:image:width\" content=\"2560\" \/>\n\t<meta property=\"og:image:height\" content=\"1440\" \/>\n\t<meta property=\"og:image:type\" content=\"image\/jpeg\" \/>\n<meta name=\"twitter:card\" content=\"summary_large_image\" \/>\n<meta name=\"twitter:site\" content=\"@jugendfilmtage\" \/>\n<meta name=\"twitter:label1\" content=\"Dur\u00e9e de lecture estim\u00e9e\" \/>\n\t<meta name=\"twitter:data1\" content=\"2 minutes\" \/>\n<script type=\"application\/ld+json\" class=\"yoast-schema-graph\">{\"@context\":\"https:\\\/\\\/schema.org\",\"@graph\":[{\"@type\":\"WebPage\",\"@id\":\"https:\\\/\\\/jugendfilmtage.ch\\\/fr\\\/le-festival\\\/activites\\\/\",\"url\":\"https:\\\/\\\/jugendfilmtage.ch\\\/fr\\\/le-festival\\\/activites\\\/\",\"name\":\"Activit\u00e9s - FR Schweizer Jugendfilmtage\",\"isPartOf\":{\"@id\":\"https:\\\/\\\/jugendfilmtage.ch\\\/fr\\\/#website\"},\"primaryImageOfPage\":{\"@id\":\"https:\\\/\\\/jugendfilmtage.ch\\\/fr\\\/le-festival\\\/activites\\\/#primaryimage\"},\"image\":{\"@id\":\"https:\\\/\\\/jugendfilmtage.ch\\\/fr\\\/le-festival\\\/activites\\\/#primaryimage\"},\"thumbnailUrl\":\"https:\\\/\\\/jugendfilmtage.ch\\\/wp-content\\\/uploads\\\/2024\\\/06\\\/0D8A8390-edited-2-scaled.jpg\",\"datePublished\":\"2024-10-15T12:05:54+00:00\",\"dateModified\":\"2024-10-15T12:05:55+00:00\",\"description\":\"Toutes les activit\u00e9s propos\u00e9es pendant le Festival Cin\u00e9 Jeunesse Suisse. Il y en a pour tous les \u00e2ges jusqu'\u00e0 30 ans.\",\"breadcrumb\":{\"@id\":\"https:\\\/\\\/jugendfilmtage.ch\\\/fr\\\/le-festival\\\/activites\\\/#breadcrumb\"},\"inLanguage\":\"fr-FR\",\"potentialAction\":[{\"@type\":\"ReadAction\",\"target\":[\"https:\\\/\\\/jugendfilmtage.ch\\\/fr\\\/le-festival\\\/activites\\\/\"]}]},{\"@type\":\"ImageObject\",\"inLanguage\":\"fr-FR\",\"@id\":\"https:\\\/\\\/jugendfilmtage.ch\\\/fr\\\/le-festival\\\/activites\\\/#primaryimage\",\"url\":\"https:\\\/\\\/jugendfilmtage.ch\\\/wp-content\\\/uploads\\\/2024\\\/06\\\/0D8A8390-edited-2-scaled.jpg\",\"contentUrl\":\"https:\\\/\\\/jugendfilmtage.ch\\\/wp-content\\\/uploads\\\/2024\\\/06\\\/0D8A8390-edited-2-scaled.jpg\"},{\"@type\":\"BreadcrumbList\",\"@id\":\"https:\\\/\\\/jugendfilmtage.ch\\\/fr\\\/le-festival\\\/activites\\\/#breadcrumb\",\"itemListElement\":[{\"@type\":\"ListItem\",\"position\":1,\"name\":\"Le Festival\",\"item\":\"https:\\\/\\\/jugendfilmtage.ch\\\/fr\\\/le-festival\\\/\"},{\"@type\":\"ListItem\",\"position\":2,\"name\":\"Activit\u00e9s\"}]},{\"@type\":\"WebSite\",\"@id\":\"https:\\\/\\\/jugendfilmtage.ch\\\/fr\\\/#website\",\"url\":\"https:\\\/\\\/jugendfilmtage.ch\\\/fr\\\/\",\"name\":\"FR Schweizer Jugendfilmtage\",\"description\":\"FR Festival Cin\u00e9 Jeunesse Suisse\",\"potentialAction\":[{\"@type\":\"SearchAction\",\"target\":{\"@type\":\"EntryPoint\",\"urlTemplate\":\"https:\\\/\\\/jugendfilmtage.ch\\\/fr\\\/?s={search_term_string}\"},\"query-input\":{\"@type\":\"PropertyValueSpecification\",\"valueRequired\":true,\"valueName\":\"search_term_string\"}}],\"inLanguage\":\"fr-FR\"}]}<\/script>\n<!-- \/ Yoast SEO plugin. -->","yoast_head_json":{"title":"Activit\u00e9s - FR Schweizer Jugendfilmtage","description":"Toutes les activit\u00e9s propos\u00e9es pendant le Festival Cin\u00e9 Jeunesse Suisse. Il y en a pour tous les \u00e2ges jusqu'\u00e0 30 ans.","robots":{"index":"index","follow":"follow","max-snippet":"max-snippet:-1","max-image-preview":"max-image-preview:large","max-video-preview":"max-video-preview:-1"},"canonical":"https:\/\/jugendfilmtage.ch\/fr\/le-festival\/activites\/","og_locale":"fr_FR","og_type":"article","og_title":"Activit\u00e9s - FR Schweizer Jugendfilmtage","og_description":"Toutes les activit\u00e9s propos\u00e9es pendant le Festival Cin\u00e9 Jeunesse Suisse. Il y en a pour tous les \u00e2ges jusqu'\u00e0 30 ans.","og_url":"https:\/\/jugendfilmtage.ch\/fr\/le-festival\/activites\/","og_site_name":"FR Schweizer Jugendfilmtage","article_publisher":"https:\/\/www.facebook.com\/Jugendfilmtage","article_modified_time":"2024-10-15T12:05:55+00:00","og_image":[{"width":2560,"height":1440,"url":"https:\/\/jugendfilmtage.ch\/wp-content\/uploads\/2024\/06\/0D8A8390-edited-2-scaled.jpg","type":"image\/jpeg"}],"twitter_card":"summary_large_image","twitter_site":"@jugendfilmtage","twitter_misc":{"Dur\u00e9e de lecture estim\u00e9e":"2 minutes"},"schema":{"@context":"https:\/\/schema.org","@graph":[{"@type":"WebPage","@id":"https:\/\/jugendfilmtage.ch\/fr\/le-festival\/activites\/","url":"https:\/\/jugendfilmtage.ch\/fr\/le-festival\/activites\/","name":"Activit\u00e9s - FR Schweizer Jugendfilmtage","isPartOf":{"@id":"https:\/\/jugendfilmtage.ch\/fr\/#website"},"primaryImageOfPage":{"@id":"https:\/\/jugendfilmtage.ch\/fr\/le-festival\/activites\/#primaryimage"},"image":{"@id":"https:\/\/jugendfilmtage.ch\/fr\/le-festival\/activites\/#primaryimage"},"thumbnailUrl":"https:\/\/jugendfilmtage.ch\/wp-content\/uploads\/2024\/06\/0D8A8390-edited-2-scaled.jpg","datePublished":"2024-10-15T12:05:54+00:00","dateModified":"2024-10-15T12:05:55+00:00","description":"Toutes les activit\u00e9s propos\u00e9es pendant le Festival Cin\u00e9 Jeunesse Suisse. Il y en a pour tous les \u00e2ges jusqu'\u00e0 30 ans.","breadcrumb":{"@id":"https:\/\/jugendfilmtage.ch\/fr\/le-festival\/activites\/#breadcrumb"},"inLanguage":"fr-FR","potentialAction":[{"@type":"ReadAction","target":["https:\/\/jugendfilmtage.ch\/fr\/le-festival\/activites\/"]}]},{"@type":"ImageObject","inLanguage":"fr-FR","@id":"https:\/\/jugendfilmtage.ch\/fr\/le-festival\/activites\/#primaryimage","url":"https:\/\/jugendfilmtage.ch\/wp-content\/uploads\/2024\/06\/0D8A8390-edited-2-scaled.jpg","contentUrl":"https:\/\/jugendfilmtage.ch\/wp-content\/uploads\/2024\/06\/0D8A8390-edited-2-scaled.jpg"},{"@type":"BreadcrumbList","@id":"https:\/\/jugendfilmtage.ch\/fr\/le-festival\/activites\/#breadcrumb","itemListElement":[{"@type":"ListItem","position":1,"name":"Le Festival","item":"https:\/\/jugendfilmtage.ch\/fr\/le-festival\/"},{"@type":"ListItem","position":2,"name":"Activit\u00e9s"}]},{"@type":"WebSite","@id":"https:\/\/jugendfilmtage.ch\/fr\/#website","url":"https:\/\/jugendfilmtage.ch\/fr\/","name":"FR Schweizer Jugendfilmtage","description":"FR Festival Cin\u00e9 Jeunesse Suisse","potentialAction":[{"@type":"SearchAction","target":{"@type":"EntryPoint","urlTemplate":"https:\/\/jugendfilmtage.ch\/fr\/?s={search_term_string}"},"query-input":{"@type":"PropertyValueSpecification","valueRequired":true,"valueName":"search_term_string"}}],"inLanguage":"fr-FR"}]}},"_links":{"self":[{"href":"https:\/\/jugendfilmtage.ch\/fr\/wp-json\/wp\/v2\/pages\/5807","targetHints":{"allow":["GET"]}}],"collection":[{"href":"https:\/\/jugendfilmtage.ch\/fr\/wp-json\/wp\/v2\/pages"}],"about":[{"href":"https:\/\/jugendfilmtage.ch\/fr\/wp-json\/wp\/v2\/types\/page"}],"author":[{"embeddable":true,"href":"https:\/\/jugendfilmtage.ch\/fr\/wp-json\/wp\/v2\/users\/14"}],"replies":[{"embeddable":true,"href":"https:\/\/jugendfilmtage.ch\/fr\/wp-json\/wp\/v2\/comments?post=5807"}],"version-history":[{"count":59,"href":"https:\/\/jugendfilmtage.ch\/fr\/wp-json\/wp\/v2\/pages\/5807\/revisions"}],"predecessor-version":[{"id":27457,"href":"https:\/\/jugendfilmtage.ch\/fr\/wp-json\/wp\/v2\/pages\/5807\/revisions\/27457"}],"up":[{"embeddable":true,"href":"https:\/\/jugendfilmtage.ch\/fr\/wp-json\/wp\/v2\/pages\/5801"}],"wp:attachment":[{"href":"https:\/\/jugendfilmtage.ch\/fr\/wp-json\/wp\/v2\/media?parent=5807"}],"curies":[{"name":"wp","href":"https:\/\/api.w.org\/{rel}","templated":true}]}}