{"id":5803,"date":"2024-10-15T13:39:12","date_gmt":"2024-10-15T11:39:12","guid":{"rendered":"http:\/\/17.jugendfilmtage.ch\/fr\/?page_id=5803"},"modified":"2026-02-23T17:42:31","modified_gmt":"2026-02-23T16:42:31","slug":"competition-et-prix","status":"publish","type":"page","link":"https:\/\/jugendfilmtage.ch\/fr\/le-festival\/competition-et-prix\/","title":{"rendered":"Comp\u00e9tition &#038; Prix"},"content":{"rendered":"\n<figure data-wp-context=\"{&quot;imageId&quot;:&quot;69e24d008fd9d&quot;}\" data-wp-interactive=\"core\/image\" data-wp-key=\"69e24d008fd9d\" class=\"wp-block-image wp-lightbox-container\"><img loading=\"lazy\" decoding=\"async\" width=\"2560\" height=\"1440\" data-wp-class--hide=\"state.isContentHidden\" data-wp-class--show=\"state.isContentVisible\" data-wp-init=\"callbacks.setButtonStyles\" data-wp-on--click=\"actions.showLightbox\" data-wp-on--load=\"callbacks.setButtonStyles\" data-wp-on-window--resize=\"callbacks.setButtonStyles\" src=\"https:\/\/jugendfilmtage.ch\/wp-content\/uploads\/2022\/02\/Preise_springender-Panther-scaled.jpg\" alt=\"Festival Cin\u00e9 Jeunesse Suisse le prix Panth\u00e8re bondissante\" class=\"wp-image-15046\" srcset=\"https:\/\/jugendfilmtage.ch\/wp-content\/uploads\/2022\/02\/Preise_springender-Panther-scaled.jpg 2560w, https:\/\/jugendfilmtage.ch\/wp-content\/uploads\/2022\/02\/Preise_springender-Panther-300x169.jpg 300w, https:\/\/jugendfilmtage.ch\/wp-content\/uploads\/2022\/02\/Preise_springender-Panther-880x495.jpg 880w, https:\/\/jugendfilmtage.ch\/wp-content\/uploads\/2022\/02\/Preise_springender-Panther-768x432.jpg 768w, https:\/\/jugendfilmtage.ch\/wp-content\/uploads\/2022\/02\/Preise_springender-Panther-1536x864.jpg 1536w, https:\/\/jugendfilmtage.ch\/wp-content\/uploads\/2022\/02\/Preise_springender-Panther-2048x1152.jpg 2048w\" sizes=\"auto, (max-width: 2560px) 100vw, 2560px\" \/><button\n\t\t\tclass=\"lightbox-trigger\"\n\t\t\ttype=\"button\"\n\t\t\taria-haspopup=\"dialog\"\n\t\t\taria-label=\"Agrandir\"\n\t\t\tdata-wp-init=\"callbacks.initTriggerButton\"\n\t\t\tdata-wp-on--click=\"actions.showLightbox\"\n\t\t\tdata-wp-style--right=\"state.imageButtonRight\"\n\t\t\tdata-wp-style--top=\"state.imageButtonTop\"\n\t\t>\n\t\t\t<svg xmlns=\"http:\/\/www.w3.org\/2000\/svg\" width=\"12\" height=\"12\" fill=\"none\" viewBox=\"0 0 12 12\">\n\t\t\t\t<path fill=\"#fff\" d=\"M2 0a2 2 0 0 0-2 2v2h1.5V2a.5.5 0 0 1 .5-.5h2V0H2Zm2 10.5H2a.5.5 0 0 1-.5-.5V8H0v2a2 2 0 0 0 2 2h2v-1.5ZM8 12v-1.5h2a.5.5 0 0 0 .5-.5V8H12v2a2 2 0 0 1-2 2H8Zm2-12a2 2 0 0 1 2 2v2h-1.5V2a.5.5 0 0 0-.5-.5H8V0h2Z\" \/>\n\t\t\t<\/svg>\n\t\t<\/button><\/figure>\n\n\n\n<h1 class=\"wp-block-heading\">Comp\u00e9tition &amp; Prix<\/h1>\n\n\n\n<p>Sur cette page, tu trouveras un aper\u00e7u des cat\u00e9gories du concours et de tous les prix (plus de vingt) qui seront attribu\u00e9s lors de la c\u00e9r\u00e9monie de remise des prix.<\/p>\n\n\n\n<h2 class=\"wp-block-heading\">Les Cat\u00e9gories<\/h2>\n\n\n\n<div class=\"wp-block-columns is-layout-flex wp-container-core-columns-is-layout-9d6595d7 wp-block-columns-is-layout-flex\">\n<div class=\"wp-block-column is-layout-flow wp-block-column-is-layout-flow\" style=\"flex-basis:33.33%\">\n<div class=\"jf-letter\">\n  <span class=\"jf-letter-color-1\">A<\/span>\n  <span class=\"jf-letter-color-2\">A<\/span>\n  <span class=\"jf-letter-black\">A<\/span>\n<\/div>\n<\/div>\n\n\n\n<div class=\"wp-block-column is-layout-flow wp-block-column-is-layout-flow\" style=\"flex-basis:66.66%\">\n<h3 class=\"wp-block-heading\">Cat\u00e9gorie A<\/h3>\n\n\n\n<p>Projets r\u00e9alis\u00e9s par jeunes jusqu\u2019\u00e0 12 ans. Ces films sont produits par des individus, des groupes de jeunes ou par des jeunes encadr\u00e9s par des adultes (initiatives de cin\u00e9ma, associations de jeunesse, \u00e9coles).<\/p>\n<\/div>\n<\/div>\n\n\n\n<div class=\"wp-block-columns is-layout-flex wp-container-core-columns-is-layout-9d6595d7 wp-block-columns-is-layout-flex\">\n<div class=\"wp-block-column is-layout-flow wp-block-column-is-layout-flow\" style=\"flex-basis:33.33%\">\n<div class=\"jf-letter\">\n  <span class=\"jf-letter-color-1\">B<\/span>\n  <span class=\"jf-letter-color-2\">B<\/span>\n  <span class=\"jf-letter-black\">B<\/span>\n<\/div>\n<\/div>\n\n\n\n<div class=\"wp-block-column is-layout-flow wp-block-column-is-layout-flow\" style=\"flex-basis:66.66%\">\n<h3 class=\"wp-block-heading\">Cat\u00e9gorie B<\/h3>\n\n\n\n<p>Projets r\u00e9alis\u00e9s par jeunes jusqu\u2019\u00e0 16 ans. Ces films sont produits par des individus, des groupes de jeunes ou par des jeunes encadr\u00e9s par des adultes (initiatives de cin\u00e9ma, associations de jeunesse, \u00e9coles).<\/p>\n<\/div>\n<\/div>\n\n\n\n<div class=\"wp-block-columns is-layout-flex wp-container-core-columns-is-layout-9d6595d7 wp-block-columns-is-layout-flex\">\n<div class=\"wp-block-column is-layout-flow wp-block-column-is-layout-flow\" style=\"flex-basis:33.33%\">\n<div class=\"jf-letter\">\n  <span class=\"jf-letter-color-1\">C<\/span>\n  <span class=\"jf-letter-color-2\">C<\/span>\n  <span class=\"jf-letter-black\">C<\/span>\n<\/div>\n<\/div>\n\n\n\n<div class=\"wp-block-column is-layout-flow wp-block-column-is-layout-flow\" style=\"flex-basis:66.66%\">\n<h3 class=\"wp-block-heading\">Cat\u00e9gorie C<\/h3>\n\n\n\n<p>Productions de jeunes jusqu\u2019\u00e0 19 ans r\u00e9alis\u00e9es par des individus, des groupes de jeunes ou par des jeunes encadr\u00e9s par des adultes (initiatives de cin\u00e9ma, associations de jeunesse, \u00e9coles).<\/p>\n<\/div>\n<\/div>\n\n\n\n<div class=\"wp-block-columns is-layout-flex wp-container-core-columns-is-layout-9d6595d7 wp-block-columns-is-layout-flex\">\n<div class=\"wp-block-column is-layout-flow wp-block-column-is-layout-flow\" style=\"flex-basis:33.33%\">\n<div class=\"jf-letter\">\n  <span class=\"jf-letter-color-1\">D<\/span>\n  <span class=\"jf-letter-color-2\">D<\/span>\n  <span class=\"jf-letter-black\">D<\/span>\n<\/div>\n<\/div>\n\n\n\n<div class=\"wp-block-column is-layout-flow wp-block-column-is-layout-flow\" style=\"flex-basis:66.66%\">\n<h3 class=\"wp-block-heading\">Cat\u00e9gorie D<\/h3>\n\n\n\n<p>Productions individuelles ou de groupe r\u00e9alis\u00e9es par de jeunes adultes entre 20 et 25 ans. Les films sont produits individuellement ou en \u00e9quipe en dehors du cadre scolaire ou d\u2019apprentissage.<\/p>\n<\/div>\n<\/div>\n\n\n\n<div class=\"wp-block-columns is-layout-flex wp-container-core-columns-is-layout-9d6595d7 wp-block-columns-is-layout-flex\">\n<div class=\"wp-block-column is-layout-flow wp-block-column-is-layout-flow\" style=\"flex-basis:33.33%\">\n<div class=\"jf-letter\">\n  <span class=\"jf-letter-color-1\">E<\/span>\n  <span class=\"jf-letter-color-2\">E<\/span>\n  <span class=\"jf-letter-black\">E<\/span>\n<\/div>\n<\/div>\n\n\n\n<div class=\"wp-block-column is-layout-flow wp-block-column-is-layout-flow\" style=\"flex-basis:66.66%\">\n<h3 class=\"wp-block-heading\">Cat\u00e9gorie E<\/h3>\n\n\n\n<p>Productions de jeunes r\u00e9alisateur\u00b7trice\u00b7s jusqu\u2019\u00e0 30 ans fr\u00e9quentant une \u00e9cole de cin\u00e9ma suisse ou international. Le film peut \u00eatre r\u00e9alis\u00e9 dans le cadre de l\u2019\u00e9cole ou dans un contexte libre.<\/p>\n<\/div>\n<\/div>\n\n\n\n<h2 class=\"wp-block-heading\"><strong>Prix de la comp\u00e9tition<\/strong><\/h2>\n\n\n\n<div class=\"wp-block-columns is-layout-flex wp-container-core-columns-is-layout-9d6595d7 wp-block-columns-is-layout-flex\">\n<div class=\"wp-block-column is-layout-flow wp-block-column-is-layout-flow\" style=\"flex-basis:16.67%\">\n<figure class=\"wp-block-image size-full jf-icon-yellow\"><img decoding=\"async\" src=\"https:\/\/jugendfilmtage.ch\/wp-content\/uploads\/2024\/03\/icon-der-springende-panther.svg\" alt=\"Festival Cin\u00e9 Jeunesse Suisse Panth\u00e8re bondissante\" class=\"wp-image-25289\"\/><\/figure>\n<\/div>\n\n\n\n<div class=\"wp-block-column is-layout-flow wp-block-column-is-layout-flow\" style=\"flex-basis:45%\">\n<h3 class=\"wp-block-heading\">La Panth\u00e8re bondissante<\/h3>\n\n\n\n<p>Le\u00b7la laur\u00e9at\u00b7e se voit remettre la Panth\u00e8re bondissante ainsi qu\u2019un prix en esp\u00e8ces d\u2019un montant de CHF 1\u2019000.\u2013. <\/p>\n\n\n\n<p>Les deuxi\u00e8me et le troisi\u00e8me prix sont dot\u00e9s de CHF 600.- et CHF 400.- respectivement.<\/p>\n\n\n\n<p>Le\u00b7la laur\u00e9at\u00b7e de la Cat\u00e9gorie C a l\u2019honneur de r\u00e9aliser la bande-annonce de la prochaine \u00e9dition du festival.<\/p>\n\n\n\n<p>Le premier prix de la cat\u00e9gorie D est sponsoris\u00e9 par <a href=\"https:\/\/www.tonstudiosz.com\/\">Tonstudios Z<\/a>.<\/p>\n<\/div>\n\n\n\n<div class=\"wp-block-column is-layout-flow wp-block-column-is-layout-flow\" style=\"flex-basis:40%\">\n<figure class=\"wp-block-image size-full\"><a href=\"https:\/\/storylab.pour-cent-culturel-migros.ch\/\"><img decoding=\"async\" src=\"https:\/\/jugendfilmtage.ch\/wp-content\/uploads\/2025\/10\/Migros-story-Lab-1-edited.png\" alt=\"\" class=\"wp-image-47845\"\/><\/a><\/figure>\n\n\n\n<p>La Cat\u00e9gorie E est sponsoris\u00e9e par Pour-cent culturel Migros Story Lab. Le\u00b7la laur\u00e9at\u00b7e du premier prix dans la Cat\u00e9gorie E obtient un encadrement professionnel au sein de la branche du cin\u00e9ma offert par Pour-cent culturel Migros Story Lab.<\/p>\n\n\n\n<p>En outre, le\u00b7la laur\u00e9at\u00b7e participe au jury du Festival Cin\u00e9 Jeunesse Suisse l\u2019ann\u00e9e suivante.<\/p>\n<\/div>\n<\/div>\n\n\n\n<div class=\"wp-block-columns is-layout-flex wp-container-core-columns-is-layout-9d6595d7 wp-block-columns-is-layout-flex\">\n<div class=\"wp-block-column is-layout-flow wp-block-column-is-layout-flow\" style=\"flex-basis:25%\">\n<figure class=\"wp-block-image size-full jf-icon-yellow\"><img decoding=\"async\" src=\"https:\/\/jugendfilmtage.ch\/wp-content\/uploads\/2024\/03\/icon-zkb-publikumspreis.svg\" alt=\"Festival Cin\u00e9 Jeunesse Suisse Pokal\" class=\"wp-image-25295\"\/><\/figure>\n\n\n\n<figure class=\"wp-block-image size-large\"><a href=\"https:\/\/www.zkb.ch\/de\/ueber-uns\/unser-engagement\/kultur-szene\/schweizer-jugendfilmtage.html\"><img loading=\"lazy\" decoding=\"async\" width=\"880\" height=\"452\" src=\"https:\/\/jugendfilmtage.ch\/wp-content\/uploads\/2025\/10\/ZKB_Logo_web-880x452.png\" alt=\"\" class=\"wp-image-47848\" srcset=\"https:\/\/jugendfilmtage.ch\/wp-content\/uploads\/2025\/10\/ZKB_Logo_web-880x452.png 880w, https:\/\/jugendfilmtage.ch\/wp-content\/uploads\/2025\/10\/ZKB_Logo_web-300x154.png 300w, https:\/\/jugendfilmtage.ch\/wp-content\/uploads\/2025\/10\/ZKB_Logo_web-768x394.png 768w, https:\/\/jugendfilmtage.ch\/wp-content\/uploads\/2025\/10\/ZKB_Logo_web-1536x789.png 1536w, https:\/\/jugendfilmtage.ch\/wp-content\/uploads\/2025\/10\/ZKB_Logo_web-2048x1051.png 2048w\" sizes=\"auto, (max-width: 880px) 100vw, 880px\" \/><\/a><\/figure>\n<\/div>\n\n\n\n<div class=\"wp-block-column is-layout-flow wp-block-column-is-layout-flow\" style=\"flex-basis:75%\">\n<h3 class=\"wp-block-heading\">Prix du Public ZKB<\/h3>\n\n\n\n<p>Ta voix compte! \u00c0 la fin de chaque projection dans les cat\u00e9gories de comp\u00e9tition, les spectateurs\u00b7trices choisissent leur film pr\u00e9f\u00e9r\u00e9 et d\u00e9signent ainsi le laur\u00e9at du Prix du public ZKB. D\u2019un montant de CHF 1\u2019000.- chacun, les Prix du public ZKB sont offerts par la Banque cantonale de Zurich.<\/p>\n<\/div>\n<\/div>\n\n\n\n<div class=\"wp-block-columns is-layout-flex wp-container-core-columns-is-layout-9d6595d7 wp-block-columns-is-layout-flex\">\n<div class=\"wp-block-column is-layout-flow wp-block-column-is-layout-flow\" style=\"flex-basis:25%\">\n<figure class=\"wp-block-image size-full jf-icon-yellow\"><img decoding=\"async\" src=\"https:\/\/jugendfilmtage.ch\/wp-content\/uploads\/2024\/03\/icons-klappe-auf.svg\" alt=\"Festival Cin\u00e9 Jeunesse Suisse Klappe Auf- Filmklappe\" class=\"wp-image-25293\"\/><\/figure>\n\n\n\n<figure class=\"wp-block-image size-full\"><img decoding=\"async\" src=\"https:\/\/jugendfilmtage.ch\/wp-content\/uploads\/2025\/10\/SRG-SSR-Web-edited.png\" alt=\"\" class=\"wp-image-47854\"\/><\/figure>\n<\/div>\n\n\n\n<div class=\"wp-block-column is-layout-flow wp-block-column-is-layout-flow\" style=\"flex-basis:75%\">\n<h3 class=\"wp-block-heading\">\u00abClap! Clap!\u00bb<\/h3>\n\n\n\n<p>CHF 1\u2019000.\u2013 et trois demi-journ\u00e9es de mentorat en compagnie de professionnel\u00b7les. Le jury r\u00e9compense le meilleur pitch du concours de pitching \u00abClap! Clap!\u00bb. Le court m\u00e9trage cr\u00e9\u00e9 sera pr\u00e9sent\u00e9 \u00e0 l\u2018ouverture du festival l\u2018ann\u00e9e suivante. Sponsoris\u00e9 par SRG SSR.<\/p>\n<\/div>\n<\/div>\n\n\n\n<div class=\"wp-block-columns is-layout-flex wp-container-core-columns-is-layout-9d6595d7 wp-block-columns-is-layout-flex\">\n<div class=\"wp-block-column is-layout-flow wp-block-column-is-layout-flow\" style=\"flex-basis:25%\">\n<figure class=\"wp-block-image size-full jf-icon-yellow\"><img decoding=\"async\" src=\"https:\/\/jugendfilmtage.ch\/wp-content\/uploads\/2024\/03\/icon-das-goldene-bergli.svg\" alt=\"Festival Cin\u00e9 Jeunesse Suisse Le Goldene Bergli\" class=\"wp-image-25287\"\/><\/figure>\n\n\n\n<figure class=\"wp-block-image size-full\"><img decoding=\"async\" src=\"https:\/\/jugendfilmtage.ch\/wp-content\/uploads\/2025\/10\/HSLU-Web-edited.png\" alt=\"\" class=\"wp-image-47860\"\/><\/figure>\n<\/div>\n\n\n\n<div class=\"wp-block-column is-layout-flow wp-block-column-is-layout-flow\" style=\"flex-basis:75%\">\n<h3 class=\"wp-block-heading\">Le Goldene Bergli<\/h3>\n\n\n\n<p>Un jury d\u2019\u00e9tudiant\u00b7e\u00b7s de la<a href=\"https:\/\/www.hslu.ch\/de-ch\/\"> Haute \u00e9cole de Lucerne<\/a> \u2013 Design, Film and Art, section Animation, d\u00e9cerne le Goldene Bergli ainsi qu\u2019un prix en esp\u00e8ces d\u2019un montant de CHF 500.- pour le meilleur film d\u2019animation dans les cat\u00e9gories A \u00e0 D. Sponsoris\u00e9 par la Haute \u00e9cole de Lucerne HSLU design &amp; art, animation.<\/p>\n<\/div>\n<\/div>\n\n\n\n<div class=\"wp-block-columns is-layout-flex wp-container-core-columns-is-layout-9d6595d7 wp-block-columns-is-layout-flex\">\n<div class=\"wp-block-column is-layout-flow wp-block-column-is-layout-flow\" style=\"flex-basis:25%\">\n<figure class=\"wp-block-image size-full jf-icon-yellow\"><img decoding=\"async\" src=\"https:\/\/jugendfilmtage.ch\/wp-content\/uploads\/2024\/03\/icon-prix-roestigraben.svg\" alt=\"Festival Cin\u00e9 Jeunesse Suisse Prix R\u00f6stigraben\" class=\"wp-image-25291\"\/><\/figure>\n\n\n\n<figure class=\"wp-block-image size-full\"><img decoding=\"async\" src=\"https:\/\/jugendfilmtage.ch\/wp-content\/uploads\/2025\/10\/FIFF-2026-edited.png\" alt=\"\" class=\"wp-image-47869\"\/><\/figure>\n<\/div>\n\n\n\n<div class=\"wp-block-column is-layout-flow wp-block-column-is-layout-flow\" style=\"flex-basis:75%\">\n<h3 class=\"wp-block-heading\">Prix R\u00f6stigraben<\/h3>\n\n\n\n<p>CHF 1&rsquo;000.- pour le meilleur film de la cat\u00e9gorie E \u00e9lu d\u00e9sign\u00e9 par les \u00e9tudiant\u00b7e\u00b7s en cin\u00e9ma suisses qui pr\u00e9sentent un film dans la section \u00ab\u00a0Passeport Suisse\u00bb au FIFF. Offert par le FIFF &#8211; Festival International du Film de Fribourg et le DFAE &#8211; D\u00e9partement f\u00e9d\u00e9ral des affaires \u00e9trang\u00e8res.<\/p>\n<\/div>\n<\/div>\n\n\n\n<p><\/p>\n","protected":false},"excerpt":{"rendered":"<p>Comp\u00e9tition &amp; Prix Sur cette page, tu trouveras un aper\u00e7u des cat\u00e9gories du concours et de tous les prix (plus de vingt) qui seront attribu\u00e9s lors de la c\u00e9r\u00e9monie de remise des prix. Les Cat\u00e9gories A A A Cat\u00e9gorie A Projets r\u00e9alis\u00e9s par jeunes jusqu\u2019\u00e0 12 ans. Ces films sont produits par des individus, des [&hellip;]<\/p>\n","protected":false},"author":14,"featured_media":0,"parent":5801,"menu_order":0,"comment_status":"closed","ping_status":"closed","template":"","meta":{"_acf_changed":false,"footnotes":""},"class_list":["post-5803","page","type-page","status-publish","hentry"],"acf":[],"yoast_head":"<!-- This site is optimized with the Yoast SEO plugin v27.4 - https:\/\/yoast.com\/product\/yoast-seo-wordpress\/ -->\n<title>Comp\u00e9tition &amp; Prix - FR Schweizer Jugendfilmtage<\/title>\n<meta name=\"description\" content=\"Ici tu trouveras un aper\u00e7u des cat\u00e9gories du concours et de tous les prix qui seront attribu\u00e9s. Participe \u00e0 la comp\u00e9tition!\" \/>\n<meta name=\"robots\" content=\"index, follow, max-snippet:-1, max-image-preview:large, max-video-preview:-1\" \/>\n<link rel=\"canonical\" href=\"https:\/\/jugendfilmtage.ch\/fr\/le-festival\/competition-et-prix\/\" \/>\n<meta property=\"og:locale\" content=\"fr_FR\" \/>\n<meta property=\"og:type\" content=\"article\" \/>\n<meta property=\"og:title\" content=\"Comp\u00e9tition &amp; Prix - FR Schweizer Jugendfilmtage\" \/>\n<meta property=\"og:description\" content=\"Ici tu trouveras un aper\u00e7u des cat\u00e9gories du concours et de tous les prix qui seront attribu\u00e9s. Participe \u00e0 la comp\u00e9tition!\" \/>\n<meta property=\"og:url\" content=\"https:\/\/jugendfilmtage.ch\/fr\/le-festival\/competition-et-prix\/\" \/>\n<meta property=\"og:site_name\" content=\"FR Schweizer Jugendfilmtage\" \/>\n<meta property=\"article:publisher\" content=\"https:\/\/www.facebook.com\/Jugendfilmtage\" \/>\n<meta property=\"article:modified_time\" content=\"2026-02-23T16:42:31+00:00\" \/>\n<meta property=\"og:image\" content=\"https:\/\/jugendfilmtage.ch\/wp-content\/uploads\/2022\/02\/Preise_springender-Panther-scaled.jpg\" \/>\n\t<meta property=\"og:image:width\" content=\"2560\" \/>\n\t<meta property=\"og:image:height\" content=\"1440\" \/>\n\t<meta property=\"og:image:type\" content=\"image\/jpeg\" \/>\n<meta name=\"twitter:card\" content=\"summary_large_image\" \/>\n<meta name=\"twitter:site\" content=\"@jugendfilmtage\" \/>\n<meta name=\"twitter:label1\" content=\"Dur\u00e9e de lecture estim\u00e9e\" \/>\n\t<meta name=\"twitter:data1\" content=\"6 minutes\" \/>\n<script type=\"application\/ld+json\" class=\"yoast-schema-graph\">{\"@context\":\"https:\\\/\\\/schema.org\",\"@graph\":[{\"@type\":\"WebPage\",\"@id\":\"https:\\\/\\\/jugendfilmtage.ch\\\/fr\\\/le-festival\\\/competition-et-prix\\\/\",\"url\":\"https:\\\/\\\/jugendfilmtage.ch\\\/fr\\\/le-festival\\\/competition-et-prix\\\/\",\"name\":\"Comp\u00e9tition & Prix - FR Schweizer Jugendfilmtage\",\"isPartOf\":{\"@id\":\"https:\\\/\\\/jugendfilmtage.ch\\\/fr\\\/#website\"},\"primaryImageOfPage\":{\"@id\":\"https:\\\/\\\/jugendfilmtage.ch\\\/fr\\\/le-festival\\\/competition-et-prix\\\/#primaryimage\"},\"image\":{\"@id\":\"https:\\\/\\\/jugendfilmtage.ch\\\/fr\\\/le-festival\\\/competition-et-prix\\\/#primaryimage\"},\"thumbnailUrl\":\"https:\\\/\\\/jugendfilmtage.ch\\\/wp-content\\\/uploads\\\/2022\\\/02\\\/Preise_springender-Panther-scaled.jpg\",\"datePublished\":\"2024-10-15T11:39:12+00:00\",\"dateModified\":\"2026-02-23T16:42:31+00:00\",\"description\":\"Ici tu trouveras un aper\u00e7u des cat\u00e9gories du concours et de tous les prix qui seront attribu\u00e9s. Participe \u00e0 la comp\u00e9tition!\",\"breadcrumb\":{\"@id\":\"https:\\\/\\\/jugendfilmtage.ch\\\/fr\\\/le-festival\\\/competition-et-prix\\\/#breadcrumb\"},\"inLanguage\":\"fr-FR\",\"potentialAction\":[{\"@type\":\"ReadAction\",\"target\":[\"https:\\\/\\\/jugendfilmtage.ch\\\/fr\\\/le-festival\\\/competition-et-prix\\\/\"]}]},{\"@type\":\"ImageObject\",\"inLanguage\":\"fr-FR\",\"@id\":\"https:\\\/\\\/jugendfilmtage.ch\\\/fr\\\/le-festival\\\/competition-et-prix\\\/#primaryimage\",\"url\":\"https:\\\/\\\/jugendfilmtage.ch\\\/wp-content\\\/uploads\\\/2022\\\/02\\\/Preise_springender-Panther-scaled.jpg\",\"contentUrl\":\"https:\\\/\\\/jugendfilmtage.ch\\\/wp-content\\\/uploads\\\/2022\\\/02\\\/Preise_springender-Panther-scaled.jpg\"},{\"@type\":\"BreadcrumbList\",\"@id\":\"https:\\\/\\\/jugendfilmtage.ch\\\/fr\\\/le-festival\\\/competition-et-prix\\\/#breadcrumb\",\"itemListElement\":[{\"@type\":\"ListItem\",\"position\":1,\"name\":\"Le Festival\",\"item\":\"https:\\\/\\\/jugendfilmtage.ch\\\/fr\\\/le-festival\\\/\"},{\"@type\":\"ListItem\",\"position\":2,\"name\":\"Comp\u00e9tition &#038; Prix\"}]},{\"@type\":\"WebSite\",\"@id\":\"https:\\\/\\\/jugendfilmtage.ch\\\/fr\\\/#website\",\"url\":\"https:\\\/\\\/jugendfilmtage.ch\\\/fr\\\/\",\"name\":\"FR Schweizer Jugendfilmtage\",\"description\":\"FR Festival Cin\u00e9 Jeunesse Suisse\",\"potentialAction\":[{\"@type\":\"SearchAction\",\"target\":{\"@type\":\"EntryPoint\",\"urlTemplate\":\"https:\\\/\\\/jugendfilmtage.ch\\\/fr\\\/?s={search_term_string}\"},\"query-input\":{\"@type\":\"PropertyValueSpecification\",\"valueRequired\":true,\"valueName\":\"search_term_string\"}}],\"inLanguage\":\"fr-FR\"}]}<\/script>\n<!-- \/ Yoast SEO plugin. -->","yoast_head_json":{"title":"Comp\u00e9tition & Prix - FR Schweizer Jugendfilmtage","description":"Ici tu trouveras un aper\u00e7u des cat\u00e9gories du concours et de tous les prix qui seront attribu\u00e9s. Participe \u00e0 la comp\u00e9tition!","robots":{"index":"index","follow":"follow","max-snippet":"max-snippet:-1","max-image-preview":"max-image-preview:large","max-video-preview":"max-video-preview:-1"},"canonical":"https:\/\/jugendfilmtage.ch\/fr\/le-festival\/competition-et-prix\/","og_locale":"fr_FR","og_type":"article","og_title":"Comp\u00e9tition & Prix - FR Schweizer Jugendfilmtage","og_description":"Ici tu trouveras un aper\u00e7u des cat\u00e9gories du concours et de tous les prix qui seront attribu\u00e9s. Participe \u00e0 la comp\u00e9tition!","og_url":"https:\/\/jugendfilmtage.ch\/fr\/le-festival\/competition-et-prix\/","og_site_name":"FR Schweizer Jugendfilmtage","article_publisher":"https:\/\/www.facebook.com\/Jugendfilmtage","article_modified_time":"2026-02-23T16:42:31+00:00","og_image":[{"width":2560,"height":1440,"url":"https:\/\/jugendfilmtage.ch\/wp-content\/uploads\/2022\/02\/Preise_springender-Panther-scaled.jpg","type":"image\/jpeg"}],"twitter_card":"summary_large_image","twitter_site":"@jugendfilmtage","twitter_misc":{"Dur\u00e9e de lecture estim\u00e9e":"6 minutes"},"schema":{"@context":"https:\/\/schema.org","@graph":[{"@type":"WebPage","@id":"https:\/\/jugendfilmtage.ch\/fr\/le-festival\/competition-et-prix\/","url":"https:\/\/jugendfilmtage.ch\/fr\/le-festival\/competition-et-prix\/","name":"Comp\u00e9tition & Prix - FR Schweizer Jugendfilmtage","isPartOf":{"@id":"https:\/\/jugendfilmtage.ch\/fr\/#website"},"primaryImageOfPage":{"@id":"https:\/\/jugendfilmtage.ch\/fr\/le-festival\/competition-et-prix\/#primaryimage"},"image":{"@id":"https:\/\/jugendfilmtage.ch\/fr\/le-festival\/competition-et-prix\/#primaryimage"},"thumbnailUrl":"https:\/\/jugendfilmtage.ch\/wp-content\/uploads\/2022\/02\/Preise_springender-Panther-scaled.jpg","datePublished":"2024-10-15T11:39:12+00:00","dateModified":"2026-02-23T16:42:31+00:00","description":"Ici tu trouveras un aper\u00e7u des cat\u00e9gories du concours et de tous les prix qui seront attribu\u00e9s. Participe \u00e0 la comp\u00e9tition!","breadcrumb":{"@id":"https:\/\/jugendfilmtage.ch\/fr\/le-festival\/competition-et-prix\/#breadcrumb"},"inLanguage":"fr-FR","potentialAction":[{"@type":"ReadAction","target":["https:\/\/jugendfilmtage.ch\/fr\/le-festival\/competition-et-prix\/"]}]},{"@type":"ImageObject","inLanguage":"fr-FR","@id":"https:\/\/jugendfilmtage.ch\/fr\/le-festival\/competition-et-prix\/#primaryimage","url":"https:\/\/jugendfilmtage.ch\/wp-content\/uploads\/2022\/02\/Preise_springender-Panther-scaled.jpg","contentUrl":"https:\/\/jugendfilmtage.ch\/wp-content\/uploads\/2022\/02\/Preise_springender-Panther-scaled.jpg"},{"@type":"BreadcrumbList","@id":"https:\/\/jugendfilmtage.ch\/fr\/le-festival\/competition-et-prix\/#breadcrumb","itemListElement":[{"@type":"ListItem","position":1,"name":"Le Festival","item":"https:\/\/jugendfilmtage.ch\/fr\/le-festival\/"},{"@type":"ListItem","position":2,"name":"Comp\u00e9tition &#038; Prix"}]},{"@type":"WebSite","@id":"https:\/\/jugendfilmtage.ch\/fr\/#website","url":"https:\/\/jugendfilmtage.ch\/fr\/","name":"FR Schweizer Jugendfilmtage","description":"FR Festival Cin\u00e9 Jeunesse Suisse","potentialAction":[{"@type":"SearchAction","target":{"@type":"EntryPoint","urlTemplate":"https:\/\/jugendfilmtage.ch\/fr\/?s={search_term_string}"},"query-input":{"@type":"PropertyValueSpecification","valueRequired":true,"valueName":"search_term_string"}}],"inLanguage":"fr-FR"}]}},"_links":{"self":[{"href":"https:\/\/jugendfilmtage.ch\/fr\/wp-json\/wp\/v2\/pages\/5803","targetHints":{"allow":["GET"]}}],"collection":[{"href":"https:\/\/jugendfilmtage.ch\/fr\/wp-json\/wp\/v2\/pages"}],"about":[{"href":"https:\/\/jugendfilmtage.ch\/fr\/wp-json\/wp\/v2\/types\/page"}],"author":[{"embeddable":true,"href":"https:\/\/jugendfilmtage.ch\/fr\/wp-json\/wp\/v2\/users\/14"}],"replies":[{"embeddable":true,"href":"https:\/\/jugendfilmtage.ch\/fr\/wp-json\/wp\/v2\/comments?post=5803"}],"version-history":[{"count":51,"href":"https:\/\/jugendfilmtage.ch\/fr\/wp-json\/wp\/v2\/pages\/5803\/revisions"}],"predecessor-version":[{"id":74493,"href":"https:\/\/jugendfilmtage.ch\/fr\/wp-json\/wp\/v2\/pages\/5803\/revisions\/74493"}],"up":[{"embeddable":true,"href":"https:\/\/jugendfilmtage.ch\/fr\/wp-json\/wp\/v2\/pages\/5801"}],"wp:attachment":[{"href":"https:\/\/jugendfilmtage.ch\/fr\/wp-json\/wp\/v2\/media?parent=5803"}],"curies":[{"name":"wp","href":"https:\/\/api.w.org\/{rel}","templated":true}]}}