{"id":5801,"date":"2024-10-14T16:58:47","date_gmt":"2024-10-14T14:58:47","guid":{"rendered":"http:\/\/17.jugendfilmtage.ch\/fr\/?page_id=5801"},"modified":"2025-07-07T12:48:35","modified_gmt":"2025-07-07T10:48:35","slug":"le-festival","status":"publish","type":"page","link":"https:\/\/jugendfilmtage.ch\/fr\/le-festival\/","title":{"rendered":"Le Festival"},"content":{"rendered":"\n<figure data-wp-context=\"{&quot;imageId&quot;:&quot;69e250010157b&quot;}\" data-wp-interactive=\"core\/image\" data-wp-key=\"69e250010157b\" class=\"wp-block-image size-full wp-lightbox-container\"><img loading=\"lazy\" decoding=\"async\" width=\"2560\" height=\"1440\" data-wp-class--hide=\"state.isContentHidden\" data-wp-class--show=\"state.isContentVisible\" data-wp-init=\"callbacks.setButtonStyles\" data-wp-on--click=\"actions.showLightbox\" data-wp-on--load=\"callbacks.setButtonStyles\" data-wp-on-window--resize=\"callbacks.setButtonStyles\" src=\"https:\/\/jugendfilmtage.ch\/wp-content\/uploads\/2024\/06\/0D8A7072-edited-2-scaled.jpg\" alt=\"Festival Cin\u00e9 Jeunesse Suisse\" class=\"wp-image-26011\" srcset=\"https:\/\/jugendfilmtage.ch\/wp-content\/uploads\/2024\/06\/0D8A7072-edited-2-scaled.jpg 2560w, https:\/\/jugendfilmtage.ch\/wp-content\/uploads\/2024\/06\/0D8A7072-edited-2-300x169.jpg 300w, https:\/\/jugendfilmtage.ch\/wp-content\/uploads\/2024\/06\/0D8A7072-edited-2-880x495.jpg 880w, https:\/\/jugendfilmtage.ch\/wp-content\/uploads\/2024\/06\/0D8A7072-edited-2-768x432.jpg 768w, https:\/\/jugendfilmtage.ch\/wp-content\/uploads\/2024\/06\/0D8A7072-edited-2-1536x864.jpg 1536w, https:\/\/jugendfilmtage.ch\/wp-content\/uploads\/2024\/06\/0D8A7072-edited-2-2048x1152.jpg 2048w\" sizes=\"auto, (max-width: 2560px) 100vw, 2560px\" \/><button\n\t\t\tclass=\"lightbox-trigger\"\n\t\t\ttype=\"button\"\n\t\t\taria-haspopup=\"dialog\"\n\t\t\taria-label=\"Agrandir\"\n\t\t\tdata-wp-init=\"callbacks.initTriggerButton\"\n\t\t\tdata-wp-on--click=\"actions.showLightbox\"\n\t\t\tdata-wp-style--right=\"state.imageButtonRight\"\n\t\t\tdata-wp-style--top=\"state.imageButtonTop\"\n\t\t>\n\t\t\t<svg xmlns=\"http:\/\/www.w3.org\/2000\/svg\" width=\"12\" height=\"12\" fill=\"none\" viewBox=\"0 0 12 12\">\n\t\t\t\t<path fill=\"#fff\" d=\"M2 0a2 2 0 0 0-2 2v2h1.5V2a.5.5 0 0 1 .5-.5h2V0H2Zm2 10.5H2a.5.5 0 0 1-.5-.5V8H0v2a2 2 0 0 0 2 2h2v-1.5ZM8 12v-1.5h2a.5.5 0 0 0 .5-.5V8H12v2a2 2 0 0 1-2 2H8Zm2-12a2 2 0 0 1 2 2v2h-1.5V2a.5.5 0 0 0-.5-.5H8V0h2Z\" \/>\n\t\t\t<\/svg>\n\t\t<\/button><\/figure>\n\n\n\n<h1 class=\"wp-block-heading\">Le Festival<\/h1>\n\n\n\n<p>Le Festival Cin\u00e9 Jeunesse est le plus ancien et le plus grand festival du 7<sup>e<\/sup> art pour jeunes r\u00e9alisateurs\u2219ices de Suisse. Fond\u00e9 en 1976, ce jadis modeste concours pour jeunes amateurs organis\u00e9 par l\u2019Association des films d\u2019amateurs de Zurich est devenu au fil des ann\u00e9es un important forum pour les r\u00e9alisateurs\u2219ices et vid\u00e9astes en herbe \u2013 un \u00e9v\u00e9nement \u00e0 ne pas manquer! La comp\u00e9tition de courts-m\u00e9trages est l&rsquo;\u00e9v\u00e9nement central du festival: plus de 3 000 jeunes y participent chaque ann\u00e9e en envoyant leurs films au festival et en les pr\u00e9sentant dans l&rsquo;une des cinq cat\u00e9gories diff\u00e9rentes. Ces \u0153uvres sont soumises au regard d\u2019un jury sp\u00e9cialis\u00e9 qui d\u00e9signe les laur\u00e9at\u2219e\u2219s de la comp\u00e9tition. La comp\u00e9tition est compl\u00e9t\u00e9e par un vaste programme qui met \u00e0 l\u2019honneur les jeunes r\u00e9alisateurs\u2219ices du monde entier tout en offrant un important soutien \u00e0 l\u2019activit\u00e9 cin\u00e9matographique helv\u00e9tique.<\/p>\n\n\n\n<p><strong>La 50<sup>e<\/sup> \u00e9dition du Festival Cin\u00e9 Jeunesse Suisse se d\u00e9roulera du 11 au 15 mars 2026.<\/strong><\/p>\n\n\n\n<div class=\"wp-block-group jf-group-teasers\"><div class=\"wp-block-group__inner-container is-layout-constrained wp-block-group-is-layout-constrained\">\n<div class=\"wp-block-group jf-group-teaser\"><div class=\"wp-block-group__inner-container is-layout-constrained wp-block-group-is-layout-constrained\">\n<h3 class=\"wp-block-heading\">Comp\u00e9tition &amp; prix<\/h3>\n\n\n\n<p>Obtenez un aper\u00e7u de nos cat\u00e9gories de concours et de nos prix.<\/p>\n\n\n\n<div class=\"wp-block-buttons is-layout-flex wp-block-buttons-is-layout-flex\">\n<div class=\"wp-block-button\"><a class=\"wp-block-button__link wp-element-button\" href=\"https:\/\/jugendfilmtage.ch\/fr\/le-festival\/competition-et-prix\/\">En savoir plus<\/a><\/div>\n<\/div>\n<\/div><\/div>\n\n\n\n<div class=\"wp-block-group jf-group-teaser\"><div class=\"wp-block-group__inner-container is-layout-constrained wp-block-group-is-layout-constrained\">\n<h3 class=\"wp-block-heading\">Films en programme<\/h3>\n\n\n\n<p>Le concours de courts-m\u00e9trages,&nbsp;le focus&nbsp;et plus encore<\/p>\n\n\n\n<div class=\"wp-block-buttons is-layout-flex wp-block-buttons-is-layout-flex\">\n<div class=\"wp-block-button\"><a class=\"wp-block-button__link wp-element-button\" href=\"https:\/\/jugendfilmtage.ch\/fr\/le-festival\/programmes-de-films\/\">En savoir plus<\/a><\/div>\n<\/div>\n<\/div><\/div>\n\n\n\n<div class=\"wp-block-group jf-group-teaser\"><div class=\"wp-block-group__inner-container is-layout-constrained wp-block-group-is-layout-constrained\">\n<h3 class=\"wp-block-heading\">Activit\u00e9s<\/h3>\n\n\n\n<p>Ateliers et possibilit\u00e9s d&rsquo;\u00e9change et de collaboration pendant le Festival<\/p>\n\n\n\n<div class=\"wp-block-buttons is-layout-flex wp-block-buttons-is-layout-flex\">\n<div class=\"wp-block-button\"><a class=\"wp-block-button__link wp-element-button\" href=\"https:\/\/jugendfilmtage.ch\/fr\/le-festival\/activites\/\">En savoir plus<\/a><\/div>\n<\/div>\n<\/div><\/div>\n\n\n\n<div class=\"wp-block-group jf-group-teaser\"><div class=\"wp-block-group__inner-container is-layout-constrained wp-block-group-is-layout-constrained\">\n<h3 class=\"wp-block-heading\">Informations<\/h3>\n\n\n\n<p>Vous y trouverez toutes les informations pour votre visite au festival.<\/p>\n\n\n\n<div class=\"wp-block-buttons is-layout-flex wp-block-buttons-is-layout-flex\">\n<div class=\"wp-block-button\"><a class=\"wp-block-button__link wp-element-button\" href=\"https:\/\/jugendfilmtage.ch\/fr\/informations\/\">En savoir plus<\/a><\/div>\n<\/div>\n<\/div><\/div>\n\n\n\n<div class=\"wp-block-group jf-group-teaser\"><div class=\"wp-block-group__inner-container is-layout-constrained wp-block-group-is-layout-constrained\">\n<h3 class=\"wp-block-heading\">Partenaires<\/h3>\n\n\n\n<p>Un grand merci \u00e0 tous nos partenaires qui nous soutiennent !<\/p>\n\n\n\n<div class=\"wp-block-buttons is-layout-flex wp-block-buttons-is-layout-flex\">\n<div class=\"wp-block-button\"><a class=\"wp-block-button__link wp-element-button\" href=\"https:\/\/jugendfilmtage.ch\/fr\/festival\/partner\/\">En savoir plus<\/a><\/div>\n<\/div>\n<\/div><\/div>\n<\/div><\/div>\n","protected":false},"excerpt":{"rendered":"<p>Le Festival Le Festival Cin\u00e9 Jeunesse est le plus ancien et le plus grand festival du 7e art pour jeunes r\u00e9alisateurs\u2219ices de Suisse. Fond\u00e9 en 1976, ce jadis modeste concours pour jeunes amateurs organis\u00e9 par l\u2019Association des films d\u2019amateurs de Zurich est devenu au fil des ann\u00e9es un important forum pour les r\u00e9alisateurs\u2219ices et vid\u00e9astes [&hellip;]<\/p>\n","protected":false},"author":14,"featured_media":0,"parent":0,"menu_order":2,"comment_status":"closed","ping_status":"closed","template":"","meta":{"_acf_changed":false,"footnotes":""},"class_list":["post-5801","page","type-page","status-publish","hentry"],"acf":[],"yoast_head":"<!-- This site is optimized with the Yoast SEO plugin v27.4 - https:\/\/yoast.com\/product\/yoast-seo-wordpress\/ -->\n<title>Le Festival - FR Schweizer Jugendfilmtage<\/title>\n<meta name=\"description\" content=\"Le Festival Cin\u00e9 Jeunesse est le plus grand festival du cin\u00e9ma pour le jeunes r\u00e9alisateurs\u2219ices en Suisse.\" \/>\n<meta name=\"robots\" content=\"index, follow, max-snippet:-1, max-image-preview:large, max-video-preview:-1\" \/>\n<link rel=\"canonical\" href=\"https:\/\/jugendfilmtage.ch\/fr\/le-festival\/\" \/>\n<meta property=\"og:locale\" content=\"fr_FR\" \/>\n<meta property=\"og:type\" content=\"article\" \/>\n<meta property=\"og:title\" content=\"Le Festival - FR Schweizer Jugendfilmtage\" \/>\n<meta property=\"og:description\" content=\"Le Festival Cin\u00e9 Jeunesse est le plus grand festival du cin\u00e9ma pour le jeunes r\u00e9alisateurs\u2219ices en Suisse.\" \/>\n<meta property=\"og:url\" content=\"https:\/\/jugendfilmtage.ch\/fr\/le-festival\/\" \/>\n<meta property=\"og:site_name\" content=\"FR Schweizer Jugendfilmtage\" \/>\n<meta property=\"article:publisher\" content=\"https:\/\/www.facebook.com\/Jugendfilmtage\" \/>\n<meta property=\"article:modified_time\" content=\"2025-07-07T10:48:35+00:00\" \/>\n<meta property=\"og:image\" content=\"https:\/\/jugendfilmtage.ch\/wp-content\/uploads\/2024\/06\/0D8A7072-edited-2-scaled.jpg\" \/>\n\t<meta property=\"og:image:width\" content=\"2560\" \/>\n\t<meta property=\"og:image:height\" content=\"1440\" \/>\n\t<meta property=\"og:image:type\" content=\"image\/jpeg\" \/>\n<meta name=\"twitter:card\" content=\"summary_large_image\" \/>\n<meta name=\"twitter:site\" content=\"@jugendfilmtage\" \/>\n<meta name=\"twitter:label1\" content=\"Dur\u00e9e de lecture estim\u00e9e\" \/>\n\t<meta name=\"twitter:data1\" content=\"2 minutes\" \/>\n<script type=\"application\/ld+json\" class=\"yoast-schema-graph\">{\"@context\":\"https:\\\/\\\/schema.org\",\"@graph\":[{\"@type\":\"WebPage\",\"@id\":\"https:\\\/\\\/jugendfilmtage.ch\\\/fr\\\/le-festival\\\/\",\"url\":\"https:\\\/\\\/jugendfilmtage.ch\\\/fr\\\/le-festival\\\/\",\"name\":\"Le Festival - FR Schweizer Jugendfilmtage\",\"isPartOf\":{\"@id\":\"https:\\\/\\\/jugendfilmtage.ch\\\/fr\\\/#website\"},\"primaryImageOfPage\":{\"@id\":\"https:\\\/\\\/jugendfilmtage.ch\\\/fr\\\/le-festival\\\/#primaryimage\"},\"image\":{\"@id\":\"https:\\\/\\\/jugendfilmtage.ch\\\/fr\\\/le-festival\\\/#primaryimage\"},\"thumbnailUrl\":\"https:\\\/\\\/jugendfilmtage.ch\\\/wp-content\\\/uploads\\\/2024\\\/06\\\/0D8A7072-edited-2-scaled.jpg\",\"datePublished\":\"2024-10-14T14:58:47+00:00\",\"dateModified\":\"2025-07-07T10:48:35+00:00\",\"description\":\"Le Festival Cin\u00e9 Jeunesse est le plus grand festival du cin\u00e9ma pour le jeunes r\u00e9alisateurs\u2219ices en Suisse.\",\"inLanguage\":\"fr-FR\",\"potentialAction\":[{\"@type\":\"ReadAction\",\"target\":[\"https:\\\/\\\/jugendfilmtage.ch\\\/fr\\\/le-festival\\\/\"]}]},{\"@type\":\"ImageObject\",\"inLanguage\":\"fr-FR\",\"@id\":\"https:\\\/\\\/jugendfilmtage.ch\\\/fr\\\/le-festival\\\/#primaryimage\",\"url\":\"https:\\\/\\\/jugendfilmtage.ch\\\/wp-content\\\/uploads\\\/2024\\\/06\\\/0D8A7072-edited-2-scaled.jpg\",\"contentUrl\":\"https:\\\/\\\/jugendfilmtage.ch\\\/wp-content\\\/uploads\\\/2024\\\/06\\\/0D8A7072-edited-2-scaled.jpg\"},{\"@type\":\"WebSite\",\"@id\":\"https:\\\/\\\/jugendfilmtage.ch\\\/fr\\\/#website\",\"url\":\"https:\\\/\\\/jugendfilmtage.ch\\\/fr\\\/\",\"name\":\"FR Schweizer Jugendfilmtage\",\"description\":\"FR Festival Cin\u00e9 Jeunesse Suisse\",\"potentialAction\":[{\"@type\":\"SearchAction\",\"target\":{\"@type\":\"EntryPoint\",\"urlTemplate\":\"https:\\\/\\\/jugendfilmtage.ch\\\/fr\\\/?s={search_term_string}\"},\"query-input\":{\"@type\":\"PropertyValueSpecification\",\"valueRequired\":true,\"valueName\":\"search_term_string\"}}],\"inLanguage\":\"fr-FR\"}]}<\/script>\n<!-- \/ Yoast SEO plugin. -->","yoast_head_json":{"title":"Le Festival - FR Schweizer Jugendfilmtage","description":"Le Festival Cin\u00e9 Jeunesse est le plus grand festival du cin\u00e9ma pour le jeunes r\u00e9alisateurs\u2219ices en Suisse.","robots":{"index":"index","follow":"follow","max-snippet":"max-snippet:-1","max-image-preview":"max-image-preview:large","max-video-preview":"max-video-preview:-1"},"canonical":"https:\/\/jugendfilmtage.ch\/fr\/le-festival\/","og_locale":"fr_FR","og_type":"article","og_title":"Le Festival - FR Schweizer Jugendfilmtage","og_description":"Le Festival Cin\u00e9 Jeunesse est le plus grand festival du cin\u00e9ma pour le jeunes r\u00e9alisateurs\u2219ices en Suisse.","og_url":"https:\/\/jugendfilmtage.ch\/fr\/le-festival\/","og_site_name":"FR Schweizer Jugendfilmtage","article_publisher":"https:\/\/www.facebook.com\/Jugendfilmtage","article_modified_time":"2025-07-07T10:48:35+00:00","og_image":[{"width":2560,"height":1440,"url":"https:\/\/jugendfilmtage.ch\/wp-content\/uploads\/2024\/06\/0D8A7072-edited-2-scaled.jpg","type":"image\/jpeg"}],"twitter_card":"summary_large_image","twitter_site":"@jugendfilmtage","twitter_misc":{"Dur\u00e9e de lecture estim\u00e9e":"2 minutes"},"schema":{"@context":"https:\/\/schema.org","@graph":[{"@type":"WebPage","@id":"https:\/\/jugendfilmtage.ch\/fr\/le-festival\/","url":"https:\/\/jugendfilmtage.ch\/fr\/le-festival\/","name":"Le Festival - FR Schweizer Jugendfilmtage","isPartOf":{"@id":"https:\/\/jugendfilmtage.ch\/fr\/#website"},"primaryImageOfPage":{"@id":"https:\/\/jugendfilmtage.ch\/fr\/le-festival\/#primaryimage"},"image":{"@id":"https:\/\/jugendfilmtage.ch\/fr\/le-festival\/#primaryimage"},"thumbnailUrl":"https:\/\/jugendfilmtage.ch\/wp-content\/uploads\/2024\/06\/0D8A7072-edited-2-scaled.jpg","datePublished":"2024-10-14T14:58:47+00:00","dateModified":"2025-07-07T10:48:35+00:00","description":"Le Festival Cin\u00e9 Jeunesse est le plus grand festival du cin\u00e9ma pour le jeunes r\u00e9alisateurs\u2219ices en Suisse.","inLanguage":"fr-FR","potentialAction":[{"@type":"ReadAction","target":["https:\/\/jugendfilmtage.ch\/fr\/le-festival\/"]}]},{"@type":"ImageObject","inLanguage":"fr-FR","@id":"https:\/\/jugendfilmtage.ch\/fr\/le-festival\/#primaryimage","url":"https:\/\/jugendfilmtage.ch\/wp-content\/uploads\/2024\/06\/0D8A7072-edited-2-scaled.jpg","contentUrl":"https:\/\/jugendfilmtage.ch\/wp-content\/uploads\/2024\/06\/0D8A7072-edited-2-scaled.jpg"},{"@type":"WebSite","@id":"https:\/\/jugendfilmtage.ch\/fr\/#website","url":"https:\/\/jugendfilmtage.ch\/fr\/","name":"FR Schweizer Jugendfilmtage","description":"FR Festival Cin\u00e9 Jeunesse Suisse","potentialAction":[{"@type":"SearchAction","target":{"@type":"EntryPoint","urlTemplate":"https:\/\/jugendfilmtage.ch\/fr\/?s={search_term_string}"},"query-input":{"@type":"PropertyValueSpecification","valueRequired":true,"valueName":"search_term_string"}}],"inLanguage":"fr-FR"}]}},"_links":{"self":[{"href":"https:\/\/jugendfilmtage.ch\/fr\/wp-json\/wp\/v2\/pages\/5801","targetHints":{"allow":["GET"]}}],"collection":[{"href":"https:\/\/jugendfilmtage.ch\/fr\/wp-json\/wp\/v2\/pages"}],"about":[{"href":"https:\/\/jugendfilmtage.ch\/fr\/wp-json\/wp\/v2\/types\/page"}],"author":[{"embeddable":true,"href":"https:\/\/jugendfilmtage.ch\/fr\/wp-json\/wp\/v2\/users\/14"}],"replies":[{"embeddable":true,"href":"https:\/\/jugendfilmtage.ch\/fr\/wp-json\/wp\/v2\/comments?post=5801"}],"version-history":[{"count":32,"href":"https:\/\/jugendfilmtage.ch\/fr\/wp-json\/wp\/v2\/pages\/5801\/revisions"}],"predecessor-version":[{"id":42917,"href":"https:\/\/jugendfilmtage.ch\/fr\/wp-json\/wp\/v2\/pages\/5801\/revisions\/42917"}],"wp:attachment":[{"href":"https:\/\/jugendfilmtage.ch\/fr\/wp-json\/wp\/v2\/media?parent=5801"}],"curies":[{"name":"wp","href":"https:\/\/api.w.org\/{rel}","templated":true}]}}