{"id":4211,"date":"2015-09-16T13:34:30","date_gmt":"2015-09-16T13:34:18","guid":{"rendered":"https:\/\/2024.jugendfilmtage.ch\/?page_id=4211"},"modified":"2024-01-27T12:12:39","modified_gmt":"2024-01-27T11:12:39","slug":"40annees","status":"publish","type":"page","link":"https:\/\/jugendfilmtage.ch\/fr\/archives\/festival-2016\/40annees\/","title":{"rendered":"( 40 ann\u00e9es Festival Cin\u00e9 Jeunesse Suisse )"},"content":{"rendered":"<h1>40 ann\u00e9es Festival Cin\u00e9 Jeunesse Suisse<\/h1>\n<p><img loading=\"lazy\" decoding=\"async\" class=\"alignnone wp-image-4236 size-full\" src=\"https:\/\/jugendfilmtage.ch\/wp-content\/uploads\/2015\/09\/Bild2.jpg\" alt=\"\" width=\"1490\" height=\"1172\" srcset=\"https:\/\/jugendfilmtage.ch\/wp-content\/uploads\/2015\/09\/Bild2.jpg 1490w, https:\/\/jugendfilmtage.ch\/wp-content\/uploads\/2015\/09\/Bild2-300x236.jpg 300w, https:\/\/jugendfilmtage.ch\/wp-content\/uploads\/2015\/09\/Bild2-880x692.jpg 880w\" sizes=\"auto, (max-width: 1490px) 100vw, 1490px\" \/><\/p>\n<p>&nbsp;<\/p>\n","protected":false},"excerpt":{"rendered":"<p>40 ann\u00e9es Festival Cin\u00e9 Jeunesse Suisse &nbsp;<\/p>\n","protected":false},"author":14,"featured_media":0,"parent":22412,"menu_order":0,"comment_status":"closed","ping_status":"closed","template":"","meta":{"_acf_changed":false,"footnotes":""},"class_list":["post-4211","page","type-page","status-publish","hentry"],"acf":[],"yoast_head":"<!-- This site is optimized with the Yoast SEO plugin v27.4 - https:\/\/yoast.com\/product\/yoast-seo-wordpress\/ -->\n<title>( 40 ann\u00e9es Festival Cin\u00e9 Jeunesse Suisse ) - FR Schweizer Jugendfilmtage<\/title>\n<meta name=\"description\" content=\"40 ann\u00e9es Festival Cin\u00e9 Jeunesse Suisse   &nbsp;\" \/>\n<meta name=\"robots\" content=\"index, follow, max-snippet:-1, max-image-preview:large, max-video-preview:-1\" \/>\n<link rel=\"canonical\" href=\"https:\/\/jugendfilmtage.ch\/fr\/archives\/festival-2016\/40annees\/\" \/>\n<meta property=\"og:locale\" content=\"fr_FR\" \/>\n<meta property=\"og:type\" content=\"article\" \/>\n<meta property=\"og:title\" content=\"( 40 ann\u00e9es Festival Cin\u00e9 Jeunesse Suisse ) - FR Schweizer Jugendfilmtage\" \/>\n<meta property=\"og:description\" content=\"40 ann\u00e9es Festival Cin\u00e9 Jeunesse Suisse   &nbsp;\" \/>\n<meta property=\"og:url\" content=\"https:\/\/jugendfilmtage.ch\/fr\/archives\/festival-2016\/40annees\/\" \/>\n<meta property=\"og:site_name\" content=\"FR Schweizer Jugendfilmtage\" \/>\n<meta property=\"article:publisher\" content=\"https:\/\/www.facebook.com\/Jugendfilmtage\" \/>\n<meta property=\"article:modified_time\" content=\"2024-01-27T11:12:39+00:00\" \/>\n<meta property=\"og:image\" content=\"https:\/\/jugendfilmtage.ch\/wp-content\/uploads\/2015\/09\/Bild2.jpg\" \/>\n\t<meta property=\"og:image:width\" content=\"1490\" \/>\n\t<meta property=\"og:image:height\" content=\"1172\" \/>\n\t<meta property=\"og:image:type\" content=\"image\/jpeg\" \/>\n<meta name=\"twitter:card\" content=\"summary_large_image\" \/>\n<meta name=\"twitter:site\" content=\"@jugendfilmtage\" \/>\n<meta name=\"twitter:label1\" content=\"Dur\u00e9e de lecture estim\u00e9e\" \/>\n\t<meta name=\"twitter:data1\" content=\"1 minute\" \/>\n<script type=\"application\/ld+json\" class=\"yoast-schema-graph\">{\"@context\":\"https:\\\/\\\/schema.org\",\"@graph\":[{\"@type\":\"WebPage\",\"@id\":\"https:\\\/\\\/jugendfilmtage.ch\\\/fr\\\/archives\\\/festival-2016\\\/40annees\\\/\",\"url\":\"https:\\\/\\\/jugendfilmtage.ch\\\/fr\\\/archives\\\/festival-2016\\\/40annees\\\/\",\"name\":\"( 40 ann\u00e9es Festival Cin\u00e9 Jeunesse Suisse ) - FR Schweizer Jugendfilmtage\",\"isPartOf\":{\"@id\":\"https:\\\/\\\/jugendfilmtage.ch\\\/fr\\\/#website\"},\"primaryImageOfPage\":{\"@id\":\"https:\\\/\\\/jugendfilmtage.ch\\\/fr\\\/archives\\\/festival-2016\\\/40annees\\\/#primaryimage\"},\"image\":{\"@id\":\"https:\\\/\\\/jugendfilmtage.ch\\\/fr\\\/archives\\\/festival-2016\\\/40annees\\\/#primaryimage\"},\"thumbnailUrl\":\"https:\\\/\\\/jugendfilmtage.ch\\\/wp-content\\\/uploads\\\/2015\\\/09\\\/Bild2.jpg\",\"datePublished\":\"2015-09-16T13:34:18+00:00\",\"dateModified\":\"2024-01-27T11:12:39+00:00\",\"description\":\"40 ann\u00e9es Festival Cin\u00e9 Jeunesse Suisse &nbsp;\",\"inLanguage\":\"fr-FR\",\"potentialAction\":[{\"@type\":\"ReadAction\",\"target\":[\"https:\\\/\\\/jugendfilmtage.ch\\\/fr\\\/archives\\\/festival-2016\\\/40annees\\\/\"]}]},{\"@type\":\"ImageObject\",\"inLanguage\":\"fr-FR\",\"@id\":\"https:\\\/\\\/jugendfilmtage.ch\\\/fr\\\/archives\\\/festival-2016\\\/40annees\\\/#primaryimage\",\"url\":\"https:\\\/\\\/jugendfilmtage.ch\\\/wp-content\\\/uploads\\\/2015\\\/09\\\/Bild2.jpg\",\"contentUrl\":\"https:\\\/\\\/jugendfilmtage.ch\\\/wp-content\\\/uploads\\\/2015\\\/09\\\/Bild2.jpg\"},{\"@type\":\"WebSite\",\"@id\":\"https:\\\/\\\/jugendfilmtage.ch\\\/fr\\\/#website\",\"url\":\"https:\\\/\\\/jugendfilmtage.ch\\\/fr\\\/\",\"name\":\"FR Schweizer Jugendfilmtage\",\"description\":\"FR Festival Cin\u00e9 Jeunesse Suisse\",\"potentialAction\":[{\"@type\":\"SearchAction\",\"target\":{\"@type\":\"EntryPoint\",\"urlTemplate\":\"https:\\\/\\\/jugendfilmtage.ch\\\/fr\\\/?s={search_term_string}\"},\"query-input\":{\"@type\":\"PropertyValueSpecification\",\"valueRequired\":true,\"valueName\":\"search_term_string\"}}],\"inLanguage\":\"fr-FR\"}]}<\/script>\n<!-- \/ Yoast SEO plugin. -->","yoast_head_json":{"title":"( 40 ann\u00e9es Festival Cin\u00e9 Jeunesse Suisse ) - FR Schweizer Jugendfilmtage","description":"40 ann\u00e9es Festival Cin\u00e9 Jeunesse Suisse   &nbsp;","robots":{"index":"index","follow":"follow","max-snippet":"max-snippet:-1","max-image-preview":"max-image-preview:large","max-video-preview":"max-video-preview:-1"},"canonical":"https:\/\/jugendfilmtage.ch\/fr\/archives\/festival-2016\/40annees\/","og_locale":"fr_FR","og_type":"article","og_title":"( 40 ann\u00e9es Festival Cin\u00e9 Jeunesse Suisse ) - FR Schweizer Jugendfilmtage","og_description":"40 ann\u00e9es Festival Cin\u00e9 Jeunesse Suisse   &nbsp;","og_url":"https:\/\/jugendfilmtage.ch\/fr\/archives\/festival-2016\/40annees\/","og_site_name":"FR Schweizer Jugendfilmtage","article_publisher":"https:\/\/www.facebook.com\/Jugendfilmtage","article_modified_time":"2024-01-27T11:12:39+00:00","og_image":[{"width":1490,"height":1172,"url":"https:\/\/jugendfilmtage.ch\/wp-content\/uploads\/2015\/09\/Bild2.jpg","type":"image\/jpeg"}],"twitter_card":"summary_large_image","twitter_site":"@jugendfilmtage","twitter_misc":{"Dur\u00e9e de lecture estim\u00e9e":"1 minute"},"schema":{"@context":"https:\/\/schema.org","@graph":[{"@type":"WebPage","@id":"https:\/\/jugendfilmtage.ch\/fr\/archives\/festival-2016\/40annees\/","url":"https:\/\/jugendfilmtage.ch\/fr\/archives\/festival-2016\/40annees\/","name":"( 40 ann\u00e9es Festival Cin\u00e9 Jeunesse Suisse ) - FR Schweizer Jugendfilmtage","isPartOf":{"@id":"https:\/\/jugendfilmtage.ch\/fr\/#website"},"primaryImageOfPage":{"@id":"https:\/\/jugendfilmtage.ch\/fr\/archives\/festival-2016\/40annees\/#primaryimage"},"image":{"@id":"https:\/\/jugendfilmtage.ch\/fr\/archives\/festival-2016\/40annees\/#primaryimage"},"thumbnailUrl":"https:\/\/jugendfilmtage.ch\/wp-content\/uploads\/2015\/09\/Bild2.jpg","datePublished":"2015-09-16T13:34:18+00:00","dateModified":"2024-01-27T11:12:39+00:00","description":"40 ann\u00e9es Festival Cin\u00e9 Jeunesse Suisse &nbsp;","inLanguage":"fr-FR","potentialAction":[{"@type":"ReadAction","target":["https:\/\/jugendfilmtage.ch\/fr\/archives\/festival-2016\/40annees\/"]}]},{"@type":"ImageObject","inLanguage":"fr-FR","@id":"https:\/\/jugendfilmtage.ch\/fr\/archives\/festival-2016\/40annees\/#primaryimage","url":"https:\/\/jugendfilmtage.ch\/wp-content\/uploads\/2015\/09\/Bild2.jpg","contentUrl":"https:\/\/jugendfilmtage.ch\/wp-content\/uploads\/2015\/09\/Bild2.jpg"},{"@type":"WebSite","@id":"https:\/\/jugendfilmtage.ch\/fr\/#website","url":"https:\/\/jugendfilmtage.ch\/fr\/","name":"FR Schweizer Jugendfilmtage","description":"FR Festival Cin\u00e9 Jeunesse Suisse","potentialAction":[{"@type":"SearchAction","target":{"@type":"EntryPoint","urlTemplate":"https:\/\/jugendfilmtage.ch\/fr\/?s={search_term_string}"},"query-input":{"@type":"PropertyValueSpecification","valueRequired":true,"valueName":"search_term_string"}}],"inLanguage":"fr-FR"}]}},"_links":{"self":[{"href":"https:\/\/jugendfilmtage.ch\/fr\/wp-json\/wp\/v2\/pages\/4211","targetHints":{"allow":["GET"]}}],"collection":[{"href":"https:\/\/jugendfilmtage.ch\/fr\/wp-json\/wp\/v2\/pages"}],"about":[{"href":"https:\/\/jugendfilmtage.ch\/fr\/wp-json\/wp\/v2\/types\/page"}],"author":[{"embeddable":true,"href":"https:\/\/jugendfilmtage.ch\/fr\/wp-json\/wp\/v2\/users\/14"}],"replies":[{"embeddable":true,"href":"https:\/\/jugendfilmtage.ch\/fr\/wp-json\/wp\/v2\/comments?post=4211"}],"version-history":[{"count":5,"href":"https:\/\/jugendfilmtage.ch\/fr\/wp-json\/wp\/v2\/pages\/4211\/revisions"}],"predecessor-version":[{"id":22549,"href":"https:\/\/jugendfilmtage.ch\/fr\/wp-json\/wp\/v2\/pages\/4211\/revisions\/22549"}],"up":[{"embeddable":true,"href":"https:\/\/jugendfilmtage.ch\/fr\/wp-json\/wp\/v2\/pages\/22412"}],"wp:attachment":[{"href":"https:\/\/jugendfilmtage.ch\/fr\/wp-json\/wp\/v2\/media?parent=4211"}],"curies":[{"name":"wp","href":"https:\/\/api.w.org\/{rel}","templated":true}]}}