{"id":3416,"date":"2015-02-23T16:19:24","date_gmt":"2015-02-23T16:19:24","guid":{"rendered":"https:\/\/2024.jugendfilmtage.ch\/?page_id=3416"},"modified":"2024-02-06T15:46:19","modified_gmt":"2024-02-06T14:46:19","slug":"jury","status":"publish","type":"page","link":"https:\/\/jugendfilmtage.ch\/fr\/archives\/festival-2015\/jury\/","title":{"rendered":"Jury 2015"},"content":{"rendered":"<h1>Jury 2015<\/h1>\n<p><img loading=\"lazy\" decoding=\"async\" class=\"alignnone wp-image-3045\" src=\"https:\/\/jugendfilmtage.ch\/wp-content\/uploads\/2015\/02\/john-coucou1-e1423844006767-300x170.jpg\" alt=\"\" width=\"513\" height=\"292\" srcset=\"https:\/\/jugendfilmtage.ch\/wp-content\/uploads\/2015\/02\/john-coucou1-e1423844006767-300x170.jpg 300w, https:\/\/jugendfilmtage.ch\/wp-content\/uploads\/2015\/02\/john-coucou1-e1423844006767-880x500.jpg 880w\" sizes=\"auto, (max-width: 513px) 100vw, 513px\" \/><br \/>\n<strong>John Canciani<br \/>\n<\/strong>Directeur artistique \u00abInternationale Kurzfilmtage Winterthur\u00bb<\/p>\n<p><img loading=\"lazy\" decoding=\"async\" class=\"alignnone wp-image-3046 \" src=\"https:\/\/jugendfilmtage.ch\/wp-content\/uploads\/2015\/02\/Marcel-det-300dpi-1.6MB-e1423844167276-300x167.jpg\" alt=\"\" width=\"514\" height=\"286\" \/><br \/>\n<strong>Marcel Gisler<br \/>\n<\/strong>R\u00e9alisateur, sc\u00e9nariste et\u00a0professeur d&rsquo;universit\u00e9 (\u00abRosie\u00bb, \u00abElectroboy\u00bb)<\/p>\n<p><img loading=\"lazy\" decoding=\"async\" class=\"alignnone wp-image-3048 \" src=\"https:\/\/jugendfilmtage.ch\/wp-content\/uploads\/2015\/02\/Filippo-Demarchi-300dpi-e1423844436593-300x169.jpg\" alt=\"\" width=\"513\" height=\"289\" srcset=\"https:\/\/jugendfilmtage.ch\/wp-content\/uploads\/2015\/02\/Filippo-Demarchi-300dpi-e1423844436593-300x169.jpg 300w, https:\/\/jugendfilmtage.ch\/wp-content\/uploads\/2015\/02\/Filippo-Demarchi-300dpi-e1423844436593-880x497.jpg 880w, https:\/\/jugendfilmtage.ch\/wp-content\/uploads\/2015\/02\/Filippo-Demarchi-300dpi-e1423844436593.jpg 1198w\" sizes=\"auto, (max-width: 513px) 100vw, 513px\" \/><br \/>\n<strong>Filippo Demarchi<\/strong><br \/>\nR\u00e9alisateur et 1\u00e8re place vainqueur de l&rsquo;ann\u00e9e derni\u00e8re, cat\u00e9gorie E avec \u00ab\u00a017 anni\u00a0\u00bb<\/p>\n<p><img loading=\"lazy\" decoding=\"async\" class=\"alignnone wp-image-3049 \" src=\"https:\/\/jugendfilmtage.ch\/wp-content\/uploads\/2015\/02\/2012-oz-e1423844791930-300x168.jpg\" alt=\"\" width=\"513\" height=\"287\" \/><br \/>\n<strong>Olivier Zobrist<\/strong><br \/>\nProducteur et copropri\u00e9taire \u00abLangfilm\u00bb (\u00abSitting next to Zoe\u00bb, \u00abElectroboy\u00bb)<\/p>\n<p><img loading=\"lazy\" decoding=\"async\" class=\"alignnone wp-image-3050 \" src=\"https:\/\/jugendfilmtage.ch\/wp-content\/uploads\/2015\/02\/1002-299xj-KB-Barbara-Terpoorten-2013-320-dpi-e1423845311256-300x168.jpeg\" alt=\"\" width=\"513\" height=\"287\" \/><br \/>\n<strong>Barbara Terpoorten<br \/>\n<\/strong>Actrice (\u00abDer Bestatter\u00bb,\u00ab Tatort\u00bb, \u00abSnow White\u00bb)<br \/>\nPhoto: Janin Guldner<\/p>\n<h2>Pr\u00e9senation<\/h2>\n<p><img loading=\"lazy\" decoding=\"async\" class=\"alignnone wp-image-3058 \" src=\"https:\/\/jugendfilmtage.ch\/wp-content\/uploads\/2015\/02\/Pablo-Jugendfilmtage--oliverbaer-Highres-e1423846430104-300x168.jpg\" alt=\"\" width=\"514\" height=\"288\" srcset=\"https:\/\/jugendfilmtage.ch\/wp-content\/uploads\/2015\/02\/Pablo-Jugendfilmtage--oliverbaer-Highres-e1423846430104-300x168.jpg 300w, https:\/\/jugendfilmtage.ch\/wp-content\/uploads\/2015\/02\/Pablo-Jugendfilmtage--oliverbaer-Highres-e1423846430104-880x493.jpg 880w\" sizes=\"auto, (max-width: 514px) 100vw, 514px\" \/><br \/>\n<strong>Pablo V\u00f6gtli<\/strong><br \/>\nMod\u00e9rateur Radio SRF Virus, Rappeur<\/p>\n","protected":false},"excerpt":{"rendered":"<p>Jury 2015 John Canciani Directeur artistique \u00abInternationale Kurzfilmtage Winterthur\u00bb Marcel Gisler R\u00e9alisateur, sc\u00e9nariste et\u00a0professeur d&rsquo;universit\u00e9 (\u00abRosie\u00bb, \u00abElectroboy\u00bb) Filippo Demarchi R\u00e9alisateur et 1\u00e8re place vainqueur de l&rsquo;ann\u00e9e derni\u00e8re, cat\u00e9gorie E avec \u00ab\u00a017 anni\u00a0\u00bb Olivier Zobrist Producteur et copropri\u00e9taire \u00abLangfilm\u00bb (\u00abSitting next to Zoe\u00bb, \u00abElectroboy\u00bb) Barbara Terpoorten Actrice (\u00abDer Bestatter\u00bb,\u00ab Tatort\u00bb, \u00abSnow White\u00bb) Photo: Janin Guldner Pr\u00e9senation [&hellip;]<\/p>\n","protected":false},"author":3,"featured_media":0,"parent":22414,"menu_order":0,"comment_status":"closed","ping_status":"closed","template":"","meta":{"_acf_changed":false,"footnotes":""},"class_list":["post-3416","page","type-page","status-publish","hentry"],"acf":[],"yoast_head":"<!-- This site is optimized with the Yoast SEO plugin v27.4 - https:\/\/yoast.com\/product\/yoast-seo-wordpress\/ -->\n<title>Jury 2015 - FR Schweizer Jugendfilmtage<\/title>\n<meta name=\"description\" content=\"Jury 2015 John Canciani Directeur artistique \u00abInternationale Kurzfilmtage Winterthur\u00bb Marcel Gisler R\u00e9alisateur, sc\u00e9nariste et\u00a0professeur d&#039;universit\u00e9\" \/>\n<meta name=\"robots\" content=\"index, follow, max-snippet:-1, max-image-preview:large, max-video-preview:-1\" \/>\n<link rel=\"canonical\" href=\"https:\/\/jugendfilmtage.ch\/fr\/archives\/festival-2015\/jury\/\" \/>\n<meta property=\"og:locale\" content=\"fr_FR\" \/>\n<meta property=\"og:type\" content=\"article\" \/>\n<meta property=\"og:title\" content=\"Jury 2015 - FR Schweizer Jugendfilmtage\" \/>\n<meta property=\"og:description\" content=\"Jury 2015 John Canciani Directeur artistique \u00abInternationale Kurzfilmtage Winterthur\u00bb Marcel Gisler R\u00e9alisateur, sc\u00e9nariste et\u00a0professeur d&#039;universit\u00e9\" \/>\n<meta property=\"og:url\" content=\"https:\/\/jugendfilmtage.ch\/fr\/archives\/festival-2015\/jury\/\" \/>\n<meta property=\"og:site_name\" content=\"FR Schweizer Jugendfilmtage\" \/>\n<meta property=\"article:publisher\" content=\"https:\/\/www.facebook.com\/Jugendfilmtage\" \/>\n<meta property=\"article:modified_time\" content=\"2024-02-06T14:46:19+00:00\" \/>\n<meta property=\"og:image\" content=\"https:\/\/jugendfilmtage.ch\/wp-content\/uploads\/2015\/02\/john-coucou1-e1423844006767-300x170.jpg\" \/>\n<meta name=\"twitter:card\" content=\"summary_large_image\" \/>\n<meta name=\"twitter:site\" content=\"@jugendfilmtage\" \/>\n<meta name=\"twitter:label1\" content=\"Dur\u00e9e de lecture estim\u00e9e\" \/>\n\t<meta name=\"twitter:data1\" content=\"2 minutes\" \/>\n<script type=\"application\/ld+json\" class=\"yoast-schema-graph\">{\"@context\":\"https:\\\/\\\/schema.org\",\"@graph\":[{\"@type\":\"WebPage\",\"@id\":\"https:\\\/\\\/jugendfilmtage.ch\\\/fr\\\/archives\\\/festival-2015\\\/jury\\\/\",\"url\":\"https:\\\/\\\/jugendfilmtage.ch\\\/fr\\\/archives\\\/festival-2015\\\/jury\\\/\",\"name\":\"Jury 2015 - FR Schweizer Jugendfilmtage\",\"isPartOf\":{\"@id\":\"https:\\\/\\\/jugendfilmtage.ch\\\/fr\\\/#website\"},\"primaryImageOfPage\":{\"@id\":\"https:\\\/\\\/jugendfilmtage.ch\\\/fr\\\/archives\\\/festival-2015\\\/jury\\\/#primaryimage\"},\"image\":{\"@id\":\"https:\\\/\\\/jugendfilmtage.ch\\\/fr\\\/archives\\\/festival-2015\\\/jury\\\/#primaryimage\"},\"thumbnailUrl\":\"https:\\\/\\\/jugendfilmtage.ch\\\/wp-content\\\/uploads\\\/2015\\\/02\\\/john-coucou1-e1423844006767-300x170.jpg\",\"datePublished\":\"2015-02-23T16:19:24+00:00\",\"dateModified\":\"2024-02-06T14:46:19+00:00\",\"description\":\"Jury 2015 John Canciani Directeur artistique \u00abInternationale Kurzfilmtage Winterthur\u00bb Marcel Gisler R\u00e9alisateur, sc\u00e9nariste et\u00a0professeur d'universit\u00e9\",\"breadcrumb\":{\"@id\":\"https:\\\/\\\/jugendfilmtage.ch\\\/fr\\\/archives\\\/festival-2015\\\/jury\\\/#breadcrumb\"},\"inLanguage\":\"fr-FR\",\"potentialAction\":[{\"@type\":\"ReadAction\",\"target\":[\"https:\\\/\\\/jugendfilmtage.ch\\\/fr\\\/archives\\\/festival-2015\\\/jury\\\/\"]}]},{\"@type\":\"ImageObject\",\"inLanguage\":\"fr-FR\",\"@id\":\"https:\\\/\\\/jugendfilmtage.ch\\\/fr\\\/archives\\\/festival-2015\\\/jury\\\/#primaryimage\",\"url\":\"https:\\\/\\\/jugendfilmtage.ch\\\/wp-content\\\/uploads\\\/2015\\\/02\\\/john-coucou1-e1423844006767-300x170.jpg\",\"contentUrl\":\"https:\\\/\\\/jugendfilmtage.ch\\\/wp-content\\\/uploads\\\/2015\\\/02\\\/john-coucou1-e1423844006767-300x170.jpg\"},{\"@type\":\"BreadcrumbList\",\"@id\":\"https:\\\/\\\/jugendfilmtage.ch\\\/fr\\\/archives\\\/festival-2015\\\/jury\\\/#breadcrumb\",\"itemListElement\":[{\"@type\":\"ListItem\",\"position\":1,\"name\":\"Archive\",\"item\":\"https:\\\/\\\/jugendfilmtage.ch\\\/fr\\\/archives\\\/\"},{\"@type\":\"ListItem\",\"position\":2,\"name\":\"Festival 2015\",\"item\":\"https:\\\/\\\/jugendfilmtage.ch\\\/fr\\\/archives\\\/festival-2015\\\/\"},{\"@type\":\"ListItem\",\"position\":3,\"name\":\"Jury 2015\"}]},{\"@type\":\"WebSite\",\"@id\":\"https:\\\/\\\/jugendfilmtage.ch\\\/fr\\\/#website\",\"url\":\"https:\\\/\\\/jugendfilmtage.ch\\\/fr\\\/\",\"name\":\"FR Schweizer Jugendfilmtage\",\"description\":\"FR Festival Cin\u00e9 Jeunesse Suisse\",\"potentialAction\":[{\"@type\":\"SearchAction\",\"target\":{\"@type\":\"EntryPoint\",\"urlTemplate\":\"https:\\\/\\\/jugendfilmtage.ch\\\/fr\\\/?s={search_term_string}\"},\"query-input\":{\"@type\":\"PropertyValueSpecification\",\"valueRequired\":true,\"valueName\":\"search_term_string\"}}],\"inLanguage\":\"fr-FR\"}]}<\/script>\n<!-- \/ Yoast SEO plugin. -->","yoast_head_json":{"title":"Jury 2015 - FR Schweizer Jugendfilmtage","description":"Jury 2015 John Canciani Directeur artistique \u00abInternationale Kurzfilmtage Winterthur\u00bb Marcel Gisler R\u00e9alisateur, sc\u00e9nariste et\u00a0professeur d'universit\u00e9","robots":{"index":"index","follow":"follow","max-snippet":"max-snippet:-1","max-image-preview":"max-image-preview:large","max-video-preview":"max-video-preview:-1"},"canonical":"https:\/\/jugendfilmtage.ch\/fr\/archives\/festival-2015\/jury\/","og_locale":"fr_FR","og_type":"article","og_title":"Jury 2015 - FR Schweizer Jugendfilmtage","og_description":"Jury 2015 John Canciani Directeur artistique \u00abInternationale Kurzfilmtage Winterthur\u00bb Marcel Gisler R\u00e9alisateur, sc\u00e9nariste et\u00a0professeur d'universit\u00e9","og_url":"https:\/\/jugendfilmtage.ch\/fr\/archives\/festival-2015\/jury\/","og_site_name":"FR Schweizer Jugendfilmtage","article_publisher":"https:\/\/www.facebook.com\/Jugendfilmtage","article_modified_time":"2024-02-06T14:46:19+00:00","og_image":[{"url":"https:\/\/jugendfilmtage.ch\/wp-content\/uploads\/2015\/02\/john-coucou1-e1423844006767-300x170.jpg","type":"","width":"","height":""}],"twitter_card":"summary_large_image","twitter_site":"@jugendfilmtage","twitter_misc":{"Dur\u00e9e de lecture estim\u00e9e":"2 minutes"},"schema":{"@context":"https:\/\/schema.org","@graph":[{"@type":"WebPage","@id":"https:\/\/jugendfilmtage.ch\/fr\/archives\/festival-2015\/jury\/","url":"https:\/\/jugendfilmtage.ch\/fr\/archives\/festival-2015\/jury\/","name":"Jury 2015 - FR Schweizer Jugendfilmtage","isPartOf":{"@id":"https:\/\/jugendfilmtage.ch\/fr\/#website"},"primaryImageOfPage":{"@id":"https:\/\/jugendfilmtage.ch\/fr\/archives\/festival-2015\/jury\/#primaryimage"},"image":{"@id":"https:\/\/jugendfilmtage.ch\/fr\/archives\/festival-2015\/jury\/#primaryimage"},"thumbnailUrl":"https:\/\/jugendfilmtage.ch\/wp-content\/uploads\/2015\/02\/john-coucou1-e1423844006767-300x170.jpg","datePublished":"2015-02-23T16:19:24+00:00","dateModified":"2024-02-06T14:46:19+00:00","description":"Jury 2015 John Canciani Directeur artistique \u00abInternationale Kurzfilmtage Winterthur\u00bb Marcel Gisler R\u00e9alisateur, sc\u00e9nariste et\u00a0professeur d'universit\u00e9","breadcrumb":{"@id":"https:\/\/jugendfilmtage.ch\/fr\/archives\/festival-2015\/jury\/#breadcrumb"},"inLanguage":"fr-FR","potentialAction":[{"@type":"ReadAction","target":["https:\/\/jugendfilmtage.ch\/fr\/archives\/festival-2015\/jury\/"]}]},{"@type":"ImageObject","inLanguage":"fr-FR","@id":"https:\/\/jugendfilmtage.ch\/fr\/archives\/festival-2015\/jury\/#primaryimage","url":"https:\/\/jugendfilmtage.ch\/wp-content\/uploads\/2015\/02\/john-coucou1-e1423844006767-300x170.jpg","contentUrl":"https:\/\/jugendfilmtage.ch\/wp-content\/uploads\/2015\/02\/john-coucou1-e1423844006767-300x170.jpg"},{"@type":"BreadcrumbList","@id":"https:\/\/jugendfilmtage.ch\/fr\/archives\/festival-2015\/jury\/#breadcrumb","itemListElement":[{"@type":"ListItem","position":1,"name":"Archive","item":"https:\/\/jugendfilmtage.ch\/fr\/archives\/"},{"@type":"ListItem","position":2,"name":"Festival 2015","item":"https:\/\/jugendfilmtage.ch\/fr\/archives\/festival-2015\/"},{"@type":"ListItem","position":3,"name":"Jury 2015"}]},{"@type":"WebSite","@id":"https:\/\/jugendfilmtage.ch\/fr\/#website","url":"https:\/\/jugendfilmtage.ch\/fr\/","name":"FR Schweizer Jugendfilmtage","description":"FR Festival Cin\u00e9 Jeunesse Suisse","potentialAction":[{"@type":"SearchAction","target":{"@type":"EntryPoint","urlTemplate":"https:\/\/jugendfilmtage.ch\/fr\/?s={search_term_string}"},"query-input":{"@type":"PropertyValueSpecification","valueRequired":true,"valueName":"search_term_string"}}],"inLanguage":"fr-FR"}]}},"_links":{"self":[{"href":"https:\/\/jugendfilmtage.ch\/fr\/wp-json\/wp\/v2\/pages\/3416","targetHints":{"allow":["GET"]}}],"collection":[{"href":"https:\/\/jugendfilmtage.ch\/fr\/wp-json\/wp\/v2\/pages"}],"about":[{"href":"https:\/\/jugendfilmtage.ch\/fr\/wp-json\/wp\/v2\/types\/page"}],"author":[{"embeddable":true,"href":"https:\/\/jugendfilmtage.ch\/fr\/wp-json\/wp\/v2\/users\/3"}],"replies":[{"embeddable":true,"href":"https:\/\/jugendfilmtage.ch\/fr\/wp-json\/wp\/v2\/comments?post=3416"}],"version-history":[{"count":6,"href":"https:\/\/jugendfilmtage.ch\/fr\/wp-json\/wp\/v2\/pages\/3416\/revisions"}],"predecessor-version":[{"id":23956,"href":"https:\/\/jugendfilmtage.ch\/fr\/wp-json\/wp\/v2\/pages\/3416\/revisions\/23956"}],"up":[{"embeddable":true,"href":"https:\/\/jugendfilmtage.ch\/fr\/wp-json\/wp\/v2\/pages\/22414"}],"wp:attachment":[{"href":"https:\/\/jugendfilmtage.ch\/fr\/wp-json\/wp\/v2\/media?parent=3416"}],"curies":[{"name":"wp","href":"https:\/\/api.w.org\/{rel}","templated":true}]}}