{"id":3148,"date":"2015-02-23T17:36:33","date_gmt":"2015-02-23T17:36:33","guid":{"rendered":"https:\/\/2024.jugendfilmtage.ch\/?page_id=3148"},"modified":"2024-02-06T12:00:28","modified_gmt":"2024-02-06T11:00:28","slug":"categorie-c-2015","status":"publish","type":"page","link":"https:\/\/jugendfilmtage.ch\/fr\/archives\/festival-2015\/programme-de-la-competition\/categorie-c-2015\/","title":{"rendered":"Cat\u00e9gorie C 2015"},"content":{"rendered":"<h1>Cat\u00e9gorie C 2015<\/h1>\n<h3>Jeudi, 19 mars 2015, 20:00\u201322:30, B\u00fchne A \u2013 <a href=\"mailto:reservation@jugendfilmtage.ch\">Tickets<\/a><\/h3>\n<p class=\"p1\"><span class=\"s1\">Productions faites par des adolescents jusqu&rsquo;\u00e0 19 ans, r\u00e9alis\u00e9es par des individues ou des groupes de jeunes avec ou sans soutien de personnes adultes (initiatives de films, animation socio-\u00e9ducative, \u00e9coles).<\/span><\/p>\n","protected":false},"excerpt":{"rendered":"<p>Cat\u00e9gorie C 2015 Jeudi, 19 mars 2015, 20:00\u201322:30, B\u00fchne A \u2013 Tickets Productions faites par des adolescents jusqu&rsquo;\u00e0 19 ans, r\u00e9alis\u00e9es par des individues ou des groupes de jeunes avec ou sans soutien de personnes adultes (initiatives de films, animation socio-\u00e9ducative, \u00e9coles).<\/p>\n","protected":false},"author":3,"featured_media":0,"parent":3037,"menu_order":2,"comment_status":"closed","ping_status":"closed","template":"","meta":{"_acf_changed":false,"footnotes":""},"class_list":["post-3148","page","type-page","status-publish","hentry"],"acf":[],"yoast_head":"<!-- This site is optimized with the Yoast SEO plugin v27.4 - https:\/\/yoast.com\/product\/yoast-seo-wordpress\/ -->\n<title>Cat\u00e9gorie C 2015 - FR Schweizer Jugendfilmtage<\/title>\n<meta name=\"description\" content=\"Cat\u00e9gorie C 2015 Jeudi, 19 mars 2015, 20:00\u201322:30, B\u00fchne A \u2013 Tickets Productions faites par des adolescents jusqu&#039;\u00e0 19 ans, r\u00e9alis\u00e9es par des individues\" \/>\n<meta name=\"robots\" content=\"index, follow, max-snippet:-1, max-image-preview:large, max-video-preview:-1\" \/>\n<link rel=\"canonical\" href=\"https:\/\/jugendfilmtage.ch\/fr\/archives\/festival-2015\/programme-de-la-competition\/categorie-c-2015\/\" \/>\n<meta property=\"og:locale\" content=\"fr_FR\" \/>\n<meta property=\"og:type\" content=\"article\" \/>\n<meta property=\"og:title\" content=\"Cat\u00e9gorie C 2015 - FR Schweizer Jugendfilmtage\" \/>\n<meta property=\"og:description\" content=\"Cat\u00e9gorie C 2015 Jeudi, 19 mars 2015, 20:00\u201322:30, B\u00fchne A \u2013 Tickets Productions faites par des adolescents jusqu&#039;\u00e0 19 ans, r\u00e9alis\u00e9es par des individues\" \/>\n<meta property=\"og:url\" content=\"https:\/\/jugendfilmtage.ch\/fr\/archives\/festival-2015\/programme-de-la-competition\/categorie-c-2015\/\" \/>\n<meta property=\"og:site_name\" content=\"FR Schweizer Jugendfilmtage\" \/>\n<meta property=\"article:publisher\" content=\"https:\/\/www.facebook.com\/Jugendfilmtage\" \/>\n<meta property=\"article:modified_time\" content=\"2024-02-06T11:00:28+00:00\" \/>\n<meta name=\"twitter:card\" content=\"summary_large_image\" \/>\n<meta name=\"twitter:site\" content=\"@jugendfilmtage\" \/>\n<meta name=\"twitter:label1\" content=\"Dur\u00e9e de lecture estim\u00e9e\" \/>\n\t<meta name=\"twitter:data1\" content=\"1 minute\" \/>\n<script type=\"application\/ld+json\" class=\"yoast-schema-graph\">{\"@context\":\"https:\\\/\\\/schema.org\",\"@graph\":[{\"@type\":\"WebPage\",\"@id\":\"https:\\\/\\\/jugendfilmtage.ch\\\/fr\\\/archives\\\/festival-2015\\\/programme-de-la-competition\\\/categorie-c-2015\\\/\",\"url\":\"https:\\\/\\\/jugendfilmtage.ch\\\/fr\\\/archives\\\/festival-2015\\\/programme-de-la-competition\\\/categorie-c-2015\\\/\",\"name\":\"Cat\u00e9gorie C 2015 - FR Schweizer Jugendfilmtage\",\"isPartOf\":{\"@id\":\"https:\\\/\\\/jugendfilmtage.ch\\\/fr\\\/#website\"},\"datePublished\":\"2015-02-23T17:36:33+00:00\",\"dateModified\":\"2024-02-06T11:00:28+00:00\",\"description\":\"Cat\u00e9gorie C 2015 Jeudi, 19 mars 2015, 20:00\u201322:30, B\u00fchne A \u2013 Tickets Productions faites par des adolescents jusqu'\u00e0 19 ans, r\u00e9alis\u00e9es par des individues\",\"breadcrumb\":{\"@id\":\"https:\\\/\\\/jugendfilmtage.ch\\\/fr\\\/archives\\\/festival-2015\\\/programme-de-la-competition\\\/categorie-c-2015\\\/#breadcrumb\"},\"inLanguage\":\"fr-FR\",\"potentialAction\":[{\"@type\":\"ReadAction\",\"target\":[\"https:\\\/\\\/jugendfilmtage.ch\\\/fr\\\/archives\\\/festival-2015\\\/programme-de-la-competition\\\/categorie-c-2015\\\/\"]}]},{\"@type\":\"BreadcrumbList\",\"@id\":\"https:\\\/\\\/jugendfilmtage.ch\\\/fr\\\/archives\\\/festival-2015\\\/programme-de-la-competition\\\/categorie-c-2015\\\/#breadcrumb\",\"itemListElement\":[{\"@type\":\"ListItem\",\"position\":1,\"name\":\"Archive\",\"item\":\"https:\\\/\\\/jugendfilmtage.ch\\\/fr\\\/archives\\\/\"},{\"@type\":\"ListItem\",\"position\":2,\"name\":\"Festival 2015\",\"item\":\"https:\\\/\\\/jugendfilmtage.ch\\\/fr\\\/archives\\\/festival-2015\\\/\"},{\"@type\":\"ListItem\",\"position\":3,\"name\":\"Cat\u00e9gorie C 2015\"}]},{\"@type\":\"WebSite\",\"@id\":\"https:\\\/\\\/jugendfilmtage.ch\\\/fr\\\/#website\",\"url\":\"https:\\\/\\\/jugendfilmtage.ch\\\/fr\\\/\",\"name\":\"FR Schweizer Jugendfilmtage\",\"description\":\"FR Festival Cin\u00e9 Jeunesse Suisse\",\"potentialAction\":[{\"@type\":\"SearchAction\",\"target\":{\"@type\":\"EntryPoint\",\"urlTemplate\":\"https:\\\/\\\/jugendfilmtage.ch\\\/fr\\\/?s={search_term_string}\"},\"query-input\":{\"@type\":\"PropertyValueSpecification\",\"valueRequired\":true,\"valueName\":\"search_term_string\"}}],\"inLanguage\":\"fr-FR\"}]}<\/script>\n<!-- \/ Yoast SEO plugin. -->","yoast_head_json":{"title":"Cat\u00e9gorie C 2015 - FR Schweizer Jugendfilmtage","description":"Cat\u00e9gorie C 2015 Jeudi, 19 mars 2015, 20:00\u201322:30, B\u00fchne A \u2013 Tickets Productions faites par des adolescents jusqu'\u00e0 19 ans, r\u00e9alis\u00e9es par des individues","robots":{"index":"index","follow":"follow","max-snippet":"max-snippet:-1","max-image-preview":"max-image-preview:large","max-video-preview":"max-video-preview:-1"},"canonical":"https:\/\/jugendfilmtage.ch\/fr\/archives\/festival-2015\/programme-de-la-competition\/categorie-c-2015\/","og_locale":"fr_FR","og_type":"article","og_title":"Cat\u00e9gorie C 2015 - FR Schweizer Jugendfilmtage","og_description":"Cat\u00e9gorie C 2015 Jeudi, 19 mars 2015, 20:00\u201322:30, B\u00fchne A \u2013 Tickets Productions faites par des adolescents jusqu'\u00e0 19 ans, r\u00e9alis\u00e9es par des individues","og_url":"https:\/\/jugendfilmtage.ch\/fr\/archives\/festival-2015\/programme-de-la-competition\/categorie-c-2015\/","og_site_name":"FR Schweizer Jugendfilmtage","article_publisher":"https:\/\/www.facebook.com\/Jugendfilmtage","article_modified_time":"2024-02-06T11:00:28+00:00","twitter_card":"summary_large_image","twitter_site":"@jugendfilmtage","twitter_misc":{"Dur\u00e9e de lecture estim\u00e9e":"1 minute"},"schema":{"@context":"https:\/\/schema.org","@graph":[{"@type":"WebPage","@id":"https:\/\/jugendfilmtage.ch\/fr\/archives\/festival-2015\/programme-de-la-competition\/categorie-c-2015\/","url":"https:\/\/jugendfilmtage.ch\/fr\/archives\/festival-2015\/programme-de-la-competition\/categorie-c-2015\/","name":"Cat\u00e9gorie C 2015 - FR Schweizer Jugendfilmtage","isPartOf":{"@id":"https:\/\/jugendfilmtage.ch\/fr\/#website"},"datePublished":"2015-02-23T17:36:33+00:00","dateModified":"2024-02-06T11:00:28+00:00","description":"Cat\u00e9gorie C 2015 Jeudi, 19 mars 2015, 20:00\u201322:30, B\u00fchne A \u2013 Tickets Productions faites par des adolescents jusqu'\u00e0 19 ans, r\u00e9alis\u00e9es par des individues","breadcrumb":{"@id":"https:\/\/jugendfilmtage.ch\/fr\/archives\/festival-2015\/programme-de-la-competition\/categorie-c-2015\/#breadcrumb"},"inLanguage":"fr-FR","potentialAction":[{"@type":"ReadAction","target":["https:\/\/jugendfilmtage.ch\/fr\/archives\/festival-2015\/programme-de-la-competition\/categorie-c-2015\/"]}]},{"@type":"BreadcrumbList","@id":"https:\/\/jugendfilmtage.ch\/fr\/archives\/festival-2015\/programme-de-la-competition\/categorie-c-2015\/#breadcrumb","itemListElement":[{"@type":"ListItem","position":1,"name":"Archive","item":"https:\/\/jugendfilmtage.ch\/fr\/archives\/"},{"@type":"ListItem","position":2,"name":"Festival 2015","item":"https:\/\/jugendfilmtage.ch\/fr\/archives\/festival-2015\/"},{"@type":"ListItem","position":3,"name":"Cat\u00e9gorie C 2015"}]},{"@type":"WebSite","@id":"https:\/\/jugendfilmtage.ch\/fr\/#website","url":"https:\/\/jugendfilmtage.ch\/fr\/","name":"FR Schweizer Jugendfilmtage","description":"FR Festival Cin\u00e9 Jeunesse Suisse","potentialAction":[{"@type":"SearchAction","target":{"@type":"EntryPoint","urlTemplate":"https:\/\/jugendfilmtage.ch\/fr\/?s={search_term_string}"},"query-input":{"@type":"PropertyValueSpecification","valueRequired":true,"valueName":"search_term_string"}}],"inLanguage":"fr-FR"}]}},"_links":{"self":[{"href":"https:\/\/jugendfilmtage.ch\/fr\/wp-json\/wp\/v2\/pages\/3148","targetHints":{"allow":["GET"]}}],"collection":[{"href":"https:\/\/jugendfilmtage.ch\/fr\/wp-json\/wp\/v2\/pages"}],"about":[{"href":"https:\/\/jugendfilmtage.ch\/fr\/wp-json\/wp\/v2\/types\/page"}],"author":[{"embeddable":true,"href":"https:\/\/jugendfilmtage.ch\/fr\/wp-json\/wp\/v2\/users\/3"}],"replies":[{"embeddable":true,"href":"https:\/\/jugendfilmtage.ch\/fr\/wp-json\/wp\/v2\/comments?post=3148"}],"version-history":[{"count":5,"href":"https:\/\/jugendfilmtage.ch\/fr\/wp-json\/wp\/v2\/pages\/3148\/revisions"}],"predecessor-version":[{"id":23929,"href":"https:\/\/jugendfilmtage.ch\/fr\/wp-json\/wp\/v2\/pages\/3148\/revisions\/23929"}],"up":[{"embeddable":true,"href":"https:\/\/jugendfilmtage.ch\/fr\/wp-json\/wp\/v2\/pages\/3037"}],"wp:attachment":[{"href":"https:\/\/jugendfilmtage.ch\/fr\/wp-json\/wp\/v2\/media?parent=3148"}],"curies":[{"name":"wp","href":"https:\/\/api.w.org\/{rel}","templated":true}]}}