{"id":30383,"date":"2025-02-21T14:29:06","date_gmt":"2025-02-21T13:29:06","guid":{"rendered":"https:\/\/jugendfilmtage.ch\/?page_id=30383"},"modified":"2025-02-24T17:04:03","modified_gmt":"2025-02-24T16:04:03","slug":"jury-moderation-2025","status":"publish","type":"page","link":"https:\/\/jugendfilmtage.ch\/fr\/archives\/festival-2025\/jury-moderation-2025\/","title":{"rendered":"Jury &amp; Mod\u00e9ration 2025"},"content":{"rendered":"\n<h1 class=\"wp-block-heading\"><strong>Jury &amp; Mod\u00e9ration 202<\/strong>5<\/h1>\n\n\n\n<h2 class=\"wp-block-heading\">Jury de la comp\u00e9tition<\/h2>\n\n\n\n<figure class=\"wp-block-image size-full is-resized\"><img loading=\"lazy\" decoding=\"async\" width=\"569\" height=\"427\" src=\"https:\/\/jugendfilmtage.ch\/wp-content\/uploads\/2025\/02\/Portrait_EllaRocca-edited.jpeg\" alt=\"Ella Rocca\" class=\"wp-image-30334\" style=\"width:488px;height:auto\" srcset=\"https:\/\/jugendfilmtage.ch\/wp-content\/uploads\/2025\/02\/Portrait_EllaRocca-edited.jpeg 569w, https:\/\/jugendfilmtage.ch\/wp-content\/uploads\/2025\/02\/Portrait_EllaRocca-edited-300x225.jpeg 300w\" sizes=\"auto, (max-width: 569px) 100vw, 569px\" \/><\/figure>\n\n\n\n<p><strong>Ella Rocca:<\/strong><\/p>\n\n\n\n<p>Ella Rocca,1999, r\u00e9alisateur\u00b7trice. Bachelor en vid\u00e9o 2023, HSLU. Co-direction du festival Upcoming Filmmakers Lucerne. Point fort : formes cin\u00e9matographiques, regards et identit\u00e9s queer.<\/p>\n\n\n\n<p><\/p>\n\n\n\n<figure class=\"wp-block-image size-full\"><img loading=\"lazy\" decoding=\"async\" width=\"480\" height=\"360\" src=\"https:\/\/jugendfilmtage.ch\/wp-content\/uploads\/2025\/02\/Lou-Haltinner-Credit-Vera-Jodler-edited.jpeg\" alt=\"Lou Haltinner\" class=\"wp-image-30332\" srcset=\"https:\/\/jugendfilmtage.ch\/wp-content\/uploads\/2025\/02\/Lou-Haltinner-Credit-Vera-Jodler-edited.jpeg 480w, https:\/\/jugendfilmtage.ch\/wp-content\/uploads\/2025\/02\/Lou-Haltinner-Credit-Vera-Jodler-edited-300x225.jpeg 300w\" sizes=\"auto, (max-width: 480px) 100vw, 480px\" \/><figcaption class=\"wp-element-caption\">(Foto: Vera Jodler)<\/figcaption><\/figure>\n\n\n\n<p><strong>Lou Haltinner: <\/strong><\/p>\n\n\n\n<p>D\u2019origine b\u00e2loise, Lou Haltinner a \u00e9tudi\u00e9 la com\u00e9die \u00e0 Berne et se produit \u00e0 B\u00fchnen Bern depuis 2024, entre autres dans \u00abNeumatt\u00bb et \u00abYouth Topia\u00bb.<\/p>\n\n\n\n<p><\/p>\n\n\n\n<figure class=\"wp-block-image size-large is-resized\"><img loading=\"lazy\" decoding=\"async\" width=\"880\" height=\"660\" src=\"https:\/\/jugendfilmtage.ch\/wp-content\/uploads\/2025\/02\/Francesco-De-Biasi-edited-880x660.jpg\" alt=\"Francesco De Biasi\" class=\"wp-image-30338\" style=\"width:475px;height:auto\" srcset=\"https:\/\/jugendfilmtage.ch\/wp-content\/uploads\/2025\/02\/Francesco-De-Biasi-edited-880x660.jpg 880w, https:\/\/jugendfilmtage.ch\/wp-content\/uploads\/2025\/02\/Francesco-De-Biasi-edited-300x225.jpg 300w, https:\/\/jugendfilmtage.ch\/wp-content\/uploads\/2025\/02\/Francesco-De-Biasi-edited-768x576.jpg 768w, https:\/\/jugendfilmtage.ch\/wp-content\/uploads\/2025\/02\/Francesco-De-Biasi-edited-1536x1151.jpg 1536w, https:\/\/jugendfilmtage.ch\/wp-content\/uploads\/2025\/02\/Francesco-De-Biasi-edited-2048x1535.jpg 2048w\" sizes=\"auto, (max-width: 880px) 100vw, 880px\" \/><\/figure>\n\n\n\n<p><strong>Francesco De Biasi: <\/strong><\/p>\n\n\n\n<p>Francesco De Biasi est dipl\u00f4m\u00e9 en gestion artistique et en didactique innovante. Depuis 2019, il est responsable des programmes didactiques du Festival de films de Locarno.<\/p>\n\n\n\n<p><\/p>\n\n\n\n<figure class=\"wp-block-image size-large is-resized\"><img loading=\"lazy\" decoding=\"async\" width=\"880\" height=\"588\" src=\"https:\/\/jugendfilmtage.ch\/wp-content\/uploads\/2025\/02\/Meret_9388_quer-880x588.jpg\" alt=\"\" class=\"wp-image-30435\" style=\"width:489px;height:auto\" srcset=\"https:\/\/jugendfilmtage.ch\/wp-content\/uploads\/2025\/02\/Meret_9388_quer-880x588.jpg 880w, https:\/\/jugendfilmtage.ch\/wp-content\/uploads\/2025\/02\/Meret_9388_quer-300x200.jpg 300w, https:\/\/jugendfilmtage.ch\/wp-content\/uploads\/2025\/02\/Meret_9388_quer-280x186.jpg 280w, https:\/\/jugendfilmtage.ch\/wp-content\/uploads\/2025\/02\/Meret_9388_quer-768x513.jpg 768w, https:\/\/jugendfilmtage.ch\/wp-content\/uploads\/2025\/02\/Meret_9388_quer-1536x1026.jpg 1536w, https:\/\/jugendfilmtage.ch\/wp-content\/uploads\/2025\/02\/Meret_9388_quer-2048x1367.jpg 2048w\" sizes=\"auto, (max-width: 880px) 100vw, 880px\" \/><\/figure>\n\n\n\n<p><strong>Meret Ruggle:<\/strong><\/p>\n\n\n\n<p>Meret Ruggle est codirectrice du distributeur de films suisse trigon-film. Depuis 1988, la fondation trigon-film distribue des films soigneusement s\u00e9lectionn\u00e9s d&rsquo;Am\u00e9rique latine, d&rsquo;Asie, d&rsquo;Afrique et d&rsquo;Europe de l&rsquo;Est. Elle g\u00e8re sa propre \u00e9dition de DVD et la plateforme de vid\u00e9o \u00e0 la demande filmingo.<\/p>\n\n\n\n<p><\/p>\n\n\n\n<figure class=\"wp-block-image size-full is-resized\"><img loading=\"lazy\" decoding=\"async\" width=\"678\" height=\"508\" src=\"https:\/\/jugendfilmtage.ch\/wp-content\/uploads\/2025\/02\/Elie-Aufseesser-1-edited.jpeg\" alt=\"\" class=\"wp-image-30413\" style=\"width:483px;height:auto\" srcset=\"https:\/\/jugendfilmtage.ch\/wp-content\/uploads\/2025\/02\/Elie-Aufseesser-1-edited.jpeg 678w, https:\/\/jugendfilmtage.ch\/wp-content\/uploads\/2025\/02\/Elie-Aufseesser-1-edited-300x225.jpeg 300w\" sizes=\"auto, (max-width: 678px) 100vw, 678px\" \/><\/figure>\n\n\n\n<p><strong>Elie Aufseesser<\/strong>:<\/p>\n\n\n\n<p>Sc\u00e9nariste et r\u00e9alisateur suisse, Elie se fait conna\u00eetre avec son premier long m\u00e9trage,\u00a0<em>pas de deux\u00a0<\/em>(2022). Il d\u00e9veloppe actuellement de nouveaux projets de films.<\/p>\n\n\n\n<h2 class=\"wp-block-heading\">Jury \u00ab Clap ! Clap ! \u00bb Pitching Competition<\/h2>\n\n\n\n<p><strong>Morgane Frund,<\/strong> Cin\u00e9aste et artiste<\/p>\n\n\n\n<p><strong>Stephanie Constantin,<\/strong> Productrice junior<\/p>\n\n\n\n<p><strong>Emilien G\u00fcr, <\/strong>Critique de cin\u00e9ma<\/p>\n\n\n\n<p><\/p>\n\n\n\n<h2 class=\"wp-block-heading\">Jury Goldenes Bergli<\/h2>\n\n\n\n<p>\u00c9tudiant\u00b7e\u00b7s de la section Animation, HSLU Design Film Art.<\/p>\n\n\n\n<p><\/p>\n\n\n\n<h2 class=\"wp-block-heading\">Jury Prix R\u00f6stigraben<\/h2>\n\n\n\n<p>\u00c9tudiant\u00b7e\u00b7s des hautes \u00e9coles de cin\u00e9ma suisses qui pr\u00e9sentent un film dans la section \u00ab&nbsp;Passeport Suisse&nbsp;\u00bb au Fribourg International Film Festival.<\/p>\n\n\n\n<h2 class=\"wp-block-heading\">Mod\u00e9ration<\/h2>\n\n\n\n<figure class=\"wp-block-image size-large is-resized\"><img loading=\"lazy\" decoding=\"async\" width=\"880\" height=\"660\" src=\"https:\/\/jugendfilmtage.ch\/wp-content\/uploads\/2025\/02\/Reena-Thelly-edited-880x660.jpeg\" alt=\"Reena Thelly\" class=\"wp-image-30360\" style=\"width:490px;height:auto\" srcset=\"https:\/\/jugendfilmtage.ch\/wp-content\/uploads\/2025\/02\/Reena-Thelly-edited-880x660.jpeg 880w, https:\/\/jugendfilmtage.ch\/wp-content\/uploads\/2025\/02\/Reena-Thelly-edited-300x225.jpeg 300w, https:\/\/jugendfilmtage.ch\/wp-content\/uploads\/2025\/02\/Reena-Thelly-edited-768x576.jpeg 768w, https:\/\/jugendfilmtage.ch\/wp-content\/uploads\/2025\/02\/Reena-Thelly-edited.jpeg 911w\" sizes=\"auto, (max-width: 880px) 100vw, 880px\" \/><\/figure>\n\n\n\n<p><strong>Reena Thelly: <\/strong><\/p>\n\n\n\n<p>Journaliste et animatrice, Reena Thelly produit de pr\u00e9f\u00e9rence du cin\u00e9ma pour les oreilles.<\/p>\n\n\n\n<p>Elle pr\u00e9sentera l&rsquo;ouverture et les cat\u00e9gories A et B.<\/p>\n\n\n\n<p><\/p>\n\n\n\n<figure class=\"wp-block-image size-large is-resized\"><img loading=\"lazy\" decoding=\"async\" width=\"880\" height=\"660\" src=\"https:\/\/jugendfilmtage.ch\/wp-content\/uploads\/2025\/02\/AnnMayer_1-edited-880x660.jpg\" alt=\"Ann Mayer\" class=\"wp-image-30364\" style=\"width:480px;height:auto\" srcset=\"https:\/\/jugendfilmtage.ch\/wp-content\/uploads\/2025\/02\/AnnMayer_1-edited-880x660.jpg 880w, https:\/\/jugendfilmtage.ch\/wp-content\/uploads\/2025\/02\/AnnMayer_1-edited-300x225.jpg 300w, https:\/\/jugendfilmtage.ch\/wp-content\/uploads\/2025\/02\/AnnMayer_1-edited-768x576.jpg 768w, https:\/\/jugendfilmtage.ch\/wp-content\/uploads\/2025\/02\/AnnMayer_1-edited-1536x1152.jpg 1536w, https:\/\/jugendfilmtage.ch\/wp-content\/uploads\/2025\/02\/AnnMayer_1-edited-2048x1537.jpg 2048w\" sizes=\"auto, (max-width: 880px) 100vw, 880px\" \/><figcaption class=\"wp-element-caption\">(Foto: Julien Mayer)<\/figcaption><\/figure>\n\n\n\n<p><strong>Ann Mayer: <\/strong><\/p>\n\n\n\n<p>Ann Mayer travaille en tant que journaliste de cin\u00e9ma, d\u2019abord chez SRF Virus avant de rejoindre SRF Kultur d\u00e8s 2019. En tant qu\u2019actrice, elle se produit r\u00e9guli\u00e8rement dans des projets cin\u00e9matographiques suisses (courts m\u00e9trages), ainsi qu\u2019au Theater Basel et au Schauspielhaus Z\u00fcrich, entre autres.<\/p>\n\n\n\n<p>Elle pr\u00e9sentera les c\u00e9r\u00e9monies de remise des prix et les cat\u00e9gories C, D et E.<\/p>\n\n\n\n<p><\/p>\n\n\n\n<p><strong>Samuel Waltz&nbsp;: <\/strong>Talent Camp Screening<\/p>\n\n\n\n<p><strong>Serena Neuenschwander&nbsp;:<\/strong> entretiens cin\u00e9matographiques en italien et en fran\u00e7ais, Focus<\/p>\n\n\n\n<p><strong>Alessio Amstutz:<\/strong> \u00ab&nbsp;Clap ! Clap&nbsp;!&nbsp;\u00bb Pitching Competition<\/p>\n\n\n\n<p><\/p>\n","protected":false},"excerpt":{"rendered":"<p>Jury &amp; Mod\u00e9ration 2025 Jury de la comp\u00e9tition Ella Rocca: Ella Rocca,1999, r\u00e9alisateur\u00b7trice. Bachelor en vid\u00e9o 2023, HSLU. Co-direction du festival Upcoming Filmmakers Lucerne. Point fort : formes cin\u00e9matographiques, regards et identit\u00e9s queer. Lou Haltinner: D\u2019origine b\u00e2loise, Lou Haltinner a \u00e9tudi\u00e9 la com\u00e9die \u00e0 Berne et se produit \u00e0 B\u00fchnen Bern depuis 2024, entre autres [&hellip;]<\/p>\n","protected":false},"author":14,"featured_media":0,"parent":30488,"menu_order":2,"comment_status":"closed","ping_status":"closed","template":"","meta":{"_acf_changed":false,"footnotes":""},"class_list":["post-30383","page","type-page","status-publish","hentry"],"acf":[],"yoast_head":"<!-- This site is optimized with the Yoast SEO plugin v27.4 - https:\/\/yoast.com\/product\/yoast-seo-wordpress\/ -->\n<title>Jury &amp; Mod\u00e9ration 2025 - FR Schweizer Jugendfilmtage<\/title>\n<meta name=\"description\" content=\"Jury &amp; Mod\u00e9ration 2025 Jury de la comp\u00e9tition Ella Rocca: Ella Rocca,1999, r\u00e9alisateur\u00b7trice. Bachelor en vid\u00e9o 2023, HSLU. Co-direction du festival\" \/>\n<meta name=\"robots\" content=\"index, follow, max-snippet:-1, max-image-preview:large, max-video-preview:-1\" \/>\n<link rel=\"canonical\" href=\"https:\/\/jugendfilmtage.ch\/fr\/archives\/festival-2025\/jury-moderation-2025\/\" \/>\n<meta property=\"og:locale\" content=\"fr_FR\" \/>\n<meta property=\"og:type\" content=\"article\" \/>\n<meta property=\"og:title\" content=\"Jury &amp; Mod\u00e9ration 2025 - FR Schweizer Jugendfilmtage\" \/>\n<meta property=\"og:description\" content=\"Jury &amp; Mod\u00e9ration 2025 Jury de la comp\u00e9tition Ella Rocca: Ella Rocca,1999, r\u00e9alisateur\u00b7trice. Bachelor en vid\u00e9o 2023, HSLU. Co-direction du festival\" \/>\n<meta property=\"og:url\" content=\"https:\/\/jugendfilmtage.ch\/fr\/archives\/festival-2025\/jury-moderation-2025\/\" \/>\n<meta property=\"og:site_name\" content=\"FR Schweizer Jugendfilmtage\" \/>\n<meta property=\"article:publisher\" content=\"https:\/\/www.facebook.com\/Jugendfilmtage\" \/>\n<meta property=\"article:modified_time\" content=\"2025-02-24T16:04:03+00:00\" \/>\n<meta property=\"og:image\" content=\"https:\/\/jugendfilmtage.ch\/wp-content\/uploads\/2025\/02\/Portrait_EllaRocca-edited.jpeg\" \/>\n\t<meta property=\"og:image:width\" content=\"569\" \/>\n\t<meta property=\"og:image:height\" content=\"427\" \/>\n\t<meta property=\"og:image:type\" content=\"image\/jpeg\" \/>\n<meta name=\"twitter:card\" content=\"summary_large_image\" \/>\n<meta name=\"twitter:site\" content=\"@jugendfilmtage\" \/>\n<meta name=\"twitter:label1\" content=\"Dur\u00e9e de lecture estim\u00e9e\" \/>\n\t<meta name=\"twitter:data1\" content=\"4 minutes\" \/>\n<script type=\"application\/ld+json\" class=\"yoast-schema-graph\">{\"@context\":\"https:\\\/\\\/schema.org\",\"@graph\":[{\"@type\":\"WebPage\",\"@id\":\"https:\\\/\\\/jugendfilmtage.ch\\\/fr\\\/archives\\\/festival-2025\\\/jury-moderation-2025\\\/\",\"url\":\"https:\\\/\\\/jugendfilmtage.ch\\\/fr\\\/archives\\\/festival-2025\\\/jury-moderation-2025\\\/\",\"name\":\"Jury &amp; Mod\u00e9ration 2025 - FR Schweizer Jugendfilmtage\",\"isPartOf\":{\"@id\":\"https:\\\/\\\/jugendfilmtage.ch\\\/fr\\\/#website\"},\"primaryImageOfPage\":{\"@id\":\"https:\\\/\\\/jugendfilmtage.ch\\\/fr\\\/archives\\\/festival-2025\\\/jury-moderation-2025\\\/#primaryimage\"},\"image\":{\"@id\":\"https:\\\/\\\/jugendfilmtage.ch\\\/fr\\\/archives\\\/festival-2025\\\/jury-moderation-2025\\\/#primaryimage\"},\"thumbnailUrl\":\"https:\\\/\\\/jugendfilmtage.ch\\\/wp-content\\\/uploads\\\/2025\\\/02\\\/Portrait_EllaRocca-edited.jpeg\",\"datePublished\":\"2025-02-21T13:29:06+00:00\",\"dateModified\":\"2025-02-24T16:04:03+00:00\",\"description\":\"Jury &amp; Mod\u00e9ration 2025 Jury de la comp\u00e9tition Ella Rocca: Ella Rocca,1999, r\u00e9alisateur\u00b7trice. Bachelor en vid\u00e9o 2023, HSLU. Co-direction du festival\",\"inLanguage\":\"fr-FR\",\"potentialAction\":[{\"@type\":\"ReadAction\",\"target\":[\"https:\\\/\\\/jugendfilmtage.ch\\\/fr\\\/archives\\\/festival-2025\\\/jury-moderation-2025\\\/\"]}]},{\"@type\":\"ImageObject\",\"inLanguage\":\"fr-FR\",\"@id\":\"https:\\\/\\\/jugendfilmtage.ch\\\/fr\\\/archives\\\/festival-2025\\\/jury-moderation-2025\\\/#primaryimage\",\"url\":\"https:\\\/\\\/jugendfilmtage.ch\\\/wp-content\\\/uploads\\\/2025\\\/02\\\/Portrait_EllaRocca-edited.jpeg\",\"contentUrl\":\"https:\\\/\\\/jugendfilmtage.ch\\\/wp-content\\\/uploads\\\/2025\\\/02\\\/Portrait_EllaRocca-edited.jpeg\"},{\"@type\":\"WebSite\",\"@id\":\"https:\\\/\\\/jugendfilmtage.ch\\\/fr\\\/#website\",\"url\":\"https:\\\/\\\/jugendfilmtage.ch\\\/fr\\\/\",\"name\":\"FR Schweizer Jugendfilmtage\",\"description\":\"FR Festival Cin\u00e9 Jeunesse Suisse\",\"potentialAction\":[{\"@type\":\"SearchAction\",\"target\":{\"@type\":\"EntryPoint\",\"urlTemplate\":\"https:\\\/\\\/jugendfilmtage.ch\\\/fr\\\/?s={search_term_string}\"},\"query-input\":{\"@type\":\"PropertyValueSpecification\",\"valueRequired\":true,\"valueName\":\"search_term_string\"}}],\"inLanguage\":\"fr-FR\"}]}<\/script>\n<!-- \/ Yoast SEO plugin. -->","yoast_head_json":{"title":"Jury &amp; Mod\u00e9ration 2025 - FR Schweizer Jugendfilmtage","description":"Jury &amp; Mod\u00e9ration 2025 Jury de la comp\u00e9tition Ella Rocca: Ella Rocca,1999, r\u00e9alisateur\u00b7trice. Bachelor en vid\u00e9o 2023, HSLU. Co-direction du festival","robots":{"index":"index","follow":"follow","max-snippet":"max-snippet:-1","max-image-preview":"max-image-preview:large","max-video-preview":"max-video-preview:-1"},"canonical":"https:\/\/jugendfilmtage.ch\/fr\/archives\/festival-2025\/jury-moderation-2025\/","og_locale":"fr_FR","og_type":"article","og_title":"Jury &amp; Mod\u00e9ration 2025 - FR Schweizer Jugendfilmtage","og_description":"Jury &amp; Mod\u00e9ration 2025 Jury de la comp\u00e9tition Ella Rocca: Ella Rocca,1999, r\u00e9alisateur\u00b7trice. Bachelor en vid\u00e9o 2023, HSLU. Co-direction du festival","og_url":"https:\/\/jugendfilmtage.ch\/fr\/archives\/festival-2025\/jury-moderation-2025\/","og_site_name":"FR Schweizer Jugendfilmtage","article_publisher":"https:\/\/www.facebook.com\/Jugendfilmtage","article_modified_time":"2025-02-24T16:04:03+00:00","og_image":[{"width":569,"height":427,"url":"https:\/\/jugendfilmtage.ch\/wp-content\/uploads\/2025\/02\/Portrait_EllaRocca-edited.jpeg","type":"image\/jpeg"}],"twitter_card":"summary_large_image","twitter_site":"@jugendfilmtage","twitter_misc":{"Dur\u00e9e de lecture estim\u00e9e":"4 minutes"},"schema":{"@context":"https:\/\/schema.org","@graph":[{"@type":"WebPage","@id":"https:\/\/jugendfilmtage.ch\/fr\/archives\/festival-2025\/jury-moderation-2025\/","url":"https:\/\/jugendfilmtage.ch\/fr\/archives\/festival-2025\/jury-moderation-2025\/","name":"Jury &amp; Mod\u00e9ration 2025 - FR Schweizer Jugendfilmtage","isPartOf":{"@id":"https:\/\/jugendfilmtage.ch\/fr\/#website"},"primaryImageOfPage":{"@id":"https:\/\/jugendfilmtage.ch\/fr\/archives\/festival-2025\/jury-moderation-2025\/#primaryimage"},"image":{"@id":"https:\/\/jugendfilmtage.ch\/fr\/archives\/festival-2025\/jury-moderation-2025\/#primaryimage"},"thumbnailUrl":"https:\/\/jugendfilmtage.ch\/wp-content\/uploads\/2025\/02\/Portrait_EllaRocca-edited.jpeg","datePublished":"2025-02-21T13:29:06+00:00","dateModified":"2025-02-24T16:04:03+00:00","description":"Jury &amp; Mod\u00e9ration 2025 Jury de la comp\u00e9tition Ella Rocca: Ella Rocca,1999, r\u00e9alisateur\u00b7trice. Bachelor en vid\u00e9o 2023, HSLU. Co-direction du festival","inLanguage":"fr-FR","potentialAction":[{"@type":"ReadAction","target":["https:\/\/jugendfilmtage.ch\/fr\/archives\/festival-2025\/jury-moderation-2025\/"]}]},{"@type":"ImageObject","inLanguage":"fr-FR","@id":"https:\/\/jugendfilmtage.ch\/fr\/archives\/festival-2025\/jury-moderation-2025\/#primaryimage","url":"https:\/\/jugendfilmtage.ch\/wp-content\/uploads\/2025\/02\/Portrait_EllaRocca-edited.jpeg","contentUrl":"https:\/\/jugendfilmtage.ch\/wp-content\/uploads\/2025\/02\/Portrait_EllaRocca-edited.jpeg"},{"@type":"WebSite","@id":"https:\/\/jugendfilmtage.ch\/fr\/#website","url":"https:\/\/jugendfilmtage.ch\/fr\/","name":"FR Schweizer Jugendfilmtage","description":"FR Festival Cin\u00e9 Jeunesse Suisse","potentialAction":[{"@type":"SearchAction","target":{"@type":"EntryPoint","urlTemplate":"https:\/\/jugendfilmtage.ch\/fr\/?s={search_term_string}"},"query-input":{"@type":"PropertyValueSpecification","valueRequired":true,"valueName":"search_term_string"}}],"inLanguage":"fr-FR"}]}},"_links":{"self":[{"href":"https:\/\/jugendfilmtage.ch\/fr\/wp-json\/wp\/v2\/pages\/30383","targetHints":{"allow":["GET"]}}],"collection":[{"href":"https:\/\/jugendfilmtage.ch\/fr\/wp-json\/wp\/v2\/pages"}],"about":[{"href":"https:\/\/jugendfilmtage.ch\/fr\/wp-json\/wp\/v2\/types\/page"}],"author":[{"embeddable":true,"href":"https:\/\/jugendfilmtage.ch\/fr\/wp-json\/wp\/v2\/users\/14"}],"replies":[{"embeddable":true,"href":"https:\/\/jugendfilmtage.ch\/fr\/wp-json\/wp\/v2\/comments?post=30383"}],"version-history":[{"count":9,"href":"https:\/\/jugendfilmtage.ch\/fr\/wp-json\/wp\/v2\/pages\/30383\/revisions"}],"predecessor-version":[{"id":30440,"href":"https:\/\/jugendfilmtage.ch\/fr\/wp-json\/wp\/v2\/pages\/30383\/revisions\/30440"}],"up":[{"embeddable":true,"href":"https:\/\/jugendfilmtage.ch\/fr\/wp-json\/wp\/v2\/pages\/30488"}],"wp:attachment":[{"href":"https:\/\/jugendfilmtage.ch\/fr\/wp-json\/wp\/v2\/media?parent=30383"}],"curies":[{"name":"wp","href":"https:\/\/api.w.org\/{rel}","templated":true}]}}