{"id":3037,"date":"2015-03-03T07:57:27","date_gmt":"2015-03-03T07:57:27","guid":{"rendered":"https:\/\/2024.jugendfilmtage.ch\/?page_id=3037"},"modified":"2024-02-06T15:26:04","modified_gmt":"2024-02-06T14:26:04","slug":"programme-de-la-competition","status":"publish","type":"page","link":"https:\/\/jugendfilmtage.ch\/fr\/archives\/festival-2015\/programme-de-la-competition\/","title":{"rendered":"Comp\u00e9tition 2015"},"content":{"rendered":"<h1>Comp\u00e9tition 2015<\/h1>\n<p>47 courts-m\u00e9trages ont \u00e9t\u00e9 s\u00e9lectionn\u00e9s parmi 280\u00a0films et vont \u00eatre projet\u00e9 dans les cinq cat\u00e9gories de la comp\u00e9tition officielle de la 39i\u00e8me \u00e9dition du Festival Cin\u00e9 Jeunesse.<\/p>\n<h2><a href=\"https:\/\/jugendfilmtage.ch\/fr\/archives\/programme-2015\/programme-de-la-competition\/categorie-a\/\">Ca\u00adt\u00e9\u00adgo\u00adrie A<\/a><\/h2>\n<p class=\"p1\"><span class=\"s1\">Productions faites par des adolescents jusqu&rsquo;\u00e0 16 ans, r\u00e9alis\u00e9es par des individues ou des groupes de jeunes avec ou sans soutien de personnes adultes (initiatives de films, animation socio-\u00e9ducative, \u00e9coles).<\/span><\/p>\n<h2><a href=\"https:\/\/jugendfilmtage.ch\/fr\/archives\/programme-2015\/programme-de-la-competition\/categorie-b\/\">Ca\u00adt\u00e9\u00adgo\u00adrie B<\/a><\/h2>\n<p class=\"p1\"><span class=\"s1\">Productions faites par des individues ou des groupes, r\u00e9alis\u00e9es par des adolescents jusqu&rsquo;\u00e0 19 ans de mani\u00e8re ind\u00e9pendante ou dans le cadre de l&rsquo;at\u00e9lier de film avec le sujet \u00abreflets\u00bb.<\/span><\/p>\n<h2><a href=\"https:\/\/jugendfilmtage.ch\/fr\/archives\/programme-2015\/programme-de-la-competition\/categorie-c\/\">Ca\u00adt\u00e9\u00adgo\u00adrie C<\/a><\/h2>\n<p class=\"p1\"><span class=\"s1\">Productions faites par des adolescents jusqu&rsquo;\u00e0 19 ans, r\u00e9alis\u00e9es par des individues ou des groupes de jeunes avec ou sans soutien de personnes adultes (initiatives de films, animation socio-\u00e9ducative, \u00e9coles).<\/span><\/p>\n<h2><a href=\"https:\/\/jugendfilmtage.ch\/fr\/archives\/programme-2015\/programme-de-la-competition\/categorie-d\/\">Ca\u00adt\u00e9\u00adgo\u00adrie D<\/a><\/h2>\n<p class=\"p1\"><span class=\"s1\">Productions faites par des individues ou des groupes, r\u00e9alis\u00e9es par des jeunes entre 20 et 25 ans seul ou en groupes de mani\u00e8re ind\u00e9pendante en dehors d&rsquo;un cadre scolaire ou d&rsquo;une formation<\/span><\/p>\n<h2><a href=\"https:\/\/jugendfilmtage.ch\/fr\/archives\/programme-2015\/programme-de-la-competition\/categorie-e\/\">Ca\u00adt\u00e9\u00adgo\u00adrie E<\/a><\/h2>\n<p class=\"p1\"><span class=\"s1\">Productions faites\u00a0par des jeunes jusqu&rsquo;\u00e0 30 ans, qui sont \u00e9l\u00e8ves d&rsquo;une \u00e9cole de film ou d&rsquo;une autre haute \u00e9cole d&rsquo;art, peu importe que le film soit r\u00e9alis\u00e9 dans le cadre de la formation ou de mani\u00e8re ind\u00e9pendante<\/span><\/p>\n","protected":false},"excerpt":{"rendered":"<p>Comp\u00e9tition 2015 47 courts-m\u00e9trages ont \u00e9t\u00e9 s\u00e9lectionn\u00e9s parmi 280\u00a0films et vont \u00eatre projet\u00e9 dans les cinq cat\u00e9gories de la comp\u00e9tition officielle de la 39i\u00e8me \u00e9dition du Festival Cin\u00e9 Jeunesse. Ca\u00adt\u00e9\u00adgo\u00adrie A Productions faites par des adolescents jusqu&rsquo;\u00e0 16 ans, r\u00e9alis\u00e9es par des individues ou des groupes de jeunes avec ou sans soutien de personnes adultes [&hellip;]<\/p>\n","protected":false},"author":3,"featured_media":0,"parent":22414,"menu_order":3,"comment_status":"closed","ping_status":"closed","template":"","meta":{"_acf_changed":false,"footnotes":""},"class_list":["post-3037","page","type-page","status-publish","hentry"],"acf":[],"yoast_head":"<!-- This site is optimized with the Yoast SEO plugin v27.4 - https:\/\/yoast.com\/product\/yoast-seo-wordpress\/ -->\n<title>Comp\u00e9tition 2015 - FR Schweizer Jugendfilmtage<\/title>\n<meta name=\"description\" content=\"Comp\u00e9tition 2015 47 courts-m\u00e9trages ont \u00e9t\u00e9 s\u00e9lectionn\u00e9s parmi 280\u00a0films et vont \u00eatre projet\u00e9 dans les cinq cat\u00e9gories de la comp\u00e9tition officielle de la\" \/>\n<meta name=\"robots\" content=\"index, follow, max-snippet:-1, max-image-preview:large, max-video-preview:-1\" \/>\n<link rel=\"canonical\" href=\"https:\/\/jugendfilmtage.ch\/fr\/archives\/festival-2015\/programme-de-la-competition\/\" \/>\n<meta property=\"og:locale\" content=\"fr_FR\" \/>\n<meta property=\"og:type\" content=\"article\" \/>\n<meta property=\"og:title\" content=\"Comp\u00e9tition 2015 - FR Schweizer Jugendfilmtage\" \/>\n<meta property=\"og:description\" content=\"Comp\u00e9tition 2015 47 courts-m\u00e9trages ont \u00e9t\u00e9 s\u00e9lectionn\u00e9s parmi 280\u00a0films et vont \u00eatre projet\u00e9 dans les cinq cat\u00e9gories de la comp\u00e9tition officielle de la\" \/>\n<meta property=\"og:url\" content=\"https:\/\/jugendfilmtage.ch\/fr\/archives\/festival-2015\/programme-de-la-competition\/\" \/>\n<meta property=\"og:site_name\" content=\"FR Schweizer Jugendfilmtage\" \/>\n<meta property=\"article:publisher\" content=\"https:\/\/www.facebook.com\/Jugendfilmtage\" \/>\n<meta property=\"article:modified_time\" content=\"2024-02-06T14:26:04+00:00\" \/>\n<meta name=\"twitter:card\" content=\"summary_large_image\" \/>\n<meta name=\"twitter:site\" content=\"@jugendfilmtage\" \/>\n<meta name=\"twitter:label1\" content=\"Dur\u00e9e de lecture estim\u00e9e\" \/>\n\t<meta name=\"twitter:data1\" content=\"2 minutes\" \/>\n<script type=\"application\/ld+json\" class=\"yoast-schema-graph\">{\"@context\":\"https:\\\/\\\/schema.org\",\"@graph\":[{\"@type\":\"WebPage\",\"@id\":\"https:\\\/\\\/jugendfilmtage.ch\\\/fr\\\/archives\\\/festival-2015\\\/programme-de-la-competition\\\/\",\"url\":\"https:\\\/\\\/jugendfilmtage.ch\\\/fr\\\/archives\\\/festival-2015\\\/programme-de-la-competition\\\/\",\"name\":\"Comp\u00e9tition 2015 - FR Schweizer Jugendfilmtage\",\"isPartOf\":{\"@id\":\"https:\\\/\\\/jugendfilmtage.ch\\\/fr\\\/#website\"},\"datePublished\":\"2015-03-03T07:57:27+00:00\",\"dateModified\":\"2024-02-06T14:26:04+00:00\",\"description\":\"Comp\u00e9tition 2015 47 courts-m\u00e9trages ont \u00e9t\u00e9 s\u00e9lectionn\u00e9s parmi 280\u00a0films et vont \u00eatre projet\u00e9 dans les cinq cat\u00e9gories de la comp\u00e9tition officielle de la\",\"breadcrumb\":{\"@id\":\"https:\\\/\\\/jugendfilmtage.ch\\\/fr\\\/archives\\\/festival-2015\\\/programme-de-la-competition\\\/#breadcrumb\"},\"inLanguage\":\"fr-FR\",\"potentialAction\":[{\"@type\":\"ReadAction\",\"target\":[\"https:\\\/\\\/jugendfilmtage.ch\\\/fr\\\/archives\\\/festival-2015\\\/programme-de-la-competition\\\/\"]}]},{\"@type\":\"BreadcrumbList\",\"@id\":\"https:\\\/\\\/jugendfilmtage.ch\\\/fr\\\/archives\\\/festival-2015\\\/programme-de-la-competition\\\/#breadcrumb\",\"itemListElement\":[{\"@type\":\"ListItem\",\"position\":1,\"name\":\"Archive\",\"item\":\"https:\\\/\\\/jugendfilmtage.ch\\\/fr\\\/archives\\\/\"},{\"@type\":\"ListItem\",\"position\":2,\"name\":\"Festival 2015\",\"item\":\"https:\\\/\\\/jugendfilmtage.ch\\\/fr\\\/archives\\\/festival-2015\\\/\"},{\"@type\":\"ListItem\",\"position\":3,\"name\":\"Comp\u00e9tition 2015\"}]},{\"@type\":\"WebSite\",\"@id\":\"https:\\\/\\\/jugendfilmtage.ch\\\/fr\\\/#website\",\"url\":\"https:\\\/\\\/jugendfilmtage.ch\\\/fr\\\/\",\"name\":\"FR Schweizer Jugendfilmtage\",\"description\":\"FR Festival Cin\u00e9 Jeunesse Suisse\",\"potentialAction\":[{\"@type\":\"SearchAction\",\"target\":{\"@type\":\"EntryPoint\",\"urlTemplate\":\"https:\\\/\\\/jugendfilmtage.ch\\\/fr\\\/?s={search_term_string}\"},\"query-input\":{\"@type\":\"PropertyValueSpecification\",\"valueRequired\":true,\"valueName\":\"search_term_string\"}}],\"inLanguage\":\"fr-FR\"}]}<\/script>\n<!-- \/ Yoast SEO plugin. -->","yoast_head_json":{"title":"Comp\u00e9tition 2015 - FR Schweizer Jugendfilmtage","description":"Comp\u00e9tition 2015 47 courts-m\u00e9trages ont \u00e9t\u00e9 s\u00e9lectionn\u00e9s parmi 280\u00a0films et vont \u00eatre projet\u00e9 dans les cinq cat\u00e9gories de la comp\u00e9tition officielle de la","robots":{"index":"index","follow":"follow","max-snippet":"max-snippet:-1","max-image-preview":"max-image-preview:large","max-video-preview":"max-video-preview:-1"},"canonical":"https:\/\/jugendfilmtage.ch\/fr\/archives\/festival-2015\/programme-de-la-competition\/","og_locale":"fr_FR","og_type":"article","og_title":"Comp\u00e9tition 2015 - FR Schweizer Jugendfilmtage","og_description":"Comp\u00e9tition 2015 47 courts-m\u00e9trages ont \u00e9t\u00e9 s\u00e9lectionn\u00e9s parmi 280\u00a0films et vont \u00eatre projet\u00e9 dans les cinq cat\u00e9gories de la comp\u00e9tition officielle de la","og_url":"https:\/\/jugendfilmtage.ch\/fr\/archives\/festival-2015\/programme-de-la-competition\/","og_site_name":"FR Schweizer Jugendfilmtage","article_publisher":"https:\/\/www.facebook.com\/Jugendfilmtage","article_modified_time":"2024-02-06T14:26:04+00:00","twitter_card":"summary_large_image","twitter_site":"@jugendfilmtage","twitter_misc":{"Dur\u00e9e de lecture estim\u00e9e":"2 minutes"},"schema":{"@context":"https:\/\/schema.org","@graph":[{"@type":"WebPage","@id":"https:\/\/jugendfilmtage.ch\/fr\/archives\/festival-2015\/programme-de-la-competition\/","url":"https:\/\/jugendfilmtage.ch\/fr\/archives\/festival-2015\/programme-de-la-competition\/","name":"Comp\u00e9tition 2015 - FR Schweizer Jugendfilmtage","isPartOf":{"@id":"https:\/\/jugendfilmtage.ch\/fr\/#website"},"datePublished":"2015-03-03T07:57:27+00:00","dateModified":"2024-02-06T14:26:04+00:00","description":"Comp\u00e9tition 2015 47 courts-m\u00e9trages ont \u00e9t\u00e9 s\u00e9lectionn\u00e9s parmi 280\u00a0films et vont \u00eatre projet\u00e9 dans les cinq cat\u00e9gories de la comp\u00e9tition officielle de la","breadcrumb":{"@id":"https:\/\/jugendfilmtage.ch\/fr\/archives\/festival-2015\/programme-de-la-competition\/#breadcrumb"},"inLanguage":"fr-FR","potentialAction":[{"@type":"ReadAction","target":["https:\/\/jugendfilmtage.ch\/fr\/archives\/festival-2015\/programme-de-la-competition\/"]}]},{"@type":"BreadcrumbList","@id":"https:\/\/jugendfilmtage.ch\/fr\/archives\/festival-2015\/programme-de-la-competition\/#breadcrumb","itemListElement":[{"@type":"ListItem","position":1,"name":"Archive","item":"https:\/\/jugendfilmtage.ch\/fr\/archives\/"},{"@type":"ListItem","position":2,"name":"Festival 2015","item":"https:\/\/jugendfilmtage.ch\/fr\/archives\/festival-2015\/"},{"@type":"ListItem","position":3,"name":"Comp\u00e9tition 2015"}]},{"@type":"WebSite","@id":"https:\/\/jugendfilmtage.ch\/fr\/#website","url":"https:\/\/jugendfilmtage.ch\/fr\/","name":"FR Schweizer Jugendfilmtage","description":"FR Festival Cin\u00e9 Jeunesse Suisse","potentialAction":[{"@type":"SearchAction","target":{"@type":"EntryPoint","urlTemplate":"https:\/\/jugendfilmtage.ch\/fr\/?s={search_term_string}"},"query-input":{"@type":"PropertyValueSpecification","valueRequired":true,"valueName":"search_term_string"}}],"inLanguage":"fr-FR"}]}},"_links":{"self":[{"href":"https:\/\/jugendfilmtage.ch\/fr\/wp-json\/wp\/v2\/pages\/3037","targetHints":{"allow":["GET"]}}],"collection":[{"href":"https:\/\/jugendfilmtage.ch\/fr\/wp-json\/wp\/v2\/pages"}],"about":[{"href":"https:\/\/jugendfilmtage.ch\/fr\/wp-json\/wp\/v2\/types\/page"}],"author":[{"embeddable":true,"href":"https:\/\/jugendfilmtage.ch\/fr\/wp-json\/wp\/v2\/users\/3"}],"replies":[{"embeddable":true,"href":"https:\/\/jugendfilmtage.ch\/fr\/wp-json\/wp\/v2\/comments?post=3037"}],"version-history":[{"count":11,"href":"https:\/\/jugendfilmtage.ch\/fr\/wp-json\/wp\/v2\/pages\/3037\/revisions"}],"predecessor-version":[{"id":23948,"href":"https:\/\/jugendfilmtage.ch\/fr\/wp-json\/wp\/v2\/pages\/3037\/revisions\/23948"}],"up":[{"embeddable":true,"href":"https:\/\/jugendfilmtage.ch\/fr\/wp-json\/wp\/v2\/pages\/22414"}],"wp:attachment":[{"href":"https:\/\/jugendfilmtage.ch\/fr\/wp-json\/wp\/v2\/media?parent=3037"}],"curies":[{"name":"wp","href":"https:\/\/api.w.org\/{rel}","templated":true}]}}