{"id":28224,"date":"2024-11-27T16:56:10","date_gmt":"2024-11-27T15:56:10","guid":{"rendered":"https:\/\/jugendfilmtage.ch\/?page_id=28224"},"modified":"2026-04-15T11:28:53","modified_gmt":"2026-04-15T09:28:53","slug":"meet-ups","status":"publish","type":"page","link":"https:\/\/jugendfilmtage.ch\/fr\/meet-ups\/","title":{"rendered":"Meet-Ups"},"content":{"rendered":"\n<figure class=\"wp-block-image alignfull size-full\"><img decoding=\"async\" src=\"https:\/\/jugendfilmtage.ch\/wp-content\/uploads\/2024\/06\/Screenshot-2024-06-03-at-17.29.08.png\" alt=\"\u00ab Clap ! Clap ! \u00bb Meet-Ups\" class=\"wp-image-25687\"\/><\/figure>\n\n\n\n<h1 class=\"wp-block-heading\">\u00ab Clap ! Clap ! \u00bb Meet-Ups<\/h1>\n\n\n\n<p>Au cours de l&rsquo;ann\u00e9e, nous organisons ce que nous appelons des <strong>\u00ab Clap ! Clap ! \u00bb Meet-Ups<\/strong>. <\/p>\n\n\n\n<p>Ces \u00e9v\u00e9nements vous permettent de visiter des festivals, des \u00e9coles de cin\u00e9ma ou d&rsquo;autres offres sp\u00e9cifiques au cin\u00e9ma, et d&rsquo;\u00e9changer avec des personnes partageant les m\u00eames centres d&rsquo;int\u00e9r\u00eat que vous.<\/p>\n\n\n\n<p>Les Meet-Ups ont lieu dans toute la Suisse. Pour conna\u00eetre les dates du prochain \u00e9v\u00e9nement, consultez cette page, la <a href=\"https:\/\/jugendfilmtage.ch\/uber-uns\/newsletter\/\">newsletter<\/a> et <a href=\"https:\/\/www.instagram.com\/jugendfilmtage\/\">Instagram.<\/a><\/p>\n\n\n\n<details class=\"wp-block-details is-layout-flow wp-block-details-is-layout-flow\"><summary>Meet-Ups 2026<\/summary>\n<ul class=\"wp-block-list\">\n<li>02 Mai : Meet-Up + programme de film @ Pink Apple (Z\u00fcrich)<\/li>\n<\/ul>\n<\/details>\n\n\n\n<details class=\"wp-block-details is-layout-flow wp-block-details-is-layout-flow\"><summary>Meet-Ups 2025<\/summary>\n<ul class=\"wp-block-list\">\n<li>08 Novembre : Meet-Up + Masterclass + programme de film @Zuger Filmtage (Zug)<\/li>\n\n\n\n<li>09 Ao\u00fbt : Meet-Up + programme de film @ Locarno Film Festival (Ticino)<\/li>\n<\/ul>\n<\/details>\n\n\n\n<details class=\"wp-block-details is-layout-flow wp-block-details-is-layout-flow\"><summary>Meet-Ups 2024<\/summary>\n<ul class=\"wp-block-list\">\n<li>08 Novembre :&nbsp;Meet-Up + programme de film @ Internationalen Kurzfilmtage Winterthur (Z\u00fcrich)<\/li>\n\n\n\n<li>26 Septembre :&nbsp;Meet-Up + BVisite de la Haute \u00e9cole des arts de Zurich (Z\u00fcrich)<\/li>\n\n\n\n<li>27 Ao\u00fbt : Meet-Up + programme de film @ G\u00e4ssli Film Festival (Basel)<\/li>\n\n\n\n<li>10 Ao\u00fbt : Meet-Up + programme de film @ Locarno Film Festival (Ticino)<\/li>\n<\/ul>\n<\/details>\n\n\n\n<details class=\"wp-block-details is-layout-flow wp-block-details-is-layout-flow\"><summary>Meet-Ups 2023<\/summary>\n<ul class=\"wp-block-list\">\n<li>08 Novembre : Meet Up + programme de film  @ Internationalen Kurzfilmtage Winterthur (Z\u00fcrich)<\/li>\n\n\n\n<li>02 Octobre: Meet Up + programme de film  @ Z\u00fcrich Film Festival (Z\u00fcrich)<\/li>\n\n\n\n<li>01 Septembre : Meet Up + programme de film  @ G\u00e4ssli Film Festival (Basel)<\/li>\n\n\n\n<li>05 Ao\u00fbt : Meet Up + programme de film  @ Locarno Film Festival (Ticino)<\/li>\n\n\n\n<li>21 Janvier : Meet Up + programme de film  @ Solothurner Filmtage (Solothurn)<\/li>\n<\/ul>\n<\/details>\n\n\n\n<details class=\"wp-block-details is-layout-flow wp-block-details-is-layout-flow\"><summary>Meet-Ups 2022<\/summary>\n<ul class=\"wp-block-list\">\n<li>09 Novembre : Meet Up + programme de film@ Internationalen Kurzfilmtage Winterthur (Z\u00fcrich)<\/li>\n\n\n\n<li>28 Octobre : Meet Up + programme de film@ Filmhaus Basel (Basel)<\/li>\n<\/ul>\n<\/details>\n\n\n\n<details class=\"wp-block-details is-layout-flow wp-block-details-is-layout-flow\"><summary>Meet-Ups 2021<\/summary>\n<ul class=\"wp-block-list\">\n<li>06 Novembre : Meet Up + programme de film @ Zuger Filmtagen (Zug)<\/li>\n\n\n\n<li>28 Ao\u00fbt : Meet Up + programme de film @ G\u00e4ssli Film Festival (Basel)<\/li>\n<\/ul>\n<\/details>\n\n\n\n<p><\/p>\n","protected":false},"excerpt":{"rendered":"<p>\u00ab Clap ! Clap ! \u00bb Meet-Ups Au cours de l&rsquo;ann\u00e9e, nous organisons ce que nous appelons des \u00ab Clap ! Clap ! \u00bb Meet-Ups. Ces \u00e9v\u00e9nements vous permettent de visiter des festivals, des \u00e9coles de cin\u00e9ma ou d&rsquo;autres offres sp\u00e9cifiques au cin\u00e9ma, et d&rsquo;\u00e9changer avec des personnes partageant les m\u00eames centres d&rsquo;int\u00e9r\u00eat que vous. [&hellip;]<\/p>\n","protected":false},"author":14,"featured_media":0,"parent":0,"menu_order":10,"comment_status":"closed","ping_status":"closed","template":"","meta":{"_acf_changed":false,"footnotes":""},"class_list":["post-28224","page","type-page","status-publish","hentry"],"acf":[],"yoast_head":"<!-- This site is optimized with the Yoast SEO plugin v27.4 - https:\/\/yoast.com\/product\/yoast-seo-wordpress\/ -->\n<title>Meet-Ups - FR Schweizer Jugendfilmtage<\/title>\n<meta name=\"description\" content=\"\u00ab Clap ! Clap ! \u00bb Meet-Ups Au cours de l&#039;ann\u00e9e, nous organisons ce que nous appelons des \u00ab Clap ! Clap ! \u00bb Meet-Ups. Ces \u00e9v\u00e9nements vous permettent de\" \/>\n<meta name=\"robots\" content=\"index, follow, max-snippet:-1, max-image-preview:large, max-video-preview:-1\" \/>\n<link rel=\"canonical\" href=\"https:\/\/jugendfilmtage.ch\/fr\/meet-ups\/\" \/>\n<meta property=\"og:locale\" content=\"fr_FR\" \/>\n<meta property=\"og:type\" content=\"article\" \/>\n<meta property=\"og:title\" content=\"Meet-Ups - FR Schweizer Jugendfilmtage\" \/>\n<meta property=\"og:description\" content=\"\u00ab Clap ! Clap ! \u00bb Meet-Ups Au cours de l&#039;ann\u00e9e, nous organisons ce que nous appelons des \u00ab Clap ! Clap ! \u00bb Meet-Ups. Ces \u00e9v\u00e9nements vous permettent de\" \/>\n<meta property=\"og:url\" content=\"https:\/\/jugendfilmtage.ch\/fr\/meet-ups\/\" \/>\n<meta property=\"og:site_name\" content=\"FR Schweizer Jugendfilmtage\" \/>\n<meta property=\"article:publisher\" content=\"https:\/\/www.facebook.com\/Jugendfilmtage\" \/>\n<meta property=\"article:modified_time\" content=\"2026-04-15T09:28:53+00:00\" \/>\n<meta name=\"twitter:card\" content=\"summary_large_image\" \/>\n<meta name=\"twitter:site\" content=\"@jugendfilmtage\" \/>\n<meta name=\"twitter:label1\" content=\"Dur\u00e9e de lecture estim\u00e9e\" \/>\n\t<meta name=\"twitter:data1\" content=\"2 minutes\" \/>\n<script type=\"application\/ld+json\" class=\"yoast-schema-graph\">{\"@context\":\"https:\\\/\\\/schema.org\",\"@graph\":[{\"@type\":\"WebPage\",\"@id\":\"https:\\\/\\\/jugendfilmtage.ch\\\/fr\\\/meet-ups\\\/\",\"url\":\"https:\\\/\\\/jugendfilmtage.ch\\\/fr\\\/meet-ups\\\/\",\"name\":\"Meet-Ups - FR Schweizer Jugendfilmtage\",\"isPartOf\":{\"@id\":\"https:\\\/\\\/jugendfilmtage.ch\\\/fr\\\/#website\"},\"primaryImageOfPage\":{\"@id\":\"https:\\\/\\\/jugendfilmtage.ch\\\/fr\\\/meet-ups\\\/#primaryimage\"},\"image\":{\"@id\":\"https:\\\/\\\/jugendfilmtage.ch\\\/fr\\\/meet-ups\\\/#primaryimage\"},\"thumbnailUrl\":\"https:\\\/\\\/jugendfilmtage.ch\\\/wp-content\\\/uploads\\\/2024\\\/06\\\/Screenshot-2024-06-03-at-17.29.08.png\",\"datePublished\":\"2024-11-27T15:56:10+00:00\",\"dateModified\":\"2026-04-15T09:28:53+00:00\",\"description\":\"\u00ab Clap ! Clap ! \u00bb Meet-Ups Au cours de l'ann\u00e9e, nous organisons ce que nous appelons des \u00ab Clap ! Clap ! \u00bb Meet-Ups. Ces \u00e9v\u00e9nements vous permettent de\",\"inLanguage\":\"fr-FR\",\"potentialAction\":[{\"@type\":\"ReadAction\",\"target\":[\"https:\\\/\\\/jugendfilmtage.ch\\\/fr\\\/meet-ups\\\/\"]}]},{\"@type\":\"ImageObject\",\"inLanguage\":\"fr-FR\",\"@id\":\"https:\\\/\\\/jugendfilmtage.ch\\\/fr\\\/meet-ups\\\/#primaryimage\",\"url\":\"https:\\\/\\\/jugendfilmtage.ch\\\/wp-content\\\/uploads\\\/2024\\\/06\\\/Screenshot-2024-06-03-at-17.29.08.png\",\"contentUrl\":\"https:\\\/\\\/jugendfilmtage.ch\\\/wp-content\\\/uploads\\\/2024\\\/06\\\/Screenshot-2024-06-03-at-17.29.08.png\"},{\"@type\":\"WebSite\",\"@id\":\"https:\\\/\\\/jugendfilmtage.ch\\\/fr\\\/#website\",\"url\":\"https:\\\/\\\/jugendfilmtage.ch\\\/fr\\\/\",\"name\":\"FR Schweizer Jugendfilmtage\",\"description\":\"FR Festival Cin\u00e9 Jeunesse Suisse\",\"potentialAction\":[{\"@type\":\"SearchAction\",\"target\":{\"@type\":\"EntryPoint\",\"urlTemplate\":\"https:\\\/\\\/jugendfilmtage.ch\\\/fr\\\/?s={search_term_string}\"},\"query-input\":{\"@type\":\"PropertyValueSpecification\",\"valueRequired\":true,\"valueName\":\"search_term_string\"}}],\"inLanguage\":\"fr-FR\"}]}<\/script>\n<!-- \/ Yoast SEO plugin. -->","yoast_head_json":{"title":"Meet-Ups - FR Schweizer Jugendfilmtage","description":"\u00ab Clap ! Clap ! \u00bb Meet-Ups Au cours de l'ann\u00e9e, nous organisons ce que nous appelons des \u00ab Clap ! Clap ! \u00bb Meet-Ups. Ces \u00e9v\u00e9nements vous permettent de","robots":{"index":"index","follow":"follow","max-snippet":"max-snippet:-1","max-image-preview":"max-image-preview:large","max-video-preview":"max-video-preview:-1"},"canonical":"https:\/\/jugendfilmtage.ch\/fr\/meet-ups\/","og_locale":"fr_FR","og_type":"article","og_title":"Meet-Ups - FR Schweizer Jugendfilmtage","og_description":"\u00ab Clap ! Clap ! \u00bb Meet-Ups Au cours de l'ann\u00e9e, nous organisons ce que nous appelons des \u00ab Clap ! Clap ! \u00bb Meet-Ups. Ces \u00e9v\u00e9nements vous permettent de","og_url":"https:\/\/jugendfilmtage.ch\/fr\/meet-ups\/","og_site_name":"FR Schweizer Jugendfilmtage","article_publisher":"https:\/\/www.facebook.com\/Jugendfilmtage","article_modified_time":"2026-04-15T09:28:53+00:00","twitter_card":"summary_large_image","twitter_site":"@jugendfilmtage","twitter_misc":{"Dur\u00e9e de lecture estim\u00e9e":"2 minutes"},"schema":{"@context":"https:\/\/schema.org","@graph":[{"@type":"WebPage","@id":"https:\/\/jugendfilmtage.ch\/fr\/meet-ups\/","url":"https:\/\/jugendfilmtage.ch\/fr\/meet-ups\/","name":"Meet-Ups - FR Schweizer Jugendfilmtage","isPartOf":{"@id":"https:\/\/jugendfilmtage.ch\/fr\/#website"},"primaryImageOfPage":{"@id":"https:\/\/jugendfilmtage.ch\/fr\/meet-ups\/#primaryimage"},"image":{"@id":"https:\/\/jugendfilmtage.ch\/fr\/meet-ups\/#primaryimage"},"thumbnailUrl":"https:\/\/jugendfilmtage.ch\/wp-content\/uploads\/2024\/06\/Screenshot-2024-06-03-at-17.29.08.png","datePublished":"2024-11-27T15:56:10+00:00","dateModified":"2026-04-15T09:28:53+00:00","description":"\u00ab Clap ! Clap ! \u00bb Meet-Ups Au cours de l'ann\u00e9e, nous organisons ce que nous appelons des \u00ab Clap ! Clap ! \u00bb Meet-Ups. Ces \u00e9v\u00e9nements vous permettent de","inLanguage":"fr-FR","potentialAction":[{"@type":"ReadAction","target":["https:\/\/jugendfilmtage.ch\/fr\/meet-ups\/"]}]},{"@type":"ImageObject","inLanguage":"fr-FR","@id":"https:\/\/jugendfilmtage.ch\/fr\/meet-ups\/#primaryimage","url":"https:\/\/jugendfilmtage.ch\/wp-content\/uploads\/2024\/06\/Screenshot-2024-06-03-at-17.29.08.png","contentUrl":"https:\/\/jugendfilmtage.ch\/wp-content\/uploads\/2024\/06\/Screenshot-2024-06-03-at-17.29.08.png"},{"@type":"WebSite","@id":"https:\/\/jugendfilmtage.ch\/fr\/#website","url":"https:\/\/jugendfilmtage.ch\/fr\/","name":"FR Schweizer Jugendfilmtage","description":"FR Festival Cin\u00e9 Jeunesse Suisse","potentialAction":[{"@type":"SearchAction","target":{"@type":"EntryPoint","urlTemplate":"https:\/\/jugendfilmtage.ch\/fr\/?s={search_term_string}"},"query-input":{"@type":"PropertyValueSpecification","valueRequired":true,"valueName":"search_term_string"}}],"inLanguage":"fr-FR"}]}},"_links":{"self":[{"href":"https:\/\/jugendfilmtage.ch\/fr\/wp-json\/wp\/v2\/pages\/28224","targetHints":{"allow":["GET"]}}],"collection":[{"href":"https:\/\/jugendfilmtage.ch\/fr\/wp-json\/wp\/v2\/pages"}],"about":[{"href":"https:\/\/jugendfilmtage.ch\/fr\/wp-json\/wp\/v2\/types\/page"}],"author":[{"embeddable":true,"href":"https:\/\/jugendfilmtage.ch\/fr\/wp-json\/wp\/v2\/users\/14"}],"replies":[{"embeddable":true,"href":"https:\/\/jugendfilmtage.ch\/fr\/wp-json\/wp\/v2\/comments?post=28224"}],"version-history":[{"count":8,"href":"https:\/\/jugendfilmtage.ch\/fr\/wp-json\/wp\/v2\/pages\/28224\/revisions"}],"predecessor-version":[{"id":75080,"href":"https:\/\/jugendfilmtage.ch\/fr\/wp-json\/wp\/v2\/pages\/28224\/revisions\/75080"}],"wp:attachment":[{"href":"https:\/\/jugendfilmtage.ch\/fr\/wp-json\/wp\/v2\/media?parent=28224"}],"curies":[{"name":"wp","href":"https:\/\/api.w.org\/{rel}","templated":true}]}}