{"id":2749,"date":"2014-07-28T12:54:07","date_gmt":"2014-07-28T12:54:07","guid":{"rendered":"https:\/\/2024.jugendfilmtage.ch\/?page_id=2749"},"modified":"2024-02-06T11:27:36","modified_gmt":"2024-02-06T10:27:36","slug":"concours-2016","status":"publish","type":"page","link":"https:\/\/jugendfilmtage.ch\/fr\/archives\/festival-2016\/concours-2016\/","title":{"rendered":"Concours 2016"},"content":{"rendered":"<h1>Concours 2016<\/h1>\n<h3>Ca\u00adt\u00e9\u00adgo\u00adrie A \u2013 Jeunes jusqu&rsquo;\u00e0 16 ans<\/h3>\n<p>Productions de jeunes jusqu\u2019\u00e0 16 ans, r\u00e9alis\u00e9s par des jeunes de mani\u00e8re ind\u00e9pendante ou avec le soutien d\u2019adultes (initiatives cin\u00e9matographiques, centres d\u2019animation, \u00e9coles).<\/p>\n<h3>Ca\u00adt\u00e9\u00adgo\u00adrie B \u2013 Productions par le th\u00e8me \u00ab2056 \u2013 un regard vers l&rsquo;avenir\u00bb, jusqu&rsquo;\u00e0 19 ans<\/h3>\n<p>Productions de jeunes jusqu\u2019\u00e0 19 ans inspir\u00e9es par le th\u00e8me\u00a0\u00ab2056 \u2013 un regard vers l&rsquo;avenir\u00bb, r\u00e9alis\u00e9es par des jeunes de mani\u00e8re ind\u00e9pendante ou avec le soutien d\u2019adultes (initiatives cin\u00e9matographiques, centres d\u2019animation, \u00e9coles), ou dans le cadre de l\u2019atelier de cin\u00e9ma.<\/p>\n<h3>Ca\u00adt\u00e9\u00adgo\u00adrie C \u2013 Jeunes jusqu&rsquo;\u00e0 19 ans<\/h3>\n<p class=\"p--small\">Productions de jeunes jusqu\u2019\u00e0 19 ans, r\u00e9alis\u00e9es par des jeunes de mani\u00e8re ind\u00e9pendante ou avec le soutien d\u2019adultes (initiatives cin\u00e9matographiques, centres d\u2019animation, \u00e9coles).<\/p>\n<h3>Ca\u00adt\u00e9\u00adgo\u00adrie D \u2013 Jeunes jusqu&rsquo;\u00e0 25 ans<\/h3>\n<p>Productions de jeunes jusqu\u2019\u00e0 25 ans, r\u00e9alis\u00e9es de mani\u00e8re ind\u00e9pendante en dehors du cadre scolaire ou de formation.<\/p>\n<h3>Ca\u00adt\u00e9\u00adgo\u00adrie E \u2013 Etudiant(e)s en cin\u00e9ma,\u00a0jusqu&rsquo;\u00e0 30 ans<\/h3>\n<p>Productions de jeunes jusqu\u2019\u00e0 30 ans qui fr\u00e9quentent une \u00e9cole de cin\u00e9ma ou une haute \u00e9cole sp\u00e9cialis\u00e9e d\u00e9di\u00e9e aux arts. Les films peuvent \u00eatre r\u00e9alis\u00e9s \u00e0 l\u2019\u00e9cole ou durant les loisirs.<\/p>\n<h3>Cat\u00e9gorie #MoMo \u2013 MobileMovies<\/h3>\n<p>Films mobiles de jeunes jusqu&rsquo;\u00e0 25 ans, au maximum 5 minutes.<span style=\"font-size: 13px;\">\u00a0<\/span><\/p>\n","protected":false},"excerpt":{"rendered":"<p>Concours 2016 Ca\u00adt\u00e9\u00adgo\u00adrie A \u2013 Jeunes jusqu&rsquo;\u00e0 16 ans Productions de jeunes jusqu\u2019\u00e0 16 ans, r\u00e9alis\u00e9s par des jeunes de mani\u00e8re ind\u00e9pendante ou avec le soutien d\u2019adultes (initiatives cin\u00e9matographiques, centres d\u2019animation, \u00e9coles). Ca\u00adt\u00e9\u00adgo\u00adrie B \u2013 Productions par le th\u00e8me \u00ab2056 \u2013 un regard vers l&rsquo;avenir\u00bb, jusqu&rsquo;\u00e0 19 ans Productions de jeunes jusqu\u2019\u00e0 19 ans inspir\u00e9es [&hellip;]<\/p>\n","protected":false},"author":3,"featured_media":0,"parent":22412,"menu_order":7,"comment_status":"closed","ping_status":"closed","template":"","meta":{"_acf_changed":false,"footnotes":""},"class_list":["post-2749","page","type-page","status-publish","hentry"],"acf":[],"yoast_head":"<!-- This site is optimized with the Yoast SEO plugin v27.4 - https:\/\/yoast.com\/product\/yoast-seo-wordpress\/ -->\n<title>Concours 2016 - FR Schweizer Jugendfilmtage<\/title>\n<meta name=\"description\" content=\"Concours 2016 Ca\u00adt\u00e9\u00adgo\u00adrie A \u2013 Jeunes jusqu&#039;\u00e0 16 ans Productions de jeunes jusqu\u2019\u00e0 16 ans, r\u00e9alis\u00e9s par des jeunes de mani\u00e8re ind\u00e9pendante ou avec le\" \/>\n<meta name=\"robots\" content=\"index, follow, max-snippet:-1, max-image-preview:large, max-video-preview:-1\" \/>\n<link rel=\"canonical\" href=\"https:\/\/jugendfilmtage.ch\/fr\/archives\/festival-2016\/concours-2016\/\" \/>\n<meta property=\"og:locale\" content=\"fr_FR\" \/>\n<meta property=\"og:type\" content=\"article\" \/>\n<meta property=\"og:title\" content=\"Concours 2016 - FR Schweizer Jugendfilmtage\" \/>\n<meta property=\"og:description\" content=\"Concours 2016 Ca\u00adt\u00e9\u00adgo\u00adrie A \u2013 Jeunes jusqu&#039;\u00e0 16 ans Productions de jeunes jusqu\u2019\u00e0 16 ans, r\u00e9alis\u00e9s par des jeunes de mani\u00e8re ind\u00e9pendante ou avec le\" \/>\n<meta property=\"og:url\" content=\"https:\/\/jugendfilmtage.ch\/fr\/archives\/festival-2016\/concours-2016\/\" \/>\n<meta property=\"og:site_name\" content=\"FR Schweizer Jugendfilmtage\" \/>\n<meta property=\"article:publisher\" content=\"https:\/\/www.facebook.com\/Jugendfilmtage\" \/>\n<meta property=\"article:modified_time\" content=\"2024-02-06T10:27:36+00:00\" \/>\n<meta name=\"twitter:card\" content=\"summary_large_image\" \/>\n<meta name=\"twitter:site\" content=\"@jugendfilmtage\" \/>\n<meta name=\"twitter:label1\" content=\"Dur\u00e9e de lecture estim\u00e9e\" \/>\n\t<meta name=\"twitter:data1\" content=\"2 minutes\" \/>\n<script type=\"application\/ld+json\" class=\"yoast-schema-graph\">{\"@context\":\"https:\\\/\\\/schema.org\",\"@graph\":[{\"@type\":\"WebPage\",\"@id\":\"https:\\\/\\\/jugendfilmtage.ch\\\/fr\\\/archives\\\/festival-2016\\\/concours-2016\\\/\",\"url\":\"https:\\\/\\\/jugendfilmtage.ch\\\/fr\\\/archives\\\/festival-2016\\\/concours-2016\\\/\",\"name\":\"Concours 2016 - FR Schweizer Jugendfilmtage\",\"isPartOf\":{\"@id\":\"https:\\\/\\\/jugendfilmtage.ch\\\/fr\\\/#website\"},\"datePublished\":\"2014-07-28T12:54:07+00:00\",\"dateModified\":\"2024-02-06T10:27:36+00:00\",\"description\":\"Concours 2016 Ca\u00adt\u00e9\u00adgo\u00adrie A \u2013 Jeunes jusqu'\u00e0 16 ans Productions de jeunes jusqu\u2019\u00e0 16 ans, r\u00e9alis\u00e9s par des jeunes de mani\u00e8re ind\u00e9pendante ou avec le\",\"breadcrumb\":{\"@id\":\"https:\\\/\\\/jugendfilmtage.ch\\\/fr\\\/archives\\\/festival-2016\\\/concours-2016\\\/#breadcrumb\"},\"inLanguage\":\"fr-FR\",\"potentialAction\":[{\"@type\":\"ReadAction\",\"target\":[\"https:\\\/\\\/jugendfilmtage.ch\\\/fr\\\/archives\\\/festival-2016\\\/concours-2016\\\/\"]}]},{\"@type\":\"BreadcrumbList\",\"@id\":\"https:\\\/\\\/jugendfilmtage.ch\\\/fr\\\/archives\\\/festival-2016\\\/concours-2016\\\/#breadcrumb\",\"itemListElement\":[{\"@type\":\"ListItem\",\"position\":1,\"name\":\"Archive\",\"item\":\"https:\\\/\\\/jugendfilmtage.ch\\\/fr\\\/archives\\\/\"},{\"@type\":\"ListItem\",\"position\":2,\"name\":\"Festival 2016\",\"item\":\"https:\\\/\\\/jugendfilmtage.ch\\\/fr\\\/?page_id=22412\"},{\"@type\":\"ListItem\",\"position\":3,\"name\":\"Concours 2016\"}]},{\"@type\":\"WebSite\",\"@id\":\"https:\\\/\\\/jugendfilmtage.ch\\\/fr\\\/#website\",\"url\":\"https:\\\/\\\/jugendfilmtage.ch\\\/fr\\\/\",\"name\":\"FR Schweizer Jugendfilmtage\",\"description\":\"FR Festival Cin\u00e9 Jeunesse Suisse\",\"potentialAction\":[{\"@type\":\"SearchAction\",\"target\":{\"@type\":\"EntryPoint\",\"urlTemplate\":\"https:\\\/\\\/jugendfilmtage.ch\\\/fr\\\/?s={search_term_string}\"},\"query-input\":{\"@type\":\"PropertyValueSpecification\",\"valueRequired\":true,\"valueName\":\"search_term_string\"}}],\"inLanguage\":\"fr-FR\"}]}<\/script>\n<!-- \/ Yoast SEO plugin. -->","yoast_head_json":{"title":"Concours 2016 - FR Schweizer Jugendfilmtage","description":"Concours 2016 Ca\u00adt\u00e9\u00adgo\u00adrie A \u2013 Jeunes jusqu'\u00e0 16 ans Productions de jeunes jusqu\u2019\u00e0 16 ans, r\u00e9alis\u00e9s par des jeunes de mani\u00e8re ind\u00e9pendante ou avec le","robots":{"index":"index","follow":"follow","max-snippet":"max-snippet:-1","max-image-preview":"max-image-preview:large","max-video-preview":"max-video-preview:-1"},"canonical":"https:\/\/jugendfilmtage.ch\/fr\/archives\/festival-2016\/concours-2016\/","og_locale":"fr_FR","og_type":"article","og_title":"Concours 2016 - FR Schweizer Jugendfilmtage","og_description":"Concours 2016 Ca\u00adt\u00e9\u00adgo\u00adrie A \u2013 Jeunes jusqu'\u00e0 16 ans Productions de jeunes jusqu\u2019\u00e0 16 ans, r\u00e9alis\u00e9s par des jeunes de mani\u00e8re ind\u00e9pendante ou avec le","og_url":"https:\/\/jugendfilmtage.ch\/fr\/archives\/festival-2016\/concours-2016\/","og_site_name":"FR Schweizer Jugendfilmtage","article_publisher":"https:\/\/www.facebook.com\/Jugendfilmtage","article_modified_time":"2024-02-06T10:27:36+00:00","twitter_card":"summary_large_image","twitter_site":"@jugendfilmtage","twitter_misc":{"Dur\u00e9e de lecture estim\u00e9e":"2 minutes"},"schema":{"@context":"https:\/\/schema.org","@graph":[{"@type":"WebPage","@id":"https:\/\/jugendfilmtage.ch\/fr\/archives\/festival-2016\/concours-2016\/","url":"https:\/\/jugendfilmtage.ch\/fr\/archives\/festival-2016\/concours-2016\/","name":"Concours 2016 - FR Schweizer Jugendfilmtage","isPartOf":{"@id":"https:\/\/jugendfilmtage.ch\/fr\/#website"},"datePublished":"2014-07-28T12:54:07+00:00","dateModified":"2024-02-06T10:27:36+00:00","description":"Concours 2016 Ca\u00adt\u00e9\u00adgo\u00adrie A \u2013 Jeunes jusqu'\u00e0 16 ans Productions de jeunes jusqu\u2019\u00e0 16 ans, r\u00e9alis\u00e9s par des jeunes de mani\u00e8re ind\u00e9pendante ou avec le","breadcrumb":{"@id":"https:\/\/jugendfilmtage.ch\/fr\/archives\/festival-2016\/concours-2016\/#breadcrumb"},"inLanguage":"fr-FR","potentialAction":[{"@type":"ReadAction","target":["https:\/\/jugendfilmtage.ch\/fr\/archives\/festival-2016\/concours-2016\/"]}]},{"@type":"BreadcrumbList","@id":"https:\/\/jugendfilmtage.ch\/fr\/archives\/festival-2016\/concours-2016\/#breadcrumb","itemListElement":[{"@type":"ListItem","position":1,"name":"Archive","item":"https:\/\/jugendfilmtage.ch\/fr\/archives\/"},{"@type":"ListItem","position":2,"name":"Festival 2016","item":"https:\/\/jugendfilmtage.ch\/fr\/?page_id=22412"},{"@type":"ListItem","position":3,"name":"Concours 2016"}]},{"@type":"WebSite","@id":"https:\/\/jugendfilmtage.ch\/fr\/#website","url":"https:\/\/jugendfilmtage.ch\/fr\/","name":"FR Schweizer Jugendfilmtage","description":"FR Festival Cin\u00e9 Jeunesse Suisse","potentialAction":[{"@type":"SearchAction","target":{"@type":"EntryPoint","urlTemplate":"https:\/\/jugendfilmtage.ch\/fr\/?s={search_term_string}"},"query-input":{"@type":"PropertyValueSpecification","valueRequired":true,"valueName":"search_term_string"}}],"inLanguage":"fr-FR"}]}},"_links":{"self":[{"href":"https:\/\/jugendfilmtage.ch\/fr\/wp-json\/wp\/v2\/pages\/2749","targetHints":{"allow":["GET"]}}],"collection":[{"href":"https:\/\/jugendfilmtage.ch\/fr\/wp-json\/wp\/v2\/pages"}],"about":[{"href":"https:\/\/jugendfilmtage.ch\/fr\/wp-json\/wp\/v2\/types\/page"}],"author":[{"embeddable":true,"href":"https:\/\/jugendfilmtage.ch\/fr\/wp-json\/wp\/v2\/users\/3"}],"replies":[{"embeddable":true,"href":"https:\/\/jugendfilmtage.ch\/fr\/wp-json\/wp\/v2\/comments?post=2749"}],"version-history":[{"count":13,"href":"https:\/\/jugendfilmtage.ch\/fr\/wp-json\/wp\/v2\/pages\/2749\/revisions"}],"predecessor-version":[{"id":23898,"href":"https:\/\/jugendfilmtage.ch\/fr\/wp-json\/wp\/v2\/pages\/2749\/revisions\/23898"}],"up":[{"embeddable":true,"href":"https:\/\/jugendfilmtage.ch\/fr\/wp-json\/wp\/v2\/pages\/22412"}],"wp:attachment":[{"href":"https:\/\/jugendfilmtage.ch\/fr\/wp-json\/wp\/v2\/media?parent=2749"}],"curies":[{"name":"wp","href":"https:\/\/api.w.org\/{rel}","templated":true}]}}