{"id":26654,"date":"2024-08-05T11:20:02","date_gmt":"2024-08-05T09:20:02","guid":{"rendered":"https:\/\/jugendfilmtage.ch\/?page_id=26654"},"modified":"2025-08-05T16:54:01","modified_gmt":"2025-08-05T14:54:01","slug":"ouverture-et-remise-des-prix","status":"publish","type":"page","link":"https:\/\/jugendfilmtage.ch\/fr\/le-festival\/ouverture-et-remise-des-prix\/","title":{"rendered":"Ouverture &amp; Remise des prix"},"content":{"rendered":"<div class=\"wp-block-image\">\n<figure class=\"aligncenter size-full\"><img decoding=\"async\" src=\"https:\/\/jugendfilmtage.ch\/wp-content\/uploads\/2024\/03\/240314_Kat.C_WalterGilgen-0035.jpg\" alt=\"Festival Cin\u00e9 Jeunesse Suisse Ouverture\" class=\"wp-image-25437\"\/><\/figure>\n<\/div>\n\n\n<h1 class=\"wp-block-heading\">Ouverture &amp; Remise des prix<\/h1>\n\n\n\n<p>Tant l&rsquo;ouverture que la remise des prix du Festival Cin\u00e9 Jeunesse Suisse sont gratuites et ouvertes au public.<\/p>\n\n\n\n<h2 class=\"wp-block-heading\">Ouverture<\/h2>\n\n\n\n<p>Le festival s&rsquo;ouvre le mercredi soir, 11 mars 2026 \u00e0 Zurich. <\/p>\n\n\n\n<p>Nous ouvrons la 50e \u00e9dition du Festival Cin\u00e9 Jeunesse Suisse avec des discours concis, de d\u00e9licieux amuse-bouche et beaucoup de bonne humeur.<\/p>\n\n\n\n<p><\/p>\n\n\n\n<h2 class=\"wp-block-heading\">Remise des prix <\/h2>\n\n\n\n<p>La c\u00e9r\u00e9monie de remise des prix a lieu le dernier jour du festival, le dimanche soir, 15 mars 2026 \u00e0 Zurich.<\/p>\n\n\n\n<p>Lors de la remise des prix, les prix 1 \u00e0 3 seront remis par cat\u00e9gorie, ainsi que le prix du public ZKB et le\u00b7la\u00b7s gagnant\u00b7e\u00b7s du concours de pitching \u00abClap! Clap!\u00bb. Le prix du meilleur film d&rsquo;animation &#8211; le Goldene Bergli &#8211; sera \u00e9galement remis par la HSLU et le Prix R\u00f6stigraben sera d\u00e9cern\u00e9 en coop\u00e9ration avec le Festival International du Film de Fribourg.<\/p>\n\n\n\n<p>Tu trouveras plus d&rsquo;informations sur les cat\u00e9gories et les prix sur cette page :<\/p>\n\n\n\n<div class=\"wp-block-buttons is-layout-flex wp-block-buttons-is-layout-flex\">\n<div class=\"wp-block-button is-style-outline is-style-outline--2\"><a class=\"wp-block-button__link wp-element-button\" href=\"https:\/\/jugendfilmtage.ch\/fr\/le-festival\/concours-prix\/\">Comp\u00e9tition &amp; Prix<\/a><\/div>\n<\/div>\n\n\n\n<p>Apr\u00e8s la remise des prix, tous les films qui ont remport\u00e9 le premier prix dans les diff\u00e9rentes cat\u00e9gories seront projet\u00e9s.<\/p>\n\n\n\n<p>Apr\u00e8s l&rsquo;ouverture et la remise des prix, un ap\u00e9ritif sera offert \u00e0 tous les participant\u00b7e\u00b7s.<\/p>\n","protected":false},"excerpt":{"rendered":"<p>Ouverture &amp; Remise des prix Tant l&rsquo;ouverture que la remise des prix du Festival Cin\u00e9 Jeunesse Suisse sont gratuites et ouvertes au public. Ouverture Le festival s&rsquo;ouvre le mercredi soir, 11 mars 2026 \u00e0 Zurich. Nous ouvrons la 50e \u00e9dition du Festival Cin\u00e9 Jeunesse Suisse avec des discours concis, de d\u00e9licieux amuse-bouche et beaucoup de [&hellip;]<\/p>\n","protected":false},"author":14,"featured_media":0,"parent":5801,"menu_order":1,"comment_status":"closed","ping_status":"closed","template":"","meta":{"_acf_changed":false,"footnotes":""},"class_list":["post-26654","page","type-page","status-publish","hentry"],"acf":[],"yoast_head":"<!-- This site is optimized with the Yoast SEO plugin v27.4 - https:\/\/yoast.com\/product\/yoast-seo-wordpress\/ -->\n<title>Ouverture &amp; Remise des prix - FR Schweizer Jugendfilmtage<\/title>\n<meta name=\"description\" content=\"Tant l&#039;ouverture que la remise des prix du Festival Cin\u00e9 Jeunesse Suisse sont gratuites et ouvertes au public.\" \/>\n<meta name=\"robots\" content=\"index, follow, max-snippet:-1, max-image-preview:large, max-video-preview:-1\" \/>\n<link rel=\"canonical\" href=\"https:\/\/jugendfilmtage.ch\/fr\/le-festival\/ouverture-et-remise-des-prix\/\" \/>\n<meta property=\"og:locale\" content=\"fr_FR\" \/>\n<meta property=\"og:type\" content=\"article\" \/>\n<meta property=\"og:title\" content=\"Ouverture &amp; Remise des prix - FR Schweizer Jugendfilmtage\" \/>\n<meta property=\"og:description\" content=\"Tant l&#039;ouverture que la remise des prix du Festival Cin\u00e9 Jeunesse Suisse sont gratuites et ouvertes au public.\" \/>\n<meta property=\"og:url\" content=\"https:\/\/jugendfilmtage.ch\/fr\/le-festival\/ouverture-et-remise-des-prix\/\" \/>\n<meta property=\"og:site_name\" content=\"FR Schweizer Jugendfilmtage\" \/>\n<meta property=\"article:publisher\" content=\"https:\/\/www.facebook.com\/Jugendfilmtage\" \/>\n<meta property=\"article:modified_time\" content=\"2025-08-05T14:54:01+00:00\" \/>\n<meta name=\"twitter:card\" content=\"summary_large_image\" \/>\n<meta name=\"twitter:site\" content=\"@jugendfilmtage\" \/>\n<meta name=\"twitter:label1\" content=\"Dur\u00e9e de lecture estim\u00e9e\" \/>\n\t<meta name=\"twitter:data1\" content=\"2 minutes\" \/>\n<script type=\"application\/ld+json\" class=\"yoast-schema-graph\">{\"@context\":\"https:\\\/\\\/schema.org\",\"@graph\":[{\"@type\":\"WebPage\",\"@id\":\"https:\\\/\\\/jugendfilmtage.ch\\\/fr\\\/le-festival\\\/ouverture-et-remise-des-prix\\\/\",\"url\":\"https:\\\/\\\/jugendfilmtage.ch\\\/fr\\\/le-festival\\\/ouverture-et-remise-des-prix\\\/\",\"name\":\"Ouverture &amp; Remise des prix - FR Schweizer Jugendfilmtage\",\"isPartOf\":{\"@id\":\"https:\\\/\\\/jugendfilmtage.ch\\\/fr\\\/#website\"},\"primaryImageOfPage\":{\"@id\":\"https:\\\/\\\/jugendfilmtage.ch\\\/fr\\\/le-festival\\\/ouverture-et-remise-des-prix\\\/#primaryimage\"},\"image\":{\"@id\":\"https:\\\/\\\/jugendfilmtage.ch\\\/fr\\\/le-festival\\\/ouverture-et-remise-des-prix\\\/#primaryimage\"},\"thumbnailUrl\":\"https:\\\/\\\/jugendfilmtage.ch\\\/wp-content\\\/uploads\\\/2024\\\/03\\\/240314_Kat.C_WalterGilgen-0035.jpg\",\"datePublished\":\"2024-08-05T09:20:02+00:00\",\"dateModified\":\"2025-08-05T14:54:01+00:00\",\"description\":\"Tant l'ouverture que la remise des prix du Festival Cin\u00e9 Jeunesse Suisse sont gratuites et ouvertes au public.\",\"breadcrumb\":{\"@id\":\"https:\\\/\\\/jugendfilmtage.ch\\\/fr\\\/le-festival\\\/ouverture-et-remise-des-prix\\\/#breadcrumb\"},\"inLanguage\":\"fr-FR\",\"potentialAction\":[{\"@type\":\"ReadAction\",\"target\":[\"https:\\\/\\\/jugendfilmtage.ch\\\/fr\\\/le-festival\\\/ouverture-et-remise-des-prix\\\/\"]}]},{\"@type\":\"ImageObject\",\"inLanguage\":\"fr-FR\",\"@id\":\"https:\\\/\\\/jugendfilmtage.ch\\\/fr\\\/le-festival\\\/ouverture-et-remise-des-prix\\\/#primaryimage\",\"url\":\"https:\\\/\\\/jugendfilmtage.ch\\\/wp-content\\\/uploads\\\/2024\\\/03\\\/240314_Kat.C_WalterGilgen-0035.jpg\",\"contentUrl\":\"https:\\\/\\\/jugendfilmtage.ch\\\/wp-content\\\/uploads\\\/2024\\\/03\\\/240314_Kat.C_WalterGilgen-0035.jpg\"},{\"@type\":\"BreadcrumbList\",\"@id\":\"https:\\\/\\\/jugendfilmtage.ch\\\/fr\\\/le-festival\\\/ouverture-et-remise-des-prix\\\/#breadcrumb\",\"itemListElement\":[{\"@type\":\"ListItem\",\"position\":1,\"name\":\"Le Festival\",\"item\":\"https:\\\/\\\/jugendfilmtage.ch\\\/fr\\\/le-festival\\\/\"},{\"@type\":\"ListItem\",\"position\":2,\"name\":\"Ouverture &amp; Remise des prix\"}]},{\"@type\":\"WebSite\",\"@id\":\"https:\\\/\\\/jugendfilmtage.ch\\\/fr\\\/#website\",\"url\":\"https:\\\/\\\/jugendfilmtage.ch\\\/fr\\\/\",\"name\":\"FR Schweizer Jugendfilmtage\",\"description\":\"FR Festival Cin\u00e9 Jeunesse Suisse\",\"potentialAction\":[{\"@type\":\"SearchAction\",\"target\":{\"@type\":\"EntryPoint\",\"urlTemplate\":\"https:\\\/\\\/jugendfilmtage.ch\\\/fr\\\/?s={search_term_string}\"},\"query-input\":{\"@type\":\"PropertyValueSpecification\",\"valueRequired\":true,\"valueName\":\"search_term_string\"}}],\"inLanguage\":\"fr-FR\"}]}<\/script>\n<!-- \/ Yoast SEO plugin. -->","yoast_head_json":{"title":"Ouverture &amp; Remise des prix - FR Schweizer Jugendfilmtage","description":"Tant l'ouverture que la remise des prix du Festival Cin\u00e9 Jeunesse Suisse sont gratuites et ouvertes au public.","robots":{"index":"index","follow":"follow","max-snippet":"max-snippet:-1","max-image-preview":"max-image-preview:large","max-video-preview":"max-video-preview:-1"},"canonical":"https:\/\/jugendfilmtage.ch\/fr\/le-festival\/ouverture-et-remise-des-prix\/","og_locale":"fr_FR","og_type":"article","og_title":"Ouverture &amp; Remise des prix - FR Schweizer Jugendfilmtage","og_description":"Tant l'ouverture que la remise des prix du Festival Cin\u00e9 Jeunesse Suisse sont gratuites et ouvertes au public.","og_url":"https:\/\/jugendfilmtage.ch\/fr\/le-festival\/ouverture-et-remise-des-prix\/","og_site_name":"FR Schweizer Jugendfilmtage","article_publisher":"https:\/\/www.facebook.com\/Jugendfilmtage","article_modified_time":"2025-08-05T14:54:01+00:00","twitter_card":"summary_large_image","twitter_site":"@jugendfilmtage","twitter_misc":{"Dur\u00e9e de lecture estim\u00e9e":"2 minutes"},"schema":{"@context":"https:\/\/schema.org","@graph":[{"@type":"WebPage","@id":"https:\/\/jugendfilmtage.ch\/fr\/le-festival\/ouverture-et-remise-des-prix\/","url":"https:\/\/jugendfilmtage.ch\/fr\/le-festival\/ouverture-et-remise-des-prix\/","name":"Ouverture &amp; Remise des prix - FR Schweizer Jugendfilmtage","isPartOf":{"@id":"https:\/\/jugendfilmtage.ch\/fr\/#website"},"primaryImageOfPage":{"@id":"https:\/\/jugendfilmtage.ch\/fr\/le-festival\/ouverture-et-remise-des-prix\/#primaryimage"},"image":{"@id":"https:\/\/jugendfilmtage.ch\/fr\/le-festival\/ouverture-et-remise-des-prix\/#primaryimage"},"thumbnailUrl":"https:\/\/jugendfilmtage.ch\/wp-content\/uploads\/2024\/03\/240314_Kat.C_WalterGilgen-0035.jpg","datePublished":"2024-08-05T09:20:02+00:00","dateModified":"2025-08-05T14:54:01+00:00","description":"Tant l'ouverture que la remise des prix du Festival Cin\u00e9 Jeunesse Suisse sont gratuites et ouvertes au public.","breadcrumb":{"@id":"https:\/\/jugendfilmtage.ch\/fr\/le-festival\/ouverture-et-remise-des-prix\/#breadcrumb"},"inLanguage":"fr-FR","potentialAction":[{"@type":"ReadAction","target":["https:\/\/jugendfilmtage.ch\/fr\/le-festival\/ouverture-et-remise-des-prix\/"]}]},{"@type":"ImageObject","inLanguage":"fr-FR","@id":"https:\/\/jugendfilmtage.ch\/fr\/le-festival\/ouverture-et-remise-des-prix\/#primaryimage","url":"https:\/\/jugendfilmtage.ch\/wp-content\/uploads\/2024\/03\/240314_Kat.C_WalterGilgen-0035.jpg","contentUrl":"https:\/\/jugendfilmtage.ch\/wp-content\/uploads\/2024\/03\/240314_Kat.C_WalterGilgen-0035.jpg"},{"@type":"BreadcrumbList","@id":"https:\/\/jugendfilmtage.ch\/fr\/le-festival\/ouverture-et-remise-des-prix\/#breadcrumb","itemListElement":[{"@type":"ListItem","position":1,"name":"Le Festival","item":"https:\/\/jugendfilmtage.ch\/fr\/le-festival\/"},{"@type":"ListItem","position":2,"name":"Ouverture &amp; Remise des prix"}]},{"@type":"WebSite","@id":"https:\/\/jugendfilmtage.ch\/fr\/#website","url":"https:\/\/jugendfilmtage.ch\/fr\/","name":"FR Schweizer Jugendfilmtage","description":"FR Festival Cin\u00e9 Jeunesse Suisse","potentialAction":[{"@type":"SearchAction","target":{"@type":"EntryPoint","urlTemplate":"https:\/\/jugendfilmtage.ch\/fr\/?s={search_term_string}"},"query-input":{"@type":"PropertyValueSpecification","valueRequired":true,"valueName":"search_term_string"}}],"inLanguage":"fr-FR"}]}},"_links":{"self":[{"href":"https:\/\/jugendfilmtage.ch\/fr\/wp-json\/wp\/v2\/pages\/26654","targetHints":{"allow":["GET"]}}],"collection":[{"href":"https:\/\/jugendfilmtage.ch\/fr\/wp-json\/wp\/v2\/pages"}],"about":[{"href":"https:\/\/jugendfilmtage.ch\/fr\/wp-json\/wp\/v2\/types\/page"}],"author":[{"embeddable":true,"href":"https:\/\/jugendfilmtage.ch\/fr\/wp-json\/wp\/v2\/users\/14"}],"replies":[{"embeddable":true,"href":"https:\/\/jugendfilmtage.ch\/fr\/wp-json\/wp\/v2\/comments?post=26654"}],"version-history":[{"count":9,"href":"https:\/\/jugendfilmtage.ch\/fr\/wp-json\/wp\/v2\/pages\/26654\/revisions"}],"predecessor-version":[{"id":47567,"href":"https:\/\/jugendfilmtage.ch\/fr\/wp-json\/wp\/v2\/pages\/26654\/revisions\/47567"}],"up":[{"embeddable":true,"href":"https:\/\/jugendfilmtage.ch\/fr\/wp-json\/wp\/v2\/pages\/5801"}],"wp:attachment":[{"href":"https:\/\/jugendfilmtage.ch\/fr\/wp-json\/wp\/v2\/media?parent=26654"}],"curies":[{"name":"wp","href":"https:\/\/api.w.org\/{rel}","templated":true}]}}