{"id":24880,"date":"2024-02-19T12:12:05","date_gmt":"2024-02-19T11:12:05","guid":{"rendered":"https:\/\/jugendfilmtage.ch\/?page_id=24880"},"modified":"2024-08-26T16:59:33","modified_gmt":"2024-08-26T14:59:33","slug":"jury-presentation","status":"publish","type":"page","link":"https:\/\/jugendfilmtage.ch\/fr\/archives\/festival-2024\/jury-presentation\/","title":{"rendered":"Jury &#038; Mod\u00e9ration 2024"},"content":{"rendered":"<style>.wp-block-kadence-advancedheading.kt-adv-heading24880_926ee6-fd, .wp-block-kadence-advancedheading.kt-adv-heading24880_926ee6-fd[data-kb-block=\"kb-adv-heading24880_926ee6-fd\"]{font-style:normal;}.wp-block-kadence-advancedheading.kt-adv-heading24880_926ee6-fd mark.kt-highlight, .wp-block-kadence-advancedheading.kt-adv-heading24880_926ee6-fd[data-kb-block=\"kb-adv-heading24880_926ee6-fd\"] mark.kt-highlight{font-style:normal;color:#f76a0c;-webkit-box-decoration-break:clone;box-decoration-break:clone;padding-top:0px;padding-right:0px;padding-bottom:0px;padding-left:0px;}.wp-block-kadence-advancedheading.kt-adv-heading24880_926ee6-fd img.kb-inline-image, .wp-block-kadence-advancedheading.kt-adv-heading24880_926ee6-fd[data-kb-block=\"kb-adv-heading24880_926ee6-fd\"] img.kb-inline-image{width:150px;vertical-align:baseline;}<\/style>\r\n<h1 class=\"kt-adv-heading24880_926ee6-fd wp-block-kadence-advancedheading\" data-kb-block=\"kb-adv-heading24880_926ee6-fd\"><strong>Jury &amp; Mod\u00e9ration 2024<\/strong><\/h1>\r\n\r\n\r\n<style>.wp-block-kadence-advancedheading.kt-adv-heading24880_1e98ae-1a, .wp-block-kadence-advancedheading.kt-adv-heading24880_1e98ae-1a[data-kb-block=\"kb-adv-heading24880_1e98ae-1a\"]{font-style:normal;}.wp-block-kadence-advancedheading.kt-adv-heading24880_1e98ae-1a mark.kt-highlight, .wp-block-kadence-advancedheading.kt-adv-heading24880_1e98ae-1a[data-kb-block=\"kb-adv-heading24880_1e98ae-1a\"] mark.kt-highlight{font-style:normal;color:#f76a0c;-webkit-box-decoration-break:clone;box-decoration-break:clone;padding-top:0px;padding-right:0px;padding-bottom:0px;padding-left:0px;}.wp-block-kadence-advancedheading.kt-adv-heading24880_1e98ae-1a img.kb-inline-image, .wp-block-kadence-advancedheading.kt-adv-heading24880_1e98ae-1a[data-kb-block=\"kb-adv-heading24880_1e98ae-1a\"] img.kb-inline-image{width:150px;vertical-align:baseline;}<\/style>\r\n<h2><strong>Jury de la comp\u00e9tition<\/strong><\/h2>\r\n\r\n\r\n\r\n<figure class=\"wp-block-gallery has-nested-images columns-default is-cropped wp-block-gallery-2 is-layout-flex wp-block-gallery-is-layout-flex\">\r\n<figure class=\"wp-block-image size-large\"><img loading=\"lazy\" decoding=\"async\" width=\"542\" height=\"325\" data-id=\"24689\" class=\"wp-image-24689\" src=\"https:\/\/jugendfilmtage.ch\/wp-content\/uploads\/2024\/02\/Screenshot-2024-02-16-at-16.09.52.png\" alt=\"\" srcset=\"https:\/\/jugendfilmtage.ch\/wp-content\/uploads\/2024\/02\/Screenshot-2024-02-16-at-16.09.52.png 542w, https:\/\/jugendfilmtage.ch\/wp-content\/uploads\/2024\/02\/Screenshot-2024-02-16-at-16.09.52-300x180.png 300w\" sizes=\"auto, (max-width: 542px) 100vw, 542px\" \/><\/figure>\r\n<\/figure>\r\n\r\n\r\n\r\n<p><strong>Matilde Casari\u00a0<\/strong><\/p>\r\n\r\n\r\n\r\n<p>Matilde Casari \u00e0 \u00e9tudi\u00e9 l\u2019histoire et l\u2019esth\u00e9tique du cin\u00e9ma et la g\u00e9ographie \u00e0 l\u2019Universit\u00e9 de Lausanne. Un semestre \u00e0 Paris lui a permis de s\u2019immerger plus profond\u00e9ment dans le monde du septi\u00e8me art, \u00e9veillant en elle le besoin de raconter des histoires \u00e0 travers le langage du cin\u00e9ma. Elle a obtenu son dipl\u00f4me en montage avec L\u2019OD\u00d3 DET R\u00c8SA au terme de ses \u00e9tudes au CISA (Conservatoire international des sciences audiovisuelles, Locarno) en 2022. Elle a \u00e9galement particip\u00e9 \u00e0 la Spring Academy sous la houlette de Michelangelo Frammartino, o\u00f9 elle a r\u00e9alis\u00e9 CI ANDAVO IN BICICLETTA.<\/p>\r\n\r\n\r\n\r\n<figure class=\"wp-block-gallery has-nested-images columns-default is-cropped wp-block-gallery-3 is-layout-flex wp-block-gallery-is-layout-flex\">\r\n<figure class=\"wp-block-image size-large\"><img loading=\"lazy\" decoding=\"async\" width=\"874\" height=\"526\" data-id=\"24685\" class=\"wp-image-24685\" src=\"https:\/\/jugendfilmtage.ch\/wp-content\/uploads\/2024\/02\/Screenshot-2024-02-16-at-16.00.17.png\" alt=\"\" srcset=\"https:\/\/jugendfilmtage.ch\/wp-content\/uploads\/2024\/02\/Screenshot-2024-02-16-at-16.00.17.png 874w, https:\/\/jugendfilmtage.ch\/wp-content\/uploads\/2024\/02\/Screenshot-2024-02-16-at-16.00.17-300x181.png 300w, https:\/\/jugendfilmtage.ch\/wp-content\/uploads\/2024\/02\/Screenshot-2024-02-16-at-16.00.17-768x462.png 768w\" sizes=\"auto, (max-width: 874px) 100vw, 874px\" \/><\/figure>\r\n<\/figure>\r\n\r\n\r\n\r\n<p><strong>Emilien G\u00fcr:\u00a0<\/strong><\/p>\r\n\r\n\r\n\r\n<p>\u00c9tudes de filmologie et de litt\u00e9rature fran\u00e7aise aux Universit\u00e9s de Gen\u00e8ve, Lausanne et Glasgow. Depuis 2020, Emilien G\u00fcr assume diff\u00e9rentes fonctions pour les Journ\u00e9es de Soleure, entre autres en tant que responsable du \u00abPanorama courts m\u00e9trages\u00bb et du programme \u00abSO PRO\u00bb. En outre, il travaille en tant que critique de cin\u00e9ma pour les plateformes Cinefile et Filmexplorer, et fait partie de la commission de s\u00e9lection du Sicilia Queer Filmfest.<\/p>\r\n\r\n\r\n\r\n<figure class=\"wp-block-gallery has-nested-images columns-default is-cropped wp-block-gallery-4 is-layout-flex wp-block-gallery-is-layout-flex\">\r\n<figure class=\"wp-block-image size-large\"><img loading=\"lazy\" decoding=\"async\" width=\"758\" height=\"465\" data-id=\"24687\" class=\"wp-image-24687\" src=\"https:\/\/jugendfilmtage.ch\/wp-content\/uploads\/2024\/02\/Screenshot-2024-02-16-at-16.05.26.png\" alt=\"\" srcset=\"https:\/\/jugendfilmtage.ch\/wp-content\/uploads\/2024\/02\/Screenshot-2024-02-16-at-16.05.26.png 758w, https:\/\/jugendfilmtage.ch\/wp-content\/uploads\/2024\/02\/Screenshot-2024-02-16-at-16.05.26-300x184.png 300w\" sizes=\"auto, (max-width: 758px) 100vw, 758px\" \/><\/figure>\r\n<\/figure>\r\n\r\n\r\n\r\n<p><strong>Rachel Braunschweig:\u00a0<\/strong><\/p>\r\n\r\n\r\n\r\n<p>N\u00e9e \u00e0 Zurich, Rachel Braunschweig a \u00e9tudi\u00e9 la com\u00e9die \u00e0 la ZHdK (Haute \u00c9cole d\u2019art de Zurich). Suite \u00e0 des engagements fixes au sein de diff\u00e9rents th\u00e9\u00e2tres municipaux, elle r\u00e9side d\u00e9sormais \u00e0 Zurich et \u00e0 Berlin o\u00f9 elle travaille en ind\u00e9pendante. Ses performances d\u2019actrice ont \u00e9t\u00e9 r\u00e9compens\u00e9es \u00e0 plusieurs reprises, entre autres pour DIE G\u00d6TTLICHE ORDNUNG, SPAGAT, ZWINGLI ainsi que la s\u00e9rie TATORT (\u00e9pisodes zurichois). Elle int\u00e8gre la distribution principale de la s\u00e9rie Netflix NEUMATT. En 2024, elle appara\u00eetra entre autres dans le nouveau long m\u00e9trage d\u2019Andreas Dresen IN LIEBE, EURE HILDE, ainsi que FRIEDAS FALL de Maria Brendle.<\/p>\r\n\r\n\r\n\r\n<figure class=\"wp-block-gallery has-nested-images columns-default is-cropped wp-block-gallery-5 is-layout-flex wp-block-gallery-is-layout-flex\">\r\n<figure class=\"wp-block-image size-large\"><img loading=\"lazy\" decoding=\"async\" width=\"695\" height=\"421\" data-id=\"24691\" class=\"wp-image-24691\" src=\"https:\/\/jugendfilmtage.ch\/wp-content\/uploads\/2024\/02\/Screenshot-2024-02-16-at-16.10.00.png\" alt=\"\" srcset=\"https:\/\/jugendfilmtage.ch\/wp-content\/uploads\/2024\/02\/Screenshot-2024-02-16-at-16.10.00.png 695w, https:\/\/jugendfilmtage.ch\/wp-content\/uploads\/2024\/02\/Screenshot-2024-02-16-at-16.10.00-300x182.png 300w\" sizes=\"auto, (max-width: 695px) 100vw, 695px\" \/><\/figure>\r\n<\/figure>\r\n\r\n\r\n\r\n<p><strong>Julia Bodamer<\/strong><\/p>\r\n\r\n\r\n\r\n<p>Julia Bodamer a obtenu son dipl\u00f4me de bachelor \u00e0 la Haute \u00e9cole des arts de Berne en 2012, et travaille depuis en tant qu\u2019artiste, r\u00e9alisatrice et designer ind\u00e9pendante pour des productions th\u00e9\u00e2trales et d\u2019op\u00e9ra. Ses travaux ont entre autres \u00e9t\u00e9 pr\u00e9sent\u00e9s aux Swiss Art Awards, au Haus Konstruktiv Zurich, \u00e0 la Kunsthalle Bern ainsi qu\u2019au Mus\u00e9e d\u2019art moderne d\u2019Arnhem. Elle a \u00e9t\u00e9 boursi\u00e8re du festival Culturescapes pour le Mont\u00e9n\u00e9gro et du canton de Zurich pour Berlin; en outre, elle a obtenu une bourse de travail de la ville de Zurich.<\/p>\r\n\r\n\r\n\r\n<figure class=\"wp-block-gallery has-nested-images columns-default is-cropped wp-block-gallery-6 is-layout-flex wp-block-gallery-is-layout-flex\">\r\n<figure class=\"wp-block-image size-large\"><img loading=\"lazy\" decoding=\"async\" width=\"880\" height=\"534\" data-id=\"24875\" class=\"wp-image-24875\" src=\"https:\/\/jugendfilmtage.ch\/wp-content\/uploads\/2024\/02\/Screenshot-2024-02-19-at-11.42.00-880x534.png\" alt=\"\" srcset=\"https:\/\/jugendfilmtage.ch\/wp-content\/uploads\/2024\/02\/Screenshot-2024-02-19-at-11.42.00-880x534.png 880w, https:\/\/jugendfilmtage.ch\/wp-content\/uploads\/2024\/02\/Screenshot-2024-02-19-at-11.42.00-300x182.png 300w, https:\/\/jugendfilmtage.ch\/wp-content\/uploads\/2024\/02\/Screenshot-2024-02-19-at-11.42.00-768x466.png 768w, https:\/\/jugendfilmtage.ch\/wp-content\/uploads\/2024\/02\/Screenshot-2024-02-19-at-11.42.00.png 927w\" sizes=\"auto, (max-width: 880px) 100vw, 880px\" \/><\/figure>\r\n<\/figure>\r\n\r\n\r\n\r\n<p><strong>Olivier Samter<\/strong><\/p>\r\n\r\n\r\n\r\n<p>Olivier Samter est n\u00e9 \u00e0 Zurich en 1993.\u00a0Il travaille en tant qu\u2019artiste, auteur et journaliste ind\u00e9pendant, signant entre autres des reportages sur le cin\u00e9ma pour \u00abMaximum Cinema\u00bb et \u00abSRF Kultur\u00bb. En 2020, il a \u00e9t\u00e9 nomm\u00e9 un des \u00ab30 meilleurs journalistes de moins de 30 ans\u00bb par la revue sp\u00e9cialis\u00e9e \u00abSchweizer Journalist*in\u00bb. Depuis cinq ans, l\u2019animateur de formation s\u2019allie \u00e0 d\u2019autres esprits cr\u00e9atifs pour pr\u00e9senter le tr\u00e8s populaire \u00abAnimadvent Calendar\u00bb sur Instagram, un calendrier de l\u2019avent anim\u00e9 \u00abmade in Switzerland\u00bb.<\/p>\r\n\r\n\r\n\r\n\r\n<style>.wp-block-kadence-advancedheading.kt-adv-heading24880_e078fe-3b, .wp-block-kadence-advancedheading.kt-adv-heading24880_e078fe-3b[data-kb-block=\"kb-adv-heading24880_e078fe-3b\"]{font-style:normal;}.wp-block-kadence-advancedheading.kt-adv-heading24880_e078fe-3b mark.kt-highlight, .wp-block-kadence-advancedheading.kt-adv-heading24880_e078fe-3b[data-kb-block=\"kb-adv-heading24880_e078fe-3b\"] mark.kt-highlight{font-style:normal;color:#f76a0c;-webkit-box-decoration-break:clone;box-decoration-break:clone;padding-top:0px;padding-right:0px;padding-bottom:0px;padding-left:0px;}.wp-block-kadence-advancedheading.kt-adv-heading24880_e078fe-3b img.kb-inline-image, .wp-block-kadence-advancedheading.kt-adv-heading24880_e078fe-3b[data-kb-block=\"kb-adv-heading24880_e078fe-3b\"] img.kb-inline-image{width:150px;vertical-align:baseline;}<\/style>\r\n<h3 class=\"kt-adv-heading24880_e078fe-3b wp-block-kadence-advancedheading\" data-kb-block=\"kb-adv-heading24880_e078fe-3b\"><strong>Jury Goldenes Bergli<\/strong><\/h3>\r\n\r\n\r\n\r\n<p><em>\u00c9tudiant\u00b7es de la section Animation, HSLU Design &amp; Art\u00a0<\/em><\/p>\r\n\r\n\r\n<style>.wp-block-kadence-advancedheading.kt-adv-heading24880_bcd93e-2f, .wp-block-kadence-advancedheading.kt-adv-heading24880_bcd93e-2f[data-kb-block=\"kb-adv-heading24880_bcd93e-2f\"]{font-style:normal;}.wp-block-kadence-advancedheading.kt-adv-heading24880_bcd93e-2f mark.kt-highlight, .wp-block-kadence-advancedheading.kt-adv-heading24880_bcd93e-2f[data-kb-block=\"kb-adv-heading24880_bcd93e-2f\"] mark.kt-highlight{font-style:normal;color:#f76a0c;-webkit-box-decoration-break:clone;box-decoration-break:clone;padding-top:0px;padding-right:0px;padding-bottom:0px;padding-left:0px;}.wp-block-kadence-advancedheading.kt-adv-heading24880_bcd93e-2f img.kb-inline-image, .wp-block-kadence-advancedheading.kt-adv-heading24880_bcd93e-2f[data-kb-block=\"kb-adv-heading24880_bcd93e-2f\"] img.kb-inline-image{width:150px;vertical-align:baseline;}<\/style>\r\n<h3 class=\"kt-adv-heading24880_bcd93e-2f wp-block-kadence-advancedheading\" data-kb-block=\"kb-adv-heading24880_bcd93e-2f\"><strong>Jury Prix R\u00f6stigraben<\/strong><\/h3>\r\n\r\n\r\n\r\n<p><em>Etudiant\u00b7es des hautes \u00e9coles de cin\u00e9ma suisses qui pr\u00e9sentent un film dans la section \u00ab Passeport Suisse \u00bb au FIFF.\u00a0<\/em><\/p>\r\n\r\n\r\n\r\n<h2>Mod\u00e9ration<\/h2>\r\n\r\n\r\n\r\n<figure class=\"wp-block-gallery has-nested-images columns-default is-cropped wp-block-gallery-7 is-layout-flex wp-block-gallery-is-layout-flex\">\r\n<figure class=\"wp-block-image size-large\"><img loading=\"lazy\" decoding=\"async\" width=\"609\" height=\"369\" data-id=\"24694\" class=\"wp-image-24694\" src=\"https:\/\/jugendfilmtage.ch\/wp-content\/uploads\/2024\/02\/Screenshot-2024-02-16-at-16.31.06.png\" alt=\"\" srcset=\"https:\/\/jugendfilmtage.ch\/wp-content\/uploads\/2024\/02\/Screenshot-2024-02-16-at-16.31.06.png 609w, https:\/\/jugendfilmtage.ch\/wp-content\/uploads\/2024\/02\/Screenshot-2024-02-16-at-16.31.06-300x182.png 300w\" sizes=\"auto, (max-width: 609px) 100vw, 609px\" \/><\/figure>\r\n<\/figure>\r\n\r\n\r\n\r\n<p><em>Depuis 2017, Ann Mayer travaille en tant que journaliste (de cin\u00e9ma), tout d\u2019abord chez SRF Virus et actuellement chez SRF. En tant qu\u2019actrice, elle appara\u00eet r\u00e9guli\u00e8rement dans des productions cin\u00e9matographiques suisses. Elle a \u00e9galement foul\u00e9 les planches du Theater Basel et du Schauspielhaus Z\u00fcrich, entre autres.<\/em><\/p>\r\n\r\n\r\n\r\n<p>(Foto: Julien Mayer)<\/p>\r\n\r\n\r\n\r\n<p>&nbsp;<\/p>\r\n","protected":false},"excerpt":{"rendered":"<p>Jury &amp; Mod\u00e9ration 2024 Jury de la comp\u00e9tition Matilde Casari\u00a0 Matilde Casari \u00e0 \u00e9tudi\u00e9 l\u2019histoire et l\u2019esth\u00e9tique du cin\u00e9ma et la g\u00e9ographie \u00e0 l\u2019Universit\u00e9 de Lausanne. Un semestre \u00e0 Paris lui a permis de s\u2019immerger plus profond\u00e9ment dans le monde du septi\u00e8me art, \u00e9veillant en elle le besoin de raconter des histoires \u00e0 travers le [&hellip;]<\/p>\n","protected":false},"author":14,"featured_media":0,"parent":26809,"menu_order":2,"comment_status":"closed","ping_status":"closed","template":"","meta":{"_acf_changed":false,"footnotes":""},"class_list":["post-24880","page","type-page","status-publish","hentry"],"acf":[],"yoast_head":"<!-- This site is optimized with the Yoast SEO plugin v27.4 - https:\/\/yoast.com\/product\/yoast-seo-wordpress\/ -->\n<title>Jury &amp; Mod\u00e9ration 2024 - FR Schweizer Jugendfilmtage<\/title>\n<meta name=\"description\" content=\"Jury &amp; Mod\u00e9ration 2024 Jury de la comp\u00e9tition Matilde Casari\u00a0 Matilde Casari \u00e0 \u00e9tudi\u00e9 l\u2019histoire et l\u2019esth\u00e9tique du cin\u00e9ma et la g\u00e9ographie \u00e0\" \/>\n<meta name=\"robots\" content=\"index, follow, max-snippet:-1, max-image-preview:large, max-video-preview:-1\" \/>\n<link rel=\"canonical\" href=\"https:\/\/jugendfilmtage.ch\/fr\/archives\/festival-2024\/jury-presentation\/\" \/>\n<meta property=\"og:locale\" content=\"fr_FR\" \/>\n<meta property=\"og:type\" content=\"article\" \/>\n<meta property=\"og:title\" content=\"Jury &amp; Mod\u00e9ration 2024 - FR Schweizer Jugendfilmtage\" \/>\n<meta property=\"og:description\" content=\"Jury &amp; Mod\u00e9ration 2024 Jury de la comp\u00e9tition Matilde Casari\u00a0 Matilde Casari \u00e0 \u00e9tudi\u00e9 l\u2019histoire et l\u2019esth\u00e9tique du cin\u00e9ma et la g\u00e9ographie \u00e0\" \/>\n<meta property=\"og:url\" content=\"https:\/\/jugendfilmtage.ch\/fr\/archives\/festival-2024\/jury-presentation\/\" \/>\n<meta property=\"og:site_name\" content=\"FR Schweizer Jugendfilmtage\" \/>\n<meta property=\"article:publisher\" content=\"https:\/\/www.facebook.com\/Jugendfilmtage\" \/>\n<meta property=\"article:modified_time\" content=\"2024-08-26T14:59:33+00:00\" \/>\n<meta property=\"og:image\" content=\"https:\/\/jugendfilmtage.ch\/wp-content\/uploads\/2024\/02\/Screenshot-2024-02-16-at-16.09.52.png\" \/>\n<meta name=\"twitter:card\" content=\"summary_large_image\" \/>\n<meta name=\"twitter:site\" content=\"@jugendfilmtage\" \/>\n<meta name=\"twitter:label1\" content=\"Dur\u00e9e de lecture estim\u00e9e\" \/>\n\t<meta name=\"twitter:data1\" content=\"5 minutes\" \/>\n<script type=\"application\/ld+json\" class=\"yoast-schema-graph\">{\"@context\":\"https:\\\/\\\/schema.org\",\"@graph\":[{\"@type\":\"WebPage\",\"@id\":\"https:\\\/\\\/jugendfilmtage.ch\\\/fr\\\/archives\\\/festival-2024\\\/jury-presentation\\\/\",\"url\":\"https:\\\/\\\/jugendfilmtage.ch\\\/fr\\\/archives\\\/festival-2024\\\/jury-presentation\\\/\",\"name\":\"Jury & Mod\u00e9ration 2024 - FR Schweizer Jugendfilmtage\",\"isPartOf\":{\"@id\":\"https:\\\/\\\/jugendfilmtage.ch\\\/fr\\\/#website\"},\"primaryImageOfPage\":{\"@id\":\"https:\\\/\\\/jugendfilmtage.ch\\\/fr\\\/archives\\\/festival-2024\\\/jury-presentation\\\/#primaryimage\"},\"image\":{\"@id\":\"https:\\\/\\\/jugendfilmtage.ch\\\/fr\\\/archives\\\/festival-2024\\\/jury-presentation\\\/#primaryimage\"},\"thumbnailUrl\":\"https:\\\/\\\/jugendfilmtage.ch\\\/wp-content\\\/uploads\\\/2024\\\/02\\\/Screenshot-2024-02-16-at-16.09.52.png\",\"datePublished\":\"2024-02-19T11:12:05+00:00\",\"dateModified\":\"2024-08-26T14:59:33+00:00\",\"description\":\"Jury &amp; Mod\u00e9ration 2024 Jury de la comp\u00e9tition Matilde Casari\u00a0 Matilde Casari \u00e0 \u00e9tudi\u00e9 l\u2019histoire et l\u2019esth\u00e9tique du cin\u00e9ma et la g\u00e9ographie \u00e0\",\"breadcrumb\":{\"@id\":\"https:\\\/\\\/jugendfilmtage.ch\\\/fr\\\/archives\\\/festival-2024\\\/jury-presentation\\\/#breadcrumb\"},\"inLanguage\":\"fr-FR\",\"potentialAction\":[{\"@type\":\"ReadAction\",\"target\":[\"https:\\\/\\\/jugendfilmtage.ch\\\/fr\\\/archives\\\/festival-2024\\\/jury-presentation\\\/\"]}]},{\"@type\":\"ImageObject\",\"inLanguage\":\"fr-FR\",\"@id\":\"https:\\\/\\\/jugendfilmtage.ch\\\/fr\\\/archives\\\/festival-2024\\\/jury-presentation\\\/#primaryimage\",\"url\":\"https:\\\/\\\/jugendfilmtage.ch\\\/wp-content\\\/uploads\\\/2024\\\/02\\\/Screenshot-2024-02-16-at-16.09.52.png\",\"contentUrl\":\"https:\\\/\\\/jugendfilmtage.ch\\\/wp-content\\\/uploads\\\/2024\\\/02\\\/Screenshot-2024-02-16-at-16.09.52.png\"},{\"@type\":\"BreadcrumbList\",\"@id\":\"https:\\\/\\\/jugendfilmtage.ch\\\/fr\\\/archives\\\/festival-2024\\\/jury-presentation\\\/#breadcrumb\",\"itemListElement\":[{\"@type\":\"ListItem\",\"position\":1,\"name\":\"Archive\",\"item\":\"https:\\\/\\\/jugendfilmtage.ch\\\/fr\\\/archives\\\/\"},{\"@type\":\"ListItem\",\"position\":2,\"name\":\"Festival 2024\",\"item\":\"https:\\\/\\\/jugendfilmtage.ch\\\/fr\\\/archives\\\/festival-2024\\\/\"},{\"@type\":\"ListItem\",\"position\":3,\"name\":\"Jury &#038; Mod\u00e9ration 2024\"}]},{\"@type\":\"WebSite\",\"@id\":\"https:\\\/\\\/jugendfilmtage.ch\\\/fr\\\/#website\",\"url\":\"https:\\\/\\\/jugendfilmtage.ch\\\/fr\\\/\",\"name\":\"FR Schweizer Jugendfilmtage\",\"description\":\"FR Festival Cin\u00e9 Jeunesse Suisse\",\"potentialAction\":[{\"@type\":\"SearchAction\",\"target\":{\"@type\":\"EntryPoint\",\"urlTemplate\":\"https:\\\/\\\/jugendfilmtage.ch\\\/fr\\\/?s={search_term_string}\"},\"query-input\":{\"@type\":\"PropertyValueSpecification\",\"valueRequired\":true,\"valueName\":\"search_term_string\"}}],\"inLanguage\":\"fr-FR\"}]}<\/script>\n<!-- \/ Yoast SEO plugin. -->","yoast_head_json":{"title":"Jury & Mod\u00e9ration 2024 - FR Schweizer Jugendfilmtage","description":"Jury &amp; Mod\u00e9ration 2024 Jury de la comp\u00e9tition Matilde Casari\u00a0 Matilde Casari \u00e0 \u00e9tudi\u00e9 l\u2019histoire et l\u2019esth\u00e9tique du cin\u00e9ma et la g\u00e9ographie \u00e0","robots":{"index":"index","follow":"follow","max-snippet":"max-snippet:-1","max-image-preview":"max-image-preview:large","max-video-preview":"max-video-preview:-1"},"canonical":"https:\/\/jugendfilmtage.ch\/fr\/archives\/festival-2024\/jury-presentation\/","og_locale":"fr_FR","og_type":"article","og_title":"Jury & Mod\u00e9ration 2024 - FR Schweizer Jugendfilmtage","og_description":"Jury &amp; Mod\u00e9ration 2024 Jury de la comp\u00e9tition Matilde Casari\u00a0 Matilde Casari \u00e0 \u00e9tudi\u00e9 l\u2019histoire et l\u2019esth\u00e9tique du cin\u00e9ma et la g\u00e9ographie \u00e0","og_url":"https:\/\/jugendfilmtage.ch\/fr\/archives\/festival-2024\/jury-presentation\/","og_site_name":"FR Schweizer Jugendfilmtage","article_publisher":"https:\/\/www.facebook.com\/Jugendfilmtage","article_modified_time":"2024-08-26T14:59:33+00:00","og_image":[{"url":"https:\/\/jugendfilmtage.ch\/wp-content\/uploads\/2024\/02\/Screenshot-2024-02-16-at-16.09.52.png","type":"","width":"","height":""}],"twitter_card":"summary_large_image","twitter_site":"@jugendfilmtage","twitter_misc":{"Dur\u00e9e de lecture estim\u00e9e":"5 minutes"},"schema":{"@context":"https:\/\/schema.org","@graph":[{"@type":"WebPage","@id":"https:\/\/jugendfilmtage.ch\/fr\/archives\/festival-2024\/jury-presentation\/","url":"https:\/\/jugendfilmtage.ch\/fr\/archives\/festival-2024\/jury-presentation\/","name":"Jury & Mod\u00e9ration 2024 - FR Schweizer Jugendfilmtage","isPartOf":{"@id":"https:\/\/jugendfilmtage.ch\/fr\/#website"},"primaryImageOfPage":{"@id":"https:\/\/jugendfilmtage.ch\/fr\/archives\/festival-2024\/jury-presentation\/#primaryimage"},"image":{"@id":"https:\/\/jugendfilmtage.ch\/fr\/archives\/festival-2024\/jury-presentation\/#primaryimage"},"thumbnailUrl":"https:\/\/jugendfilmtage.ch\/wp-content\/uploads\/2024\/02\/Screenshot-2024-02-16-at-16.09.52.png","datePublished":"2024-02-19T11:12:05+00:00","dateModified":"2024-08-26T14:59:33+00:00","description":"Jury &amp; Mod\u00e9ration 2024 Jury de la comp\u00e9tition Matilde Casari\u00a0 Matilde Casari \u00e0 \u00e9tudi\u00e9 l\u2019histoire et l\u2019esth\u00e9tique du cin\u00e9ma et la g\u00e9ographie \u00e0","breadcrumb":{"@id":"https:\/\/jugendfilmtage.ch\/fr\/archives\/festival-2024\/jury-presentation\/#breadcrumb"},"inLanguage":"fr-FR","potentialAction":[{"@type":"ReadAction","target":["https:\/\/jugendfilmtage.ch\/fr\/archives\/festival-2024\/jury-presentation\/"]}]},{"@type":"ImageObject","inLanguage":"fr-FR","@id":"https:\/\/jugendfilmtage.ch\/fr\/archives\/festival-2024\/jury-presentation\/#primaryimage","url":"https:\/\/jugendfilmtage.ch\/wp-content\/uploads\/2024\/02\/Screenshot-2024-02-16-at-16.09.52.png","contentUrl":"https:\/\/jugendfilmtage.ch\/wp-content\/uploads\/2024\/02\/Screenshot-2024-02-16-at-16.09.52.png"},{"@type":"BreadcrumbList","@id":"https:\/\/jugendfilmtage.ch\/fr\/archives\/festival-2024\/jury-presentation\/#breadcrumb","itemListElement":[{"@type":"ListItem","position":1,"name":"Archive","item":"https:\/\/jugendfilmtage.ch\/fr\/archives\/"},{"@type":"ListItem","position":2,"name":"Festival 2024","item":"https:\/\/jugendfilmtage.ch\/fr\/archives\/festival-2024\/"},{"@type":"ListItem","position":3,"name":"Jury &#038; Mod\u00e9ration 2024"}]},{"@type":"WebSite","@id":"https:\/\/jugendfilmtage.ch\/fr\/#website","url":"https:\/\/jugendfilmtage.ch\/fr\/","name":"FR Schweizer Jugendfilmtage","description":"FR Festival Cin\u00e9 Jeunesse Suisse","potentialAction":[{"@type":"SearchAction","target":{"@type":"EntryPoint","urlTemplate":"https:\/\/jugendfilmtage.ch\/fr\/?s={search_term_string}"},"query-input":{"@type":"PropertyValueSpecification","valueRequired":true,"valueName":"search_term_string"}}],"inLanguage":"fr-FR"}]}},"_links":{"self":[{"href":"https:\/\/jugendfilmtage.ch\/fr\/wp-json\/wp\/v2\/pages\/24880","targetHints":{"allow":["GET"]}}],"collection":[{"href":"https:\/\/jugendfilmtage.ch\/fr\/wp-json\/wp\/v2\/pages"}],"about":[{"href":"https:\/\/jugendfilmtage.ch\/fr\/wp-json\/wp\/v2\/types\/page"}],"author":[{"embeddable":true,"href":"https:\/\/jugendfilmtage.ch\/fr\/wp-json\/wp\/v2\/users\/14"}],"replies":[{"embeddable":true,"href":"https:\/\/jugendfilmtage.ch\/fr\/wp-json\/wp\/v2\/comments?post=24880"}],"version-history":[{"count":16,"href":"https:\/\/jugendfilmtage.ch\/fr\/wp-json\/wp\/v2\/pages\/24880\/revisions"}],"predecessor-version":[{"id":26952,"href":"https:\/\/jugendfilmtage.ch\/fr\/wp-json\/wp\/v2\/pages\/24880\/revisions\/26952"}],"up":[{"embeddable":true,"href":"https:\/\/jugendfilmtage.ch\/fr\/wp-json\/wp\/v2\/pages\/26809"}],"wp:attachment":[{"href":"https:\/\/jugendfilmtage.ch\/fr\/wp-json\/wp\/v2\/media?parent=24880"}],"curies":[{"name":"wp","href":"https:\/\/api.w.org\/{rel}","templated":true}]}}