{"id":23504,"date":"2024-02-01T17:41:09","date_gmt":"2024-02-01T16:41:09","guid":{"rendered":"https:\/\/2024.jugendfilmtage.ch\/?page_id=23504"},"modified":"2026-01-19T17:52:05","modified_gmt":"2026-01-19T16:52:05","slug":"pour-les-ecoles","status":"publish","type":"page","link":"https:\/\/jugendfilmtage.ch\/fr\/au-cours-de-annee\/pour-les-ecoles\/","title":{"rendered":"Pour les \u00e9coles"},"content":{"rendered":"\n<figure data-wp-context=\"{&quot;imageId&quot;:&quot;69e3698246359&quot;}\" data-wp-interactive=\"core\/image\" data-wp-key=\"69e3698246359\" class=\"wp-block-image size-full wp-lightbox-container\"><img decoding=\"async\" data-wp-class--hide=\"state.isContentHidden\" data-wp-class--show=\"state.isContentVisible\" data-wp-init=\"callbacks.setButtonStyles\" data-wp-on--click=\"actions.showLightbox\" data-wp-on--load=\"callbacks.setButtonStyles\" data-wp-on-window--resize=\"callbacks.setButtonStyles\" src=\"https:\/\/jugendfilmtage.ch\/wp-content\/uploads\/2024\/06\/KatA_RemoBuess_0002-edited.jpg\" alt=\"Festival Cin\u00e9 Jeunesse Suisse les \u00e9coles \" class=\"wp-image-25754\"\/><button\n\t\t\tclass=\"lightbox-trigger\"\n\t\t\ttype=\"button\"\n\t\t\taria-haspopup=\"dialog\"\n\t\t\taria-label=\"Agrandir\"\n\t\t\tdata-wp-init=\"callbacks.initTriggerButton\"\n\t\t\tdata-wp-on--click=\"actions.showLightbox\"\n\t\t\tdata-wp-style--right=\"state.imageButtonRight\"\n\t\t\tdata-wp-style--top=\"state.imageButtonTop\"\n\t\t>\n\t\t\t<svg xmlns=\"http:\/\/www.w3.org\/2000\/svg\" width=\"12\" height=\"12\" fill=\"none\" viewBox=\"0 0 12 12\">\n\t\t\t\t<path fill=\"#fff\" d=\"M2 0a2 2 0 0 0-2 2v2h1.5V2a.5.5 0 0 1 .5-.5h2V0H2Zm2 10.5H2a.5.5 0 0 1-.5-.5V8H0v2a2 2 0 0 0 2 2h2v-1.5ZM8 12v-1.5h2a.5.5 0 0 0 .5-.5V8H12v2a2 2 0 0 1-2 2H8Zm2-12a2 2 0 0 1 2 2v2h-1.5V2a.5.5 0 0 0-.5-.5H8V0h2Z\" \/>\n\t\t\t<\/svg>\n\t\t<\/button><\/figure>\n\n\n\n<h1 class=\"wp-block-heading\">Pour les \u00e9coles<\/h1>\n\n\n\n<p>L&rsquo;objectif principal du Festival Cin\u00e9 Jeunesse Suisse est de permettre au plus grand nombre possible de jeunes de se confronter de mani\u00e8re active et r\u00e9fl\u00e9chie au m\u00e9dia de l&rsquo;image en mouvement. Pour cette raison, la plupart des offres sont gratuites ou peu co\u00fbteuses et sont organis\u00e9es de la mani\u00e8re la plus accessible et \u00e0 bas co\u00fbt possible.<\/p>\n\n\n\n<p>Nous consid\u00e9rons qu&rsquo;il est particuli\u00e8rement important d&rsquo;initier les jeunes au m\u00e9dia cin\u00e9ma le plus t\u00f4t possible et dans un environnement rassurant et constructif telle que les \u00e9coles.<\/p>\n\n\n\n<p>Voil\u00e0 pourquoi le Festival travaille depuis plus de vingt ans en \u00e9troite collaboration avec les \u00e9coles et propose un acc\u00e8s gratuit au festival ainsi que des ateliers de cin\u00e9ma pour les classes.<\/p>\n\n\n\n<h2 class=\"wp-block-heading\">Film Coaching<\/h2>\n\n\n\n<p>Le Festival Cin\u00e9 Jeunesse Suisse soutient les classes dans la production d&rsquo;un court-m\u00e9trage sur un th\u00e8me de leur choix. Les classes b\u00e9n\u00e9ficient pendant 2,5 jours d&rsquo;un soutien technique et de contenu de la part de professionnel\u00b7le\u00b7s comp\u00e9tents. La r\u00e9alisation du Film Coaching peut \u00eatre organis\u00e9e individuellement.<\/p>\n\n\n\n<p>Les films r\u00e9alis\u00e9s sont envoy\u00e9s dans la cat\u00e9gorie d&rsquo;\u00e2ge correspondante (\u00e2ge moyen des jeunes participants) pour le concours de courts m\u00e9trages et ont ainsi la chance d&rsquo;\u00eatre pr\u00e9sent\u00e9s \u00e0 un grand public lors du Festival Cin\u00e9 Jeunesse au printemps suivant. Les Film Coachings ont lieu chaque ann\u00e9e entre septembre et d\u00e9cembre.<\/p>\n\n\n\n<div class=\"wp-block-buttons is-layout-flex wp-block-buttons-is-layout-flex\">\n<div class=\"wp-block-button is-style-outline is-style-outline--2\"><a class=\"wp-block-button__link wp-element-button\" href=\"https:\/\/jugendfilmtage.ch\/fr\/ateliers-de-cinema\/\">En savoir plus<\/a><\/div>\n<\/div>\n\n\n\n<p><\/p>\n\n\n\n<h2 class=\"wp-block-heading\">Visiter le festival<\/h2>\n\n\n\n<p>Voulez-vous faire partie de notre public de festival avec votre classe ? Regardez ensemble des films r\u00e9alis\u00e9s par des jeunes de votre \u00e2ge et participez au choix du film qui remportera <a href=\"https:\/\/jugendfilmtage.ch\/fr\/le-festival\/competition-et-prix\/\">le prix du public <\/a>!<\/p>\n\n\n\n<p>Les classes b\u00e9n\u00e9ficient d\u2019un acc\u00e8s libre aux&nbsp;projections des cat\u00e9gories A, B et C. <\/p>\n\n\n\n<div class=\"wp-block-buttons is-layout-flex wp-block-buttons-is-layout-flex\">\n<div class=\"wp-block-button\"><a class=\"wp-block-button__link wp-element-button\" href=\"https:\/\/formulare.jugendfilmtage.ch\/tickets_school\">R\u00e9server des billets<\/a><\/div>\n<\/div>\n\n\n\n<p><br>En cas de questions, n\u2019h\u00e9sitez pas \u00e0 nous contacter\u00a0<a href=\"mailto:reservation@jugendfilmtage.ch\">reservation@jugendfilmtage.ch.<\/a><\/p>\n\n\n\n<p><\/p>\n","protected":false},"excerpt":{"rendered":"<p>Pour les \u00e9coles L&rsquo;objectif principal du Festival Cin\u00e9 Jeunesse Suisse est de permettre au plus grand nombre possible de jeunes de se confronter de mani\u00e8re active et r\u00e9fl\u00e9chie au m\u00e9dia de l&rsquo;image en mouvement. Pour cette raison, la plupart des offres sont gratuites ou peu co\u00fbteuses et sont organis\u00e9es de la mani\u00e8re la plus accessible [&hellip;]<\/p>\n","protected":false},"author":14,"featured_media":0,"parent":18116,"menu_order":1,"comment_status":"closed","ping_status":"closed","template":"","meta":{"_acf_changed":false,"footnotes":""},"class_list":["post-23504","page","type-page","status-publish","hentry"],"acf":[],"yoast_head":"<!-- This site is optimized with the Yoast SEO plugin v27.4 - https:\/\/yoast.com\/product\/yoast-seo-wordpress\/ -->\n<title>Pour les \u00e9coles - FR Schweizer Jugendfilmtage<\/title>\n<meta name=\"description\" content=\"Le Festival Cin\u00e9 Jeunesse travaille en proche collaboration avec les \u00e9coles. Sur cette page, tu trouveras nos offres pour les \u00e9coles.\" \/>\n<meta name=\"robots\" content=\"index, follow, max-snippet:-1, max-image-preview:large, max-video-preview:-1\" \/>\n<link rel=\"canonical\" href=\"https:\/\/jugendfilmtage.ch\/fr\/au-cours-de-annee\/pour-les-ecoles\/\" \/>\n<meta property=\"og:locale\" content=\"fr_FR\" \/>\n<meta property=\"og:type\" content=\"article\" \/>\n<meta property=\"og:title\" content=\"Pour les \u00e9coles - FR Schweizer Jugendfilmtage\" \/>\n<meta property=\"og:description\" content=\"Le Festival Cin\u00e9 Jeunesse travaille en proche collaboration avec les \u00e9coles. Sur cette page, tu trouveras nos offres pour les \u00e9coles.\" \/>\n<meta property=\"og:url\" content=\"https:\/\/jugendfilmtage.ch\/fr\/au-cours-de-annee\/pour-les-ecoles\/\" \/>\n<meta property=\"og:site_name\" content=\"FR Schweizer Jugendfilmtage\" \/>\n<meta property=\"article:publisher\" content=\"https:\/\/www.facebook.com\/Jugendfilmtage\" \/>\n<meta property=\"article:modified_time\" content=\"2026-01-19T16:52:05+00:00\" \/>\n<meta name=\"twitter:card\" content=\"summary_large_image\" \/>\n<meta name=\"twitter:site\" content=\"@jugendfilmtage\" \/>\n<meta name=\"twitter:label1\" content=\"Dur\u00e9e de lecture estim\u00e9e\" \/>\n\t<meta name=\"twitter:data1\" content=\"2 minutes\" \/>\n<script type=\"application\/ld+json\" class=\"yoast-schema-graph\">{\"@context\":\"https:\\\/\\\/schema.org\",\"@graph\":[{\"@type\":\"WebPage\",\"@id\":\"https:\\\/\\\/jugendfilmtage.ch\\\/fr\\\/au-cours-de-annee\\\/pour-les-ecoles\\\/\",\"url\":\"https:\\\/\\\/jugendfilmtage.ch\\\/fr\\\/au-cours-de-annee\\\/pour-les-ecoles\\\/\",\"name\":\"Pour les \u00e9coles - FR Schweizer Jugendfilmtage\",\"isPartOf\":{\"@id\":\"https:\\\/\\\/jugendfilmtage.ch\\\/fr\\\/#website\"},\"primaryImageOfPage\":{\"@id\":\"https:\\\/\\\/jugendfilmtage.ch\\\/fr\\\/au-cours-de-annee\\\/pour-les-ecoles\\\/#primaryimage\"},\"image\":{\"@id\":\"https:\\\/\\\/jugendfilmtage.ch\\\/fr\\\/au-cours-de-annee\\\/pour-les-ecoles\\\/#primaryimage\"},\"thumbnailUrl\":\"https:\\\/\\\/jugendfilmtage.ch\\\/wp-content\\\/uploads\\\/2024\\\/06\\\/KatA_RemoBuess_0002-edited.jpg\",\"datePublished\":\"2024-02-01T16:41:09+00:00\",\"dateModified\":\"2026-01-19T16:52:05+00:00\",\"description\":\"Le Festival Cin\u00e9 Jeunesse travaille en proche collaboration avec les \u00e9coles. Sur cette page, tu trouveras nos offres pour les \u00e9coles.\",\"breadcrumb\":{\"@id\":\"https:\\\/\\\/jugendfilmtage.ch\\\/fr\\\/au-cours-de-annee\\\/pour-les-ecoles\\\/#breadcrumb\"},\"inLanguage\":\"fr-FR\",\"potentialAction\":[{\"@type\":\"ReadAction\",\"target\":[\"https:\\\/\\\/jugendfilmtage.ch\\\/fr\\\/au-cours-de-annee\\\/pour-les-ecoles\\\/\"]}]},{\"@type\":\"ImageObject\",\"inLanguage\":\"fr-FR\",\"@id\":\"https:\\\/\\\/jugendfilmtage.ch\\\/fr\\\/au-cours-de-annee\\\/pour-les-ecoles\\\/#primaryimage\",\"url\":\"https:\\\/\\\/jugendfilmtage.ch\\\/wp-content\\\/uploads\\\/2024\\\/06\\\/KatA_RemoBuess_0002-edited.jpg\",\"contentUrl\":\"https:\\\/\\\/jugendfilmtage.ch\\\/wp-content\\\/uploads\\\/2024\\\/06\\\/KatA_RemoBuess_0002-edited.jpg\"},{\"@type\":\"BreadcrumbList\",\"@id\":\"https:\\\/\\\/jugendfilmtage.ch\\\/fr\\\/au-cours-de-annee\\\/pour-les-ecoles\\\/#breadcrumb\",\"itemListElement\":[{\"@type\":\"ListItem\",\"position\":1,\"name\":\"Au cours de l&#8217;ann\u00e9e\",\"item\":\"https:\\\/\\\/jugendfilmtage.ch\\\/fr\\\/au-cours-de-annee\\\/\"},{\"@type\":\"ListItem\",\"position\":2,\"name\":\"Pour les \u00e9coles\"}]},{\"@type\":\"WebSite\",\"@id\":\"https:\\\/\\\/jugendfilmtage.ch\\\/fr\\\/#website\",\"url\":\"https:\\\/\\\/jugendfilmtage.ch\\\/fr\\\/\",\"name\":\"FR Schweizer Jugendfilmtage\",\"description\":\"FR Festival Cin\u00e9 Jeunesse Suisse\",\"potentialAction\":[{\"@type\":\"SearchAction\",\"target\":{\"@type\":\"EntryPoint\",\"urlTemplate\":\"https:\\\/\\\/jugendfilmtage.ch\\\/fr\\\/?s={search_term_string}\"},\"query-input\":{\"@type\":\"PropertyValueSpecification\",\"valueRequired\":true,\"valueName\":\"search_term_string\"}}],\"inLanguage\":\"fr-FR\"}]}<\/script>\n<!-- \/ Yoast SEO plugin. -->","yoast_head_json":{"title":"Pour les \u00e9coles - FR Schweizer Jugendfilmtage","description":"Le Festival Cin\u00e9 Jeunesse travaille en proche collaboration avec les \u00e9coles. Sur cette page, tu trouveras nos offres pour les \u00e9coles.","robots":{"index":"index","follow":"follow","max-snippet":"max-snippet:-1","max-image-preview":"max-image-preview:large","max-video-preview":"max-video-preview:-1"},"canonical":"https:\/\/jugendfilmtage.ch\/fr\/au-cours-de-annee\/pour-les-ecoles\/","og_locale":"fr_FR","og_type":"article","og_title":"Pour les \u00e9coles - FR Schweizer Jugendfilmtage","og_description":"Le Festival Cin\u00e9 Jeunesse travaille en proche collaboration avec les \u00e9coles. Sur cette page, tu trouveras nos offres pour les \u00e9coles.","og_url":"https:\/\/jugendfilmtage.ch\/fr\/au-cours-de-annee\/pour-les-ecoles\/","og_site_name":"FR Schweizer Jugendfilmtage","article_publisher":"https:\/\/www.facebook.com\/Jugendfilmtage","article_modified_time":"2026-01-19T16:52:05+00:00","twitter_card":"summary_large_image","twitter_site":"@jugendfilmtage","twitter_misc":{"Dur\u00e9e de lecture estim\u00e9e":"2 minutes"},"schema":{"@context":"https:\/\/schema.org","@graph":[{"@type":"WebPage","@id":"https:\/\/jugendfilmtage.ch\/fr\/au-cours-de-annee\/pour-les-ecoles\/","url":"https:\/\/jugendfilmtage.ch\/fr\/au-cours-de-annee\/pour-les-ecoles\/","name":"Pour les \u00e9coles - FR Schweizer Jugendfilmtage","isPartOf":{"@id":"https:\/\/jugendfilmtage.ch\/fr\/#website"},"primaryImageOfPage":{"@id":"https:\/\/jugendfilmtage.ch\/fr\/au-cours-de-annee\/pour-les-ecoles\/#primaryimage"},"image":{"@id":"https:\/\/jugendfilmtage.ch\/fr\/au-cours-de-annee\/pour-les-ecoles\/#primaryimage"},"thumbnailUrl":"https:\/\/jugendfilmtage.ch\/wp-content\/uploads\/2024\/06\/KatA_RemoBuess_0002-edited.jpg","datePublished":"2024-02-01T16:41:09+00:00","dateModified":"2026-01-19T16:52:05+00:00","description":"Le Festival Cin\u00e9 Jeunesse travaille en proche collaboration avec les \u00e9coles. Sur cette page, tu trouveras nos offres pour les \u00e9coles.","breadcrumb":{"@id":"https:\/\/jugendfilmtage.ch\/fr\/au-cours-de-annee\/pour-les-ecoles\/#breadcrumb"},"inLanguage":"fr-FR","potentialAction":[{"@type":"ReadAction","target":["https:\/\/jugendfilmtage.ch\/fr\/au-cours-de-annee\/pour-les-ecoles\/"]}]},{"@type":"ImageObject","inLanguage":"fr-FR","@id":"https:\/\/jugendfilmtage.ch\/fr\/au-cours-de-annee\/pour-les-ecoles\/#primaryimage","url":"https:\/\/jugendfilmtage.ch\/wp-content\/uploads\/2024\/06\/KatA_RemoBuess_0002-edited.jpg","contentUrl":"https:\/\/jugendfilmtage.ch\/wp-content\/uploads\/2024\/06\/KatA_RemoBuess_0002-edited.jpg"},{"@type":"BreadcrumbList","@id":"https:\/\/jugendfilmtage.ch\/fr\/au-cours-de-annee\/pour-les-ecoles\/#breadcrumb","itemListElement":[{"@type":"ListItem","position":1,"name":"Au cours de l&#8217;ann\u00e9e","item":"https:\/\/jugendfilmtage.ch\/fr\/au-cours-de-annee\/"},{"@type":"ListItem","position":2,"name":"Pour les \u00e9coles"}]},{"@type":"WebSite","@id":"https:\/\/jugendfilmtage.ch\/fr\/#website","url":"https:\/\/jugendfilmtage.ch\/fr\/","name":"FR Schweizer Jugendfilmtage","description":"FR Festival Cin\u00e9 Jeunesse Suisse","potentialAction":[{"@type":"SearchAction","target":{"@type":"EntryPoint","urlTemplate":"https:\/\/jugendfilmtage.ch\/fr\/?s={search_term_string}"},"query-input":{"@type":"PropertyValueSpecification","valueRequired":true,"valueName":"search_term_string"}}],"inLanguage":"fr-FR"}]}},"_links":{"self":[{"href":"https:\/\/jugendfilmtage.ch\/fr\/wp-json\/wp\/v2\/pages\/23504","targetHints":{"allow":["GET"]}}],"collection":[{"href":"https:\/\/jugendfilmtage.ch\/fr\/wp-json\/wp\/v2\/pages"}],"about":[{"href":"https:\/\/jugendfilmtage.ch\/fr\/wp-json\/wp\/v2\/types\/page"}],"author":[{"embeddable":true,"href":"https:\/\/jugendfilmtage.ch\/fr\/wp-json\/wp\/v2\/users\/14"}],"replies":[{"embeddable":true,"href":"https:\/\/jugendfilmtage.ch\/fr\/wp-json\/wp\/v2\/comments?post=23504"}],"version-history":[{"count":23,"href":"https:\/\/jugendfilmtage.ch\/fr\/wp-json\/wp\/v2\/pages\/23504\/revisions"}],"predecessor-version":[{"id":61619,"href":"https:\/\/jugendfilmtage.ch\/fr\/wp-json\/wp\/v2\/pages\/23504\/revisions\/61619"}],"up":[{"embeddable":true,"href":"https:\/\/jugendfilmtage.ch\/fr\/wp-json\/wp\/v2\/pages\/18116"}],"wp:attachment":[{"href":"https:\/\/jugendfilmtage.ch\/fr\/wp-json\/wp\/v2\/media?parent=23504"}],"curies":[{"name":"wp","href":"https:\/\/api.w.org\/{rel}","templated":true}]}}