{"id":22519,"date":"2024-01-27T11:01:42","date_gmt":"2024-01-27T10:01:42","guid":{"rendered":"https:\/\/2024.jugendfilmtage.ch\/?page_id=22519"},"modified":"2025-07-21T13:21:57","modified_gmt":"2025-07-21T11:21:57","slug":"postes-vacants","status":"publish","type":"page","link":"https:\/\/jugendfilmtage.ch\/fr\/a-propos-de-nous\/postes-vacants\/","title":{"rendered":"Participer"},"content":{"rendered":"\n<h1 class=\"wp-block-heading\">Faire partie du Festival Cin\u00e9 Jeunesse Suisse<\/h1>\n\n\n\n<p>Tu aimerais faire partie de notre \u00e9quipe ?<\/p>\n\n\n\n<p>Le Festival Cin\u00e9 Jeunesse offre des possibilit\u00e9s int\u00e9ressantes de d\u00e9couvrir les coulisses de l&rsquo;un des plus grands festivals de films pour jeunes cin\u00e9astes. Nous sommes toujours heureux d&rsquo;accueillir des personnes motiv\u00e9es qui s&rsquo;int\u00e9ressent \u00e0 la programmation de films, \u00e0 l&rsquo;organisation d&rsquo;\u00e9v\u00e9nements ou \u00e0 la communication !<\/p>\n\n\n\n<p>Si tu es int\u00e9ress\u00e9\u00b7e \u00e0 faire partie de <a href=\"https:\/\/jugendfilmtage.ch\/fr\/a-propos-de-nous\/team\/\">notre \u00e9quipe<\/a> et \u00e0 nous aider dans la s\u00e9lection des films et les pr\u00e9paratifs du festival, nous serions ravi\u00b7e\u00b7s que tu nous contactes \u00e0 l&rsquo;adresse leitung@jugendfilmtage.ch.<\/p>\n\n\n\n<p><\/p>\n\n\n\n<p><\/p>\n","protected":false},"excerpt":{"rendered":"<p>Faire partie du Festival Cin\u00e9 Jeunesse Suisse Tu aimerais faire partie de notre \u00e9quipe ? Le Festival Cin\u00e9 Jeunesse offre des possibilit\u00e9s int\u00e9ressantes de d\u00e9couvrir les coulisses de l&rsquo;un des plus grands festivals de films pour jeunes cin\u00e9astes. Nous sommes toujours heureux d&rsquo;accueillir des personnes motiv\u00e9es qui s&rsquo;int\u00e9ressent \u00e0 la programmation de films, \u00e0 l&rsquo;organisation [&hellip;]<\/p>\n","protected":false},"author":14,"featured_media":0,"parent":5863,"menu_order":2,"comment_status":"closed","ping_status":"closed","template":"","meta":{"_acf_changed":false,"footnotes":""},"class_list":["post-22519","page","type-page","status-publish","hentry"],"acf":[],"yoast_head":"<!-- This site is optimized with the Yoast SEO plugin v27.4 - https:\/\/yoast.com\/product\/yoast-seo-wordpress\/ -->\n<title>Participer - FR Schweizer Jugendfilmtage<\/title>\n<meta name=\"description\" content=\"Le Festival Cin\u00e9 Jeunesse offre des possibilit\u00e9s int\u00e9ressantes de d\u00e9couvrir les coulisses de l&#039;un des plus grands festivals de films\" \/>\n<meta name=\"robots\" content=\"index, follow, max-snippet:-1, max-image-preview:large, max-video-preview:-1\" \/>\n<link rel=\"canonical\" href=\"https:\/\/jugendfilmtage.ch\/fr\/a-propos-de-nous\/postes-vacants\/\" \/>\n<meta property=\"og:locale\" content=\"fr_FR\" \/>\n<meta property=\"og:type\" content=\"article\" \/>\n<meta property=\"og:title\" content=\"Participer - FR Schweizer Jugendfilmtage\" \/>\n<meta property=\"og:description\" content=\"Le Festival Cin\u00e9 Jeunesse offre des possibilit\u00e9s int\u00e9ressantes de d\u00e9couvrir les coulisses de l&#039;un des plus grands festivals de films\" \/>\n<meta property=\"og:url\" content=\"https:\/\/jugendfilmtage.ch\/fr\/a-propos-de-nous\/postes-vacants\/\" \/>\n<meta property=\"og:site_name\" content=\"FR Schweizer Jugendfilmtage\" \/>\n<meta property=\"article:publisher\" content=\"https:\/\/www.facebook.com\/Jugendfilmtage\" \/>\n<meta property=\"article:modified_time\" content=\"2025-07-21T11:21:57+00:00\" \/>\n<meta name=\"twitter:card\" content=\"summary_large_image\" \/>\n<meta name=\"twitter:site\" content=\"@jugendfilmtage\" \/>\n<meta name=\"twitter:label1\" content=\"Dur\u00e9e de lecture estim\u00e9e\" \/>\n\t<meta name=\"twitter:data1\" content=\"1 minute\" \/>\n<script type=\"application\/ld+json\" class=\"yoast-schema-graph\">{\"@context\":\"https:\\\/\\\/schema.org\",\"@graph\":[{\"@type\":\"WebPage\",\"@id\":\"https:\\\/\\\/jugendfilmtage.ch\\\/fr\\\/a-propos-de-nous\\\/postes-vacants\\\/\",\"url\":\"https:\\\/\\\/jugendfilmtage.ch\\\/fr\\\/a-propos-de-nous\\\/postes-vacants\\\/\",\"name\":\"Participer - FR Schweizer Jugendfilmtage\",\"isPartOf\":{\"@id\":\"https:\\\/\\\/jugendfilmtage.ch\\\/fr\\\/#website\"},\"datePublished\":\"2024-01-27T10:01:42+00:00\",\"dateModified\":\"2025-07-21T11:21:57+00:00\",\"description\":\"Le Festival Cin\u00e9 Jeunesse offre des possibilit\u00e9s int\u00e9ressantes de d\u00e9couvrir les coulisses de l'un des plus grands festivals de films\",\"breadcrumb\":{\"@id\":\"https:\\\/\\\/jugendfilmtage.ch\\\/fr\\\/a-propos-de-nous\\\/postes-vacants\\\/#breadcrumb\"},\"inLanguage\":\"fr-FR\",\"potentialAction\":[{\"@type\":\"ReadAction\",\"target\":[\"https:\\\/\\\/jugendfilmtage.ch\\\/fr\\\/a-propos-de-nous\\\/postes-vacants\\\/\"]}]},{\"@type\":\"BreadcrumbList\",\"@id\":\"https:\\\/\\\/jugendfilmtage.ch\\\/fr\\\/a-propos-de-nous\\\/postes-vacants\\\/#breadcrumb\",\"itemListElement\":[{\"@type\":\"ListItem\",\"position\":1,\"name\":\"\u00c0 propos\",\"item\":\"https:\\\/\\\/jugendfilmtage.ch\\\/fr\\\/a-propos-de-nous\\\/\"},{\"@type\":\"ListItem\",\"position\":2,\"name\":\"Participer\"}]},{\"@type\":\"WebSite\",\"@id\":\"https:\\\/\\\/jugendfilmtage.ch\\\/fr\\\/#website\",\"url\":\"https:\\\/\\\/jugendfilmtage.ch\\\/fr\\\/\",\"name\":\"FR Schweizer Jugendfilmtage\",\"description\":\"FR Festival Cin\u00e9 Jeunesse Suisse\",\"potentialAction\":[{\"@type\":\"SearchAction\",\"target\":{\"@type\":\"EntryPoint\",\"urlTemplate\":\"https:\\\/\\\/jugendfilmtage.ch\\\/fr\\\/?s={search_term_string}\"},\"query-input\":{\"@type\":\"PropertyValueSpecification\",\"valueRequired\":true,\"valueName\":\"search_term_string\"}}],\"inLanguage\":\"fr-FR\"}]}<\/script>\n<!-- \/ Yoast SEO plugin. -->","yoast_head_json":{"title":"Participer - FR Schweizer Jugendfilmtage","description":"Le Festival Cin\u00e9 Jeunesse offre des possibilit\u00e9s int\u00e9ressantes de d\u00e9couvrir les coulisses de l'un des plus grands festivals de films","robots":{"index":"index","follow":"follow","max-snippet":"max-snippet:-1","max-image-preview":"max-image-preview:large","max-video-preview":"max-video-preview:-1"},"canonical":"https:\/\/jugendfilmtage.ch\/fr\/a-propos-de-nous\/postes-vacants\/","og_locale":"fr_FR","og_type":"article","og_title":"Participer - FR Schweizer Jugendfilmtage","og_description":"Le Festival Cin\u00e9 Jeunesse offre des possibilit\u00e9s int\u00e9ressantes de d\u00e9couvrir les coulisses de l'un des plus grands festivals de films","og_url":"https:\/\/jugendfilmtage.ch\/fr\/a-propos-de-nous\/postes-vacants\/","og_site_name":"FR Schweizer Jugendfilmtage","article_publisher":"https:\/\/www.facebook.com\/Jugendfilmtage","article_modified_time":"2025-07-21T11:21:57+00:00","twitter_card":"summary_large_image","twitter_site":"@jugendfilmtage","twitter_misc":{"Dur\u00e9e de lecture estim\u00e9e":"1 minute"},"schema":{"@context":"https:\/\/schema.org","@graph":[{"@type":"WebPage","@id":"https:\/\/jugendfilmtage.ch\/fr\/a-propos-de-nous\/postes-vacants\/","url":"https:\/\/jugendfilmtage.ch\/fr\/a-propos-de-nous\/postes-vacants\/","name":"Participer - FR Schweizer Jugendfilmtage","isPartOf":{"@id":"https:\/\/jugendfilmtage.ch\/fr\/#website"},"datePublished":"2024-01-27T10:01:42+00:00","dateModified":"2025-07-21T11:21:57+00:00","description":"Le Festival Cin\u00e9 Jeunesse offre des possibilit\u00e9s int\u00e9ressantes de d\u00e9couvrir les coulisses de l'un des plus grands festivals de films","breadcrumb":{"@id":"https:\/\/jugendfilmtage.ch\/fr\/a-propos-de-nous\/postes-vacants\/#breadcrumb"},"inLanguage":"fr-FR","potentialAction":[{"@type":"ReadAction","target":["https:\/\/jugendfilmtage.ch\/fr\/a-propos-de-nous\/postes-vacants\/"]}]},{"@type":"BreadcrumbList","@id":"https:\/\/jugendfilmtage.ch\/fr\/a-propos-de-nous\/postes-vacants\/#breadcrumb","itemListElement":[{"@type":"ListItem","position":1,"name":"\u00c0 propos","item":"https:\/\/jugendfilmtage.ch\/fr\/a-propos-de-nous\/"},{"@type":"ListItem","position":2,"name":"Participer"}]},{"@type":"WebSite","@id":"https:\/\/jugendfilmtage.ch\/fr\/#website","url":"https:\/\/jugendfilmtage.ch\/fr\/","name":"FR Schweizer Jugendfilmtage","description":"FR Festival Cin\u00e9 Jeunesse Suisse","potentialAction":[{"@type":"SearchAction","target":{"@type":"EntryPoint","urlTemplate":"https:\/\/jugendfilmtage.ch\/fr\/?s={search_term_string}"},"query-input":{"@type":"PropertyValueSpecification","valueRequired":true,"valueName":"search_term_string"}}],"inLanguage":"fr-FR"}]}},"_links":{"self":[{"href":"https:\/\/jugendfilmtage.ch\/fr\/wp-json\/wp\/v2\/pages\/22519","targetHints":{"allow":["GET"]}}],"collection":[{"href":"https:\/\/jugendfilmtage.ch\/fr\/wp-json\/wp\/v2\/pages"}],"about":[{"href":"https:\/\/jugendfilmtage.ch\/fr\/wp-json\/wp\/v2\/types\/page"}],"author":[{"embeddable":true,"href":"https:\/\/jugendfilmtage.ch\/fr\/wp-json\/wp\/v2\/users\/14"}],"replies":[{"embeddable":true,"href":"https:\/\/jugendfilmtage.ch\/fr\/wp-json\/wp\/v2\/comments?post=22519"}],"version-history":[{"count":5,"href":"https:\/\/jugendfilmtage.ch\/fr\/wp-json\/wp\/v2\/pages\/22519\/revisions"}],"predecessor-version":[{"id":43384,"href":"https:\/\/jugendfilmtage.ch\/fr\/wp-json\/wp\/v2\/pages\/22519\/revisions\/43384"}],"up":[{"embeddable":true,"href":"https:\/\/jugendfilmtage.ch\/fr\/wp-json\/wp\/v2\/pages\/5863"}],"wp:attachment":[{"href":"https:\/\/jugendfilmtage.ch\/fr\/wp-json\/wp\/v2\/media?parent=22519"}],"curies":[{"name":"wp","href":"https:\/\/api.w.org\/{rel}","templated":true}]}}