{"id":22438,"date":"2024-01-26T23:39:17","date_gmt":"2024-01-26T22:39:17","guid":{"rendered":"https:\/\/2024.jugendfilmtage.ch\/?page_id=22438"},"modified":"2025-12-22T16:44:43","modified_gmt":"2025-12-22T15:44:43","slug":"inscription-de-films","status":"publish","type":"page","link":"https:\/\/jugendfilmtage.ch\/fr\/inscription-de-films\/","title":{"rendered":"Inscription de films"},"content":{"rendered":"\n<figure class=\"wp-block-image size-large\"><img loading=\"lazy\" decoding=\"async\" width=\"880\" height=\"495\" src=\"https:\/\/jugendfilmtage.ch\/wp-content\/uploads\/2024\/06\/KatA_RemoBuess_0058-edited-880x495.jpg\" alt=\"Festival Cin\u00e9 Jeunesse Suisse\" class=\"wp-image-25862\" srcset=\"https:\/\/jugendfilmtage.ch\/wp-content\/uploads\/2024\/06\/KatA_RemoBuess_0058-edited-880x495.jpg 880w, https:\/\/jugendfilmtage.ch\/wp-content\/uploads\/2024\/06\/KatA_RemoBuess_0058-edited-300x169.jpg 300w, https:\/\/jugendfilmtage.ch\/wp-content\/uploads\/2024\/06\/KatA_RemoBuess_0058-edited-768x432.jpg 768w, https:\/\/jugendfilmtage.ch\/wp-content\/uploads\/2024\/06\/KatA_RemoBuess_0058-edited.jpg 1200w\" sizes=\"auto, (max-width: 880px) 100vw, 880px\" \/><\/figure>\n\n\n\n<h1 class=\"wp-block-heading\">Inscription de films<\/h1>\n\n\n\n<p>L&rsquo;inscription des films pour le 50e Festival Cin\u00e9 Jeunesse Suisse est ferm\u00e9 . <\/p>\n\n\n\n<p>Si vous avez besoin de&nbsp;<a href=\"https:\/\/jugendfilmtage.ch\/fr\/sur-lannee\/conseils-pour-les-projets-de-film\/\">conseils pour la r\u00e9alisation de votre film<\/a>, vous trouverez tout&nbsp;<a href=\"https:\/\/jugendfilmtage.ch\/fr\/sur-lannee\/conseils-pour-les-projets-de-film\/\">ici<\/a>&nbsp;: des programmes pour les sc\u00e9naristes \u00e0 la recherche de lieux de tournage, et bien plus encore.<\/p>\n\n\n\n<p>Avant de vous inscrire, veuillez lire attentivement les conditions de participation. Pour toute question, vous pouvez contacter film@jugendfilmtage.ch.<\/p>\n\n\n<style>.kb-table-of-content-nav.kb-table-of-content-id22438_9e61ba-8a .kb-table-of-content-wrap{padding-top:var(--global-kb-spacing-sm, 1.5rem);padding-right:var(--global-kb-spacing-sm, 1.5rem);padding-bottom:var(--global-kb-spacing-sm, 1.5rem);padding-left:var(--global-kb-spacing-sm, 1.5rem);}.kb-table-of-content-nav.kb-table-of-content-id22438_9e61ba-8a .kb-table-of-contents-title-wrap{padding-top:0px;padding-right:0px;padding-bottom:0px;padding-left:0px;}.kb-table-of-content-nav.kb-table-of-content-id22438_9e61ba-8a .kb-table-of-contents-title{font-weight:regular;font-style:normal;}.kb-table-of-content-nav.kb-table-of-content-id22438_9e61ba-8a .kb-table-of-content-wrap .kb-table-of-content-list{font-weight:regular;font-style:normal;margin-top:var(--global-kb-spacing-sm, 1.5rem);margin-right:0px;margin-bottom:0px;margin-left:0px;}<\/style>\n\n\n<h2 class=\"wp-block-heading\">Qui peut participer?<strong>&nbsp;<\/strong><\/h2>\n\n\n\n<h3 class=\"wp-block-heading\">\u00c2ge<\/h3>\n\n\n\n<p>Le concours est ouvert aux r\u00e9alisateurs\u00b7trice tous degr\u00e9s de professionnalisme confondus \u2013 de l\u2019amateur au cin\u00e9aste passionn\u00e9 &#8211; jusqu\u2019\u00e0 25 ans (cat\u00e9gories A-D) ainsi q&rsquo;aux \u00e9tudiant\u00b7e\u00b7s de cin\u00e9ma jusqu\u2019\u00e0 30 ans (cat\u00e9gorie E). <\/p>\n\n\n\n<p>Pour les cat\u00e9gories A et B, c\u2019est la moyenne d\u2019\u00e2ge du groupe ou de l\u2019\u00e9quipe qui compte.<\/p>\n\n\n\n<p>Pour les cat\u00e9gories C \u00e0 E, c\u2019est l\u2019\u00e2ge de la personne qui a r\u00e9alis\u00e9 le film qui est pris en compte.<\/p>\n\n\n\n<p><\/p>\n\n\n\n<div class=\"wp-block-buttons is-layout-flex wp-block-buttons-is-layout-flex\">\n<div class=\"wp-block-button is-style-outline is-style-outline--2\"><a class=\"wp-block-button__link wp-element-button\" href=\"https:\/\/jugendfilmtage.ch\/fr\/le-festival\/competition-et-prix\/\">Vue d\u2019ensemble des cat\u00e9gories de la comp\u00e9tition<\/a><\/div>\n<\/div>\n\n\n\n<p><\/p>\n\n\n\n<h3 class=\"wp-block-heading\">Domicile\/Nationalit\u00e9<\/h3>\n\n\n\n<p>Tous les r\u00e9alisateurs\u00b7trice doivent imp\u00e9rativement \u00eatre domicili\u00e9s en Suisse ou d\u00e9tenir la nationalit\u00e9 Suisse.<\/p>\n\n\n\n<h2 class=\"wp-block-heading\">Sp\u00e9cifications du film<\/h2>\n\n\n\n<h3 class=\"wp-block-heading\">Th\u00e8mes<\/h3>\n\n\n\n<p>Il n\u2019y a pas de th\u00e8mes impos\u00e9s. Prenez simplement votre cam\u00e9ra en main et partagez avec nous votre univers personnel!<\/p>\n\n\n\n<h3 class=\"wp-block-heading\">Dur\u00e9e<\/h3>\n\n\n\n<p>Les courts m\u00e9trages doivent durer entre 45 secondes et 25 minutes, g\u00e9n\u00e9rique compris.<\/p>\n\n\n\n<h3 class=\"wp-block-heading\">Ann\u00e9e de r\u00e9alisation<\/h3>\n\n\n\n<p>Au moment de l\u2019inscription, la date de r\u00e9alisation du film soumis ne doit pas remonter \u00e0 plus de deux ans.<\/p>\n\n\n\n<h3 class=\"wp-block-heading\">Fichier film<strong>&nbsp;<\/strong><\/h3>\n\n\n\n<p>Lors du Festival Cin\u00e9 Jeunesse Suisse, tous les films sont projet\u00e9s directement en format ProRes-422 ou H.264. Les fichiers pr\u00e9sentent les param\u00e8tres suivants:<br>\u2022 Videocodec: Apple ProRes, ou H.264<br>\u2022 Framerate: 24fps<\/p>\n\n\n\n<div class=\"wp-block-buttons is-layout-flex wp-block-buttons-is-layout-flex\">\n<div class=\"wp-block-button is-style-outline is-style-outline--3\"><a class=\"wp-block-button__link wp-element-button\" href=\"https:\/\/jugendfilmtage.ch\/wp-content\/uploads\/2024\/08\/Convertir-ton-fichier-film-en-format-H.264-compressed.pdf\">Comment convertir mon film en H.264<\/a><\/div>\n<\/div>\n\n\n\n<p><\/p>\n\n\n\n<h3 class=\"wp-block-heading\">Sous-titres<\/h3>\n\n\n\n<p>Les sous-titres ne sont pas n\u00e9cessaires pour l&rsquo;inscription du film, car nous allons commander une deuxi\u00e8me copie du film pour la projection au festival. Mais les films s\u00e9lectionn\u00e9s pour la comp\u00e9tition ont besoin de sous-titrage.<\/p>\n\n\n\n<ul class=\"wp-block-list\">\n<li>Cat\u00e9gorie A \/ B: \n<ul class=\"wp-block-list\">\n<li>Les films on fran\u00e7ais et italien ont besoin de sous-titrage en allemand. <\/li>\n\n\n\n<li>Les films en suisse allemand ne n\u00e9cessitent pas de sous-titres allemands, mais ils sont souhait\u00e9s lorsque cela est possible.<\/li>\n\n\n\n<li>Les films en allemand seront traduits en simultan\u00e9 et n&rsquo;ont pas besoin de sous-titrage.<\/li>\n<\/ul>\n<\/li>\n\n\n\n<li>Cat\u00e9gorie C \/ D \/ E: Toutes les films ont besoin de sous-titres en anglais.<\/li>\n<\/ul>\n\n\n\n<p>Les sous-titres doivent \u00eatre grav\u00e9s (pas dans un fichier s\u00e9par\u00e9).<\/p>\n\n\n\n<h3 class=\"wp-block-heading\">Droits musicaux<\/h3>\n\n\n\n<p>Le Festival Cin\u00e9 Jeunesse Suisses r\u00e8gle les droits de projection en accord avec la SUISA et s\u2019acquitte des redevances. Toutefois, le r\u00e9alisateur\u00b7trice est enti\u00e8rement responsable des droits musicaux pour son film. Sans le consentement des titulaires, la musique ne peut g\u00e9n\u00e9ralement pas \u00eatre utilis\u00e9e dans un film. La musique produite par intelligence artificielle <em>n&rsquo;est pas<\/em> accept\u00e9e. <\/p>\n\n\n\n<div class=\"wp-block-buttons is-layout-flex wp-block-buttons-is-layout-flex\">\n<div class=\"wp-block-button is-style-outline is-style-outline--4\"><a class=\"wp-block-button__link wp-element-button\" href=\"https:\/\/jugendfilmtage.ch\/fr\/sur-lannee\/tips-pour-projets-de-film\/\">Conseils pour la musique gratuite<\/a><\/div>\n<\/div>\n\n\n\n<h3 class=\"wp-block-heading\"><strong>G\u00e9n\u00e9rique de fin<\/strong><\/h3>\n\n\n\n<p>Le g\u00e9n\u00e9rique de ton film doit contenir au minimum les informations suivantes :<\/p>\n\n\n\n<ul class=\"wp-block-list\">\n<li><strong>Le nom de la personne ayant r\u00e9alis\u00e9 le film (r\u00e9alisation)<\/strong><\/li>\n\n\n\n<li><strong>Cr\u00e9dits musicaux<\/strong>&nbsp;: nom du\u00b7de la compositeur\u00b7ice, titre du morceau et, si n\u00e9cessaire, informations sur la licence ou la source<\/li>\n\n\n\n<li><strong>Images<\/strong>&nbsp;: si tu as utilis\u00e9 des images d\u2019archives, des images libres de droits ou tout autre visuel que tu n\u2019as pas cr\u00e9\u00e9 toi-m\u00eame, indique les sources et les auteur\u00b7ice\u00b7s<\/li>\n<\/ul>\n\n\n\n<p><\/p>\n\n\n\n<h2 class=\"wp-block-heading\">Droits des organisateurs\u00b7trice<\/h2>\n\n\n\n<p>Les organisateurs\u00b7trice se r\u00e9servent le droit d\u2019effectuer une copie des films \u00e0 leurs propres frais pour leur utilisation personnelle dans le cadre de la cr\u00e9ation d\u2019un DVD \u00e0 des fins d\u2019archivage, de pr\u00eat ou de publicit\u00e9. En outre, les organisateurs\u00b7trice peuvent mettre des extraits de film ainsi que du mat\u00e9riel iconographique \u00e0 la disposition d\u2019Internet, des m\u00e9dias et de la t\u00e9l\u00e9vision \u00e0 des fins promotionnelles. Ils\u00b7elles peuvent \u00e9galement transmettre les adresses des r\u00e9alisateurs\u00b7trice \u00e0 d\u2019autres festivals int\u00e9ress\u00e9s.<\/p>\n\n\n\n<h2 class=\"wp-block-heading\">Devoirs des organisateurs\u00b7trice<\/h2>\n\n\n\n<p>En cas de perte ou d\u2019endommagement d\u2019un film, les organisateurs sont uniquement responsables de la valeur mat\u00e9rielle du support utilis\u00e9. Les organisateurs r\u00e8glent les droits de projection avec la SUISA. Toutefois, les r\u00e9alisateurs\u00b7trice sont enti\u00e8rement responsables des droits pour la musique de leurs films.<\/p>\n\n\n\n<h2 class=\"wp-block-heading\">Dispositions finales<\/h2>\n\n\n\n<p>Avec la participation au concours, les r\u00e9alisateurs\u00b7trice acceptent sans r\u00e9serve les dispositions \u00e9nonc\u00e9es ci-dessus.<\/p>\n\n\n\n<h2 class=\"wp-block-heading\">D\u00e9lai de soumission<\/h2>\n\n\n\n<p>Pour la cat\u00e9gorie E, jusqu&rsquo;au 7 d\u00e9cembre 2025.<br>Pour les cat\u00e9gories A-D, jusqu&rsquo;au 21 d\u00e9cembre 2025.<\/p>\n\n\n\n<h2 class=\"wp-block-heading\">Envoyer le film<\/h2>\n\n\n\n<p>Chaque participant\u00b7e\u00b7s peut envoyer 3 films au maximum.<\/p>\n\n\n\n<p>Apr\u00e8s votre inscription, vous recevrez un e-mail avec votre donn\u00e9es d&rsquo;acc\u00e8s. N&rsquo;oubliez pas de v\u00e9rifier \u00e9galement votre dossier spam.<\/p>\n\n\n\n<p><\/p>\n","protected":false},"excerpt":{"rendered":"<p>Inscription de films L&rsquo;inscription des films pour le 50e Festival Cin\u00e9 Jeunesse Suisse est ferm\u00e9 . Si vous avez besoin de&nbsp;conseils pour la r\u00e9alisation de votre film, vous trouverez tout&nbsp;ici&nbsp;: des programmes pour les sc\u00e9naristes \u00e0 la recherche de lieux de tournage, et bien plus encore. Avant de vous inscrire, veuillez lire attentivement les conditions [&hellip;]<\/p>\n","protected":false},"author":14,"featured_media":0,"parent":0,"menu_order":6,"comment_status":"closed","ping_status":"closed","template":"","meta":{"_acf_changed":false,"footnotes":""},"class_list":["post-22438","page","type-page","status-publish","hentry"],"acf":[],"yoast_head":"<!-- This site is optimized with the Yoast SEO plugin v27.4 - https:\/\/yoast.com\/product\/yoast-seo-wordpress\/ -->\n<title>Inscription de films - FR Schweizer Jugendfilmtage<\/title>\n<meta name=\"description\" content=\"L&#039; inscriptions de films pour la 49e \u00e9dition du Festival Cin\u00e9 Jeunesse Suisse sont ouvertes ! Veuillez lire les conditions de participation.\" \/>\n<meta name=\"robots\" content=\"index, follow, max-snippet:-1, max-image-preview:large, max-video-preview:-1\" \/>\n<link rel=\"canonical\" href=\"https:\/\/jugendfilmtage.ch\/fr\/inscription-de-films\/\" \/>\n<meta property=\"og:locale\" content=\"fr_FR\" \/>\n<meta property=\"og:type\" content=\"article\" \/>\n<meta property=\"og:title\" content=\"Inscription de films - FR Schweizer Jugendfilmtage\" \/>\n<meta property=\"og:description\" content=\"L&#039; inscriptions de films pour la 49e \u00e9dition du Festival Cin\u00e9 Jeunesse Suisse sont ouvertes ! Veuillez lire les conditions de participation.\" \/>\n<meta property=\"og:url\" content=\"https:\/\/jugendfilmtage.ch\/fr\/inscription-de-films\/\" \/>\n<meta property=\"og:site_name\" content=\"FR Schweizer Jugendfilmtage\" \/>\n<meta property=\"article:publisher\" content=\"https:\/\/www.facebook.com\/Jugendfilmtage\" \/>\n<meta property=\"article:modified_time\" content=\"2025-12-22T15:44:43+00:00\" \/>\n<meta property=\"og:image\" content=\"https:\/\/jugendfilmtage.ch\/wp-content\/uploads\/2024\/06\/KatA_RemoBuess_0058-edited.jpg\" \/>\n\t<meta property=\"og:image:width\" content=\"1200\" \/>\n\t<meta property=\"og:image:height\" content=\"675\" \/>\n\t<meta property=\"og:image:type\" content=\"image\/jpeg\" \/>\n<meta name=\"twitter:card\" content=\"summary_large_image\" \/>\n<meta name=\"twitter:site\" content=\"@jugendfilmtage\" \/>\n<meta name=\"twitter:label1\" content=\"Dur\u00e9e de lecture estim\u00e9e\" \/>\n\t<meta name=\"twitter:data1\" content=\"5 minutes\" \/>\n<script type=\"application\/ld+json\" class=\"yoast-schema-graph\">{\"@context\":\"https:\\\/\\\/schema.org\",\"@graph\":[{\"@type\":\"WebPage\",\"@id\":\"https:\\\/\\\/jugendfilmtage.ch\\\/fr\\\/inscription-de-films\\\/\",\"url\":\"https:\\\/\\\/jugendfilmtage.ch\\\/fr\\\/inscription-de-films\\\/\",\"name\":\"Inscription de films - FR Schweizer Jugendfilmtage\",\"isPartOf\":{\"@id\":\"https:\\\/\\\/jugendfilmtage.ch\\\/fr\\\/#website\"},\"primaryImageOfPage\":{\"@id\":\"https:\\\/\\\/jugendfilmtage.ch\\\/fr\\\/inscription-de-films\\\/#primaryimage\"},\"image\":{\"@id\":\"https:\\\/\\\/jugendfilmtage.ch\\\/fr\\\/inscription-de-films\\\/#primaryimage\"},\"thumbnailUrl\":\"https:\\\/\\\/jugendfilmtage.ch\\\/wp-content\\\/uploads\\\/2024\\\/06\\\/KatA_RemoBuess_0058-edited-880x495.jpg\",\"datePublished\":\"2024-01-26T22:39:17+00:00\",\"dateModified\":\"2025-12-22T15:44:43+00:00\",\"description\":\"L' inscriptions de films pour la 49e \u00e9dition du Festival Cin\u00e9 Jeunesse Suisse sont ouvertes ! Veuillez lire les conditions de participation.\",\"inLanguage\":\"fr-FR\",\"potentialAction\":[{\"@type\":\"ReadAction\",\"target\":[\"https:\\\/\\\/jugendfilmtage.ch\\\/fr\\\/inscription-de-films\\\/\"]}]},{\"@type\":\"ImageObject\",\"inLanguage\":\"fr-FR\",\"@id\":\"https:\\\/\\\/jugendfilmtage.ch\\\/fr\\\/inscription-de-films\\\/#primaryimage\",\"url\":\"https:\\\/\\\/jugendfilmtage.ch\\\/wp-content\\\/uploads\\\/2024\\\/06\\\/KatA_RemoBuess_0058-edited-880x495.jpg\",\"contentUrl\":\"https:\\\/\\\/jugendfilmtage.ch\\\/wp-content\\\/uploads\\\/2024\\\/06\\\/KatA_RemoBuess_0058-edited-880x495.jpg\"},{\"@type\":\"WebSite\",\"@id\":\"https:\\\/\\\/jugendfilmtage.ch\\\/fr\\\/#website\",\"url\":\"https:\\\/\\\/jugendfilmtage.ch\\\/fr\\\/\",\"name\":\"FR Schweizer Jugendfilmtage\",\"description\":\"FR Festival Cin\u00e9 Jeunesse Suisse\",\"potentialAction\":[{\"@type\":\"SearchAction\",\"target\":{\"@type\":\"EntryPoint\",\"urlTemplate\":\"https:\\\/\\\/jugendfilmtage.ch\\\/fr\\\/?s={search_term_string}\"},\"query-input\":{\"@type\":\"PropertyValueSpecification\",\"valueRequired\":true,\"valueName\":\"search_term_string\"}}],\"inLanguage\":\"fr-FR\"}]}<\/script>\n<!-- \/ Yoast SEO plugin. -->","yoast_head_json":{"title":"Inscription de films - FR Schweizer Jugendfilmtage","description":"L' inscriptions de films pour la 49e \u00e9dition du Festival Cin\u00e9 Jeunesse Suisse sont ouvertes ! Veuillez lire les conditions de participation.","robots":{"index":"index","follow":"follow","max-snippet":"max-snippet:-1","max-image-preview":"max-image-preview:large","max-video-preview":"max-video-preview:-1"},"canonical":"https:\/\/jugendfilmtage.ch\/fr\/inscription-de-films\/","og_locale":"fr_FR","og_type":"article","og_title":"Inscription de films - FR Schweizer Jugendfilmtage","og_description":"L' inscriptions de films pour la 49e \u00e9dition du Festival Cin\u00e9 Jeunesse Suisse sont ouvertes ! Veuillez lire les conditions de participation.","og_url":"https:\/\/jugendfilmtage.ch\/fr\/inscription-de-films\/","og_site_name":"FR Schweizer Jugendfilmtage","article_publisher":"https:\/\/www.facebook.com\/Jugendfilmtage","article_modified_time":"2025-12-22T15:44:43+00:00","og_image":[{"width":1200,"height":675,"url":"https:\/\/jugendfilmtage.ch\/wp-content\/uploads\/2024\/06\/KatA_RemoBuess_0058-edited.jpg","type":"image\/jpeg"}],"twitter_card":"summary_large_image","twitter_site":"@jugendfilmtage","twitter_misc":{"Dur\u00e9e de lecture estim\u00e9e":"5 minutes"},"schema":{"@context":"https:\/\/schema.org","@graph":[{"@type":"WebPage","@id":"https:\/\/jugendfilmtage.ch\/fr\/inscription-de-films\/","url":"https:\/\/jugendfilmtage.ch\/fr\/inscription-de-films\/","name":"Inscription de films - FR Schweizer Jugendfilmtage","isPartOf":{"@id":"https:\/\/jugendfilmtage.ch\/fr\/#website"},"primaryImageOfPage":{"@id":"https:\/\/jugendfilmtage.ch\/fr\/inscription-de-films\/#primaryimage"},"image":{"@id":"https:\/\/jugendfilmtage.ch\/fr\/inscription-de-films\/#primaryimage"},"thumbnailUrl":"https:\/\/jugendfilmtage.ch\/wp-content\/uploads\/2024\/06\/KatA_RemoBuess_0058-edited-880x495.jpg","datePublished":"2024-01-26T22:39:17+00:00","dateModified":"2025-12-22T15:44:43+00:00","description":"L' inscriptions de films pour la 49e \u00e9dition du Festival Cin\u00e9 Jeunesse Suisse sont ouvertes ! Veuillez lire les conditions de participation.","inLanguage":"fr-FR","potentialAction":[{"@type":"ReadAction","target":["https:\/\/jugendfilmtage.ch\/fr\/inscription-de-films\/"]}]},{"@type":"ImageObject","inLanguage":"fr-FR","@id":"https:\/\/jugendfilmtage.ch\/fr\/inscription-de-films\/#primaryimage","url":"https:\/\/jugendfilmtage.ch\/wp-content\/uploads\/2024\/06\/KatA_RemoBuess_0058-edited-880x495.jpg","contentUrl":"https:\/\/jugendfilmtage.ch\/wp-content\/uploads\/2024\/06\/KatA_RemoBuess_0058-edited-880x495.jpg"},{"@type":"WebSite","@id":"https:\/\/jugendfilmtage.ch\/fr\/#website","url":"https:\/\/jugendfilmtage.ch\/fr\/","name":"FR Schweizer Jugendfilmtage","description":"FR Festival Cin\u00e9 Jeunesse Suisse","potentialAction":[{"@type":"SearchAction","target":{"@type":"EntryPoint","urlTemplate":"https:\/\/jugendfilmtage.ch\/fr\/?s={search_term_string}"},"query-input":{"@type":"PropertyValueSpecification","valueRequired":true,"valueName":"search_term_string"}}],"inLanguage":"fr-FR"}]}},"_links":{"self":[{"href":"https:\/\/jugendfilmtage.ch\/fr\/wp-json\/wp\/v2\/pages\/22438","targetHints":{"allow":["GET"]}}],"collection":[{"href":"https:\/\/jugendfilmtage.ch\/fr\/wp-json\/wp\/v2\/pages"}],"about":[{"href":"https:\/\/jugendfilmtage.ch\/fr\/wp-json\/wp\/v2\/types\/page"}],"author":[{"embeddable":true,"href":"https:\/\/jugendfilmtage.ch\/fr\/wp-json\/wp\/v2\/users\/14"}],"replies":[{"embeddable":true,"href":"https:\/\/jugendfilmtage.ch\/fr\/wp-json\/wp\/v2\/comments?post=22438"}],"version-history":[{"count":32,"href":"https:\/\/jugendfilmtage.ch\/fr\/wp-json\/wp\/v2\/pages\/22438\/revisions"}],"predecessor-version":[{"id":57218,"href":"https:\/\/jugendfilmtage.ch\/fr\/wp-json\/wp\/v2\/pages\/22438\/revisions\/57218"}],"wp:attachment":[{"href":"https:\/\/jugendfilmtage.ch\/fr\/wp-json\/wp\/v2\/media?parent=22438"}],"curies":[{"name":"wp","href":"https:\/\/api.w.org\/{rel}","templated":true}]}}