{"id":18859,"date":"2023-12-08T13:38:50","date_gmt":"2023-12-08T12:38:50","guid":{"rendered":"https:\/\/2024.jugendfilmtage.ch\/?page_id=18859"},"modified":"2026-03-15T19:38:31","modified_gmt":"2026-03-15T18:38:31","slug":"jugendfilmtage","status":"publish","type":"page","link":"https:\/\/jugendfilmtage.ch\/fr\/","title":{"rendered":"Acceuil"},"content":{"rendered":"<figure class=\"wp-block-image size-full\"><img decoding=\"async\" src=\"https:\/\/jugendfilmtage.ch\/wp-content\/uploads\/2025\/07\/jft-2026-datum-FR.svg\" class=\"wp-image-43551\"><\/figure>\n\nFais partie du plus grand festival de films de jeunes cin\u00e9astes en Suisse !\n\n<div class=\"wp-block-buttons is-layout-flex wp-block-buttons-is-layout-flex\"><div class=\"wp-block-button\"><a class=\"wp-block-button__link\">Gagnant\u00b7e\u00b7s 2026<\/a><\/div><\/div>\n\n<figure class=\"wp-block-image size-full\"><a ><img decoding=\"async\" src=\"https:\/\/jugendfilmtage.ch\/wp-content\/uploads\/2024\/02\/hauptsponsoring-zuercher-kantonalbank-w800.png\" class=\"wp-image-25209\"><\/a><\/figure>\n\n<figure class=\"wp-block-image size-full\"><img decoding=\"async\" src=\"https:\/\/jugendfilmtage.ch\/wp-content\/uploads\/2023\/12\/tiger.svg\" class=\"wp-image-21747\"><\/figure>\n\n<p>Le Festival Cin\u00e9 Jeunesse Suisse est le plus grand festival national de cin\u00e9ma, o\u00f9 sont pr\u00e9sent\u00e9s principalement des films de jeunes cin\u00e9astes. Le concours de courts-m\u00e9trages en est l&rsquo;\u00e9l\u00e9ment central : dans cinq cat\u00e9gories, des films d&rsquo;\u00e9coles et de centres de jeunes, des productions ind\u00e9pendantes et des films d&rsquo;\u00e9tudiant\u00b7e\u00b7s en cin\u00e9ma se mesurent les uns aux autres. Plus de 3 000 jeunes participent chaque ann\u00e9e au Festival.<\/p>\n\n<h2 class=\"wp-block-heading\">Participer<\/h2>\n\n<p>Comment faire partie du Festival Cin\u00e9 Jeunesse Suisse.<\/p>\n\n<h2 class=\"wp-block-heading\">Actualit\u00e9s<\/h2>\n\n<p>Ici, vous trouverez des informations actuelles sur le festival et sur nos offres pendant toute l&rsquo;ann\u00e9e.<\/p>\n\n{post_date}\n\n<h3 class=\"wp-block-heading\">{post_title}<\/h3>\n\n<p>(post_content)<\/p>\n\n<figure class=\"wp-block-image size-large\"><img decoding=\"async\" src=\"https:\/\/jugendfilmtage.ch\/wp-content\/uploads\/2024\/11\/Key-Visual-e1732529493244.png\" class=\"wp-image-27968\"><\/figure>\n\n<h2 class=\"wp-block-heading\">Au cours de l&rsquo;ann\u00e9e<\/h2>\n\n<p>Les Festival Cin\u00e9 Jeunesse Suisse ne se d\u00e9roulent pas uniquement pendant le festival ! Vous pouvez profiter des offres en cours toute l&rsquo;ann\u00e9e.<\/p>\n\n<p><a href=\"https:\/\/jugendfilmtage.ch\/fr\/histoire-du-festival-cine-jeunesse-suisse\/\">Cliquez ici pour d\u00e9couvrir les 50 ans d&rsquo;histoire du Festival Cin\u00e9 Jeunesse Suisse !\u00a0<\/a><\/p>\n\n<figure class=\"wp-block-video\"><video autoplay loop src=\"\"><\/video><\/figure>","protected":false},"excerpt":{"rendered":"<p>Fais partie du plus grand festival de films de jeunes cin\u00e9astes en Suisse ! Le Festival Cin\u00e9 Jeunesse Suisse est le plus grand festival national de cin\u00e9ma, o\u00f9 sont pr\u00e9sent\u00e9s principalement des films de jeunes cin\u00e9astes. Le concours de courts-m\u00e9trages en est l&rsquo;\u00e9l\u00e9ment central : dans cinq cat\u00e9gories, des films d&rsquo;\u00e9coles et de centres de [&hellip;]<\/p>\n","protected":false},"author":12,"featured_media":27968,"parent":0,"menu_order":0,"comment_status":"closed","ping_status":"closed","template":"","meta":{"_acf_changed":false,"footnotes":""},"class_list":["post-18859","page","type-page","status-publish","has-post-thumbnail","hentry"],"acf":[],"yoast_head":"<!-- This site is optimized with the Yoast SEO plugin v27.4 - https:\/\/yoast.com\/product\/yoast-seo-wordpress\/ -->\n<title>Acceuil - FR Schweizer Jugendfilmtage<\/title>\n<meta name=\"description\" content=\"Le Festival Cin\u00e9 Jeunesse Suisse est le plus grand festival national de cin\u00e9ma, o\u00f9 sont pr\u00e9sent\u00e9s principalement des films de jeunes cin\u00e9astes.\" \/>\n<meta name=\"robots\" content=\"index, follow, max-snippet:-1, max-image-preview:large, max-video-preview:-1\" \/>\n<link rel=\"canonical\" href=\"https:\/\/jugendfilmtage.ch\/fr\/\" \/>\n<meta property=\"og:locale\" content=\"fr_FR\" \/>\n<meta property=\"og:type\" content=\"article\" \/>\n<meta property=\"og:title\" content=\"Acceuil - FR Schweizer Jugendfilmtage\" \/>\n<meta property=\"og:description\" content=\"Le Festival Cin\u00e9 Jeunesse Suisse est le plus grand festival national de cin\u00e9ma, o\u00f9 sont pr\u00e9sent\u00e9s principalement des films de jeunes cin\u00e9astes.\" \/>\n<meta property=\"og:url\" content=\"https:\/\/jugendfilmtage.ch\/fr\/\" \/>\n<meta property=\"og:site_name\" content=\"FR Schweizer Jugendfilmtage\" \/>\n<meta property=\"article:publisher\" content=\"https:\/\/www.facebook.com\/Jugendfilmtage\" \/>\n<meta property=\"article:modified_time\" content=\"2026-03-15T18:38:31+00:00\" \/>\n<meta property=\"og:image\" content=\"https:\/\/jugendfilmtage.ch\/wp-content\/uploads\/2024\/11\/Key-Visual-e1732529493244.png\" \/>\n\t<meta property=\"og:image:width\" content=\"460\" \/>\n\t<meta property=\"og:image:height\" content=\"638\" \/>\n\t<meta property=\"og:image:type\" content=\"image\/png\" \/>\n<meta name=\"twitter:card\" content=\"summary_large_image\" \/>\n<meta name=\"twitter:site\" content=\"@jugendfilmtage\" \/>\n<meta name=\"twitter:label1\" content=\"Dur\u00e9e de lecture estim\u00e9e\" \/>\n\t<meta name=\"twitter:data1\" content=\"5 minutes\" \/>\n<script type=\"application\/ld+json\" class=\"yoast-schema-graph\">{\"@context\":\"https:\\\/\\\/schema.org\",\"@graph\":[{\"@type\":\"WebPage\",\"@id\":\"https:\\\/\\\/jugendfilmtage.ch\\\/fr\\\/\",\"url\":\"https:\\\/\\\/jugendfilmtage.ch\\\/fr\\\/\",\"name\":\"Acceuil - FR Schweizer Jugendfilmtage\",\"isPartOf\":{\"@id\":\"https:\\\/\\\/jugendfilmtage.ch\\\/fr\\\/#website\"},\"primaryImageOfPage\":{\"@id\":\"https:\\\/\\\/jugendfilmtage.ch\\\/fr\\\/#primaryimage\"},\"image\":{\"@id\":\"https:\\\/\\\/jugendfilmtage.ch\\\/fr\\\/#primaryimage\"},\"thumbnailUrl\":\"https:\\\/\\\/jugendfilmtage.ch\\\/wp-content\\\/uploads\\\/2024\\\/11\\\/Key-Visual-e1732529493244.png\",\"datePublished\":\"2023-12-08T12:38:50+00:00\",\"dateModified\":\"2026-03-15T18:38:31+00:00\",\"description\":\"Le Festival Cin\u00e9 Jeunesse Suisse est le plus grand festival national de cin\u00e9ma, o\u00f9 sont pr\u00e9sent\u00e9s principalement des films de jeunes cin\u00e9astes.\",\"inLanguage\":\"fr-FR\",\"potentialAction\":[{\"@type\":\"ReadAction\",\"target\":[\"https:\\\/\\\/jugendfilmtage.ch\\\/fr\\\/\"]}]},{\"@type\":\"ImageObject\",\"inLanguage\":\"fr-FR\",\"@id\":\"https:\\\/\\\/jugendfilmtage.ch\\\/fr\\\/#primaryimage\",\"url\":\"https:\\\/\\\/jugendfilmtage.ch\\\/wp-content\\\/uploads\\\/2024\\\/11\\\/Key-Visual-e1732529493244.png\",\"contentUrl\":\"https:\\\/\\\/jugendfilmtage.ch\\\/wp-content\\\/uploads\\\/2024\\\/11\\\/Key-Visual-e1732529493244.png\",\"width\":460,\"height\":638,\"caption\":\"Key Visual\"},{\"@type\":\"WebSite\",\"@id\":\"https:\\\/\\\/jugendfilmtage.ch\\\/fr\\\/#website\",\"url\":\"https:\\\/\\\/jugendfilmtage.ch\\\/fr\\\/\",\"name\":\"FR Schweizer Jugendfilmtage\",\"description\":\"FR Festival Cin\u00e9 Jeunesse Suisse\",\"potentialAction\":[{\"@type\":\"SearchAction\",\"target\":{\"@type\":\"EntryPoint\",\"urlTemplate\":\"https:\\\/\\\/jugendfilmtage.ch\\\/fr\\\/?s={search_term_string}\"},\"query-input\":{\"@type\":\"PropertyValueSpecification\",\"valueRequired\":true,\"valueName\":\"search_term_string\"}}],\"inLanguage\":\"fr-FR\"}]}<\/script>\n<!-- \/ Yoast SEO plugin. -->","yoast_head_json":{"title":"Acceuil - FR Schweizer Jugendfilmtage","description":"Le Festival Cin\u00e9 Jeunesse Suisse est le plus grand festival national de cin\u00e9ma, o\u00f9 sont pr\u00e9sent\u00e9s principalement des films de jeunes cin\u00e9astes.","robots":{"index":"index","follow":"follow","max-snippet":"max-snippet:-1","max-image-preview":"max-image-preview:large","max-video-preview":"max-video-preview:-1"},"canonical":"https:\/\/jugendfilmtage.ch\/fr\/","og_locale":"fr_FR","og_type":"article","og_title":"Acceuil - FR Schweizer Jugendfilmtage","og_description":"Le Festival Cin\u00e9 Jeunesse Suisse est le plus grand festival national de cin\u00e9ma, o\u00f9 sont pr\u00e9sent\u00e9s principalement des films de jeunes cin\u00e9astes.","og_url":"https:\/\/jugendfilmtage.ch\/fr\/","og_site_name":"FR Schweizer Jugendfilmtage","article_publisher":"https:\/\/www.facebook.com\/Jugendfilmtage","article_modified_time":"2026-03-15T18:38:31+00:00","og_image":[{"width":460,"height":638,"url":"https:\/\/jugendfilmtage.ch\/wp-content\/uploads\/2024\/11\/Key-Visual-e1732529493244.png","type":"image\/png"}],"twitter_card":"summary_large_image","twitter_site":"@jugendfilmtage","twitter_misc":{"Dur\u00e9e de lecture estim\u00e9e":"5 minutes"},"schema":{"@context":"https:\/\/schema.org","@graph":[{"@type":"WebPage","@id":"https:\/\/jugendfilmtage.ch\/fr\/","url":"https:\/\/jugendfilmtage.ch\/fr\/","name":"Acceuil - FR Schweizer Jugendfilmtage","isPartOf":{"@id":"https:\/\/jugendfilmtage.ch\/fr\/#website"},"primaryImageOfPage":{"@id":"https:\/\/jugendfilmtage.ch\/fr\/#primaryimage"},"image":{"@id":"https:\/\/jugendfilmtage.ch\/fr\/#primaryimage"},"thumbnailUrl":"https:\/\/jugendfilmtage.ch\/wp-content\/uploads\/2024\/11\/Key-Visual-e1732529493244.png","datePublished":"2023-12-08T12:38:50+00:00","dateModified":"2026-03-15T18:38:31+00:00","description":"Le Festival Cin\u00e9 Jeunesse Suisse est le plus grand festival national de cin\u00e9ma, o\u00f9 sont pr\u00e9sent\u00e9s principalement des films de jeunes cin\u00e9astes.","inLanguage":"fr-FR","potentialAction":[{"@type":"ReadAction","target":["https:\/\/jugendfilmtage.ch\/fr\/"]}]},{"@type":"ImageObject","inLanguage":"fr-FR","@id":"https:\/\/jugendfilmtage.ch\/fr\/#primaryimage","url":"https:\/\/jugendfilmtage.ch\/wp-content\/uploads\/2024\/11\/Key-Visual-e1732529493244.png","contentUrl":"https:\/\/jugendfilmtage.ch\/wp-content\/uploads\/2024\/11\/Key-Visual-e1732529493244.png","width":460,"height":638,"caption":"Key Visual"},{"@type":"WebSite","@id":"https:\/\/jugendfilmtage.ch\/fr\/#website","url":"https:\/\/jugendfilmtage.ch\/fr\/","name":"FR Schweizer Jugendfilmtage","description":"FR Festival Cin\u00e9 Jeunesse Suisse","potentialAction":[{"@type":"SearchAction","target":{"@type":"EntryPoint","urlTemplate":"https:\/\/jugendfilmtage.ch\/fr\/?s={search_term_string}"},"query-input":{"@type":"PropertyValueSpecification","valueRequired":true,"valueName":"search_term_string"}}],"inLanguage":"fr-FR"}]}},"_links":{"self":[{"href":"https:\/\/jugendfilmtage.ch\/fr\/wp-json\/wp\/v2\/pages\/18859","targetHints":{"allow":["GET"]}}],"collection":[{"href":"https:\/\/jugendfilmtage.ch\/fr\/wp-json\/wp\/v2\/pages"}],"about":[{"href":"https:\/\/jugendfilmtage.ch\/fr\/wp-json\/wp\/v2\/types\/page"}],"author":[{"embeddable":true,"href":"https:\/\/jugendfilmtage.ch\/fr\/wp-json\/wp\/v2\/users\/12"}],"replies":[{"embeddable":true,"href":"https:\/\/jugendfilmtage.ch\/fr\/wp-json\/wp\/v2\/comments?post=18859"}],"version-history":[{"count":100,"href":"https:\/\/jugendfilmtage.ch\/fr\/wp-json\/wp\/v2\/pages\/18859\/revisions"}],"predecessor-version":[{"id":75055,"href":"https:\/\/jugendfilmtage.ch\/fr\/wp-json\/wp\/v2\/pages\/18859\/revisions\/75055"}],"wp:featuredmedia":[{"embeddable":true,"href":"https:\/\/jugendfilmtage.ch\/fr\/wp-json\/wp\/v2\/media\/27968"}],"wp:attachment":[{"href":"https:\/\/jugendfilmtage.ch\/fr\/wp-json\/wp\/v2\/media?parent=18859"}],"curies":[{"name":"wp","href":"https:\/\/api.w.org\/{rel}","templated":true}]}}