{"id":18270,"date":"2023-06-30T14:46:22","date_gmt":"2023-06-30T12:46:22","guid":{"rendered":"https:\/\/2024.jugendfilmtage.ch\/?page_id=18270"},"modified":"2025-07-21T13:39:14","modified_gmt":"2025-07-21T11:39:14","slug":"films","status":"publish","type":"page","link":"https:\/\/jugendfilmtage.ch\/fr\/films\/","title":{"rendered":"Films"},"content":{"rendered":"\n<h1 class=\"wp-block-heading\">\u00ab Clap ! Clap ! \u00bb&nbsp;Films<\/h1>\n\n\n\n<p>Ci-dessous, tu trouveras la liste des films r\u00e9alis\u00e9s gr\u00e2ce au soutien de notre projet. <\/p>\n\n\n\n<p>Tous les films \u00ab Clap ! Clap ! \u00bb peuvent \u00eatre visionn\u00e9s <a href=\"https:\/\/www.playsuisse.ch\/collection\/355381\">gratuitement sur Play Suisse<\/a> avec des sous-titres en allemand, fran\u00e7ais et italien.<\/p>\n\n\n\n<h2 class=\"wp-block-heading\">COPE<\/h2>\n\n\n\n<figure class=\"wp-block-image size-large\"><img loading=\"lazy\" decoding=\"async\" width=\"880\" height=\"352\" src=\"https:\/\/jugendfilmtage.ch\/wp-content\/uploads\/2025\/03\/Klappe-Auf_9_COPE-880x352.png\" alt=\"COPE by Alice Coleman\" class=\"wp-image-32500\" srcset=\"https:\/\/jugendfilmtage.ch\/wp-content\/uploads\/2025\/03\/Klappe-Auf_9_COPE-880x352.png 880w, https:\/\/jugendfilmtage.ch\/wp-content\/uploads\/2025\/03\/Klappe-Auf_9_COPE-300x120.png 300w, https:\/\/jugendfilmtage.ch\/wp-content\/uploads\/2025\/03\/Klappe-Auf_9_COPE-768x307.png 768w, https:\/\/jugendfilmtage.ch\/wp-content\/uploads\/2025\/03\/Klappe-Auf_9_COPE.png 1497w\" sizes=\"auto, (max-width: 880px) 100vw, 880px\" \/><\/figure>\n\n\n\n<p>R\u00e9alisation : Alice Coleman, 2025, 5&prime; <\/p>\n\n\n\n<p>Apr\u00e8s une longue journ\u00e9e de travail, un homme retrouve sa compagne \u00e0 la maison. Elle l\u2019accueille tendrement\u2026 mais elle est cens\u00e9e \u00eatre morte. A-t-il perdu la raison, ou existe-t-il une explication \u00e0 cet impossible retour ?<\/p>\n\n\n\n<h2 class=\"wp-block-heading\">Va Tutto Bene<\/h2>\n\n\n\n<figure class=\"wp-block-image size-large\"><img loading=\"lazy\" decoding=\"async\" width=\"880\" height=\"495\" src=\"https:\/\/jugendfilmtage.ch\/wp-content\/uploads\/2024\/02\/Filmstill-corto-2-880x495.png\" alt=\"\" class=\"wp-image-24857\" srcset=\"https:\/\/jugendfilmtage.ch\/wp-content\/uploads\/2024\/02\/Filmstill-corto-2-880x495.png 880w, https:\/\/jugendfilmtage.ch\/wp-content\/uploads\/2024\/02\/Filmstill-corto-2-300x169.png 300w, https:\/\/jugendfilmtage.ch\/wp-content\/uploads\/2024\/02\/Filmstill-corto-2-768x432.png 768w, https:\/\/jugendfilmtage.ch\/wp-content\/uploads\/2024\/02\/Filmstill-corto-2-1536x864.png 1536w, https:\/\/jugendfilmtage.ch\/wp-content\/uploads\/2024\/02\/Filmstill-corto-2.png 1920w\" sizes=\"auto, (max-width: 880px) 100vw, 880px\" \/><\/figure>\n\n\n\n<p>R\u00e9alisation : Tome Zivko &amp; Tina Furger, 2024, 14&prime;<\/p>\n\n\n\n<p>Luttant pour trouver ses rep\u00e8res au quotidien, jeune femme s\u2019\u00e9vade pour passer l\u2019\u00e9t\u00e9 \u00e0 travailler dans une cabane de montagne. Tout se passe bien jusqu\u2019\u00e0 ce qu\u2019une s\u00e9rie d\u2019apparitions monstrueuses viennent bouleverser le calme ambiant. Ces derni\u00e8res contraignent la protagoniste \u00e0 affronter ses craintes et ses ins\u00e9curit\u00e9s.<\/p>\n\n\n\n<h2 class=\"wp-block-heading\">PLUS RIEN NE NOUS S\u00c9PARE<\/h2>\n\n\n\n<figure class=\"wp-block-image size-full\"><img loading=\"lazy\" decoding=\"async\" width=\"1030\" height=\"579\" src=\"https:\/\/jugendfilmtage.ch\/wp-content\/uploads\/2023\/02\/Bildschirmfoto-2023-02-22-um-11.49.04.png\" alt=\"\" class=\"wp-image-16451\" srcset=\"https:\/\/jugendfilmtage.ch\/wp-content\/uploads\/2023\/02\/Bildschirmfoto-2023-02-22-um-11.49.04.png 1030w, https:\/\/jugendfilmtage.ch\/wp-content\/uploads\/2023\/02\/Bildschirmfoto-2023-02-22-um-11.49.04-300x169.png 300w, https:\/\/jugendfilmtage.ch\/wp-content\/uploads\/2023\/02\/Bildschirmfoto-2023-02-22-um-11.49.04-880x495.png 880w, https:\/\/jugendfilmtage.ch\/wp-content\/uploads\/2023\/02\/Bildschirmfoto-2023-02-22-um-11.49.04-768x432.png 768w\" sizes=\"auto, (max-width: 1030px) 100vw, 1030px\" \/><\/figure>\n\n\n\n<p>R\u00e9alisation : Larissa B\u00fcrgi &amp; Ladina Stachelig, 2023, 30\u2032<\/p>\n\n\n\n<p>Le film est le portrait d&rsquo;une amiti\u00e9, s\u00e9par\u00e9e par la distance. Larissa a d\u00e9m\u00e9nag\u00e9 \u00e0 Hanovre en septembre dernier. Elle est coinc\u00e9e entre le mal du pays et la nostalgie, entre ce qu&rsquo;elle a laiss\u00e9 derri\u00e8re elle et le nouveau d\u00e9part. Ladina vit \u00e0 B\u00e2le. La nostalgie et l&rsquo;envie de partir sont des ombres permanentes. Dans ses r\u00eaves, elle vole, dans la r\u00e9alit\u00e9, elle souffre d&rsquo;une douleur chronique. Parall\u00e8lement, elles vaquent \u00e0 leurs occupations quotidiennes. \u00c0 leur distance se cr\u00e9e une atmosph\u00e8re cin\u00e9matographique, anim\u00e9e par le son, les monologues et la documentation visuelle. Les deux amies s&rsquo;accompagnent mutuellement dans leur propre p\u00e9riode d&rsquo;isolement, de solitude et d&rsquo;\u00e9tranget\u00e9. O\u00f9 est-on vraiment chez soi quand on part ? Qu&rsquo;est-ce qui nous retient ? Les fronti\u00e8res entre les villes s&rsquo;estompent et les amies cherchent leur propre patrie libre. Un r\u00e9cit commun de Larissa et Ladina.<\/p>\n\n\n\n<h2 class=\"wp-block-heading\">Le silence bruyant <\/h2>\n\n\n\n<figure class=\"wp-block-image size-large\"><img loading=\"lazy\" decoding=\"async\" width=\"880\" height=\"489\" src=\"https:\/\/jugendfilmtage.ch\/wp-content\/uploads\/2025\/03\/Klappe-Auf_6_Das-laute-Schweigen-880x489.jpeg\" alt=\"\" class=\"wp-image-32489\" srcset=\"https:\/\/jugendfilmtage.ch\/wp-content\/uploads\/2025\/03\/Klappe-Auf_6_Das-laute-Schweigen-880x489.jpeg 880w, https:\/\/jugendfilmtage.ch\/wp-content\/uploads\/2025\/03\/Klappe-Auf_6_Das-laute-Schweigen-300x167.jpeg 300w, https:\/\/jugendfilmtage.ch\/wp-content\/uploads\/2025\/03\/Klappe-Auf_6_Das-laute-Schweigen-768x427.jpeg 768w, https:\/\/jugendfilmtage.ch\/wp-content\/uploads\/2025\/03\/Klappe-Auf_6_Das-laute-Schweigen-1536x853.jpeg 1536w, https:\/\/jugendfilmtage.ch\/wp-content\/uploads\/2025\/03\/Klappe-Auf_6_Das-laute-Schweigen-2048x1138.jpeg 2048w\" sizes=\"auto, (max-width: 880px) 100vw, 880px\" \/><\/figure>\n\n\n\n<p><span class=\"MuiBox-root jss2294 jss2278\">R\u00e9alisation : <\/span><span class=\"MuiBox-root jss2295 jss2279\">Melinda M\u00fcller, 2022, 20\u2032<\/span><\/p>\n\n\n\n<p>Les parents d\u2019une jeune fille tentent de d\u00e9couvrir o\u00f9 elle a fugu\u00e9 en organisant une r\u00e9union avec son professeur, son entra\u00eeneur et sa meilleure amie. Cependant, la situation s\u2019envenime et des confessions inattendues apparaissent. Quelqu\u2019un cache-t-il quelque chose?<\/p>\n\n\n\n<p><\/p>\n\n\n\n<h2 class=\"wp-block-heading\">VERZASCA EN ROUGE<\/h2>\n\n\n\n<figure class=\"wp-block-image size-full\"><img decoding=\"async\" src=\"https:\/\/jugendfilmtage.ch\/wp-content\/uploads\/2021\/02\/Verzasca-2.jpg\" alt=\"\" class=\"wp-image-13291\"\/><\/figure>\n\n\n\n<p><span class=\"MuiBox-root jss2294 jss2278\">R\u00e9alisation : Nadina Dollie, 2021, 11\u2032<\/span><\/p>\n\n\n\n<p>Sous la chaleur estivale des rives de la Verzasca, les r\u00eaves de Maria se lib\u00e8rent ne laissant rien au hasard. Un m\u00e9lodrame estival dans les montagnes suisses.<\/p>\n\n\n\n<p><\/p>\n\n\n\n<h2 class=\"wp-block-heading\">BANQUET<\/h2>\n\n\n\n<figure class=\"wp-block-image size-full\"><img loading=\"lazy\" decoding=\"async\" width=\"1920\" height=\"1080\" src=\"https:\/\/jugendfilmtage.ch\/wp-content\/uploads\/2020\/02\/Still0210_00009.jpg\" alt=\"\" class=\"wp-image-11244\" srcset=\"https:\/\/jugendfilmtage.ch\/wp-content\/uploads\/2020\/02\/Still0210_00009.jpg 1920w, https:\/\/jugendfilmtage.ch\/wp-content\/uploads\/2020\/02\/Still0210_00009-300x169.jpg 300w, https:\/\/jugendfilmtage.ch\/wp-content\/uploads\/2020\/02\/Still0210_00009-880x495.jpg 880w, https:\/\/jugendfilmtage.ch\/wp-content\/uploads\/2020\/02\/Still0210_00009-768x432.jpg 768w, https:\/\/jugendfilmtage.ch\/wp-content\/uploads\/2020\/02\/Still0210_00009-1536x864.jpg 1536w\" sizes=\"auto, (max-width: 1920px) 100vw, 1920px\" \/><\/figure>\n\n\n\n<p>R<span class=\"MuiBox-root jss2294 jss2278\">\u00e9alisation : Samantha Zaugg, 2020, 15\u2032<\/span><\/p>\n\n\n\n<p>\u00c0 Frauenfeld, il existe une vieille tradition : le banquet des citoyens de la Konstablergesellschaft. Pourquoi \u00e7a ? Et pourquoi est-il important que cela reste ainsi ? C\u2019est ce que la cin\u00e9aste Samantha Zaugg veut d\u00e9couvrir.<\/p>\n\n\n\n<p><\/p>\n\n\n\n<h2 class=\"wp-block-heading\">NIOMA<\/h2>\n\n\n\n<figure class=\"wp-block-image size-full\"><img loading=\"lazy\" decoding=\"async\" width=\"2732\" height=\"1537\" src=\"https:\/\/jugendfilmtage.ch\/wp-content\/uploads\/2019\/02\/1_Nioma-1.jpeg\" alt=\"\" class=\"wp-image-10718\" srcset=\"https:\/\/jugendfilmtage.ch\/wp-content\/uploads\/2019\/02\/1_Nioma-1.jpeg 2732w, https:\/\/jugendfilmtage.ch\/wp-content\/uploads\/2019\/02\/1_Nioma-1-300x169.jpeg 300w, https:\/\/jugendfilmtage.ch\/wp-content\/uploads\/2019\/02\/1_Nioma-1-768x432.jpeg 768w, https:\/\/jugendfilmtage.ch\/wp-content\/uploads\/2019\/02\/1_Nioma-1-880x495.jpeg 880w\" sizes=\"auto, (max-width: 2732px) 100vw, 2732px\" \/><\/figure>\n\n\n\n<p>R\u00e9alisation&nbsp;: Silja V\u00f6geli &amp; Tobias Friedly, 2019, 18 min<\/p>\n\n\n\n<p>Malheureusement, Kimi a perdu la vie dans une catastrophe naturelle caus\u00e9e par le changement climatique. Les parents de Nioma sont d\u00e9pass\u00e9s par la situation et la jeune fille d\u00e9cide de passer le reste de sa vie dans la nature, car elle ne veut plus jamais rencontrer un \u00eatre humain. Pourtant, son souvenir de Kimi ne la l\u00e2che pas.<\/p>\n\n\n\n<p><\/p>\n\n\n\n<h2 class=\"wp-block-heading\">UND DIE MADEN SCHWIMMEN<\/h2>\n\n\n\n<figure class=\"wp-block-image size-large\"><img loading=\"lazy\" decoding=\"async\" width=\"880\" height=\"550\" src=\"https:\/\/jugendfilmtage.ch\/wp-content\/uploads\/2023\/06\/1_Eroeffnungsfilms-880x550.png\" alt=\"\" class=\"wp-image-18229\" srcset=\"https:\/\/jugendfilmtage.ch\/wp-content\/uploads\/2023\/06\/1_Eroeffnungsfilms-880x550.png 880w, https:\/\/jugendfilmtage.ch\/wp-content\/uploads\/2023\/06\/1_Eroeffnungsfilms-300x188.png 300w, https:\/\/jugendfilmtage.ch\/wp-content\/uploads\/2023\/06\/1_Eroeffnungsfilms-768x480.png 768w, https:\/\/jugendfilmtage.ch\/wp-content\/uploads\/2023\/06\/1_Eroeffnungsfilms.png 1280w\" sizes=\"auto, (max-width: 880px) 100vw, 880px\" \/><\/figure>\n\n\n\n<p>R\u00e9alisation&nbsp;: Beth Barnes, Daniel Byrne, Isobel Gr\u00f6nke, 2018, 12&prime; <\/p>\n\n\n\n<p>La piscine doit \u00eatre nettoy\u00e9e de la salet\u00e9. Et les asticots ? Ils nagent. L\u2019\u00e9trange et p\u00e9dant gardien Toni a un lourd secret.<\/p>\n\n\n\n<p><\/p>\n\n\n\n<h2 class=\"wp-block-heading\">FEUERTANZ<\/h2>\n\n\n\n<figure class=\"wp-block-image size-full\"><img loading=\"lazy\" decoding=\"async\" width=\"2560\" height=\"1057\" src=\"https:\/\/jugendfilmtage.ch\/wp-content\/uploads\/2023\/06\/Bild-3-scaled.jpg\" alt=\"\" class=\"wp-image-18227\" srcset=\"https:\/\/jugendfilmtage.ch\/wp-content\/uploads\/2023\/06\/Bild-3-scaled.jpg 2560w, https:\/\/jugendfilmtage.ch\/wp-content\/uploads\/2023\/06\/Bild-3-300x124.jpg 300w, https:\/\/jugendfilmtage.ch\/wp-content\/uploads\/2023\/06\/Bild-3-880x363.jpg 880w, https:\/\/jugendfilmtage.ch\/wp-content\/uploads\/2023\/06\/Bild-3-768x317.jpg 768w, https:\/\/jugendfilmtage.ch\/wp-content\/uploads\/2023\/06\/Bild-3-1536x634.jpg 1536w, https:\/\/jugendfilmtage.ch\/wp-content\/uploads\/2023\/06\/Bild-3-2048x846.jpg 2048w\" sizes=\"auto, (max-width: 2560px) 100vw, 2560px\" \/><\/figure>\n\n\n\n<p>Realisation&nbsp;: Damien Hauser, 2017, 15&prime; <\/p>\n\n\n\n<p>Lorsque Sara, 14 ans, rentre chez elle et se rend compte que sa m\u00e8re n&rsquo;est pas l\u00e0, elle n&rsquo;h\u00e9site pas. Elle allume la gazini\u00e8re, allume le briquet et fait exploser l&rsquo;appartement.<\/p>\n\n\n\n<hr class=\"wp-block-separator has-alpha-channel-opacity\"\/>\n\n\n\n<p>\u00abClap! Clap\u00bb est une coop\u00e9ration du Festival Cin\u00e9 Jeunesse Suisse avec <a href=\"http:\/\/www.castellinaria.ch\/\" target=\"_blank\" rel=\"noopener noreferrer\">Castellinaria<\/a>, <a href=\"https:\/\/www.baselfilmfestival.ch\" target=\"_blank\" rel=\"noopener noreferrer\">G\u00e4ssli Film Festival<\/a>, <a href=\"https:\/\/www.zugerfilmtage.ch\/\" target=\"_blank\" rel=\"noopener noreferrer\">Zuger Filmtage<\/a>, <a href=\"https:\/\/www.upcoming-filmmakers.ch\/fr\/festival\" target=\"_blank\" rel=\"noopener noreferrer\">Upcoming Film Makers<\/a>, <a href=\"https:\/\/filmkids.ch\">Filmkids.ch<\/a> &amp; <a href=\"https:\/\/www.htagcine.ch\">#cine<\/a><\/p>\n\n\n\n<p>\u00abClap! Clap!\u00bb est soutenu par la <a href=\"https:\/\/www.srgssr.ch\/fr\/accueil\/\" target=\"_blank\" rel=\"noopener noreferrer\">SRG SSR<\/a>.<\/p>\n\n\n\n<p><\/p>\n","protected":false},"excerpt":{"rendered":"<p>\u00ab Clap ! Clap ! \u00bb&nbsp;Films Ci-dessous, tu trouveras la liste des films r\u00e9alis\u00e9s gr\u00e2ce au soutien de notre projet. Tous les films \u00ab Clap ! Clap ! \u00bb peuvent \u00eatre visionn\u00e9s gratuitement sur Play Suisse avec des sous-titres en allemand, fran\u00e7ais et italien. COPE R\u00e9alisation : Alice Coleman, 2025, 5&prime; Apr\u00e8s une longue journ\u00e9e [&hellip;]<\/p>\n","protected":false},"author":14,"featured_media":0,"parent":0,"menu_order":11,"comment_status":"closed","ping_status":"closed","template":"","meta":{"_acf_changed":false,"footnotes":""},"class_list":["post-18270","page","type-page","status-publish","hentry"],"acf":[],"yoast_head":"<!-- This site is optimized with the Yoast SEO plugin v27.4 - https:\/\/yoast.com\/product\/yoast-seo-wordpress\/ -->\n<title>Films - FR Schweizer Jugendfilmtage<\/title>\n<meta name=\"description\" content=\"\u00ab Clap ! Clap ! \u00bb&nbsp;Films Ci-dessous, tu trouveras la liste des films r\u00e9alis\u00e9s gr\u00e2ce au soutien de notre projet. Tous les films \u00ab Clap ! Clap ! \u00bb\" \/>\n<meta name=\"robots\" content=\"index, follow, max-snippet:-1, max-image-preview:large, max-video-preview:-1\" \/>\n<link rel=\"canonical\" href=\"https:\/\/jugendfilmtage.ch\/fr\/films\/\" \/>\n<meta property=\"og:locale\" content=\"fr_FR\" \/>\n<meta property=\"og:type\" content=\"article\" \/>\n<meta property=\"og:title\" content=\"Films - FR Schweizer Jugendfilmtage\" \/>\n<meta property=\"og:description\" content=\"\u00ab Clap ! Clap ! \u00bb&nbsp;Films Ci-dessous, tu trouveras la liste des films r\u00e9alis\u00e9s gr\u00e2ce au soutien de notre projet. Tous les films \u00ab Clap ! Clap ! \u00bb\" \/>\n<meta property=\"og:url\" content=\"https:\/\/jugendfilmtage.ch\/fr\/films\/\" \/>\n<meta property=\"og:site_name\" content=\"FR Schweizer Jugendfilmtage\" \/>\n<meta property=\"article:publisher\" content=\"https:\/\/www.facebook.com\/Jugendfilmtage\" \/>\n<meta property=\"article:modified_time\" content=\"2025-07-21T11:39:14+00:00\" \/>\n<meta property=\"og:image\" content=\"https:\/\/jugendfilmtage.ch\/wp-content\/uploads\/2025\/03\/Klappe-Auf_9_COPE.png\" \/>\n\t<meta property=\"og:image:width\" content=\"1497\" \/>\n\t<meta property=\"og:image:height\" content=\"598\" \/>\n\t<meta property=\"og:image:type\" content=\"image\/png\" \/>\n<meta name=\"twitter:card\" content=\"summary_large_image\" \/>\n<meta name=\"twitter:site\" content=\"@jugendfilmtage\" \/>\n<meta name=\"twitter:label1\" content=\"Dur\u00e9e de lecture estim\u00e9e\" \/>\n\t<meta name=\"twitter:data1\" content=\"6 minutes\" \/>\n<script type=\"application\/ld+json\" class=\"yoast-schema-graph\">{\"@context\":\"https:\\\/\\\/schema.org\",\"@graph\":[{\"@type\":\"WebPage\",\"@id\":\"https:\\\/\\\/jugendfilmtage.ch\\\/fr\\\/films\\\/\",\"url\":\"https:\\\/\\\/jugendfilmtage.ch\\\/fr\\\/films\\\/\",\"name\":\"Films - FR Schweizer Jugendfilmtage\",\"isPartOf\":{\"@id\":\"https:\\\/\\\/jugendfilmtage.ch\\\/fr\\\/#website\"},\"primaryImageOfPage\":{\"@id\":\"https:\\\/\\\/jugendfilmtage.ch\\\/fr\\\/films\\\/#primaryimage\"},\"image\":{\"@id\":\"https:\\\/\\\/jugendfilmtage.ch\\\/fr\\\/films\\\/#primaryimage\"},\"thumbnailUrl\":\"https:\\\/\\\/jugendfilmtage.ch\\\/wp-content\\\/uploads\\\/2025\\\/03\\\/Klappe-Auf_9_COPE-880x352.png\",\"datePublished\":\"2023-06-30T12:46:22+00:00\",\"dateModified\":\"2025-07-21T11:39:14+00:00\",\"description\":\"\u00ab Clap ! Clap ! \u00bb&nbsp;Films Ci-dessous, tu trouveras la liste des films r\u00e9alis\u00e9s gr\u00e2ce au soutien de notre projet. Tous les films \u00ab Clap ! Clap ! \u00bb\",\"inLanguage\":\"fr-FR\",\"potentialAction\":[{\"@type\":\"ReadAction\",\"target\":[\"https:\\\/\\\/jugendfilmtage.ch\\\/fr\\\/films\\\/\"]}]},{\"@type\":\"ImageObject\",\"inLanguage\":\"fr-FR\",\"@id\":\"https:\\\/\\\/jugendfilmtage.ch\\\/fr\\\/films\\\/#primaryimage\",\"url\":\"https:\\\/\\\/jugendfilmtage.ch\\\/wp-content\\\/uploads\\\/2025\\\/03\\\/Klappe-Auf_9_COPE-880x352.png\",\"contentUrl\":\"https:\\\/\\\/jugendfilmtage.ch\\\/wp-content\\\/uploads\\\/2025\\\/03\\\/Klappe-Auf_9_COPE-880x352.png\"},{\"@type\":\"WebSite\",\"@id\":\"https:\\\/\\\/jugendfilmtage.ch\\\/fr\\\/#website\",\"url\":\"https:\\\/\\\/jugendfilmtage.ch\\\/fr\\\/\",\"name\":\"FR Schweizer Jugendfilmtage\",\"description\":\"FR Festival Cin\u00e9 Jeunesse Suisse\",\"potentialAction\":[{\"@type\":\"SearchAction\",\"target\":{\"@type\":\"EntryPoint\",\"urlTemplate\":\"https:\\\/\\\/jugendfilmtage.ch\\\/fr\\\/?s={search_term_string}\"},\"query-input\":{\"@type\":\"PropertyValueSpecification\",\"valueRequired\":true,\"valueName\":\"search_term_string\"}}],\"inLanguage\":\"fr-FR\"}]}<\/script>\n<!-- \/ Yoast SEO plugin. -->","yoast_head_json":{"title":"Films - FR Schweizer Jugendfilmtage","description":"\u00ab Clap ! Clap ! \u00bb&nbsp;Films Ci-dessous, tu trouveras la liste des films r\u00e9alis\u00e9s gr\u00e2ce au soutien de notre projet. Tous les films \u00ab Clap ! Clap ! \u00bb","robots":{"index":"index","follow":"follow","max-snippet":"max-snippet:-1","max-image-preview":"max-image-preview:large","max-video-preview":"max-video-preview:-1"},"canonical":"https:\/\/jugendfilmtage.ch\/fr\/films\/","og_locale":"fr_FR","og_type":"article","og_title":"Films - FR Schweizer Jugendfilmtage","og_description":"\u00ab Clap ! Clap ! \u00bb&nbsp;Films Ci-dessous, tu trouveras la liste des films r\u00e9alis\u00e9s gr\u00e2ce au soutien de notre projet. Tous les films \u00ab Clap ! Clap ! \u00bb","og_url":"https:\/\/jugendfilmtage.ch\/fr\/films\/","og_site_name":"FR Schweizer Jugendfilmtage","article_publisher":"https:\/\/www.facebook.com\/Jugendfilmtage","article_modified_time":"2025-07-21T11:39:14+00:00","og_image":[{"width":1497,"height":598,"url":"https:\/\/jugendfilmtage.ch\/wp-content\/uploads\/2025\/03\/Klappe-Auf_9_COPE.png","type":"image\/png"}],"twitter_card":"summary_large_image","twitter_site":"@jugendfilmtage","twitter_misc":{"Dur\u00e9e de lecture estim\u00e9e":"6 minutes"},"schema":{"@context":"https:\/\/schema.org","@graph":[{"@type":"WebPage","@id":"https:\/\/jugendfilmtage.ch\/fr\/films\/","url":"https:\/\/jugendfilmtage.ch\/fr\/films\/","name":"Films - FR Schweizer Jugendfilmtage","isPartOf":{"@id":"https:\/\/jugendfilmtage.ch\/fr\/#website"},"primaryImageOfPage":{"@id":"https:\/\/jugendfilmtage.ch\/fr\/films\/#primaryimage"},"image":{"@id":"https:\/\/jugendfilmtage.ch\/fr\/films\/#primaryimage"},"thumbnailUrl":"https:\/\/jugendfilmtage.ch\/wp-content\/uploads\/2025\/03\/Klappe-Auf_9_COPE-880x352.png","datePublished":"2023-06-30T12:46:22+00:00","dateModified":"2025-07-21T11:39:14+00:00","description":"\u00ab Clap ! Clap ! \u00bb&nbsp;Films Ci-dessous, tu trouveras la liste des films r\u00e9alis\u00e9s gr\u00e2ce au soutien de notre projet. Tous les films \u00ab Clap ! Clap ! \u00bb","inLanguage":"fr-FR","potentialAction":[{"@type":"ReadAction","target":["https:\/\/jugendfilmtage.ch\/fr\/films\/"]}]},{"@type":"ImageObject","inLanguage":"fr-FR","@id":"https:\/\/jugendfilmtage.ch\/fr\/films\/#primaryimage","url":"https:\/\/jugendfilmtage.ch\/wp-content\/uploads\/2025\/03\/Klappe-Auf_9_COPE-880x352.png","contentUrl":"https:\/\/jugendfilmtage.ch\/wp-content\/uploads\/2025\/03\/Klappe-Auf_9_COPE-880x352.png"},{"@type":"WebSite","@id":"https:\/\/jugendfilmtage.ch\/fr\/#website","url":"https:\/\/jugendfilmtage.ch\/fr\/","name":"FR Schweizer Jugendfilmtage","description":"FR Festival Cin\u00e9 Jeunesse Suisse","potentialAction":[{"@type":"SearchAction","target":{"@type":"EntryPoint","urlTemplate":"https:\/\/jugendfilmtage.ch\/fr\/?s={search_term_string}"},"query-input":{"@type":"PropertyValueSpecification","valueRequired":true,"valueName":"search_term_string"}}],"inLanguage":"fr-FR"}]}},"_links":{"self":[{"href":"https:\/\/jugendfilmtage.ch\/fr\/wp-json\/wp\/v2\/pages\/18270","targetHints":{"allow":["GET"]}}],"collection":[{"href":"https:\/\/jugendfilmtage.ch\/fr\/wp-json\/wp\/v2\/pages"}],"about":[{"href":"https:\/\/jugendfilmtage.ch\/fr\/wp-json\/wp\/v2\/types\/page"}],"author":[{"embeddable":true,"href":"https:\/\/jugendfilmtage.ch\/fr\/wp-json\/wp\/v2\/users\/14"}],"replies":[{"embeddable":true,"href":"https:\/\/jugendfilmtage.ch\/fr\/wp-json\/wp\/v2\/comments?post=18270"}],"version-history":[{"count":23,"href":"https:\/\/jugendfilmtage.ch\/fr\/wp-json\/wp\/v2\/pages\/18270\/revisions"}],"predecessor-version":[{"id":43395,"href":"https:\/\/jugendfilmtage.ch\/fr\/wp-json\/wp\/v2\/pages\/18270\/revisions\/43395"}],"wp:attachment":[{"href":"https:\/\/jugendfilmtage.ch\/fr\/wp-json\/wp\/v2\/media?parent=18270"}],"curies":[{"name":"wp","href":"https:\/\/api.w.org\/{rel}","templated":true}]}}