{"id":18178,"date":"2023-06-07T11:14:11","date_gmt":"2023-06-07T09:14:11","guid":{"rendered":"https:\/\/2024.jugendfilmtage.ch\/?page_id=18178"},"modified":"2024-10-15T17:22:34","modified_gmt":"2024-10-15T15:22:34","slug":"sur-play-suisse","status":"publish","type":"page","link":"https:\/\/jugendfilmtage.ch\/fr\/au-cours-de-annee\/sur-play-suisse\/","title":{"rendered":"Sur Play Suisse"},"content":{"rendered":"\n<figure class=\"wp-block-image alignwide size-full\"><img loading=\"lazy\" decoding=\"async\" width=\"2560\" height=\"2560\" src=\"https:\/\/jugendfilmtage.ch\/wp-content\/uploads\/2024\/06\/0D8A8376-edited-2-scaled.jpg\" alt=\"\" class=\"wp-image-26274\" srcset=\"https:\/\/jugendfilmtage.ch\/wp-content\/uploads\/2024\/06\/0D8A8376-edited-2-scaled.jpg 2560w, https:\/\/jugendfilmtage.ch\/wp-content\/uploads\/2024\/06\/0D8A8376-edited-2-300x300.jpg 300w, https:\/\/jugendfilmtage.ch\/wp-content\/uploads\/2024\/06\/0D8A8376-edited-2-880x880.jpg 880w, https:\/\/jugendfilmtage.ch\/wp-content\/uploads\/2024\/06\/0D8A8376-edited-2-768x768.jpg 768w, https:\/\/jugendfilmtage.ch\/wp-content\/uploads\/2024\/06\/0D8A8376-edited-2-1536x1536.jpg 1536w, https:\/\/jugendfilmtage.ch\/wp-content\/uploads\/2024\/06\/0D8A8376-edited-2-2048x2048.jpg 2048w\" sizes=\"auto, (max-width: 2560px) 100vw, 2560px\" \/><\/figure>\n\n\n\n<h1 class=\"wp-block-heading\">Auf Play Suisse<\/h1>\n\n\n\n<p>Avec le soutien de SRG SSR, nous avons enrichi <a href=\"https:\/\/www.playsuisse.ch\/fr\/browse\/collection\/355381\">notre collection sur Play Suisse<\/a> avec d&rsquo;autres superbes courts m\u00e9trages. Gratuit pour tous en Suisse.<\/p>\n\n\n\n<figure class=\"wp-block-image size-large\"><a href=\"https:\/\/jugendfilmtage.ch\/wp-content\/uploads\/2023\/02\/Bildschirmfoto-2023-02-22-um-11.49.04.png\"><img decoding=\"async\" src=\"https:\/\/jugendfilmtage.ch\/wp-content\/uploads\/2023\/02\/Bildschirmfoto-2023-02-22-um-11.49.04-880x495.png\" alt=\"WENN DAZWISCHEN NIRGENDS IST \" class=\"wp-image-16452\"\/><\/a><\/figure>\n\n\n\n<h3 class=\"wp-block-heading\"><strong>Plus rien ne nous s\u00e9pare<\/strong><\/h3>\n\n\n\n<p>R\u00e9alisation :  Ladina Staehelin T\u00fcrko\u011flu, Larissa Melanie B\u00fcrgi, 2023, 30&prime;<\/p>\n\n\n\n<p>Le portrait d&rsquo;une amiti\u00e9 s\u00e9par\u00e9e par la distance. L&rsquo;une vit entre deux lieux, l&rsquo;autre tente de g\u00e9rer des douleurs chroniques. Dans leur propre isolement et ali\u00e9nation, les deux r\u00e9alit\u00e9s coexistent.<\/p>\n\n\n\n<figure class=\"wp-block-image size-full is-resized\"><img loading=\"lazy\" decoding=\"async\" width=\"2227\" height=\"875\" src=\"https:\/\/jugendfilmtage.ch\/wp-content\/uploads\/2023\/02\/C4-Utopia.jpg\" alt=\"UTOPIA\" class=\"wp-image-16669\" style=\"width:840px;height:auto\" srcset=\"https:\/\/jugendfilmtage.ch\/wp-content\/uploads\/2023\/02\/C4-Utopia.jpg 2227w, https:\/\/jugendfilmtage.ch\/wp-content\/uploads\/2023\/02\/C4-Utopia-300x118.jpg 300w, https:\/\/jugendfilmtage.ch\/wp-content\/uploads\/2023\/02\/C4-Utopia-880x346.jpg 880w, https:\/\/jugendfilmtage.ch\/wp-content\/uploads\/2023\/02\/C4-Utopia-768x302.jpg 768w, https:\/\/jugendfilmtage.ch\/wp-content\/uploads\/2023\/02\/C4-Utopia-1536x604.jpg 1536w, https:\/\/jugendfilmtage.ch\/wp-content\/uploads\/2023\/02\/C4-Utopia-2048x805.jpg 2048w\" sizes=\"auto, (max-width: 2227px) 100vw, 2227px\" \/><\/figure>\n\n\n\n<h3 class=\"wp-block-heading\"><strong>UTOPIA<\/strong><\/h3>\n\n\n\n<p>R\u00e9alisation : Emma Candia, Z\u00e9lia Zanone, 2023, 24&prime;<\/p>\n\n\n\n<p>Un groupe d&rsquo;amis avides d&rsquo;aventure d\u00e9cide de pimenter leurs vacances en choisissant leur destination les yeux band\u00e9s. Apr\u00e8s un tirage au sort, ils se retrouvent dans un myst\u00e9rieux village europ\u00e9en perdu au milieu de nulle part.<\/p>\n\n\n\n<figure class=\"wp-block-image size-full\"><img loading=\"lazy\" decoding=\"async\" width=\"1920\" height=\"1080\" src=\"https:\/\/jugendfilmtage.ch\/wp-content\/uploads\/2023\/02\/C7-GiovanninFilmstill.jpg\" alt=\"GIOVANIN SENZA PAG\u00dcRA\" class=\"wp-image-16675\" srcset=\"https:\/\/jugendfilmtage.ch\/wp-content\/uploads\/2023\/02\/C7-GiovanninFilmstill.jpg 1920w, https:\/\/jugendfilmtage.ch\/wp-content\/uploads\/2023\/02\/C7-GiovanninFilmstill-300x169.jpg 300w, https:\/\/jugendfilmtage.ch\/wp-content\/uploads\/2023\/02\/C7-GiovanninFilmstill-880x495.jpg 880w, https:\/\/jugendfilmtage.ch\/wp-content\/uploads\/2023\/02\/C7-GiovanninFilmstill-768x432.jpg 768w, https:\/\/jugendfilmtage.ch\/wp-content\/uploads\/2023\/02\/C7-GiovanninFilmstill-1536x864.jpg 1536w\" sizes=\"auto, (max-width: 1920px) 100vw, 1920px\" \/><\/figure>\n\n\n\n<h3 class=\"wp-block-heading\"><strong>GIOVANIN SENZA PAG\u00dcRA<\/strong><\/h3>\n\n\n\n<p>R\u00e9alisation : Livio Frauendorf, 2022, 4&prime;<\/p>\n\n\n\n<p>Ce film est un r\u00eave fantastique bas\u00e9 sur une histoire d&rsquo;enfants, un souvenir transfigur\u00e9 de vacances scolaires pleines d&rsquo;aventures dans les montagnes tessinoises, qui brouille les fronti\u00e8res entre r\u00e9alit\u00e9 et fiction.<\/p>\n\n\n\n<figure class=\"wp-block-image size-full\"><img loading=\"lazy\" decoding=\"async\" width=\"2480\" height=\"1378\" src=\"https:\/\/jugendfilmtage.ch\/wp-content\/uploads\/2022\/02\/Ero\u0308ffnung_Das-laute-Schweigen.jpeg\" alt=\"DAS LAUTE SCHWEIGEN\" class=\"wp-image-15028\" srcset=\"https:\/\/jugendfilmtage.ch\/wp-content\/uploads\/2022\/02\/Ero\u0308ffnung_Das-laute-Schweigen.jpeg 2480w, https:\/\/jugendfilmtage.ch\/wp-content\/uploads\/2022\/02\/Ero\u0308ffnung_Das-laute-Schweigen-300x167.jpeg 300w, https:\/\/jugendfilmtage.ch\/wp-content\/uploads\/2022\/02\/Ero\u0308ffnung_Das-laute-Schweigen-880x489.jpeg 880w, https:\/\/jugendfilmtage.ch\/wp-content\/uploads\/2022\/02\/Ero\u0308ffnung_Das-laute-Schweigen-768x427.jpeg 768w, https:\/\/jugendfilmtage.ch\/wp-content\/uploads\/2022\/02\/Ero\u0308ffnung_Das-laute-Schweigen-1536x853.jpeg 1536w, https:\/\/jugendfilmtage.ch\/wp-content\/uploads\/2022\/02\/Ero\u0308ffnung_Das-laute-Schweigen-2048x1138.jpeg 2048w\" sizes=\"auto, (max-width: 2480px) 100vw, 2480px\" \/><\/figure>\n\n\n\n<h3 class=\"wp-block-heading\">Le silence bruyant<\/h3>\n\n\n\n<p>R\u00e9alisation : Melinda M\u00fcller, 2023, 20&prime;<\/p>\n\n\n\n<p>Les parents d&rsquo;une jeune fille tentent de d\u00e9couvrir o\u00f9 elle a fugu\u00e9 en organisant une r\u00e9union avec son professeur, son entra\u00eeneur et sa meilleure amie. Cependant, la situation s&rsquo;envenime et des confessions inattendues apparaissent. Quelqu&rsquo;un cache-t-il quelque chose ?<\/p>\n\n\n\n<figure class=\"wp-block-image size-full\"><a href=\"https:\/\/jugendfilmtage.ch\/wp-content\/uploads\/2022\/02\/C6_Huelle_Still_Quer.jpg\"><img loading=\"lazy\" decoding=\"async\" width=\"1920\" height=\"1038\" src=\"https:\/\/jugendfilmtage.ch\/wp-content\/uploads\/2022\/02\/C6_Huelle_Still_Quer.jpg\" alt=\"H\u00dcLLE\" class=\"wp-image-14781\" srcset=\"https:\/\/jugendfilmtage.ch\/wp-content\/uploads\/2022\/02\/C6_Huelle_Still_Quer.jpg 1920w, https:\/\/jugendfilmtage.ch\/wp-content\/uploads\/2022\/02\/C6_Huelle_Still_Quer-300x162.jpg 300w, https:\/\/jugendfilmtage.ch\/wp-content\/uploads\/2022\/02\/C6_Huelle_Still_Quer-880x476.jpg 880w, https:\/\/jugendfilmtage.ch\/wp-content\/uploads\/2022\/02\/C6_Huelle_Still_Quer-768x415.jpg 768w, https:\/\/jugendfilmtage.ch\/wp-content\/uploads\/2022\/02\/C6_Huelle_Still_Quer-1536x830.jpg 1536w\" sizes=\"auto, (max-width: 1920px) 100vw, 1920px\" \/><\/a><\/figure>\n\n\n\n<h3 class=\"wp-block-heading\"><strong>L&rsquo;enveloppe<\/strong><\/h3>\n\n\n\n<p>R\u00e9alisation : Andrea Crisci, 2022, 8&prime;<\/p>\n\n\n\n<p>Chaque personne se cr\u00e9e une enveloppe, cette enveloppe repr\u00e9sente la peur d&rsquo;\u00e9chouer dans quelque chose. Cette enveloppe est remplie de fausses repr\u00e9sentations de l&rsquo;ego et de tout ce qui l&rsquo;entoure. Le processus consistant \u00e0 traverser l&rsquo;enfer pour atteindre le but de la r\u00e9alisation de soi et de la libert\u00e9 est le moteur de cette histoire.<\/p>\n\n\n\n<figure class=\"wp-block-image size-full\"><img loading=\"lazy\" decoding=\"async\" width=\"2560\" height=\"1435\" src=\"https:\/\/jugendfilmtage.ch\/wp-content\/uploads\/2022\/02\/E6_Satellites-scaled.jpg\" alt=\"SATELLITES\u00a0\" class=\"wp-image-14872\" srcset=\"https:\/\/jugendfilmtage.ch\/wp-content\/uploads\/2022\/02\/E6_Satellites-scaled.jpg 2560w, https:\/\/jugendfilmtage.ch\/wp-content\/uploads\/2022\/02\/E6_Satellites-300x168.jpg 300w, https:\/\/jugendfilmtage.ch\/wp-content\/uploads\/2022\/02\/E6_Satellites-880x493.jpg 880w, https:\/\/jugendfilmtage.ch\/wp-content\/uploads\/2022\/02\/E6_Satellites-768x430.jpg 768w, https:\/\/jugendfilmtage.ch\/wp-content\/uploads\/2022\/02\/E6_Satellites-1536x861.jpg 1536w, https:\/\/jugendfilmtage.ch\/wp-content\/uploads\/2022\/02\/E6_Satellites-2048x1148.jpg 2048w\" sizes=\"auto, (max-width: 2560px) 100vw, 2560px\" \/><\/figure>\n\n\n\n<h3 class=\"wp-block-heading\"><span style=\"font-weight: 400;\"><strong>SATELLITES<\/strong>&nbsp;<\/span><\/h3>\n\n\n\n<p>R\u00e9alisation :\u00a0<span style=\"font-weight: 400;\">Simona Volpe &amp; Elias B\u00f6tticher,<\/span> 2022, 12&prime;<\/p>\n\n\n\n<p>Cons\u00e9quence du capitalisme, de la mondialisation, de la solitude et de l&rsquo;isolement urbain engendr\u00e9s par la pression sociale, une question fondamentale se pose sur les valeurs et l&rsquo;\u00e9panouissement personnel.<\/p>\n\n\n\n<figure class=\"wp-block-image size-full\"><img loading=\"lazy\" decoding=\"async\" width=\"2880\" height=\"1732\" src=\"https:\/\/jugendfilmtage.ch\/wp-content\/uploads\/2022\/02\/D8_Lettres-on-ton-nom.png\" alt=\"LETTRES EN TON NOM\" class=\"wp-image-14825\" srcset=\"https:\/\/jugendfilmtage.ch\/wp-content\/uploads\/2022\/02\/D8_Lettres-on-ton-nom.png 2880w, https:\/\/jugendfilmtage.ch\/wp-content\/uploads\/2022\/02\/D8_Lettres-on-ton-nom-300x180.png 300w, https:\/\/jugendfilmtage.ch\/wp-content\/uploads\/2022\/02\/D8_Lettres-on-ton-nom-880x529.png 880w, https:\/\/jugendfilmtage.ch\/wp-content\/uploads\/2022\/02\/D8_Lettres-on-ton-nom-768x462.png 768w, https:\/\/jugendfilmtage.ch\/wp-content\/uploads\/2022\/02\/D8_Lettres-on-ton-nom-1536x924.png 1536w, https:\/\/jugendfilmtage.ch\/wp-content\/uploads\/2022\/02\/D8_Lettres-on-ton-nom-2048x1232.png 2048w\" sizes=\"auto, (max-width: 2880px) 100vw, 2880px\" \/><\/figure>\n\n\n\n<h3 class=\"wp-block-heading\"><strong>LETTRES EN TON NOM<\/strong><\/h3>\n\n\n\n<p>R\u00e9alisation : Alexandre Schild, 2021, 23&prime;<\/p>\n\n\n\n<p>Robert est obnubil\u00e9 par le sentiment incandescent de son amour de jeunesse, H\u00e9l\u00e8ne. Apr\u00e8s plusieurs ann\u00e9es d\u2019absence et de multiples lettres \u00e9chang\u00e9es, il re\u00e7oit un ultime courrier annon\u00e7ant son retour.<\/p>\n\n\n\n<figure class=\"wp-block-image size-full alignnone\"><img loading=\"lazy\" decoding=\"async\" width=\"1242\" height=\"728\" src=\"https:\/\/jugendfilmtage.ch\/wp-content\/uploads\/2021\/02\/Verzasca-2.jpg\" alt=\"VERZASCA IN RED\" class=\"wp-image-13290\" srcset=\"https:\/\/jugendfilmtage.ch\/wp-content\/uploads\/2021\/02\/Verzasca-2.jpg 1242w, https:\/\/jugendfilmtage.ch\/wp-content\/uploads\/2021\/02\/Verzasca-2-300x176.jpg 300w, https:\/\/jugendfilmtage.ch\/wp-content\/uploads\/2021\/02\/Verzasca-2-880x516.jpg 880w, https:\/\/jugendfilmtage.ch\/wp-content\/uploads\/2021\/02\/Verzasca-2-768x450.jpg 768w\" sizes=\"auto, (max-width: 1242px) 100vw, 1242px\" \/><\/figure>\n\n\n\n<h3 class=\"wp-block-heading\"><strong>VERZASCA IN RED<\/strong><\/h3>\n\n\n\n<p>R\u00e9alisation : Nadina Dollie, 2021, 11&prime;<\/p>\n\n\n\n<p>Un couple de touristes allemands, Maria et Sam, rencontrent Enio et sa cousine Ronja dans un petit h\u00f4tel de la vall\u00e9e de Verzasca.<\/p>\n\n\n\n<figure class=\"wp-block-image size-full\"><img loading=\"lazy\" decoding=\"async\" width=\"1920\" height=\"1080\" src=\"https:\/\/jugendfilmtage.ch\/wp-content\/uploads\/2020\/02\/Still0210_00009.jpg\" alt=\"BANKETT\" class=\"wp-image-11243\" srcset=\"https:\/\/jugendfilmtage.ch\/wp-content\/uploads\/2020\/02\/Still0210_00009.jpg 1920w, https:\/\/jugendfilmtage.ch\/wp-content\/uploads\/2020\/02\/Still0210_00009-300x169.jpg 300w, https:\/\/jugendfilmtage.ch\/wp-content\/uploads\/2020\/02\/Still0210_00009-880x495.jpg 880w, https:\/\/jugendfilmtage.ch\/wp-content\/uploads\/2020\/02\/Still0210_00009-768x432.jpg 768w, https:\/\/jugendfilmtage.ch\/wp-content\/uploads\/2020\/02\/Still0210_00009-1536x864.jpg 1536w\" sizes=\"auto, (max-width: 1920px) 100vw, 1920px\" \/><\/figure>\n\n\n\n<h3 class=\"wp-block-heading\"><strong style=\"font-size: 16px;\">BANKETT<\/strong><\/h3>\n\n\n\n<p>R\u00e9alisation : <span class=\"MuiBox-root jss2294 jss2278\"> Samantha Zaugg, 2020, 15&prime;<\/span><\/p>\n\n\n\n<p>Die Konstablergesellschaft ist ein reiner M\u00e4nnerbund, Frauen ist die Mitgliedschaft verwehrt. Wieso ist das so?<\/p>\n\n\n\n<figure class=\"wp-block-image size-full\"><img loading=\"lazy\" decoding=\"async\" width=\"2470\" height=\"1386\" src=\"https:\/\/jugendfilmtage.ch\/wp-content\/uploads\/2021\/02\/C_FilmstillFlorieren.jpg\" alt=\"FLORIEREN\" class=\"wp-image-12876\" srcset=\"https:\/\/jugendfilmtage.ch\/wp-content\/uploads\/2021\/02\/C_FilmstillFlorieren.jpg 2470w, https:\/\/jugendfilmtage.ch\/wp-content\/uploads\/2021\/02\/C_FilmstillFlorieren-300x168.jpg 300w, https:\/\/jugendfilmtage.ch\/wp-content\/uploads\/2021\/02\/C_FilmstillFlorieren-880x494.jpg 880w, https:\/\/jugendfilmtage.ch\/wp-content\/uploads\/2021\/02\/C_FilmstillFlorieren-768x431.jpg 768w, https:\/\/jugendfilmtage.ch\/wp-content\/uploads\/2021\/02\/C_FilmstillFlorieren-1536x862.jpg 1536w, https:\/\/jugendfilmtage.ch\/wp-content\/uploads\/2021\/02\/C_FilmstillFlorieren-2048x1149.jpg 2048w\" sizes=\"auto, (max-width: 2470px) 100vw, 2470px\" \/><\/figure>\n\n\n\n<h3 class=\"wp-block-heading\"><strong>FLORIEREN<\/strong><\/h3>\n\n\n\n<p>R\u00e9alisation : Florian Garzotto, 2020, 8&prime;<\/p>\n\n\n\n<p>\u00abFlorieren\u00bb ist ein Kurzfilm mit selbstproduzierter Musik \u00fcber mein Leben als transgender Mann und \u00abdas Geschlecht\u00bb als soziales Konstrukt.<\/p>\n\n\n\n<p><\/p>\n\n\n\n<figure class=\"wp-block-image size-full\"><img loading=\"lazy\" decoding=\"async\" width=\"2732\" height=\"1537\" src=\"https:\/\/jugendfilmtage.ch\/wp-content\/uploads\/2019\/02\/1_Nioma-1.jpeg\" alt=\"NIOMA\" class=\"wp-image-8975\" srcset=\"https:\/\/jugendfilmtage.ch\/wp-content\/uploads\/2019\/02\/1_Nioma-1.jpeg 2732w, https:\/\/jugendfilmtage.ch\/wp-content\/uploads\/2019\/02\/1_Nioma-1-300x169.jpeg 300w, https:\/\/jugendfilmtage.ch\/wp-content\/uploads\/2019\/02\/1_Nioma-1-768x432.jpeg 768w, https:\/\/jugendfilmtage.ch\/wp-content\/uploads\/2019\/02\/1_Nioma-1-880x495.jpeg 880w\" sizes=\"auto, (max-width: 2732px) 100vw, 2732px\" \/><\/figure>\n\n\n\n<h3 class=\"wp-block-heading\"><strong>NIOMA<\/strong><\/h3>\n\n\n\n<p>R\u00e9alisation : Silja V\u00f6geli &amp; Tobias Friedly, 2019, 18&prime;<\/p>\n\n\n\n<p>Nachdem Kimi in einer vom Klimawandel ausgel\u00f6ten Naturkatastrophe sein Leben verliert und Niomas Adoptiveltern mit der Situation \u00fcberfordert sind, beschliesst Nioma, ihr restliches Leben in der Natur zu verbringen. Nie wieder m\u00f6chte sie einem Menschen begegnen. Und doch l\u00e4sst sie ihre Erinnerung an Kimi nicht los.<\/p>\n\n\n\n<p><\/p>\n","protected":false},"excerpt":{"rendered":"<p>Auf Play Suisse Avec le soutien de SRG SSR, nous avons enrichi notre collection sur Play Suisse avec d&rsquo;autres superbes courts m\u00e9trages. Gratuit pour tous en Suisse. Plus rien ne nous s\u00e9pare R\u00e9alisation : Ladina Staehelin T\u00fcrko\u011flu, Larissa Melanie B\u00fcrgi, 2023, 30&prime; Le portrait d&rsquo;une amiti\u00e9 s\u00e9par\u00e9e par la distance. L&rsquo;une vit entre deux lieux, [&hellip;]<\/p>\n","protected":false},"author":14,"featured_media":0,"parent":18116,"menu_order":3,"comment_status":"closed","ping_status":"closed","template":"","meta":{"_acf_changed":false,"footnotes":""},"class_list":["post-18178","page","type-page","status-publish","hentry"],"acf":[],"yoast_head":"<!-- This site is optimized with the Yoast SEO plugin v27.4 - https:\/\/yoast.com\/product\/yoast-seo-wordpress\/ -->\n<title>Sur Play Suisse - FR Schweizer Jugendfilmtage<\/title>\n<meta name=\"description\" content=\"Avec le soutien de SRG SSR, nous avons enrichi notre collection sur Play Suisse avec d&#039;autres superbes courts m\u00e9trages. Gratuit pour tous en Suisse.\" \/>\n<meta name=\"robots\" content=\"index, follow, max-snippet:-1, max-image-preview:large, max-video-preview:-1\" \/>\n<link rel=\"canonical\" href=\"https:\/\/jugendfilmtage.ch\/fr\/au-cours-de-annee\/sur-play-suisse\/\" \/>\n<meta property=\"og:locale\" content=\"fr_FR\" \/>\n<meta property=\"og:type\" content=\"article\" \/>\n<meta property=\"og:title\" content=\"Sur Play Suisse - FR Schweizer Jugendfilmtage\" \/>\n<meta property=\"og:description\" content=\"Avec le soutien de SRG SSR, nous avons enrichi notre collection sur Play Suisse avec d&#039;autres superbes courts m\u00e9trages. Gratuit pour tous en Suisse.\" \/>\n<meta property=\"og:url\" content=\"https:\/\/jugendfilmtage.ch\/fr\/au-cours-de-annee\/sur-play-suisse\/\" \/>\n<meta property=\"og:site_name\" content=\"FR Schweizer Jugendfilmtage\" \/>\n<meta property=\"article:publisher\" content=\"https:\/\/www.facebook.com\/Jugendfilmtage\" \/>\n<meta property=\"article:modified_time\" content=\"2024-10-15T15:22:34+00:00\" \/>\n<meta property=\"og:image\" content=\"https:\/\/jugendfilmtage.ch\/wp-content\/uploads\/2024\/06\/0D8A8376-edited-2-scaled.jpg\" \/>\n\t<meta property=\"og:image:width\" content=\"2560\" \/>\n\t<meta property=\"og:image:height\" content=\"2560\" \/>\n\t<meta property=\"og:image:type\" content=\"image\/jpeg\" \/>\n<meta name=\"twitter:card\" content=\"summary_large_image\" \/>\n<meta name=\"twitter:site\" content=\"@jugendfilmtage\" \/>\n<meta name=\"twitter:label1\" content=\"Dur\u00e9e de lecture estim\u00e9e\" \/>\n\t<meta name=\"twitter:data1\" content=\"6 minutes\" \/>\n<script type=\"application\/ld+json\" class=\"yoast-schema-graph\">{\"@context\":\"https:\\\/\\\/schema.org\",\"@graph\":[{\"@type\":\"WebPage\",\"@id\":\"https:\\\/\\\/jugendfilmtage.ch\\\/fr\\\/au-cours-de-annee\\\/sur-play-suisse\\\/\",\"url\":\"https:\\\/\\\/jugendfilmtage.ch\\\/fr\\\/au-cours-de-annee\\\/sur-play-suisse\\\/\",\"name\":\"Sur Play Suisse - FR Schweizer Jugendfilmtage\",\"isPartOf\":{\"@id\":\"https:\\\/\\\/jugendfilmtage.ch\\\/fr\\\/#website\"},\"primaryImageOfPage\":{\"@id\":\"https:\\\/\\\/jugendfilmtage.ch\\\/fr\\\/au-cours-de-annee\\\/sur-play-suisse\\\/#primaryimage\"},\"image\":{\"@id\":\"https:\\\/\\\/jugendfilmtage.ch\\\/fr\\\/au-cours-de-annee\\\/sur-play-suisse\\\/#primaryimage\"},\"thumbnailUrl\":\"https:\\\/\\\/jugendfilmtage.ch\\\/wp-content\\\/uploads\\\/2024\\\/06\\\/0D8A8376-edited-2-scaled.jpg\",\"datePublished\":\"2023-06-07T09:14:11+00:00\",\"dateModified\":\"2024-10-15T15:22:34+00:00\",\"description\":\"Avec le soutien de SRG SSR, nous avons enrichi notre collection sur Play Suisse avec d'autres superbes courts m\u00e9trages. Gratuit pour tous en Suisse.\",\"breadcrumb\":{\"@id\":\"https:\\\/\\\/jugendfilmtage.ch\\\/fr\\\/au-cours-de-annee\\\/sur-play-suisse\\\/#breadcrumb\"},\"inLanguage\":\"fr-FR\",\"potentialAction\":[{\"@type\":\"ReadAction\",\"target\":[\"https:\\\/\\\/jugendfilmtage.ch\\\/fr\\\/au-cours-de-annee\\\/sur-play-suisse\\\/\"]}]},{\"@type\":\"ImageObject\",\"inLanguage\":\"fr-FR\",\"@id\":\"https:\\\/\\\/jugendfilmtage.ch\\\/fr\\\/au-cours-de-annee\\\/sur-play-suisse\\\/#primaryimage\",\"url\":\"https:\\\/\\\/jugendfilmtage.ch\\\/wp-content\\\/uploads\\\/2024\\\/06\\\/0D8A8376-edited-2-scaled.jpg\",\"contentUrl\":\"https:\\\/\\\/jugendfilmtage.ch\\\/wp-content\\\/uploads\\\/2024\\\/06\\\/0D8A8376-edited-2-scaled.jpg\"},{\"@type\":\"BreadcrumbList\",\"@id\":\"https:\\\/\\\/jugendfilmtage.ch\\\/fr\\\/au-cours-de-annee\\\/sur-play-suisse\\\/#breadcrumb\",\"itemListElement\":[{\"@type\":\"ListItem\",\"position\":1,\"name\":\"Au cours de l&#8217;ann\u00e9e\",\"item\":\"https:\\\/\\\/jugendfilmtage.ch\\\/fr\\\/au-cours-de-annee\\\/\"},{\"@type\":\"ListItem\",\"position\":2,\"name\":\"Sur Play Suisse\"}]},{\"@type\":\"WebSite\",\"@id\":\"https:\\\/\\\/jugendfilmtage.ch\\\/fr\\\/#website\",\"url\":\"https:\\\/\\\/jugendfilmtage.ch\\\/fr\\\/\",\"name\":\"FR Schweizer Jugendfilmtage\",\"description\":\"FR Festival Cin\u00e9 Jeunesse Suisse\",\"potentialAction\":[{\"@type\":\"SearchAction\",\"target\":{\"@type\":\"EntryPoint\",\"urlTemplate\":\"https:\\\/\\\/jugendfilmtage.ch\\\/fr\\\/?s={search_term_string}\"},\"query-input\":{\"@type\":\"PropertyValueSpecification\",\"valueRequired\":true,\"valueName\":\"search_term_string\"}}],\"inLanguage\":\"fr-FR\"}]}<\/script>\n<!-- \/ Yoast SEO plugin. -->","yoast_head_json":{"title":"Sur Play Suisse - FR Schweizer Jugendfilmtage","description":"Avec le soutien de SRG SSR, nous avons enrichi notre collection sur Play Suisse avec d'autres superbes courts m\u00e9trages. Gratuit pour tous en Suisse.","robots":{"index":"index","follow":"follow","max-snippet":"max-snippet:-1","max-image-preview":"max-image-preview:large","max-video-preview":"max-video-preview:-1"},"canonical":"https:\/\/jugendfilmtage.ch\/fr\/au-cours-de-annee\/sur-play-suisse\/","og_locale":"fr_FR","og_type":"article","og_title":"Sur Play Suisse - FR Schweizer Jugendfilmtage","og_description":"Avec le soutien de SRG SSR, nous avons enrichi notre collection sur Play Suisse avec d'autres superbes courts m\u00e9trages. Gratuit pour tous en Suisse.","og_url":"https:\/\/jugendfilmtage.ch\/fr\/au-cours-de-annee\/sur-play-suisse\/","og_site_name":"FR Schweizer Jugendfilmtage","article_publisher":"https:\/\/www.facebook.com\/Jugendfilmtage","article_modified_time":"2024-10-15T15:22:34+00:00","og_image":[{"width":2560,"height":2560,"url":"https:\/\/jugendfilmtage.ch\/wp-content\/uploads\/2024\/06\/0D8A8376-edited-2-scaled.jpg","type":"image\/jpeg"}],"twitter_card":"summary_large_image","twitter_site":"@jugendfilmtage","twitter_misc":{"Dur\u00e9e de lecture estim\u00e9e":"6 minutes"},"schema":{"@context":"https:\/\/schema.org","@graph":[{"@type":"WebPage","@id":"https:\/\/jugendfilmtage.ch\/fr\/au-cours-de-annee\/sur-play-suisse\/","url":"https:\/\/jugendfilmtage.ch\/fr\/au-cours-de-annee\/sur-play-suisse\/","name":"Sur Play Suisse - FR Schweizer Jugendfilmtage","isPartOf":{"@id":"https:\/\/jugendfilmtage.ch\/fr\/#website"},"primaryImageOfPage":{"@id":"https:\/\/jugendfilmtage.ch\/fr\/au-cours-de-annee\/sur-play-suisse\/#primaryimage"},"image":{"@id":"https:\/\/jugendfilmtage.ch\/fr\/au-cours-de-annee\/sur-play-suisse\/#primaryimage"},"thumbnailUrl":"https:\/\/jugendfilmtage.ch\/wp-content\/uploads\/2024\/06\/0D8A8376-edited-2-scaled.jpg","datePublished":"2023-06-07T09:14:11+00:00","dateModified":"2024-10-15T15:22:34+00:00","description":"Avec le soutien de SRG SSR, nous avons enrichi notre collection sur Play Suisse avec d'autres superbes courts m\u00e9trages. Gratuit pour tous en Suisse.","breadcrumb":{"@id":"https:\/\/jugendfilmtage.ch\/fr\/au-cours-de-annee\/sur-play-suisse\/#breadcrumb"},"inLanguage":"fr-FR","potentialAction":[{"@type":"ReadAction","target":["https:\/\/jugendfilmtage.ch\/fr\/au-cours-de-annee\/sur-play-suisse\/"]}]},{"@type":"ImageObject","inLanguage":"fr-FR","@id":"https:\/\/jugendfilmtage.ch\/fr\/au-cours-de-annee\/sur-play-suisse\/#primaryimage","url":"https:\/\/jugendfilmtage.ch\/wp-content\/uploads\/2024\/06\/0D8A8376-edited-2-scaled.jpg","contentUrl":"https:\/\/jugendfilmtage.ch\/wp-content\/uploads\/2024\/06\/0D8A8376-edited-2-scaled.jpg"},{"@type":"BreadcrumbList","@id":"https:\/\/jugendfilmtage.ch\/fr\/au-cours-de-annee\/sur-play-suisse\/#breadcrumb","itemListElement":[{"@type":"ListItem","position":1,"name":"Au cours de l&#8217;ann\u00e9e","item":"https:\/\/jugendfilmtage.ch\/fr\/au-cours-de-annee\/"},{"@type":"ListItem","position":2,"name":"Sur Play Suisse"}]},{"@type":"WebSite","@id":"https:\/\/jugendfilmtage.ch\/fr\/#website","url":"https:\/\/jugendfilmtage.ch\/fr\/","name":"FR Schweizer Jugendfilmtage","description":"FR Festival Cin\u00e9 Jeunesse Suisse","potentialAction":[{"@type":"SearchAction","target":{"@type":"EntryPoint","urlTemplate":"https:\/\/jugendfilmtage.ch\/fr\/?s={search_term_string}"},"query-input":{"@type":"PropertyValueSpecification","valueRequired":true,"valueName":"search_term_string"}}],"inLanguage":"fr-FR"}]}},"_links":{"self":[{"href":"https:\/\/jugendfilmtage.ch\/fr\/wp-json\/wp\/v2\/pages\/18178","targetHints":{"allow":["GET"]}}],"collection":[{"href":"https:\/\/jugendfilmtage.ch\/fr\/wp-json\/wp\/v2\/pages"}],"about":[{"href":"https:\/\/jugendfilmtage.ch\/fr\/wp-json\/wp\/v2\/types\/page"}],"author":[{"embeddable":true,"href":"https:\/\/jugendfilmtage.ch\/fr\/wp-json\/wp\/v2\/users\/14"}],"replies":[{"embeddable":true,"href":"https:\/\/jugendfilmtage.ch\/fr\/wp-json\/wp\/v2\/comments?post=18178"}],"version-history":[{"count":28,"href":"https:\/\/jugendfilmtage.ch\/fr\/wp-json\/wp\/v2\/pages\/18178\/revisions"}],"predecessor-version":[{"id":27510,"href":"https:\/\/jugendfilmtage.ch\/fr\/wp-json\/wp\/v2\/pages\/18178\/revisions\/27510"}],"up":[{"embeddable":true,"href":"https:\/\/jugendfilmtage.ch\/fr\/wp-json\/wp\/v2\/pages\/18116"}],"wp:attachment":[{"href":"https:\/\/jugendfilmtage.ch\/fr\/wp-json\/wp\/v2\/media?parent=18178"}],"curies":[{"name":"wp","href":"https:\/\/api.w.org\/{rel}","templated":true}]}}