{"id":18116,"date":"2024-10-15T15:07:05","date_gmt":"2024-10-15T13:07:05","guid":{"rendered":"https:\/\/2024.jugendfilmtage.ch\/?page_id=18116"},"modified":"2025-07-21T13:19:02","modified_gmt":"2025-07-21T11:19:02","slug":"au-cours-de-annee","status":"publish","type":"page","link":"https:\/\/jugendfilmtage.ch\/fr\/au-cours-de-annee\/","title":{"rendered":"Au cours de l&rsquo;ann\u00e9e"},"content":{"rendered":"\n<figure class=\"wp-block-image size-full\"><img loading=\"lazy\" decoding=\"async\" width=\"2560\" height=\"1707\" src=\"https:\/\/jugendfilmtage.ch\/wp-content\/uploads\/2024\/01\/C28A1116-scaled.jpg\" alt=\"Festival Cin\u00e9 Jeunesse Suisse Au cours de l'ann\u00e9e\" class=\"wp-image-23289\" srcset=\"https:\/\/jugendfilmtage.ch\/wp-content\/uploads\/2024\/01\/C28A1116-scaled.jpg 2560w, https:\/\/jugendfilmtage.ch\/wp-content\/uploads\/2024\/01\/C28A1116-300x200.jpg 300w, https:\/\/jugendfilmtage.ch\/wp-content\/uploads\/2024\/01\/C28A1116-880x587.jpg 880w, https:\/\/jugendfilmtage.ch\/wp-content\/uploads\/2024\/01\/C28A1116-280x186.jpg 280w, https:\/\/jugendfilmtage.ch\/wp-content\/uploads\/2024\/01\/C28A1116-768x512.jpg 768w, https:\/\/jugendfilmtage.ch\/wp-content\/uploads\/2024\/01\/C28A1116-1536x1024.jpg 1536w, https:\/\/jugendfilmtage.ch\/wp-content\/uploads\/2024\/01\/C28A1116-2048x1365.jpg 2048w\" sizes=\"auto, (max-width: 2560px) 100vw, 2560px\" \/><\/figure>\n\n\n\n<h1 class=\"wp-block-heading\">Au cours de l&rsquo;ann\u00e9e<\/h1>\n\n\n\n<p>Le Festival Cin\u00e9 Jeunesse Suisse s&rsquo;engage activement en faveur des jeun\u00b7e\u00b7s talents du cin\u00e9ma, m\u00eame pendant l&rsquo;ann\u00e9e. Il est tr\u00e8s important pour les Festival Cin\u00e9 Jeunesse Suisse d&rsquo;offrir une plateforme aux jeunes cin\u00e9ast\u00b7e\u00b7s \u00e9mergents et \u00e0 leurs films en dehors du festival, d&rsquo;encourager le d\u00e9veloppement de nouveaux projets et de cr\u00e9er des opportunit\u00e9s de r\u00e9flexion au sujet du cin\u00e9ma.<\/p>\n\n\n\n<div class=\"wp-block-group jf-group-teasers\"><div class=\"wp-block-group__inner-container is-layout-constrained wp-block-group-is-layout-constrained\">\n<div class=\"wp-block-group jf-group-teaser\"><div class=\"wp-block-group__inner-container is-layout-constrained wp-block-group-is-layout-constrained\">\n<h3 class=\"wp-block-heading\">Film Coaching<\/h3>\n\n\n\n<p>Groupes de jeunes et les classes scolaires sont soutenus gratuitement par des professionnel\u00b7le\u00b7s dans la production d&rsquo;un court m\u00e9trage.<\/p>\n\n\n\n<div class=\"wp-block-buttons is-layout-flex wp-block-buttons-is-layout-flex\">\n<div class=\"wp-block-button\"><a class=\"wp-block-button__link wp-element-button\" href=\"https:\/\/jugendfilmtage.ch\/fr\/filmcoaching\/\">En savoir plus<\/a><\/div>\n<\/div>\n<\/div><\/div>\n\n\n\n<div class=\"wp-block-group jf-group-teaser\"><div class=\"wp-block-group__inner-container is-layout-constrained wp-block-group-is-layout-constrained\">\n<h3 class=\"wp-block-heading\">\u00abClap! Clap!\u00bb Meet-Ups<\/h3>\n\n\n\n<p>\u00c9v\u00e9nements pour les cin\u00e9astes et les cin\u00e9philes<\/p>\n\n\n\n<div class=\"wp-block-buttons is-layout-flex wp-block-buttons-is-layout-flex\">\n<div class=\"wp-block-button\"><a class=\"wp-block-button__link wp-element-button\">En savoir plus<\/a><\/div>\n<\/div>\n<\/div><\/div>\n\n\n\n<div class=\"wp-block-group jf-group-teaser\"><div class=\"wp-block-group__inner-container is-layout-constrained wp-block-group-is-layout-constrained\">\n<h3 class=\"wp-block-heading\">Conseils pour les projets de film<\/h3>\n\n\n\n<p>Conseils, des instruments et des ressources pour votre prochain projet de film et votre carri\u00e8re cin\u00e9matographique<\/p>\n\n\n\n<div class=\"wp-block-buttons is-layout-flex wp-block-buttons-is-layout-flex\">\n<div class=\"wp-block-button\"><a class=\"wp-block-button__link wp-element-button\" href=\"https:\/\/jugendfilmtage.ch\/fr\/au-cours-de-annee\/conseils-pour-les-projets-de-film\/\">En savoir plus<\/a><\/div>\n<\/div>\n<\/div><\/div>\n\n\n\n<div class=\"wp-block-group jf-group-teaser\"><div class=\"wp-block-group__inner-container is-layout-constrained wp-block-group-is-layout-constrained\">\n<h3 class=\"wp-block-heading\">Pour les \u00e9coles<\/h3>\n\n\n\n<p>Acc\u00e8s gratuit au festival ainsi que des ateliers de cin\u00e9ma pour les classes.<\/p>\n\n\n\n<div class=\"wp-block-buttons is-layout-flex wp-block-buttons-is-layout-flex\">\n<div class=\"wp-block-button\"><a class=\"wp-block-button__link wp-element-button\" href=\"https:\/\/jugendfilmtage.ch\/fr\/au-cours-de-annee\/pour-les-ecoles\/\">En savoir plus<\/a><\/div>\n<\/div>\n<\/div><\/div>\n\n\n\n<div class=\"wp-block-group jf-group-teaser\"><div class=\"wp-block-group__inner-container is-layout-constrained wp-block-group-is-layout-constrained\">\n<h3 class=\"wp-block-heading\">Sur Play Suisse<\/h3>\n\n\n\n<p>Sur la plateforme Play Suisse, vous pouvez d\u00e9couvrirez et visionnez nos films gratuitement !<\/p>\n\n\n\n<div class=\"wp-block-buttons is-layout-flex wp-block-buttons-is-layout-flex\">\n<div class=\"wp-block-button\"><a class=\"wp-block-button__link wp-element-button\" href=\"https:\/\/www.playsuisse.ch\/fr\/browse\/collection\/355381\">En savoir plus<\/a><\/div>\n<\/div>\n<\/div><\/div>\n<\/div><\/div>\n\n\n\n<p><\/p>\n","protected":false},"excerpt":{"rendered":"<p>Au cours de l&rsquo;ann\u00e9e Le Festival Cin\u00e9 Jeunesse Suisse s&rsquo;engage activement en faveur des jeun\u00b7e\u00b7s talents du cin\u00e9ma, m\u00eame pendant l&rsquo;ann\u00e9e. Il est tr\u00e8s important pour les Festival Cin\u00e9 Jeunesse Suisse d&rsquo;offrir une plateforme aux jeunes cin\u00e9ast\u00b7e\u00b7s \u00e9mergents et \u00e0 leurs films en dehors du festival, d&rsquo;encourager le d\u00e9veloppement de nouveaux projets et de cr\u00e9er [&hellip;]<\/p>\n","protected":false},"author":14,"featured_media":0,"parent":0,"menu_order":7,"comment_status":"closed","ping_status":"closed","template":"","meta":{"_acf_changed":false,"footnotes":""},"class_list":["post-18116","page","type-page","status-publish","hentry"],"acf":[],"yoast_head":"<!-- This site is optimized with the Yoast SEO plugin v27.4 - https:\/\/yoast.com\/product\/yoast-seo-wordpress\/ -->\n<title>Au cours de l&#039;ann\u00e9e - FR Schweizer Jugendfilmtage<\/title>\n<meta name=\"description\" content=\"Le Festival Cin\u00e9 Jeunesse Suisse s&#039;engage activement en faveur des jeun\u00b7e\u00b7s talents du cin\u00e9ma, m\u00eame pendant l&#039;ann\u00e9e.\" \/>\n<meta name=\"robots\" content=\"index, follow, max-snippet:-1, max-image-preview:large, max-video-preview:-1\" \/>\n<link rel=\"canonical\" href=\"https:\/\/jugendfilmtage.ch\/fr\/au-cours-de-annee\/\" \/>\n<meta property=\"og:locale\" content=\"fr_FR\" \/>\n<meta property=\"og:type\" content=\"article\" \/>\n<meta property=\"og:title\" content=\"Au cours de l&#039;ann\u00e9e - FR Schweizer Jugendfilmtage\" \/>\n<meta property=\"og:description\" content=\"Le Festival Cin\u00e9 Jeunesse Suisse s&#039;engage activement en faveur des jeun\u00b7e\u00b7s talents du cin\u00e9ma, m\u00eame pendant l&#039;ann\u00e9e.\" \/>\n<meta property=\"og:url\" content=\"https:\/\/jugendfilmtage.ch\/fr\/au-cours-de-annee\/\" \/>\n<meta property=\"og:site_name\" content=\"FR Schweizer Jugendfilmtage\" \/>\n<meta property=\"article:publisher\" content=\"https:\/\/www.facebook.com\/Jugendfilmtage\" \/>\n<meta property=\"article:modified_time\" content=\"2025-07-21T11:19:02+00:00\" \/>\n<meta property=\"og:image\" content=\"https:\/\/jugendfilmtage.ch\/wp-content\/uploads\/2024\/01\/C28A1116-scaled.jpg\" \/>\n\t<meta property=\"og:image:width\" content=\"2560\" \/>\n\t<meta property=\"og:image:height\" content=\"1707\" \/>\n\t<meta property=\"og:image:type\" content=\"image\/jpeg\" \/>\n<meta name=\"twitter:card\" content=\"summary_large_image\" \/>\n<meta name=\"twitter:site\" content=\"@jugendfilmtage\" \/>\n<meta name=\"twitter:label1\" content=\"Dur\u00e9e de lecture estim\u00e9e\" \/>\n\t<meta name=\"twitter:data1\" content=\"2 minutes\" \/>\n<script type=\"application\/ld+json\" class=\"yoast-schema-graph\">{\"@context\":\"https:\\\/\\\/schema.org\",\"@graph\":[{\"@type\":\"WebPage\",\"@id\":\"https:\\\/\\\/jugendfilmtage.ch\\\/fr\\\/au-cours-de-annee\\\/\",\"url\":\"https:\\\/\\\/jugendfilmtage.ch\\\/fr\\\/au-cours-de-annee\\\/\",\"name\":\"Au cours de l'ann\u00e9e - FR Schweizer Jugendfilmtage\",\"isPartOf\":{\"@id\":\"https:\\\/\\\/jugendfilmtage.ch\\\/fr\\\/#website\"},\"primaryImageOfPage\":{\"@id\":\"https:\\\/\\\/jugendfilmtage.ch\\\/fr\\\/au-cours-de-annee\\\/#primaryimage\"},\"image\":{\"@id\":\"https:\\\/\\\/jugendfilmtage.ch\\\/fr\\\/au-cours-de-annee\\\/#primaryimage\"},\"thumbnailUrl\":\"https:\\\/\\\/jugendfilmtage.ch\\\/wp-content\\\/uploads\\\/2024\\\/01\\\/C28A1116-scaled.jpg\",\"datePublished\":\"2024-10-15T13:07:05+00:00\",\"dateModified\":\"2025-07-21T11:19:02+00:00\",\"description\":\"Le Festival Cin\u00e9 Jeunesse Suisse s'engage activement en faveur des jeun\u00b7e\u00b7s talents du cin\u00e9ma, m\u00eame pendant l'ann\u00e9e.\",\"inLanguage\":\"fr-FR\",\"potentialAction\":[{\"@type\":\"ReadAction\",\"target\":[\"https:\\\/\\\/jugendfilmtage.ch\\\/fr\\\/au-cours-de-annee\\\/\"]}]},{\"@type\":\"ImageObject\",\"inLanguage\":\"fr-FR\",\"@id\":\"https:\\\/\\\/jugendfilmtage.ch\\\/fr\\\/au-cours-de-annee\\\/#primaryimage\",\"url\":\"https:\\\/\\\/jugendfilmtage.ch\\\/wp-content\\\/uploads\\\/2024\\\/01\\\/C28A1116-scaled.jpg\",\"contentUrl\":\"https:\\\/\\\/jugendfilmtage.ch\\\/wp-content\\\/uploads\\\/2024\\\/01\\\/C28A1116-scaled.jpg\"},{\"@type\":\"WebSite\",\"@id\":\"https:\\\/\\\/jugendfilmtage.ch\\\/fr\\\/#website\",\"url\":\"https:\\\/\\\/jugendfilmtage.ch\\\/fr\\\/\",\"name\":\"FR Schweizer Jugendfilmtage\",\"description\":\"FR Festival Cin\u00e9 Jeunesse Suisse\",\"potentialAction\":[{\"@type\":\"SearchAction\",\"target\":{\"@type\":\"EntryPoint\",\"urlTemplate\":\"https:\\\/\\\/jugendfilmtage.ch\\\/fr\\\/?s={search_term_string}\"},\"query-input\":{\"@type\":\"PropertyValueSpecification\",\"valueRequired\":true,\"valueName\":\"search_term_string\"}}],\"inLanguage\":\"fr-FR\"}]}<\/script>\n<!-- \/ Yoast SEO plugin. -->","yoast_head_json":{"title":"Au cours de l'ann\u00e9e - FR Schweizer Jugendfilmtage","description":"Le Festival Cin\u00e9 Jeunesse Suisse s'engage activement en faveur des jeun\u00b7e\u00b7s talents du cin\u00e9ma, m\u00eame pendant l'ann\u00e9e.","robots":{"index":"index","follow":"follow","max-snippet":"max-snippet:-1","max-image-preview":"max-image-preview:large","max-video-preview":"max-video-preview:-1"},"canonical":"https:\/\/jugendfilmtage.ch\/fr\/au-cours-de-annee\/","og_locale":"fr_FR","og_type":"article","og_title":"Au cours de l'ann\u00e9e - FR Schweizer Jugendfilmtage","og_description":"Le Festival Cin\u00e9 Jeunesse Suisse s'engage activement en faveur des jeun\u00b7e\u00b7s talents du cin\u00e9ma, m\u00eame pendant l'ann\u00e9e.","og_url":"https:\/\/jugendfilmtage.ch\/fr\/au-cours-de-annee\/","og_site_name":"FR Schweizer Jugendfilmtage","article_publisher":"https:\/\/www.facebook.com\/Jugendfilmtage","article_modified_time":"2025-07-21T11:19:02+00:00","og_image":[{"width":2560,"height":1707,"url":"https:\/\/jugendfilmtage.ch\/wp-content\/uploads\/2024\/01\/C28A1116-scaled.jpg","type":"image\/jpeg"}],"twitter_card":"summary_large_image","twitter_site":"@jugendfilmtage","twitter_misc":{"Dur\u00e9e de lecture estim\u00e9e":"2 minutes"},"schema":{"@context":"https:\/\/schema.org","@graph":[{"@type":"WebPage","@id":"https:\/\/jugendfilmtage.ch\/fr\/au-cours-de-annee\/","url":"https:\/\/jugendfilmtage.ch\/fr\/au-cours-de-annee\/","name":"Au cours de l'ann\u00e9e - FR Schweizer Jugendfilmtage","isPartOf":{"@id":"https:\/\/jugendfilmtage.ch\/fr\/#website"},"primaryImageOfPage":{"@id":"https:\/\/jugendfilmtage.ch\/fr\/au-cours-de-annee\/#primaryimage"},"image":{"@id":"https:\/\/jugendfilmtage.ch\/fr\/au-cours-de-annee\/#primaryimage"},"thumbnailUrl":"https:\/\/jugendfilmtage.ch\/wp-content\/uploads\/2024\/01\/C28A1116-scaled.jpg","datePublished":"2024-10-15T13:07:05+00:00","dateModified":"2025-07-21T11:19:02+00:00","description":"Le Festival Cin\u00e9 Jeunesse Suisse s'engage activement en faveur des jeun\u00b7e\u00b7s talents du cin\u00e9ma, m\u00eame pendant l'ann\u00e9e.","inLanguage":"fr-FR","potentialAction":[{"@type":"ReadAction","target":["https:\/\/jugendfilmtage.ch\/fr\/au-cours-de-annee\/"]}]},{"@type":"ImageObject","inLanguage":"fr-FR","@id":"https:\/\/jugendfilmtage.ch\/fr\/au-cours-de-annee\/#primaryimage","url":"https:\/\/jugendfilmtage.ch\/wp-content\/uploads\/2024\/01\/C28A1116-scaled.jpg","contentUrl":"https:\/\/jugendfilmtage.ch\/wp-content\/uploads\/2024\/01\/C28A1116-scaled.jpg"},{"@type":"WebSite","@id":"https:\/\/jugendfilmtage.ch\/fr\/#website","url":"https:\/\/jugendfilmtage.ch\/fr\/","name":"FR Schweizer Jugendfilmtage","description":"FR Festival Cin\u00e9 Jeunesse Suisse","potentialAction":[{"@type":"SearchAction","target":{"@type":"EntryPoint","urlTemplate":"https:\/\/jugendfilmtage.ch\/fr\/?s={search_term_string}"},"query-input":{"@type":"PropertyValueSpecification","valueRequired":true,"valueName":"search_term_string"}}],"inLanguage":"fr-FR"}]}},"_links":{"self":[{"href":"https:\/\/jugendfilmtage.ch\/fr\/wp-json\/wp\/v2\/pages\/18116","targetHints":{"allow":["GET"]}}],"collection":[{"href":"https:\/\/jugendfilmtage.ch\/fr\/wp-json\/wp\/v2\/pages"}],"about":[{"href":"https:\/\/jugendfilmtage.ch\/fr\/wp-json\/wp\/v2\/types\/page"}],"author":[{"embeddable":true,"href":"https:\/\/jugendfilmtage.ch\/fr\/wp-json\/wp\/v2\/users\/14"}],"replies":[{"embeddable":true,"href":"https:\/\/jugendfilmtage.ch\/fr\/wp-json\/wp\/v2\/comments?post=18116"}],"version-history":[{"count":22,"href":"https:\/\/jugendfilmtage.ch\/fr\/wp-json\/wp\/v2\/pages\/18116\/revisions"}],"predecessor-version":[{"id":43379,"href":"https:\/\/jugendfilmtage.ch\/fr\/wp-json\/wp\/v2\/pages\/18116\/revisions\/43379"}],"wp:attachment":[{"href":"https:\/\/jugendfilmtage.ch\/fr\/wp-json\/wp\/v2\/media?parent=18116"}],"curies":[{"name":"wp","href":"https:\/\/api.w.org\/{rel}","templated":true}]}}