{"id":18112,"date":"2023-06-06T10:15:37","date_gmt":"2023-06-06T08:15:37","guid":{"rendered":"https:\/\/2024.jugendfilmtage.ch\/?page_id=18112"},"modified":"2025-07-21T13:16:53","modified_gmt":"2025-07-21T11:16:53","slug":"conseils-pour-les-projets-de-film","status":"publish","type":"page","link":"https:\/\/jugendfilmtage.ch\/fr\/au-cours-de-annee\/conseils-pour-les-projets-de-film\/","title":{"rendered":"Conseils pour les projets"},"content":{"rendered":"\n<figure class=\"wp-block-image size-full\"><img loading=\"lazy\" decoding=\"async\" width=\"1166\" height=\"1050\" src=\"https:\/\/jugendfilmtage.ch\/wp-content\/uploads\/2024\/06\/Filmworkshops_Kids.png\" alt=\"Festival Cin\u00e9 Jeunesse Suisse\" class=\"wp-image-26252\" srcset=\"https:\/\/jugendfilmtage.ch\/wp-content\/uploads\/2024\/06\/Filmworkshops_Kids.png 1166w, https:\/\/jugendfilmtage.ch\/wp-content\/uploads\/2024\/06\/Filmworkshops_Kids-300x270.png 300w, https:\/\/jugendfilmtage.ch\/wp-content\/uploads\/2024\/06\/Filmworkshops_Kids-880x792.png 880w, https:\/\/jugendfilmtage.ch\/wp-content\/uploads\/2024\/06\/Filmworkshops_Kids-768x692.png 768w\" sizes=\"auto, (max-width: 1166px) 100vw, 1166px\" \/><\/figure>\n\n\n\n<h1 class=\"wp-block-heading\">Conseils pour les projets de film<\/h1>\n\n\n\n<p>Sur cette page, vous trouverez des conseils, des instruments et des ressources pour votre prochain projet de film et votre carri\u00e8re cin\u00e9matographique.<\/p>\n\n\n\n<p>Nous sommes pr\u00eats \u00e0 vous soutenez si vous en avez besoin. N\u2019h\u00e9sitez pas \u00e0 nous envoyer un e-mail : film@jugendfilmtage.ch<\/p>\n\n\n\n<p>Avez-vous un conseil \u00e0 partager avec d&rsquo;autres cin\u00e9astes ? Envoyez-nous un e-mail et aidez-nous \u00e0 enrichir cette liste !<\/p>\n\n\n\n<p><\/p>\n\n\n\n<details class=\"wp-block-details is-layout-flow wp-block-details-is-layout-flow\"><summary>Des programmes pour \u00e9crire des sc\u00e9narios<\/summary>\n<ul class=\"wp-block-list\">\n<li><strong><a href=\"https:\/\/www.celtx.com\/?utm_source=google&amp;utm_medium=paidsearch&amp;utm_campaign=2023&amp;utm_term=ScriptSoft&amp;utm_content=RES&amp;gclid=CjwKCAjwyqWkBhBMEiwAp2yUFpc1GLB3Bxu71DQCw1hz1Jo_0K-TT002MhV50cEZ983jcdEtzNAu3hoCPEIQAvD_BwE\">Celtx <\/a>:<\/strong>&nbsp;Propose une version gratuite pour l&rsquo;\u00e9criture de sc\u00e9narios et la gestion de projets.<\/li>\n\n\n\n<li><strong><a href=\"https:\/\/www.writerduet.com\/\">WriterDuet <\/a>:<\/strong>&nbsp;Un outil d&rsquo;\u00e9criture de sc\u00e9narios bas\u00e9 sur le cloud avec un plan de base gratuit.<\/li>\n\n\n\n<li><strong><a href=\"https:\/\/www.literatureandlatte.com\/scrivener\/overview\">Scrivener<\/a> :<\/strong>&nbsp;Un logiciel populaire pour les \u00e9crivains qui est \u00e9galement utile pour les sc\u00e9naristes (payant, mais souvent avec une version d&rsquo;essai disponible).<\/li>\n\n\n\n<li><strong><a href=\"https:\/\/dramaqueen.info\/dramaqueen-free-lifetime-en\/\">DramaQueen<\/a> :<\/strong>&nbsp;Un outil d&rsquo;\u00e9criture de sc\u00e9narios disponible gratuitement, avec des fonctionnalit\u00e9s sp\u00e9ciales pour la dramaturgie.<\/li>\n<\/ul>\n<\/details>\n\n\n\n<details class=\"wp-block-details is-layout-flow wp-block-details-is-layout-flow\"><summary>Son et Musique <\/summary>\n<ul class=\"wp-block-list\">\n<li><strong><a href=\"https:\/\/www.audacityteam.org\/\">Audacity<\/a> :<\/strong> Logiciel de montage audio gratuit pour le design sonore et le mixage.<\/li>\n\n\n\n<li><strong><a href=\"https:\/\/freemusicarchive.org\/\">Free Music Archive<\/a><\/strong> <strong>:<\/strong> Une ressource pour la musique libre de droits.&nbsp;<\/li>\n\n\n\n<li><strong><a href=\"https:\/\/netlabels.org\/\">Net Labels<\/a> :<\/strong> Une plateforme offrant de la musique gratuite provenant de labels ind\u00e9pendants.<\/li>\n\n\n\n<li><strong><a href=\"https:\/\/www.jamendo.com\/\">Jamendo<\/a> :<\/strong> Une plateforme musicale offrant de la musique gratuite pour des projets cr\u00e9atifs.<\/li>\n\n\n\n<li><strong><a href=\"https:\/\/www.soundfishing.eu\/\">Sound-Fishing <\/a>:<\/strong> Un site avec des effets sonores et de la musique gratuits.<\/li>\n<\/ul>\n<\/details>\n\n\n\n<details class=\"wp-block-details is-layout-flow wp-block-details-is-layout-flow\"><summary>Recherche de localit\u00e9s<\/summary>\n<p>Tu as besoin d&rsquo;aide pour trouver ton prochain lieu de tournage ? Voici quelques institutions que tu peux contacter :<\/p>\n\n\n\n<ul class=\"wp-block-list\">\n<li><strong><a href=\"http:\/\/filmzurich.ch\/en\/index.html\">Film Commission Z\u00fcrich<\/a> :<\/strong>&nbsp;Soutien dans la recherche de lieux de tournage \u00e0 Zurich et dans les environs.<\/li>\n\n\n\n<li><strong><a href=\"https:\/\/www.filmcommission-centralswitzerland.ch\/ueber-uns\">Film Commission Lucerne &amp; Central Switzerland<\/a> :<\/strong>&nbsp;Aide \u00e0 la recherche de lieux de tournage appropri\u00e9s \u00e0 Lucerne et en Suisse centrale.<\/li>\n\n\n\n<li><strong><a href=\"https:\/\/valaisfilmcommission.ch\/en\/\">Valais Film Commission<\/a> :<\/strong>&nbsp;Fournit des informations et un soutien aux cin\u00e9astes dans le Valais.<\/li>\n\n\n\n<li><strong><a href=\"https:\/\/ticinofilmcommission.ch\/en\/homepage\">Ticino Film Commission<\/a> :<\/strong>&nbsp;Soutient les cin\u00e9astes dans la recherche de lieux de tournage au Tessin.<\/li>\n<\/ul>\n<\/details>\n\n\n\n<details class=\"wp-block-details is-layout-flow wp-block-details-is-layout-flow\"><summary>Recherche d&rsquo;\u00e9quipe<\/summary>\n<p><br>Tu as une id\u00e9e de film, mais tu as besoin de personnes pour t&rsquo;aider ? Il est temps d&rsquo;organiser ton \u00e9quipe ! Voici quelques plates-formes qui te faciliteront la recherche :<\/p>\n\n\n\n<ul class=\"wp-block-list\">\n<li><strong><a href=\"https:\/\/www.ssfv.ch\/en\/crew\/crew-search?message=true&amp;language=en\">SSFV Crew <\/a><\/strong>:&nbsp;Une plateforme pour trouver une \u00e9quipe de tournage et un soutien pour votre projet en Suisse.<\/li>\n\n\n\n<li><strong><a href=\"https:\/\/tportmarket.com\/\">T-Port <\/a>:<\/strong>&nbsp;Une plateforme o\u00f9 vous pouvez d\u00e9couvrir des films et des cin\u00e9astes en dehors de la Suisse.<\/li>\n<\/ul>\n<\/details>\n\n\n\n<details class=\"wp-block-details is-layout-flow wp-block-details-is-layout-flow\"><summary>Applications pour le tournage<\/summary>\n<ul class=\"wp-block-list\">\n<li><strong><a href=\"https:\/\/www.filmicpro.com\/\">Filmic Pro<\/a><\/strong> : est une application de cam\u00e9ra professionnelle qui offre des fonctions avanc\u00e9es, comme le contr\u00f4le manuel de l&rsquo;exposition, de la mise au point et de la fr\u00e9quence d&rsquo;image. Toutefois, l&rsquo;offre est payante, mais elle est tr\u00e8s int\u00e9ressante pour les projets s\u00e9rieux.<\/li>\n\n\n\n<li><strong><a href=\"https:\/\/play.google.com\/store\/apps\/details?id=com.cyberlink.actiondirector&amp;hl=en\">Action Director <\/a>:<\/strong>&nbsp;Une application qui permet de filmer et de monter facilement. Elle propose divers effets et est parfaite pour des projets rapides et cr\u00e9atifs.<\/li>\n\n\n\n<li><strong><a href=\"https:\/\/gopro.com\/en\/us\/shop\/quik-app-video-photo-editor?srsltid=AfmBOorgWa23jt0ImbN2cgLECuD0vdPhHTwege-KlII2ElsMwHqlBt-G\">Quik <\/a>:<\/strong>&nbsp;Une application de GoPro qui cr\u00e9e automatiquement des vid\u00e9os \u00e0 partir de vos clips. Elle offre des outils de montage simples et est id\u00e9ale pour les d\u00e9butants.<\/li>\n\n\n\n<li><strong><a href=\"https:\/\/luma-touch.com\/\">LumaFusion<\/a> :<\/strong>&nbsp;Une application de montage vid\u00e9o puissante et compl\u00e8te qui offre de nombreuses fonctionnalit\u00e9s professionnelles. Elle est payante mais id\u00e9ale pour les jeunes cin\u00e9astes ambitieux.<\/li>\n\n\n\n<li><strong><a href=\"https:\/\/kinemaster.com\/en\">KineMaster<\/a> :<\/strong>&nbsp;Une application populaire et conviviale qui offre une vari\u00e9t\u00e9 de fonctionnalit\u00e9s pour le montage vid\u00e9o, y compris le montage multi-pistes et des effets. Il existe une version gratuite avec un filigrane.<\/li>\n<\/ul>\n<\/details>\n\n\n\n<details class=\"wp-block-details is-layout-flow wp-block-details-is-layout-flow\"><summary>Logiciels de montage<\/summary>\n<ul class=\"wp-block-list\">\n<li><strong><a href=\"https:\/\/www.blackmagicdesign.com\/products\/davinciresolve\">DaVinci Resolve<\/a> :<\/strong> Un logiciel de montage vid\u00e9o puissant et gratuit qui offre des outils professionnels.<\/li>\n\n\n\n<li><strong><a href=\"https:\/\/filmora.wondershare.net\/filmora-video-editor.html?gad_source=1&amp;gbraid=0AAAAADqc_oZ3ni9Q24fHIYtJ7wSB0n0ya&amp;gclid=Cj0KCQjw05i4BhDiARIsAB_2wfAwPb4n09bc9eoMqWQE03EnLO3gl5dvMcNxN54Ax0agNqYBPEsVckQaAn1GEALw_wcB\">HitFilm Express<\/a> :<\/strong> Un autre logiciel de montage gratuit avec des effets visuels.<\/li>\n<\/ul>\n<\/details>\n\n\n\n<details class=\"wp-block-details is-layout-flow wp-block-details-is-layout-flow\"><summary>Stock-Footage <\/summary>\n<ul class=\"wp-block-list\">\n<li><strong><a href=\"https:\/\/pixabay.com\/users\/pexels-2286921\/\">Pexels et Pixabay<\/a> :<\/strong> Des sites proposant des vid\u00e9os et des images libres de droits que vous pouvez utiliser dans vos projets.<br><\/li>\n<\/ul>\n<\/details>\n\n\n\n<details class=\"wp-block-details is-layout-flow wp-block-details-is-layout-flow\"><summary>Fonds pour le film<\/summary>\n<p>Tu as besoin d&rsquo;argent pour ton projet de film ? Tu peux d\u00e9poser une demande \u00e0 ces institutions :<\/p>\n\n\n\n<ul class=\"wp-block-list\">\n<li><strong>Ville de Berne :<\/strong>&nbsp;Propose le programme&nbsp;<em><a href=\"https:\/\/startstutz.ch\/\">Startstutz<\/a><\/em>&nbsp;pour soutenir les jeunes cr\u00e9ateurs.<\/li>\n\n\n\n<li><strong>Canton d&rsquo;Argovie :<\/strong> <em><a href=\"https:\/\/kulturduenger.ch\/\">Kulturd\u00fcnger<\/a><\/em>&nbsp;soutient des projets innovants dans le secteur culturel.<\/li>\n\n\n\n<li><strong>Ville \/ R\u00e9gion de B\u00e2le :<\/strong> <em><a href=\"https:\/\/www.kultur.bs.ch\/kulturprojekte\/film-und-medienkunst\/kulturpauschale.html\">Kulturpauschale<\/a> \/ <a href=\"http:\/\/www.kulturkick.ch\/\">Kulturkick<\/a><\/em>&nbsp;soutient des initiatives et projets culturels.<\/li>\n\n\n\n<li><strong>Migros-Kulturprozent :<\/strong>&nbsp;Offre le programme de soutien&nbsp;<em><a href=\"https:\/\/www.sparx-space.ch\/\">Sparx<\/a><\/em>&nbsp;pour des projets et initiatives cr\u00e9atifs.<\/li>\n<\/ul>\n<\/details>\n\n\n\n<p><\/p>\n","protected":false},"excerpt":{"rendered":"<p>Conseils pour les projets de film Sur cette page, vous trouverez des conseils, des instruments et des ressources pour votre prochain projet de film et votre carri\u00e8re cin\u00e9matographique. Nous sommes pr\u00eats \u00e0 vous soutenez si vous en avez besoin. N\u2019h\u00e9sitez pas \u00e0 nous envoyer un e-mail : film@jugendfilmtage.ch Avez-vous un conseil \u00e0 partager avec d&rsquo;autres [&hellip;]<\/p>\n","protected":false},"author":14,"featured_media":0,"parent":18116,"menu_order":0,"comment_status":"closed","ping_status":"closed","template":"","meta":{"_acf_changed":false,"footnotes":""},"class_list":["post-18112","page","type-page","status-publish","hentry"],"acf":[],"yoast_head":"<!-- This site is optimized with the Yoast SEO plugin v27.4 - https:\/\/yoast.com\/product\/yoast-seo-wordpress\/ -->\n<title>Conseils pour les projets - FR Schweizer Jugendfilmtage<\/title>\n<meta name=\"description\" content=\"Ici vous trouverez des conseils, des outils et des ressources pour votre prochain projet de film et pour votre carri\u00e8re en tant que cin\u00e9aste.\" \/>\n<meta name=\"robots\" content=\"index, follow, max-snippet:-1, max-image-preview:large, max-video-preview:-1\" \/>\n<link rel=\"canonical\" href=\"https:\/\/jugendfilmtage.ch\/fr\/au-cours-de-annee\/conseils-pour-les-projets-de-film\/\" \/>\n<meta property=\"og:locale\" content=\"fr_FR\" \/>\n<meta property=\"og:type\" content=\"article\" \/>\n<meta property=\"og:title\" content=\"Conseils pour les projets - FR Schweizer Jugendfilmtage\" \/>\n<meta property=\"og:description\" content=\"Ici vous trouverez des conseils, des outils et des ressources pour votre prochain projet de film et pour votre carri\u00e8re en tant que cin\u00e9aste.\" \/>\n<meta property=\"og:url\" content=\"https:\/\/jugendfilmtage.ch\/fr\/au-cours-de-annee\/conseils-pour-les-projets-de-film\/\" \/>\n<meta property=\"og:site_name\" content=\"FR Schweizer Jugendfilmtage\" \/>\n<meta property=\"article:publisher\" content=\"https:\/\/www.facebook.com\/Jugendfilmtage\" \/>\n<meta property=\"article:modified_time\" content=\"2025-07-21T11:16:53+00:00\" \/>\n<meta property=\"og:image\" content=\"https:\/\/jugendfilmtage.ch\/wp-content\/uploads\/2024\/06\/Filmworkshops_Kids.png\" \/>\n\t<meta property=\"og:image:width\" content=\"1166\" \/>\n\t<meta property=\"og:image:height\" content=\"1050\" \/>\n\t<meta property=\"og:image:type\" content=\"image\/png\" \/>\n<meta name=\"twitter:card\" content=\"summary_large_image\" \/>\n<meta name=\"twitter:site\" content=\"@jugendfilmtage\" \/>\n<meta name=\"twitter:label1\" content=\"Dur\u00e9e de lecture estim\u00e9e\" \/>\n\t<meta name=\"twitter:data1\" content=\"4 minutes\" \/>\n<script type=\"application\/ld+json\" class=\"yoast-schema-graph\">{\"@context\":\"https:\\\/\\\/schema.org\",\"@graph\":[{\"@type\":\"WebPage\",\"@id\":\"https:\\\/\\\/jugendfilmtage.ch\\\/fr\\\/au-cours-de-annee\\\/conseils-pour-les-projets-de-film\\\/\",\"url\":\"https:\\\/\\\/jugendfilmtage.ch\\\/fr\\\/au-cours-de-annee\\\/conseils-pour-les-projets-de-film\\\/\",\"name\":\"Conseils pour les projets - FR Schweizer Jugendfilmtage\",\"isPartOf\":{\"@id\":\"https:\\\/\\\/jugendfilmtage.ch\\\/fr\\\/#website\"},\"primaryImageOfPage\":{\"@id\":\"https:\\\/\\\/jugendfilmtage.ch\\\/fr\\\/au-cours-de-annee\\\/conseils-pour-les-projets-de-film\\\/#primaryimage\"},\"image\":{\"@id\":\"https:\\\/\\\/jugendfilmtage.ch\\\/fr\\\/au-cours-de-annee\\\/conseils-pour-les-projets-de-film\\\/#primaryimage\"},\"thumbnailUrl\":\"https:\\\/\\\/jugendfilmtage.ch\\\/wp-content\\\/uploads\\\/2024\\\/06\\\/Filmworkshops_Kids.png\",\"datePublished\":\"2023-06-06T08:15:37+00:00\",\"dateModified\":\"2025-07-21T11:16:53+00:00\",\"description\":\"Ici vous trouverez des conseils, des outils et des ressources pour votre prochain projet de film et pour votre carri\u00e8re en tant que cin\u00e9aste.\",\"breadcrumb\":{\"@id\":\"https:\\\/\\\/jugendfilmtage.ch\\\/fr\\\/au-cours-de-annee\\\/conseils-pour-les-projets-de-film\\\/#breadcrumb\"},\"inLanguage\":\"fr-FR\",\"potentialAction\":[{\"@type\":\"ReadAction\",\"target\":[\"https:\\\/\\\/jugendfilmtage.ch\\\/fr\\\/au-cours-de-annee\\\/conseils-pour-les-projets-de-film\\\/\"]}]},{\"@type\":\"ImageObject\",\"inLanguage\":\"fr-FR\",\"@id\":\"https:\\\/\\\/jugendfilmtage.ch\\\/fr\\\/au-cours-de-annee\\\/conseils-pour-les-projets-de-film\\\/#primaryimage\",\"url\":\"https:\\\/\\\/jugendfilmtage.ch\\\/wp-content\\\/uploads\\\/2024\\\/06\\\/Filmworkshops_Kids.png\",\"contentUrl\":\"https:\\\/\\\/jugendfilmtage.ch\\\/wp-content\\\/uploads\\\/2024\\\/06\\\/Filmworkshops_Kids.png\"},{\"@type\":\"BreadcrumbList\",\"@id\":\"https:\\\/\\\/jugendfilmtage.ch\\\/fr\\\/au-cours-de-annee\\\/conseils-pour-les-projets-de-film\\\/#breadcrumb\",\"itemListElement\":[{\"@type\":\"ListItem\",\"position\":1,\"name\":\"Au cours de l&#8217;ann\u00e9e\",\"item\":\"https:\\\/\\\/jugendfilmtage.ch\\\/fr\\\/au-cours-de-annee\\\/\"},{\"@type\":\"ListItem\",\"position\":2,\"name\":\"Conseils pour les projets\"}]},{\"@type\":\"WebSite\",\"@id\":\"https:\\\/\\\/jugendfilmtage.ch\\\/fr\\\/#website\",\"url\":\"https:\\\/\\\/jugendfilmtage.ch\\\/fr\\\/\",\"name\":\"FR Schweizer Jugendfilmtage\",\"description\":\"FR Festival Cin\u00e9 Jeunesse Suisse\",\"potentialAction\":[{\"@type\":\"SearchAction\",\"target\":{\"@type\":\"EntryPoint\",\"urlTemplate\":\"https:\\\/\\\/jugendfilmtage.ch\\\/fr\\\/?s={search_term_string}\"},\"query-input\":{\"@type\":\"PropertyValueSpecification\",\"valueRequired\":true,\"valueName\":\"search_term_string\"}}],\"inLanguage\":\"fr-FR\"}]}<\/script>\n<!-- \/ Yoast SEO plugin. -->","yoast_head_json":{"title":"Conseils pour les projets - FR Schweizer Jugendfilmtage","description":"Ici vous trouverez des conseils, des outils et des ressources pour votre prochain projet de film et pour votre carri\u00e8re en tant que cin\u00e9aste.","robots":{"index":"index","follow":"follow","max-snippet":"max-snippet:-1","max-image-preview":"max-image-preview:large","max-video-preview":"max-video-preview:-1"},"canonical":"https:\/\/jugendfilmtage.ch\/fr\/au-cours-de-annee\/conseils-pour-les-projets-de-film\/","og_locale":"fr_FR","og_type":"article","og_title":"Conseils pour les projets - FR Schweizer Jugendfilmtage","og_description":"Ici vous trouverez des conseils, des outils et des ressources pour votre prochain projet de film et pour votre carri\u00e8re en tant que cin\u00e9aste.","og_url":"https:\/\/jugendfilmtage.ch\/fr\/au-cours-de-annee\/conseils-pour-les-projets-de-film\/","og_site_name":"FR Schweizer Jugendfilmtage","article_publisher":"https:\/\/www.facebook.com\/Jugendfilmtage","article_modified_time":"2025-07-21T11:16:53+00:00","og_image":[{"width":1166,"height":1050,"url":"https:\/\/jugendfilmtage.ch\/wp-content\/uploads\/2024\/06\/Filmworkshops_Kids.png","type":"image\/png"}],"twitter_card":"summary_large_image","twitter_site":"@jugendfilmtage","twitter_misc":{"Dur\u00e9e de lecture estim\u00e9e":"4 minutes"},"schema":{"@context":"https:\/\/schema.org","@graph":[{"@type":"WebPage","@id":"https:\/\/jugendfilmtage.ch\/fr\/au-cours-de-annee\/conseils-pour-les-projets-de-film\/","url":"https:\/\/jugendfilmtage.ch\/fr\/au-cours-de-annee\/conseils-pour-les-projets-de-film\/","name":"Conseils pour les projets - FR Schweizer Jugendfilmtage","isPartOf":{"@id":"https:\/\/jugendfilmtage.ch\/fr\/#website"},"primaryImageOfPage":{"@id":"https:\/\/jugendfilmtage.ch\/fr\/au-cours-de-annee\/conseils-pour-les-projets-de-film\/#primaryimage"},"image":{"@id":"https:\/\/jugendfilmtage.ch\/fr\/au-cours-de-annee\/conseils-pour-les-projets-de-film\/#primaryimage"},"thumbnailUrl":"https:\/\/jugendfilmtage.ch\/wp-content\/uploads\/2024\/06\/Filmworkshops_Kids.png","datePublished":"2023-06-06T08:15:37+00:00","dateModified":"2025-07-21T11:16:53+00:00","description":"Ici vous trouverez des conseils, des outils et des ressources pour votre prochain projet de film et pour votre carri\u00e8re en tant que cin\u00e9aste.","breadcrumb":{"@id":"https:\/\/jugendfilmtage.ch\/fr\/au-cours-de-annee\/conseils-pour-les-projets-de-film\/#breadcrumb"},"inLanguage":"fr-FR","potentialAction":[{"@type":"ReadAction","target":["https:\/\/jugendfilmtage.ch\/fr\/au-cours-de-annee\/conseils-pour-les-projets-de-film\/"]}]},{"@type":"ImageObject","inLanguage":"fr-FR","@id":"https:\/\/jugendfilmtage.ch\/fr\/au-cours-de-annee\/conseils-pour-les-projets-de-film\/#primaryimage","url":"https:\/\/jugendfilmtage.ch\/wp-content\/uploads\/2024\/06\/Filmworkshops_Kids.png","contentUrl":"https:\/\/jugendfilmtage.ch\/wp-content\/uploads\/2024\/06\/Filmworkshops_Kids.png"},{"@type":"BreadcrumbList","@id":"https:\/\/jugendfilmtage.ch\/fr\/au-cours-de-annee\/conseils-pour-les-projets-de-film\/#breadcrumb","itemListElement":[{"@type":"ListItem","position":1,"name":"Au cours de l&#8217;ann\u00e9e","item":"https:\/\/jugendfilmtage.ch\/fr\/au-cours-de-annee\/"},{"@type":"ListItem","position":2,"name":"Conseils pour les projets"}]},{"@type":"WebSite","@id":"https:\/\/jugendfilmtage.ch\/fr\/#website","url":"https:\/\/jugendfilmtage.ch\/fr\/","name":"FR Schweizer Jugendfilmtage","description":"FR Festival Cin\u00e9 Jeunesse Suisse","potentialAction":[{"@type":"SearchAction","target":{"@type":"EntryPoint","urlTemplate":"https:\/\/jugendfilmtage.ch\/fr\/?s={search_term_string}"},"query-input":{"@type":"PropertyValueSpecification","valueRequired":true,"valueName":"search_term_string"}}],"inLanguage":"fr-FR"}]}},"_links":{"self":[{"href":"https:\/\/jugendfilmtage.ch\/fr\/wp-json\/wp\/v2\/pages\/18112","targetHints":{"allow":["GET"]}}],"collection":[{"href":"https:\/\/jugendfilmtage.ch\/fr\/wp-json\/wp\/v2\/pages"}],"about":[{"href":"https:\/\/jugendfilmtage.ch\/fr\/wp-json\/wp\/v2\/types\/page"}],"author":[{"embeddable":true,"href":"https:\/\/jugendfilmtage.ch\/fr\/wp-json\/wp\/v2\/users\/14"}],"replies":[{"embeddable":true,"href":"https:\/\/jugendfilmtage.ch\/fr\/wp-json\/wp\/v2\/comments?post=18112"}],"version-history":[{"count":29,"href":"https:\/\/jugendfilmtage.ch\/fr\/wp-json\/wp\/v2\/pages\/18112\/revisions"}],"predecessor-version":[{"id":43378,"href":"https:\/\/jugendfilmtage.ch\/fr\/wp-json\/wp\/v2\/pages\/18112\/revisions\/43378"}],"up":[{"embeddable":true,"href":"https:\/\/jugendfilmtage.ch\/fr\/wp-json\/wp\/v2\/pages\/18116"}],"wp:attachment":[{"href":"https:\/\/jugendfilmtage.ch\/fr\/wp-json\/wp\/v2\/media?parent=18112"}],"curies":[{"name":"wp","href":"https:\/\/api.w.org\/{rel}","templated":true}]}}