{"id":17109,"date":"2023-03-01T15:07:45","date_gmt":"2023-03-01T15:07:45","guid":{"rendered":"https:\/\/2024.jugendfilmtage.ch\/?page_id=17109"},"modified":"2024-11-20T11:50:21","modified_gmt":"2024-11-20T10:50:21","slug":"jury-2023","status":"publish","type":"page","link":"https:\/\/jugendfilmtage.ch\/fr\/archives\/festival-2023\/jury-2023\/","title":{"rendered":"Jury 2023"},"content":{"rendered":"\n<h2 class=\"wp-block-heading\">Wettbewerbsjury 2023<\/h2>\n\n\n\n<figure class=\"wp-block-image\"><img loading=\"lazy\" decoding=\"async\" width=\"272\" height=\"164\" src=\"https:\/\/jugendfilmtage.ch\/wp-content\/uploads\/2023\/02\/Bildschirmfoto-2023-02-28-um-17.34.02.png\" alt=\"\" class=\"wp-image-16742\"\/><\/figure>\n\n\n\n<p><strong>Alexandre Brul\u00e9&nbsp;<\/strong><\/p>\n\n\n\n<p>Alexandre Brul\u00e9 int\u00e8gre l\u2019\u00e9cal en 2017, o\u00f9 il suit un bachelor en r\u00e9alisation apr\u00e8s une ann\u00e9e prop\u00e9deutique. Il s\u2018int\u00e9resse \u00e0 la com\u00e9die et au cin\u00e9ma de genre, notamment avec son film Menace Miamine. Il en sort en 2021 avec son film de dipl\u00f4me Le nouveau mill\u00e9naire, diffus\u00e9 sur la RTS et premier prix au festival Upcoming Filmmakers de Lucerne. Il \u00e9crit actuellement son prochain projet de fiction, et travaille depuis 2022 comme assistant de production chez Bande \u00e0 part Films \u00e0 Lausanne, o\u00f9 il a r\u00e9cemment travaill\u00e9 sur la postproduction du dernier film de Barbet Schroeder.<\/p>\n\n\n\n<p>&nbsp;<\/p>\n\n\n\n<figure class=\"wp-block-image\"><img loading=\"lazy\" decoding=\"async\" width=\"274\" height=\"166\" src=\"https:\/\/jugendfilmtage.ch\/wp-content\/uploads\/2023\/02\/Bildschirmfoto-2023-02-28-um-17.35.01.png\" alt=\"\" class=\"wp-image-16744\"\/><\/figure>\n\n\n\n<p><strong>Rahel Bains<\/strong><\/p>\n\n\n\n<p>Rahel Bains est journaliste avec de nombreuses ann\u00e9es d\u2019exp\u00e9rience au sein de diff\u00e9rentes entreprises de m\u00e9dias. Actuellement, elle est r\u00e9dactrice en chef du magazine zurichois Ts\u00fcri.ch o\u00f9 elle s\u2018engage en faveur du journalisme culturel. Le cin\u00e9ma est un th\u00e8me r\u00e9current dans ses articles, par exemple sous forme d\u2019interviews avec des r\u00e9alisatrices, \u00e9diteurs ou cin\u00e9astes.<\/p>\n\n\n\n<p>&nbsp;<\/p>\n\n\n\n<figure class=\"wp-block-image\"><img loading=\"lazy\" decoding=\"async\" width=\"270\" height=\"166\" src=\"https:\/\/jugendfilmtage.ch\/wp-content\/uploads\/2023\/02\/Bildschirmfoto-2023-02-28-um-17.35.37.png\" alt=\"\" class=\"wp-image-16746\"\/><\/figure>\n\n\n\n<p><strong>Rhea Plangg<\/strong><\/p>\n\n\n\n<p>Suite \u00e0 des \u00e9tudes en politique, histoire contemporaine et communication ainsi qu\u2019un s\u00e9jour \u00e0 Rome, Rhea Plangg a travaill\u00e9 dans les relations publiques \u00e0 Cologne et Zurich. D\u00e8s 2012, ses recherches dans le domaine du film documentaire (dont L\u2019exp\u00e9rience Blocher) l\u2019ont conduite au cin\u00e9ma. Outre la production de courts-m\u00e9trages d\u00e8s 2015, elle travailla en tant que premi\u00e8re assistante r\u00e9alisatrice et assistante de production avant de passer au d\u00e9veloppement et \u00e0 la coproduction de longs m\u00e9trages. Parall\u00e8lement, elle a travaill\u00e9 en ind\u00e9pendante avec diff\u00e9rentes entreprises avant de fonder Lido Pictures, sa propre soci\u00e9t\u00e9, en 2021.<\/p>\n\n\n\n<p>&nbsp;<\/p>\n\n\n\n<figure class=\"wp-block-image\"><img loading=\"lazy\" decoding=\"async\" width=\"273\" height=\"166\" src=\"https:\/\/jugendfilmtage.ch\/wp-content\/uploads\/2023\/02\/Bildschirmfoto-2023-02-28-um-17.41.23.png\" alt=\"\" class=\"wp-image-16749\"\/><\/figure>\n\n\n\n<p><strong>Sarah Schiesser<\/strong><\/p>\n\n\n\n<p>Sarah Schiesser a suivi des \u00e9tudes de politique et de sciences sociales \u00e0 l\u2019Universit\u00e9 de Lausanne avant de d\u00e9crocher un master en M\u00e9dias internationaux \u00e0 l\u2019Universit\u00e9 Paris 8. En France, Sarah a demarr\u00e9 dans la production TV et web avant d\u2019int\u00e9grer l\u2019Industry Office du Festival du film de Locarno. Active depuis 2016 chez Locarno Pro, Open Doors, elle y assure actuellement la fonction de directrice adjointe du programme. Le projet encourage les cin\u00e9astes en provenance de pays o\u00f9 le cin\u00e9ma est menac\u00e9 en tant que forme d\u2019art et d\u2019expression. Depuis 2022, elle est \u00e9galement productrice junior chez Amka Film Productions.<\/p>\n\n\n\n<p>&nbsp;<\/p>\n\n\n\n<figure class=\"wp-block-image\"><img loading=\"lazy\" decoding=\"async\" width=\"272\" height=\"160\" src=\"https:\/\/jugendfilmtage.ch\/wp-content\/uploads\/2023\/02\/Bildschirmfoto-2023-02-28-um-17.42.02.png\" alt=\"\" class=\"wp-image-16751\"\/><\/figure>\n\n\n\n<p><strong>Christian Johannes Koch<\/strong><\/p>\n\n\n\n<p>R\u00e9alisateur et sc\u00e9nariste, Christian Johannes Koch et n\u00e9 en 1986 en Suisse. Suite \u00e0 des \u00e9tudes en photographie \u00e0 la Hochschule f\u00fcr Grafik und Buchkunst \u00e0 Leipzig, il \u00e9tudia la r\u00e9alisation \u00e0 la Filmuniversit\u00e4t Babelsberg KONRAD WOLF. Avec le drame social Spagat, il r\u00e9alisa son premier long m\u00e9trage en 2020; ce dernier fut pr\u00e9sent\u00e9 en premi\u00e8re mondiale \u00e0 la 68 e \u00e9dition du San Sebasti\u00e1n International Film Festival. Son dernier documentaire en date intitul\u00e9 Wir waren ir Kumpelumpelse trouve actuellement en postproduction. En 2022, il r\u00e9alisa en outre les \u00e9pisodes 5-8 de la 2e saison de la s\u00e9rie suisse Serie Neumatt.<span class=\"Apple-converted-space\">&nbsp;<\/span><\/p>\n\n\n\n<p>&nbsp;<\/p>\n\n\n\n<h2 class=\"wp-block-heading\">Jury Prix R\u00f6stigraben<\/h2>\n\n\n\n<p>Marion Raymond, Ana\u00efs Bourgogne, Janush Lucchini, Dorentina Imeri, C\u00f4me Chatelain<\/p>\n\n\n\n<p>&nbsp;<\/p>\n\n\n\n<h2 class=\"wp-block-heading\">Jury Goldenes Bergli<\/h2>\n\n\n\n<p>\u00c9tudiantes et \u00e9tudiants de la section Animation, HSLU Design &amp; Art:<br>Gian Widli, Julia Estrada, Luwam Ghebrehiwet, Dana-Elena Binica, Daniel Neto Dias, Mykolai-Illia Filevych, Flavio Fl\u00fceler, Alain Fleury, Tifany Perera, Emanuel Strehler<\/p>\n\n\n\n<p>&nbsp;<\/p>\n\n\n\n<h2 class=\"wp-block-heading\">Jury \u00ab Clap ! Clap ! \u00bb<\/h2>\n\n\n\n<p><b>Jela Hasler, <\/b>r\u00e9alisatrice, membre du comit\u00e9 Pro Short et Festival Cin\u00e9 Jeunesse Suisse<\/p>\n\n\n\n<p><b>Kilian Lilienfeld, <\/b>curateur \u00e0 l\u2018Internationale Kurzfilmtage Winterthur<\/p>\n\n\n\n<p><b>Yasmin Joerg<\/b>, Sc\u00e9nariste, r\u00e9alisatrice, monteuse repr\u00e9sent\u00e9e par Stories AG<\/p>\n","protected":false},"excerpt":{"rendered":"<p>Wettbewerbsjury 2023 Alexandre Brul\u00e9&nbsp; Alexandre Brul\u00e9 int\u00e8gre l\u2019\u00e9cal en 2017, o\u00f9 il suit un bachelor en r\u00e9alisation apr\u00e8s une ann\u00e9e prop\u00e9deutique. Il s\u2018int\u00e9resse \u00e0 la com\u00e9die et au cin\u00e9ma de genre, notamment avec son film Menace Miamine. Il en sort en 2021 avec son film de dipl\u00f4me Le nouveau mill\u00e9naire, diffus\u00e9 sur la RTS et [&hellip;]<\/p>\n","protected":false},"author":14,"featured_media":0,"parent":17966,"menu_order":2,"comment_status":"closed","ping_status":"closed","template":"","meta":{"_acf_changed":false,"footnotes":""},"class_list":["post-17109","page","type-page","status-publish","hentry"],"acf":[],"yoast_head":"<!-- This site is optimized with the Yoast SEO plugin v27.4 - https:\/\/yoast.com\/product\/yoast-seo-wordpress\/ -->\n<title>Jury 2023 - FR Schweizer Jugendfilmtage<\/title>\n<meta name=\"description\" content=\"Wettbewerbsjury 2023 Alexandre Brul\u00e9&nbsp; Alexandre Brul\u00e9 int\u00e8gre l\u2019\u00e9cal en 2017, o\u00f9 il suit un bachelor en r\u00e9alisation apr\u00e8s une ann\u00e9e prop\u00e9deutique. Il\" \/>\n<meta name=\"robots\" content=\"index, follow, max-snippet:-1, max-image-preview:large, max-video-preview:-1\" \/>\n<link rel=\"canonical\" href=\"https:\/\/jugendfilmtage.ch\/fr\/archives\/festival-2023\/jury-2023\/\" \/>\n<meta property=\"og:locale\" content=\"fr_FR\" \/>\n<meta property=\"og:type\" content=\"article\" \/>\n<meta property=\"og:title\" content=\"Jury 2023 - FR Schweizer Jugendfilmtage\" \/>\n<meta property=\"og:description\" content=\"Wettbewerbsjury 2023 Alexandre Brul\u00e9&nbsp; Alexandre Brul\u00e9 int\u00e8gre l\u2019\u00e9cal en 2017, o\u00f9 il suit un bachelor en r\u00e9alisation apr\u00e8s une ann\u00e9e prop\u00e9deutique. Il\" \/>\n<meta property=\"og:url\" content=\"https:\/\/jugendfilmtage.ch\/fr\/archives\/festival-2023\/jury-2023\/\" \/>\n<meta property=\"og:site_name\" content=\"FR Schweizer Jugendfilmtage\" \/>\n<meta property=\"article:publisher\" content=\"https:\/\/www.facebook.com\/Jugendfilmtage\" \/>\n<meta property=\"article:modified_time\" content=\"2024-11-20T10:50:21+00:00\" \/>\n<meta property=\"og:image\" content=\"https:\/\/jugendfilmtage.ch\/wp-content\/uploads\/2023\/02\/Bildschirmfoto-2023-02-28-um-17.34.02.png\" \/>\n\t<meta property=\"og:image:width\" content=\"272\" \/>\n\t<meta property=\"og:image:height\" content=\"164\" \/>\n\t<meta property=\"og:image:type\" content=\"image\/png\" \/>\n<meta name=\"twitter:card\" content=\"summary_large_image\" \/>\n<meta name=\"twitter:site\" content=\"@jugendfilmtage\" \/>\n<meta name=\"twitter:label1\" content=\"Dur\u00e9e de lecture estim\u00e9e\" \/>\n\t<meta name=\"twitter:data1\" content=\"4 minutes\" \/>\n<script type=\"application\/ld+json\" class=\"yoast-schema-graph\">{\"@context\":\"https:\\\/\\\/schema.org\",\"@graph\":[{\"@type\":\"WebPage\",\"@id\":\"https:\\\/\\\/jugendfilmtage.ch\\\/fr\\\/archives\\\/festival-2023\\\/jury-2023\\\/\",\"url\":\"https:\\\/\\\/jugendfilmtage.ch\\\/fr\\\/archives\\\/festival-2023\\\/jury-2023\\\/\",\"name\":\"Jury 2023 - FR Schweizer Jugendfilmtage\",\"isPartOf\":{\"@id\":\"https:\\\/\\\/jugendfilmtage.ch\\\/fr\\\/#website\"},\"primaryImageOfPage\":{\"@id\":\"https:\\\/\\\/jugendfilmtage.ch\\\/fr\\\/archives\\\/festival-2023\\\/jury-2023\\\/#primaryimage\"},\"image\":{\"@id\":\"https:\\\/\\\/jugendfilmtage.ch\\\/fr\\\/archives\\\/festival-2023\\\/jury-2023\\\/#primaryimage\"},\"thumbnailUrl\":\"https:\\\/\\\/jugendfilmtage.ch\\\/wp-content\\\/uploads\\\/2023\\\/02\\\/Bildschirmfoto-2023-02-28-um-17.34.02.png\",\"datePublished\":\"2023-03-01T15:07:45+00:00\",\"dateModified\":\"2024-11-20T10:50:21+00:00\",\"description\":\"Wettbewerbsjury 2023 Alexandre Brul\u00e9&nbsp; Alexandre Brul\u00e9 int\u00e8gre l\u2019\u00e9cal en 2017, o\u00f9 il suit un bachelor en r\u00e9alisation apr\u00e8s une ann\u00e9e prop\u00e9deutique. Il\",\"breadcrumb\":{\"@id\":\"https:\\\/\\\/jugendfilmtage.ch\\\/fr\\\/archives\\\/festival-2023\\\/jury-2023\\\/#breadcrumb\"},\"inLanguage\":\"fr-FR\",\"potentialAction\":[{\"@type\":\"ReadAction\",\"target\":[\"https:\\\/\\\/jugendfilmtage.ch\\\/fr\\\/archives\\\/festival-2023\\\/jury-2023\\\/\"]}]},{\"@type\":\"ImageObject\",\"inLanguage\":\"fr-FR\",\"@id\":\"https:\\\/\\\/jugendfilmtage.ch\\\/fr\\\/archives\\\/festival-2023\\\/jury-2023\\\/#primaryimage\",\"url\":\"https:\\\/\\\/jugendfilmtage.ch\\\/wp-content\\\/uploads\\\/2023\\\/02\\\/Bildschirmfoto-2023-02-28-um-17.34.02.png\",\"contentUrl\":\"https:\\\/\\\/jugendfilmtage.ch\\\/wp-content\\\/uploads\\\/2023\\\/02\\\/Bildschirmfoto-2023-02-28-um-17.34.02.png\"},{\"@type\":\"BreadcrumbList\",\"@id\":\"https:\\\/\\\/jugendfilmtage.ch\\\/fr\\\/archives\\\/festival-2023\\\/jury-2023\\\/#breadcrumb\",\"itemListElement\":[{\"@type\":\"ListItem\",\"position\":1,\"name\":\"Archive\",\"item\":\"https:\\\/\\\/jugendfilmtage.ch\\\/fr\\\/archives\\\/\"},{\"@type\":\"ListItem\",\"position\":2,\"name\":\"Festival 2023\",\"item\":\"https:\\\/\\\/jugendfilmtage.ch\\\/fr\\\/archives\\\/festival-2023\\\/\"},{\"@type\":\"ListItem\",\"position\":3,\"name\":\"Jury 2023\"}]},{\"@type\":\"WebSite\",\"@id\":\"https:\\\/\\\/jugendfilmtage.ch\\\/fr\\\/#website\",\"url\":\"https:\\\/\\\/jugendfilmtage.ch\\\/fr\\\/\",\"name\":\"FR Schweizer Jugendfilmtage\",\"description\":\"FR Festival Cin\u00e9 Jeunesse Suisse\",\"potentialAction\":[{\"@type\":\"SearchAction\",\"target\":{\"@type\":\"EntryPoint\",\"urlTemplate\":\"https:\\\/\\\/jugendfilmtage.ch\\\/fr\\\/?s={search_term_string}\"},\"query-input\":{\"@type\":\"PropertyValueSpecification\",\"valueRequired\":true,\"valueName\":\"search_term_string\"}}],\"inLanguage\":\"fr-FR\"}]}<\/script>\n<!-- \/ Yoast SEO plugin. -->","yoast_head_json":{"title":"Jury 2023 - FR Schweizer Jugendfilmtage","description":"Wettbewerbsjury 2023 Alexandre Brul\u00e9&nbsp; Alexandre Brul\u00e9 int\u00e8gre l\u2019\u00e9cal en 2017, o\u00f9 il suit un bachelor en r\u00e9alisation apr\u00e8s une ann\u00e9e prop\u00e9deutique. Il","robots":{"index":"index","follow":"follow","max-snippet":"max-snippet:-1","max-image-preview":"max-image-preview:large","max-video-preview":"max-video-preview:-1"},"canonical":"https:\/\/jugendfilmtage.ch\/fr\/archives\/festival-2023\/jury-2023\/","og_locale":"fr_FR","og_type":"article","og_title":"Jury 2023 - FR Schweizer Jugendfilmtage","og_description":"Wettbewerbsjury 2023 Alexandre Brul\u00e9&nbsp; Alexandre Brul\u00e9 int\u00e8gre l\u2019\u00e9cal en 2017, o\u00f9 il suit un bachelor en r\u00e9alisation apr\u00e8s une ann\u00e9e prop\u00e9deutique. Il","og_url":"https:\/\/jugendfilmtage.ch\/fr\/archives\/festival-2023\/jury-2023\/","og_site_name":"FR Schweizer Jugendfilmtage","article_publisher":"https:\/\/www.facebook.com\/Jugendfilmtage","article_modified_time":"2024-11-20T10:50:21+00:00","og_image":[{"width":272,"height":164,"url":"https:\/\/jugendfilmtage.ch\/wp-content\/uploads\/2023\/02\/Bildschirmfoto-2023-02-28-um-17.34.02.png","type":"image\/png"}],"twitter_card":"summary_large_image","twitter_site":"@jugendfilmtage","twitter_misc":{"Dur\u00e9e de lecture estim\u00e9e":"4 minutes"},"schema":{"@context":"https:\/\/schema.org","@graph":[{"@type":"WebPage","@id":"https:\/\/jugendfilmtage.ch\/fr\/archives\/festival-2023\/jury-2023\/","url":"https:\/\/jugendfilmtage.ch\/fr\/archives\/festival-2023\/jury-2023\/","name":"Jury 2023 - FR Schweizer Jugendfilmtage","isPartOf":{"@id":"https:\/\/jugendfilmtage.ch\/fr\/#website"},"primaryImageOfPage":{"@id":"https:\/\/jugendfilmtage.ch\/fr\/archives\/festival-2023\/jury-2023\/#primaryimage"},"image":{"@id":"https:\/\/jugendfilmtage.ch\/fr\/archives\/festival-2023\/jury-2023\/#primaryimage"},"thumbnailUrl":"https:\/\/jugendfilmtage.ch\/wp-content\/uploads\/2023\/02\/Bildschirmfoto-2023-02-28-um-17.34.02.png","datePublished":"2023-03-01T15:07:45+00:00","dateModified":"2024-11-20T10:50:21+00:00","description":"Wettbewerbsjury 2023 Alexandre Brul\u00e9&nbsp; Alexandre Brul\u00e9 int\u00e8gre l\u2019\u00e9cal en 2017, o\u00f9 il suit un bachelor en r\u00e9alisation apr\u00e8s une ann\u00e9e prop\u00e9deutique. Il","breadcrumb":{"@id":"https:\/\/jugendfilmtage.ch\/fr\/archives\/festival-2023\/jury-2023\/#breadcrumb"},"inLanguage":"fr-FR","potentialAction":[{"@type":"ReadAction","target":["https:\/\/jugendfilmtage.ch\/fr\/archives\/festival-2023\/jury-2023\/"]}]},{"@type":"ImageObject","inLanguage":"fr-FR","@id":"https:\/\/jugendfilmtage.ch\/fr\/archives\/festival-2023\/jury-2023\/#primaryimage","url":"https:\/\/jugendfilmtage.ch\/wp-content\/uploads\/2023\/02\/Bildschirmfoto-2023-02-28-um-17.34.02.png","contentUrl":"https:\/\/jugendfilmtage.ch\/wp-content\/uploads\/2023\/02\/Bildschirmfoto-2023-02-28-um-17.34.02.png"},{"@type":"BreadcrumbList","@id":"https:\/\/jugendfilmtage.ch\/fr\/archives\/festival-2023\/jury-2023\/#breadcrumb","itemListElement":[{"@type":"ListItem","position":1,"name":"Archive","item":"https:\/\/jugendfilmtage.ch\/fr\/archives\/"},{"@type":"ListItem","position":2,"name":"Festival 2023","item":"https:\/\/jugendfilmtage.ch\/fr\/archives\/festival-2023\/"},{"@type":"ListItem","position":3,"name":"Jury 2023"}]},{"@type":"WebSite","@id":"https:\/\/jugendfilmtage.ch\/fr\/#website","url":"https:\/\/jugendfilmtage.ch\/fr\/","name":"FR Schweizer Jugendfilmtage","description":"FR Festival Cin\u00e9 Jeunesse Suisse","potentialAction":[{"@type":"SearchAction","target":{"@type":"EntryPoint","urlTemplate":"https:\/\/jugendfilmtage.ch\/fr\/?s={search_term_string}"},"query-input":{"@type":"PropertyValueSpecification","valueRequired":true,"valueName":"search_term_string"}}],"inLanguage":"fr-FR"}]}},"_links":{"self":[{"href":"https:\/\/jugendfilmtage.ch\/fr\/wp-json\/wp\/v2\/pages\/17109","targetHints":{"allow":["GET"]}}],"collection":[{"href":"https:\/\/jugendfilmtage.ch\/fr\/wp-json\/wp\/v2\/pages"}],"about":[{"href":"https:\/\/jugendfilmtage.ch\/fr\/wp-json\/wp\/v2\/types\/page"}],"author":[{"embeddable":true,"href":"https:\/\/jugendfilmtage.ch\/fr\/wp-json\/wp\/v2\/users\/14"}],"replies":[{"embeddable":true,"href":"https:\/\/jugendfilmtage.ch\/fr\/wp-json\/wp\/v2\/comments?post=17109"}],"version-history":[{"count":10,"href":"https:\/\/jugendfilmtage.ch\/fr\/wp-json\/wp\/v2\/pages\/17109\/revisions"}],"predecessor-version":[{"id":27936,"href":"https:\/\/jugendfilmtage.ch\/fr\/wp-json\/wp\/v2\/pages\/17109\/revisions\/27936"}],"up":[{"embeddable":true,"href":"https:\/\/jugendfilmtage.ch\/fr\/wp-json\/wp\/v2\/pages\/17966"}],"wp:attachment":[{"href":"https:\/\/jugendfilmtage.ch\/fr\/wp-json\/wp\/v2\/media?parent=17109"}],"curies":[{"name":"wp","href":"https:\/\/api.w.org\/{rel}","templated":true}]}}